{"id":167647,"date":"2025-02-04T20:49:02","date_gmt":"2025-02-04T19:49:02","guid":{"rendered":"https:\/\/revolutionpadelstore.com\/siux-diablo-4-pro-2025\/"},"modified":"2026-04-21T02:00:52","modified_gmt":"2026-04-21T00:00:52","slug":"siux-diablo-4-pro-2025","status":"publish","type":"product","link":"https:\/\/revolutionpadelstore.com\/pt-pt\/produto\/siux-diablo-4-pro-2025\/","title":{"rendered":"SIUX DIABLO 4 PRO 2025"},"content":{"rendered":"<p><H2> <strong> Siux Diablo 4 Pro 2025 &#8211; Poder e controle em um estado puro <\/strong> <\/h2>\n<p>Descubra o <strong> Siux Diablo 4 Pro 2025 <\/strong>, uma p\u00e1 de paddle projetada para jogadores exigentes que procuram o equil\u00edbrio perfeito entre poder e controle. Sua constru\u00e7\u00e3o de <strong> carbon 18k textreme <\/strong> e seu n\u00facleo de Eva garantem uma sa\u00edda espetacular da bola, oferecendo uma experi\u00eancia profissional de jogo.<\/p>\n<p>Com uma forma m\u00e9dia e h\u00edbrida, esta p\u00e1 permite que voc\u00ea se adapte a qualquer estilo de jogo, maximizando o desempenho em cada ponto. Al\u00e9m disso, seu acabamento arenoso favorece os efeitos e aumenta o controle em golpes levantados.<br \/>\n<H2> <strong> caracter\u00edsticas do Siux Diablo 4 Pro 2025 <\/strong> <\/h2>\n<p>-superf\u00edcie de carbono 18K Textreme para maior resist\u00eancia e precis\u00e3o em cada golpe.<br \/>\n-Evo n\u00famero que fornece um toque excepcional e absorve vibra\u00e7\u00f5es.<br \/>\n-H\u00cdCRIDA E EQUILAMENTO M\u00c9DIO, Perfeito para um jogo vers\u00e1til.<br \/>\n-Anoso gritou que melhora os efeitos em cada golpe.<br \/>\n-3K Car Car Carb, que aumenta a estabilidade e a durabilidade.<br \/>\n-Isse entre 355-375 g, oferecendo gerenciamento ideal.<br \/>\n-Part da cole\u00e7\u00e3o Siux Padel 2025, sin\u00f4nimo de inova\u00e7\u00e3o e alto desempenho<\/p>\n<p><H2> <strong> Quem \u00e9 o Siux Diablo 4 Pro 2025?<br \/>\nEsta p\u00e1 \u00e9 ideal para jogadores e profissionais avan\u00e7ados que procuram um <strong> maior desempenho na pista <\/strong>. Perfeito para quem deseja dominar o jogo com golpes precisos e poderosos sem desistir do controle.<\/p>\n<p>Seu design inovador e materiais de alta qualidade o tornam uma op\u00e7\u00e3o preferida pelos jogadores mais exigentes, garantindo o m\u00e1ximo conforto e adaptabilidade em cada acerto.<br \/>\n<H2> <strong> Por que escolher o Siux Devil 4 Pro 2025 <\/strong> <\/h2>\n<p>-Desempenho de elite: a combina\u00e7\u00e3o de carbono 18k e eva oferece uma resposta impec\u00e1vel.<br \/>\n-Versatilidade total: equil\u00edbrio perfeito entre controle e poder para um jogo din\u00e2mico.<br \/>\n-Editabilidade do premium: Constru\u00e7\u00e3o refor\u00e7ada para maior resist\u00eancia em cada parte.<br \/>\n-Efeitos ampliados: seu acabamento arenoso permite que voc\u00ea realize golpes com maior rota\u00e7\u00e3o e precis\u00e3o<br \/>\nO <strong> Siux Diablo 4 Pro 2025 <\/strong> \u00e9 a p\u00e1 que redefine o jogo de profissionais. Agora dispon\u00edvel em <strong> nossa loja online <\/strong> &lt;a href = &quot;https:\/\/chatgpt.com\/g\/g-675432e026888191b6ee6d6f2fdbb15e-timization-textos\/c\/www.revoldelstore.com&quot; Possivelmente no melhor pre\u00e7o de mercado!<\/p>\n<h2><strong>Siux Diablo 4 Pro 2025 \u2013 Potencia y Control en Estado Puro<\/strong><\/p>\n","protected":false},"excerpt":{"rendered":"<p>Conhe\u00e7a a p\u00e1 <strong> Siux Diablo Pro 4 <\/strong>, perfeita para jogadores de remo que desejam um equil\u00edbrio ideal entre poder e controle.<strong>SIUX DIABLO PRO 4<\/strong><\/p>\n","protected":false},"featured_media":167600,"comment_status":"open","ping_status":"closed","template":"","meta":{"_acf_changed":false,"_joinchat":[]},"acabado":[1080],"balance":[1140],"dureza":[1155],"forma":[1185],"jugador":[1190,1200],"marca":[1305],"nivel-de-juego":[1335,1345],"superficie":[1355],"tipo-de-juego":[1385],"product_brand":[],"product_cat":[300],"product_tag":[],"class_list":{"0":"post-167647","1":"product","2":"type-product","3":"status-publish","4":"has-post-thumbnail","6":"acabado-brilho","7":"balance-medio-pt-pt","8":"dureza-media-pt-pt","9":"forma-lagrima-pt-pt","10":"jugador-homem","11":"jugador-polivalente-pt-pt","12":"marca-siux-pt-pt","13":"superficie-lisa-pt-pt","14":"tipo-de-juego-polivalente-pt-pt","15":"product_cat-palas","17":"first","18":"instock","19":"sale","20":"taxable","21":"shipping-taxable","22":"purchasable","23":"product-type-simple"},"acf":[],"yoast_head":"<!-- This site is optimized with the Yoast SEO plugin v27.4 - https:\/\/yoast.com\/product\/yoast-seo-wordpress\/ -->\n<title>SIUX DIABLO 4 PRO 2025 - Revolution Padel Store<\/title>\n<meta name=\"description\" content=\"Compra la Siux Diablo 4 Pro 2025, una pala profesional con carbono 18K Textreme y n\u00facleo EVA. Equilibrio perfecto entre potencia y control. \u00a1Entra en nuestra tienda y ll\u00e9vatela al mejor precio!\" \/>\n<meta name=\"robots\" content=\"index, follow, max-snippet:-1, max-image-preview:large, max-video-preview:-1\" \/>\n<link rel=\"canonical\" href=\"https:\/\/revolutionpadelstore.com\/pt-pt\/produto\/siux-diablo-4-pro-2025\/\" \/>\n<meta property=\"og:locale\" content=\"pt_PT\" \/>\n<meta property=\"og:type\" content=\"article\" \/>\n<meta property=\"og:title\" content=\"SIUX DIABLO 4 PRO 2025 - Revolution Padel Store\" \/>\n<meta property=\"og:description\" content=\"Compra la Siux Diablo 4 Pro 2025, una pala profesional con carbono 18K Textreme y n\u00facleo EVA. Equilibrio perfecto entre potencia y control. \u00a1Entra en nuestra tienda y ll\u00e9vatela al mejor precio!\" \/>\n<meta property=\"og:url\" content=\"https:\/\/revolutionpadelstore.com\/pt-pt\/produto\/siux-diablo-4-pro-2025\/\" \/>\n<meta property=\"og:site_name\" content=\"Revolution Padel Store\" \/>\n<meta property=\"article:modified_time\" content=\"2026-04-21T00:00:52+00:00\" \/>\n<meta property=\"og:image\" content=\"https:\/\/revolutionpadelstore.com\/wp-content\/uploads\/2025\/02\/86.png\" \/>\n\t<meta property=\"og:image:width\" content=\"1500\" \/>\n\t<meta property=\"og:image:height\" content=\"1500\" \/>\n\t<meta property=\"og:image:type\" content=\"image\/png\" \/>\n<meta name=\"twitter:card\" content=\"summary_large_image\" \/>\n<meta name=\"twitter:label1\" content=\"Tempo estimado de leitura\" \/>\n\t<meta name=\"twitter:data1\" content=\"2 minutos\" \/>\n<script type=\"application\/ld+json\" class=\"yoast-schema-graph\">{\"@context\":\"https:\\\/\\\/schema.org\",\"@graph\":[{\"@type\":\"WebPage\",\"@id\":\"https:\\\/\\\/revolutionpadelstore.com\\\/pt-pt\\\/produto\\\/siux-diablo-4-pro-2025\\\/\",\"url\":\"https:\\\/\\\/revolutionpadelstore.com\\\/pt-pt\\\/produto\\\/siux-diablo-4-pro-2025\\\/\",\"name\":\"SIUX DIABLO 4 PRO 2025 - Revolution Padel Store\",\"isPartOf\":{\"@id\":\"https:\\\/\\\/revolutionpadelstore.com\\\/pt-pt\\\/#website\"},\"primaryImageOfPage\":{\"@id\":\"https:\\\/\\\/revolutionpadelstore.com\\\/pt-pt\\\/produto\\\/siux-diablo-4-pro-2025\\\/#primaryimage\"},\"image\":{\"@id\":\"https:\\\/\\\/revolutionpadelstore.com\\\/pt-pt\\\/produto\\\/siux-diablo-4-pro-2025\\\/#primaryimage\"},\"thumbnailUrl\":\"https:\\\/\\\/revolutionpadelstore.com\\\/wp-content\\\/uploads\\\/2025\\\/02\\\/86.png\",\"datePublished\":\"2025-02-04T19:49:02+00:00\",\"dateModified\":\"2026-04-21T00:00:52+00:00\",\"description\":\"Compra la Siux Diablo 4 Pro 2025, una pala profesional con carbono 18K Textreme y n\u00facleo EVA. Equilibrio perfecto entre potencia y control. \u00a1Entra en nuestra tienda y ll\u00e9vatela al mejor precio!\",\"breadcrumb\":{\"@id\":\"https:\\\/\\\/revolutionpadelstore.com\\\/pt-pt\\\/produto\\\/siux-diablo-4-pro-2025\\\/#breadcrumb\"},\"inLanguage\":\"pt-PT\",\"potentialAction\":[{\"@type\":\"ReadAction\",\"target\":[\"https:\\\/\\\/revolutionpadelstore.com\\\/pt-pt\\\/produto\\\/siux-diablo-4-pro-2025\\\/\"]}]},{\"@type\":\"ImageObject\",\"inLanguage\":\"pt-PT\",\"@id\":\"https:\\\/\\\/revolutionpadelstore.com\\\/pt-pt\\\/produto\\\/siux-diablo-4-pro-2025\\\/#primaryimage\",\"url\":\"https:\\\/\\\/revolutionpadelstore.com\\\/wp-content\\\/uploads\\\/2025\\\/02\\\/86.png\",\"contentUrl\":\"https:\\\/\\\/revolutionpadelstore.com\\\/wp-content\\\/uploads\\\/2025\\\/02\\\/86.png\",\"width\":1500,\"height\":1500},{\"@type\":\"BreadcrumbList\",\"@id\":\"https:\\\/\\\/revolutionpadelstore.com\\\/pt-pt\\\/produto\\\/siux-diablo-4-pro-2025\\\/#breadcrumb\",\"itemListElement\":[{\"@type\":\"ListItem\",\"position\":1,\"name\":\"Portada\",\"item\":\"https:\\\/\\\/revolutionpadelstore.com\\\/pt-pt\\\/\"},{\"@type\":\"ListItem\",\"position\":2,\"name\":\"Tienda\",\"item\":\"https:\\\/\\\/revolutionpadelstore.com\\\/pt-pt\\\/tienda\\\/\"},{\"@type\":\"ListItem\",\"position\":3,\"name\":\"SIUX DIABLO 4 PRO 2025\"}]},{\"@type\":\"WebSite\",\"@id\":\"https:\\\/\\\/revolutionpadelstore.com\\\/pt-pt\\\/#website\",\"url\":\"https:\\\/\\\/revolutionpadelstore.com\\\/pt-pt\\\/\",\"name\":\"Revolution Padel Store\",\"description\":\"\",\"publisher\":{\"@id\":\"https:\\\/\\\/revolutionpadelstore.com\\\/pt-pt\\\/#organization\"},\"potentialAction\":[{\"@type\":\"SearchAction\",\"target\":{\"@type\":\"EntryPoint\",\"urlTemplate\":\"https:\\\/\\\/revolutionpadelstore.com\\\/pt-pt\\\/?s={search_term_string}\"},\"query-input\":{\"@type\":\"PropertyValueSpecification\",\"valueRequired\":true,\"valueName\":\"search_term_string\"}}],\"inLanguage\":\"pt-PT\"},{\"@type\":\"Organization\",\"@id\":\"https:\\\/\\\/revolutionpadelstore.com\\\/pt-pt\\\/#organization\",\"name\":\"Revolution Padel Store\",\"url\":\"https:\\\/\\\/revolutionpadelstore.com\\\/pt-pt\\\/\",\"logo\":{\"@type\":\"ImageObject\",\"inLanguage\":\"pt-PT\",\"@id\":\"https:\\\/\\\/revolutionpadelstore.com\\\/pt-pt\\\/#\\\/schema\\\/logo\\\/image\\\/\",\"url\":\"https:\\\/\\\/revolutionpadelstore.com\\\/wp-content\\\/uploads\\\/2026\\\/02\\\/revolution-padel-store.jpg\",\"contentUrl\":\"https:\\\/\\\/revolutionpadelstore.com\\\/wp-content\\\/uploads\\\/2026\\\/02\\\/revolution-padel-store.jpg\",\"width\":2000,\"height\":2000,\"caption\":\"Revolution Padel Store\"},\"image\":{\"@id\":\"https:\\\/\\\/revolutionpadelstore.com\\\/pt-pt\\\/#\\\/schema\\\/logo\\\/image\\\/\"},\"sameAs\":[\"https:\\\/\\\/www.instagram.com\\\/revolutionpadelstore\\\/\"]}]}<\/script>\n<!-- \/ Yoast SEO plugin. -->","yoast_head_json":{"title":"SIUX DIABLO 4 PRO 2025 - Revolution Padel Store","description":"Compra la Siux Diablo 4 Pro 2025, una pala profesional con carbono 18K Textreme y n\u00facleo EVA. Equilibrio perfecto entre potencia y control. \u00a1Entra en nuestra tienda y ll\u00e9vatela al mejor precio!","robots":{"index":"index","follow":"follow","max-snippet":"max-snippet:-1","max-image-preview":"max-image-preview:large","max-video-preview":"max-video-preview:-1"},"canonical":"https:\/\/revolutionpadelstore.com\/pt-pt\/produto\/siux-diablo-4-pro-2025\/","og_locale":"pt_PT","og_type":"article","og_title":"SIUX DIABLO 4 PRO 2025 - Revolution Padel Store","og_description":"Compra la Siux Diablo 4 Pro 2025, una pala profesional con carbono 18K Textreme y n\u00facleo EVA. Equilibrio perfecto entre potencia y control. \u00a1Entra en nuestra tienda y ll\u00e9vatela al mejor precio!","og_url":"https:\/\/revolutionpadelstore.com\/pt-pt\/produto\/siux-diablo-4-pro-2025\/","og_site_name":"Revolution Padel Store","article_modified_time":"2026-04-21T00:00:52+00:00","og_image":[{"width":1500,"height":1500,"url":"https:\/\/revolutionpadelstore.com\/wp-content\/uploads\/2025\/02\/86.png","type":"image\/png"}],"twitter_card":"summary_large_image","twitter_misc":{"Tempo estimado de leitura":"2 minutos"},"schema":{"@context":"https:\/\/schema.org","@graph":[{"@type":"WebPage","@id":"https:\/\/revolutionpadelstore.com\/pt-pt\/produto\/siux-diablo-4-pro-2025\/","url":"https:\/\/revolutionpadelstore.com\/pt-pt\/produto\/siux-diablo-4-pro-2025\/","name":"SIUX DIABLO 4 PRO 2025 - Revolution Padel Store","isPartOf":{"@id":"https:\/\/revolutionpadelstore.com\/pt-pt\/#website"},"primaryImageOfPage":{"@id":"https:\/\/revolutionpadelstore.com\/pt-pt\/produto\/siux-diablo-4-pro-2025\/#primaryimage"},"image":{"@id":"https:\/\/revolutionpadelstore.com\/pt-pt\/produto\/siux-diablo-4-pro-2025\/#primaryimage"},"thumbnailUrl":"https:\/\/revolutionpadelstore.com\/wp-content\/uploads\/2025\/02\/86.png","datePublished":"2025-02-04T19:49:02+00:00","dateModified":"2026-04-21T00:00:52+00:00","description":"Compra la Siux Diablo 4 Pro 2025, una pala profesional con carbono 18K Textreme y n\u00facleo EVA. Equilibrio perfecto entre potencia y control. \u00a1Entra en nuestra tienda y ll\u00e9vatela al mejor precio!","breadcrumb":{"@id":"https:\/\/revolutionpadelstore.com\/pt-pt\/produto\/siux-diablo-4-pro-2025\/#breadcrumb"},"inLanguage":"pt-PT","potentialAction":[{"@type":"ReadAction","target":["https:\/\/revolutionpadelstore.com\/pt-pt\/produto\/siux-diablo-4-pro-2025\/"]}]},{"@type":"ImageObject","inLanguage":"pt-PT","@id":"https:\/\/revolutionpadelstore.com\/pt-pt\/produto\/siux-diablo-4-pro-2025\/#primaryimage","url":"https:\/\/revolutionpadelstore.com\/wp-content\/uploads\/2025\/02\/86.png","contentUrl":"https:\/\/revolutionpadelstore.com\/wp-content\/uploads\/2025\/02\/86.png","width":1500,"height":1500},{"@type":"BreadcrumbList","@id":"https:\/\/revolutionpadelstore.com\/pt-pt\/produto\/siux-diablo-4-pro-2025\/#breadcrumb","itemListElement":[{"@type":"ListItem","position":1,"name":"Portada","item":"https:\/\/revolutionpadelstore.com\/pt-pt\/"},{"@type":"ListItem","position":2,"name":"Tienda","item":"https:\/\/revolutionpadelstore.com\/pt-pt\/tienda\/"},{"@type":"ListItem","position":3,"name":"SIUX DIABLO 4 PRO 2025"}]},{"@type":"WebSite","@id":"https:\/\/revolutionpadelstore.com\/pt-pt\/#website","url":"https:\/\/revolutionpadelstore.com\/pt-pt\/","name":"Revolution Padel Store","description":"","publisher":{"@id":"https:\/\/revolutionpadelstore.com\/pt-pt\/#organization"},"potentialAction":[{"@type":"SearchAction","target":{"@type":"EntryPoint","urlTemplate":"https:\/\/revolutionpadelstore.com\/pt-pt\/?s={search_term_string}"},"query-input":{"@type":"PropertyValueSpecification","valueRequired":true,"valueName":"search_term_string"}}],"inLanguage":"pt-PT"},{"@type":"Organization","@id":"https:\/\/revolutionpadelstore.com\/pt-pt\/#organization","name":"Revolution Padel Store","url":"https:\/\/revolutionpadelstore.com\/pt-pt\/","logo":{"@type":"ImageObject","inLanguage":"pt-PT","@id":"https:\/\/revolutionpadelstore.com\/pt-pt\/#\/schema\/logo\/image\/","url":"https:\/\/revolutionpadelstore.com\/wp-content\/uploads\/2026\/02\/revolution-padel-store.jpg","contentUrl":"https:\/\/revolutionpadelstore.com\/wp-content\/uploads\/2026\/02\/revolution-padel-store.jpg","width":2000,"height":2000,"caption":"Revolution Padel Store"},"image":{"@id":"https:\/\/revolutionpadelstore.com\/pt-pt\/#\/schema\/logo\/image\/"},"sameAs":["https:\/\/www.instagram.com\/revolutionpadelstore\/"]}]}},"_links":{"self":[{"href":"https:\/\/revolutionpadelstore.com\/pt-pt\/wp-json\/wp\/v2\/product\/167647","targetHints":{"allow":["GET"]}}],"collection":[{"href":"https:\/\/revolutionpadelstore.com\/pt-pt\/wp-json\/wp\/v2\/product"}],"about":[{"href":"https:\/\/revolutionpadelstore.com\/pt-pt\/wp-json\/wp\/v2\/types\/product"}],"replies":[{"embeddable":true,"href":"https:\/\/revolutionpadelstore.com\/pt-pt\/wp-json\/wp\/v2\/comments?post=167647"}],"wp:featuredmedia":[{"embeddable":true,"href":"https:\/\/revolutionpadelstore.com\/pt-pt\/wp-json\/wp\/v2\/media\/167600"}],"wp:attachment":[{"href":"https:\/\/revolutionpadelstore.com\/pt-pt\/wp-json\/wp\/v2\/media?parent=167647"}],"wp:term":[{"taxonomy":"acabado","embeddable":true,"href":"https:\/\/revolutionpadelstore.com\/pt-pt\/wp-json\/wp\/v2\/acabado?post=167647"},{"taxonomy":"balance","embeddable":true,"href":"https:\/\/revolutionpadelstore.com\/pt-pt\/wp-json\/wp\/v2\/balance?post=167647"},{"taxonomy":"dureza","embeddable":true,"href":"https:\/\/revolutionpadelstore.com\/pt-pt\/wp-json\/wp\/v2\/dureza?post=167647"},{"taxonomy":"forma","embeddable":true,"href":"https:\/\/revolutionpadelstore.com\/pt-pt\/wp-json\/wp\/v2\/forma?post=167647"},{"taxonomy":"jugador","embeddable":true,"href":"https:\/\/revolutionpadelstore.com\/pt-pt\/wp-json\/wp\/v2\/jugador?post=167647"},{"taxonomy":"marca","embeddable":true,"href":"https:\/\/revolutionpadelstore.com\/pt-pt\/wp-json\/wp\/v2\/marca?post=167647"},{"taxonomy":"nivel-de-juego","embeddable":true,"href":"https:\/\/revolutionpadelstore.com\/pt-pt\/wp-json\/wp\/v2\/nivel-de-juego?post=167647"},{"taxonomy":"superficie","embeddable":true,"href":"https:\/\/revolutionpadelstore.com\/pt-pt\/wp-json\/wp\/v2\/superficie?post=167647"},{"taxonomy":"tipo-de-juego","embeddable":true,"href":"https:\/\/revolutionpadelstore.com\/pt-pt\/wp-json\/wp\/v2\/tipo-de-juego?post=167647"},{"taxonomy":"product_brand","embeddable":true,"href":"https:\/\/revolutionpadelstore.com\/pt-pt\/wp-json\/wp\/v2\/product_brand?post=167647"},{"taxonomy":"product_cat","embeddable":true,"href":"https:\/\/revolutionpadelstore.com\/pt-pt\/wp-json\/wp\/v2\/product_cat?post=167647"},{"taxonomy":"product_tag","embeddable":true,"href":"https:\/\/revolutionpadelstore.com\/pt-pt\/wp-json\/wp\/v2\/product_tag?post=167647"}],"curies":[{"name":"wp","href":"https:\/\/api.w.org\/{rel}","templated":true}]}}