{"id":167580,"date":"2025-02-04T19:35:03","date_gmt":"2025-02-04T18:35:03","guid":{"rendered":"https:\/\/revolutionpadelstore.com\/siux-valkiria-pro\/"},"modified":"2026-04-03T02:00:40","modified_gmt":"2026-04-03T00:00:40","slug":"siux-valkiria-pro-5","status":"publish","type":"product","link":"https:\/\/revolutionpadelstore.com\/pt-pt\/produto\/siux-valkiria-pro-5\/","title":{"rendered":"SIUX VALKIRIA PRO"},"content":{"rendered":"<p><H2> Siux Valkiria Pro 2025 &#8211; Poder e controle para jogadores profissionais <\/h2>\n<p>O <strong> Siux Valkiria Pro 2025 <\/strong> \u00e9 uma p\u00e1 de paddle de alto desempenho projetada para jogadores que procuram um equil\u00edbrio perfeito entre <strong> poder e controle <\/strong>. Com um design sofisticado em <strong> azul e branco com um acabamento brilhante <\/strong>, esta p\u00e1 se destaca tanto por sua est\u00e9tica quanto de suas tecnologias avan\u00e7adas. Seu formato h\u00edbrido e m\u00e9dio equil\u00edbrio garantem excelente manobrabilidade e versatilidade na pista, tornando -a a escolha ideal para jogadores de n\u00edvel profissional que desejam dominar todos os aspectos do jogo.<br \/>\n<H2> desempenho m\u00e1ximo para jogadores exigentes <\/h2>\n<p>Destinado a jogadores <strong> profissionais ou avan\u00e7ados <\/strong>, o <strong> Siux Valkiria Pro 2025 <\/strong> oferece uma combina\u00e7\u00e3o \u00fanica de poder explosivo e controle excepcional <\/strong>. Sua fabrica\u00e7\u00e3o em <strong> 3k carbono e superf\u00edcie 24K aluminizada <\/strong> fornece uma resposta firme e est\u00e1vel em cada golpe, otimizando o desempenho tanto em defesa quanto de ataque.<\/p>\n<p>Gra\u00e7as ao seu toque m\u00e9dio, ele permite uma adapta\u00e7\u00e3o perfeita a diferentes estilos de jogo, facilitando transi\u00e7\u00f5es r\u00e1pidas entre golpes de precis\u00e3o e leil\u00f5es fortes.<br \/>\n<H2> Caracter\u00edsticas e tecnologias do Siux Valkiria Pro 2025 <\/h2>\n<p><P>-N\u00edvel de jogo: Profissional<br \/>\n-Type of Play: Vers\u00e1til (controle e poder)<br \/>\n-Form: balan\u00e7o h\u00edbrido entre ataque e defesa<br \/>\n-Nucole: Soft Eva -Soft Touch e excelente tomada de bola<br \/>\n-Falan\u00e7o: estabilidade e manobrabilidade m\u00e9dio -ideais<br \/>\n-Superficie: resist\u00eancia e efeito aluminizados de 24k sobre os golpes<br \/>\n-Material do tubular: 3K -Excurabilidade e rigidez do carbono<br \/>\n-Ewake: BLIGHTNENS -Modern Blue and White Design<br \/>\n-Tacto: M\u00e9dia -sensa\u00e7\u00e3o perfeita em cada golpe <\/p>\n<p>&lt;In<br \/>\nSe voc\u00ea est\u00e1 procurando uma p\u00e1 vers\u00e1til, poderosa e de alta qualidade <\/strong>, a <strong> Siux Valkiria Pro 2025 <\/strong> \u00e9 a melhor op\u00e7\u00e3o para aumentar seu n\u00edvel de jogo. Perfeito para jogadores que procuram desempenho excepcional em cada jogo.<\/p>\n<p><strong> Compre o Siux Valkiria Pro 2025 em nossa loja on -line <a href=\"https:\/\/www.revolutionpadelstore.com\/\"> Revolution Padel Store <\/a> Com o melhor pre\u00e7o de mercado. N\u00e3o fique sem o seu! <\/strong><\/p>\n","protected":false},"excerpt":{"rendered":"<p>Conhe\u00e7a o Siux Valkiria Pro 2025, uma p\u00e1 de alto desempenho e versatilidade, feita com 3K de carbono e uma superf\u00edcie aluminizada de 24k. Precis\u00e3o e controle ao m\u00e1ximo!<\/p>\n","protected":false},"featured_media":167545,"comment_status":"open","ping_status":"closed","template":"","meta":{"_acf_changed":false,"_joinchat":[]},"acabado":[1080],"balance":[1140],"dureza":[1155],"forma":[1175],"jugador":[1195],"marca":[1305],"nivel-de-juego":[1335,1345],"superficie":[],"tipo-de-juego":[1385],"product_brand":[],"product_cat":[300],"product_tag":[],"class_list":{"0":"post-167580","1":"product","2":"type-product","3":"status-publish","4":"has-post-thumbnail","6":"acabado-brilho","7":"balance-medio-pt-pt","8":"dureza-media-pt-pt","9":"forma-hibrido","10":"jugador-mulher","11":"marca-siux-pt-pt","12":"tipo-de-juego-polivalente-pt-pt","13":"product_cat-palas","15":"first","16":"instock","17":"sale","18":"taxable","19":"shipping-taxable","20":"purchasable","21":"product-type-simple"},"acf":[],"yoast_head":"<!-- This site is optimized with the Yoast SEO plugin v27.3 - https:\/\/yoast.com\/product\/yoast-seo-wordpress\/ -->\n<title>SIUX VALKIRIA PRO - Revolution Padel Store<\/title>\n<meta name=\"description\" content=\"Descubre la Siux Valkiria Pro 2025, una pala h\u00edbrida de alto rendimiento para jugadoras profesionales. Potencia, control y dise\u00f1o exclusivo. Compra online al mejor preci\" \/>\n<meta name=\"robots\" content=\"index, follow, max-snippet:-1, max-image-preview:large, max-video-preview:-1\" \/>\n<link rel=\"canonical\" href=\"https:\/\/revolutionpadelstore.com\/pt-pt\/produto\/siux-valkiria-pro-5\/\" \/>\n<meta property=\"og:locale\" content=\"pt_PT\" \/>\n<meta property=\"og:type\" content=\"article\" \/>\n<meta property=\"og:title\" content=\"SIUX VALKIRIA PRO - Revolution Padel Store\" \/>\n<meta property=\"og:description\" content=\"Descubre la Siux Valkiria Pro 2025, una pala h\u00edbrida de alto rendimiento para jugadoras profesionales. Potencia, control y dise\u00f1o exclusivo. Compra online al mejor preci\" \/>\n<meta property=\"og:url\" content=\"https:\/\/revolutionpadelstore.com\/pt-pt\/produto\/siux-valkiria-pro-5\/\" \/>\n<meta property=\"og:site_name\" content=\"Revolution Padel Store\" \/>\n<meta property=\"article:modified_time\" content=\"2026-04-03T00:00:40+00:00\" \/>\n<meta property=\"og:image\" content=\"https:\/\/revolutionpadelstore.com\/wp-content\/uploads\/2025\/02\/94.png\" \/>\n\t<meta property=\"og:image:width\" content=\"1500\" \/>\n\t<meta property=\"og:image:height\" content=\"1500\" \/>\n\t<meta property=\"og:image:type\" content=\"image\/png\" \/>\n<meta name=\"twitter:card\" content=\"summary_large_image\" \/>\n<meta name=\"twitter:label1\" content=\"Tempo estimado de leitura\" \/>\n\t<meta name=\"twitter:data1\" content=\"2 minutos\" \/>\n<script type=\"application\/ld+json\" class=\"yoast-schema-graph\">{\"@context\":\"https:\\\/\\\/schema.org\",\"@graph\":[{\"@type\":\"WebPage\",\"@id\":\"https:\\\/\\\/revolutionpadelstore.com\\\/pt-pt\\\/produto\\\/siux-valkiria-pro-5\\\/\",\"url\":\"https:\\\/\\\/revolutionpadelstore.com\\\/pt-pt\\\/produto\\\/siux-valkiria-pro-5\\\/\",\"name\":\"SIUX VALKIRIA PRO - Revolution Padel Store\",\"isPartOf\":{\"@id\":\"https:\\\/\\\/revolutionpadelstore.com\\\/pt-pt\\\/#website\"},\"primaryImageOfPage\":{\"@id\":\"https:\\\/\\\/revolutionpadelstore.com\\\/pt-pt\\\/produto\\\/siux-valkiria-pro-5\\\/#primaryimage\"},\"image\":{\"@id\":\"https:\\\/\\\/revolutionpadelstore.com\\\/pt-pt\\\/produto\\\/siux-valkiria-pro-5\\\/#primaryimage\"},\"thumbnailUrl\":\"https:\\\/\\\/revolutionpadelstore.com\\\/wp-content\\\/uploads\\\/2025\\\/02\\\/94.png\",\"datePublished\":\"2025-02-04T18:35:03+00:00\",\"dateModified\":\"2026-04-03T00:00:40+00:00\",\"description\":\"Descubre la Siux Valkiria Pro 2025, una pala h\u00edbrida de alto rendimiento para jugadoras profesionales. Potencia, control y dise\u00f1o exclusivo. Compra online al mejor preci\",\"breadcrumb\":{\"@id\":\"https:\\\/\\\/revolutionpadelstore.com\\\/pt-pt\\\/produto\\\/siux-valkiria-pro-5\\\/#breadcrumb\"},\"inLanguage\":\"pt-PT\",\"potentialAction\":[{\"@type\":\"ReadAction\",\"target\":[\"https:\\\/\\\/revolutionpadelstore.com\\\/pt-pt\\\/produto\\\/siux-valkiria-pro-5\\\/\"]}]},{\"@type\":\"ImageObject\",\"inLanguage\":\"pt-PT\",\"@id\":\"https:\\\/\\\/revolutionpadelstore.com\\\/pt-pt\\\/produto\\\/siux-valkiria-pro-5\\\/#primaryimage\",\"url\":\"https:\\\/\\\/revolutionpadelstore.com\\\/wp-content\\\/uploads\\\/2025\\\/02\\\/94.png\",\"contentUrl\":\"https:\\\/\\\/revolutionpadelstore.com\\\/wp-content\\\/uploads\\\/2025\\\/02\\\/94.png\",\"width\":1500,\"height\":1500},{\"@type\":\"BreadcrumbList\",\"@id\":\"https:\\\/\\\/revolutionpadelstore.com\\\/pt-pt\\\/produto\\\/siux-valkiria-pro-5\\\/#breadcrumb\",\"itemListElement\":[{\"@type\":\"ListItem\",\"position\":1,\"name\":\"Portada\",\"item\":\"https:\\\/\\\/revolutionpadelstore.com\\\/pt-pt\\\/\"},{\"@type\":\"ListItem\",\"position\":2,\"name\":\"Tienda\",\"item\":\"https:\\\/\\\/revolutionpadelstore.com\\\/pt-pt\\\/tienda\\\/\"},{\"@type\":\"ListItem\",\"position\":3,\"name\":\"SIUX VALKIRIA PRO\"}]},{\"@type\":\"WebSite\",\"@id\":\"https:\\\/\\\/revolutionpadelstore.com\\\/pt-pt\\\/#website\",\"url\":\"https:\\\/\\\/revolutionpadelstore.com\\\/pt-pt\\\/\",\"name\":\"Revolution Padel Store\",\"description\":\"\",\"publisher\":{\"@id\":\"https:\\\/\\\/revolutionpadelstore.com\\\/pt-pt\\\/#organization\"},\"potentialAction\":[{\"@type\":\"SearchAction\",\"target\":{\"@type\":\"EntryPoint\",\"urlTemplate\":\"https:\\\/\\\/revolutionpadelstore.com\\\/pt-pt\\\/?s={search_term_string}\"},\"query-input\":{\"@type\":\"PropertyValueSpecification\",\"valueRequired\":true,\"valueName\":\"search_term_string\"}}],\"inLanguage\":\"pt-PT\"},{\"@type\":\"Organization\",\"@id\":\"https:\\\/\\\/revolutionpadelstore.com\\\/pt-pt\\\/#organization\",\"name\":\"Revolution Padel Store\",\"url\":\"https:\\\/\\\/revolutionpadelstore.com\\\/pt-pt\\\/\",\"logo\":{\"@type\":\"ImageObject\",\"inLanguage\":\"pt-PT\",\"@id\":\"https:\\\/\\\/revolutionpadelstore.com\\\/pt-pt\\\/#\\\/schema\\\/logo\\\/image\\\/\",\"url\":\"https:\\\/\\\/revolutionpadelstore.com\\\/wp-content\\\/uploads\\\/2026\\\/02\\\/revolution-padel-store.jpg\",\"contentUrl\":\"https:\\\/\\\/revolutionpadelstore.com\\\/wp-content\\\/uploads\\\/2026\\\/02\\\/revolution-padel-store.jpg\",\"width\":2000,\"height\":2000,\"caption\":\"Revolution Padel Store\"},\"image\":{\"@id\":\"https:\\\/\\\/revolutionpadelstore.com\\\/pt-pt\\\/#\\\/schema\\\/logo\\\/image\\\/\"},\"sameAs\":[\"https:\\\/\\\/www.instagram.com\\\/revolutionpadelstore\\\/\"]}]}<\/script>\n<!-- \/ Yoast SEO plugin. -->","yoast_head_json":{"title":"SIUX VALKIRIA PRO - Revolution Padel Store","description":"Descubre la Siux Valkiria Pro 2025, una pala h\u00edbrida de alto rendimiento para jugadoras profesionales. Potencia, control y dise\u00f1o exclusivo. Compra online al mejor preci","robots":{"index":"index","follow":"follow","max-snippet":"max-snippet:-1","max-image-preview":"max-image-preview:large","max-video-preview":"max-video-preview:-1"},"canonical":"https:\/\/revolutionpadelstore.com\/pt-pt\/produto\/siux-valkiria-pro-5\/","og_locale":"pt_PT","og_type":"article","og_title":"SIUX VALKIRIA PRO - Revolution Padel Store","og_description":"Descubre la Siux Valkiria Pro 2025, una pala h\u00edbrida de alto rendimiento para jugadoras profesionales. Potencia, control y dise\u00f1o exclusivo. Compra online al mejor preci","og_url":"https:\/\/revolutionpadelstore.com\/pt-pt\/produto\/siux-valkiria-pro-5\/","og_site_name":"Revolution Padel Store","article_modified_time":"2026-04-03T00:00:40+00:00","og_image":[{"width":1500,"height":1500,"url":"https:\/\/revolutionpadelstore.com\/wp-content\/uploads\/2025\/02\/94.png","type":"image\/png"}],"twitter_card":"summary_large_image","twitter_misc":{"Tempo estimado de leitura":"2 minutos"},"schema":{"@context":"https:\/\/schema.org","@graph":[{"@type":"WebPage","@id":"https:\/\/revolutionpadelstore.com\/pt-pt\/produto\/siux-valkiria-pro-5\/","url":"https:\/\/revolutionpadelstore.com\/pt-pt\/produto\/siux-valkiria-pro-5\/","name":"SIUX VALKIRIA PRO - Revolution Padel Store","isPartOf":{"@id":"https:\/\/revolutionpadelstore.com\/pt-pt\/#website"},"primaryImageOfPage":{"@id":"https:\/\/revolutionpadelstore.com\/pt-pt\/produto\/siux-valkiria-pro-5\/#primaryimage"},"image":{"@id":"https:\/\/revolutionpadelstore.com\/pt-pt\/produto\/siux-valkiria-pro-5\/#primaryimage"},"thumbnailUrl":"https:\/\/revolutionpadelstore.com\/wp-content\/uploads\/2025\/02\/94.png","datePublished":"2025-02-04T18:35:03+00:00","dateModified":"2026-04-03T00:00:40+00:00","description":"Descubre la Siux Valkiria Pro 2025, una pala h\u00edbrida de alto rendimiento para jugadoras profesionales. Potencia, control y dise\u00f1o exclusivo. Compra online al mejor preci","breadcrumb":{"@id":"https:\/\/revolutionpadelstore.com\/pt-pt\/produto\/siux-valkiria-pro-5\/#breadcrumb"},"inLanguage":"pt-PT","potentialAction":[{"@type":"ReadAction","target":["https:\/\/revolutionpadelstore.com\/pt-pt\/produto\/siux-valkiria-pro-5\/"]}]},{"@type":"ImageObject","inLanguage":"pt-PT","@id":"https:\/\/revolutionpadelstore.com\/pt-pt\/produto\/siux-valkiria-pro-5\/#primaryimage","url":"https:\/\/revolutionpadelstore.com\/wp-content\/uploads\/2025\/02\/94.png","contentUrl":"https:\/\/revolutionpadelstore.com\/wp-content\/uploads\/2025\/02\/94.png","width":1500,"height":1500},{"@type":"BreadcrumbList","@id":"https:\/\/revolutionpadelstore.com\/pt-pt\/produto\/siux-valkiria-pro-5\/#breadcrumb","itemListElement":[{"@type":"ListItem","position":1,"name":"Portada","item":"https:\/\/revolutionpadelstore.com\/pt-pt\/"},{"@type":"ListItem","position":2,"name":"Tienda","item":"https:\/\/revolutionpadelstore.com\/pt-pt\/tienda\/"},{"@type":"ListItem","position":3,"name":"SIUX VALKIRIA PRO"}]},{"@type":"WebSite","@id":"https:\/\/revolutionpadelstore.com\/pt-pt\/#website","url":"https:\/\/revolutionpadelstore.com\/pt-pt\/","name":"Revolution Padel Store","description":"","publisher":{"@id":"https:\/\/revolutionpadelstore.com\/pt-pt\/#organization"},"potentialAction":[{"@type":"SearchAction","target":{"@type":"EntryPoint","urlTemplate":"https:\/\/revolutionpadelstore.com\/pt-pt\/?s={search_term_string}"},"query-input":{"@type":"PropertyValueSpecification","valueRequired":true,"valueName":"search_term_string"}}],"inLanguage":"pt-PT"},{"@type":"Organization","@id":"https:\/\/revolutionpadelstore.com\/pt-pt\/#organization","name":"Revolution Padel Store","url":"https:\/\/revolutionpadelstore.com\/pt-pt\/","logo":{"@type":"ImageObject","inLanguage":"pt-PT","@id":"https:\/\/revolutionpadelstore.com\/pt-pt\/#\/schema\/logo\/image\/","url":"https:\/\/revolutionpadelstore.com\/wp-content\/uploads\/2026\/02\/revolution-padel-store.jpg","contentUrl":"https:\/\/revolutionpadelstore.com\/wp-content\/uploads\/2026\/02\/revolution-padel-store.jpg","width":2000,"height":2000,"caption":"Revolution Padel Store"},"image":{"@id":"https:\/\/revolutionpadelstore.com\/pt-pt\/#\/schema\/logo\/image\/"},"sameAs":["https:\/\/www.instagram.com\/revolutionpadelstore\/"]}]}},"_links":{"self":[{"href":"https:\/\/revolutionpadelstore.com\/pt-pt\/wp-json\/wp\/v2\/product\/167580","targetHints":{"allow":["GET"]}}],"collection":[{"href":"https:\/\/revolutionpadelstore.com\/pt-pt\/wp-json\/wp\/v2\/product"}],"about":[{"href":"https:\/\/revolutionpadelstore.com\/pt-pt\/wp-json\/wp\/v2\/types\/product"}],"replies":[{"embeddable":true,"href":"https:\/\/revolutionpadelstore.com\/pt-pt\/wp-json\/wp\/v2\/comments?post=167580"}],"wp:featuredmedia":[{"embeddable":true,"href":"https:\/\/revolutionpadelstore.com\/pt-pt\/wp-json\/wp\/v2\/media\/167545"}],"wp:attachment":[{"href":"https:\/\/revolutionpadelstore.com\/pt-pt\/wp-json\/wp\/v2\/media?parent=167580"}],"wp:term":[{"taxonomy":"acabado","embeddable":true,"href":"https:\/\/revolutionpadelstore.com\/pt-pt\/wp-json\/wp\/v2\/acabado?post=167580"},{"taxonomy":"balance","embeddable":true,"href":"https:\/\/revolutionpadelstore.com\/pt-pt\/wp-json\/wp\/v2\/balance?post=167580"},{"taxonomy":"dureza","embeddable":true,"href":"https:\/\/revolutionpadelstore.com\/pt-pt\/wp-json\/wp\/v2\/dureza?post=167580"},{"taxonomy":"forma","embeddable":true,"href":"https:\/\/revolutionpadelstore.com\/pt-pt\/wp-json\/wp\/v2\/forma?post=167580"},{"taxonomy":"jugador","embeddable":true,"href":"https:\/\/revolutionpadelstore.com\/pt-pt\/wp-json\/wp\/v2\/jugador?post=167580"},{"taxonomy":"marca","embeddable":true,"href":"https:\/\/revolutionpadelstore.com\/pt-pt\/wp-json\/wp\/v2\/marca?post=167580"},{"taxonomy":"nivel-de-juego","embeddable":true,"href":"https:\/\/revolutionpadelstore.com\/pt-pt\/wp-json\/wp\/v2\/nivel-de-juego?post=167580"},{"taxonomy":"superficie","embeddable":true,"href":"https:\/\/revolutionpadelstore.com\/pt-pt\/wp-json\/wp\/v2\/superficie?post=167580"},{"taxonomy":"tipo-de-juego","embeddable":true,"href":"https:\/\/revolutionpadelstore.com\/pt-pt\/wp-json\/wp\/v2\/tipo-de-juego?post=167580"},{"taxonomy":"product_brand","embeddable":true,"href":"https:\/\/revolutionpadelstore.com\/pt-pt\/wp-json\/wp\/v2\/product_brand?post=167580"},{"taxonomy":"product_cat","embeddable":true,"href":"https:\/\/revolutionpadelstore.com\/pt-pt\/wp-json\/wp\/v2\/product_cat?post=167580"},{"taxonomy":"product_tag","embeddable":true,"href":"https:\/\/revolutionpadelstore.com\/pt-pt\/wp-json\/wp\/v2\/product_tag?post=167580"}],"curies":[{"name":"wp","href":"https:\/\/api.w.org\/{rel}","templated":true}]}}