{"id":16318,"date":"2024-04-22T15:23:34","date_gmt":"2024-04-22T13:23:34","guid":{"rendered":"https:\/\/revolutionpadelstore.com\/zapatillas-wilson-hurakn-2-0-blanco-oro-coral\/"},"modified":"2026-04-01T09:12:21","modified_gmt":"2026-04-01T07:12:21","slug":"zapatillas-wilson-hurakn-2-0-blanco-oro-coral-5","status":"publish","type":"product","link":"https:\/\/revolutionpadelstore.com\/pt-pt\/produto\/zapatillas-wilson-hurakn-2-0-blanco-oro-coral-5\/","title":{"rendered":"Zapatillas Wilson Hurakn 2.0 Blanco Oro Coral"},"content":{"rendered":"<p>Procura um cal\u00e7ado que lhe proporcione conforto, estabilidade e que tamb\u00e9m seja sustent\u00e1vel? A Revolution Padel Store tem a solu\u00e7\u00e3o perfeita para voc\u00ea com os cal\u00e7ados Wilson Hurakn 2.0! Projetados especificamente para a quadra de paddle, esses cal\u00e7ados oferecem os reflexos r\u00e1pidos necess\u00e1rios para alcan\u00e7ar cada bola com agilidade. Gra\u00e7as \u00e0 sola e entressola com tecnologia Pro Torque Chassis, voc\u00ea pode correr de um lado a outro da quadra com estabilidade adicional e suporte de arco para os p\u00e9s. Mas n\u00e3o \u00e9 tudo, estes t\u00e9nis tamb\u00e9m s\u00e3o amigos do ambiente, pois s\u00e3o feitos com materiais de arame pl\u00e1stico reciclado. Assim voc\u00ea pode salvar o planeta enquanto desfruta de um desempenho de alta qualidade na pista!<\/p>\n<p> A espuma Fused 8 e a tecnologia Optimum Grip na sola proporcionam uma capacidade de resposta sustent\u00e1vel e um movimento ideal na parte superior. Al\u00e9m disso, a tecnologia Pro Torque Chassis Light lhe dar\u00e1 velocidade, estabilidade e flexibilidade em cada movimento. A queda de 9 mm do calcanhar aos dedos, juntamente com a entressola em EVA, garantem uma sensa\u00e7\u00e3o de amortecimento e um compromisso perfeito entre conforto e desempenho.<\/p>\n<p> Mas n\u00e3o s\u00f3 isso, a sola projetada biomecanicamente com desenhos de v\u00f3rtice no antep\u00e9 e no calcanhar permitir\u00e1 girar e girar em todas as dire\u00e7\u00f5es na quadra de padel. E para garantir uma experi\u00eancia de m\u00e1ximo conforto, a palmilha recortada OrthoLite oferece excelente suporte e conforto. E claro, n\u00e3o podemos esquecer a resist\u00eancia \u00e0 abras\u00e3o e a m\u00e1xima tra\u00e7\u00e3o em todas as superf\u00edcies gra\u00e7as \u00e0 tecnologia Duralast.<\/p>\n<p> Em resumo, os cal\u00e7ados Wilson Hurakn 2.0 s\u00e3o a escolha perfeita para quem busca um desempenho excepcional na quadra de padel, sem descuidar do conforto,<\/p>\n","protected":false},"excerpt":{"rendered":"<p>Descubra os cal\u00e7ados Wilson Hurakn 2.0 na Revolution Padel Store. Projetado para desempenho ideal na pista e amig\u00e1vel ao meio ambiente.<\/p>\n","protected":false},"featured_media":42355,"comment_status":"closed","ping_status":"closed","template":"","meta":{"_acf_changed":false,"_joinchat":[]},"acabado":[],"balance":[],"dureza":[],"forma":[],"jugador":[1190],"marca":[1265],"nivel-de-juego":[1335,1340,1345],"superficie":[],"tipo-de-juego":[1370,1375],"product_brand":[],"product_cat":[401],"product_tag":[],"class_list":{"0":"post-16318","1":"product","2":"type-product","3":"status-publish","4":"has-post-thumbnail","6":"jugador-homem","7":"marca-wilson-pt-pt","8":"tipo-de-juego-controle","9":"tipo-de-juego-poder","10":"product_cat-tenis-masculino","12":"first","13":"outofstock","14":"sale","15":"taxable","16":"shipping-taxable","17":"purchasable","18":"product-type-variable"},"acf":[],"yoast_head":"<!-- This site is optimized with the Yoast SEO plugin v27.3 - https:\/\/yoast.com\/product\/yoast-seo-wordpress\/ -->\n<title>Zapatillas Wilson Hurakn 2.0 Blanco Oro Coral - Revolution Padel Store<\/title>\n<meta name=\"description\" content=\"Descubre las zapatillas Wilson Hurakn 2.0 en Revolution Padel Store. Dise\u00f1adas para un rendimiento \u00f3ptimo en la pista y amigables con el medio ambiente.\" \/>\n<meta name=\"robots\" content=\"index, follow, max-snippet:-1, max-image-preview:large, max-video-preview:-1\" \/>\n<link rel=\"canonical\" href=\"https:\/\/revolutionpadelstore.com\/pt-pt\/produto\/zapatillas-wilson-hurakn-2-0-blanco-oro-coral-5\/\" \/>\n<meta property=\"og:locale\" content=\"pt_PT\" \/>\n<meta property=\"og:type\" content=\"article\" \/>\n<meta property=\"og:title\" content=\"Zapatillas Wilson Hurakn 2.0 Blanco Oro Coral - Revolution Padel Store\" \/>\n<meta property=\"og:description\" content=\"Descubre las zapatillas Wilson Hurakn 2.0 en Revolution Padel Store. Dise\u00f1adas para un rendimiento \u00f3ptimo en la pista y amigables con el medio ambiente.\" \/>\n<meta property=\"og:url\" content=\"https:\/\/revolutionpadelstore.com\/pt-pt\/produto\/zapatillas-wilson-hurakn-2-0-blanco-oro-coral-5\/\" \/>\n<meta property=\"og:site_name\" content=\"Revolution Padel Store\" \/>\n<meta property=\"article:modified_time\" content=\"2026-04-01T07:12:21+00:00\" \/>\n<meta property=\"og:image\" content=\"https:\/\/revolutionpadelstore.com\/wp-content\/uploads\/2024\/04\/16911-0-4.jpg\" \/>\n\t<meta property=\"og:image:width\" content=\"800\" \/>\n\t<meta property=\"og:image:height\" content=\"800\" \/>\n\t<meta property=\"og:image:type\" content=\"image\/png\" \/>\n<meta name=\"twitter:card\" content=\"summary_large_image\" \/>\n<meta name=\"twitter:label1\" content=\"Tempo estimado de leitura\" \/>\n\t<meta name=\"twitter:data1\" content=\"2 minutos\" \/>\n<script type=\"application\/ld+json\" class=\"yoast-schema-graph\">{\"@context\":\"https:\\\/\\\/schema.org\",\"@graph\":[{\"@type\":\"WebPage\",\"@id\":\"https:\\\/\\\/revolutionpadelstore.com\\\/pt-pt\\\/produto\\\/zapatillas-wilson-hurakn-2-0-blanco-oro-coral-5\\\/\",\"url\":\"https:\\\/\\\/revolutionpadelstore.com\\\/pt-pt\\\/produto\\\/zapatillas-wilson-hurakn-2-0-blanco-oro-coral-5\\\/\",\"name\":\"Zapatillas Wilson Hurakn 2.0 Blanco Oro Coral - Revolution Padel Store\",\"isPartOf\":{\"@id\":\"https:\\\/\\\/revolutionpadelstore.com\\\/pt-pt\\\/#website\"},\"primaryImageOfPage\":{\"@id\":\"https:\\\/\\\/revolutionpadelstore.com\\\/pt-pt\\\/produto\\\/zapatillas-wilson-hurakn-2-0-blanco-oro-coral-5\\\/#primaryimage\"},\"image\":{\"@id\":\"https:\\\/\\\/revolutionpadelstore.com\\\/pt-pt\\\/produto\\\/zapatillas-wilson-hurakn-2-0-blanco-oro-coral-5\\\/#primaryimage\"},\"thumbnailUrl\":\"https:\\\/\\\/revolutionpadelstore.com\\\/wp-content\\\/uploads\\\/2024\\\/04\\\/16911-0-4.jpg\",\"datePublished\":\"2024-04-22T13:23:34+00:00\",\"dateModified\":\"2026-04-01T07:12:21+00:00\",\"description\":\"Descubre las zapatillas Wilson Hurakn 2.0 en Revolution Padel Store. Dise\u00f1adas para un rendimiento \u00f3ptimo en la pista y amigables con el medio ambiente.\",\"breadcrumb\":{\"@id\":\"https:\\\/\\\/revolutionpadelstore.com\\\/pt-pt\\\/produto\\\/zapatillas-wilson-hurakn-2-0-blanco-oro-coral-5\\\/#breadcrumb\"},\"inLanguage\":\"pt-PT\",\"potentialAction\":[{\"@type\":\"ReadAction\",\"target\":[\"https:\\\/\\\/revolutionpadelstore.com\\\/pt-pt\\\/produto\\\/zapatillas-wilson-hurakn-2-0-blanco-oro-coral-5\\\/\"]}]},{\"@type\":\"ImageObject\",\"inLanguage\":\"pt-PT\",\"@id\":\"https:\\\/\\\/revolutionpadelstore.com\\\/pt-pt\\\/produto\\\/zapatillas-wilson-hurakn-2-0-blanco-oro-coral-5\\\/#primaryimage\",\"url\":\"https:\\\/\\\/revolutionpadelstore.com\\\/wp-content\\\/uploads\\\/2024\\\/04\\\/16911-0-4.jpg\",\"contentUrl\":\"https:\\\/\\\/revolutionpadelstore.com\\\/wp-content\\\/uploads\\\/2024\\\/04\\\/16911-0-4.jpg\",\"width\":800,\"height\":800},{\"@type\":\"BreadcrumbList\",\"@id\":\"https:\\\/\\\/revolutionpadelstore.com\\\/pt-pt\\\/produto\\\/zapatillas-wilson-hurakn-2-0-blanco-oro-coral-5\\\/#breadcrumb\",\"itemListElement\":[{\"@type\":\"ListItem\",\"position\":1,\"name\":\"Portada\",\"item\":\"https:\\\/\\\/revolutionpadelstore.com\\\/pt-pt\\\/\"},{\"@type\":\"ListItem\",\"position\":2,\"name\":\"Tienda\",\"item\":\"https:\\\/\\\/revolutionpadelstore.com\\\/pt-pt\\\/tienda\\\/\"},{\"@type\":\"ListItem\",\"position\":3,\"name\":\"Zapatillas Wilson Hurakn 2.0 Blanco Oro Coral\"}]},{\"@type\":\"WebSite\",\"@id\":\"https:\\\/\\\/revolutionpadelstore.com\\\/pt-pt\\\/#website\",\"url\":\"https:\\\/\\\/revolutionpadelstore.com\\\/pt-pt\\\/\",\"name\":\"Revolution Padel Store\",\"description\":\"\",\"publisher\":{\"@id\":\"https:\\\/\\\/revolutionpadelstore.com\\\/pt-pt\\\/#organization\"},\"potentialAction\":[{\"@type\":\"SearchAction\",\"target\":{\"@type\":\"EntryPoint\",\"urlTemplate\":\"https:\\\/\\\/revolutionpadelstore.com\\\/pt-pt\\\/?s={search_term_string}\"},\"query-input\":{\"@type\":\"PropertyValueSpecification\",\"valueRequired\":true,\"valueName\":\"search_term_string\"}}],\"inLanguage\":\"pt-PT\"},{\"@type\":\"Organization\",\"@id\":\"https:\\\/\\\/revolutionpadelstore.com\\\/pt-pt\\\/#organization\",\"name\":\"Revolution Padel Store\",\"url\":\"https:\\\/\\\/revolutionpadelstore.com\\\/pt-pt\\\/\",\"logo\":{\"@type\":\"ImageObject\",\"inLanguage\":\"pt-PT\",\"@id\":\"https:\\\/\\\/revolutionpadelstore.com\\\/pt-pt\\\/#\\\/schema\\\/logo\\\/image\\\/\",\"url\":\"https:\\\/\\\/revolutionpadelstore.com\\\/wp-content\\\/uploads\\\/2026\\\/02\\\/revolution-padel-store.jpg\",\"contentUrl\":\"https:\\\/\\\/revolutionpadelstore.com\\\/wp-content\\\/uploads\\\/2026\\\/02\\\/revolution-padel-store.jpg\",\"width\":2000,\"height\":2000,\"caption\":\"Revolution Padel Store\"},\"image\":{\"@id\":\"https:\\\/\\\/revolutionpadelstore.com\\\/pt-pt\\\/#\\\/schema\\\/logo\\\/image\\\/\"},\"sameAs\":[\"https:\\\/\\\/www.instagram.com\\\/revolutionpadelstore\\\/\"]}]}<\/script>\n<!-- \/ Yoast SEO plugin. -->","yoast_head_json":{"title":"Zapatillas Wilson Hurakn 2.0 Blanco Oro Coral - Revolution Padel Store","description":"Descubre las zapatillas Wilson Hurakn 2.0 en Revolution Padel Store. Dise\u00f1adas para un rendimiento \u00f3ptimo en la pista y amigables con el medio ambiente.","robots":{"index":"index","follow":"follow","max-snippet":"max-snippet:-1","max-image-preview":"max-image-preview:large","max-video-preview":"max-video-preview:-1"},"canonical":"https:\/\/revolutionpadelstore.com\/pt-pt\/produto\/zapatillas-wilson-hurakn-2-0-blanco-oro-coral-5\/","og_locale":"pt_PT","og_type":"article","og_title":"Zapatillas Wilson Hurakn 2.0 Blanco Oro Coral - Revolution Padel Store","og_description":"Descubre las zapatillas Wilson Hurakn 2.0 en Revolution Padel Store. Dise\u00f1adas para un rendimiento \u00f3ptimo en la pista y amigables con el medio ambiente.","og_url":"https:\/\/revolutionpadelstore.com\/pt-pt\/produto\/zapatillas-wilson-hurakn-2-0-blanco-oro-coral-5\/","og_site_name":"Revolution Padel Store","article_modified_time":"2026-04-01T07:12:21+00:00","og_image":[{"width":800,"height":800,"url":"https:\/\/revolutionpadelstore.com\/wp-content\/uploads\/2024\/04\/16911-0-4.jpg","type":"image\/png"}],"twitter_card":"summary_large_image","twitter_misc":{"Tempo estimado de leitura":"2 minutos"},"schema":{"@context":"https:\/\/schema.org","@graph":[{"@type":"WebPage","@id":"https:\/\/revolutionpadelstore.com\/pt-pt\/produto\/zapatillas-wilson-hurakn-2-0-blanco-oro-coral-5\/","url":"https:\/\/revolutionpadelstore.com\/pt-pt\/produto\/zapatillas-wilson-hurakn-2-0-blanco-oro-coral-5\/","name":"Zapatillas Wilson Hurakn 2.0 Blanco Oro Coral - Revolution Padel Store","isPartOf":{"@id":"https:\/\/revolutionpadelstore.com\/pt-pt\/#website"},"primaryImageOfPage":{"@id":"https:\/\/revolutionpadelstore.com\/pt-pt\/produto\/zapatillas-wilson-hurakn-2-0-blanco-oro-coral-5\/#primaryimage"},"image":{"@id":"https:\/\/revolutionpadelstore.com\/pt-pt\/produto\/zapatillas-wilson-hurakn-2-0-blanco-oro-coral-5\/#primaryimage"},"thumbnailUrl":"https:\/\/revolutionpadelstore.com\/wp-content\/uploads\/2024\/04\/16911-0-4.jpg","datePublished":"2024-04-22T13:23:34+00:00","dateModified":"2026-04-01T07:12:21+00:00","description":"Descubre las zapatillas Wilson Hurakn 2.0 en Revolution Padel Store. Dise\u00f1adas para un rendimiento \u00f3ptimo en la pista y amigables con el medio ambiente.","breadcrumb":{"@id":"https:\/\/revolutionpadelstore.com\/pt-pt\/produto\/zapatillas-wilson-hurakn-2-0-blanco-oro-coral-5\/#breadcrumb"},"inLanguage":"pt-PT","potentialAction":[{"@type":"ReadAction","target":["https:\/\/revolutionpadelstore.com\/pt-pt\/produto\/zapatillas-wilson-hurakn-2-0-blanco-oro-coral-5\/"]}]},{"@type":"ImageObject","inLanguage":"pt-PT","@id":"https:\/\/revolutionpadelstore.com\/pt-pt\/produto\/zapatillas-wilson-hurakn-2-0-blanco-oro-coral-5\/#primaryimage","url":"https:\/\/revolutionpadelstore.com\/wp-content\/uploads\/2024\/04\/16911-0-4.jpg","contentUrl":"https:\/\/revolutionpadelstore.com\/wp-content\/uploads\/2024\/04\/16911-0-4.jpg","width":800,"height":800},{"@type":"BreadcrumbList","@id":"https:\/\/revolutionpadelstore.com\/pt-pt\/produto\/zapatillas-wilson-hurakn-2-0-blanco-oro-coral-5\/#breadcrumb","itemListElement":[{"@type":"ListItem","position":1,"name":"Portada","item":"https:\/\/revolutionpadelstore.com\/pt-pt\/"},{"@type":"ListItem","position":2,"name":"Tienda","item":"https:\/\/revolutionpadelstore.com\/pt-pt\/tienda\/"},{"@type":"ListItem","position":3,"name":"Zapatillas Wilson Hurakn 2.0 Blanco Oro Coral"}]},{"@type":"WebSite","@id":"https:\/\/revolutionpadelstore.com\/pt-pt\/#website","url":"https:\/\/revolutionpadelstore.com\/pt-pt\/","name":"Revolution Padel Store","description":"","publisher":{"@id":"https:\/\/revolutionpadelstore.com\/pt-pt\/#organization"},"potentialAction":[{"@type":"SearchAction","target":{"@type":"EntryPoint","urlTemplate":"https:\/\/revolutionpadelstore.com\/pt-pt\/?s={search_term_string}"},"query-input":{"@type":"PropertyValueSpecification","valueRequired":true,"valueName":"search_term_string"}}],"inLanguage":"pt-PT"},{"@type":"Organization","@id":"https:\/\/revolutionpadelstore.com\/pt-pt\/#organization","name":"Revolution Padel Store","url":"https:\/\/revolutionpadelstore.com\/pt-pt\/","logo":{"@type":"ImageObject","inLanguage":"pt-PT","@id":"https:\/\/revolutionpadelstore.com\/pt-pt\/#\/schema\/logo\/image\/","url":"https:\/\/revolutionpadelstore.com\/wp-content\/uploads\/2026\/02\/revolution-padel-store.jpg","contentUrl":"https:\/\/revolutionpadelstore.com\/wp-content\/uploads\/2026\/02\/revolution-padel-store.jpg","width":2000,"height":2000,"caption":"Revolution Padel Store"},"image":{"@id":"https:\/\/revolutionpadelstore.com\/pt-pt\/#\/schema\/logo\/image\/"},"sameAs":["https:\/\/www.instagram.com\/revolutionpadelstore\/"]}]}},"_links":{"self":[{"href":"https:\/\/revolutionpadelstore.com\/pt-pt\/wp-json\/wp\/v2\/product\/16318","targetHints":{"allow":["GET"]}}],"collection":[{"href":"https:\/\/revolutionpadelstore.com\/pt-pt\/wp-json\/wp\/v2\/product"}],"about":[{"href":"https:\/\/revolutionpadelstore.com\/pt-pt\/wp-json\/wp\/v2\/types\/product"}],"replies":[{"embeddable":true,"href":"https:\/\/revolutionpadelstore.com\/pt-pt\/wp-json\/wp\/v2\/comments?post=16318"}],"wp:featuredmedia":[{"embeddable":true,"href":"https:\/\/revolutionpadelstore.com\/pt-pt\/wp-json\/wp\/v2\/media\/42355"}],"wp:attachment":[{"href":"https:\/\/revolutionpadelstore.com\/pt-pt\/wp-json\/wp\/v2\/media?parent=16318"}],"wp:term":[{"taxonomy":"acabado","embeddable":true,"href":"https:\/\/revolutionpadelstore.com\/pt-pt\/wp-json\/wp\/v2\/acabado?post=16318"},{"taxonomy":"balance","embeddable":true,"href":"https:\/\/revolutionpadelstore.com\/pt-pt\/wp-json\/wp\/v2\/balance?post=16318"},{"taxonomy":"dureza","embeddable":true,"href":"https:\/\/revolutionpadelstore.com\/pt-pt\/wp-json\/wp\/v2\/dureza?post=16318"},{"taxonomy":"forma","embeddable":true,"href":"https:\/\/revolutionpadelstore.com\/pt-pt\/wp-json\/wp\/v2\/forma?post=16318"},{"taxonomy":"jugador","embeddable":true,"href":"https:\/\/revolutionpadelstore.com\/pt-pt\/wp-json\/wp\/v2\/jugador?post=16318"},{"taxonomy":"marca","embeddable":true,"href":"https:\/\/revolutionpadelstore.com\/pt-pt\/wp-json\/wp\/v2\/marca?post=16318"},{"taxonomy":"nivel-de-juego","embeddable":true,"href":"https:\/\/revolutionpadelstore.com\/pt-pt\/wp-json\/wp\/v2\/nivel-de-juego?post=16318"},{"taxonomy":"superficie","embeddable":true,"href":"https:\/\/revolutionpadelstore.com\/pt-pt\/wp-json\/wp\/v2\/superficie?post=16318"},{"taxonomy":"tipo-de-juego","embeddable":true,"href":"https:\/\/revolutionpadelstore.com\/pt-pt\/wp-json\/wp\/v2\/tipo-de-juego?post=16318"},{"taxonomy":"product_brand","embeddable":true,"href":"https:\/\/revolutionpadelstore.com\/pt-pt\/wp-json\/wp\/v2\/product_brand?post=16318"},{"taxonomy":"product_cat","embeddable":true,"href":"https:\/\/revolutionpadelstore.com\/pt-pt\/wp-json\/wp\/v2\/product_cat?post=16318"},{"taxonomy":"product_tag","embeddable":true,"href":"https:\/\/revolutionpadelstore.com\/pt-pt\/wp-json\/wp\/v2\/product_tag?post=16318"}],"curies":[{"name":"wp","href":"https:\/\/api.w.org\/{rel}","templated":true}]}}