{"id":16293,"date":"2024-04-22T15:23:34","date_gmt":"2024-04-22T13:23:34","guid":{"rendered":"https:\/\/revolutionpadelstore.com\/zapatillas-adidas-adizero-cybersonic-azul-royal-aqua\/"},"modified":"2024-10-15T01:56:40","modified_gmt":"2024-10-14T23:56:40","slug":"zapatillas-adidas-adizero-cybersonic-azul-royal-aqua","status":"publish","type":"product","link":"https:\/\/revolutionpadelstore.com\/pt-pt\/produto\/zapatillas-adidas-adizero-cybersonic-azul-royal-aqua\/","title":{"rendered":"Zapatillas Adidas Adizero Cybersonic Azul Royal Aqua"},"content":{"rendered":"<p>Obtenha velocidade e estilo com os t\u00eanis Adidas Adizero Cybersonic da Revolution Padel Store. Se voc\u00ea \u00e9 jogador de padel e busca melhorar seu desempenho em quadra, n\u00e3o pode perder a oportunidade de adquirir os novos cal\u00e7ados Adidas Adizero Cybersonic na cor azul \u00e1gua royal. Projetados para adicionar velocidade ao seu jogo e com um visual inovador, esses cal\u00e7ados s\u00e3o o complemento perfeito para qualquer jogador que deseja se destacar na quadra.<\/p>\n<p> Com design espec\u00edfico para quadras duras, o T\u00eanis Adidas Adizero Cybersonic vai te ajudar a ficar \u00e0 frente dos movimentos do rival. Gra\u00e7as \u00e0s hastes ENERGYRODS, voc\u00ea pode mudar rapidamente de dire\u00e7\u00e3o e manter o controle em todos os momentos. Al\u00e9m disso, a entressola Lightstrike de baixo perfil e a espuma de dupla densidade proporcionam o amortecimento necess\u00e1rio para estar sempre no lugar certo, na hora certa.<\/p>\n<p> A parte superior em malha t\u00e9cnica destes t\u00eanis incorpora uma biqueira Adituff resistente ao desgaste, que garante maior durabilidade. Al\u00e9m disso, 60% do seu material Boost \u00e9 reciclado, demonstrando o compromisso da Adidas com o meio ambiente. E para maior ajuste e conforto, possuem fechamento em renda.<\/p>\n<p> Na Revolution Padel Store nos preocupamos em oferecer os melhores produtos para que voc\u00ea possa dar tudo de si na quadra. Por este motivo, n\u00e3o poder\u00edamos deixar de incluir os t\u00e9nis Adidas Adizero Cybersonic no nosso cat\u00e1logo. Com sola e parte superior Adiwear contendo pelo menos 50% de material reciclado, estes sapatos s\u00e3o a combina\u00e7\u00e3o perfeita de desempenho e sustentabilidade.<\/p>\n<p> N\u00e3o espere mais e adquira j\u00e1 os seus sapatos Adidas Adizero Cybersonic na Revolution Padel Store. Adicione velocidade e estilo ao seu jogo com este produto incr\u00edvel que far\u00e1 voc\u00ea se destacar na quadra. Obtenha-os agora e torne-se um verdadeiro revolucion\u00e1rio do padel!<\/p>\n","protected":false},"excerpt":{"rendered":"<p>Obtenha velocidade e estilo com os t\u00eanis Adidas Adizero Cybersonic Blue Royal Aqua da Revolution Padel Store. Projetado para quadras duras.<\/p>\n","protected":false},"featured_media":5974,"comment_status":"closed","ping_status":"open","template":"","meta":{"_acf_changed":false,"_joinchat":[]},"acabado":[],"balance":[],"dureza":[],"forma":[],"jugador":[],"marca":[1230],"nivel-de-juego":[1340,1345],"superficie":[],"tipo-de-juego":[],"product_brand":[],"product_cat":[401],"product_tag":[],"class_list":{"0":"post-16293","1":"product","2":"type-product","3":"status-publish","4":"has-post-thumbnail","6":"marca-adidas-pt-pt","7":"product_cat-tenis-masculino","9":"first","10":"instock","11":"taxable","12":"shipping-taxable","13":"purchasable","14":"product-type-variable"},"acf":[],"yoast_head":"<!-- This site is optimized with the Yoast SEO plugin v27.4 - https:\/\/yoast.com\/product\/yoast-seo-wordpress\/ -->\n<title>Zapatillas Adidas Adizero Cybersonic Azul Royal Aqua - Revolution Padel Store<\/title>\n<meta name=\"description\" content=\"Consigue velocidad y estilo con las zapatillas Adidas Adizero Cybersonic Azul Royal Aqua de Revolution Padel Store. Dise\u00f1adas para pistas duras.\" \/>\n<meta name=\"robots\" content=\"index, follow, max-snippet:-1, max-image-preview:large, max-video-preview:-1\" \/>\n<link rel=\"canonical\" href=\"https:\/\/revolutionpadelstore.com\/pt-pt\/produto\/zapatillas-adidas-adizero-cybersonic-azul-royal-aqua\/\" \/>\n<meta property=\"og:locale\" content=\"pt_PT\" \/>\n<meta property=\"og:type\" content=\"article\" \/>\n<meta property=\"og:title\" content=\"Zapatillas Adidas Adizero Cybersonic Azul Royal Aqua - Revolution Padel Store\" \/>\n<meta property=\"og:description\" content=\"Consigue velocidad y estilo con las zapatillas Adidas Adizero Cybersonic Azul Royal Aqua de Revolution Padel Store. Dise\u00f1adas para pistas duras.\" \/>\n<meta property=\"og:url\" content=\"https:\/\/revolutionpadelstore.com\/pt-pt\/produto\/zapatillas-adidas-adizero-cybersonic-azul-royal-aqua\/\" \/>\n<meta property=\"og:site_name\" content=\"Revolution Padel Store\" \/>\n<meta property=\"article:modified_time\" content=\"2024-10-14T23:56:40+00:00\" \/>\n<meta property=\"og:image\" content=\"https:\/\/revolutionpadelstore.com\/wp-content\/uploads\/2024\/04\/17439-0-4.jpg\" \/>\n\t<meta property=\"og:image:width\" content=\"800\" \/>\n\t<meta property=\"og:image:height\" content=\"800\" \/>\n\t<meta property=\"og:image:type\" content=\"image\/png\" \/>\n<meta name=\"twitter:card\" content=\"summary_large_image\" \/>\n<meta name=\"twitter:label1\" content=\"Tempo estimado de leitura\" \/>\n\t<meta name=\"twitter:data1\" content=\"2 minutos\" \/>\n<script type=\"application\/ld+json\" class=\"yoast-schema-graph\">{\"@context\":\"https:\\\/\\\/schema.org\",\"@graph\":[{\"@type\":\"WebPage\",\"@id\":\"https:\\\/\\\/revolutionpadelstore.com\\\/pt-pt\\\/produto\\\/zapatillas-adidas-adizero-cybersonic-azul-royal-aqua\\\/\",\"url\":\"https:\\\/\\\/revolutionpadelstore.com\\\/pt-pt\\\/produto\\\/zapatillas-adidas-adizero-cybersonic-azul-royal-aqua\\\/\",\"name\":\"Zapatillas Adidas Adizero Cybersonic Azul Royal Aqua - Revolution Padel Store\",\"isPartOf\":{\"@id\":\"https:\\\/\\\/revolutionpadelstore.com\\\/pt-pt\\\/#website\"},\"primaryImageOfPage\":{\"@id\":\"https:\\\/\\\/revolutionpadelstore.com\\\/pt-pt\\\/produto\\\/zapatillas-adidas-adizero-cybersonic-azul-royal-aqua\\\/#primaryimage\"},\"image\":{\"@id\":\"https:\\\/\\\/revolutionpadelstore.com\\\/pt-pt\\\/produto\\\/zapatillas-adidas-adizero-cybersonic-azul-royal-aqua\\\/#primaryimage\"},\"thumbnailUrl\":\"https:\\\/\\\/revolutionpadelstore.com\\\/wp-content\\\/uploads\\\/2024\\\/04\\\/17439-0-4.jpg\",\"datePublished\":\"2024-04-22T13:23:34+00:00\",\"dateModified\":\"2024-10-14T23:56:40+00:00\",\"description\":\"Consigue velocidad y estilo con las zapatillas Adidas Adizero Cybersonic Azul Royal Aqua de Revolution Padel Store. Dise\u00f1adas para pistas duras.\",\"breadcrumb\":{\"@id\":\"https:\\\/\\\/revolutionpadelstore.com\\\/pt-pt\\\/produto\\\/zapatillas-adidas-adizero-cybersonic-azul-royal-aqua\\\/#breadcrumb\"},\"inLanguage\":\"pt-PT\",\"potentialAction\":[{\"@type\":\"ReadAction\",\"target\":[\"https:\\\/\\\/revolutionpadelstore.com\\\/pt-pt\\\/produto\\\/zapatillas-adidas-adizero-cybersonic-azul-royal-aqua\\\/\"]}]},{\"@type\":\"ImageObject\",\"inLanguage\":\"pt-PT\",\"@id\":\"https:\\\/\\\/revolutionpadelstore.com\\\/pt-pt\\\/produto\\\/zapatillas-adidas-adizero-cybersonic-azul-royal-aqua\\\/#primaryimage\",\"url\":\"https:\\\/\\\/revolutionpadelstore.com\\\/wp-content\\\/uploads\\\/2024\\\/04\\\/17439-0-4.jpg\",\"contentUrl\":\"https:\\\/\\\/revolutionpadelstore.com\\\/wp-content\\\/uploads\\\/2024\\\/04\\\/17439-0-4.jpg\",\"width\":800,\"height\":800},{\"@type\":\"BreadcrumbList\",\"@id\":\"https:\\\/\\\/revolutionpadelstore.com\\\/pt-pt\\\/produto\\\/zapatillas-adidas-adizero-cybersonic-azul-royal-aqua\\\/#breadcrumb\",\"itemListElement\":[{\"@type\":\"ListItem\",\"position\":1,\"name\":\"Portada\",\"item\":\"https:\\\/\\\/revolutionpadelstore.com\\\/pt-pt\\\/\"},{\"@type\":\"ListItem\",\"position\":2,\"name\":\"Tienda\",\"item\":\"https:\\\/\\\/revolutionpadelstore.com\\\/pt-pt\\\/tienda\\\/\"},{\"@type\":\"ListItem\",\"position\":3,\"name\":\"Zapatillas Adidas Adizero Cybersonic Azul Royal Aqua\"}]},{\"@type\":\"WebSite\",\"@id\":\"https:\\\/\\\/revolutionpadelstore.com\\\/pt-pt\\\/#website\",\"url\":\"https:\\\/\\\/revolutionpadelstore.com\\\/pt-pt\\\/\",\"name\":\"Revolution Padel Store\",\"description\":\"\",\"publisher\":{\"@id\":\"https:\\\/\\\/revolutionpadelstore.com\\\/pt-pt\\\/#organization\"},\"potentialAction\":[{\"@type\":\"SearchAction\",\"target\":{\"@type\":\"EntryPoint\",\"urlTemplate\":\"https:\\\/\\\/revolutionpadelstore.com\\\/pt-pt\\\/?s={search_term_string}\"},\"query-input\":{\"@type\":\"PropertyValueSpecification\",\"valueRequired\":true,\"valueName\":\"search_term_string\"}}],\"inLanguage\":\"pt-PT\"},{\"@type\":\"Organization\",\"@id\":\"https:\\\/\\\/revolutionpadelstore.com\\\/pt-pt\\\/#organization\",\"name\":\"Revolution Padel Store\",\"url\":\"https:\\\/\\\/revolutionpadelstore.com\\\/pt-pt\\\/\",\"logo\":{\"@type\":\"ImageObject\",\"inLanguage\":\"pt-PT\",\"@id\":\"https:\\\/\\\/revolutionpadelstore.com\\\/pt-pt\\\/#\\\/schema\\\/logo\\\/image\\\/\",\"url\":\"https:\\\/\\\/revolutionpadelstore.com\\\/wp-content\\\/uploads\\\/2026\\\/02\\\/revolution-padel-store.jpg\",\"contentUrl\":\"https:\\\/\\\/revolutionpadelstore.com\\\/wp-content\\\/uploads\\\/2026\\\/02\\\/revolution-padel-store.jpg\",\"width\":2000,\"height\":2000,\"caption\":\"Revolution Padel Store\"},\"image\":{\"@id\":\"https:\\\/\\\/revolutionpadelstore.com\\\/pt-pt\\\/#\\\/schema\\\/logo\\\/image\\\/\"},\"sameAs\":[\"https:\\\/\\\/www.instagram.com\\\/revolutionpadelstore\\\/\"]}]}<\/script>\n<!-- \/ Yoast SEO plugin. -->","yoast_head_json":{"title":"Zapatillas Adidas Adizero Cybersonic Azul Royal Aqua - Revolution Padel Store","description":"Consigue velocidad y estilo con las zapatillas Adidas Adizero Cybersonic Azul Royal Aqua de Revolution Padel Store. Dise\u00f1adas para pistas duras.","robots":{"index":"index","follow":"follow","max-snippet":"max-snippet:-1","max-image-preview":"max-image-preview:large","max-video-preview":"max-video-preview:-1"},"canonical":"https:\/\/revolutionpadelstore.com\/pt-pt\/produto\/zapatillas-adidas-adizero-cybersonic-azul-royal-aqua\/","og_locale":"pt_PT","og_type":"article","og_title":"Zapatillas Adidas Adizero Cybersonic Azul Royal Aqua - Revolution Padel Store","og_description":"Consigue velocidad y estilo con las zapatillas Adidas Adizero Cybersonic Azul Royal Aqua de Revolution Padel Store. Dise\u00f1adas para pistas duras.","og_url":"https:\/\/revolutionpadelstore.com\/pt-pt\/produto\/zapatillas-adidas-adizero-cybersonic-azul-royal-aqua\/","og_site_name":"Revolution Padel Store","article_modified_time":"2024-10-14T23:56:40+00:00","og_image":[{"width":800,"height":800,"url":"https:\/\/revolutionpadelstore.com\/wp-content\/uploads\/2024\/04\/17439-0-4.jpg","type":"image\/png"}],"twitter_card":"summary_large_image","twitter_misc":{"Tempo estimado de leitura":"2 minutos"},"schema":{"@context":"https:\/\/schema.org","@graph":[{"@type":"WebPage","@id":"https:\/\/revolutionpadelstore.com\/pt-pt\/produto\/zapatillas-adidas-adizero-cybersonic-azul-royal-aqua\/","url":"https:\/\/revolutionpadelstore.com\/pt-pt\/produto\/zapatillas-adidas-adizero-cybersonic-azul-royal-aqua\/","name":"Zapatillas Adidas Adizero Cybersonic Azul Royal Aqua - Revolution Padel Store","isPartOf":{"@id":"https:\/\/revolutionpadelstore.com\/pt-pt\/#website"},"primaryImageOfPage":{"@id":"https:\/\/revolutionpadelstore.com\/pt-pt\/produto\/zapatillas-adidas-adizero-cybersonic-azul-royal-aqua\/#primaryimage"},"image":{"@id":"https:\/\/revolutionpadelstore.com\/pt-pt\/produto\/zapatillas-adidas-adizero-cybersonic-azul-royal-aqua\/#primaryimage"},"thumbnailUrl":"https:\/\/revolutionpadelstore.com\/wp-content\/uploads\/2024\/04\/17439-0-4.jpg","datePublished":"2024-04-22T13:23:34+00:00","dateModified":"2024-10-14T23:56:40+00:00","description":"Consigue velocidad y estilo con las zapatillas Adidas Adizero Cybersonic Azul Royal Aqua de Revolution Padel Store. Dise\u00f1adas para pistas duras.","breadcrumb":{"@id":"https:\/\/revolutionpadelstore.com\/pt-pt\/produto\/zapatillas-adidas-adizero-cybersonic-azul-royal-aqua\/#breadcrumb"},"inLanguage":"pt-PT","potentialAction":[{"@type":"ReadAction","target":["https:\/\/revolutionpadelstore.com\/pt-pt\/produto\/zapatillas-adidas-adizero-cybersonic-azul-royal-aqua\/"]}]},{"@type":"ImageObject","inLanguage":"pt-PT","@id":"https:\/\/revolutionpadelstore.com\/pt-pt\/produto\/zapatillas-adidas-adizero-cybersonic-azul-royal-aqua\/#primaryimage","url":"https:\/\/revolutionpadelstore.com\/wp-content\/uploads\/2024\/04\/17439-0-4.jpg","contentUrl":"https:\/\/revolutionpadelstore.com\/wp-content\/uploads\/2024\/04\/17439-0-4.jpg","width":800,"height":800},{"@type":"BreadcrumbList","@id":"https:\/\/revolutionpadelstore.com\/pt-pt\/produto\/zapatillas-adidas-adizero-cybersonic-azul-royal-aqua\/#breadcrumb","itemListElement":[{"@type":"ListItem","position":1,"name":"Portada","item":"https:\/\/revolutionpadelstore.com\/pt-pt\/"},{"@type":"ListItem","position":2,"name":"Tienda","item":"https:\/\/revolutionpadelstore.com\/pt-pt\/tienda\/"},{"@type":"ListItem","position":3,"name":"Zapatillas Adidas Adizero Cybersonic Azul Royal Aqua"}]},{"@type":"WebSite","@id":"https:\/\/revolutionpadelstore.com\/pt-pt\/#website","url":"https:\/\/revolutionpadelstore.com\/pt-pt\/","name":"Revolution Padel Store","description":"","publisher":{"@id":"https:\/\/revolutionpadelstore.com\/pt-pt\/#organization"},"potentialAction":[{"@type":"SearchAction","target":{"@type":"EntryPoint","urlTemplate":"https:\/\/revolutionpadelstore.com\/pt-pt\/?s={search_term_string}"},"query-input":{"@type":"PropertyValueSpecification","valueRequired":true,"valueName":"search_term_string"}}],"inLanguage":"pt-PT"},{"@type":"Organization","@id":"https:\/\/revolutionpadelstore.com\/pt-pt\/#organization","name":"Revolution Padel Store","url":"https:\/\/revolutionpadelstore.com\/pt-pt\/","logo":{"@type":"ImageObject","inLanguage":"pt-PT","@id":"https:\/\/revolutionpadelstore.com\/pt-pt\/#\/schema\/logo\/image\/","url":"https:\/\/revolutionpadelstore.com\/wp-content\/uploads\/2026\/02\/revolution-padel-store.jpg","contentUrl":"https:\/\/revolutionpadelstore.com\/wp-content\/uploads\/2026\/02\/revolution-padel-store.jpg","width":2000,"height":2000,"caption":"Revolution Padel Store"},"image":{"@id":"https:\/\/revolutionpadelstore.com\/pt-pt\/#\/schema\/logo\/image\/"},"sameAs":["https:\/\/www.instagram.com\/revolutionpadelstore\/"]}]}},"_links":{"self":[{"href":"https:\/\/revolutionpadelstore.com\/pt-pt\/wp-json\/wp\/v2\/product\/16293","targetHints":{"allow":["GET"]}}],"collection":[{"href":"https:\/\/revolutionpadelstore.com\/pt-pt\/wp-json\/wp\/v2\/product"}],"about":[{"href":"https:\/\/revolutionpadelstore.com\/pt-pt\/wp-json\/wp\/v2\/types\/product"}],"replies":[{"embeddable":true,"href":"https:\/\/revolutionpadelstore.com\/pt-pt\/wp-json\/wp\/v2\/comments?post=16293"}],"wp:featuredmedia":[{"embeddable":true,"href":"https:\/\/revolutionpadelstore.com\/pt-pt\/wp-json\/wp\/v2\/media\/5974"}],"wp:attachment":[{"href":"https:\/\/revolutionpadelstore.com\/pt-pt\/wp-json\/wp\/v2\/media?parent=16293"}],"wp:term":[{"taxonomy":"acabado","embeddable":true,"href":"https:\/\/revolutionpadelstore.com\/pt-pt\/wp-json\/wp\/v2\/acabado?post=16293"},{"taxonomy":"balance","embeddable":true,"href":"https:\/\/revolutionpadelstore.com\/pt-pt\/wp-json\/wp\/v2\/balance?post=16293"},{"taxonomy":"dureza","embeddable":true,"href":"https:\/\/revolutionpadelstore.com\/pt-pt\/wp-json\/wp\/v2\/dureza?post=16293"},{"taxonomy":"forma","embeddable":true,"href":"https:\/\/revolutionpadelstore.com\/pt-pt\/wp-json\/wp\/v2\/forma?post=16293"},{"taxonomy":"jugador","embeddable":true,"href":"https:\/\/revolutionpadelstore.com\/pt-pt\/wp-json\/wp\/v2\/jugador?post=16293"},{"taxonomy":"marca","embeddable":true,"href":"https:\/\/revolutionpadelstore.com\/pt-pt\/wp-json\/wp\/v2\/marca?post=16293"},{"taxonomy":"nivel-de-juego","embeddable":true,"href":"https:\/\/revolutionpadelstore.com\/pt-pt\/wp-json\/wp\/v2\/nivel-de-juego?post=16293"},{"taxonomy":"superficie","embeddable":true,"href":"https:\/\/revolutionpadelstore.com\/pt-pt\/wp-json\/wp\/v2\/superficie?post=16293"},{"taxonomy":"tipo-de-juego","embeddable":true,"href":"https:\/\/revolutionpadelstore.com\/pt-pt\/wp-json\/wp\/v2\/tipo-de-juego?post=16293"},{"taxonomy":"product_brand","embeddable":true,"href":"https:\/\/revolutionpadelstore.com\/pt-pt\/wp-json\/wp\/v2\/product_brand?post=16293"},{"taxonomy":"product_cat","embeddable":true,"href":"https:\/\/revolutionpadelstore.com\/pt-pt\/wp-json\/wp\/v2\/product_cat?post=16293"},{"taxonomy":"product_tag","embeddable":true,"href":"https:\/\/revolutionpadelstore.com\/pt-pt\/wp-json\/wp\/v2\/product_tag?post=16293"}],"curies":[{"name":"wp","href":"https:\/\/api.w.org\/{rel}","templated":true}]}}