{"id":162759,"date":"2024-12-10T18:19:47","date_gmt":"2024-12-10T17:19:47","guid":{"rendered":"https:\/\/revolutionpadelstore.com\/siux-electra-st3-special-edition\/"},"modified":"2026-04-08T09:23:38","modified_gmt":"2026-04-08T07:23:38","slug":"siux-electra-st3-special-edition-5","status":"publish","type":"product","link":"https:\/\/revolutionpadelstore.com\/pt-pt\/produto\/siux-electra-st3-special-edition-5\/","title":{"rendered":"SIUX ELECTRA ST3 SPECIAL EDITION"},"content":{"rendered":"<h2> Siux Electra ST3 Edi\u00e7\u00e3o Especial &#8211; Franco Stupaczuk <\/h2>\n<p>O <strong> Siux Electra ST3 Special Edition <\/strong> \u00e9 uma p\u00e1 projetada em colabora\u00e7\u00e3o com o jogador profissional Franco Stupaczuk. Este modelo exclusivo combina um design h\u00edbrido <strong> <\/strong> com <strong> Balance m\u00e9dio <\/strong> e um peso entre <strong> 355 e 375 gramas <\/strong>, oferecendo um equil\u00edbrio perfeito entre gerenciamento e versatilidade. Ideal para jogadores que procuram se adaptar a qualquer estilo e situa\u00e7\u00e3o na pista.<br \/>\n<H2> Caracter\u00edsticas principais <\/h2>\n<p><P> <strong>-N\u00edvel do jogador: <\/strong> Projetado para jogadores e profissionais avan\u00e7ados que procuram versatilidade e controle em seu jogo.<\/p>\n<p> <strong> -forma e peso: <\/strong> forma h\u00edbrida com equil\u00edbrio m\u00e9dio e um peso leve de 355-375 g<br \/>\n<P> <strong> -ancabado: <\/strong> superf\u00edcie \u00e1spera para efeitos surpreendentes em cada golpe<br \/>\n<P> <strong> -StilO of Play: <\/strong> Excelente para se adaptar a estilos variados, oferecendo poder e precis\u00e3o<\/p>\n<p><H2> Tecnologias e materiais <\/h2>\n<p> <strong> -carbono 15k: <\/strong> maior rigidez, durabilidade e versatilidade nas faces.<br \/>\n<P> <strong> -Nuco Eva Hard: <\/strong> fornece poder explosivo, precis\u00e3o e excelente controle<br \/>\n<P> <strong> -3k car carb de carbono e aramida: <\/strong> reduz as vibra\u00e7\u00f5es, aumenta a resist\u00eancia e melhora a durabilidade.<\/p>\n<p> <strong> -ada Matt \u00e1spero: <\/strong> facilita os efeitos, permitindo que voc\u00ea assuma o controle de cada pe\u00e7a.<br \/>\n<P> <strong> -nti-vibra\u00e7\u00f5es Sistema: <\/strong> ideal para reduzir as les\u00f5es e melhorar a firmeza em cada golpe .- <\/p>\n<\/p>\n<p><P> <strong> -Dual Pro Grip: <\/strong> oferece uma ader\u00eancia natural, est\u00e1vel e confort\u00e1vel.<\/p>\n<p><H2> benef\u00edcios pendentes <\/h2>\n<p>O <strong> Siux Electra ST3 Special Edition <\/strong> combina poder e controle, ideal para os jogadores que procuram dominar a pista a cada golpe. Seu design profissional e tecnologias avan\u00e7adas fazem desta p\u00e1 um dos favoritos para competir no mais alto n\u00edvel.<br \/>\n<H2> Por que escolher a edi\u00e7\u00e3o especial do Siux Electra ST3 <\/h2>\n<p>Esta p\u00e1 \u00e9 o resultado de uma colabora\u00e7\u00e3o exclusiva com Franco Stupaczuk, garantindo desempenho e qualidade. Seja para competi\u00e7\u00f5es ou treinamento, \u00e9 o aliado perfeito para destacar em cada parte.<\/p>\n<p><strong> agora dispon\u00edvel em nossa loja on -line <a href=\"https:\/\/www.revolutionpadelstore.com\/\"> Revolution Padel Store <\/a>, provavelmente com o melhor pre\u00e7o de mercado. N\u00e3o perca a oportunidade de levar seu jogo para o pr\u00f3ximo n\u00edvel!<\/p>\n<h2>Pala de P\u00e1del Siux Electra ST3 Special Edition &#8211; Franco Stupaczuk<\/h2>\n","protected":false},"excerpt":{"rendered":"<p>Maticha h\u00edbrida de equil\u00edbrio m\u00e9dio projetado para jogadores avan\u00e7ados ou profissionais, a edi\u00e7\u00e3o especial do Siux Electra ST3, usada por Franco Stupaczuk. Possui um n\u00facleo duro de EVA e superf\u00edcies \u00e1speras feitas de carbono de 15k.<\/p>\n","protected":false},"featured_media":154722,"comment_status":"open","ping_status":"closed","template":"","meta":{"_acf_changed":false,"_joinchat":[]},"acabado":[1085],"balance":[1140],"dureza":[1160],"forma":[1175],"jugador":[1190,1200],"marca":[1305],"nivel-de-juego":[1335,1345],"superficie":[1360],"tipo-de-juego":[1385],"product_brand":[],"product_cat":[300],"product_tag":[],"class_list":{"0":"post-162759","1":"product","2":"type-product","3":"status-publish","4":"has-post-thumbnail","6":"acabado-companheiro","7":"balance-medio-pt-pt","8":"dureza-dura-pt-pt","9":"forma-hibrido","10":"jugador-homem","11":"jugador-polivalente-pt-pt","12":"marca-siux-pt-pt","13":"superficie-rugosa-pt-pt","14":"tipo-de-juego-polivalente-pt-pt","15":"product_cat-palas","17":"first","18":"instock","19":"sale","20":"taxable","21":"shipping-taxable","22":"purchasable","23":"product-type-simple"},"acf":[],"yoast_head":"<!-- This site is optimized with the Yoast SEO plugin v27.4 - https:\/\/yoast.com\/product\/yoast-seo-wordpress\/ -->\n<title>SIUX ELECTRA ST3 SPECIAL EDITION - Revolution Padel Store<\/title>\n<meta name=\"description\" content=\"Descubre la pala Siux Electra ST3 Special Edition dise\u00f1ada junto a Franco Stupaczuk. Ideal para jugadores avanzados y profesionales, combina potencia, control y versatilidad. \u00a1Disponible en Revolution Padel Store!\" \/>\n<meta name=\"robots\" content=\"index, follow, max-snippet:-1, max-image-preview:large, max-video-preview:-1\" \/>\n<link rel=\"canonical\" href=\"https:\/\/revolutionpadelstore.com\/pt-pt\/produto\/siux-electra-st3-special-edition-5\/\" \/>\n<meta property=\"og:locale\" content=\"pt_PT\" \/>\n<meta property=\"og:type\" content=\"article\" \/>\n<meta property=\"og:title\" content=\"SIUX ELECTRA ST3 SPECIAL EDITION - Revolution Padel Store\" \/>\n<meta property=\"og:description\" content=\"Descubre la pala Siux Electra ST3 Special Edition dise\u00f1ada junto a Franco Stupaczuk. Ideal para jugadores avanzados y profesionales, combina potencia, control y versatilidad. \u00a1Disponible en Revolution Padel Store!\" \/>\n<meta property=\"og:url\" content=\"https:\/\/revolutionpadelstore.com\/pt-pt\/produto\/siux-electra-st3-special-edition-5\/\" \/>\n<meta property=\"og:site_name\" content=\"Revolution Padel Store\" \/>\n<meta property=\"article:modified_time\" content=\"2026-04-08T07:23:38+00:00\" \/>\n<meta property=\"og:image\" content=\"https:\/\/revolutionpadelstore.com\/wp-content\/uploads\/2024\/12\/114475-siux-electra-st3-special-edition-1500x1500-1.webp\" \/>\n\t<meta property=\"og:image:width\" content=\"1500\" \/>\n\t<meta property=\"og:image:height\" content=\"1500\" \/>\n\t<meta property=\"og:image:type\" content=\"image\/webp\" \/>\n<meta name=\"twitter:card\" content=\"summary_large_image\" \/>\n<meta name=\"twitter:label1\" content=\"Tempo estimado de leitura\" \/>\n\t<meta name=\"twitter:data1\" content=\"2 minutos\" \/>\n<script type=\"application\/ld+json\" class=\"yoast-schema-graph\">{\"@context\":\"https:\\\/\\\/schema.org\",\"@graph\":[{\"@type\":\"WebPage\",\"@id\":\"https:\\\/\\\/revolutionpadelstore.com\\\/pt-pt\\\/produto\\\/siux-electra-st3-special-edition-5\\\/\",\"url\":\"https:\\\/\\\/revolutionpadelstore.com\\\/pt-pt\\\/produto\\\/siux-electra-st3-special-edition-5\\\/\",\"name\":\"SIUX ELECTRA ST3 SPECIAL EDITION - Revolution Padel Store\",\"isPartOf\":{\"@id\":\"https:\\\/\\\/revolutionpadelstore.com\\\/pt-pt\\\/#website\"},\"primaryImageOfPage\":{\"@id\":\"https:\\\/\\\/revolutionpadelstore.com\\\/pt-pt\\\/produto\\\/siux-electra-st3-special-edition-5\\\/#primaryimage\"},\"image\":{\"@id\":\"https:\\\/\\\/revolutionpadelstore.com\\\/pt-pt\\\/produto\\\/siux-electra-st3-special-edition-5\\\/#primaryimage\"},\"thumbnailUrl\":\"https:\\\/\\\/revolutionpadelstore.com\\\/wp-content\\\/uploads\\\/2024\\\/12\\\/114475-siux-electra-st3-special-edition-1500x1500-1.webp\",\"datePublished\":\"2024-12-10T17:19:47+00:00\",\"dateModified\":\"2026-04-08T07:23:38+00:00\",\"description\":\"Descubre la pala Siux Electra ST3 Special Edition dise\u00f1ada junto a Franco Stupaczuk. Ideal para jugadores avanzados y profesionales, combina potencia, control y versatilidad. \u00a1Disponible en Revolution Padel Store!\",\"breadcrumb\":{\"@id\":\"https:\\\/\\\/revolutionpadelstore.com\\\/pt-pt\\\/produto\\\/siux-electra-st3-special-edition-5\\\/#breadcrumb\"},\"inLanguage\":\"pt-PT\",\"potentialAction\":[{\"@type\":\"ReadAction\",\"target\":[\"https:\\\/\\\/revolutionpadelstore.com\\\/pt-pt\\\/produto\\\/siux-electra-st3-special-edition-5\\\/\"]}]},{\"@type\":\"ImageObject\",\"inLanguage\":\"pt-PT\",\"@id\":\"https:\\\/\\\/revolutionpadelstore.com\\\/pt-pt\\\/produto\\\/siux-electra-st3-special-edition-5\\\/#primaryimage\",\"url\":\"https:\\\/\\\/revolutionpadelstore.com\\\/wp-content\\\/uploads\\\/2024\\\/12\\\/114475-siux-electra-st3-special-edition-1500x1500-1.webp\",\"contentUrl\":\"https:\\\/\\\/revolutionpadelstore.com\\\/wp-content\\\/uploads\\\/2024\\\/12\\\/114475-siux-electra-st3-special-edition-1500x1500-1.webp\",\"width\":1500,\"height\":1500},{\"@type\":\"BreadcrumbList\",\"@id\":\"https:\\\/\\\/revolutionpadelstore.com\\\/pt-pt\\\/produto\\\/siux-electra-st3-special-edition-5\\\/#breadcrumb\",\"itemListElement\":[{\"@type\":\"ListItem\",\"position\":1,\"name\":\"Portada\",\"item\":\"https:\\\/\\\/revolutionpadelstore.com\\\/pt-pt\\\/\"},{\"@type\":\"ListItem\",\"position\":2,\"name\":\"Tienda\",\"item\":\"https:\\\/\\\/revolutionpadelstore.com\\\/pt-pt\\\/tienda\\\/\"},{\"@type\":\"ListItem\",\"position\":3,\"name\":\"SIUX ELECTRA ST3 SPECIAL EDITION\"}]},{\"@type\":\"WebSite\",\"@id\":\"https:\\\/\\\/revolutionpadelstore.com\\\/pt-pt\\\/#website\",\"url\":\"https:\\\/\\\/revolutionpadelstore.com\\\/pt-pt\\\/\",\"name\":\"Revolution Padel Store\",\"description\":\"\",\"publisher\":{\"@id\":\"https:\\\/\\\/revolutionpadelstore.com\\\/pt-pt\\\/#organization\"},\"potentialAction\":[{\"@type\":\"SearchAction\",\"target\":{\"@type\":\"EntryPoint\",\"urlTemplate\":\"https:\\\/\\\/revolutionpadelstore.com\\\/pt-pt\\\/?s={search_term_string}\"},\"query-input\":{\"@type\":\"PropertyValueSpecification\",\"valueRequired\":true,\"valueName\":\"search_term_string\"}}],\"inLanguage\":\"pt-PT\"},{\"@type\":\"Organization\",\"@id\":\"https:\\\/\\\/revolutionpadelstore.com\\\/pt-pt\\\/#organization\",\"name\":\"Revolution Padel Store\",\"url\":\"https:\\\/\\\/revolutionpadelstore.com\\\/pt-pt\\\/\",\"logo\":{\"@type\":\"ImageObject\",\"inLanguage\":\"pt-PT\",\"@id\":\"https:\\\/\\\/revolutionpadelstore.com\\\/pt-pt\\\/#\\\/schema\\\/logo\\\/image\\\/\",\"url\":\"https:\\\/\\\/revolutionpadelstore.com\\\/wp-content\\\/uploads\\\/2026\\\/02\\\/revolution-padel-store.jpg\",\"contentUrl\":\"https:\\\/\\\/revolutionpadelstore.com\\\/wp-content\\\/uploads\\\/2026\\\/02\\\/revolution-padel-store.jpg\",\"width\":2000,\"height\":2000,\"caption\":\"Revolution Padel Store\"},\"image\":{\"@id\":\"https:\\\/\\\/revolutionpadelstore.com\\\/pt-pt\\\/#\\\/schema\\\/logo\\\/image\\\/\"},\"sameAs\":[\"https:\\\/\\\/www.instagram.com\\\/revolutionpadelstore\\\/\"]}]}<\/script>\n<!-- \/ Yoast SEO plugin. -->","yoast_head_json":{"title":"SIUX ELECTRA ST3 SPECIAL EDITION - Revolution Padel Store","description":"Descubre la pala Siux Electra ST3 Special Edition dise\u00f1ada junto a Franco Stupaczuk. Ideal para jugadores avanzados y profesionales, combina potencia, control y versatilidad. \u00a1Disponible en Revolution Padel Store!","robots":{"index":"index","follow":"follow","max-snippet":"max-snippet:-1","max-image-preview":"max-image-preview:large","max-video-preview":"max-video-preview:-1"},"canonical":"https:\/\/revolutionpadelstore.com\/pt-pt\/produto\/siux-electra-st3-special-edition-5\/","og_locale":"pt_PT","og_type":"article","og_title":"SIUX ELECTRA ST3 SPECIAL EDITION - Revolution Padel Store","og_description":"Descubre la pala Siux Electra ST3 Special Edition dise\u00f1ada junto a Franco Stupaczuk. Ideal para jugadores avanzados y profesionales, combina potencia, control y versatilidad. \u00a1Disponible en Revolution Padel Store!","og_url":"https:\/\/revolutionpadelstore.com\/pt-pt\/produto\/siux-electra-st3-special-edition-5\/","og_site_name":"Revolution Padel Store","article_modified_time":"2026-04-08T07:23:38+00:00","og_image":[{"width":1500,"height":1500,"url":"https:\/\/revolutionpadelstore.com\/wp-content\/uploads\/2024\/12\/114475-siux-electra-st3-special-edition-1500x1500-1.webp","type":"image\/webp"}],"twitter_card":"summary_large_image","twitter_misc":{"Tempo estimado de leitura":"2 minutos"},"schema":{"@context":"https:\/\/schema.org","@graph":[{"@type":"WebPage","@id":"https:\/\/revolutionpadelstore.com\/pt-pt\/produto\/siux-electra-st3-special-edition-5\/","url":"https:\/\/revolutionpadelstore.com\/pt-pt\/produto\/siux-electra-st3-special-edition-5\/","name":"SIUX ELECTRA ST3 SPECIAL EDITION - Revolution Padel Store","isPartOf":{"@id":"https:\/\/revolutionpadelstore.com\/pt-pt\/#website"},"primaryImageOfPage":{"@id":"https:\/\/revolutionpadelstore.com\/pt-pt\/produto\/siux-electra-st3-special-edition-5\/#primaryimage"},"image":{"@id":"https:\/\/revolutionpadelstore.com\/pt-pt\/produto\/siux-electra-st3-special-edition-5\/#primaryimage"},"thumbnailUrl":"https:\/\/revolutionpadelstore.com\/wp-content\/uploads\/2024\/12\/114475-siux-electra-st3-special-edition-1500x1500-1.webp","datePublished":"2024-12-10T17:19:47+00:00","dateModified":"2026-04-08T07:23:38+00:00","description":"Descubre la pala Siux Electra ST3 Special Edition dise\u00f1ada junto a Franco Stupaczuk. Ideal para jugadores avanzados y profesionales, combina potencia, control y versatilidad. \u00a1Disponible en Revolution Padel Store!","breadcrumb":{"@id":"https:\/\/revolutionpadelstore.com\/pt-pt\/produto\/siux-electra-st3-special-edition-5\/#breadcrumb"},"inLanguage":"pt-PT","potentialAction":[{"@type":"ReadAction","target":["https:\/\/revolutionpadelstore.com\/pt-pt\/produto\/siux-electra-st3-special-edition-5\/"]}]},{"@type":"ImageObject","inLanguage":"pt-PT","@id":"https:\/\/revolutionpadelstore.com\/pt-pt\/produto\/siux-electra-st3-special-edition-5\/#primaryimage","url":"https:\/\/revolutionpadelstore.com\/wp-content\/uploads\/2024\/12\/114475-siux-electra-st3-special-edition-1500x1500-1.webp","contentUrl":"https:\/\/revolutionpadelstore.com\/wp-content\/uploads\/2024\/12\/114475-siux-electra-st3-special-edition-1500x1500-1.webp","width":1500,"height":1500},{"@type":"BreadcrumbList","@id":"https:\/\/revolutionpadelstore.com\/pt-pt\/produto\/siux-electra-st3-special-edition-5\/#breadcrumb","itemListElement":[{"@type":"ListItem","position":1,"name":"Portada","item":"https:\/\/revolutionpadelstore.com\/pt-pt\/"},{"@type":"ListItem","position":2,"name":"Tienda","item":"https:\/\/revolutionpadelstore.com\/pt-pt\/tienda\/"},{"@type":"ListItem","position":3,"name":"SIUX ELECTRA ST3 SPECIAL EDITION"}]},{"@type":"WebSite","@id":"https:\/\/revolutionpadelstore.com\/pt-pt\/#website","url":"https:\/\/revolutionpadelstore.com\/pt-pt\/","name":"Revolution Padel Store","description":"","publisher":{"@id":"https:\/\/revolutionpadelstore.com\/pt-pt\/#organization"},"potentialAction":[{"@type":"SearchAction","target":{"@type":"EntryPoint","urlTemplate":"https:\/\/revolutionpadelstore.com\/pt-pt\/?s={search_term_string}"},"query-input":{"@type":"PropertyValueSpecification","valueRequired":true,"valueName":"search_term_string"}}],"inLanguage":"pt-PT"},{"@type":"Organization","@id":"https:\/\/revolutionpadelstore.com\/pt-pt\/#organization","name":"Revolution Padel Store","url":"https:\/\/revolutionpadelstore.com\/pt-pt\/","logo":{"@type":"ImageObject","inLanguage":"pt-PT","@id":"https:\/\/revolutionpadelstore.com\/pt-pt\/#\/schema\/logo\/image\/","url":"https:\/\/revolutionpadelstore.com\/wp-content\/uploads\/2026\/02\/revolution-padel-store.jpg","contentUrl":"https:\/\/revolutionpadelstore.com\/wp-content\/uploads\/2026\/02\/revolution-padel-store.jpg","width":2000,"height":2000,"caption":"Revolution Padel Store"},"image":{"@id":"https:\/\/revolutionpadelstore.com\/pt-pt\/#\/schema\/logo\/image\/"},"sameAs":["https:\/\/www.instagram.com\/revolutionpadelstore\/"]}]}},"_links":{"self":[{"href":"https:\/\/revolutionpadelstore.com\/pt-pt\/wp-json\/wp\/v2\/product\/162759","targetHints":{"allow":["GET"]}}],"collection":[{"href":"https:\/\/revolutionpadelstore.com\/pt-pt\/wp-json\/wp\/v2\/product"}],"about":[{"href":"https:\/\/revolutionpadelstore.com\/pt-pt\/wp-json\/wp\/v2\/types\/product"}],"replies":[{"embeddable":true,"href":"https:\/\/revolutionpadelstore.com\/pt-pt\/wp-json\/wp\/v2\/comments?post=162759"}],"wp:featuredmedia":[{"embeddable":true,"href":"https:\/\/revolutionpadelstore.com\/pt-pt\/wp-json\/wp\/v2\/media\/154722"}],"wp:attachment":[{"href":"https:\/\/revolutionpadelstore.com\/pt-pt\/wp-json\/wp\/v2\/media?parent=162759"}],"wp:term":[{"taxonomy":"acabado","embeddable":true,"href":"https:\/\/revolutionpadelstore.com\/pt-pt\/wp-json\/wp\/v2\/acabado?post=162759"},{"taxonomy":"balance","embeddable":true,"href":"https:\/\/revolutionpadelstore.com\/pt-pt\/wp-json\/wp\/v2\/balance?post=162759"},{"taxonomy":"dureza","embeddable":true,"href":"https:\/\/revolutionpadelstore.com\/pt-pt\/wp-json\/wp\/v2\/dureza?post=162759"},{"taxonomy":"forma","embeddable":true,"href":"https:\/\/revolutionpadelstore.com\/pt-pt\/wp-json\/wp\/v2\/forma?post=162759"},{"taxonomy":"jugador","embeddable":true,"href":"https:\/\/revolutionpadelstore.com\/pt-pt\/wp-json\/wp\/v2\/jugador?post=162759"},{"taxonomy":"marca","embeddable":true,"href":"https:\/\/revolutionpadelstore.com\/pt-pt\/wp-json\/wp\/v2\/marca?post=162759"},{"taxonomy":"nivel-de-juego","embeddable":true,"href":"https:\/\/revolutionpadelstore.com\/pt-pt\/wp-json\/wp\/v2\/nivel-de-juego?post=162759"},{"taxonomy":"superficie","embeddable":true,"href":"https:\/\/revolutionpadelstore.com\/pt-pt\/wp-json\/wp\/v2\/superficie?post=162759"},{"taxonomy":"tipo-de-juego","embeddable":true,"href":"https:\/\/revolutionpadelstore.com\/pt-pt\/wp-json\/wp\/v2\/tipo-de-juego?post=162759"},{"taxonomy":"product_brand","embeddable":true,"href":"https:\/\/revolutionpadelstore.com\/pt-pt\/wp-json\/wp\/v2\/product_brand?post=162759"},{"taxonomy":"product_cat","embeddable":true,"href":"https:\/\/revolutionpadelstore.com\/pt-pt\/wp-json\/wp\/v2\/product_cat?post=162759"},{"taxonomy":"product_tag","embeddable":true,"href":"https:\/\/revolutionpadelstore.com\/pt-pt\/wp-json\/wp\/v2\/product_tag?post=162759"}],"curies":[{"name":"wp","href":"https:\/\/api.w.org\/{rel}","templated":true}]}}