{"id":162169,"date":"2024-12-29T21:28:27","date_gmt":"2024-12-29T20:28:27","guid":{"rendered":"https:\/\/revolutionpadelstore.com\/pantalon-bullpadel-gudina-004-azul-marino\/"},"modified":"2026-04-08T08:42:39","modified_gmt":"2026-04-08T06:42:39","slug":"pantalon-bullpadel-gudina-004-azul-marino-5","status":"publish","type":"product","link":"https:\/\/revolutionpadelstore.com\/pt-pt\/produto\/pantalon-bullpadel-gudina-004-azul-marino-5\/","title":{"rendered":"PANTAL\u00d3N BULLPADEL GUDINA 004 AZUL MARINO"},"content":{"rendered":"<p><H2> bullpadel gudina 004 cal\u00e7a azul marinho <\/h2>\n<p>A cal\u00e7a <strong> bullpadel gudina 004 em azul marinho <\/strong> \u00e9 a op\u00e7\u00e3o perfeita para quem busca conforto, estilo e funcionalidade em uma \u00fanica pe\u00e7a de roupa. Projetado especialmente para esportes e uso di\u00e1rio, esta cal\u00e7a se destaca por suas caracter\u00edsticas t\u00e9cnicas e materiais de alta qualidade.<br \/>\n<H2> caracter\u00edsticas excelentes: <\/h2>\n<p><strong>-Material de alta qualidade <\/strong>: Feito em tecido de bloqueio de poli\u00e9ster Perchado, oferece um toque suave e mant\u00e9m o calor, ideal para climas mais frescos.<\/p>\n<p><strong> -Hajuste confort\u00e1vel e seguro <\/strong>: Seu cinto de cabo ajust\u00e1vel permite um ajuste personalizado para mais conforto.<\/p>\n<p><strong>-bits pr\u00e1ticos <\/strong>: inclui bolsos inclinados, um deles com z\u00edper invis\u00edvel, para armazenar pequenos objetos com seguran\u00e7a.<\/p>\n<p><strong> Design funcional <\/strong>: z\u00edperes no baixo que facilitam seu uso com diferentes tipos de cal\u00e7ados.<\/p>\n<p><strong> -Durabilidade e estilo <\/strong>: fabricados para resistir ao desgaste do uso di\u00e1rio, com um design moderno e atraente.<br \/>\n<H2> Benef\u00edcios: <\/h2>\n<p><strong> -versatilidade <\/strong>: Perfeito para sess\u00f5es de treinamento, jogos de remo ou atividades casuais.<\/p>\n<p><strong> -trong&gt; Commodity t\u00e9rmica: ideal para mant\u00ea -lo aquecido e confort\u00e1vel durante suas atividades.<\/p>\n<p><strong> -Safe Alminging <\/strong>: Pegue seus pertences essenciais com seguran\u00e7a e acess\u00edvel.<br \/>\n<H2> Pegue seu bullpadel gudina 004 azul marinho<br \/>\nPegue esta cal\u00e7a essencial e use sua roupa de esportes para o pr\u00f3ximo n\u00edvel. Dispon\u00edvel agora em nossa loja on -line <a href=\"http:\/\/www.revolutionpadelstore.com\/\"> www.revolutionpadelstore.com <\/a>, provavelmente com o melhor pre\u00e7o de mercado.<\/p>\n<h2>Pantal\u00f3n Bullpadel Gudina 004 Azul Marino<\/h2>\n","protected":false},"excerpt":{"rendered":"<p>As cal\u00e7as bullpadel Gudina 004 em azul marinho s\u00e3o ideais para quem deseja combinar conforto, estilo e praticidade em uma \u00fanica pe\u00e7a de roupa. Pensou tanto em atividades esportivas quanto no dia a dia, esta cal\u00e7a se destaca por seu design t\u00e9cnico e pela qualidade superior de seus materiais.<\/p>\n","protected":false},"featured_media":157698,"comment_status":"open","ping_status":"closed","template":"","meta":{"_acf_changed":false,"_joinchat":[]},"acabado":[],"balance":[],"dureza":[],"forma":[],"jugador":[1190],"marca":[1255],"nivel-de-juego":[],"superficie":[],"tipo-de-juego":[],"product_brand":[],"product_cat":[330],"product_tag":[],"class_list":{"0":"post-162169","1":"product","2":"type-product","3":"status-publish","4":"has-post-thumbnail","6":"jugador-homem","7":"marca-bullpadel-pt-pt","8":"product_cat-roupa","10":"first","11":"outofstock","12":"sale","13":"taxable","14":"shipping-taxable","15":"purchasable","16":"product-type-variable"},"acf":[],"yoast_head":"<!-- This site is optimized with the Yoast SEO plugin v27.4 - https:\/\/yoast.com\/product\/yoast-seo-wordpress\/ -->\n<title>PANTAL\u00d3N BULLPADEL GUDINA 004 AZUL MARINO - Revolution Padel Store<\/title>\n<meta name=\"description\" content=\"Descubre el pantal\u00f3n Bullpadel Gudina 004 en azul marino. Confeccionado en tejido c\u00e1lido, ofrece ajuste personalizado, bolsillos pr\u00e1cticos y dise\u00f1o moderno. \u00a1Disponible en Revolution Padel Store!\" \/>\n<meta name=\"robots\" content=\"index, follow, max-snippet:-1, max-image-preview:large, max-video-preview:-1\" \/>\n<link rel=\"canonical\" href=\"https:\/\/revolutionpadelstore.com\/pt-pt\/produto\/pantalon-bullpadel-gudina-004-azul-marino-5\/\" \/>\n<meta property=\"og:locale\" content=\"pt_PT\" \/>\n<meta property=\"og:type\" content=\"article\" \/>\n<meta property=\"og:title\" content=\"PANTAL\u00d3N BULLPADEL GUDINA 004 AZUL MARINO - Revolution Padel Store\" \/>\n<meta property=\"og:description\" content=\"Descubre el pantal\u00f3n Bullpadel Gudina 004 en azul marino. Confeccionado en tejido c\u00e1lido, ofrece ajuste personalizado, bolsillos pr\u00e1cticos y dise\u00f1o moderno. \u00a1Disponible en Revolution Padel Store!\" \/>\n<meta property=\"og:url\" content=\"https:\/\/revolutionpadelstore.com\/pt-pt\/produto\/pantalon-bullpadel-gudina-004-azul-marino-5\/\" \/>\n<meta property=\"og:site_name\" content=\"Revolution Padel Store\" \/>\n<meta property=\"article:modified_time\" content=\"2026-04-08T06:42:39+00:00\" \/>\n<meta property=\"og:image\" content=\"https:\/\/revolutionpadelstore.com\/wp-content\/uploads\/2024\/12\/179E-9.png\" \/>\n\t<meta property=\"og:image:width\" content=\"1500\" \/>\n\t<meta property=\"og:image:height\" content=\"1500\" \/>\n\t<meta property=\"og:image:type\" content=\"image\/png\" \/>\n<meta name=\"twitter:card\" content=\"summary_large_image\" \/>\n<meta name=\"twitter:label1\" content=\"Tempo estimado de leitura\" \/>\n\t<meta name=\"twitter:data1\" content=\"1 minuto\" \/>\n<script type=\"application\/ld+json\" class=\"yoast-schema-graph\">{\"@context\":\"https:\\\/\\\/schema.org\",\"@graph\":[{\"@type\":\"WebPage\",\"@id\":\"https:\\\/\\\/revolutionpadelstore.com\\\/pt-pt\\\/produto\\\/pantalon-bullpadel-gudina-004-azul-marino-5\\\/\",\"url\":\"https:\\\/\\\/revolutionpadelstore.com\\\/pt-pt\\\/produto\\\/pantalon-bullpadel-gudina-004-azul-marino-5\\\/\",\"name\":\"PANTAL\u00d3N BULLPADEL GUDINA 004 AZUL MARINO - Revolution Padel Store\",\"isPartOf\":{\"@id\":\"https:\\\/\\\/revolutionpadelstore.com\\\/pt-pt\\\/#website\"},\"primaryImageOfPage\":{\"@id\":\"https:\\\/\\\/revolutionpadelstore.com\\\/pt-pt\\\/produto\\\/pantalon-bullpadel-gudina-004-azul-marino-5\\\/#primaryimage\"},\"image\":{\"@id\":\"https:\\\/\\\/revolutionpadelstore.com\\\/pt-pt\\\/produto\\\/pantalon-bullpadel-gudina-004-azul-marino-5\\\/#primaryimage\"},\"thumbnailUrl\":\"https:\\\/\\\/revolutionpadelstore.com\\\/wp-content\\\/uploads\\\/2024\\\/12\\\/179E-9.png\",\"datePublished\":\"2024-12-29T20:28:27+00:00\",\"dateModified\":\"2026-04-08T06:42:39+00:00\",\"description\":\"Descubre el pantal\u00f3n Bullpadel Gudina 004 en azul marino. Confeccionado en tejido c\u00e1lido, ofrece ajuste personalizado, bolsillos pr\u00e1cticos y dise\u00f1o moderno. \u00a1Disponible en Revolution Padel Store!\",\"breadcrumb\":{\"@id\":\"https:\\\/\\\/revolutionpadelstore.com\\\/pt-pt\\\/produto\\\/pantalon-bullpadel-gudina-004-azul-marino-5\\\/#breadcrumb\"},\"inLanguage\":\"pt-PT\",\"potentialAction\":[{\"@type\":\"ReadAction\",\"target\":[\"https:\\\/\\\/revolutionpadelstore.com\\\/pt-pt\\\/produto\\\/pantalon-bullpadel-gudina-004-azul-marino-5\\\/\"]}]},{\"@type\":\"ImageObject\",\"inLanguage\":\"pt-PT\",\"@id\":\"https:\\\/\\\/revolutionpadelstore.com\\\/pt-pt\\\/produto\\\/pantalon-bullpadel-gudina-004-azul-marino-5\\\/#primaryimage\",\"url\":\"https:\\\/\\\/revolutionpadelstore.com\\\/wp-content\\\/uploads\\\/2024\\\/12\\\/179E-9.png\",\"contentUrl\":\"https:\\\/\\\/revolutionpadelstore.com\\\/wp-content\\\/uploads\\\/2024\\\/12\\\/179E-9.png\",\"width\":1500,\"height\":1500},{\"@type\":\"BreadcrumbList\",\"@id\":\"https:\\\/\\\/revolutionpadelstore.com\\\/pt-pt\\\/produto\\\/pantalon-bullpadel-gudina-004-azul-marino-5\\\/#breadcrumb\",\"itemListElement\":[{\"@type\":\"ListItem\",\"position\":1,\"name\":\"Portada\",\"item\":\"https:\\\/\\\/revolutionpadelstore.com\\\/pt-pt\\\/\"},{\"@type\":\"ListItem\",\"position\":2,\"name\":\"Tienda\",\"item\":\"https:\\\/\\\/revolutionpadelstore.com\\\/pt-pt\\\/tienda\\\/\"},{\"@type\":\"ListItem\",\"position\":3,\"name\":\"PANTAL\u00d3N BULLPADEL GUDINA 004 AZUL MARINO\"}]},{\"@type\":\"WebSite\",\"@id\":\"https:\\\/\\\/revolutionpadelstore.com\\\/pt-pt\\\/#website\",\"url\":\"https:\\\/\\\/revolutionpadelstore.com\\\/pt-pt\\\/\",\"name\":\"Revolution Padel Store\",\"description\":\"\",\"publisher\":{\"@id\":\"https:\\\/\\\/revolutionpadelstore.com\\\/pt-pt\\\/#organization\"},\"potentialAction\":[{\"@type\":\"SearchAction\",\"target\":{\"@type\":\"EntryPoint\",\"urlTemplate\":\"https:\\\/\\\/revolutionpadelstore.com\\\/pt-pt\\\/?s={search_term_string}\"},\"query-input\":{\"@type\":\"PropertyValueSpecification\",\"valueRequired\":true,\"valueName\":\"search_term_string\"}}],\"inLanguage\":\"pt-PT\"},{\"@type\":\"Organization\",\"@id\":\"https:\\\/\\\/revolutionpadelstore.com\\\/pt-pt\\\/#organization\",\"name\":\"Revolution Padel Store\",\"url\":\"https:\\\/\\\/revolutionpadelstore.com\\\/pt-pt\\\/\",\"logo\":{\"@type\":\"ImageObject\",\"inLanguage\":\"pt-PT\",\"@id\":\"https:\\\/\\\/revolutionpadelstore.com\\\/pt-pt\\\/#\\\/schema\\\/logo\\\/image\\\/\",\"url\":\"https:\\\/\\\/revolutionpadelstore.com\\\/wp-content\\\/uploads\\\/2026\\\/02\\\/revolution-padel-store.jpg\",\"contentUrl\":\"https:\\\/\\\/revolutionpadelstore.com\\\/wp-content\\\/uploads\\\/2026\\\/02\\\/revolution-padel-store.jpg\",\"width\":2000,\"height\":2000,\"caption\":\"Revolution Padel Store\"},\"image\":{\"@id\":\"https:\\\/\\\/revolutionpadelstore.com\\\/pt-pt\\\/#\\\/schema\\\/logo\\\/image\\\/\"},\"sameAs\":[\"https:\\\/\\\/www.instagram.com\\\/revolutionpadelstore\\\/\"]}]}<\/script>\n<!-- \/ Yoast SEO plugin. -->","yoast_head_json":{"title":"PANTAL\u00d3N BULLPADEL GUDINA 004 AZUL MARINO - Revolution Padel Store","description":"Descubre el pantal\u00f3n Bullpadel Gudina 004 en azul marino. Confeccionado en tejido c\u00e1lido, ofrece ajuste personalizado, bolsillos pr\u00e1cticos y dise\u00f1o moderno. \u00a1Disponible en Revolution Padel Store!","robots":{"index":"index","follow":"follow","max-snippet":"max-snippet:-1","max-image-preview":"max-image-preview:large","max-video-preview":"max-video-preview:-1"},"canonical":"https:\/\/revolutionpadelstore.com\/pt-pt\/produto\/pantalon-bullpadel-gudina-004-azul-marino-5\/","og_locale":"pt_PT","og_type":"article","og_title":"PANTAL\u00d3N BULLPADEL GUDINA 004 AZUL MARINO - Revolution Padel Store","og_description":"Descubre el pantal\u00f3n Bullpadel Gudina 004 en azul marino. Confeccionado en tejido c\u00e1lido, ofrece ajuste personalizado, bolsillos pr\u00e1cticos y dise\u00f1o moderno. \u00a1Disponible en Revolution Padel Store!","og_url":"https:\/\/revolutionpadelstore.com\/pt-pt\/produto\/pantalon-bullpadel-gudina-004-azul-marino-5\/","og_site_name":"Revolution Padel Store","article_modified_time":"2026-04-08T06:42:39+00:00","og_image":[{"width":1500,"height":1500,"url":"https:\/\/revolutionpadelstore.com\/wp-content\/uploads\/2024\/12\/179E-9.png","type":"image\/png"}],"twitter_card":"summary_large_image","twitter_misc":{"Tempo estimado de leitura":"1 minuto"},"schema":{"@context":"https:\/\/schema.org","@graph":[{"@type":"WebPage","@id":"https:\/\/revolutionpadelstore.com\/pt-pt\/produto\/pantalon-bullpadel-gudina-004-azul-marino-5\/","url":"https:\/\/revolutionpadelstore.com\/pt-pt\/produto\/pantalon-bullpadel-gudina-004-azul-marino-5\/","name":"PANTAL\u00d3N BULLPADEL GUDINA 004 AZUL MARINO - Revolution Padel Store","isPartOf":{"@id":"https:\/\/revolutionpadelstore.com\/pt-pt\/#website"},"primaryImageOfPage":{"@id":"https:\/\/revolutionpadelstore.com\/pt-pt\/produto\/pantalon-bullpadel-gudina-004-azul-marino-5\/#primaryimage"},"image":{"@id":"https:\/\/revolutionpadelstore.com\/pt-pt\/produto\/pantalon-bullpadel-gudina-004-azul-marino-5\/#primaryimage"},"thumbnailUrl":"https:\/\/revolutionpadelstore.com\/wp-content\/uploads\/2024\/12\/179E-9.png","datePublished":"2024-12-29T20:28:27+00:00","dateModified":"2026-04-08T06:42:39+00:00","description":"Descubre el pantal\u00f3n Bullpadel Gudina 004 en azul marino. Confeccionado en tejido c\u00e1lido, ofrece ajuste personalizado, bolsillos pr\u00e1cticos y dise\u00f1o moderno. \u00a1Disponible en Revolution Padel Store!","breadcrumb":{"@id":"https:\/\/revolutionpadelstore.com\/pt-pt\/produto\/pantalon-bullpadel-gudina-004-azul-marino-5\/#breadcrumb"},"inLanguage":"pt-PT","potentialAction":[{"@type":"ReadAction","target":["https:\/\/revolutionpadelstore.com\/pt-pt\/produto\/pantalon-bullpadel-gudina-004-azul-marino-5\/"]}]},{"@type":"ImageObject","inLanguage":"pt-PT","@id":"https:\/\/revolutionpadelstore.com\/pt-pt\/produto\/pantalon-bullpadel-gudina-004-azul-marino-5\/#primaryimage","url":"https:\/\/revolutionpadelstore.com\/wp-content\/uploads\/2024\/12\/179E-9.png","contentUrl":"https:\/\/revolutionpadelstore.com\/wp-content\/uploads\/2024\/12\/179E-9.png","width":1500,"height":1500},{"@type":"BreadcrumbList","@id":"https:\/\/revolutionpadelstore.com\/pt-pt\/produto\/pantalon-bullpadel-gudina-004-azul-marino-5\/#breadcrumb","itemListElement":[{"@type":"ListItem","position":1,"name":"Portada","item":"https:\/\/revolutionpadelstore.com\/pt-pt\/"},{"@type":"ListItem","position":2,"name":"Tienda","item":"https:\/\/revolutionpadelstore.com\/pt-pt\/tienda\/"},{"@type":"ListItem","position":3,"name":"PANTAL\u00d3N BULLPADEL GUDINA 004 AZUL MARINO"}]},{"@type":"WebSite","@id":"https:\/\/revolutionpadelstore.com\/pt-pt\/#website","url":"https:\/\/revolutionpadelstore.com\/pt-pt\/","name":"Revolution Padel Store","description":"","publisher":{"@id":"https:\/\/revolutionpadelstore.com\/pt-pt\/#organization"},"potentialAction":[{"@type":"SearchAction","target":{"@type":"EntryPoint","urlTemplate":"https:\/\/revolutionpadelstore.com\/pt-pt\/?s={search_term_string}"},"query-input":{"@type":"PropertyValueSpecification","valueRequired":true,"valueName":"search_term_string"}}],"inLanguage":"pt-PT"},{"@type":"Organization","@id":"https:\/\/revolutionpadelstore.com\/pt-pt\/#organization","name":"Revolution Padel Store","url":"https:\/\/revolutionpadelstore.com\/pt-pt\/","logo":{"@type":"ImageObject","inLanguage":"pt-PT","@id":"https:\/\/revolutionpadelstore.com\/pt-pt\/#\/schema\/logo\/image\/","url":"https:\/\/revolutionpadelstore.com\/wp-content\/uploads\/2026\/02\/revolution-padel-store.jpg","contentUrl":"https:\/\/revolutionpadelstore.com\/wp-content\/uploads\/2026\/02\/revolution-padel-store.jpg","width":2000,"height":2000,"caption":"Revolution Padel Store"},"image":{"@id":"https:\/\/revolutionpadelstore.com\/pt-pt\/#\/schema\/logo\/image\/"},"sameAs":["https:\/\/www.instagram.com\/revolutionpadelstore\/"]}]}},"_links":{"self":[{"href":"https:\/\/revolutionpadelstore.com\/pt-pt\/wp-json\/wp\/v2\/product\/162169","targetHints":{"allow":["GET"]}}],"collection":[{"href":"https:\/\/revolutionpadelstore.com\/pt-pt\/wp-json\/wp\/v2\/product"}],"about":[{"href":"https:\/\/revolutionpadelstore.com\/pt-pt\/wp-json\/wp\/v2\/types\/product"}],"replies":[{"embeddable":true,"href":"https:\/\/revolutionpadelstore.com\/pt-pt\/wp-json\/wp\/v2\/comments?post=162169"}],"wp:featuredmedia":[{"embeddable":true,"href":"https:\/\/revolutionpadelstore.com\/pt-pt\/wp-json\/wp\/v2\/media\/157698"}],"wp:attachment":[{"href":"https:\/\/revolutionpadelstore.com\/pt-pt\/wp-json\/wp\/v2\/media?parent=162169"}],"wp:term":[{"taxonomy":"acabado","embeddable":true,"href":"https:\/\/revolutionpadelstore.com\/pt-pt\/wp-json\/wp\/v2\/acabado?post=162169"},{"taxonomy":"balance","embeddable":true,"href":"https:\/\/revolutionpadelstore.com\/pt-pt\/wp-json\/wp\/v2\/balance?post=162169"},{"taxonomy":"dureza","embeddable":true,"href":"https:\/\/revolutionpadelstore.com\/pt-pt\/wp-json\/wp\/v2\/dureza?post=162169"},{"taxonomy":"forma","embeddable":true,"href":"https:\/\/revolutionpadelstore.com\/pt-pt\/wp-json\/wp\/v2\/forma?post=162169"},{"taxonomy":"jugador","embeddable":true,"href":"https:\/\/revolutionpadelstore.com\/pt-pt\/wp-json\/wp\/v2\/jugador?post=162169"},{"taxonomy":"marca","embeddable":true,"href":"https:\/\/revolutionpadelstore.com\/pt-pt\/wp-json\/wp\/v2\/marca?post=162169"},{"taxonomy":"nivel-de-juego","embeddable":true,"href":"https:\/\/revolutionpadelstore.com\/pt-pt\/wp-json\/wp\/v2\/nivel-de-juego?post=162169"},{"taxonomy":"superficie","embeddable":true,"href":"https:\/\/revolutionpadelstore.com\/pt-pt\/wp-json\/wp\/v2\/superficie?post=162169"},{"taxonomy":"tipo-de-juego","embeddable":true,"href":"https:\/\/revolutionpadelstore.com\/pt-pt\/wp-json\/wp\/v2\/tipo-de-juego?post=162169"},{"taxonomy":"product_brand","embeddable":true,"href":"https:\/\/revolutionpadelstore.com\/pt-pt\/wp-json\/wp\/v2\/product_brand?post=162169"},{"taxonomy":"product_cat","embeddable":true,"href":"https:\/\/revolutionpadelstore.com\/pt-pt\/wp-json\/wp\/v2\/product_cat?post=162169"},{"taxonomy":"product_tag","embeddable":true,"href":"https:\/\/revolutionpadelstore.com\/pt-pt\/wp-json\/wp\/v2\/product_tag?post=162169"}],"curies":[{"name":"wp","href":"https:\/\/api.w.org\/{rel}","templated":true}]}}