{"id":162094,"date":"2025-01-20T08:37:29","date_gmt":"2025-01-20T07:37:29","guid":{"rendered":"https:\/\/revolutionpadelstore.com\/paletero-adidas-tour-3-4-negro\/"},"modified":"2026-04-08T08:20:51","modified_gmt":"2026-04-08T06:20:51","slug":"paletero-adidas-tour-3-4-negro-5","status":"publish","type":"product","link":"https:\/\/revolutionpadelstore.com\/pt-pt\/produto\/paletero-adidas-tour-3-4-negro-5\/","title":{"rendered":"PALETERO ADIDAS TOUR 3.4 NEGRO"},"content":{"rendered":"<p><H2> Paletero Adidas Tour 3.4 Black &#8211; Funcionalidade e estilo para jogadores exigentes <\/h2>\n<p>Descubra o <strong> paletero adidas Tour 3.4 Black <\/strong>, projetado para atender \u00e0s necessidades dos jogadores mais exigentes. Fabricado com materiais de alta qualidade, como <strong> nylon, poliuretano e poli\u00e9ster reciclado <\/strong>, este paletero combina resist\u00eancia, durabilidade e comprometimento ecol\u00f3gico <\/strong>, tornando -o o parceiro ideal para seu treinamento e competi\u00e7\u00f5es.<br \/>\n<H2> Caracter\u00edsticas principais <\/h2>\n<p><P> <strong> -emplio Storage Space: <\/strong> <\/p>\n<p><P>-compartimento principal com z\u00edper na parte traseira, ideal para organizar roupas e equipamentos esportivos<\/p>\n<p>-dois bolsos laterais com <strong> isolamento t\u00e9rmico <\/strong>, perfeito para proteger at\u00e9 <strong> 4 p\u00e1s <\/strong> de altera\u00e7\u00f5es de temperatura.<\/p>\n<p> compartimento de malha inferior com <strong> ventila\u00e7\u00e3o <\/strong>, perfeito para cal\u00e7ados, evitando maus odores<\/p>\n<p>-bolso superior para objetos pequenos, como chaves, m\u00f3veis ou carteira, garantindo f\u00e1cil acesso<br \/>\n<P> <strong> -tens confort\u00e1veis \u200b\u200be ergon\u00f4micos: <\/strong> <\/p>\n<p> <strong>-fechos ajust\u00e1veis \u200b\u200b<\/strong> com malha acolchoada que fornece um ajuste personalizado e conforto m\u00e1ximo.<\/p>\n<p>-design leve e resistente para mobilidade sem esfor\u00e7o.<br \/>\n<P style=\"text-align: esquerda\"> <strong> -dimens\u00f5es e capacidade: <\/strong> <\/p>\n<p><P>-mede: <strong> 39 x 55 x 27,5 cm <\/strong> <\/p>\n<p><P>-Capacidade: <strong> 54 litros <\/strong> <\/p>\n<p><H2> Benef\u00edcios do Paletero Adidas Tour 3.4 Black <\/h2>\n<p> <strong>-Prote\u00e7\u00e3o ideal: <\/strong> Gra\u00e7as aos seus compartimentos t\u00e9rmicos, suas l\u00e2minas sempre estar\u00e3o seguras.<br \/>\n<P> <strong> -Organiza\u00e7\u00e3o eficiente: <\/strong> Mantenha seu equipamento em ordem com seus m\u00faltiplos compartimentos especializados<\/p>\n<p> <strong> -Modern e elegante design: <\/strong> Seu acabamento preto combina estilo e funcionalidade em qualquer situa\u00e7\u00e3o.<br \/>\nN\u00e3o perca a oportunidade de melhorar sua experi\u00eancia na pista com o <strong> paletero adidas tour 3.4 preto <\/strong>, dispon\u00edvel em nossa loja online <strong> &lt;a href = &quot;https:\/\/chatgpt.com\/g\/g-675432e026888191b6ee6d6f2fdbb15e-timiza\u00e7\u00e3o do mercado!<\/p>\n<h2>Paletero Adidas Tour 3.4 Negro \u2013 Funcionalidad y Estilo para Jugadores Exigentes<\/h2>\n","protected":false},"excerpt":{"rendered":"<p>A Adidas Tour 3.4 Black Bag, projetada para ser pr\u00e1tica e ampla, permitindo que voc\u00ea transportasse seus pertences de maneira ordenada e segura. Possui compartimentos t\u00e9rmicos com capacidade para at\u00e9 4 l\u00e2minas.<\/p>\n","protected":false},"featured_media":160388,"comment_status":"open","ping_status":"closed","template":"","meta":{"_acf_changed":false,"_joinchat":[]},"acabado":[],"balance":[],"dureza":[],"forma":[],"jugador":[],"marca":[1230],"nivel-de-juego":[],"superficie":[],"tipo-de-juego":[],"product_brand":[],"product_cat":[316],"product_tag":[],"class_list":{"0":"post-162094","1":"product","2":"type-product","3":"status-publish","4":"has-post-thumbnail","6":"marca-adidas-pt-pt","7":"product_cat-bolsas-pt-pt","9":"first","10":"instock","11":"sale","12":"taxable","13":"shipping-taxable","14":"purchasable","15":"product-type-simple"},"acf":[],"yoast_head":"<!-- This site is optimized with the Yoast SEO plugin v27.4 - https:\/\/yoast.com\/product\/yoast-seo-wordpress\/ -->\n<title>PALETERO ADIDAS TOUR 3.4 NEGRO - Revolution Padel Store<\/title>\n<meta name=\"description\" content=\"Compra el Paletero Adidas Tour 3.4 Negro en nuestra tienda online. Gran capacidad, materiales de calidad y dise\u00f1o ergon\u00f3mico. \u00a1Env\u00edo r\u00e1pido y mejor precio garantizado!\" \/>\n<meta name=\"robots\" content=\"index, follow, max-snippet:-1, max-image-preview:large, max-video-preview:-1\" \/>\n<link rel=\"canonical\" href=\"https:\/\/revolutionpadelstore.com\/pt-pt\/produto\/paletero-adidas-tour-3-4-negro-5\/\" \/>\n<meta property=\"og:locale\" content=\"pt_PT\" \/>\n<meta property=\"og:type\" content=\"article\" \/>\n<meta property=\"og:title\" content=\"PALETERO ADIDAS TOUR 3.4 NEGRO - Revolution Padel Store\" \/>\n<meta property=\"og:description\" content=\"Compra el Paletero Adidas Tour 3.4 Negro en nuestra tienda online. Gran capacidad, materiales de calidad y dise\u00f1o ergon\u00f3mico. \u00a1Env\u00edo r\u00e1pido y mejor precio garantizado!\" \/>\n<meta property=\"og:url\" content=\"https:\/\/revolutionpadelstore.com\/pt-pt\/produto\/paletero-adidas-tour-3-4-negro-5\/\" \/>\n<meta property=\"og:site_name\" content=\"Revolution Padel Store\" \/>\n<meta property=\"article:modified_time\" content=\"2026-04-08T06:20:51+00:00\" \/>\n<meta property=\"og:image\" content=\"https:\/\/revolutionpadelstore.com\/wp-content\/uploads\/2025\/01\/113732-paletero-adidas-tour-black-3-4-ab2pa1u101500x1500-1.webp\" \/>\n\t<meta property=\"og:image:width\" content=\"1500\" \/>\n\t<meta property=\"og:image:height\" content=\"1500\" \/>\n\t<meta property=\"og:image:type\" content=\"image\/webp\" \/>\n<meta name=\"twitter:card\" content=\"summary_large_image\" \/>\n<meta name=\"twitter:label1\" content=\"Tempo estimado de leitura\" \/>\n\t<meta name=\"twitter:data1\" content=\"1 minuto\" \/>\n<script type=\"application\/ld+json\" class=\"yoast-schema-graph\">{\"@context\":\"https:\\\/\\\/schema.org\",\"@graph\":[{\"@type\":\"WebPage\",\"@id\":\"https:\\\/\\\/revolutionpadelstore.com\\\/pt-pt\\\/produto\\\/paletero-adidas-tour-3-4-negro-5\\\/\",\"url\":\"https:\\\/\\\/revolutionpadelstore.com\\\/pt-pt\\\/produto\\\/paletero-adidas-tour-3-4-negro-5\\\/\",\"name\":\"PALETERO ADIDAS TOUR 3.4 NEGRO - Revolution Padel Store\",\"isPartOf\":{\"@id\":\"https:\\\/\\\/revolutionpadelstore.com\\\/pt-pt\\\/#website\"},\"primaryImageOfPage\":{\"@id\":\"https:\\\/\\\/revolutionpadelstore.com\\\/pt-pt\\\/produto\\\/paletero-adidas-tour-3-4-negro-5\\\/#primaryimage\"},\"image\":{\"@id\":\"https:\\\/\\\/revolutionpadelstore.com\\\/pt-pt\\\/produto\\\/paletero-adidas-tour-3-4-negro-5\\\/#primaryimage\"},\"thumbnailUrl\":\"https:\\\/\\\/revolutionpadelstore.com\\\/wp-content\\\/uploads\\\/2025\\\/01\\\/113732-paletero-adidas-tour-black-3-4-ab2pa1u101500x1500-1.webp\",\"datePublished\":\"2025-01-20T07:37:29+00:00\",\"dateModified\":\"2026-04-08T06:20:51+00:00\",\"description\":\"Compra el Paletero Adidas Tour 3.4 Negro en nuestra tienda online. Gran capacidad, materiales de calidad y dise\u00f1o ergon\u00f3mico. \u00a1Env\u00edo r\u00e1pido y mejor precio garantizado!\",\"breadcrumb\":{\"@id\":\"https:\\\/\\\/revolutionpadelstore.com\\\/pt-pt\\\/produto\\\/paletero-adidas-tour-3-4-negro-5\\\/#breadcrumb\"},\"inLanguage\":\"pt-PT\",\"potentialAction\":[{\"@type\":\"ReadAction\",\"target\":[\"https:\\\/\\\/revolutionpadelstore.com\\\/pt-pt\\\/produto\\\/paletero-adidas-tour-3-4-negro-5\\\/\"]}]},{\"@type\":\"ImageObject\",\"inLanguage\":\"pt-PT\",\"@id\":\"https:\\\/\\\/revolutionpadelstore.com\\\/pt-pt\\\/produto\\\/paletero-adidas-tour-3-4-negro-5\\\/#primaryimage\",\"url\":\"https:\\\/\\\/revolutionpadelstore.com\\\/wp-content\\\/uploads\\\/2025\\\/01\\\/113732-paletero-adidas-tour-black-3-4-ab2pa1u101500x1500-1.webp\",\"contentUrl\":\"https:\\\/\\\/revolutionpadelstore.com\\\/wp-content\\\/uploads\\\/2025\\\/01\\\/113732-paletero-adidas-tour-black-3-4-ab2pa1u101500x1500-1.webp\",\"width\":1500,\"height\":1500},{\"@type\":\"BreadcrumbList\",\"@id\":\"https:\\\/\\\/revolutionpadelstore.com\\\/pt-pt\\\/produto\\\/paletero-adidas-tour-3-4-negro-5\\\/#breadcrumb\",\"itemListElement\":[{\"@type\":\"ListItem\",\"position\":1,\"name\":\"Portada\",\"item\":\"https:\\\/\\\/revolutionpadelstore.com\\\/pt-pt\\\/\"},{\"@type\":\"ListItem\",\"position\":2,\"name\":\"Tienda\",\"item\":\"https:\\\/\\\/revolutionpadelstore.com\\\/pt-pt\\\/tienda\\\/\"},{\"@type\":\"ListItem\",\"position\":3,\"name\":\"PALETERO ADIDAS TOUR 3.4 NEGRO\"}]},{\"@type\":\"WebSite\",\"@id\":\"https:\\\/\\\/revolutionpadelstore.com\\\/pt-pt\\\/#website\",\"url\":\"https:\\\/\\\/revolutionpadelstore.com\\\/pt-pt\\\/\",\"name\":\"Revolution Padel Store\",\"description\":\"\",\"publisher\":{\"@id\":\"https:\\\/\\\/revolutionpadelstore.com\\\/pt-pt\\\/#organization\"},\"potentialAction\":[{\"@type\":\"SearchAction\",\"target\":{\"@type\":\"EntryPoint\",\"urlTemplate\":\"https:\\\/\\\/revolutionpadelstore.com\\\/pt-pt\\\/?s={search_term_string}\"},\"query-input\":{\"@type\":\"PropertyValueSpecification\",\"valueRequired\":true,\"valueName\":\"search_term_string\"}}],\"inLanguage\":\"pt-PT\"},{\"@type\":\"Organization\",\"@id\":\"https:\\\/\\\/revolutionpadelstore.com\\\/pt-pt\\\/#organization\",\"name\":\"Revolution Padel Store\",\"url\":\"https:\\\/\\\/revolutionpadelstore.com\\\/pt-pt\\\/\",\"logo\":{\"@type\":\"ImageObject\",\"inLanguage\":\"pt-PT\",\"@id\":\"https:\\\/\\\/revolutionpadelstore.com\\\/pt-pt\\\/#\\\/schema\\\/logo\\\/image\\\/\",\"url\":\"https:\\\/\\\/revolutionpadelstore.com\\\/wp-content\\\/uploads\\\/2026\\\/02\\\/revolution-padel-store.jpg\",\"contentUrl\":\"https:\\\/\\\/revolutionpadelstore.com\\\/wp-content\\\/uploads\\\/2026\\\/02\\\/revolution-padel-store.jpg\",\"width\":2000,\"height\":2000,\"caption\":\"Revolution Padel Store\"},\"image\":{\"@id\":\"https:\\\/\\\/revolutionpadelstore.com\\\/pt-pt\\\/#\\\/schema\\\/logo\\\/image\\\/\"},\"sameAs\":[\"https:\\\/\\\/www.instagram.com\\\/revolutionpadelstore\\\/\"]}]}<\/script>\n<!-- \/ Yoast SEO plugin. -->","yoast_head_json":{"title":"PALETERO ADIDAS TOUR 3.4 NEGRO - Revolution Padel Store","description":"Compra el Paletero Adidas Tour 3.4 Negro en nuestra tienda online. Gran capacidad, materiales de calidad y dise\u00f1o ergon\u00f3mico. \u00a1Env\u00edo r\u00e1pido y mejor precio garantizado!","robots":{"index":"index","follow":"follow","max-snippet":"max-snippet:-1","max-image-preview":"max-image-preview:large","max-video-preview":"max-video-preview:-1"},"canonical":"https:\/\/revolutionpadelstore.com\/pt-pt\/produto\/paletero-adidas-tour-3-4-negro-5\/","og_locale":"pt_PT","og_type":"article","og_title":"PALETERO ADIDAS TOUR 3.4 NEGRO - Revolution Padel Store","og_description":"Compra el Paletero Adidas Tour 3.4 Negro en nuestra tienda online. Gran capacidad, materiales de calidad y dise\u00f1o ergon\u00f3mico. \u00a1Env\u00edo r\u00e1pido y mejor precio garantizado!","og_url":"https:\/\/revolutionpadelstore.com\/pt-pt\/produto\/paletero-adidas-tour-3-4-negro-5\/","og_site_name":"Revolution Padel Store","article_modified_time":"2026-04-08T06:20:51+00:00","og_image":[{"width":1500,"height":1500,"url":"https:\/\/revolutionpadelstore.com\/wp-content\/uploads\/2025\/01\/113732-paletero-adidas-tour-black-3-4-ab2pa1u101500x1500-1.webp","type":"image\/webp"}],"twitter_card":"summary_large_image","twitter_misc":{"Tempo estimado de leitura":"1 minuto"},"schema":{"@context":"https:\/\/schema.org","@graph":[{"@type":"WebPage","@id":"https:\/\/revolutionpadelstore.com\/pt-pt\/produto\/paletero-adidas-tour-3-4-negro-5\/","url":"https:\/\/revolutionpadelstore.com\/pt-pt\/produto\/paletero-adidas-tour-3-4-negro-5\/","name":"PALETERO ADIDAS TOUR 3.4 NEGRO - Revolution Padel Store","isPartOf":{"@id":"https:\/\/revolutionpadelstore.com\/pt-pt\/#website"},"primaryImageOfPage":{"@id":"https:\/\/revolutionpadelstore.com\/pt-pt\/produto\/paletero-adidas-tour-3-4-negro-5\/#primaryimage"},"image":{"@id":"https:\/\/revolutionpadelstore.com\/pt-pt\/produto\/paletero-adidas-tour-3-4-negro-5\/#primaryimage"},"thumbnailUrl":"https:\/\/revolutionpadelstore.com\/wp-content\/uploads\/2025\/01\/113732-paletero-adidas-tour-black-3-4-ab2pa1u101500x1500-1.webp","datePublished":"2025-01-20T07:37:29+00:00","dateModified":"2026-04-08T06:20:51+00:00","description":"Compra el Paletero Adidas Tour 3.4 Negro en nuestra tienda online. Gran capacidad, materiales de calidad y dise\u00f1o ergon\u00f3mico. \u00a1Env\u00edo r\u00e1pido y mejor precio garantizado!","breadcrumb":{"@id":"https:\/\/revolutionpadelstore.com\/pt-pt\/produto\/paletero-adidas-tour-3-4-negro-5\/#breadcrumb"},"inLanguage":"pt-PT","potentialAction":[{"@type":"ReadAction","target":["https:\/\/revolutionpadelstore.com\/pt-pt\/produto\/paletero-adidas-tour-3-4-negro-5\/"]}]},{"@type":"ImageObject","inLanguage":"pt-PT","@id":"https:\/\/revolutionpadelstore.com\/pt-pt\/produto\/paletero-adidas-tour-3-4-negro-5\/#primaryimage","url":"https:\/\/revolutionpadelstore.com\/wp-content\/uploads\/2025\/01\/113732-paletero-adidas-tour-black-3-4-ab2pa1u101500x1500-1.webp","contentUrl":"https:\/\/revolutionpadelstore.com\/wp-content\/uploads\/2025\/01\/113732-paletero-adidas-tour-black-3-4-ab2pa1u101500x1500-1.webp","width":1500,"height":1500},{"@type":"BreadcrumbList","@id":"https:\/\/revolutionpadelstore.com\/pt-pt\/produto\/paletero-adidas-tour-3-4-negro-5\/#breadcrumb","itemListElement":[{"@type":"ListItem","position":1,"name":"Portada","item":"https:\/\/revolutionpadelstore.com\/pt-pt\/"},{"@type":"ListItem","position":2,"name":"Tienda","item":"https:\/\/revolutionpadelstore.com\/pt-pt\/tienda\/"},{"@type":"ListItem","position":3,"name":"PALETERO ADIDAS TOUR 3.4 NEGRO"}]},{"@type":"WebSite","@id":"https:\/\/revolutionpadelstore.com\/pt-pt\/#website","url":"https:\/\/revolutionpadelstore.com\/pt-pt\/","name":"Revolution Padel Store","description":"","publisher":{"@id":"https:\/\/revolutionpadelstore.com\/pt-pt\/#organization"},"potentialAction":[{"@type":"SearchAction","target":{"@type":"EntryPoint","urlTemplate":"https:\/\/revolutionpadelstore.com\/pt-pt\/?s={search_term_string}"},"query-input":{"@type":"PropertyValueSpecification","valueRequired":true,"valueName":"search_term_string"}}],"inLanguage":"pt-PT"},{"@type":"Organization","@id":"https:\/\/revolutionpadelstore.com\/pt-pt\/#organization","name":"Revolution Padel Store","url":"https:\/\/revolutionpadelstore.com\/pt-pt\/","logo":{"@type":"ImageObject","inLanguage":"pt-PT","@id":"https:\/\/revolutionpadelstore.com\/pt-pt\/#\/schema\/logo\/image\/","url":"https:\/\/revolutionpadelstore.com\/wp-content\/uploads\/2026\/02\/revolution-padel-store.jpg","contentUrl":"https:\/\/revolutionpadelstore.com\/wp-content\/uploads\/2026\/02\/revolution-padel-store.jpg","width":2000,"height":2000,"caption":"Revolution Padel Store"},"image":{"@id":"https:\/\/revolutionpadelstore.com\/pt-pt\/#\/schema\/logo\/image\/"},"sameAs":["https:\/\/www.instagram.com\/revolutionpadelstore\/"]}]}},"_links":{"self":[{"href":"https:\/\/revolutionpadelstore.com\/pt-pt\/wp-json\/wp\/v2\/product\/162094","targetHints":{"allow":["GET"]}}],"collection":[{"href":"https:\/\/revolutionpadelstore.com\/pt-pt\/wp-json\/wp\/v2\/product"}],"about":[{"href":"https:\/\/revolutionpadelstore.com\/pt-pt\/wp-json\/wp\/v2\/types\/product"}],"replies":[{"embeddable":true,"href":"https:\/\/revolutionpadelstore.com\/pt-pt\/wp-json\/wp\/v2\/comments?post=162094"}],"wp:featuredmedia":[{"embeddable":true,"href":"https:\/\/revolutionpadelstore.com\/pt-pt\/wp-json\/wp\/v2\/media\/160388"}],"wp:attachment":[{"href":"https:\/\/revolutionpadelstore.com\/pt-pt\/wp-json\/wp\/v2\/media?parent=162094"}],"wp:term":[{"taxonomy":"acabado","embeddable":true,"href":"https:\/\/revolutionpadelstore.com\/pt-pt\/wp-json\/wp\/v2\/acabado?post=162094"},{"taxonomy":"balance","embeddable":true,"href":"https:\/\/revolutionpadelstore.com\/pt-pt\/wp-json\/wp\/v2\/balance?post=162094"},{"taxonomy":"dureza","embeddable":true,"href":"https:\/\/revolutionpadelstore.com\/pt-pt\/wp-json\/wp\/v2\/dureza?post=162094"},{"taxonomy":"forma","embeddable":true,"href":"https:\/\/revolutionpadelstore.com\/pt-pt\/wp-json\/wp\/v2\/forma?post=162094"},{"taxonomy":"jugador","embeddable":true,"href":"https:\/\/revolutionpadelstore.com\/pt-pt\/wp-json\/wp\/v2\/jugador?post=162094"},{"taxonomy":"marca","embeddable":true,"href":"https:\/\/revolutionpadelstore.com\/pt-pt\/wp-json\/wp\/v2\/marca?post=162094"},{"taxonomy":"nivel-de-juego","embeddable":true,"href":"https:\/\/revolutionpadelstore.com\/pt-pt\/wp-json\/wp\/v2\/nivel-de-juego?post=162094"},{"taxonomy":"superficie","embeddable":true,"href":"https:\/\/revolutionpadelstore.com\/pt-pt\/wp-json\/wp\/v2\/superficie?post=162094"},{"taxonomy":"tipo-de-juego","embeddable":true,"href":"https:\/\/revolutionpadelstore.com\/pt-pt\/wp-json\/wp\/v2\/tipo-de-juego?post=162094"},{"taxonomy":"product_brand","embeddable":true,"href":"https:\/\/revolutionpadelstore.com\/pt-pt\/wp-json\/wp\/v2\/product_brand?post=162094"},{"taxonomy":"product_cat","embeddable":true,"href":"https:\/\/revolutionpadelstore.com\/pt-pt\/wp-json\/wp\/v2\/product_cat?post=162094"},{"taxonomy":"product_tag","embeddable":true,"href":"https:\/\/revolutionpadelstore.com\/pt-pt\/wp-json\/wp\/v2\/product_tag?post=162094"}],"curies":[{"name":"wp","href":"https:\/\/api.w.org\/{rel}","templated":true}]}}