{"id":161801,"date":"2025-01-29T00:22:21","date_gmt":"2025-01-28T23:22:21","guid":{"rendered":"https:\/\/revolutionpadelstore.com\/sudadera-bullpadel-enif\/"},"modified":"2026-04-01T04:45:51","modified_gmt":"2026-04-01T02:45:51","slug":"sudadera-bullpadel-enif-5","status":"publish","type":"product","link":"https:\/\/revolutionpadelstore.com\/pt-pt\/produto\/sudadera-bullpadel-enif-5\/","title":{"rendered":"SUDADERA BULLPADEL ENIF"},"content":{"rendered":"<p><H2> Bullpadel Sweetshirt<br \/>\nAumente seu desempenho na pista e fora dela com o moletom feminino de <strong> bullpadel Enif <\/strong>, uma pe\u00e7a de roupa projetada para os jogadores mais exigentes. Com um corte <strong> entusiasmado <\/strong> que aprimora a figura, este moletom combina <strong> funcionalidade e estilo esportivos <\/strong>. Seus z\u00edpres centrais e bolsos com z\u00edperes invis\u00edveis fornecem um toque moderno e pr\u00e1tico, enquanto os punhos com dedos oferecem um ajuste perfeito e maior de conveni\u00eancia durante o jogo.<\/p>\n<p>Fabricado com <strong> poli\u00e9ster reciclado <\/strong> e elastan em tecido cati\u00f4nico, este moletom est\u00e1 comprometido com a <strong> sustentabilidade sem comprometer o desempenho <\/strong>. As inser\u00e7\u00f5es de malha estrategicamente localizadas melhoram a respirabilidade, proporcionando uma nova sensa\u00e7\u00e3o, mesmo nos momentos mais intensos. Al\u00e9m disso, a <strong> Drynamic Technology <\/strong> com microfilamentos ajuda a reduzir a umidade e manter a pele seca, maximizando seu conforto em cada treinamento ou parte.<br \/>\n<H2> caracter\u00edsticas excelentes: <\/h2>\n<p><P> <strong>-design e sustent\u00e1vel design <\/strong>: tecido de poli\u00e9ster de corte e reciclado com elastan.<\/p>\n<p> <strong>-Divrynamic Technology <\/strong>: favorece a transpira\u00e7\u00e3o e mant\u00e9m a pele seca.<br \/>\n<P> <strong>-bits invis\u00edveis <\/strong>: armazenamento seguro e discreto<br \/>\n<P> <strong> -pu\u00f1os com orif\u00edcio de polegar <\/strong>: ajuste confort\u00e1vel e funcional<br \/>\n<P> <strong> -Inscions da malha <\/strong>: Maior ventila\u00e7\u00e3o para conforto superior<br \/>\nPerfeito para os amantes da remo que procuram <strong> funcional, leve e ecol\u00f3gico Sportswear <\/strong>. Ideal para treinamento, festas ou atividades di\u00e1rias, este moletom garante a voc\u00ea <strong> mobilidade, respirabilidade e estilo <\/strong>.<\/p>\n<p><strong> Obtenha suas mulheres bullpadel enifr moletons em nossa loja on-line &lt;a href = &quot;https:\/\/chatgpt.com\/g\/g-675432e026888191b6ee6d6f2fdbb15e-ptimization-textos\/c\/wwwww.revolutionPadelpadelpadelpadelpadel.com&quot; Armazene <\/a>, provavelmente com o melhor pre\u00e7o de mercado<br \/>\n<H4> <\/h4>\n<h2>Sudadera Bullpadel Mujer Enif<\/h2>\n","protected":false},"excerpt":{"rendered":"<p>O moletom da mulher do bullpadel enif, feito de tecido reciclado e equipado com tecnologia dryn\u00e2mica, garante conforto, ventila\u00e7\u00e3o e um ajuste ideal para o seu treinamento.<\/p>\n","protected":false},"featured_media":161778,"comment_status":"open","ping_status":"closed","template":"","meta":{"_acf_changed":false,"_joinchat":[]},"acabado":[],"balance":[],"dureza":[],"forma":[],"jugador":[1195],"marca":[1255],"nivel-de-juego":[],"superficie":[],"tipo-de-juego":[],"product_brand":[],"product_cat":[330],"product_tag":[],"class_list":{"0":"post-161801","1":"product","2":"type-product","3":"status-publish","4":"has-post-thumbnail","6":"jugador-mulher","7":"marca-bullpadel-pt-pt","8":"product_cat-roupa","10":"first","11":"outofstock","12":"sale","13":"taxable","14":"shipping-taxable","15":"purchasable","16":"product-type-variable"},"acf":[],"yoast_head":"<!-- This site is optimized with the Yoast SEO plugin v27.3 - https:\/\/yoast.com\/product\/yoast-seo-wordpress\/ -->\n<title>SUDADERA BULLPADEL ENIF - Revolution Padel Store<\/title>\n<meta name=\"description\" content=\"Descubre la Sudadera Bullpadel Mujer Enif: dise\u00f1o entallado, tejido reciclado y tecnolog\u00eda Drynamic para m\u00e1xima comodidad y transpirabilidad. Disponible en Revolution Padel Store.\" \/>\n<meta name=\"robots\" content=\"index, follow, max-snippet:-1, max-image-preview:large, max-video-preview:-1\" \/>\n<link rel=\"canonical\" href=\"https:\/\/revolutionpadelstore.com\/pt-pt\/produto\/sudadera-bullpadel-enif-5\/\" \/>\n<meta property=\"og:locale\" content=\"pt_PT\" \/>\n<meta property=\"og:type\" content=\"article\" \/>\n<meta property=\"og:title\" content=\"SUDADERA BULLPADEL ENIF - Revolution Padel Store\" \/>\n<meta property=\"og:description\" content=\"Descubre la Sudadera Bullpadel Mujer Enif: dise\u00f1o entallado, tejido reciclado y tecnolog\u00eda Drynamic para m\u00e1xima comodidad y transpirabilidad. Disponible en Revolution Padel Store.\" \/>\n<meta property=\"og:url\" content=\"https:\/\/revolutionpadelstore.com\/pt-pt\/produto\/sudadera-bullpadel-enif-5\/\" \/>\n<meta property=\"og:site_name\" content=\"Revolution Padel Store\" \/>\n<meta property=\"article:modified_time\" content=\"2026-04-01T02:45:51+00:00\" \/>\n<meta property=\"og:image\" content=\"https:\/\/revolutionpadelstore.com\/wp-content\/uploads\/2025\/01\/114449_sudadera_bullpadel_mujer_enif__105_negro_vigore_1200x1200_1_54d5.webp\" \/>\n\t<meta property=\"og:image:width\" content=\"1200\" \/>\n\t<meta property=\"og:image:height\" content=\"1200\" \/>\n\t<meta property=\"og:image:type\" content=\"image\/webp\" \/>\n<meta name=\"twitter:card\" content=\"summary_large_image\" \/>\n<meta name=\"twitter:label1\" content=\"Tempo estimado de leitura\" \/>\n\t<meta name=\"twitter:data1\" content=\"2 minutos\" \/>\n<script type=\"application\/ld+json\" class=\"yoast-schema-graph\">{\"@context\":\"https:\\\/\\\/schema.org\",\"@graph\":[{\"@type\":\"WebPage\",\"@id\":\"https:\\\/\\\/revolutionpadelstore.com\\\/pt-pt\\\/produto\\\/sudadera-bullpadel-enif-5\\\/\",\"url\":\"https:\\\/\\\/revolutionpadelstore.com\\\/pt-pt\\\/produto\\\/sudadera-bullpadel-enif-5\\\/\",\"name\":\"SUDADERA BULLPADEL ENIF - Revolution Padel Store\",\"isPartOf\":{\"@id\":\"https:\\\/\\\/revolutionpadelstore.com\\\/pt-pt\\\/#website\"},\"primaryImageOfPage\":{\"@id\":\"https:\\\/\\\/revolutionpadelstore.com\\\/pt-pt\\\/produto\\\/sudadera-bullpadel-enif-5\\\/#primaryimage\"},\"image\":{\"@id\":\"https:\\\/\\\/revolutionpadelstore.com\\\/pt-pt\\\/produto\\\/sudadera-bullpadel-enif-5\\\/#primaryimage\"},\"thumbnailUrl\":\"https:\\\/\\\/revolutionpadelstore.com\\\/wp-content\\\/uploads\\\/2025\\\/01\\\/114449_sudadera_bullpadel_mujer_enif__105_negro_vigore_1200x1200_1_54d5.webp\",\"datePublished\":\"2025-01-28T23:22:21+00:00\",\"dateModified\":\"2026-04-01T02:45:51+00:00\",\"description\":\"Descubre la Sudadera Bullpadel Mujer Enif: dise\u00f1o entallado, tejido reciclado y tecnolog\u00eda Drynamic para m\u00e1xima comodidad y transpirabilidad. Disponible en Revolution Padel Store.\",\"breadcrumb\":{\"@id\":\"https:\\\/\\\/revolutionpadelstore.com\\\/pt-pt\\\/produto\\\/sudadera-bullpadel-enif-5\\\/#breadcrumb\"},\"inLanguage\":\"pt-PT\",\"potentialAction\":[{\"@type\":\"ReadAction\",\"target\":[\"https:\\\/\\\/revolutionpadelstore.com\\\/pt-pt\\\/produto\\\/sudadera-bullpadel-enif-5\\\/\"]}]},{\"@type\":\"ImageObject\",\"inLanguage\":\"pt-PT\",\"@id\":\"https:\\\/\\\/revolutionpadelstore.com\\\/pt-pt\\\/produto\\\/sudadera-bullpadel-enif-5\\\/#primaryimage\",\"url\":\"https:\\\/\\\/revolutionpadelstore.com\\\/wp-content\\\/uploads\\\/2025\\\/01\\\/114449_sudadera_bullpadel_mujer_enif__105_negro_vigore_1200x1200_1_54d5.webp\",\"contentUrl\":\"https:\\\/\\\/revolutionpadelstore.com\\\/wp-content\\\/uploads\\\/2025\\\/01\\\/114449_sudadera_bullpadel_mujer_enif__105_negro_vigore_1200x1200_1_54d5.webp\",\"width\":1200,\"height\":1200},{\"@type\":\"BreadcrumbList\",\"@id\":\"https:\\\/\\\/revolutionpadelstore.com\\\/pt-pt\\\/produto\\\/sudadera-bullpadel-enif-5\\\/#breadcrumb\",\"itemListElement\":[{\"@type\":\"ListItem\",\"position\":1,\"name\":\"Portada\",\"item\":\"https:\\\/\\\/revolutionpadelstore.com\\\/pt-pt\\\/\"},{\"@type\":\"ListItem\",\"position\":2,\"name\":\"Tienda\",\"item\":\"https:\\\/\\\/revolutionpadelstore.com\\\/pt-pt\\\/tienda\\\/\"},{\"@type\":\"ListItem\",\"position\":3,\"name\":\"SUDADERA BULLPADEL ENIF\"}]},{\"@type\":\"WebSite\",\"@id\":\"https:\\\/\\\/revolutionpadelstore.com\\\/pt-pt\\\/#website\",\"url\":\"https:\\\/\\\/revolutionpadelstore.com\\\/pt-pt\\\/\",\"name\":\"Revolution Padel Store\",\"description\":\"\",\"publisher\":{\"@id\":\"https:\\\/\\\/revolutionpadelstore.com\\\/pt-pt\\\/#organization\"},\"potentialAction\":[{\"@type\":\"SearchAction\",\"target\":{\"@type\":\"EntryPoint\",\"urlTemplate\":\"https:\\\/\\\/revolutionpadelstore.com\\\/pt-pt\\\/?s={search_term_string}\"},\"query-input\":{\"@type\":\"PropertyValueSpecification\",\"valueRequired\":true,\"valueName\":\"search_term_string\"}}],\"inLanguage\":\"pt-PT\"},{\"@type\":\"Organization\",\"@id\":\"https:\\\/\\\/revolutionpadelstore.com\\\/pt-pt\\\/#organization\",\"name\":\"Revolution Padel Store\",\"url\":\"https:\\\/\\\/revolutionpadelstore.com\\\/pt-pt\\\/\",\"logo\":{\"@type\":\"ImageObject\",\"inLanguage\":\"pt-PT\",\"@id\":\"https:\\\/\\\/revolutionpadelstore.com\\\/pt-pt\\\/#\\\/schema\\\/logo\\\/image\\\/\",\"url\":\"https:\\\/\\\/revolutionpadelstore.com\\\/wp-content\\\/uploads\\\/2026\\\/02\\\/revolution-padel-store.jpg\",\"contentUrl\":\"https:\\\/\\\/revolutionpadelstore.com\\\/wp-content\\\/uploads\\\/2026\\\/02\\\/revolution-padel-store.jpg\",\"width\":2000,\"height\":2000,\"caption\":\"Revolution Padel Store\"},\"image\":{\"@id\":\"https:\\\/\\\/revolutionpadelstore.com\\\/pt-pt\\\/#\\\/schema\\\/logo\\\/image\\\/\"},\"sameAs\":[\"https:\\\/\\\/www.instagram.com\\\/revolutionpadelstore\\\/\"]}]}<\/script>\n<!-- \/ Yoast SEO plugin. -->","yoast_head_json":{"title":"SUDADERA BULLPADEL ENIF - Revolution Padel Store","description":"Descubre la Sudadera Bullpadel Mujer Enif: dise\u00f1o entallado, tejido reciclado y tecnolog\u00eda Drynamic para m\u00e1xima comodidad y transpirabilidad. Disponible en Revolution Padel Store.","robots":{"index":"index","follow":"follow","max-snippet":"max-snippet:-1","max-image-preview":"max-image-preview:large","max-video-preview":"max-video-preview:-1"},"canonical":"https:\/\/revolutionpadelstore.com\/pt-pt\/produto\/sudadera-bullpadel-enif-5\/","og_locale":"pt_PT","og_type":"article","og_title":"SUDADERA BULLPADEL ENIF - Revolution Padel Store","og_description":"Descubre la Sudadera Bullpadel Mujer Enif: dise\u00f1o entallado, tejido reciclado y tecnolog\u00eda Drynamic para m\u00e1xima comodidad y transpirabilidad. Disponible en Revolution Padel Store.","og_url":"https:\/\/revolutionpadelstore.com\/pt-pt\/produto\/sudadera-bullpadel-enif-5\/","og_site_name":"Revolution Padel Store","article_modified_time":"2026-04-01T02:45:51+00:00","og_image":[{"width":1200,"height":1200,"url":"https:\/\/revolutionpadelstore.com\/wp-content\/uploads\/2025\/01\/114449_sudadera_bullpadel_mujer_enif__105_negro_vigore_1200x1200_1_54d5.webp","type":"image\/webp"}],"twitter_card":"summary_large_image","twitter_misc":{"Tempo estimado de leitura":"2 minutos"},"schema":{"@context":"https:\/\/schema.org","@graph":[{"@type":"WebPage","@id":"https:\/\/revolutionpadelstore.com\/pt-pt\/produto\/sudadera-bullpadel-enif-5\/","url":"https:\/\/revolutionpadelstore.com\/pt-pt\/produto\/sudadera-bullpadel-enif-5\/","name":"SUDADERA BULLPADEL ENIF - Revolution Padel Store","isPartOf":{"@id":"https:\/\/revolutionpadelstore.com\/pt-pt\/#website"},"primaryImageOfPage":{"@id":"https:\/\/revolutionpadelstore.com\/pt-pt\/produto\/sudadera-bullpadel-enif-5\/#primaryimage"},"image":{"@id":"https:\/\/revolutionpadelstore.com\/pt-pt\/produto\/sudadera-bullpadel-enif-5\/#primaryimage"},"thumbnailUrl":"https:\/\/revolutionpadelstore.com\/wp-content\/uploads\/2025\/01\/114449_sudadera_bullpadel_mujer_enif__105_negro_vigore_1200x1200_1_54d5.webp","datePublished":"2025-01-28T23:22:21+00:00","dateModified":"2026-04-01T02:45:51+00:00","description":"Descubre la Sudadera Bullpadel Mujer Enif: dise\u00f1o entallado, tejido reciclado y tecnolog\u00eda Drynamic para m\u00e1xima comodidad y transpirabilidad. Disponible en Revolution Padel Store.","breadcrumb":{"@id":"https:\/\/revolutionpadelstore.com\/pt-pt\/produto\/sudadera-bullpadel-enif-5\/#breadcrumb"},"inLanguage":"pt-PT","potentialAction":[{"@type":"ReadAction","target":["https:\/\/revolutionpadelstore.com\/pt-pt\/produto\/sudadera-bullpadel-enif-5\/"]}]},{"@type":"ImageObject","inLanguage":"pt-PT","@id":"https:\/\/revolutionpadelstore.com\/pt-pt\/produto\/sudadera-bullpadel-enif-5\/#primaryimage","url":"https:\/\/revolutionpadelstore.com\/wp-content\/uploads\/2025\/01\/114449_sudadera_bullpadel_mujer_enif__105_negro_vigore_1200x1200_1_54d5.webp","contentUrl":"https:\/\/revolutionpadelstore.com\/wp-content\/uploads\/2025\/01\/114449_sudadera_bullpadel_mujer_enif__105_negro_vigore_1200x1200_1_54d5.webp","width":1200,"height":1200},{"@type":"BreadcrumbList","@id":"https:\/\/revolutionpadelstore.com\/pt-pt\/produto\/sudadera-bullpadel-enif-5\/#breadcrumb","itemListElement":[{"@type":"ListItem","position":1,"name":"Portada","item":"https:\/\/revolutionpadelstore.com\/pt-pt\/"},{"@type":"ListItem","position":2,"name":"Tienda","item":"https:\/\/revolutionpadelstore.com\/pt-pt\/tienda\/"},{"@type":"ListItem","position":3,"name":"SUDADERA BULLPADEL ENIF"}]},{"@type":"WebSite","@id":"https:\/\/revolutionpadelstore.com\/pt-pt\/#website","url":"https:\/\/revolutionpadelstore.com\/pt-pt\/","name":"Revolution Padel Store","description":"","publisher":{"@id":"https:\/\/revolutionpadelstore.com\/pt-pt\/#organization"},"potentialAction":[{"@type":"SearchAction","target":{"@type":"EntryPoint","urlTemplate":"https:\/\/revolutionpadelstore.com\/pt-pt\/?s={search_term_string}"},"query-input":{"@type":"PropertyValueSpecification","valueRequired":true,"valueName":"search_term_string"}}],"inLanguage":"pt-PT"},{"@type":"Organization","@id":"https:\/\/revolutionpadelstore.com\/pt-pt\/#organization","name":"Revolution Padel Store","url":"https:\/\/revolutionpadelstore.com\/pt-pt\/","logo":{"@type":"ImageObject","inLanguage":"pt-PT","@id":"https:\/\/revolutionpadelstore.com\/pt-pt\/#\/schema\/logo\/image\/","url":"https:\/\/revolutionpadelstore.com\/wp-content\/uploads\/2026\/02\/revolution-padel-store.jpg","contentUrl":"https:\/\/revolutionpadelstore.com\/wp-content\/uploads\/2026\/02\/revolution-padel-store.jpg","width":2000,"height":2000,"caption":"Revolution Padel Store"},"image":{"@id":"https:\/\/revolutionpadelstore.com\/pt-pt\/#\/schema\/logo\/image\/"},"sameAs":["https:\/\/www.instagram.com\/revolutionpadelstore\/"]}]}},"_links":{"self":[{"href":"https:\/\/revolutionpadelstore.com\/pt-pt\/wp-json\/wp\/v2\/product\/161801","targetHints":{"allow":["GET"]}}],"collection":[{"href":"https:\/\/revolutionpadelstore.com\/pt-pt\/wp-json\/wp\/v2\/product"}],"about":[{"href":"https:\/\/revolutionpadelstore.com\/pt-pt\/wp-json\/wp\/v2\/types\/product"}],"replies":[{"embeddable":true,"href":"https:\/\/revolutionpadelstore.com\/pt-pt\/wp-json\/wp\/v2\/comments?post=161801"}],"wp:featuredmedia":[{"embeddable":true,"href":"https:\/\/revolutionpadelstore.com\/pt-pt\/wp-json\/wp\/v2\/media\/161778"}],"wp:attachment":[{"href":"https:\/\/revolutionpadelstore.com\/pt-pt\/wp-json\/wp\/v2\/media?parent=161801"}],"wp:term":[{"taxonomy":"acabado","embeddable":true,"href":"https:\/\/revolutionpadelstore.com\/pt-pt\/wp-json\/wp\/v2\/acabado?post=161801"},{"taxonomy":"balance","embeddable":true,"href":"https:\/\/revolutionpadelstore.com\/pt-pt\/wp-json\/wp\/v2\/balance?post=161801"},{"taxonomy":"dureza","embeddable":true,"href":"https:\/\/revolutionpadelstore.com\/pt-pt\/wp-json\/wp\/v2\/dureza?post=161801"},{"taxonomy":"forma","embeddable":true,"href":"https:\/\/revolutionpadelstore.com\/pt-pt\/wp-json\/wp\/v2\/forma?post=161801"},{"taxonomy":"jugador","embeddable":true,"href":"https:\/\/revolutionpadelstore.com\/pt-pt\/wp-json\/wp\/v2\/jugador?post=161801"},{"taxonomy":"marca","embeddable":true,"href":"https:\/\/revolutionpadelstore.com\/pt-pt\/wp-json\/wp\/v2\/marca?post=161801"},{"taxonomy":"nivel-de-juego","embeddable":true,"href":"https:\/\/revolutionpadelstore.com\/pt-pt\/wp-json\/wp\/v2\/nivel-de-juego?post=161801"},{"taxonomy":"superficie","embeddable":true,"href":"https:\/\/revolutionpadelstore.com\/pt-pt\/wp-json\/wp\/v2\/superficie?post=161801"},{"taxonomy":"tipo-de-juego","embeddable":true,"href":"https:\/\/revolutionpadelstore.com\/pt-pt\/wp-json\/wp\/v2\/tipo-de-juego?post=161801"},{"taxonomy":"product_brand","embeddable":true,"href":"https:\/\/revolutionpadelstore.com\/pt-pt\/wp-json\/wp\/v2\/product_brand?post=161801"},{"taxonomy":"product_cat","embeddable":true,"href":"https:\/\/revolutionpadelstore.com\/pt-pt\/wp-json\/wp\/v2\/product_cat?post=161801"},{"taxonomy":"product_tag","embeddable":true,"href":"https:\/\/revolutionpadelstore.com\/pt-pt\/wp-json\/wp\/v2\/product_tag?post=161801"}],"curies":[{"name":"wp","href":"https:\/\/api.w.org\/{rel}","templated":true}]}}