{"id":161718,"date":"2025-01-28T23:56:45","date_gmt":"2025-01-28T22:56:45","guid":{"rendered":"https:\/\/revolutionpadelstore.com\/paletero-bullpadel-tour-048\/"},"modified":"2026-04-08T07:57:38","modified_gmt":"2026-04-08T05:57:38","slug":"paletero-bullpadel-tour-verde-azulado-048-5","status":"publish","type":"product","link":"https:\/\/revolutionpadelstore.com\/pt-pt\/produto\/paletero-bullpadel-tour-verde-azulado-048-5\/","title":{"rendered":"PALETERO BULLPADEL TOUR VERDE AZULADO 048"},"content":{"rendered":"<p><H2> Paletero bullpadel Tour 048 Bluish verde &#8211; conforto, estilo e resist\u00eancia <\/h2>\n<p>O <strong> Paletero Bullpadel Bluish Green Tour <\/strong> foi projetado para oferecer o equil\u00edbrio perfeito entre leveza e durabilidade, gra\u00e7as \u00e0 sua composi\u00e7\u00e3o no <strong> poli\u00e9ster 600D <\/strong>. Esse material resistente garante uma vida \u00fatil longa, apoiando o desgaste di\u00e1rio. Com <strong> 56x29x28 cm <\/strong> Dimens\u00f5es, sua capacidade m\u00e9dia \u00e9 ideal para jogadores que procuram uma solu\u00e7\u00e3o compacta, mas espa\u00e7osa para sua equipe de remo.<br \/>\n<H2> Espa\u00e7o e prote\u00e7\u00e3o para todo o essencial <\/h2>\n<p>Este paletero se destaca por seu design funcional e pr\u00e1tico, incorporando v\u00e1rios compartimentos que facilitam a organiza\u00e7\u00e3o do seu equipamento:<br \/>\n<P> <strong> -tan compartimento principal: <\/strong> Perfeito para manter roupas, toalhas e acess\u00f3rios essenciais<br \/>\n<P> <strong>-preenchimento exclusivo para l\u00e2minas: <\/strong> projetado para proteger at\u00e9 duas l\u00e2minas durante o transporte, evitando golpes ou arranh\u00f5es.<br \/>\n<P> <strong>-costas laterais corosos: <\/strong> oferece acesso r\u00e1pido e confort\u00e1vel a seus objetos pessoais, como chaves, celular ou portf\u00f3lio.<\/p>\n<p><H2> Principais recursos do tour bullpadel 048 <\/h2>\n<p><P> <strong>-Material resistente a: <\/strong> feito de poli\u00e9ster 600D, leve e dur\u00e1vel<\/p>\n<p> <strong>-dimens\u00f5es ideais: <\/strong> 56x29x28 cm, perfeito para transportar tudo essencial.<br \/>\n<P> <strong> -Bely: <\/strong> o suficiente para atender \u00e0s necessidades de qualquer jogador<br \/>\n<P> <strong> -Prote\u00e7\u00e3o para suas l\u00e2minas: <\/strong> Compartimento acolchoado para maior seguran\u00e7a<\/p>\n<p> <strong> -Pre Rapid: <\/strong> Bolso lateral pr\u00e1tico para pequenos acess\u00f3rios<\/p>\n<p><H2> Por que escolher o tour bullpadel 2025?<br \/>\nCom seu design elegante em verde azulado, este paletero n\u00e3o apenas oferece funcionalidade, mas tamb\u00e9m estilo. \u00c9 a escolha ideal para jogadores que priorizam o <strong> conforto, prote\u00e7\u00e3o e um design compacto <\/strong>, tornando -se o parceiro perfeito em cada jogo.<br \/>\n<H2> Entenda hoje!<br \/>\nO <strong> Paletero Bullpadel Bluish Green Tour <\/strong> j\u00e1 est\u00e1 dispon\u00edvel em nossa loja on -line <strong> <a href=\"https:\/\/www.revolutionpadelstore.com\/\"> Revolution Padel Store <\/a>&gt;, provavelmente O melhor pre\u00e7o de mercado <\/strong>. Fa\u00e7a seu pedido agora e use sua equipe com estilo e seguran\u00e7a.<\/p>\n<h2>Paletero Bullpadel Tour 048 Verde Azulado \u2013 Comodidad, Estilo y Resistencia<\/h2>\n","protected":false},"excerpt":{"rendered":"<p>Paletero Bullpadel BPP25015 Tour em Blue Green, ideal para alcan\u00e7ar a pista com estilo e totalmente equipado para o sucesso. Feito com poli\u00e9ster 600D e projetado para armazenar at\u00e9 2 l\u00e2minas.<\/p>\n","protected":false},"featured_media":161713,"comment_status":"open","ping_status":"closed","template":"","meta":{"_acf_changed":false,"_joinchat":[]},"acabado":[],"balance":[],"dureza":[],"forma":[],"jugador":[],"marca":[1255],"nivel-de-juego":[],"superficie":[],"tipo-de-juego":[],"product_brand":[],"product_cat":[316],"product_tag":[],"class_list":{"0":"post-161718","1":"product","2":"type-product","3":"status-publish","4":"has-post-thumbnail","6":"marca-bullpadel-pt-pt","7":"product_cat-bolsas-pt-pt","9":"first","10":"outofstock","11":"sale","12":"taxable","13":"shipping-taxable","14":"purchasable","15":"product-type-simple"},"acf":[],"yoast_head":"<!-- This site is optimized with the Yoast SEO plugin v27.4 - https:\/\/yoast.com\/product\/yoast-seo-wordpress\/ -->\n<title>PALETERO BULLPADEL TOUR VERDE AZULADO 048 - Revolution Padel Store<\/title>\n<meta name=\"description\" content=\"Descubre el Paletero Bullpadel BPP-25015 Tour Verde Azulado. Dise\u00f1o compacto, protecci\u00f3n para tus palas y materiales resistentes. \u00a1C\u00f3mpralo en Revolution Padel Store al mejor precio!\" \/>\n<meta name=\"robots\" content=\"index, follow, max-snippet:-1, max-image-preview:large, max-video-preview:-1\" \/>\n<link rel=\"canonical\" href=\"https:\/\/revolutionpadelstore.com\/pt-pt\/produto\/paletero-bullpadel-tour-verde-azulado-048-5\/\" \/>\n<meta property=\"og:locale\" content=\"pt_PT\" \/>\n<meta property=\"og:type\" content=\"article\" \/>\n<meta property=\"og:title\" content=\"PALETERO BULLPADEL TOUR VERDE AZULADO 048 - Revolution Padel Store\" \/>\n<meta property=\"og:description\" content=\"Descubre el Paletero Bullpadel BPP-25015 Tour Verde Azulado. Dise\u00f1o compacto, protecci\u00f3n para tus palas y materiales resistentes. \u00a1C\u00f3mpralo en Revolution Padel Store al mejor precio!\" \/>\n<meta property=\"og:url\" content=\"https:\/\/revolutionpadelstore.com\/pt-pt\/produto\/paletero-bullpadel-tour-verde-azulado-048-5\/\" \/>\n<meta property=\"og:site_name\" content=\"Revolution Padel Store\" \/>\n<meta property=\"article:modified_time\" content=\"2026-04-08T05:57:38+00:00\" \/>\n<meta property=\"og:image\" content=\"https:\/\/revolutionpadelstore.com\/wp-content\/uploads\/2025\/01\/paletero-bullpadel-tour-bpp25015-verde-azulado-1100x1100-1.jpg\" \/>\n\t<meta property=\"og:image:width\" content=\"1100\" \/>\n\t<meta property=\"og:image:height\" content=\"1100\" \/>\n\t<meta property=\"og:image:type\" content=\"image\/jpeg\" \/>\n<meta name=\"twitter:card\" content=\"summary_large_image\" \/>\n<meta name=\"twitter:label1\" content=\"Tempo estimado de leitura\" \/>\n\t<meta name=\"twitter:data1\" content=\"2 minutos\" \/>\n<script type=\"application\/ld+json\" class=\"yoast-schema-graph\">{\"@context\":\"https:\\\/\\\/schema.org\",\"@graph\":[{\"@type\":\"WebPage\",\"@id\":\"https:\\\/\\\/revolutionpadelstore.com\\\/pt-pt\\\/produto\\\/paletero-bullpadel-tour-verde-azulado-048-5\\\/\",\"url\":\"https:\\\/\\\/revolutionpadelstore.com\\\/pt-pt\\\/produto\\\/paletero-bullpadel-tour-verde-azulado-048-5\\\/\",\"name\":\"PALETERO BULLPADEL TOUR VERDE AZULADO 048 - Revolution Padel Store\",\"isPartOf\":{\"@id\":\"https:\\\/\\\/revolutionpadelstore.com\\\/pt-pt\\\/#website\"},\"primaryImageOfPage\":{\"@id\":\"https:\\\/\\\/revolutionpadelstore.com\\\/pt-pt\\\/produto\\\/paletero-bullpadel-tour-verde-azulado-048-5\\\/#primaryimage\"},\"image\":{\"@id\":\"https:\\\/\\\/revolutionpadelstore.com\\\/pt-pt\\\/produto\\\/paletero-bullpadel-tour-verde-azulado-048-5\\\/#primaryimage\"},\"thumbnailUrl\":\"https:\\\/\\\/revolutionpadelstore.com\\\/wp-content\\\/uploads\\\/2025\\\/01\\\/paletero-bullpadel-tour-bpp25015-verde-azulado-1100x1100-1.jpg\",\"datePublished\":\"2025-01-28T22:56:45+00:00\",\"dateModified\":\"2026-04-08T05:57:38+00:00\",\"description\":\"Descubre el Paletero Bullpadel BPP-25015 Tour Verde Azulado. Dise\u00f1o compacto, protecci\u00f3n para tus palas y materiales resistentes. \u00a1C\u00f3mpralo en Revolution Padel Store al mejor precio!\",\"breadcrumb\":{\"@id\":\"https:\\\/\\\/revolutionpadelstore.com\\\/pt-pt\\\/produto\\\/paletero-bullpadel-tour-verde-azulado-048-5\\\/#breadcrumb\"},\"inLanguage\":\"pt-PT\",\"potentialAction\":[{\"@type\":\"ReadAction\",\"target\":[\"https:\\\/\\\/revolutionpadelstore.com\\\/pt-pt\\\/produto\\\/paletero-bullpadel-tour-verde-azulado-048-5\\\/\"]}]},{\"@type\":\"ImageObject\",\"inLanguage\":\"pt-PT\",\"@id\":\"https:\\\/\\\/revolutionpadelstore.com\\\/pt-pt\\\/produto\\\/paletero-bullpadel-tour-verde-azulado-048-5\\\/#primaryimage\",\"url\":\"https:\\\/\\\/revolutionpadelstore.com\\\/wp-content\\\/uploads\\\/2025\\\/01\\\/paletero-bullpadel-tour-bpp25015-verde-azulado-1100x1100-1.jpg\",\"contentUrl\":\"https:\\\/\\\/revolutionpadelstore.com\\\/wp-content\\\/uploads\\\/2025\\\/01\\\/paletero-bullpadel-tour-bpp25015-verde-azulado-1100x1100-1.jpg\",\"width\":1100,\"height\":1100},{\"@type\":\"BreadcrumbList\",\"@id\":\"https:\\\/\\\/revolutionpadelstore.com\\\/pt-pt\\\/produto\\\/paletero-bullpadel-tour-verde-azulado-048-5\\\/#breadcrumb\",\"itemListElement\":[{\"@type\":\"ListItem\",\"position\":1,\"name\":\"Portada\",\"item\":\"https:\\\/\\\/revolutionpadelstore.com\\\/pt-pt\\\/\"},{\"@type\":\"ListItem\",\"position\":2,\"name\":\"Tienda\",\"item\":\"https:\\\/\\\/revolutionpadelstore.com\\\/pt-pt\\\/tienda\\\/\"},{\"@type\":\"ListItem\",\"position\":3,\"name\":\"PALETERO BULLPADEL TOUR VERDE AZULADO 048\"}]},{\"@type\":\"WebSite\",\"@id\":\"https:\\\/\\\/revolutionpadelstore.com\\\/pt-pt\\\/#website\",\"url\":\"https:\\\/\\\/revolutionpadelstore.com\\\/pt-pt\\\/\",\"name\":\"Revolution Padel Store\",\"description\":\"\",\"publisher\":{\"@id\":\"https:\\\/\\\/revolutionpadelstore.com\\\/pt-pt\\\/#organization\"},\"potentialAction\":[{\"@type\":\"SearchAction\",\"target\":{\"@type\":\"EntryPoint\",\"urlTemplate\":\"https:\\\/\\\/revolutionpadelstore.com\\\/pt-pt\\\/?s={search_term_string}\"},\"query-input\":{\"@type\":\"PropertyValueSpecification\",\"valueRequired\":true,\"valueName\":\"search_term_string\"}}],\"inLanguage\":\"pt-PT\"},{\"@type\":\"Organization\",\"@id\":\"https:\\\/\\\/revolutionpadelstore.com\\\/pt-pt\\\/#organization\",\"name\":\"Revolution Padel Store\",\"url\":\"https:\\\/\\\/revolutionpadelstore.com\\\/pt-pt\\\/\",\"logo\":{\"@type\":\"ImageObject\",\"inLanguage\":\"pt-PT\",\"@id\":\"https:\\\/\\\/revolutionpadelstore.com\\\/pt-pt\\\/#\\\/schema\\\/logo\\\/image\\\/\",\"url\":\"https:\\\/\\\/revolutionpadelstore.com\\\/wp-content\\\/uploads\\\/2026\\\/02\\\/revolution-padel-store.jpg\",\"contentUrl\":\"https:\\\/\\\/revolutionpadelstore.com\\\/wp-content\\\/uploads\\\/2026\\\/02\\\/revolution-padel-store.jpg\",\"width\":2000,\"height\":2000,\"caption\":\"Revolution Padel Store\"},\"image\":{\"@id\":\"https:\\\/\\\/revolutionpadelstore.com\\\/pt-pt\\\/#\\\/schema\\\/logo\\\/image\\\/\"},\"sameAs\":[\"https:\\\/\\\/www.instagram.com\\\/revolutionpadelstore\\\/\"]}]}<\/script>\n<!-- \/ Yoast SEO plugin. -->","yoast_head_json":{"title":"PALETERO BULLPADEL TOUR VERDE AZULADO 048 - Revolution Padel Store","description":"Descubre el Paletero Bullpadel BPP-25015 Tour Verde Azulado. Dise\u00f1o compacto, protecci\u00f3n para tus palas y materiales resistentes. \u00a1C\u00f3mpralo en Revolution Padel Store al mejor precio!","robots":{"index":"index","follow":"follow","max-snippet":"max-snippet:-1","max-image-preview":"max-image-preview:large","max-video-preview":"max-video-preview:-1"},"canonical":"https:\/\/revolutionpadelstore.com\/pt-pt\/produto\/paletero-bullpadel-tour-verde-azulado-048-5\/","og_locale":"pt_PT","og_type":"article","og_title":"PALETERO BULLPADEL TOUR VERDE AZULADO 048 - Revolution Padel Store","og_description":"Descubre el Paletero Bullpadel BPP-25015 Tour Verde Azulado. Dise\u00f1o compacto, protecci\u00f3n para tus palas y materiales resistentes. \u00a1C\u00f3mpralo en Revolution Padel Store al mejor precio!","og_url":"https:\/\/revolutionpadelstore.com\/pt-pt\/produto\/paletero-bullpadel-tour-verde-azulado-048-5\/","og_site_name":"Revolution Padel Store","article_modified_time":"2026-04-08T05:57:38+00:00","og_image":[{"width":1100,"height":1100,"url":"https:\/\/revolutionpadelstore.com\/wp-content\/uploads\/2025\/01\/paletero-bullpadel-tour-bpp25015-verde-azulado-1100x1100-1.jpg","type":"image\/jpeg"}],"twitter_card":"summary_large_image","twitter_misc":{"Tempo estimado de leitura":"2 minutos"},"schema":{"@context":"https:\/\/schema.org","@graph":[{"@type":"WebPage","@id":"https:\/\/revolutionpadelstore.com\/pt-pt\/produto\/paletero-bullpadel-tour-verde-azulado-048-5\/","url":"https:\/\/revolutionpadelstore.com\/pt-pt\/produto\/paletero-bullpadel-tour-verde-azulado-048-5\/","name":"PALETERO BULLPADEL TOUR VERDE AZULADO 048 - Revolution Padel Store","isPartOf":{"@id":"https:\/\/revolutionpadelstore.com\/pt-pt\/#website"},"primaryImageOfPage":{"@id":"https:\/\/revolutionpadelstore.com\/pt-pt\/produto\/paletero-bullpadel-tour-verde-azulado-048-5\/#primaryimage"},"image":{"@id":"https:\/\/revolutionpadelstore.com\/pt-pt\/produto\/paletero-bullpadel-tour-verde-azulado-048-5\/#primaryimage"},"thumbnailUrl":"https:\/\/revolutionpadelstore.com\/wp-content\/uploads\/2025\/01\/paletero-bullpadel-tour-bpp25015-verde-azulado-1100x1100-1.jpg","datePublished":"2025-01-28T22:56:45+00:00","dateModified":"2026-04-08T05:57:38+00:00","description":"Descubre el Paletero Bullpadel BPP-25015 Tour Verde Azulado. Dise\u00f1o compacto, protecci\u00f3n para tus palas y materiales resistentes. \u00a1C\u00f3mpralo en Revolution Padel Store al mejor precio!","breadcrumb":{"@id":"https:\/\/revolutionpadelstore.com\/pt-pt\/produto\/paletero-bullpadel-tour-verde-azulado-048-5\/#breadcrumb"},"inLanguage":"pt-PT","potentialAction":[{"@type":"ReadAction","target":["https:\/\/revolutionpadelstore.com\/pt-pt\/produto\/paletero-bullpadel-tour-verde-azulado-048-5\/"]}]},{"@type":"ImageObject","inLanguage":"pt-PT","@id":"https:\/\/revolutionpadelstore.com\/pt-pt\/produto\/paletero-bullpadel-tour-verde-azulado-048-5\/#primaryimage","url":"https:\/\/revolutionpadelstore.com\/wp-content\/uploads\/2025\/01\/paletero-bullpadel-tour-bpp25015-verde-azulado-1100x1100-1.jpg","contentUrl":"https:\/\/revolutionpadelstore.com\/wp-content\/uploads\/2025\/01\/paletero-bullpadel-tour-bpp25015-verde-azulado-1100x1100-1.jpg","width":1100,"height":1100},{"@type":"BreadcrumbList","@id":"https:\/\/revolutionpadelstore.com\/pt-pt\/produto\/paletero-bullpadel-tour-verde-azulado-048-5\/#breadcrumb","itemListElement":[{"@type":"ListItem","position":1,"name":"Portada","item":"https:\/\/revolutionpadelstore.com\/pt-pt\/"},{"@type":"ListItem","position":2,"name":"Tienda","item":"https:\/\/revolutionpadelstore.com\/pt-pt\/tienda\/"},{"@type":"ListItem","position":3,"name":"PALETERO BULLPADEL TOUR VERDE AZULADO 048"}]},{"@type":"WebSite","@id":"https:\/\/revolutionpadelstore.com\/pt-pt\/#website","url":"https:\/\/revolutionpadelstore.com\/pt-pt\/","name":"Revolution Padel Store","description":"","publisher":{"@id":"https:\/\/revolutionpadelstore.com\/pt-pt\/#organization"},"potentialAction":[{"@type":"SearchAction","target":{"@type":"EntryPoint","urlTemplate":"https:\/\/revolutionpadelstore.com\/pt-pt\/?s={search_term_string}"},"query-input":{"@type":"PropertyValueSpecification","valueRequired":true,"valueName":"search_term_string"}}],"inLanguage":"pt-PT"},{"@type":"Organization","@id":"https:\/\/revolutionpadelstore.com\/pt-pt\/#organization","name":"Revolution Padel Store","url":"https:\/\/revolutionpadelstore.com\/pt-pt\/","logo":{"@type":"ImageObject","inLanguage":"pt-PT","@id":"https:\/\/revolutionpadelstore.com\/pt-pt\/#\/schema\/logo\/image\/","url":"https:\/\/revolutionpadelstore.com\/wp-content\/uploads\/2026\/02\/revolution-padel-store.jpg","contentUrl":"https:\/\/revolutionpadelstore.com\/wp-content\/uploads\/2026\/02\/revolution-padel-store.jpg","width":2000,"height":2000,"caption":"Revolution Padel Store"},"image":{"@id":"https:\/\/revolutionpadelstore.com\/pt-pt\/#\/schema\/logo\/image\/"},"sameAs":["https:\/\/www.instagram.com\/revolutionpadelstore\/"]}]}},"_links":{"self":[{"href":"https:\/\/revolutionpadelstore.com\/pt-pt\/wp-json\/wp\/v2\/product\/161718","targetHints":{"allow":["GET"]}}],"collection":[{"href":"https:\/\/revolutionpadelstore.com\/pt-pt\/wp-json\/wp\/v2\/product"}],"about":[{"href":"https:\/\/revolutionpadelstore.com\/pt-pt\/wp-json\/wp\/v2\/types\/product"}],"replies":[{"embeddable":true,"href":"https:\/\/revolutionpadelstore.com\/pt-pt\/wp-json\/wp\/v2\/comments?post=161718"}],"wp:featuredmedia":[{"embeddable":true,"href":"https:\/\/revolutionpadelstore.com\/pt-pt\/wp-json\/wp\/v2\/media\/161713"}],"wp:attachment":[{"href":"https:\/\/revolutionpadelstore.com\/pt-pt\/wp-json\/wp\/v2\/media?parent=161718"}],"wp:term":[{"taxonomy":"acabado","embeddable":true,"href":"https:\/\/revolutionpadelstore.com\/pt-pt\/wp-json\/wp\/v2\/acabado?post=161718"},{"taxonomy":"balance","embeddable":true,"href":"https:\/\/revolutionpadelstore.com\/pt-pt\/wp-json\/wp\/v2\/balance?post=161718"},{"taxonomy":"dureza","embeddable":true,"href":"https:\/\/revolutionpadelstore.com\/pt-pt\/wp-json\/wp\/v2\/dureza?post=161718"},{"taxonomy":"forma","embeddable":true,"href":"https:\/\/revolutionpadelstore.com\/pt-pt\/wp-json\/wp\/v2\/forma?post=161718"},{"taxonomy":"jugador","embeddable":true,"href":"https:\/\/revolutionpadelstore.com\/pt-pt\/wp-json\/wp\/v2\/jugador?post=161718"},{"taxonomy":"marca","embeddable":true,"href":"https:\/\/revolutionpadelstore.com\/pt-pt\/wp-json\/wp\/v2\/marca?post=161718"},{"taxonomy":"nivel-de-juego","embeddable":true,"href":"https:\/\/revolutionpadelstore.com\/pt-pt\/wp-json\/wp\/v2\/nivel-de-juego?post=161718"},{"taxonomy":"superficie","embeddable":true,"href":"https:\/\/revolutionpadelstore.com\/pt-pt\/wp-json\/wp\/v2\/superficie?post=161718"},{"taxonomy":"tipo-de-juego","embeddable":true,"href":"https:\/\/revolutionpadelstore.com\/pt-pt\/wp-json\/wp\/v2\/tipo-de-juego?post=161718"},{"taxonomy":"product_brand","embeddable":true,"href":"https:\/\/revolutionpadelstore.com\/pt-pt\/wp-json\/wp\/v2\/product_brand?post=161718"},{"taxonomy":"product_cat","embeddable":true,"href":"https:\/\/revolutionpadelstore.com\/pt-pt\/wp-json\/wp\/v2\/product_cat?post=161718"},{"taxonomy":"product_tag","embeddable":true,"href":"https:\/\/revolutionpadelstore.com\/pt-pt\/wp-json\/wp\/v2\/product_tag?post=161718"}],"curies":[{"name":"wp","href":"https:\/\/api.w.org\/{rel}","templated":true}]}}