{"id":160285,"date":"2025-01-20T00:00:04","date_gmt":"2025-01-19T23:00:04","guid":{"rendered":"https:\/\/revolutionpadelstore.com\/160228\/"},"modified":"2026-04-08T08:21:38","modified_gmt":"2026-04-08T06:21:38","slug":"joma-open-men-2411-amarillo-fluor-5","status":"publish","type":"product","link":"https:\/\/revolutionpadelstore.com\/pt-pt\/produto\/joma-open-men-2411-amarillo-fluor-5\/","title":{"rendered":"JOMA OPEN MEN 2411 AMARILLO FL\u00daOR"},"content":{"rendered":"<p><H2> Joma Open Men 2411 &#8211; Sapatos de conforto, desempenho e estilo <\/h2>\n<p>Levante seu jogo com os sapatos <strong> joma Open Men 2411 <\/strong>, projetados para oferecer o m\u00e1ximo conforto, durabilidade e um design moderno que se adapta a qualquer disciplina esportiva!<br \/>\n<H2> <strong> caracter\u00edsticas proeminentes <\/strong> <\/h2>\n<ul>\n<li> <strong> amortecimento avan\u00e7ado: <\/strong> absorver impactos para reduzir o risco de les\u00e3o e melhorar o conforto em cada etapa\n<li> <strong> Design ergon\u00f4mico: <\/strong> ajuste perfeito que se adapta \u00e0 forma do seu p\u00e9, fornecendo suporte excepcional\n<li> <strong> Sole de ader\u00eancia alta: <\/strong> tra\u00e7\u00e3o ideal em diferentes superf\u00edcies, permitindo que voc\u00ea se mova com confian\u00e7a e estabilidade\n<li> <strong> Materiais respir\u00e1veis: <\/strong> Mantenha os p\u00e9s frescos e secos, mesmo no treinamento mais exigente\n<li> <strong> Estilo moderno: <\/strong> Combina\u00e7\u00e3o de cores vibrantes e detalhes impressionantes para se destacar na quadra\n<\/ul>\n<p><H2> <strong> benef\u00edcios -chave <\/strong> <\/h2>\n<ul>\n<li> <strong> Comforto m\u00e1ximo: <\/strong> projetado para longas sess\u00f5es de treinamento sem comprometer a sensa\u00e7\u00e3o de conforto\n<li> <strong> Desempenho aprimorado: <\/strong> Sua tecnologia de amortecimento e estabilidade permite que voc\u00ea supere seus pr\u00f3prios limites com confian\u00e7a\n<li> <strong> Versatilidade total: <\/strong> Perfeito para remeneamento, corrida ou treinamento de academia\n<\/ul>\n<p><H2> <strong> excede seus limites com confian\u00e7a <\/strong> <\/h2>\n<p>Com o <strong> Joma Open Men 2411 <\/strong>, voc\u00ea desfrutar\u00e1 de uma firme sujei\u00e7\u00e3o e ajuste que favorece seu desempenho esportivo. Sua \u00fanica tecnologia avan\u00e7ada oferece seguran\u00e7a em cada movimento, evitando chinelos e proporcionando estabilidade em qualquer superf\u00edcie.<\/p>\n<p>N\u00e3o sacrifique o estilo de desempenho! Esses sapatos combinam design e funcionalidade, permitindo que voc\u00ea se destaque dentro e fora da pista.<\/p>\n<p><strong> agora dispon\u00edvel em nossa loja online &lt;a href = &quot;https:\/\/chatgpt.com\/g\/g-675432e02688191b6ee6d6f2fdbb15e-timization-textos\/c\/www.revoldelstore.com&quot; Mercado<br \/>\n<H4> <strong> fa\u00e7a seu pedido hoje e leve seu jogo para o pr\u00f3ximo n\u00edvel!<\/p>\n<h2>Zapatillas Joma Open Men 2411 \u2013 Comodidad, Rendimiento y Estilo<\/h2>\n","protected":false},"excerpt":{"rendered":"<p>Os sapatos Joma Open Men 2411 s\u00e3o ideais para quem gosta de esporte. Eles fornecem uma combina\u00e7\u00e3o perfeita de conforto, design e alto desempenho em cada movimento.<\/p>\n","protected":false},"featured_media":160295,"comment_status":"open","ping_status":"closed","template":"","meta":{"_acf_changed":false,"_joinchat":[]},"acabado":[],"balance":[],"dureza":[],"forma":[],"jugador":[1190],"marca":[1225],"nivel-de-juego":[],"superficie":[],"tipo-de-juego":[],"product_brand":[],"product_cat":[833],"product_tag":[],"class_list":{"0":"post-160285","1":"product","2":"type-product","3":"status-publish","4":"has-post-thumbnail","6":"jugador-homem","7":"marca-joma-pt-pt","8":"product_cat-tenis","10":"first","11":"outofstock","12":"sale","13":"taxable","14":"shipping-taxable","15":"purchasable","16":"product-type-variable"},"acf":[],"yoast_head":"<!-- This site is optimized with the Yoast SEO plugin v27.4 - https:\/\/yoast.com\/product\/yoast-seo-wordpress\/ -->\n<title>JOMA OPEN MEN 2411 AMARILLO FL\u00daOR - Revolution Padel Store<\/title>\n<meta name=\"description\" content=\"Compra las Zapatillas Joma Open Men 2411 y disfruta de m\u00e1ximo confort, rendimiento y estilo. Ideales para p\u00e1del, running o gimnasio. \u00a1Disponibles al mejor precio en Revolution Padel Store!\" \/>\n<meta name=\"robots\" content=\"index, follow, max-snippet:-1, max-image-preview:large, max-video-preview:-1\" \/>\n<link rel=\"canonical\" href=\"https:\/\/revolutionpadelstore.com\/pt-pt\/produto\/joma-open-men-2411-amarillo-fluor-5\/\" \/>\n<meta property=\"og:locale\" content=\"pt_PT\" \/>\n<meta property=\"og:type\" content=\"article\" \/>\n<meta property=\"og:title\" content=\"JOMA OPEN MEN 2411 AMARILLO FL\u00daOR - Revolution Padel Store\" \/>\n<meta property=\"og:description\" content=\"Compra las Zapatillas Joma Open Men 2411 y disfruta de m\u00e1ximo confort, rendimiento y estilo. Ideales para p\u00e1del, running o gimnasio. \u00a1Disponibles al mejor precio en Revolution Padel Store!\" \/>\n<meta property=\"og:url\" content=\"https:\/\/revolutionpadelstore.com\/pt-pt\/produto\/joma-open-men-2411-amarillo-fluor-5\/\" \/>\n<meta property=\"og:site_name\" content=\"Revolution Padel Store\" \/>\n<meta property=\"article:modified_time\" content=\"2026-04-08T06:21:38+00:00\" \/>\n<meta property=\"og:image\" content=\"https:\/\/revolutionpadelstore.com\/wp-content\/uploads\/2025\/01\/TOPEW2411OM_1-1.jpg\" \/>\n\t<meta property=\"og:image:width\" content=\"2000\" \/>\n\t<meta property=\"og:image:height\" content=\"2000\" \/>\n\t<meta property=\"og:image:type\" content=\"image\/jpeg\" \/>\n<meta name=\"twitter:card\" content=\"summary_large_image\" \/>\n<meta name=\"twitter:label1\" content=\"Tempo estimado de leitura\" \/>\n\t<meta name=\"twitter:data1\" content=\"1 minuto\" \/>\n<script type=\"application\/ld+json\" class=\"yoast-schema-graph\">{\"@context\":\"https:\\\/\\\/schema.org\",\"@graph\":[{\"@type\":\"WebPage\",\"@id\":\"https:\\\/\\\/revolutionpadelstore.com\\\/pt-pt\\\/produto\\\/joma-open-men-2411-amarillo-fluor-5\\\/\",\"url\":\"https:\\\/\\\/revolutionpadelstore.com\\\/pt-pt\\\/produto\\\/joma-open-men-2411-amarillo-fluor-5\\\/\",\"name\":\"JOMA OPEN MEN 2411 AMARILLO FL\u00daOR - Revolution Padel Store\",\"isPartOf\":{\"@id\":\"https:\\\/\\\/revolutionpadelstore.com\\\/pt-pt\\\/#website\"},\"primaryImageOfPage\":{\"@id\":\"https:\\\/\\\/revolutionpadelstore.com\\\/pt-pt\\\/produto\\\/joma-open-men-2411-amarillo-fluor-5\\\/#primaryimage\"},\"image\":{\"@id\":\"https:\\\/\\\/revolutionpadelstore.com\\\/pt-pt\\\/produto\\\/joma-open-men-2411-amarillo-fluor-5\\\/#primaryimage\"},\"thumbnailUrl\":\"https:\\\/\\\/revolutionpadelstore.com\\\/wp-content\\\/uploads\\\/2025\\\/01\\\/TOPEW2411OM_1-1.jpg\",\"datePublished\":\"2025-01-19T23:00:04+00:00\",\"dateModified\":\"2026-04-08T06:21:38+00:00\",\"description\":\"Compra las Zapatillas Joma Open Men 2411 y disfruta de m\u00e1ximo confort, rendimiento y estilo. Ideales para p\u00e1del, running o gimnasio. \u00a1Disponibles al mejor precio en Revolution Padel Store!\",\"breadcrumb\":{\"@id\":\"https:\\\/\\\/revolutionpadelstore.com\\\/pt-pt\\\/produto\\\/joma-open-men-2411-amarillo-fluor-5\\\/#breadcrumb\"},\"inLanguage\":\"pt-PT\",\"potentialAction\":[{\"@type\":\"ReadAction\",\"target\":[\"https:\\\/\\\/revolutionpadelstore.com\\\/pt-pt\\\/produto\\\/joma-open-men-2411-amarillo-fluor-5\\\/\"]}]},{\"@type\":\"ImageObject\",\"inLanguage\":\"pt-PT\",\"@id\":\"https:\\\/\\\/revolutionpadelstore.com\\\/pt-pt\\\/produto\\\/joma-open-men-2411-amarillo-fluor-5\\\/#primaryimage\",\"url\":\"https:\\\/\\\/revolutionpadelstore.com\\\/wp-content\\\/uploads\\\/2025\\\/01\\\/TOPEW2411OM_1-1.jpg\",\"contentUrl\":\"https:\\\/\\\/revolutionpadelstore.com\\\/wp-content\\\/uploads\\\/2025\\\/01\\\/TOPEW2411OM_1-1.jpg\",\"width\":2000,\"height\":2000},{\"@type\":\"BreadcrumbList\",\"@id\":\"https:\\\/\\\/revolutionpadelstore.com\\\/pt-pt\\\/produto\\\/joma-open-men-2411-amarillo-fluor-5\\\/#breadcrumb\",\"itemListElement\":[{\"@type\":\"ListItem\",\"position\":1,\"name\":\"Portada\",\"item\":\"https:\\\/\\\/revolutionpadelstore.com\\\/pt-pt\\\/\"},{\"@type\":\"ListItem\",\"position\":2,\"name\":\"Tienda\",\"item\":\"https:\\\/\\\/revolutionpadelstore.com\\\/pt-pt\\\/tienda\\\/\"},{\"@type\":\"ListItem\",\"position\":3,\"name\":\"JOMA OPEN MEN 2411 AMARILLO FL\u00daOR\"}]},{\"@type\":\"WebSite\",\"@id\":\"https:\\\/\\\/revolutionpadelstore.com\\\/pt-pt\\\/#website\",\"url\":\"https:\\\/\\\/revolutionpadelstore.com\\\/pt-pt\\\/\",\"name\":\"Revolution Padel Store\",\"description\":\"\",\"publisher\":{\"@id\":\"https:\\\/\\\/revolutionpadelstore.com\\\/pt-pt\\\/#organization\"},\"potentialAction\":[{\"@type\":\"SearchAction\",\"target\":{\"@type\":\"EntryPoint\",\"urlTemplate\":\"https:\\\/\\\/revolutionpadelstore.com\\\/pt-pt\\\/?s={search_term_string}\"},\"query-input\":{\"@type\":\"PropertyValueSpecification\",\"valueRequired\":true,\"valueName\":\"search_term_string\"}}],\"inLanguage\":\"pt-PT\"},{\"@type\":\"Organization\",\"@id\":\"https:\\\/\\\/revolutionpadelstore.com\\\/pt-pt\\\/#organization\",\"name\":\"Revolution Padel Store\",\"url\":\"https:\\\/\\\/revolutionpadelstore.com\\\/pt-pt\\\/\",\"logo\":{\"@type\":\"ImageObject\",\"inLanguage\":\"pt-PT\",\"@id\":\"https:\\\/\\\/revolutionpadelstore.com\\\/pt-pt\\\/#\\\/schema\\\/logo\\\/image\\\/\",\"url\":\"https:\\\/\\\/revolutionpadelstore.com\\\/wp-content\\\/uploads\\\/2026\\\/02\\\/revolution-padel-store.jpg\",\"contentUrl\":\"https:\\\/\\\/revolutionpadelstore.com\\\/wp-content\\\/uploads\\\/2026\\\/02\\\/revolution-padel-store.jpg\",\"width\":2000,\"height\":2000,\"caption\":\"Revolution Padel Store\"},\"image\":{\"@id\":\"https:\\\/\\\/revolutionpadelstore.com\\\/pt-pt\\\/#\\\/schema\\\/logo\\\/image\\\/\"},\"sameAs\":[\"https:\\\/\\\/www.instagram.com\\\/revolutionpadelstore\\\/\"]}]}<\/script>\n<!-- \/ Yoast SEO plugin. -->","yoast_head_json":{"title":"JOMA OPEN MEN 2411 AMARILLO FL\u00daOR - Revolution Padel Store","description":"Compra las Zapatillas Joma Open Men 2411 y disfruta de m\u00e1ximo confort, rendimiento y estilo. Ideales para p\u00e1del, running o gimnasio. \u00a1Disponibles al mejor precio en Revolution Padel Store!","robots":{"index":"index","follow":"follow","max-snippet":"max-snippet:-1","max-image-preview":"max-image-preview:large","max-video-preview":"max-video-preview:-1"},"canonical":"https:\/\/revolutionpadelstore.com\/pt-pt\/produto\/joma-open-men-2411-amarillo-fluor-5\/","og_locale":"pt_PT","og_type":"article","og_title":"JOMA OPEN MEN 2411 AMARILLO FL\u00daOR - Revolution Padel Store","og_description":"Compra las Zapatillas Joma Open Men 2411 y disfruta de m\u00e1ximo confort, rendimiento y estilo. Ideales para p\u00e1del, running o gimnasio. \u00a1Disponibles al mejor precio en Revolution Padel Store!","og_url":"https:\/\/revolutionpadelstore.com\/pt-pt\/produto\/joma-open-men-2411-amarillo-fluor-5\/","og_site_name":"Revolution Padel Store","article_modified_time":"2026-04-08T06:21:38+00:00","og_image":[{"width":2000,"height":2000,"url":"https:\/\/revolutionpadelstore.com\/wp-content\/uploads\/2025\/01\/TOPEW2411OM_1-1.jpg","type":"image\/jpeg"}],"twitter_card":"summary_large_image","twitter_misc":{"Tempo estimado de leitura":"1 minuto"},"schema":{"@context":"https:\/\/schema.org","@graph":[{"@type":"WebPage","@id":"https:\/\/revolutionpadelstore.com\/pt-pt\/produto\/joma-open-men-2411-amarillo-fluor-5\/","url":"https:\/\/revolutionpadelstore.com\/pt-pt\/produto\/joma-open-men-2411-amarillo-fluor-5\/","name":"JOMA OPEN MEN 2411 AMARILLO FL\u00daOR - Revolution Padel Store","isPartOf":{"@id":"https:\/\/revolutionpadelstore.com\/pt-pt\/#website"},"primaryImageOfPage":{"@id":"https:\/\/revolutionpadelstore.com\/pt-pt\/produto\/joma-open-men-2411-amarillo-fluor-5\/#primaryimage"},"image":{"@id":"https:\/\/revolutionpadelstore.com\/pt-pt\/produto\/joma-open-men-2411-amarillo-fluor-5\/#primaryimage"},"thumbnailUrl":"https:\/\/revolutionpadelstore.com\/wp-content\/uploads\/2025\/01\/TOPEW2411OM_1-1.jpg","datePublished":"2025-01-19T23:00:04+00:00","dateModified":"2026-04-08T06:21:38+00:00","description":"Compra las Zapatillas Joma Open Men 2411 y disfruta de m\u00e1ximo confort, rendimiento y estilo. Ideales para p\u00e1del, running o gimnasio. \u00a1Disponibles al mejor precio en Revolution Padel Store!","breadcrumb":{"@id":"https:\/\/revolutionpadelstore.com\/pt-pt\/produto\/joma-open-men-2411-amarillo-fluor-5\/#breadcrumb"},"inLanguage":"pt-PT","potentialAction":[{"@type":"ReadAction","target":["https:\/\/revolutionpadelstore.com\/pt-pt\/produto\/joma-open-men-2411-amarillo-fluor-5\/"]}]},{"@type":"ImageObject","inLanguage":"pt-PT","@id":"https:\/\/revolutionpadelstore.com\/pt-pt\/produto\/joma-open-men-2411-amarillo-fluor-5\/#primaryimage","url":"https:\/\/revolutionpadelstore.com\/wp-content\/uploads\/2025\/01\/TOPEW2411OM_1-1.jpg","contentUrl":"https:\/\/revolutionpadelstore.com\/wp-content\/uploads\/2025\/01\/TOPEW2411OM_1-1.jpg","width":2000,"height":2000},{"@type":"BreadcrumbList","@id":"https:\/\/revolutionpadelstore.com\/pt-pt\/produto\/joma-open-men-2411-amarillo-fluor-5\/#breadcrumb","itemListElement":[{"@type":"ListItem","position":1,"name":"Portada","item":"https:\/\/revolutionpadelstore.com\/pt-pt\/"},{"@type":"ListItem","position":2,"name":"Tienda","item":"https:\/\/revolutionpadelstore.com\/pt-pt\/tienda\/"},{"@type":"ListItem","position":3,"name":"JOMA OPEN MEN 2411 AMARILLO FL\u00daOR"}]},{"@type":"WebSite","@id":"https:\/\/revolutionpadelstore.com\/pt-pt\/#website","url":"https:\/\/revolutionpadelstore.com\/pt-pt\/","name":"Revolution Padel Store","description":"","publisher":{"@id":"https:\/\/revolutionpadelstore.com\/pt-pt\/#organization"},"potentialAction":[{"@type":"SearchAction","target":{"@type":"EntryPoint","urlTemplate":"https:\/\/revolutionpadelstore.com\/pt-pt\/?s={search_term_string}"},"query-input":{"@type":"PropertyValueSpecification","valueRequired":true,"valueName":"search_term_string"}}],"inLanguage":"pt-PT"},{"@type":"Organization","@id":"https:\/\/revolutionpadelstore.com\/pt-pt\/#organization","name":"Revolution Padel Store","url":"https:\/\/revolutionpadelstore.com\/pt-pt\/","logo":{"@type":"ImageObject","inLanguage":"pt-PT","@id":"https:\/\/revolutionpadelstore.com\/pt-pt\/#\/schema\/logo\/image\/","url":"https:\/\/revolutionpadelstore.com\/wp-content\/uploads\/2026\/02\/revolution-padel-store.jpg","contentUrl":"https:\/\/revolutionpadelstore.com\/wp-content\/uploads\/2026\/02\/revolution-padel-store.jpg","width":2000,"height":2000,"caption":"Revolution Padel Store"},"image":{"@id":"https:\/\/revolutionpadelstore.com\/pt-pt\/#\/schema\/logo\/image\/"},"sameAs":["https:\/\/www.instagram.com\/revolutionpadelstore\/"]}]}},"_links":{"self":[{"href":"https:\/\/revolutionpadelstore.com\/pt-pt\/wp-json\/wp\/v2\/product\/160285","targetHints":{"allow":["GET"]}}],"collection":[{"href":"https:\/\/revolutionpadelstore.com\/pt-pt\/wp-json\/wp\/v2\/product"}],"about":[{"href":"https:\/\/revolutionpadelstore.com\/pt-pt\/wp-json\/wp\/v2\/types\/product"}],"replies":[{"embeddable":true,"href":"https:\/\/revolutionpadelstore.com\/pt-pt\/wp-json\/wp\/v2\/comments?post=160285"}],"wp:featuredmedia":[{"embeddable":true,"href":"https:\/\/revolutionpadelstore.com\/pt-pt\/wp-json\/wp\/v2\/media\/160295"}],"wp:attachment":[{"href":"https:\/\/revolutionpadelstore.com\/pt-pt\/wp-json\/wp\/v2\/media?parent=160285"}],"wp:term":[{"taxonomy":"acabado","embeddable":true,"href":"https:\/\/revolutionpadelstore.com\/pt-pt\/wp-json\/wp\/v2\/acabado?post=160285"},{"taxonomy":"balance","embeddable":true,"href":"https:\/\/revolutionpadelstore.com\/pt-pt\/wp-json\/wp\/v2\/balance?post=160285"},{"taxonomy":"dureza","embeddable":true,"href":"https:\/\/revolutionpadelstore.com\/pt-pt\/wp-json\/wp\/v2\/dureza?post=160285"},{"taxonomy":"forma","embeddable":true,"href":"https:\/\/revolutionpadelstore.com\/pt-pt\/wp-json\/wp\/v2\/forma?post=160285"},{"taxonomy":"jugador","embeddable":true,"href":"https:\/\/revolutionpadelstore.com\/pt-pt\/wp-json\/wp\/v2\/jugador?post=160285"},{"taxonomy":"marca","embeddable":true,"href":"https:\/\/revolutionpadelstore.com\/pt-pt\/wp-json\/wp\/v2\/marca?post=160285"},{"taxonomy":"nivel-de-juego","embeddable":true,"href":"https:\/\/revolutionpadelstore.com\/pt-pt\/wp-json\/wp\/v2\/nivel-de-juego?post=160285"},{"taxonomy":"superficie","embeddable":true,"href":"https:\/\/revolutionpadelstore.com\/pt-pt\/wp-json\/wp\/v2\/superficie?post=160285"},{"taxonomy":"tipo-de-juego","embeddable":true,"href":"https:\/\/revolutionpadelstore.com\/pt-pt\/wp-json\/wp\/v2\/tipo-de-juego?post=160285"},{"taxonomy":"product_brand","embeddable":true,"href":"https:\/\/revolutionpadelstore.com\/pt-pt\/wp-json\/wp\/v2\/product_brand?post=160285"},{"taxonomy":"product_cat","embeddable":true,"href":"https:\/\/revolutionpadelstore.com\/pt-pt\/wp-json\/wp\/v2\/product_cat?post=160285"},{"taxonomy":"product_tag","embeddable":true,"href":"https:\/\/revolutionpadelstore.com\/pt-pt\/wp-json\/wp\/v2\/product_tag?post=160285"}],"curies":[{"name":"wp","href":"https:\/\/api.w.org\/{rel}","templated":true}]}}