{"id":160142,"date":"2025-01-19T23:27:36","date_gmt":"2025-01-19T22:27:36","guid":{"rendered":"https:\/\/revolutionpadelstore.com\/?post_type=product&#038;p=160142"},"modified":"2026-04-08T08:23:46","modified_gmt":"2026-04-08T06:23:46","slug":"neceser-adidas-black-red-3-4-5","status":"publish","type":"product","link":"https:\/\/revolutionpadelstore.com\/pt-pt\/produto\/neceser-adidas-black-red-3-4-5\/","title":{"rendered":"NECESER ADIDAS BLACK\/RED 3.4"},"content":{"rendered":"<p><H2> preto preto\/rede Aleger.<br \/>\nOrganize seus acess\u00f3rios de paddle de estilo gra\u00e7as ao Black\/Network 3.4 Ale Gal\u00e1n. Projetado para oferecer a m\u00e1xima praticidade, combina materiais de alta qualidade com um design sofisticado em tons met\u00e1licos cinza, preto e vermelho.<\/p>\n<h2> Principais caracter\u00edsticas: <\/h2>\n<p> <strong>-espa\u00e7o ideal: <\/strong> Compartimento principal amplo e dois bolsos laterais com z\u00edper para armazenar pequenos objetos com seguran\u00e7a.<br \/>\n<P> <strong> -Upper Editabilidade: <\/strong> Fabricado com materiais resistentes, perfeitos para uso di\u00e1rio<br \/>\n<P> <strong>-transporta\u00e7\u00e3o comiss\u00e3o: <\/strong> identificador ergon\u00f4mico para gerenciamento f\u00e1cil e confort\u00e1vel em qualquer situa\u00e7\u00e3o.<br \/>\n<P> <strong> -O design compacto: <\/strong> dimens\u00f5es de 25 x 12 x 13 cm com capacidade de 3 litros, ideais para transportar apenas o essencial.<\/p>\n<p><H2> Benef\u00edcios: <\/h2>\n<p>Esta bolsa n\u00e3o apenas protege seus objetos pessoais, mas tamb\u00e9m adiciona um toque de eleg\u00e2ncia ao seu estilo esportivo. Perfeito para jogadores que valorizam o conforto e a organiza\u00e7\u00e3o, na pista ou fora dela.<\/p>\n<p>Obtenha a Adidas Black\/Network 3.4 e carregue seus acess\u00f3rios sempre bem organizados. Dispon\u00edvel agora em nossa loja on -line pelo melhor pre\u00e7o de mercado!<\/p>\n<p><strong> Compre o seu em <a href=\"http:\/\/www.revolutionpadelstore.com\/\"> www.revolutionpadelstore.com <\/a> e aproveite a melhor experi\u00eancia de compra<br \/>\n<H3> <\/h3>\n<h2>Neceser Adidas Black\/Red 3.4 Ale Gal\u00e1n: Elegancia y funcionalidad para el deportista moderno<\/h2>\n","protected":false},"excerpt":{"rendered":"<p>A bolsa Black\/Red 3.4 Aleg Gal\u00e1n permite manter seus acess\u00f3rios em ordem, gra\u00e7as ao seu design compacto, compartimentos funcionais e materiais dur\u00e1veis. Ideal para aqueles que procuram combinar estilo e praticidade na pista.<\/p>\n","protected":false},"featured_media":160100,"comment_status":"open","ping_status":"closed","template":"","meta":{"_acf_changed":false,"_joinchat":[]},"acabado":[],"balance":[],"dureza":[],"forma":[],"jugador":[],"marca":[1230],"nivel-de-juego":[],"superficie":[],"tipo-de-juego":[],"product_brand":[],"product_cat":[316],"product_tag":[],"class_list":{"0":"post-160142","1":"product","2":"type-product","3":"status-publish","4":"has-post-thumbnail","6":"marca-adidas-pt-pt","7":"product_cat-bolsas-pt-pt","9":"first","10":"outofstock","11":"sale","12":"taxable","13":"shipping-taxable","14":"purchasable","15":"product-type-simple"},"acf":[],"yoast_head":"<!-- This site is optimized with the Yoast SEO plugin v27.4 - https:\/\/yoast.com\/product\/yoast-seo-wordpress\/ -->\n<title>NECESER ADIDAS BLACK\/RED 3.4 - Revolution Padel Store<\/title>\n<meta name=\"description\" content=\"Organiza tus accesorios con el neceser Adidas Black\/Red 3.4 Ale Gal\u00e1n. Dise\u00f1o compacto y elegante, con materiales resistentes y capacidad de 3L. \u00a1Disponible en nuestra tienda online!\" \/>\n<meta name=\"robots\" content=\"index, follow, max-snippet:-1, max-image-preview:large, max-video-preview:-1\" \/>\n<link rel=\"canonical\" href=\"https:\/\/revolutionpadelstore.com\/pt-pt\/produto\/neceser-adidas-black-red-3-4-5\/\" \/>\n<meta property=\"og:locale\" content=\"pt_PT\" \/>\n<meta property=\"og:type\" content=\"article\" \/>\n<meta property=\"og:title\" content=\"NECESER ADIDAS BLACK\/RED 3.4 - Revolution Padel Store\" \/>\n<meta property=\"og:description\" content=\"Organiza tus accesorios con el neceser Adidas Black\/Red 3.4 Ale Gal\u00e1n. Dise\u00f1o compacto y elegante, con materiales resistentes y capacidad de 3L. \u00a1Disponible en nuestra tienda online!\" \/>\n<meta property=\"og:url\" content=\"https:\/\/revolutionpadelstore.com\/pt-pt\/produto\/neceser-adidas-black-red-3-4-5\/\" \/>\n<meta property=\"og:site_name\" content=\"Revolution Padel Store\" \/>\n<meta property=\"article:modified_time\" content=\"2026-04-08T06:23:46+00:00\" \/>\n<meta property=\"og:image\" content=\"https:\/\/revolutionpadelstore.com\/wp-content\/uploads\/2025\/01\/113721-neceser-adidas-black-red-3-4-ab5na0u221500x1500-1.webp\" \/>\n\t<meta property=\"og:image:width\" content=\"1500\" \/>\n\t<meta property=\"og:image:height\" content=\"1500\" \/>\n\t<meta property=\"og:image:type\" content=\"image\/webp\" \/>\n<meta name=\"twitter:card\" content=\"summary_large_image\" \/>\n<meta name=\"twitter:label1\" content=\"Tempo estimado de leitura\" \/>\n\t<meta name=\"twitter:data1\" content=\"1 minuto\" \/>\n<script type=\"application\/ld+json\" class=\"yoast-schema-graph\">{\"@context\":\"https:\\\/\\\/schema.org\",\"@graph\":[{\"@type\":\"WebPage\",\"@id\":\"https:\\\/\\\/revolutionpadelstore.com\\\/pt-pt\\\/produto\\\/neceser-adidas-black-red-3-4-5\\\/\",\"url\":\"https:\\\/\\\/revolutionpadelstore.com\\\/pt-pt\\\/produto\\\/neceser-adidas-black-red-3-4-5\\\/\",\"name\":\"NECESER ADIDAS BLACK\\\/RED 3.4 - Revolution Padel Store\",\"isPartOf\":{\"@id\":\"https:\\\/\\\/revolutionpadelstore.com\\\/pt-pt\\\/#website\"},\"primaryImageOfPage\":{\"@id\":\"https:\\\/\\\/revolutionpadelstore.com\\\/pt-pt\\\/produto\\\/neceser-adidas-black-red-3-4-5\\\/#primaryimage\"},\"image\":{\"@id\":\"https:\\\/\\\/revolutionpadelstore.com\\\/pt-pt\\\/produto\\\/neceser-adidas-black-red-3-4-5\\\/#primaryimage\"},\"thumbnailUrl\":\"https:\\\/\\\/revolutionpadelstore.com\\\/wp-content\\\/uploads\\\/2025\\\/01\\\/113721-neceser-adidas-black-red-3-4-ab5na0u221500x1500-1.webp\",\"datePublished\":\"2025-01-19T22:27:36+00:00\",\"dateModified\":\"2026-04-08T06:23:46+00:00\",\"description\":\"Organiza tus accesorios con el neceser Adidas Black\\\/Red 3.4 Ale Gal\u00e1n. Dise\u00f1o compacto y elegante, con materiales resistentes y capacidad de 3L. \u00a1Disponible en nuestra tienda online!\",\"breadcrumb\":{\"@id\":\"https:\\\/\\\/revolutionpadelstore.com\\\/pt-pt\\\/produto\\\/neceser-adidas-black-red-3-4-5\\\/#breadcrumb\"},\"inLanguage\":\"pt-PT\",\"potentialAction\":[{\"@type\":\"ReadAction\",\"target\":[\"https:\\\/\\\/revolutionpadelstore.com\\\/pt-pt\\\/produto\\\/neceser-adidas-black-red-3-4-5\\\/\"]}]},{\"@type\":\"ImageObject\",\"inLanguage\":\"pt-PT\",\"@id\":\"https:\\\/\\\/revolutionpadelstore.com\\\/pt-pt\\\/produto\\\/neceser-adidas-black-red-3-4-5\\\/#primaryimage\",\"url\":\"https:\\\/\\\/revolutionpadelstore.com\\\/wp-content\\\/uploads\\\/2025\\\/01\\\/113721-neceser-adidas-black-red-3-4-ab5na0u221500x1500-1.webp\",\"contentUrl\":\"https:\\\/\\\/revolutionpadelstore.com\\\/wp-content\\\/uploads\\\/2025\\\/01\\\/113721-neceser-adidas-black-red-3-4-ab5na0u221500x1500-1.webp\",\"width\":1500,\"height\":1500},{\"@type\":\"BreadcrumbList\",\"@id\":\"https:\\\/\\\/revolutionpadelstore.com\\\/pt-pt\\\/produto\\\/neceser-adidas-black-red-3-4-5\\\/#breadcrumb\",\"itemListElement\":[{\"@type\":\"ListItem\",\"position\":1,\"name\":\"Portada\",\"item\":\"https:\\\/\\\/revolutionpadelstore.com\\\/pt-pt\\\/\"},{\"@type\":\"ListItem\",\"position\":2,\"name\":\"Tienda\",\"item\":\"https:\\\/\\\/revolutionpadelstore.com\\\/pt-pt\\\/tienda\\\/\"},{\"@type\":\"ListItem\",\"position\":3,\"name\":\"NECESER ADIDAS BLACK\\\/RED 3.4\"}]},{\"@type\":\"WebSite\",\"@id\":\"https:\\\/\\\/revolutionpadelstore.com\\\/pt-pt\\\/#website\",\"url\":\"https:\\\/\\\/revolutionpadelstore.com\\\/pt-pt\\\/\",\"name\":\"Revolution Padel Store\",\"description\":\"\",\"publisher\":{\"@id\":\"https:\\\/\\\/revolutionpadelstore.com\\\/pt-pt\\\/#organization\"},\"potentialAction\":[{\"@type\":\"SearchAction\",\"target\":{\"@type\":\"EntryPoint\",\"urlTemplate\":\"https:\\\/\\\/revolutionpadelstore.com\\\/pt-pt\\\/?s={search_term_string}\"},\"query-input\":{\"@type\":\"PropertyValueSpecification\",\"valueRequired\":true,\"valueName\":\"search_term_string\"}}],\"inLanguage\":\"pt-PT\"},{\"@type\":\"Organization\",\"@id\":\"https:\\\/\\\/revolutionpadelstore.com\\\/pt-pt\\\/#organization\",\"name\":\"Revolution Padel Store\",\"url\":\"https:\\\/\\\/revolutionpadelstore.com\\\/pt-pt\\\/\",\"logo\":{\"@type\":\"ImageObject\",\"inLanguage\":\"pt-PT\",\"@id\":\"https:\\\/\\\/revolutionpadelstore.com\\\/pt-pt\\\/#\\\/schema\\\/logo\\\/image\\\/\",\"url\":\"https:\\\/\\\/revolutionpadelstore.com\\\/wp-content\\\/uploads\\\/2026\\\/02\\\/revolution-padel-store.jpg\",\"contentUrl\":\"https:\\\/\\\/revolutionpadelstore.com\\\/wp-content\\\/uploads\\\/2026\\\/02\\\/revolution-padel-store.jpg\",\"width\":2000,\"height\":2000,\"caption\":\"Revolution Padel Store\"},\"image\":{\"@id\":\"https:\\\/\\\/revolutionpadelstore.com\\\/pt-pt\\\/#\\\/schema\\\/logo\\\/image\\\/\"},\"sameAs\":[\"https:\\\/\\\/www.instagram.com\\\/revolutionpadelstore\\\/\"]}]}<\/script>\n<!-- \/ Yoast SEO plugin. -->","yoast_head_json":{"title":"NECESER ADIDAS BLACK\/RED 3.4 - Revolution Padel Store","description":"Organiza tus accesorios con el neceser Adidas Black\/Red 3.4 Ale Gal\u00e1n. Dise\u00f1o compacto y elegante, con materiales resistentes y capacidad de 3L. \u00a1Disponible en nuestra tienda online!","robots":{"index":"index","follow":"follow","max-snippet":"max-snippet:-1","max-image-preview":"max-image-preview:large","max-video-preview":"max-video-preview:-1"},"canonical":"https:\/\/revolutionpadelstore.com\/pt-pt\/produto\/neceser-adidas-black-red-3-4-5\/","og_locale":"pt_PT","og_type":"article","og_title":"NECESER ADIDAS BLACK\/RED 3.4 - Revolution Padel Store","og_description":"Organiza tus accesorios con el neceser Adidas Black\/Red 3.4 Ale Gal\u00e1n. Dise\u00f1o compacto y elegante, con materiales resistentes y capacidad de 3L. \u00a1Disponible en nuestra tienda online!","og_url":"https:\/\/revolutionpadelstore.com\/pt-pt\/produto\/neceser-adidas-black-red-3-4-5\/","og_site_name":"Revolution Padel Store","article_modified_time":"2026-04-08T06:23:46+00:00","og_image":[{"width":1500,"height":1500,"url":"https:\/\/revolutionpadelstore.com\/wp-content\/uploads\/2025\/01\/113721-neceser-adidas-black-red-3-4-ab5na0u221500x1500-1.webp","type":"image\/webp"}],"twitter_card":"summary_large_image","twitter_misc":{"Tempo estimado de leitura":"1 minuto"},"schema":{"@context":"https:\/\/schema.org","@graph":[{"@type":"WebPage","@id":"https:\/\/revolutionpadelstore.com\/pt-pt\/produto\/neceser-adidas-black-red-3-4-5\/","url":"https:\/\/revolutionpadelstore.com\/pt-pt\/produto\/neceser-adidas-black-red-3-4-5\/","name":"NECESER ADIDAS BLACK\/RED 3.4 - Revolution Padel Store","isPartOf":{"@id":"https:\/\/revolutionpadelstore.com\/pt-pt\/#website"},"primaryImageOfPage":{"@id":"https:\/\/revolutionpadelstore.com\/pt-pt\/produto\/neceser-adidas-black-red-3-4-5\/#primaryimage"},"image":{"@id":"https:\/\/revolutionpadelstore.com\/pt-pt\/produto\/neceser-adidas-black-red-3-4-5\/#primaryimage"},"thumbnailUrl":"https:\/\/revolutionpadelstore.com\/wp-content\/uploads\/2025\/01\/113721-neceser-adidas-black-red-3-4-ab5na0u221500x1500-1.webp","datePublished":"2025-01-19T22:27:36+00:00","dateModified":"2026-04-08T06:23:46+00:00","description":"Organiza tus accesorios con el neceser Adidas Black\/Red 3.4 Ale Gal\u00e1n. Dise\u00f1o compacto y elegante, con materiales resistentes y capacidad de 3L. \u00a1Disponible en nuestra tienda online!","breadcrumb":{"@id":"https:\/\/revolutionpadelstore.com\/pt-pt\/produto\/neceser-adidas-black-red-3-4-5\/#breadcrumb"},"inLanguage":"pt-PT","potentialAction":[{"@type":"ReadAction","target":["https:\/\/revolutionpadelstore.com\/pt-pt\/produto\/neceser-adidas-black-red-3-4-5\/"]}]},{"@type":"ImageObject","inLanguage":"pt-PT","@id":"https:\/\/revolutionpadelstore.com\/pt-pt\/produto\/neceser-adidas-black-red-3-4-5\/#primaryimage","url":"https:\/\/revolutionpadelstore.com\/wp-content\/uploads\/2025\/01\/113721-neceser-adidas-black-red-3-4-ab5na0u221500x1500-1.webp","contentUrl":"https:\/\/revolutionpadelstore.com\/wp-content\/uploads\/2025\/01\/113721-neceser-adidas-black-red-3-4-ab5na0u221500x1500-1.webp","width":1500,"height":1500},{"@type":"BreadcrumbList","@id":"https:\/\/revolutionpadelstore.com\/pt-pt\/produto\/neceser-adidas-black-red-3-4-5\/#breadcrumb","itemListElement":[{"@type":"ListItem","position":1,"name":"Portada","item":"https:\/\/revolutionpadelstore.com\/pt-pt\/"},{"@type":"ListItem","position":2,"name":"Tienda","item":"https:\/\/revolutionpadelstore.com\/pt-pt\/tienda\/"},{"@type":"ListItem","position":3,"name":"NECESER ADIDAS BLACK\/RED 3.4"}]},{"@type":"WebSite","@id":"https:\/\/revolutionpadelstore.com\/pt-pt\/#website","url":"https:\/\/revolutionpadelstore.com\/pt-pt\/","name":"Revolution Padel Store","description":"","publisher":{"@id":"https:\/\/revolutionpadelstore.com\/pt-pt\/#organization"},"potentialAction":[{"@type":"SearchAction","target":{"@type":"EntryPoint","urlTemplate":"https:\/\/revolutionpadelstore.com\/pt-pt\/?s={search_term_string}"},"query-input":{"@type":"PropertyValueSpecification","valueRequired":true,"valueName":"search_term_string"}}],"inLanguage":"pt-PT"},{"@type":"Organization","@id":"https:\/\/revolutionpadelstore.com\/pt-pt\/#organization","name":"Revolution Padel Store","url":"https:\/\/revolutionpadelstore.com\/pt-pt\/","logo":{"@type":"ImageObject","inLanguage":"pt-PT","@id":"https:\/\/revolutionpadelstore.com\/pt-pt\/#\/schema\/logo\/image\/","url":"https:\/\/revolutionpadelstore.com\/wp-content\/uploads\/2026\/02\/revolution-padel-store.jpg","contentUrl":"https:\/\/revolutionpadelstore.com\/wp-content\/uploads\/2026\/02\/revolution-padel-store.jpg","width":2000,"height":2000,"caption":"Revolution Padel Store"},"image":{"@id":"https:\/\/revolutionpadelstore.com\/pt-pt\/#\/schema\/logo\/image\/"},"sameAs":["https:\/\/www.instagram.com\/revolutionpadelstore\/"]}]}},"_links":{"self":[{"href":"https:\/\/revolutionpadelstore.com\/pt-pt\/wp-json\/wp\/v2\/product\/160142","targetHints":{"allow":["GET"]}}],"collection":[{"href":"https:\/\/revolutionpadelstore.com\/pt-pt\/wp-json\/wp\/v2\/product"}],"about":[{"href":"https:\/\/revolutionpadelstore.com\/pt-pt\/wp-json\/wp\/v2\/types\/product"}],"replies":[{"embeddable":true,"href":"https:\/\/revolutionpadelstore.com\/pt-pt\/wp-json\/wp\/v2\/comments?post=160142"}],"wp:featuredmedia":[{"embeddable":true,"href":"https:\/\/revolutionpadelstore.com\/pt-pt\/wp-json\/wp\/v2\/media\/160100"}],"wp:attachment":[{"href":"https:\/\/revolutionpadelstore.com\/pt-pt\/wp-json\/wp\/v2\/media?parent=160142"}],"wp:term":[{"taxonomy":"acabado","embeddable":true,"href":"https:\/\/revolutionpadelstore.com\/pt-pt\/wp-json\/wp\/v2\/acabado?post=160142"},{"taxonomy":"balance","embeddable":true,"href":"https:\/\/revolutionpadelstore.com\/pt-pt\/wp-json\/wp\/v2\/balance?post=160142"},{"taxonomy":"dureza","embeddable":true,"href":"https:\/\/revolutionpadelstore.com\/pt-pt\/wp-json\/wp\/v2\/dureza?post=160142"},{"taxonomy":"forma","embeddable":true,"href":"https:\/\/revolutionpadelstore.com\/pt-pt\/wp-json\/wp\/v2\/forma?post=160142"},{"taxonomy":"jugador","embeddable":true,"href":"https:\/\/revolutionpadelstore.com\/pt-pt\/wp-json\/wp\/v2\/jugador?post=160142"},{"taxonomy":"marca","embeddable":true,"href":"https:\/\/revolutionpadelstore.com\/pt-pt\/wp-json\/wp\/v2\/marca?post=160142"},{"taxonomy":"nivel-de-juego","embeddable":true,"href":"https:\/\/revolutionpadelstore.com\/pt-pt\/wp-json\/wp\/v2\/nivel-de-juego?post=160142"},{"taxonomy":"superficie","embeddable":true,"href":"https:\/\/revolutionpadelstore.com\/pt-pt\/wp-json\/wp\/v2\/superficie?post=160142"},{"taxonomy":"tipo-de-juego","embeddable":true,"href":"https:\/\/revolutionpadelstore.com\/pt-pt\/wp-json\/wp\/v2\/tipo-de-juego?post=160142"},{"taxonomy":"product_brand","embeddable":true,"href":"https:\/\/revolutionpadelstore.com\/pt-pt\/wp-json\/wp\/v2\/product_brand?post=160142"},{"taxonomy":"product_cat","embeddable":true,"href":"https:\/\/revolutionpadelstore.com\/pt-pt\/wp-json\/wp\/v2\/product_cat?post=160142"},{"taxonomy":"product_tag","embeddable":true,"href":"https:\/\/revolutionpadelstore.com\/pt-pt\/wp-json\/wp\/v2\/product_tag?post=160142"}],"curies":[{"name":"wp","href":"https:\/\/api.w.org\/{rel}","templated":true}]}}