{"id":160089,"date":"2025-01-18T10:48:24","date_gmt":"2025-01-18T09:48:24","guid":{"rendered":"https:\/\/revolutionpadelstore.com\/paletero-adidas-tour-3-4-azul\/"},"modified":"2026-04-08T08:26:03","modified_gmt":"2026-04-08T06:26:03","slug":"paletero-adidas-tour-3-4-azul-5","status":"publish","type":"product","link":"https:\/\/revolutionpadelstore.com\/pt-pt\/produto\/paletero-adidas-tour-3-4-azul-5\/","title":{"rendered":"PALETERO ADIDAS TOUR 3.4 AZUL"},"content":{"rendered":"<p><H2> Paletero adidas Tour 3.4 azul &#8211; design, espa\u00e7o e conforto em cada jogo <\/h2>\n<p>O <strong> paletero adidas Tour 3.4 Blue <\/strong> combina estilo, funcionalidade e sustentabilidade para os amantes da remo. Projetado para jogadores que procuram uma solu\u00e7\u00e3o pr\u00e1tica para transportar seus equipamentos, esse modelo se destaca por sua capacidade e materiais de alta qualidade.<br \/>\n<H2> Especifica\u00e7\u00f5es t\u00e9cnicas: <\/h2>\n<p> <strong> Materiais Sustainable: <\/strong> fabricados com nylon, poliuretano reciclado, poli\u00e9ster e polissulfona reciclada, combina durabilidade e comprometimento com o meio ambiente.<br \/>\n<P> <strong> -dimens\u00f5es: <\/strong> 39x55x27,5 cm<br \/>\n<P> <strong> -Capacidade: <\/strong> 54 litros, ideal para trazer tudo o que voc\u00ea precisa para o seu treinamento ou competi\u00e7\u00f5es<\/p>\n<p><H2> Benef\u00edcios -chave: <\/h2>\n<p><P> <strong> -e Transporte confort\u00e1vel e seguro: <\/strong> <\/p>\n<p> tiras ajust\u00e1veis \u200b\u200be malha acolchoada que se adaptam a qualquer usu\u00e1rio, oferecendo o m\u00e1ximo conforto<\/p>\n<p> Design ergon\u00f4mico que garante o transporte sem esfor\u00e7o<br \/>\n<P> <strong> -ffe eficiente: <\/strong> <\/p>\n<\/p>\n<p><P> <strong> -Amplio Compartamento principal: <\/strong> Espa\u00e7o ideal para roupas e acess\u00f3rios<br \/>\n<P> <strong>-costas laterais t\u00e9rmicas: <\/strong> Proteja at\u00e9 4 l\u00e2minas contra mudan\u00e7as de temperatura<br \/>\n<P> <strong> -LEDA VENTA\u00c7\u00c3O PARA O MONOMEIRO: <\/strong> Mant\u00e9m os cal\u00e7ados separados e livres de cheiros ruins<br \/>\n<P> <strong> -Ditionical Back: <\/strong> Acesso r\u00e1pido a objetos pessoais, como chaves, carteira ou celular<br \/>\n<P> <strong> -in \u00fanico: <\/strong> Seu design vibrante e azul e moderno se destaca em qualquer ambiente esportivo.<\/p>\n<p><H2> Por que escolher o Paletero Adidas Tour 3.4 Blue?<br \/>\nAl\u00e9m de ser funcional e confort\u00e1vel, este paletero reflete as caracter\u00edsticas de inova\u00e7\u00e3o e qualidade da Adidas, tornando -o um acess\u00f3rio essencial para qualquer jogador.<\/p>\n<p><strong> agora dispon\u00edvel em nossa loja on -line <a href=\"https:\/\/www.revolutionpadelstore.com\/\"> www.revolutionpadelstore.com <\/a>, provavelmente com o melhor pre\u00e7o de mercado. Pegue -o e levante seu jogo para o pr\u00f3ximo n\u00edvel!<\/p>\n<h2>Paletero Adidas Tour 3.4 Azul \u2013 Dise\u00f1o, Espacio y Comodidad en Cada Partido<\/h2>\n","protected":false},"excerpt":{"rendered":"<p>O Paletera Adidas Tour 3.4 Blue se distingue por sua grande capacidade, permitindo transportar at\u00e9 4 l\u00e2minas gra\u00e7as aos seus compartimentos t\u00e9rmicos. Possui al\u00e7as ajust\u00e1veis \u200b\u200be acolchoadas para conforto.<\/p>\n","protected":false},"featured_media":160054,"comment_status":"open","ping_status":"closed","template":"","meta":{"_acf_changed":false,"_joinchat":[]},"acabado":[],"balance":[],"dureza":[],"forma":[],"jugador":[],"marca":[1230],"nivel-de-juego":[],"superficie":[],"tipo-de-juego":[],"product_brand":[],"product_cat":[316],"product_tag":[],"class_list":{"0":"post-160089","1":"product","2":"type-product","3":"status-publish","4":"has-post-thumbnail","6":"marca-adidas-pt-pt","7":"product_cat-bolsas-pt-pt","9":"first","10":"outofstock","11":"sale","12":"taxable","13":"shipping-taxable","14":"purchasable","15":"product-type-simple"},"acf":[],"yoast_head":"<!-- This site is optimized with the Yoast SEO plugin v27.4 - https:\/\/yoast.com\/product\/yoast-seo-wordpress\/ -->\n<title>PALETERO ADIDAS TOUR 3.4 AZUL - Revolution Padel Store<\/title>\n<meta name=\"description\" content=\"Descubre el Paletero Adidas Tour 3.4 Azul, el accesorio perfecto para jugadores de p\u00e1del. M\u00e1xima capacidad, dise\u00f1o ergon\u00f3mico y materiales sostenibles. \u00a1C\u00f3mpralo en www.revolutionpadelstore.com al mejor precio!\" \/>\n<meta name=\"robots\" content=\"index, follow, max-snippet:-1, max-image-preview:large, max-video-preview:-1\" \/>\n<link rel=\"canonical\" href=\"https:\/\/revolutionpadelstore.com\/pt-pt\/produto\/paletero-adidas-tour-3-4-azul-5\/\" \/>\n<meta property=\"og:locale\" content=\"pt_PT\" \/>\n<meta property=\"og:type\" content=\"article\" \/>\n<meta property=\"og:title\" content=\"PALETERO ADIDAS TOUR 3.4 AZUL - Revolution Padel Store\" \/>\n<meta property=\"og:description\" content=\"Descubre el Paletero Adidas Tour 3.4 Azul, el accesorio perfecto para jugadores de p\u00e1del. M\u00e1xima capacidad, dise\u00f1o ergon\u00f3mico y materiales sostenibles. \u00a1C\u00f3mpralo en www.revolutionpadelstore.com al mejor precio!\" \/>\n<meta property=\"og:url\" content=\"https:\/\/revolutionpadelstore.com\/pt-pt\/produto\/paletero-adidas-tour-3-4-azul-5\/\" \/>\n<meta property=\"og:site_name\" content=\"Revolution Padel Store\" \/>\n<meta property=\"article:modified_time\" content=\"2026-04-08T06:26:03+00:00\" \/>\n<meta property=\"og:image\" content=\"https:\/\/revolutionpadelstore.com\/wp-content\/uploads\/2025\/01\/113733-paletero-adidas-tour-blue-3-4-ab2pa0u121500x1500-1.webp\" \/>\n\t<meta property=\"og:image:width\" content=\"1500\" \/>\n\t<meta property=\"og:image:height\" content=\"1500\" \/>\n\t<meta property=\"og:image:type\" content=\"image\/webp\" \/>\n<meta name=\"twitter:card\" content=\"summary_large_image\" \/>\n<meta name=\"twitter:label1\" content=\"Tempo estimado de leitura\" \/>\n\t<meta name=\"twitter:data1\" content=\"1 minuto\" \/>\n<script type=\"application\/ld+json\" class=\"yoast-schema-graph\">{\"@context\":\"https:\\\/\\\/schema.org\",\"@graph\":[{\"@type\":\"WebPage\",\"@id\":\"https:\\\/\\\/revolutionpadelstore.com\\\/pt-pt\\\/produto\\\/paletero-adidas-tour-3-4-azul-5\\\/\",\"url\":\"https:\\\/\\\/revolutionpadelstore.com\\\/pt-pt\\\/produto\\\/paletero-adidas-tour-3-4-azul-5\\\/\",\"name\":\"PALETERO ADIDAS TOUR 3.4 AZUL - Revolution Padel Store\",\"isPartOf\":{\"@id\":\"https:\\\/\\\/revolutionpadelstore.com\\\/pt-pt\\\/#website\"},\"primaryImageOfPage\":{\"@id\":\"https:\\\/\\\/revolutionpadelstore.com\\\/pt-pt\\\/produto\\\/paletero-adidas-tour-3-4-azul-5\\\/#primaryimage\"},\"image\":{\"@id\":\"https:\\\/\\\/revolutionpadelstore.com\\\/pt-pt\\\/produto\\\/paletero-adidas-tour-3-4-azul-5\\\/#primaryimage\"},\"thumbnailUrl\":\"https:\\\/\\\/revolutionpadelstore.com\\\/wp-content\\\/uploads\\\/2025\\\/01\\\/113733-paletero-adidas-tour-blue-3-4-ab2pa0u121500x1500-1.webp\",\"datePublished\":\"2025-01-18T09:48:24+00:00\",\"dateModified\":\"2026-04-08T06:26:03+00:00\",\"description\":\"Descubre el Paletero Adidas Tour 3.4 Azul, el accesorio perfecto para jugadores de p\u00e1del. M\u00e1xima capacidad, dise\u00f1o ergon\u00f3mico y materiales sostenibles. \u00a1C\u00f3mpralo en www.revolutionpadelstore.com al mejor precio!\",\"breadcrumb\":{\"@id\":\"https:\\\/\\\/revolutionpadelstore.com\\\/pt-pt\\\/produto\\\/paletero-adidas-tour-3-4-azul-5\\\/#breadcrumb\"},\"inLanguage\":\"pt-PT\",\"potentialAction\":[{\"@type\":\"ReadAction\",\"target\":[\"https:\\\/\\\/revolutionpadelstore.com\\\/pt-pt\\\/produto\\\/paletero-adidas-tour-3-4-azul-5\\\/\"]}]},{\"@type\":\"ImageObject\",\"inLanguage\":\"pt-PT\",\"@id\":\"https:\\\/\\\/revolutionpadelstore.com\\\/pt-pt\\\/produto\\\/paletero-adidas-tour-3-4-azul-5\\\/#primaryimage\",\"url\":\"https:\\\/\\\/revolutionpadelstore.com\\\/wp-content\\\/uploads\\\/2025\\\/01\\\/113733-paletero-adidas-tour-blue-3-4-ab2pa0u121500x1500-1.webp\",\"contentUrl\":\"https:\\\/\\\/revolutionpadelstore.com\\\/wp-content\\\/uploads\\\/2025\\\/01\\\/113733-paletero-adidas-tour-blue-3-4-ab2pa0u121500x1500-1.webp\",\"width\":1500,\"height\":1500},{\"@type\":\"BreadcrumbList\",\"@id\":\"https:\\\/\\\/revolutionpadelstore.com\\\/pt-pt\\\/produto\\\/paletero-adidas-tour-3-4-azul-5\\\/#breadcrumb\",\"itemListElement\":[{\"@type\":\"ListItem\",\"position\":1,\"name\":\"Portada\",\"item\":\"https:\\\/\\\/revolutionpadelstore.com\\\/pt-pt\\\/\"},{\"@type\":\"ListItem\",\"position\":2,\"name\":\"Tienda\",\"item\":\"https:\\\/\\\/revolutionpadelstore.com\\\/pt-pt\\\/tienda\\\/\"},{\"@type\":\"ListItem\",\"position\":3,\"name\":\"PALETERO ADIDAS TOUR 3.4 AZUL\"}]},{\"@type\":\"WebSite\",\"@id\":\"https:\\\/\\\/revolutionpadelstore.com\\\/pt-pt\\\/#website\",\"url\":\"https:\\\/\\\/revolutionpadelstore.com\\\/pt-pt\\\/\",\"name\":\"Revolution Padel Store\",\"description\":\"\",\"publisher\":{\"@id\":\"https:\\\/\\\/revolutionpadelstore.com\\\/pt-pt\\\/#organization\"},\"potentialAction\":[{\"@type\":\"SearchAction\",\"target\":{\"@type\":\"EntryPoint\",\"urlTemplate\":\"https:\\\/\\\/revolutionpadelstore.com\\\/pt-pt\\\/?s={search_term_string}\"},\"query-input\":{\"@type\":\"PropertyValueSpecification\",\"valueRequired\":true,\"valueName\":\"search_term_string\"}}],\"inLanguage\":\"pt-PT\"},{\"@type\":\"Organization\",\"@id\":\"https:\\\/\\\/revolutionpadelstore.com\\\/pt-pt\\\/#organization\",\"name\":\"Revolution Padel Store\",\"url\":\"https:\\\/\\\/revolutionpadelstore.com\\\/pt-pt\\\/\",\"logo\":{\"@type\":\"ImageObject\",\"inLanguage\":\"pt-PT\",\"@id\":\"https:\\\/\\\/revolutionpadelstore.com\\\/pt-pt\\\/#\\\/schema\\\/logo\\\/image\\\/\",\"url\":\"https:\\\/\\\/revolutionpadelstore.com\\\/wp-content\\\/uploads\\\/2026\\\/02\\\/revolution-padel-store.jpg\",\"contentUrl\":\"https:\\\/\\\/revolutionpadelstore.com\\\/wp-content\\\/uploads\\\/2026\\\/02\\\/revolution-padel-store.jpg\",\"width\":2000,\"height\":2000,\"caption\":\"Revolution Padel Store\"},\"image\":{\"@id\":\"https:\\\/\\\/revolutionpadelstore.com\\\/pt-pt\\\/#\\\/schema\\\/logo\\\/image\\\/\"},\"sameAs\":[\"https:\\\/\\\/www.instagram.com\\\/revolutionpadelstore\\\/\"]}]}<\/script>\n<!-- \/ Yoast SEO plugin. -->","yoast_head_json":{"title":"PALETERO ADIDAS TOUR 3.4 AZUL - Revolution Padel Store","description":"Descubre el Paletero Adidas Tour 3.4 Azul, el accesorio perfecto para jugadores de p\u00e1del. M\u00e1xima capacidad, dise\u00f1o ergon\u00f3mico y materiales sostenibles. \u00a1C\u00f3mpralo en www.revolutionpadelstore.com al mejor precio!","robots":{"index":"index","follow":"follow","max-snippet":"max-snippet:-1","max-image-preview":"max-image-preview:large","max-video-preview":"max-video-preview:-1"},"canonical":"https:\/\/revolutionpadelstore.com\/pt-pt\/produto\/paletero-adidas-tour-3-4-azul-5\/","og_locale":"pt_PT","og_type":"article","og_title":"PALETERO ADIDAS TOUR 3.4 AZUL - Revolution Padel Store","og_description":"Descubre el Paletero Adidas Tour 3.4 Azul, el accesorio perfecto para jugadores de p\u00e1del. M\u00e1xima capacidad, dise\u00f1o ergon\u00f3mico y materiales sostenibles. \u00a1C\u00f3mpralo en www.revolutionpadelstore.com al mejor precio!","og_url":"https:\/\/revolutionpadelstore.com\/pt-pt\/produto\/paletero-adidas-tour-3-4-azul-5\/","og_site_name":"Revolution Padel Store","article_modified_time":"2026-04-08T06:26:03+00:00","og_image":[{"width":1500,"height":1500,"url":"https:\/\/revolutionpadelstore.com\/wp-content\/uploads\/2025\/01\/113733-paletero-adidas-tour-blue-3-4-ab2pa0u121500x1500-1.webp","type":"image\/webp"}],"twitter_card":"summary_large_image","twitter_misc":{"Tempo estimado de leitura":"1 minuto"},"schema":{"@context":"https:\/\/schema.org","@graph":[{"@type":"WebPage","@id":"https:\/\/revolutionpadelstore.com\/pt-pt\/produto\/paletero-adidas-tour-3-4-azul-5\/","url":"https:\/\/revolutionpadelstore.com\/pt-pt\/produto\/paletero-adidas-tour-3-4-azul-5\/","name":"PALETERO ADIDAS TOUR 3.4 AZUL - Revolution Padel Store","isPartOf":{"@id":"https:\/\/revolutionpadelstore.com\/pt-pt\/#website"},"primaryImageOfPage":{"@id":"https:\/\/revolutionpadelstore.com\/pt-pt\/produto\/paletero-adidas-tour-3-4-azul-5\/#primaryimage"},"image":{"@id":"https:\/\/revolutionpadelstore.com\/pt-pt\/produto\/paletero-adidas-tour-3-4-azul-5\/#primaryimage"},"thumbnailUrl":"https:\/\/revolutionpadelstore.com\/wp-content\/uploads\/2025\/01\/113733-paletero-adidas-tour-blue-3-4-ab2pa0u121500x1500-1.webp","datePublished":"2025-01-18T09:48:24+00:00","dateModified":"2026-04-08T06:26:03+00:00","description":"Descubre el Paletero Adidas Tour 3.4 Azul, el accesorio perfecto para jugadores de p\u00e1del. M\u00e1xima capacidad, dise\u00f1o ergon\u00f3mico y materiales sostenibles. \u00a1C\u00f3mpralo en www.revolutionpadelstore.com al mejor precio!","breadcrumb":{"@id":"https:\/\/revolutionpadelstore.com\/pt-pt\/produto\/paletero-adidas-tour-3-4-azul-5\/#breadcrumb"},"inLanguage":"pt-PT","potentialAction":[{"@type":"ReadAction","target":["https:\/\/revolutionpadelstore.com\/pt-pt\/produto\/paletero-adidas-tour-3-4-azul-5\/"]}]},{"@type":"ImageObject","inLanguage":"pt-PT","@id":"https:\/\/revolutionpadelstore.com\/pt-pt\/produto\/paletero-adidas-tour-3-4-azul-5\/#primaryimage","url":"https:\/\/revolutionpadelstore.com\/wp-content\/uploads\/2025\/01\/113733-paletero-adidas-tour-blue-3-4-ab2pa0u121500x1500-1.webp","contentUrl":"https:\/\/revolutionpadelstore.com\/wp-content\/uploads\/2025\/01\/113733-paletero-adidas-tour-blue-3-4-ab2pa0u121500x1500-1.webp","width":1500,"height":1500},{"@type":"BreadcrumbList","@id":"https:\/\/revolutionpadelstore.com\/pt-pt\/produto\/paletero-adidas-tour-3-4-azul-5\/#breadcrumb","itemListElement":[{"@type":"ListItem","position":1,"name":"Portada","item":"https:\/\/revolutionpadelstore.com\/pt-pt\/"},{"@type":"ListItem","position":2,"name":"Tienda","item":"https:\/\/revolutionpadelstore.com\/pt-pt\/tienda\/"},{"@type":"ListItem","position":3,"name":"PALETERO ADIDAS TOUR 3.4 AZUL"}]},{"@type":"WebSite","@id":"https:\/\/revolutionpadelstore.com\/pt-pt\/#website","url":"https:\/\/revolutionpadelstore.com\/pt-pt\/","name":"Revolution Padel Store","description":"","publisher":{"@id":"https:\/\/revolutionpadelstore.com\/pt-pt\/#organization"},"potentialAction":[{"@type":"SearchAction","target":{"@type":"EntryPoint","urlTemplate":"https:\/\/revolutionpadelstore.com\/pt-pt\/?s={search_term_string}"},"query-input":{"@type":"PropertyValueSpecification","valueRequired":true,"valueName":"search_term_string"}}],"inLanguage":"pt-PT"},{"@type":"Organization","@id":"https:\/\/revolutionpadelstore.com\/pt-pt\/#organization","name":"Revolution Padel Store","url":"https:\/\/revolutionpadelstore.com\/pt-pt\/","logo":{"@type":"ImageObject","inLanguage":"pt-PT","@id":"https:\/\/revolutionpadelstore.com\/pt-pt\/#\/schema\/logo\/image\/","url":"https:\/\/revolutionpadelstore.com\/wp-content\/uploads\/2026\/02\/revolution-padel-store.jpg","contentUrl":"https:\/\/revolutionpadelstore.com\/wp-content\/uploads\/2026\/02\/revolution-padel-store.jpg","width":2000,"height":2000,"caption":"Revolution Padel Store"},"image":{"@id":"https:\/\/revolutionpadelstore.com\/pt-pt\/#\/schema\/logo\/image\/"},"sameAs":["https:\/\/www.instagram.com\/revolutionpadelstore\/"]}]}},"_links":{"self":[{"href":"https:\/\/revolutionpadelstore.com\/pt-pt\/wp-json\/wp\/v2\/product\/160089","targetHints":{"allow":["GET"]}}],"collection":[{"href":"https:\/\/revolutionpadelstore.com\/pt-pt\/wp-json\/wp\/v2\/product"}],"about":[{"href":"https:\/\/revolutionpadelstore.com\/pt-pt\/wp-json\/wp\/v2\/types\/product"}],"replies":[{"embeddable":true,"href":"https:\/\/revolutionpadelstore.com\/pt-pt\/wp-json\/wp\/v2\/comments?post=160089"}],"wp:featuredmedia":[{"embeddable":true,"href":"https:\/\/revolutionpadelstore.com\/pt-pt\/wp-json\/wp\/v2\/media\/160054"}],"wp:attachment":[{"href":"https:\/\/revolutionpadelstore.com\/pt-pt\/wp-json\/wp\/v2\/media?parent=160089"}],"wp:term":[{"taxonomy":"acabado","embeddable":true,"href":"https:\/\/revolutionpadelstore.com\/pt-pt\/wp-json\/wp\/v2\/acabado?post=160089"},{"taxonomy":"balance","embeddable":true,"href":"https:\/\/revolutionpadelstore.com\/pt-pt\/wp-json\/wp\/v2\/balance?post=160089"},{"taxonomy":"dureza","embeddable":true,"href":"https:\/\/revolutionpadelstore.com\/pt-pt\/wp-json\/wp\/v2\/dureza?post=160089"},{"taxonomy":"forma","embeddable":true,"href":"https:\/\/revolutionpadelstore.com\/pt-pt\/wp-json\/wp\/v2\/forma?post=160089"},{"taxonomy":"jugador","embeddable":true,"href":"https:\/\/revolutionpadelstore.com\/pt-pt\/wp-json\/wp\/v2\/jugador?post=160089"},{"taxonomy":"marca","embeddable":true,"href":"https:\/\/revolutionpadelstore.com\/pt-pt\/wp-json\/wp\/v2\/marca?post=160089"},{"taxonomy":"nivel-de-juego","embeddable":true,"href":"https:\/\/revolutionpadelstore.com\/pt-pt\/wp-json\/wp\/v2\/nivel-de-juego?post=160089"},{"taxonomy":"superficie","embeddable":true,"href":"https:\/\/revolutionpadelstore.com\/pt-pt\/wp-json\/wp\/v2\/superficie?post=160089"},{"taxonomy":"tipo-de-juego","embeddable":true,"href":"https:\/\/revolutionpadelstore.com\/pt-pt\/wp-json\/wp\/v2\/tipo-de-juego?post=160089"},{"taxonomy":"product_brand","embeddable":true,"href":"https:\/\/revolutionpadelstore.com\/pt-pt\/wp-json\/wp\/v2\/product_brand?post=160089"},{"taxonomy":"product_cat","embeddable":true,"href":"https:\/\/revolutionpadelstore.com\/pt-pt\/wp-json\/wp\/v2\/product_cat?post=160089"},{"taxonomy":"product_tag","embeddable":true,"href":"https:\/\/revolutionpadelstore.com\/pt-pt\/wp-json\/wp\/v2\/product_tag?post=160089"}],"curies":[{"name":"wp","href":"https:\/\/api.w.org\/{rel}","templated":true}]}}