{"id":159910,"date":"2025-01-17T21:15:41","date_gmt":"2025-01-17T20:15:41","guid":{"rendered":"https:\/\/revolutionpadelstore.com\/mochila-adidas-protour-black-3-4-2025\/"},"modified":"2026-04-08T08:27:32","modified_gmt":"2026-04-08T06:27:32","slug":"mochila-adidas-protour-black-3-4-2025-5","status":"publish","type":"product","link":"https:\/\/revolutionpadelstore.com\/pt-pt\/produto\/mochila-adidas-protour-black-3-4-2025-5\/","title":{"rendered":"MOCHILA ADIDAS PROTOUR BLACK 3.4 2025"},"content":{"rendered":"<p><H2> adidas preto preto 3.4 2025 Mochila<br \/>\nA mochila <strong> Black Black 3.4 <\/strong> Adidas \u00e9 a escolha perfeita para jogadores de paddle que valorizam a funcionalidade e o estilo. Fazendo parte da cole\u00e7\u00e3o exclusiva 2025 da Adidas, esta mochila combina design e conforto modernos, sendo ideais para transportar tudo o que \u00e9 necess\u00e1rio para o seu treinamento e correspond\u00eancia.<\/p>\n<h2> Principais caracter\u00edsticas: <\/h2>\n<p><P> <strong> -Amplio Compartamento principal <\/strong> Com um z\u00edper U para acesso r\u00e1pido e simples aos seus itens<br \/>\n<P> <strong>-bolsilos-laterais com fechamento de zip <\/strong>, perfeito para manter seus acess\u00f3rios organizados e seguros<br \/>\n<P> <strong> -astic elastic cordas na frente <\/strong>, que n\u00e3o apenas nos permite regular o volume da mochila, mas tamb\u00e9m adiciona um toque distinto ao design. \/p&gt;<\/p>\n<p><H2> Prote\u00e7\u00e3o e conforto m\u00e1ximo: <\/h2>\n<p> <strong> -colchado traseiro <\/strong>, ideal para usar objetos delicados, como um laptop ou documentos importantes.<br \/>\n<P> <strong> -Correas e painel traseiro citado <\/strong>, projetado para oferecer um conforto maior, mesmo nos dias mais longos.<br \/>\n<P>-Mesmo revestimento no painel traseiro para obter melhor respirabilidade<\/p>\n<p><H2> Materiais e dimens\u00f5es sustent\u00e1veis: <\/h2>\n<p>-fabricado com <strong> polytersulfona <\/strong> e <strong> poli\u00e9ster reciclado <\/strong>, esta mochila n\u00e3o \u00e9 apenas duradoura, mas tamb\u00e9m uma op\u00e7\u00e3o respeitosa com o ambiente. <\/p>\n<p>-dimens\u00f5es: <strong> 32 x 50 x 23 cm <\/strong><\/p>\n<p> Capacidade: <strong> 40 litros <\/strong><br \/>\nEsta mochila \u00e9 uma excelente op\u00e7\u00e3o para os jogadores mais exigentes que buscam uma solu\u00e7\u00e3o pr\u00e1tica e estilizada para transportar seus equipamentos e itens pessoais.<\/p>\n<p>Adquira agora a mochila Adidas Black Black 3.4 2025 em nossa loja on -line <a href=\"https:\/\/www.revolutionPadelstore.com\/\"> Revolution Padel Store <\/a>, provavelmente pelo melhor pre\u00e7o de mercado!<\/p>\n<h2>Mochila Adidas Protour Black 3.4 2025<\/h2>\n","protected":false},"excerpt":{"rendered":"<p>Adidas preto preto 3.4 2025 Mochila se destaca por sua ampla capacidade, um compartimento traseiro acolchoado e tiras ergon\u00f4micas. Preparado com materiais ecol\u00f3gicos, \u00e9 a combina\u00e7\u00e3o perfeita de praticidade e design, ideal para atletas e viajantes.<\/p>\n","protected":false},"featured_media":159869,"comment_status":"open","ping_status":"closed","template":"","meta":{"_acf_changed":false,"_joinchat":[]},"acabado":[],"balance":[],"dureza":[],"forma":[],"jugador":[],"marca":[1230],"nivel-de-juego":[],"superficie":[],"tipo-de-juego":[],"product_brand":[],"product_cat":[316],"product_tag":[],"class_list":{"0":"post-159910","1":"product","2":"type-product","3":"status-publish","4":"has-post-thumbnail","6":"marca-adidas-pt-pt","7":"product_cat-bolsas-pt-pt","9":"first","10":"instock","11":"sale","12":"taxable","13":"shipping-taxable","14":"purchasable","15":"product-type-simple"},"acf":[],"yoast_head":"<!-- This site is optimized with the Yoast SEO plugin v27.6 - https:\/\/yoast.com\/product\/yoast-seo-wordpress\/ -->\n<title>MOCHILA ADIDAS PROTOUR BLACK 3.4 2025 - Revolution Padel Store<\/title>\n<meta name=\"description\" content=\"Descubre la Mochila Adidas Protour Black 3.4 de la colecci\u00f3n 2025, dise\u00f1ada para jugadores de p\u00e1del exigentes. Con compartimentos amplios, materiales sostenibles y comodidad superior, est\u00e1 disponible en Revolution Padel Store al mejor precio.\" \/>\n<meta name=\"robots\" content=\"index, follow, max-snippet:-1, max-image-preview:large, max-video-preview:-1\" \/>\n<link rel=\"canonical\" href=\"https:\/\/revolutionpadelstore.com\/pt-pt\/produto\/mochila-adidas-protour-black-3-4-2025-5\/\" \/>\n<meta property=\"og:locale\" content=\"pt_PT\" \/>\n<meta property=\"og:type\" content=\"article\" \/>\n<meta property=\"og:title\" content=\"MOCHILA ADIDAS PROTOUR BLACK 3.4 2025 - Revolution Padel Store\" \/>\n<meta property=\"og:description\" content=\"Descubre la Mochila Adidas Protour Black 3.4 de la colecci\u00f3n 2025, dise\u00f1ada para jugadores de p\u00e1del exigentes. Con compartimentos amplios, materiales sostenibles y comodidad superior, est\u00e1 disponible en Revolution Padel Store al mejor precio.\" \/>\n<meta property=\"og:url\" content=\"https:\/\/revolutionpadelstore.com\/pt-pt\/produto\/mochila-adidas-protour-black-3-4-2025-5\/\" \/>\n<meta property=\"og:site_name\" content=\"Revolution Padel Store\" \/>\n<meta property=\"article:modified_time\" content=\"2026-04-08T06:27:32+00:00\" \/>\n<meta property=\"og:image\" content=\"https:\/\/revolutionpadelstore.com\/wp-content\/uploads\/2025\/01\/113718-mochila-adidas-protour-black-3-4-ab1ma4u101500x1500-1.webp\" \/>\n\t<meta property=\"og:image:width\" content=\"1500\" \/>\n\t<meta property=\"og:image:height\" content=\"1500\" \/>\n\t<meta property=\"og:image:type\" content=\"image\/webp\" \/>\n<meta name=\"twitter:card\" content=\"summary_large_image\" \/>\n<meta name=\"twitter:label1\" content=\"Tempo estimado de leitura\" \/>\n\t<meta name=\"twitter:data1\" content=\"1 minuto\" \/>\n<script type=\"application\/ld+json\" class=\"yoast-schema-graph\">{\"@context\":\"https:\\\/\\\/schema.org\",\"@graph\":[{\"@type\":\"WebPage\",\"@id\":\"https:\\\/\\\/revolutionpadelstore.com\\\/pt-pt\\\/produto\\\/mochila-adidas-protour-black-3-4-2025-5\\\/\",\"url\":\"https:\\\/\\\/revolutionpadelstore.com\\\/pt-pt\\\/produto\\\/mochila-adidas-protour-black-3-4-2025-5\\\/\",\"name\":\"MOCHILA ADIDAS PROTOUR BLACK 3.4 2025 - Revolution Padel Store\",\"isPartOf\":{\"@id\":\"https:\\\/\\\/revolutionpadelstore.com\\\/pt-pt\\\/#website\"},\"primaryImageOfPage\":{\"@id\":\"https:\\\/\\\/revolutionpadelstore.com\\\/pt-pt\\\/produto\\\/mochila-adidas-protour-black-3-4-2025-5\\\/#primaryimage\"},\"image\":{\"@id\":\"https:\\\/\\\/revolutionpadelstore.com\\\/pt-pt\\\/produto\\\/mochila-adidas-protour-black-3-4-2025-5\\\/#primaryimage\"},\"thumbnailUrl\":\"https:\\\/\\\/revolutionpadelstore.com\\\/wp-content\\\/uploads\\\/2025\\\/01\\\/113718-mochila-adidas-protour-black-3-4-ab1ma4u101500x1500-1.webp\",\"datePublished\":\"2025-01-17T20:15:41+00:00\",\"dateModified\":\"2026-04-08T06:27:32+00:00\",\"description\":\"Descubre la Mochila Adidas Protour Black 3.4 de la colecci\u00f3n 2025, dise\u00f1ada para jugadores de p\u00e1del exigentes. Con compartimentos amplios, materiales sostenibles y comodidad superior, est\u00e1 disponible en Revolution Padel Store al mejor precio.\",\"breadcrumb\":{\"@id\":\"https:\\\/\\\/revolutionpadelstore.com\\\/pt-pt\\\/produto\\\/mochila-adidas-protour-black-3-4-2025-5\\\/#breadcrumb\"},\"inLanguage\":\"pt-PT\",\"potentialAction\":[{\"@type\":\"ReadAction\",\"target\":[\"https:\\\/\\\/revolutionpadelstore.com\\\/pt-pt\\\/produto\\\/mochila-adidas-protour-black-3-4-2025-5\\\/\"]}]},{\"@type\":\"ImageObject\",\"inLanguage\":\"pt-PT\",\"@id\":\"https:\\\/\\\/revolutionpadelstore.com\\\/pt-pt\\\/produto\\\/mochila-adidas-protour-black-3-4-2025-5\\\/#primaryimage\",\"url\":\"https:\\\/\\\/revolutionpadelstore.com\\\/wp-content\\\/uploads\\\/2025\\\/01\\\/113718-mochila-adidas-protour-black-3-4-ab1ma4u101500x1500-1.webp\",\"contentUrl\":\"https:\\\/\\\/revolutionpadelstore.com\\\/wp-content\\\/uploads\\\/2025\\\/01\\\/113718-mochila-adidas-protour-black-3-4-ab1ma4u101500x1500-1.webp\",\"width\":1500,\"height\":1500},{\"@type\":\"BreadcrumbList\",\"@id\":\"https:\\\/\\\/revolutionpadelstore.com\\\/pt-pt\\\/produto\\\/mochila-adidas-protour-black-3-4-2025-5\\\/#breadcrumb\",\"itemListElement\":[{\"@type\":\"ListItem\",\"position\":1,\"name\":\"Portada\",\"item\":\"https:\\\/\\\/revolutionpadelstore.com\\\/pt-pt\\\/\"},{\"@type\":\"ListItem\",\"position\":2,\"name\":\"Tienda\",\"item\":\"https:\\\/\\\/revolutionpadelstore.com\\\/pt-pt\\\/tienda\\\/\"},{\"@type\":\"ListItem\",\"position\":3,\"name\":\"MOCHILA ADIDAS PROTOUR BLACK 3.4 2025\"}]},{\"@type\":\"WebSite\",\"@id\":\"https:\\\/\\\/revolutionpadelstore.com\\\/pt-pt\\\/#website\",\"url\":\"https:\\\/\\\/revolutionpadelstore.com\\\/pt-pt\\\/\",\"name\":\"Revolution Padel Store\",\"description\":\"\",\"publisher\":{\"@id\":\"https:\\\/\\\/revolutionpadelstore.com\\\/pt-pt\\\/#organization\"},\"potentialAction\":[{\"@type\":\"SearchAction\",\"target\":{\"@type\":\"EntryPoint\",\"urlTemplate\":\"https:\\\/\\\/revolutionpadelstore.com\\\/pt-pt\\\/?s={search_term_string}\"},\"query-input\":{\"@type\":\"PropertyValueSpecification\",\"valueRequired\":true,\"valueName\":\"search_term_string\"}}],\"inLanguage\":\"pt-PT\"},{\"@type\":\"Organization\",\"@id\":\"https:\\\/\\\/revolutionpadelstore.com\\\/pt-pt\\\/#organization\",\"name\":\"Revolution Padel Store\",\"url\":\"https:\\\/\\\/revolutionpadelstore.com\\\/pt-pt\\\/\",\"logo\":{\"@type\":\"ImageObject\",\"inLanguage\":\"pt-PT\",\"@id\":\"https:\\\/\\\/revolutionpadelstore.com\\\/pt-pt\\\/#\\\/schema\\\/logo\\\/image\\\/\",\"url\":\"https:\\\/\\\/revolutionpadelstore.com\\\/wp-content\\\/uploads\\\/2026\\\/02\\\/revolution-padel-store.jpg\",\"contentUrl\":\"https:\\\/\\\/revolutionpadelstore.com\\\/wp-content\\\/uploads\\\/2026\\\/02\\\/revolution-padel-store.jpg\",\"width\":2000,\"height\":2000,\"caption\":\"Revolution Padel Store\"},\"image\":{\"@id\":\"https:\\\/\\\/revolutionpadelstore.com\\\/pt-pt\\\/#\\\/schema\\\/logo\\\/image\\\/\"},\"sameAs\":[\"https:\\\/\\\/www.instagram.com\\\/revolutionpadelstore\\\/\"]}]}<\/script>\n<!-- \/ Yoast SEO plugin. -->","yoast_head_json":{"title":"MOCHILA ADIDAS PROTOUR BLACK 3.4 2025 - Revolution Padel Store","description":"Descubre la Mochila Adidas Protour Black 3.4 de la colecci\u00f3n 2025, dise\u00f1ada para jugadores de p\u00e1del exigentes. Con compartimentos amplios, materiales sostenibles y comodidad superior, est\u00e1 disponible en Revolution Padel Store al mejor precio.","robots":{"index":"index","follow":"follow","max-snippet":"max-snippet:-1","max-image-preview":"max-image-preview:large","max-video-preview":"max-video-preview:-1"},"canonical":"https:\/\/revolutionpadelstore.com\/pt-pt\/produto\/mochila-adidas-protour-black-3-4-2025-5\/","og_locale":"pt_PT","og_type":"article","og_title":"MOCHILA ADIDAS PROTOUR BLACK 3.4 2025 - Revolution Padel Store","og_description":"Descubre la Mochila Adidas Protour Black 3.4 de la colecci\u00f3n 2025, dise\u00f1ada para jugadores de p\u00e1del exigentes. Con compartimentos amplios, materiales sostenibles y comodidad superior, est\u00e1 disponible en Revolution Padel Store al mejor precio.","og_url":"https:\/\/revolutionpadelstore.com\/pt-pt\/produto\/mochila-adidas-protour-black-3-4-2025-5\/","og_site_name":"Revolution Padel Store","article_modified_time":"2026-04-08T06:27:32+00:00","og_image":[{"width":1500,"height":1500,"url":"https:\/\/revolutionpadelstore.com\/wp-content\/uploads\/2025\/01\/113718-mochila-adidas-protour-black-3-4-ab1ma4u101500x1500-1.webp","type":"image\/webp"}],"twitter_card":"summary_large_image","twitter_misc":{"Tempo estimado de leitura":"1 minuto"},"schema":{"@context":"https:\/\/schema.org","@graph":[{"@type":"WebPage","@id":"https:\/\/revolutionpadelstore.com\/pt-pt\/produto\/mochila-adidas-protour-black-3-4-2025-5\/","url":"https:\/\/revolutionpadelstore.com\/pt-pt\/produto\/mochila-adidas-protour-black-3-4-2025-5\/","name":"MOCHILA ADIDAS PROTOUR BLACK 3.4 2025 - Revolution Padel Store","isPartOf":{"@id":"https:\/\/revolutionpadelstore.com\/pt-pt\/#website"},"primaryImageOfPage":{"@id":"https:\/\/revolutionpadelstore.com\/pt-pt\/produto\/mochila-adidas-protour-black-3-4-2025-5\/#primaryimage"},"image":{"@id":"https:\/\/revolutionpadelstore.com\/pt-pt\/produto\/mochila-adidas-protour-black-3-4-2025-5\/#primaryimage"},"thumbnailUrl":"https:\/\/revolutionpadelstore.com\/wp-content\/uploads\/2025\/01\/113718-mochila-adidas-protour-black-3-4-ab1ma4u101500x1500-1.webp","datePublished":"2025-01-17T20:15:41+00:00","dateModified":"2026-04-08T06:27:32+00:00","description":"Descubre la Mochila Adidas Protour Black 3.4 de la colecci\u00f3n 2025, dise\u00f1ada para jugadores de p\u00e1del exigentes. Con compartimentos amplios, materiales sostenibles y comodidad superior, est\u00e1 disponible en Revolution Padel Store al mejor precio.","breadcrumb":{"@id":"https:\/\/revolutionpadelstore.com\/pt-pt\/produto\/mochila-adidas-protour-black-3-4-2025-5\/#breadcrumb"},"inLanguage":"pt-PT","potentialAction":[{"@type":"ReadAction","target":["https:\/\/revolutionpadelstore.com\/pt-pt\/produto\/mochila-adidas-protour-black-3-4-2025-5\/"]}]},{"@type":"ImageObject","inLanguage":"pt-PT","@id":"https:\/\/revolutionpadelstore.com\/pt-pt\/produto\/mochila-adidas-protour-black-3-4-2025-5\/#primaryimage","url":"https:\/\/revolutionpadelstore.com\/wp-content\/uploads\/2025\/01\/113718-mochila-adidas-protour-black-3-4-ab1ma4u101500x1500-1.webp","contentUrl":"https:\/\/revolutionpadelstore.com\/wp-content\/uploads\/2025\/01\/113718-mochila-adidas-protour-black-3-4-ab1ma4u101500x1500-1.webp","width":1500,"height":1500},{"@type":"BreadcrumbList","@id":"https:\/\/revolutionpadelstore.com\/pt-pt\/produto\/mochila-adidas-protour-black-3-4-2025-5\/#breadcrumb","itemListElement":[{"@type":"ListItem","position":1,"name":"Portada","item":"https:\/\/revolutionpadelstore.com\/pt-pt\/"},{"@type":"ListItem","position":2,"name":"Tienda","item":"https:\/\/revolutionpadelstore.com\/pt-pt\/tienda\/"},{"@type":"ListItem","position":3,"name":"MOCHILA ADIDAS PROTOUR BLACK 3.4 2025"}]},{"@type":"WebSite","@id":"https:\/\/revolutionpadelstore.com\/pt-pt\/#website","url":"https:\/\/revolutionpadelstore.com\/pt-pt\/","name":"Revolution Padel Store","description":"","publisher":{"@id":"https:\/\/revolutionpadelstore.com\/pt-pt\/#organization"},"potentialAction":[{"@type":"SearchAction","target":{"@type":"EntryPoint","urlTemplate":"https:\/\/revolutionpadelstore.com\/pt-pt\/?s={search_term_string}"},"query-input":{"@type":"PropertyValueSpecification","valueRequired":true,"valueName":"search_term_string"}}],"inLanguage":"pt-PT"},{"@type":"Organization","@id":"https:\/\/revolutionpadelstore.com\/pt-pt\/#organization","name":"Revolution Padel Store","url":"https:\/\/revolutionpadelstore.com\/pt-pt\/","logo":{"@type":"ImageObject","inLanguage":"pt-PT","@id":"https:\/\/revolutionpadelstore.com\/pt-pt\/#\/schema\/logo\/image\/","url":"https:\/\/revolutionpadelstore.com\/wp-content\/uploads\/2026\/02\/revolution-padel-store.jpg","contentUrl":"https:\/\/revolutionpadelstore.com\/wp-content\/uploads\/2026\/02\/revolution-padel-store.jpg","width":2000,"height":2000,"caption":"Revolution Padel Store"},"image":{"@id":"https:\/\/revolutionpadelstore.com\/pt-pt\/#\/schema\/logo\/image\/"},"sameAs":["https:\/\/www.instagram.com\/revolutionpadelstore\/"]}]}},"_links":{"self":[{"href":"https:\/\/revolutionpadelstore.com\/pt-pt\/wp-json\/wp\/v2\/product\/159910","targetHints":{"allow":["GET"]}}],"collection":[{"href":"https:\/\/revolutionpadelstore.com\/pt-pt\/wp-json\/wp\/v2\/product"}],"about":[{"href":"https:\/\/revolutionpadelstore.com\/pt-pt\/wp-json\/wp\/v2\/types\/product"}],"replies":[{"embeddable":true,"href":"https:\/\/revolutionpadelstore.com\/pt-pt\/wp-json\/wp\/v2\/comments?post=159910"}],"wp:featuredmedia":[{"embeddable":true,"href":"https:\/\/revolutionpadelstore.com\/pt-pt\/wp-json\/wp\/v2\/media\/159869"}],"wp:attachment":[{"href":"https:\/\/revolutionpadelstore.com\/pt-pt\/wp-json\/wp\/v2\/media?parent=159910"}],"wp:term":[{"taxonomy":"acabado","embeddable":true,"href":"https:\/\/revolutionpadelstore.com\/pt-pt\/wp-json\/wp\/v2\/acabado?post=159910"},{"taxonomy":"balance","embeddable":true,"href":"https:\/\/revolutionpadelstore.com\/pt-pt\/wp-json\/wp\/v2\/balance?post=159910"},{"taxonomy":"dureza","embeddable":true,"href":"https:\/\/revolutionpadelstore.com\/pt-pt\/wp-json\/wp\/v2\/dureza?post=159910"},{"taxonomy":"forma","embeddable":true,"href":"https:\/\/revolutionpadelstore.com\/pt-pt\/wp-json\/wp\/v2\/forma?post=159910"},{"taxonomy":"jugador","embeddable":true,"href":"https:\/\/revolutionpadelstore.com\/pt-pt\/wp-json\/wp\/v2\/jugador?post=159910"},{"taxonomy":"marca","embeddable":true,"href":"https:\/\/revolutionpadelstore.com\/pt-pt\/wp-json\/wp\/v2\/marca?post=159910"},{"taxonomy":"nivel-de-juego","embeddable":true,"href":"https:\/\/revolutionpadelstore.com\/pt-pt\/wp-json\/wp\/v2\/nivel-de-juego?post=159910"},{"taxonomy":"superficie","embeddable":true,"href":"https:\/\/revolutionpadelstore.com\/pt-pt\/wp-json\/wp\/v2\/superficie?post=159910"},{"taxonomy":"tipo-de-juego","embeddable":true,"href":"https:\/\/revolutionpadelstore.com\/pt-pt\/wp-json\/wp\/v2\/tipo-de-juego?post=159910"},{"taxonomy":"product_brand","embeddable":true,"href":"https:\/\/revolutionpadelstore.com\/pt-pt\/wp-json\/wp\/v2\/product_brand?post=159910"},{"taxonomy":"product_cat","embeddable":true,"href":"https:\/\/revolutionpadelstore.com\/pt-pt\/wp-json\/wp\/v2\/product_cat?post=159910"},{"taxonomy":"product_tag","embeddable":true,"href":"https:\/\/revolutionpadelstore.com\/pt-pt\/wp-json\/wp\/v2\/product_tag?post=159910"}],"curies":[{"name":"wp","href":"https:\/\/api.w.org\/{rel}","templated":true}]}}