{"id":158525,"date":"2025-01-11T21:35:50","date_gmt":"2025-01-11T20:35:50","guid":{"rendered":"https:\/\/revolutionpadelstore.com\/drop-shot-canyon-pro-attack-1-0-2025\/"},"modified":"2026-04-08T08:38:57","modified_gmt":"2026-04-08T06:38:57","slug":"drop-shot-canyon-pro-attack-1-0-2025-5","status":"publish","type":"product","link":"https:\/\/revolutionpadelstore.com\/pt-pt\/produto\/drop-shot-canyon-pro-attack-1-0-2025-5\/","title":{"rendered":"DROP SHOT CANYON PRO ATTACK 1.0 2025"},"content":{"rendered":"<p><H2> Drop Shot Canyon Pro Attack 1.0 2025 &#8211; Tecnologia m\u00e1xima de energia e elite<br \/>\nO <strong> Drop Shot Canyon Pro Attack 1.0 2025 <\/strong> \u00e9 a escassez principal da cole\u00e7\u00e3o <strong> seja \u00fanica <\/strong>, projetada para jogadores especializados que procuram desempenho superior. Sua forma de diamante, alto equil\u00edbrio e peso de <strong> 350-370 gramas <\/strong> oferecem energia excepcional em cada golpe, ideal para dominar na pista.<\/p>\n<p>O design elegante em <strong> preto, azul e prata <\/strong>, desenvolvido com Pablo Lima, n\u00e3o apenas se destaca visualmente, mas tamb\u00e9m reflete as tecnologias mais recentes de gera\u00e7\u00e3o que garantem controle, precis\u00e3o e conforto.<br \/>\n<H2> <strong> caracter\u00edsticas proeminentes <\/strong> <\/h2>\n<p><strong> -carbon marco 24k twill textreme <\/strong>: oferece resist\u00eancia e flexibilidade, gra\u00e7as aos seus filamentos bidirecionais de carbono de 24.000 unidades.<\/p>\n<p><strong> -nuco eva pro densidade <\/strong>: absorva os impactos e forne\u00e7a uma maior elasticidade para golpes poderosos.<\/p>\n<p><strong> -A tecnologia tecnol\u00f3gica <\/strong>: minimiza as vibra\u00e7\u00f5es, protegendo seu bra\u00e7o e melhorando o conforto para jogos longos.<\/p>\n<p><strong> -Protetor ergo pro <\/strong>: substitu\u00edvel, fabricado em nylon leve para durabilidade extra.<\/p>\n<p><strong> -Smart Sistema <\/strong>: orif\u00edcios otimizados de orif\u00edcios para maximizar o controle e a pot\u00eancia.<\/p>\n<p><strong> -Grip Cork Cushion <\/strong>: melhora o suporte e absorve vibra\u00e7\u00f5es para maior estabilidade.<\/p>\n<p><strong> -Heart Heart <\/strong>: refor\u00e7o no cora\u00e7\u00e3o da l\u00e2mina que aumenta sua firmeza.<br \/>\n<H2> <strong> Quem \u00e9 o Drop Shot Canyon Pro Attack 1.0 2025?<br \/>\nEsta p\u00e1 \u00e9 perfeita para jogadores avan\u00e7ados ou profissionais que priorizam o poder explosivo <\/strong> sem comprometer o controle. Suas tecnologias avan\u00e7adas e design inovador o tornam uma ferramenta essencial para as partidas mais exigentes.<br \/>\n<H2> <strong> benef\u00edcios -chave <\/strong> <\/h2>\n<p>-Incremtra o poder <strong> <\/strong> de cada golpe com seu alto equil\u00edbrio e seu design em forma de diamante.<\/p>\n<p>-Propole um jogo <strong> confort\u00e1vel <\/strong> gra\u00e7as \u00e0 sua absor\u00e7\u00e3o de vibra\u00e7\u00f5es.<\/p>\n<p>-Gerantize um excelente desempenho em cada parte, mesmo em n\u00edveis de concorr\u00eancia profissional.<\/p>\n<p><strong> leve para casa o Drop Shot Canyon Pro Attack 1.0 2025 <\/strong> e experimente o desempenho de uma p\u00e1, projetada para vencer. Dispon\u00edvel em nossa loja on -line <a href=\"https:\/\/www.revolutionpadelstore.com\/\"> www.revolutionPadelstore.com <\/a>, provavelmente pelo melhor pre\u00e7o de mercado!<br \/>\n<H3> <\/h3>\n<h2>Drop Shot Canyon Pro Attack 1.0 2025 \u2013 M\u00e1xima potencia y tecnolog\u00eda de \u00e9lite<\/h2>\n","protected":false},"excerpt":{"rendered":"<p>O Drop Shot Canyon Pro Attack 1.0 2025, projetado por Pablo Lima, \u00e9 uma p\u00e1 de alto n\u00edvel, ideal para jogadores especializados que procuram um equil\u00edbrio perfeito entre poder, controle e excelente desempenho em cada reuni\u00e3o.<\/p>\n","protected":false},"featured_media":158362,"comment_status":"open","ping_status":"closed","template":"","meta":{"_acf_changed":false,"_joinchat":[]},"acabado":[1085],"balance":[1135],"dureza":[1160],"forma":[1170],"jugador":[1190,1200],"marca":[1713],"nivel-de-juego":[1335],"superficie":[1355],"tipo-de-juego":[1375],"product_brand":[],"product_cat":[300],"product_tag":[],"class_list":{"0":"post-158525","1":"product","2":"type-product","3":"status-publish","4":"has-post-thumbnail","6":"acabado-companheiro","7":"balance-alto-pt-pt","8":"dureza-dura-pt-pt","9":"forma-diamante-pt-pt","10":"jugador-homem","11":"jugador-polivalente-pt-pt","12":"marca-cair","13":"superficie-lisa-pt-pt","14":"tipo-de-juego-poder","15":"product_cat-palas","17":"first","18":"instock","19":"sale","20":"taxable","21":"shipping-taxable","22":"purchasable","23":"product-type-simple"},"acf":[],"yoast_head":"<!-- This site is optimized with the Yoast SEO plugin v27.4 - https:\/\/yoast.com\/product\/yoast-seo-wordpress\/ -->\n<title>DROP SHOT CANYON PRO ATTACK 1.0 2025 - Revolution Padel Store<\/title>\n<meta name=\"description\" content=\"Descubre la Drop Shot Canyon Pro Attack 1.0 2025, dise\u00f1ada junto a Pablo Lima. Potencia, control y tecnolog\u00edas avanzadas en una pala de nivel profesional. \u00a1Compra ahora al mejor precio en Revolution Padel Store!\" \/>\n<meta name=\"robots\" content=\"index, follow, max-snippet:-1, max-image-preview:large, max-video-preview:-1\" \/>\n<link rel=\"canonical\" href=\"https:\/\/revolutionpadelstore.com\/pt-pt\/produto\/drop-shot-canyon-pro-attack-1-0-2025-5\/\" \/>\n<meta property=\"og:locale\" content=\"pt_PT\" \/>\n<meta property=\"og:type\" content=\"article\" \/>\n<meta property=\"og:title\" content=\"DROP SHOT CANYON PRO ATTACK 1.0 2025 - Revolution Padel Store\" \/>\n<meta property=\"og:description\" content=\"Descubre la Drop Shot Canyon Pro Attack 1.0 2025, dise\u00f1ada junto a Pablo Lima. Potencia, control y tecnolog\u00edas avanzadas en una pala de nivel profesional. \u00a1Compra ahora al mejor precio en Revolution Padel Store!\" \/>\n<meta property=\"og:url\" content=\"https:\/\/revolutionpadelstore.com\/pt-pt\/produto\/drop-shot-canyon-pro-attack-1-0-2025-5\/\" \/>\n<meta property=\"og:site_name\" content=\"Revolution Padel Store\" \/>\n<meta property=\"article:modified_time\" content=\"2026-04-08T06:38:57+00:00\" \/>\n<meta property=\"og:image\" content=\"https:\/\/revolutionpadelstore.com\/wp-content\/uploads\/2025\/01\/114577-pala-drop-shot-canyon-pro-attack-1-0-dp324018-1000x1000-1.webp\" \/>\n\t<meta property=\"og:image:width\" content=\"1000\" \/>\n\t<meta property=\"og:image:height\" content=\"1000\" \/>\n\t<meta property=\"og:image:type\" content=\"image\/webp\" \/>\n<meta name=\"twitter:card\" content=\"summary_large_image\" \/>\n<meta name=\"twitter:label1\" content=\"Tempo estimado de leitura\" \/>\n\t<meta name=\"twitter:data1\" content=\"2 minutos\" \/>\n<script type=\"application\/ld+json\" class=\"yoast-schema-graph\">{\"@context\":\"https:\\\/\\\/schema.org\",\"@graph\":[{\"@type\":\"WebPage\",\"@id\":\"https:\\\/\\\/revolutionpadelstore.com\\\/pt-pt\\\/produto\\\/drop-shot-canyon-pro-attack-1-0-2025-5\\\/\",\"url\":\"https:\\\/\\\/revolutionpadelstore.com\\\/pt-pt\\\/produto\\\/drop-shot-canyon-pro-attack-1-0-2025-5\\\/\",\"name\":\"DROP SHOT CANYON PRO ATTACK 1.0 2025 - Revolution Padel Store\",\"isPartOf\":{\"@id\":\"https:\\\/\\\/revolutionpadelstore.com\\\/pt-pt\\\/#website\"},\"primaryImageOfPage\":{\"@id\":\"https:\\\/\\\/revolutionpadelstore.com\\\/pt-pt\\\/produto\\\/drop-shot-canyon-pro-attack-1-0-2025-5\\\/#primaryimage\"},\"image\":{\"@id\":\"https:\\\/\\\/revolutionpadelstore.com\\\/pt-pt\\\/produto\\\/drop-shot-canyon-pro-attack-1-0-2025-5\\\/#primaryimage\"},\"thumbnailUrl\":\"https:\\\/\\\/revolutionpadelstore.com\\\/wp-content\\\/uploads\\\/2025\\\/01\\\/114577-pala-drop-shot-canyon-pro-attack-1-0-dp324018-1000x1000-1.webp\",\"datePublished\":\"2025-01-11T20:35:50+00:00\",\"dateModified\":\"2026-04-08T06:38:57+00:00\",\"description\":\"Descubre la Drop Shot Canyon Pro Attack 1.0 2025, dise\u00f1ada junto a Pablo Lima. Potencia, control y tecnolog\u00edas avanzadas en una pala de nivel profesional. \u00a1Compra ahora al mejor precio en Revolution Padel Store!\",\"breadcrumb\":{\"@id\":\"https:\\\/\\\/revolutionpadelstore.com\\\/pt-pt\\\/produto\\\/drop-shot-canyon-pro-attack-1-0-2025-5\\\/#breadcrumb\"},\"inLanguage\":\"pt-PT\",\"potentialAction\":[{\"@type\":\"ReadAction\",\"target\":[\"https:\\\/\\\/revolutionpadelstore.com\\\/pt-pt\\\/produto\\\/drop-shot-canyon-pro-attack-1-0-2025-5\\\/\"]}]},{\"@type\":\"ImageObject\",\"inLanguage\":\"pt-PT\",\"@id\":\"https:\\\/\\\/revolutionpadelstore.com\\\/pt-pt\\\/produto\\\/drop-shot-canyon-pro-attack-1-0-2025-5\\\/#primaryimage\",\"url\":\"https:\\\/\\\/revolutionpadelstore.com\\\/wp-content\\\/uploads\\\/2025\\\/01\\\/114577-pala-drop-shot-canyon-pro-attack-1-0-dp324018-1000x1000-1.webp\",\"contentUrl\":\"https:\\\/\\\/revolutionpadelstore.com\\\/wp-content\\\/uploads\\\/2025\\\/01\\\/114577-pala-drop-shot-canyon-pro-attack-1-0-dp324018-1000x1000-1.webp\",\"width\":1000,\"height\":1000},{\"@type\":\"BreadcrumbList\",\"@id\":\"https:\\\/\\\/revolutionpadelstore.com\\\/pt-pt\\\/produto\\\/drop-shot-canyon-pro-attack-1-0-2025-5\\\/#breadcrumb\",\"itemListElement\":[{\"@type\":\"ListItem\",\"position\":1,\"name\":\"Portada\",\"item\":\"https:\\\/\\\/revolutionpadelstore.com\\\/pt-pt\\\/\"},{\"@type\":\"ListItem\",\"position\":2,\"name\":\"Tienda\",\"item\":\"https:\\\/\\\/revolutionpadelstore.com\\\/pt-pt\\\/tienda\\\/\"},{\"@type\":\"ListItem\",\"position\":3,\"name\":\"DROP SHOT CANYON PRO ATTACK 1.0 2025\"}]},{\"@type\":\"WebSite\",\"@id\":\"https:\\\/\\\/revolutionpadelstore.com\\\/pt-pt\\\/#website\",\"url\":\"https:\\\/\\\/revolutionpadelstore.com\\\/pt-pt\\\/\",\"name\":\"Revolution Padel Store\",\"description\":\"\",\"publisher\":{\"@id\":\"https:\\\/\\\/revolutionpadelstore.com\\\/pt-pt\\\/#organization\"},\"potentialAction\":[{\"@type\":\"SearchAction\",\"target\":{\"@type\":\"EntryPoint\",\"urlTemplate\":\"https:\\\/\\\/revolutionpadelstore.com\\\/pt-pt\\\/?s={search_term_string}\"},\"query-input\":{\"@type\":\"PropertyValueSpecification\",\"valueRequired\":true,\"valueName\":\"search_term_string\"}}],\"inLanguage\":\"pt-PT\"},{\"@type\":\"Organization\",\"@id\":\"https:\\\/\\\/revolutionpadelstore.com\\\/pt-pt\\\/#organization\",\"name\":\"Revolution Padel Store\",\"url\":\"https:\\\/\\\/revolutionpadelstore.com\\\/pt-pt\\\/\",\"logo\":{\"@type\":\"ImageObject\",\"inLanguage\":\"pt-PT\",\"@id\":\"https:\\\/\\\/revolutionpadelstore.com\\\/pt-pt\\\/#\\\/schema\\\/logo\\\/image\\\/\",\"url\":\"https:\\\/\\\/revolutionpadelstore.com\\\/wp-content\\\/uploads\\\/2026\\\/02\\\/revolution-padel-store.jpg\",\"contentUrl\":\"https:\\\/\\\/revolutionpadelstore.com\\\/wp-content\\\/uploads\\\/2026\\\/02\\\/revolution-padel-store.jpg\",\"width\":2000,\"height\":2000,\"caption\":\"Revolution Padel Store\"},\"image\":{\"@id\":\"https:\\\/\\\/revolutionpadelstore.com\\\/pt-pt\\\/#\\\/schema\\\/logo\\\/image\\\/\"},\"sameAs\":[\"https:\\\/\\\/www.instagram.com\\\/revolutionpadelstore\\\/\"]}]}<\/script>\n<!-- \/ Yoast SEO plugin. -->","yoast_head_json":{"title":"DROP SHOT CANYON PRO ATTACK 1.0 2025 - Revolution Padel Store","description":"Descubre la Drop Shot Canyon Pro Attack 1.0 2025, dise\u00f1ada junto a Pablo Lima. Potencia, control y tecnolog\u00edas avanzadas en una pala de nivel profesional. \u00a1Compra ahora al mejor precio en Revolution Padel Store!","robots":{"index":"index","follow":"follow","max-snippet":"max-snippet:-1","max-image-preview":"max-image-preview:large","max-video-preview":"max-video-preview:-1"},"canonical":"https:\/\/revolutionpadelstore.com\/pt-pt\/produto\/drop-shot-canyon-pro-attack-1-0-2025-5\/","og_locale":"pt_PT","og_type":"article","og_title":"DROP SHOT CANYON PRO ATTACK 1.0 2025 - Revolution Padel Store","og_description":"Descubre la Drop Shot Canyon Pro Attack 1.0 2025, dise\u00f1ada junto a Pablo Lima. Potencia, control y tecnolog\u00edas avanzadas en una pala de nivel profesional. \u00a1Compra ahora al mejor precio en Revolution Padel Store!","og_url":"https:\/\/revolutionpadelstore.com\/pt-pt\/produto\/drop-shot-canyon-pro-attack-1-0-2025-5\/","og_site_name":"Revolution Padel Store","article_modified_time":"2026-04-08T06:38:57+00:00","og_image":[{"width":1000,"height":1000,"url":"https:\/\/revolutionpadelstore.com\/wp-content\/uploads\/2025\/01\/114577-pala-drop-shot-canyon-pro-attack-1-0-dp324018-1000x1000-1.webp","type":"image\/webp"}],"twitter_card":"summary_large_image","twitter_misc":{"Tempo estimado de leitura":"2 minutos"},"schema":{"@context":"https:\/\/schema.org","@graph":[{"@type":"WebPage","@id":"https:\/\/revolutionpadelstore.com\/pt-pt\/produto\/drop-shot-canyon-pro-attack-1-0-2025-5\/","url":"https:\/\/revolutionpadelstore.com\/pt-pt\/produto\/drop-shot-canyon-pro-attack-1-0-2025-5\/","name":"DROP SHOT CANYON PRO ATTACK 1.0 2025 - Revolution Padel Store","isPartOf":{"@id":"https:\/\/revolutionpadelstore.com\/pt-pt\/#website"},"primaryImageOfPage":{"@id":"https:\/\/revolutionpadelstore.com\/pt-pt\/produto\/drop-shot-canyon-pro-attack-1-0-2025-5\/#primaryimage"},"image":{"@id":"https:\/\/revolutionpadelstore.com\/pt-pt\/produto\/drop-shot-canyon-pro-attack-1-0-2025-5\/#primaryimage"},"thumbnailUrl":"https:\/\/revolutionpadelstore.com\/wp-content\/uploads\/2025\/01\/114577-pala-drop-shot-canyon-pro-attack-1-0-dp324018-1000x1000-1.webp","datePublished":"2025-01-11T20:35:50+00:00","dateModified":"2026-04-08T06:38:57+00:00","description":"Descubre la Drop Shot Canyon Pro Attack 1.0 2025, dise\u00f1ada junto a Pablo Lima. Potencia, control y tecnolog\u00edas avanzadas en una pala de nivel profesional. \u00a1Compra ahora al mejor precio en Revolution Padel Store!","breadcrumb":{"@id":"https:\/\/revolutionpadelstore.com\/pt-pt\/produto\/drop-shot-canyon-pro-attack-1-0-2025-5\/#breadcrumb"},"inLanguage":"pt-PT","potentialAction":[{"@type":"ReadAction","target":["https:\/\/revolutionpadelstore.com\/pt-pt\/produto\/drop-shot-canyon-pro-attack-1-0-2025-5\/"]}]},{"@type":"ImageObject","inLanguage":"pt-PT","@id":"https:\/\/revolutionpadelstore.com\/pt-pt\/produto\/drop-shot-canyon-pro-attack-1-0-2025-5\/#primaryimage","url":"https:\/\/revolutionpadelstore.com\/wp-content\/uploads\/2025\/01\/114577-pala-drop-shot-canyon-pro-attack-1-0-dp324018-1000x1000-1.webp","contentUrl":"https:\/\/revolutionpadelstore.com\/wp-content\/uploads\/2025\/01\/114577-pala-drop-shot-canyon-pro-attack-1-0-dp324018-1000x1000-1.webp","width":1000,"height":1000},{"@type":"BreadcrumbList","@id":"https:\/\/revolutionpadelstore.com\/pt-pt\/produto\/drop-shot-canyon-pro-attack-1-0-2025-5\/#breadcrumb","itemListElement":[{"@type":"ListItem","position":1,"name":"Portada","item":"https:\/\/revolutionpadelstore.com\/pt-pt\/"},{"@type":"ListItem","position":2,"name":"Tienda","item":"https:\/\/revolutionpadelstore.com\/pt-pt\/tienda\/"},{"@type":"ListItem","position":3,"name":"DROP SHOT CANYON PRO ATTACK 1.0 2025"}]},{"@type":"WebSite","@id":"https:\/\/revolutionpadelstore.com\/pt-pt\/#website","url":"https:\/\/revolutionpadelstore.com\/pt-pt\/","name":"Revolution Padel Store","description":"","publisher":{"@id":"https:\/\/revolutionpadelstore.com\/pt-pt\/#organization"},"potentialAction":[{"@type":"SearchAction","target":{"@type":"EntryPoint","urlTemplate":"https:\/\/revolutionpadelstore.com\/pt-pt\/?s={search_term_string}"},"query-input":{"@type":"PropertyValueSpecification","valueRequired":true,"valueName":"search_term_string"}}],"inLanguage":"pt-PT"},{"@type":"Organization","@id":"https:\/\/revolutionpadelstore.com\/pt-pt\/#organization","name":"Revolution Padel Store","url":"https:\/\/revolutionpadelstore.com\/pt-pt\/","logo":{"@type":"ImageObject","inLanguage":"pt-PT","@id":"https:\/\/revolutionpadelstore.com\/pt-pt\/#\/schema\/logo\/image\/","url":"https:\/\/revolutionpadelstore.com\/wp-content\/uploads\/2026\/02\/revolution-padel-store.jpg","contentUrl":"https:\/\/revolutionpadelstore.com\/wp-content\/uploads\/2026\/02\/revolution-padel-store.jpg","width":2000,"height":2000,"caption":"Revolution Padel Store"},"image":{"@id":"https:\/\/revolutionpadelstore.com\/pt-pt\/#\/schema\/logo\/image\/"},"sameAs":["https:\/\/www.instagram.com\/revolutionpadelstore\/"]}]}},"_links":{"self":[{"href":"https:\/\/revolutionpadelstore.com\/pt-pt\/wp-json\/wp\/v2\/product\/158525","targetHints":{"allow":["GET"]}}],"collection":[{"href":"https:\/\/revolutionpadelstore.com\/pt-pt\/wp-json\/wp\/v2\/product"}],"about":[{"href":"https:\/\/revolutionpadelstore.com\/pt-pt\/wp-json\/wp\/v2\/types\/product"}],"replies":[{"embeddable":true,"href":"https:\/\/revolutionpadelstore.com\/pt-pt\/wp-json\/wp\/v2\/comments?post=158525"}],"wp:featuredmedia":[{"embeddable":true,"href":"https:\/\/revolutionpadelstore.com\/pt-pt\/wp-json\/wp\/v2\/media\/158362"}],"wp:attachment":[{"href":"https:\/\/revolutionpadelstore.com\/pt-pt\/wp-json\/wp\/v2\/media?parent=158525"}],"wp:term":[{"taxonomy":"acabado","embeddable":true,"href":"https:\/\/revolutionpadelstore.com\/pt-pt\/wp-json\/wp\/v2\/acabado?post=158525"},{"taxonomy":"balance","embeddable":true,"href":"https:\/\/revolutionpadelstore.com\/pt-pt\/wp-json\/wp\/v2\/balance?post=158525"},{"taxonomy":"dureza","embeddable":true,"href":"https:\/\/revolutionpadelstore.com\/pt-pt\/wp-json\/wp\/v2\/dureza?post=158525"},{"taxonomy":"forma","embeddable":true,"href":"https:\/\/revolutionpadelstore.com\/pt-pt\/wp-json\/wp\/v2\/forma?post=158525"},{"taxonomy":"jugador","embeddable":true,"href":"https:\/\/revolutionpadelstore.com\/pt-pt\/wp-json\/wp\/v2\/jugador?post=158525"},{"taxonomy":"marca","embeddable":true,"href":"https:\/\/revolutionpadelstore.com\/pt-pt\/wp-json\/wp\/v2\/marca?post=158525"},{"taxonomy":"nivel-de-juego","embeddable":true,"href":"https:\/\/revolutionpadelstore.com\/pt-pt\/wp-json\/wp\/v2\/nivel-de-juego?post=158525"},{"taxonomy":"superficie","embeddable":true,"href":"https:\/\/revolutionpadelstore.com\/pt-pt\/wp-json\/wp\/v2\/superficie?post=158525"},{"taxonomy":"tipo-de-juego","embeddable":true,"href":"https:\/\/revolutionpadelstore.com\/pt-pt\/wp-json\/wp\/v2\/tipo-de-juego?post=158525"},{"taxonomy":"product_brand","embeddable":true,"href":"https:\/\/revolutionpadelstore.com\/pt-pt\/wp-json\/wp\/v2\/product_brand?post=158525"},{"taxonomy":"product_cat","embeddable":true,"href":"https:\/\/revolutionpadelstore.com\/pt-pt\/wp-json\/wp\/v2\/product_cat?post=158525"},{"taxonomy":"product_tag","embeddable":true,"href":"https:\/\/revolutionpadelstore.com\/pt-pt\/wp-json\/wp\/v2\/product_tag?post=158525"}],"curies":[{"name":"wp","href":"https:\/\/api.w.org\/{rel}","templated":true}]}}