{"id":157772,"date":"2024-12-30T00:21:36","date_gmt":"2024-12-29T23:21:36","guid":{"rendered":"https:\/\/revolutionpadelstore.com\/hesacore-bullpadel-woman-fucsia\/"},"modified":"2026-04-08T08:41:32","modified_gmt":"2026-04-08T06:41:32","slug":"hesacore-bullpadel-woman-fucsia-5","status":"publish","type":"product","link":"https:\/\/revolutionpadelstore.com\/pt-pt\/produto\/hesacore-bullpadel-woman-fucsia-5\/","title":{"rendered":"HESACORE BULLPADEL WOMAN FUCSIA"},"content":{"rendered":"<p><H2> Hesacore Bullpadel Fuchsia: A melhor escolha para poder e conforto <\/h2>\n<p><H2> Por que escolher o bullpadel de Hesacore Bullpadel Fuchsia?<br \/>\nO bullpadel Grip Fuchsia <strong> Hesacore \u00e9 o acess\u00f3rio favorito de muitos jogadores, de iniciantes a profissionais, gra\u00e7as \u00e0s suas vantagens em poder, controle e conforto. Essa ader\u00eancia inovadora permite que voc\u00ea segure a p\u00e1 com menos esfor\u00e7o, minimizando a contra\u00e7\u00e3o dos dedos e reduzindo o cansa\u00e7o nas m\u00e3os.<br \/>\n<H2> Ideal para todos os n\u00edveis de jogo <\/h2>\n<p>\u00c9 perfeito para jogadores novatos que procuram melhorar seu controle e para especialistas que desejam melhorar seu desempenho. Al\u00e9m disso, seu design n\u00e3o -RSLIP garante uma ader\u00eancia firme, impedindo que o chuveiro escorregue durante o jogo mais intenso.<br \/>\n<H2> Design e tecnologia <\/h2>\n<p><strong>-Design hexagonal <\/strong>: Sua estrutura em forma de favo de mel acomoda os ossos da m\u00e3o ergonomicamente.<\/p>\n<p><strong> -Revis\u00e3o de vibra\u00e7\u00f5es <\/strong>: minimiza o impacto, ajudando a evitar les\u00f5es no pulso, cotovelo e antebra\u00e7o.<\/p>\n<p><strong> -Color Fuchsia Stringing <\/strong>: Um design moderno que se destaca na pista.<br \/>\n<H2> Caracter\u00edsticas t\u00e9cnicas <\/h2>\n<p><strong>-Ertonomia avan\u00e7ada <\/strong>: reduza o esfor\u00e7o ao manter a p\u00e1, relaxando os m\u00fasculos da m\u00e3o e do antebra\u00e7o.<\/p>\n<p><strong>-Material de alta qualidade <\/strong>: sua composi\u00e7\u00e3o garante durabilidade e conforto.<\/p>\n<p><strong> -f\u00e1ccial Instala\u00e7\u00e3o <\/strong>: \u00e9 rapidamente colocado e substitu\u00eddo, permitindo adapta\u00e7\u00e3o imediata.<\/p>\n<p><strong> -Surface de contato de mayor <\/strong>: melhora o controle e diminui os riscos da les\u00e3o.<br \/>\n<H2> Benef\u00edcios -chave <\/h2>\n<p>-Peente e controle.<\/p>\n<p>-Preven\u00e7\u00e3o de les\u00e3o gra\u00e7as \u00e0 sua capacidade de absor\u00e7\u00e3o de vibra\u00e7\u00e3o.<\/p>\n<p>-Daptable para qualquer estilo e n\u00edvel de jogo.<br \/>\n<H2> dispon\u00edvel agora <\/h2>\n<p>Comer o bullpadel fuchsia <strong> Hesacore Bullpadel <\/strong> em nossa loja on -line <a href=\"https:\/\/www.revolutionpadelstore.com\/\"> www.revolutionpadelstore.com <\/a> Provavelmente no melhor pre\u00e7o de mercado . Melhore sua experi\u00eancia de jogo hoje!<\/p>\n<h2>Hesacore Grip Bullpadel Fucsia: La Mejor Elecci\u00f3n para Potencia y Comodidad<\/h2>\n","protected":false},"excerpt":{"rendered":"<p>O bullpadel de Hesacore melhora o apoio entre a m\u00e3o e a al\u00e7a, o que permite reduzir a tens\u00e3o nos m\u00fasculos da m\u00e3o e do antebra\u00e7o.<\/p>\n","protected":false},"featured_media":157767,"comment_status":"open","ping_status":"closed","template":"","meta":{"_acf_changed":false,"_joinchat":[]},"acabado":[],"balance":[],"dureza":[],"forma":[],"jugador":[],"marca":[1255],"nivel-de-juego":[],"superficie":[],"tipo-de-juego":[],"product_brand":[],"product_cat":[559],"product_tag":[],"class_list":{"0":"post-157772","1":"product","2":"type-product","3":"status-publish","4":"has-post-thumbnail","6":"marca-bullpadel-pt-pt","7":"product_cat-acessorios","9":"first","10":"instock","11":"sale","12":"taxable","13":"shipping-taxable","14":"purchasable","15":"product-type-simple"},"acf":[],"yoast_head":"<!-- This site is optimized with the Yoast SEO plugin v27.4 - https:\/\/yoast.com\/product\/yoast-seo-wordpress\/ -->\n<title>HESACORE BULLPADEL WOMAN FUCSIA - Revolution Padel Store<\/title>\n<meta name=\"description\" content=\"&quot;Descubre el Hesacore Grip Bullpadel Fucsia, el accesorio ideal para potenciar tu juego. Dise\u00f1o ergon\u00f3mico, reducci\u00f3n de vibraciones y m\u00e1xima comodidad. \u00a1Disponible en Revolution Padel Store!&quot;\" \/>\n<meta name=\"robots\" content=\"index, follow, max-snippet:-1, max-image-preview:large, max-video-preview:-1\" \/>\n<link rel=\"canonical\" href=\"https:\/\/revolutionpadelstore.com\/pt-pt\/produto\/hesacore-bullpadel-woman-fucsia-5\/\" \/>\n<meta property=\"og:locale\" content=\"pt_PT\" \/>\n<meta property=\"og:type\" content=\"article\" \/>\n<meta property=\"og:title\" content=\"HESACORE BULLPADEL WOMAN FUCSIA - Revolution Padel Store\" \/>\n<meta property=\"og:description\" content=\"&quot;Descubre el Hesacore Grip Bullpadel Fucsia, el accesorio ideal para potenciar tu juego. Dise\u00f1o ergon\u00f3mico, reducci\u00f3n de vibraciones y m\u00e1xima comodidad. \u00a1Disponible en Revolution Padel Store!&quot;\" \/>\n<meta property=\"og:url\" content=\"https:\/\/revolutionpadelstore.com\/pt-pt\/produto\/hesacore-bullpadel-woman-fucsia-5\/\" \/>\n<meta property=\"og:site_name\" content=\"Revolution Padel Store\" \/>\n<meta property=\"article:modified_time\" content=\"2026-04-08T06:41:32+00:00\" \/>\n<meta property=\"og:image\" content=\"https:\/\/revolutionpadelstore.com\/wp-content\/uploads\/2024\/12\/imagen_1_26071_d2e07668_be66.webp\" \/>\n\t<meta property=\"og:image:width\" content=\"1000\" \/>\n\t<meta property=\"og:image:height\" content=\"1000\" \/>\n\t<meta property=\"og:image:type\" content=\"image\/webp\" \/>\n<meta name=\"twitter:card\" content=\"summary_large_image\" \/>\n<meta name=\"twitter:label1\" content=\"Tempo estimado de leitura\" \/>\n\t<meta name=\"twitter:data1\" content=\"2 minutos\" \/>\n<script type=\"application\/ld+json\" class=\"yoast-schema-graph\">{\"@context\":\"https:\\\/\\\/schema.org\",\"@graph\":[{\"@type\":\"WebPage\",\"@id\":\"https:\\\/\\\/revolutionpadelstore.com\\\/pt-pt\\\/produto\\\/hesacore-bullpadel-woman-fucsia-5\\\/\",\"url\":\"https:\\\/\\\/revolutionpadelstore.com\\\/pt-pt\\\/produto\\\/hesacore-bullpadel-woman-fucsia-5\\\/\",\"name\":\"HESACORE BULLPADEL WOMAN FUCSIA - Revolution Padel Store\",\"isPartOf\":{\"@id\":\"https:\\\/\\\/revolutionpadelstore.com\\\/pt-pt\\\/#website\"},\"primaryImageOfPage\":{\"@id\":\"https:\\\/\\\/revolutionpadelstore.com\\\/pt-pt\\\/produto\\\/hesacore-bullpadel-woman-fucsia-5\\\/#primaryimage\"},\"image\":{\"@id\":\"https:\\\/\\\/revolutionpadelstore.com\\\/pt-pt\\\/produto\\\/hesacore-bullpadel-woman-fucsia-5\\\/#primaryimage\"},\"thumbnailUrl\":\"https:\\\/\\\/revolutionpadelstore.com\\\/wp-content\\\/uploads\\\/2024\\\/12\\\/imagen_1_26071_d2e07668_be66.webp\",\"datePublished\":\"2024-12-29T23:21:36+00:00\",\"dateModified\":\"2026-04-08T06:41:32+00:00\",\"description\":\"\\\"Descubre el Hesacore Grip Bullpadel Fucsia, el accesorio ideal para potenciar tu juego. Dise\u00f1o ergon\u00f3mico, reducci\u00f3n de vibraciones y m\u00e1xima comodidad. \u00a1Disponible en Revolution Padel Store!\\\"\",\"breadcrumb\":{\"@id\":\"https:\\\/\\\/revolutionpadelstore.com\\\/pt-pt\\\/produto\\\/hesacore-bullpadel-woman-fucsia-5\\\/#breadcrumb\"},\"inLanguage\":\"pt-PT\",\"potentialAction\":[{\"@type\":\"ReadAction\",\"target\":[\"https:\\\/\\\/revolutionpadelstore.com\\\/pt-pt\\\/produto\\\/hesacore-bullpadel-woman-fucsia-5\\\/\"]}]},{\"@type\":\"ImageObject\",\"inLanguage\":\"pt-PT\",\"@id\":\"https:\\\/\\\/revolutionpadelstore.com\\\/pt-pt\\\/produto\\\/hesacore-bullpadel-woman-fucsia-5\\\/#primaryimage\",\"url\":\"https:\\\/\\\/revolutionpadelstore.com\\\/wp-content\\\/uploads\\\/2024\\\/12\\\/imagen_1_26071_d2e07668_be66.webp\",\"contentUrl\":\"https:\\\/\\\/revolutionpadelstore.com\\\/wp-content\\\/uploads\\\/2024\\\/12\\\/imagen_1_26071_d2e07668_be66.webp\",\"width\":1000,\"height\":1000},{\"@type\":\"BreadcrumbList\",\"@id\":\"https:\\\/\\\/revolutionpadelstore.com\\\/pt-pt\\\/produto\\\/hesacore-bullpadel-woman-fucsia-5\\\/#breadcrumb\",\"itemListElement\":[{\"@type\":\"ListItem\",\"position\":1,\"name\":\"Portada\",\"item\":\"https:\\\/\\\/revolutionpadelstore.com\\\/pt-pt\\\/\"},{\"@type\":\"ListItem\",\"position\":2,\"name\":\"Tienda\",\"item\":\"https:\\\/\\\/revolutionpadelstore.com\\\/pt-pt\\\/tienda\\\/\"},{\"@type\":\"ListItem\",\"position\":3,\"name\":\"HESACORE BULLPADEL WOMAN FUCSIA\"}]},{\"@type\":\"WebSite\",\"@id\":\"https:\\\/\\\/revolutionpadelstore.com\\\/pt-pt\\\/#website\",\"url\":\"https:\\\/\\\/revolutionpadelstore.com\\\/pt-pt\\\/\",\"name\":\"Revolution Padel Store\",\"description\":\"\",\"publisher\":{\"@id\":\"https:\\\/\\\/revolutionpadelstore.com\\\/pt-pt\\\/#organization\"},\"potentialAction\":[{\"@type\":\"SearchAction\",\"target\":{\"@type\":\"EntryPoint\",\"urlTemplate\":\"https:\\\/\\\/revolutionpadelstore.com\\\/pt-pt\\\/?s={search_term_string}\"},\"query-input\":{\"@type\":\"PropertyValueSpecification\",\"valueRequired\":true,\"valueName\":\"search_term_string\"}}],\"inLanguage\":\"pt-PT\"},{\"@type\":\"Organization\",\"@id\":\"https:\\\/\\\/revolutionpadelstore.com\\\/pt-pt\\\/#organization\",\"name\":\"Revolution Padel Store\",\"url\":\"https:\\\/\\\/revolutionpadelstore.com\\\/pt-pt\\\/\",\"logo\":{\"@type\":\"ImageObject\",\"inLanguage\":\"pt-PT\",\"@id\":\"https:\\\/\\\/revolutionpadelstore.com\\\/pt-pt\\\/#\\\/schema\\\/logo\\\/image\\\/\",\"url\":\"https:\\\/\\\/revolutionpadelstore.com\\\/wp-content\\\/uploads\\\/2026\\\/02\\\/revolution-padel-store.jpg\",\"contentUrl\":\"https:\\\/\\\/revolutionpadelstore.com\\\/wp-content\\\/uploads\\\/2026\\\/02\\\/revolution-padel-store.jpg\",\"width\":2000,\"height\":2000,\"caption\":\"Revolution Padel Store\"},\"image\":{\"@id\":\"https:\\\/\\\/revolutionpadelstore.com\\\/pt-pt\\\/#\\\/schema\\\/logo\\\/image\\\/\"},\"sameAs\":[\"https:\\\/\\\/www.instagram.com\\\/revolutionpadelstore\\\/\"]}]}<\/script>\n<!-- \/ Yoast SEO plugin. -->","yoast_head_json":{"title":"HESACORE BULLPADEL WOMAN FUCSIA - Revolution Padel Store","description":"\"Descubre el Hesacore Grip Bullpadel Fucsia, el accesorio ideal para potenciar tu juego. Dise\u00f1o ergon\u00f3mico, reducci\u00f3n de vibraciones y m\u00e1xima comodidad. \u00a1Disponible en Revolution Padel Store!\"","robots":{"index":"index","follow":"follow","max-snippet":"max-snippet:-1","max-image-preview":"max-image-preview:large","max-video-preview":"max-video-preview:-1"},"canonical":"https:\/\/revolutionpadelstore.com\/pt-pt\/produto\/hesacore-bullpadel-woman-fucsia-5\/","og_locale":"pt_PT","og_type":"article","og_title":"HESACORE BULLPADEL WOMAN FUCSIA - Revolution Padel Store","og_description":"\"Descubre el Hesacore Grip Bullpadel Fucsia, el accesorio ideal para potenciar tu juego. Dise\u00f1o ergon\u00f3mico, reducci\u00f3n de vibraciones y m\u00e1xima comodidad. \u00a1Disponible en Revolution Padel Store!\"","og_url":"https:\/\/revolutionpadelstore.com\/pt-pt\/produto\/hesacore-bullpadel-woman-fucsia-5\/","og_site_name":"Revolution Padel Store","article_modified_time":"2026-04-08T06:41:32+00:00","og_image":[{"width":1000,"height":1000,"url":"https:\/\/revolutionpadelstore.com\/wp-content\/uploads\/2024\/12\/imagen_1_26071_d2e07668_be66.webp","type":"image\/webp"}],"twitter_card":"summary_large_image","twitter_misc":{"Tempo estimado de leitura":"2 minutos"},"schema":{"@context":"https:\/\/schema.org","@graph":[{"@type":"WebPage","@id":"https:\/\/revolutionpadelstore.com\/pt-pt\/produto\/hesacore-bullpadel-woman-fucsia-5\/","url":"https:\/\/revolutionpadelstore.com\/pt-pt\/produto\/hesacore-bullpadel-woman-fucsia-5\/","name":"HESACORE BULLPADEL WOMAN FUCSIA - Revolution Padel Store","isPartOf":{"@id":"https:\/\/revolutionpadelstore.com\/pt-pt\/#website"},"primaryImageOfPage":{"@id":"https:\/\/revolutionpadelstore.com\/pt-pt\/produto\/hesacore-bullpadel-woman-fucsia-5\/#primaryimage"},"image":{"@id":"https:\/\/revolutionpadelstore.com\/pt-pt\/produto\/hesacore-bullpadel-woman-fucsia-5\/#primaryimage"},"thumbnailUrl":"https:\/\/revolutionpadelstore.com\/wp-content\/uploads\/2024\/12\/imagen_1_26071_d2e07668_be66.webp","datePublished":"2024-12-29T23:21:36+00:00","dateModified":"2026-04-08T06:41:32+00:00","description":"\"Descubre el Hesacore Grip Bullpadel Fucsia, el accesorio ideal para potenciar tu juego. Dise\u00f1o ergon\u00f3mico, reducci\u00f3n de vibraciones y m\u00e1xima comodidad. \u00a1Disponible en Revolution Padel Store!\"","breadcrumb":{"@id":"https:\/\/revolutionpadelstore.com\/pt-pt\/produto\/hesacore-bullpadel-woman-fucsia-5\/#breadcrumb"},"inLanguage":"pt-PT","potentialAction":[{"@type":"ReadAction","target":["https:\/\/revolutionpadelstore.com\/pt-pt\/produto\/hesacore-bullpadel-woman-fucsia-5\/"]}]},{"@type":"ImageObject","inLanguage":"pt-PT","@id":"https:\/\/revolutionpadelstore.com\/pt-pt\/produto\/hesacore-bullpadel-woman-fucsia-5\/#primaryimage","url":"https:\/\/revolutionpadelstore.com\/wp-content\/uploads\/2024\/12\/imagen_1_26071_d2e07668_be66.webp","contentUrl":"https:\/\/revolutionpadelstore.com\/wp-content\/uploads\/2024\/12\/imagen_1_26071_d2e07668_be66.webp","width":1000,"height":1000},{"@type":"BreadcrumbList","@id":"https:\/\/revolutionpadelstore.com\/pt-pt\/produto\/hesacore-bullpadel-woman-fucsia-5\/#breadcrumb","itemListElement":[{"@type":"ListItem","position":1,"name":"Portada","item":"https:\/\/revolutionpadelstore.com\/pt-pt\/"},{"@type":"ListItem","position":2,"name":"Tienda","item":"https:\/\/revolutionpadelstore.com\/pt-pt\/tienda\/"},{"@type":"ListItem","position":3,"name":"HESACORE BULLPADEL WOMAN FUCSIA"}]},{"@type":"WebSite","@id":"https:\/\/revolutionpadelstore.com\/pt-pt\/#website","url":"https:\/\/revolutionpadelstore.com\/pt-pt\/","name":"Revolution Padel Store","description":"","publisher":{"@id":"https:\/\/revolutionpadelstore.com\/pt-pt\/#organization"},"potentialAction":[{"@type":"SearchAction","target":{"@type":"EntryPoint","urlTemplate":"https:\/\/revolutionpadelstore.com\/pt-pt\/?s={search_term_string}"},"query-input":{"@type":"PropertyValueSpecification","valueRequired":true,"valueName":"search_term_string"}}],"inLanguage":"pt-PT"},{"@type":"Organization","@id":"https:\/\/revolutionpadelstore.com\/pt-pt\/#organization","name":"Revolution Padel Store","url":"https:\/\/revolutionpadelstore.com\/pt-pt\/","logo":{"@type":"ImageObject","inLanguage":"pt-PT","@id":"https:\/\/revolutionpadelstore.com\/pt-pt\/#\/schema\/logo\/image\/","url":"https:\/\/revolutionpadelstore.com\/wp-content\/uploads\/2026\/02\/revolution-padel-store.jpg","contentUrl":"https:\/\/revolutionpadelstore.com\/wp-content\/uploads\/2026\/02\/revolution-padel-store.jpg","width":2000,"height":2000,"caption":"Revolution Padel Store"},"image":{"@id":"https:\/\/revolutionpadelstore.com\/pt-pt\/#\/schema\/logo\/image\/"},"sameAs":["https:\/\/www.instagram.com\/revolutionpadelstore\/"]}]}},"_links":{"self":[{"href":"https:\/\/revolutionpadelstore.com\/pt-pt\/wp-json\/wp\/v2\/product\/157772","targetHints":{"allow":["GET"]}}],"collection":[{"href":"https:\/\/revolutionpadelstore.com\/pt-pt\/wp-json\/wp\/v2\/product"}],"about":[{"href":"https:\/\/revolutionpadelstore.com\/pt-pt\/wp-json\/wp\/v2\/types\/product"}],"replies":[{"embeddable":true,"href":"https:\/\/revolutionpadelstore.com\/pt-pt\/wp-json\/wp\/v2\/comments?post=157772"}],"wp:featuredmedia":[{"embeddable":true,"href":"https:\/\/revolutionpadelstore.com\/pt-pt\/wp-json\/wp\/v2\/media\/157767"}],"wp:attachment":[{"href":"https:\/\/revolutionpadelstore.com\/pt-pt\/wp-json\/wp\/v2\/media?parent=157772"}],"wp:term":[{"taxonomy":"acabado","embeddable":true,"href":"https:\/\/revolutionpadelstore.com\/pt-pt\/wp-json\/wp\/v2\/acabado?post=157772"},{"taxonomy":"balance","embeddable":true,"href":"https:\/\/revolutionpadelstore.com\/pt-pt\/wp-json\/wp\/v2\/balance?post=157772"},{"taxonomy":"dureza","embeddable":true,"href":"https:\/\/revolutionpadelstore.com\/pt-pt\/wp-json\/wp\/v2\/dureza?post=157772"},{"taxonomy":"forma","embeddable":true,"href":"https:\/\/revolutionpadelstore.com\/pt-pt\/wp-json\/wp\/v2\/forma?post=157772"},{"taxonomy":"jugador","embeddable":true,"href":"https:\/\/revolutionpadelstore.com\/pt-pt\/wp-json\/wp\/v2\/jugador?post=157772"},{"taxonomy":"marca","embeddable":true,"href":"https:\/\/revolutionpadelstore.com\/pt-pt\/wp-json\/wp\/v2\/marca?post=157772"},{"taxonomy":"nivel-de-juego","embeddable":true,"href":"https:\/\/revolutionpadelstore.com\/pt-pt\/wp-json\/wp\/v2\/nivel-de-juego?post=157772"},{"taxonomy":"superficie","embeddable":true,"href":"https:\/\/revolutionpadelstore.com\/pt-pt\/wp-json\/wp\/v2\/superficie?post=157772"},{"taxonomy":"tipo-de-juego","embeddable":true,"href":"https:\/\/revolutionpadelstore.com\/pt-pt\/wp-json\/wp\/v2\/tipo-de-juego?post=157772"},{"taxonomy":"product_brand","embeddable":true,"href":"https:\/\/revolutionpadelstore.com\/pt-pt\/wp-json\/wp\/v2\/product_brand?post=157772"},{"taxonomy":"product_cat","embeddable":true,"href":"https:\/\/revolutionpadelstore.com\/pt-pt\/wp-json\/wp\/v2\/product_cat?post=157772"},{"taxonomy":"product_tag","embeddable":true,"href":"https:\/\/revolutionpadelstore.com\/pt-pt\/wp-json\/wp\/v2\/product_tag?post=157772"}],"curies":[{"name":"wp","href":"https:\/\/api.w.org\/{rel}","templated":true}]}}