{"id":157372,"date":"2024-12-29T11:12:26","date_gmt":"2024-12-29T10:12:26","guid":{"rendered":"https:\/\/revolutionpadelstore.com\/?post_type=product&#038;p=157372"},"modified":"2026-04-08T08:49:41","modified_gmt":"2026-04-08T06:49:41","slug":"neceser-bullpadel-bpp25008-d-case-005-5","status":"publish","type":"product","link":"https:\/\/revolutionpadelstore.com\/pt-pt\/produto\/neceser-bullpadel-bpp25008-d-case-005-5\/","title":{"rendered":"NECESER BULLPADEL BPP25008 D.CASE 005"},"content":{"rendered":"<p><H2> bullpadel BPP-25008 D.SCOCE 005 <\/h2>\n<p><strong> otimiza suas viagens com o bullpadel BPP-25008 D.Case 005 <\/strong>, um acess\u00f3rio pr\u00e1tico e resistente projetado para o apaixonado do raquete. Fabricado com poli\u00e9ster 600D de alta qualidade, garante excelente durabilidade e prote\u00e7\u00e3o para seus objetos pessoais. Suas dimens\u00f5es compactas de <strong> 6x13x14 cm <\/strong> tornam perfeito para acompanh\u00e1 -lo com conforto para onde voc\u00ea vai.<br \/>\n<H2> caracter\u00edsticas excelentes: <\/h2>\n<p>Material <strong>-resistente: <\/strong> Poli\u00e9ster 600D de alta qualidade que garante uma longa vida \u00fatil.<\/p>\n<p><strong> Design funcional: <\/strong> inclui dois compartimentos independentes com fechamento de ZIP para manter seus pertences organizados.<\/p>\n<p><strong> -f\u00e1ccil Transport: <\/strong> possui uma al\u00e7a superior refor\u00e7ada que facilita sua administra\u00e7\u00e3o.<\/p>\n<p><strong> -Modern Styl: <\/strong> Avant-garde e design contempor\u00e2neo, ideal para complementar o equipamento de qualquer jogador.<br \/>\n<H2> Benef\u00edcios: <\/h2>\n<p><strong>-Organiza\u00e7\u00e3o ideal: <\/strong> gra\u00e7as aos seus compartimentos separados, voc\u00ea pode armazenar pequenos itens com seguran\u00e7a e acess\u00edvel.<\/p>\n<p><strong> -versatilidade: <\/strong> Perfeito para uso em treinamento, competi\u00e7\u00f5es ou viagens pessoais.<\/p>\n<p><strong>-Design exclusivo: <\/strong> reflete o estilo e a inova\u00e7\u00e3o da Bullpadel, uma das marcas mais reconhecidas do mundo da raquete.<\/p>\n<p>Obtenha essa necessidade pr\u00e1tica e conclua sua cole\u00e7\u00e3o de acess\u00f3rios para remo com um produto de qualidade excepcional.<\/p>\n<p><strong> Obtenha agora em nossa loja on -line <a href=\"http:\/\/www.revolutionpadelstore.com\/\"> www.revolutionpadelstore.com <\/a>, provavelmente com o melhor pre\u00e7o de mercado!<br \/>\n<H3> <\/h3>\n<h2>\u00a0Neceser Bullpadel BPP-25008 D.Case\u00a0 005<\/h2>\n","protected":false},"excerpt":{"rendered":"<p>Maximize o conforto em suas viagens com o Bullpadel BPP-25008 D.Case 005, um acess\u00f3rio pr\u00e1tico e duradouro, ideal para os amantes da remo. Fabricado com poli\u00e9ster 600D de alta resist\u00eancia, garante prote\u00e7\u00e3o ideal para seus pertences. Com um design compacto de 6x13x14 cm, \u00e9 o parceiro perfeito para levar tudo essencial sem complica\u00e7\u00f5es.<\/p>\n","protected":false},"featured_media":157384,"comment_status":"open","ping_status":"closed","template":"","meta":{"_acf_changed":false,"_joinchat":[]},"acabado":[],"balance":[],"dureza":[],"forma":[],"jugador":[],"marca":[1255],"nivel-de-juego":[],"superficie":[],"tipo-de-juego":[],"product_brand":[],"product_cat":[316],"product_tag":[],"class_list":{"0":"post-157372","1":"product","2":"type-product","3":"status-publish","4":"has-post-thumbnail","6":"marca-bullpadel-pt-pt","7":"product_cat-bolsas-pt-pt","9":"first","10":"outofstock","11":"sale","12":"taxable","13":"shipping-taxable","14":"purchasable","15":"product-type-simple"},"acf":[],"yoast_head":"<!-- This site is optimized with the Yoast SEO plugin v27.4 - https:\/\/yoast.com\/product\/yoast-seo-wordpress\/ -->\n<title>NECESER BULLPADEL BPP25008 D.CASE 005 - Revolution Padel Store<\/title>\n<meta name=\"description\" content=\"&quot;Compra el Neceser Bullpadel BPP-25018 D.Case 003, pr\u00e1ctico y resistente con dise\u00f1o moderno, en nuestra tienda online. Ideal para tus viajes. \u00a1Entra ya!&quot;\" \/>\n<meta name=\"robots\" content=\"index, follow, max-snippet:-1, max-image-preview:large, max-video-preview:-1\" \/>\n<link rel=\"canonical\" href=\"https:\/\/revolutionpadelstore.com\/pt-pt\/produto\/neceser-bullpadel-bpp25008-d-case-005-5\/\" \/>\n<meta property=\"og:locale\" content=\"pt_PT\" \/>\n<meta property=\"og:type\" content=\"article\" \/>\n<meta property=\"og:title\" content=\"NECESER BULLPADEL BPP25008 D.CASE 005 - Revolution Padel Store\" \/>\n<meta property=\"og:description\" content=\"&quot;Compra el Neceser Bullpadel BPP-25018 D.Case 003, pr\u00e1ctico y resistente con dise\u00f1o moderno, en nuestra tienda online. Ideal para tus viajes. \u00a1Entra ya!&quot;\" \/>\n<meta property=\"og:url\" content=\"https:\/\/revolutionpadelstore.com\/pt-pt\/produto\/neceser-bullpadel-bpp25008-d-case-005-5\/\" \/>\n<meta property=\"og:site_name\" content=\"Revolution Padel Store\" \/>\n<meta property=\"article:modified_time\" content=\"2026-04-08T06:49:41+00:00\" \/>\n<meta property=\"og:image\" content=\"https:\/\/revolutionpadelstore.com\/wp-content\/uploads\/2024\/12\/bpp25008negro.jpg\" \/>\n\t<meta property=\"og:image:width\" content=\"1400\" \/>\n\t<meta property=\"og:image:height\" content=\"1400\" \/>\n\t<meta property=\"og:image:type\" content=\"image\/jpeg\" \/>\n<meta name=\"twitter:card\" content=\"summary_large_image\" \/>\n<meta name=\"twitter:label1\" content=\"Tempo estimado de leitura\" \/>\n\t<meta name=\"twitter:data1\" content=\"1 minuto\" \/>\n<script type=\"application\/ld+json\" class=\"yoast-schema-graph\">{\"@context\":\"https:\\\/\\\/schema.org\",\"@graph\":[{\"@type\":\"WebPage\",\"@id\":\"https:\\\/\\\/revolutionpadelstore.com\\\/pt-pt\\\/produto\\\/neceser-bullpadel-bpp25008-d-case-005-5\\\/\",\"url\":\"https:\\\/\\\/revolutionpadelstore.com\\\/pt-pt\\\/produto\\\/neceser-bullpadel-bpp25008-d-case-005-5\\\/\",\"name\":\"NECESER BULLPADEL BPP25008 D.CASE 005 - Revolution Padel Store\",\"isPartOf\":{\"@id\":\"https:\\\/\\\/revolutionpadelstore.com\\\/pt-pt\\\/#website\"},\"primaryImageOfPage\":{\"@id\":\"https:\\\/\\\/revolutionpadelstore.com\\\/pt-pt\\\/produto\\\/neceser-bullpadel-bpp25008-d-case-005-5\\\/#primaryimage\"},\"image\":{\"@id\":\"https:\\\/\\\/revolutionpadelstore.com\\\/pt-pt\\\/produto\\\/neceser-bullpadel-bpp25008-d-case-005-5\\\/#primaryimage\"},\"thumbnailUrl\":\"https:\\\/\\\/revolutionpadelstore.com\\\/wp-content\\\/uploads\\\/2024\\\/12\\\/bpp25008negro.jpg\",\"datePublished\":\"2024-12-29T10:12:26+00:00\",\"dateModified\":\"2026-04-08T06:49:41+00:00\",\"description\":\"\\\"Compra el Neceser Bullpadel BPP-25018 D.Case 003, pr\u00e1ctico y resistente con dise\u00f1o moderno, en nuestra tienda online. Ideal para tus viajes. \u00a1Entra ya!\\\"\",\"breadcrumb\":{\"@id\":\"https:\\\/\\\/revolutionpadelstore.com\\\/pt-pt\\\/produto\\\/neceser-bullpadel-bpp25008-d-case-005-5\\\/#breadcrumb\"},\"inLanguage\":\"pt-PT\",\"potentialAction\":[{\"@type\":\"ReadAction\",\"target\":[\"https:\\\/\\\/revolutionpadelstore.com\\\/pt-pt\\\/produto\\\/neceser-bullpadel-bpp25008-d-case-005-5\\\/\"]}]},{\"@type\":\"ImageObject\",\"inLanguage\":\"pt-PT\",\"@id\":\"https:\\\/\\\/revolutionpadelstore.com\\\/pt-pt\\\/produto\\\/neceser-bullpadel-bpp25008-d-case-005-5\\\/#primaryimage\",\"url\":\"https:\\\/\\\/revolutionpadelstore.com\\\/wp-content\\\/uploads\\\/2024\\\/12\\\/bpp25008negro.jpg\",\"contentUrl\":\"https:\\\/\\\/revolutionpadelstore.com\\\/wp-content\\\/uploads\\\/2024\\\/12\\\/bpp25008negro.jpg\",\"width\":1400,\"height\":1400},{\"@type\":\"BreadcrumbList\",\"@id\":\"https:\\\/\\\/revolutionpadelstore.com\\\/pt-pt\\\/produto\\\/neceser-bullpadel-bpp25008-d-case-005-5\\\/#breadcrumb\",\"itemListElement\":[{\"@type\":\"ListItem\",\"position\":1,\"name\":\"Portada\",\"item\":\"https:\\\/\\\/revolutionpadelstore.com\\\/pt-pt\\\/\"},{\"@type\":\"ListItem\",\"position\":2,\"name\":\"Tienda\",\"item\":\"https:\\\/\\\/revolutionpadelstore.com\\\/pt-pt\\\/tienda\\\/\"},{\"@type\":\"ListItem\",\"position\":3,\"name\":\"NECESER BULLPADEL BPP25008 D.CASE 005\"}]},{\"@type\":\"WebSite\",\"@id\":\"https:\\\/\\\/revolutionpadelstore.com\\\/pt-pt\\\/#website\",\"url\":\"https:\\\/\\\/revolutionpadelstore.com\\\/pt-pt\\\/\",\"name\":\"Revolution Padel Store\",\"description\":\"\",\"publisher\":{\"@id\":\"https:\\\/\\\/revolutionpadelstore.com\\\/pt-pt\\\/#organization\"},\"potentialAction\":[{\"@type\":\"SearchAction\",\"target\":{\"@type\":\"EntryPoint\",\"urlTemplate\":\"https:\\\/\\\/revolutionpadelstore.com\\\/pt-pt\\\/?s={search_term_string}\"},\"query-input\":{\"@type\":\"PropertyValueSpecification\",\"valueRequired\":true,\"valueName\":\"search_term_string\"}}],\"inLanguage\":\"pt-PT\"},{\"@type\":\"Organization\",\"@id\":\"https:\\\/\\\/revolutionpadelstore.com\\\/pt-pt\\\/#organization\",\"name\":\"Revolution Padel Store\",\"url\":\"https:\\\/\\\/revolutionpadelstore.com\\\/pt-pt\\\/\",\"logo\":{\"@type\":\"ImageObject\",\"inLanguage\":\"pt-PT\",\"@id\":\"https:\\\/\\\/revolutionpadelstore.com\\\/pt-pt\\\/#\\\/schema\\\/logo\\\/image\\\/\",\"url\":\"https:\\\/\\\/revolutionpadelstore.com\\\/wp-content\\\/uploads\\\/2026\\\/02\\\/revolution-padel-store.jpg\",\"contentUrl\":\"https:\\\/\\\/revolutionpadelstore.com\\\/wp-content\\\/uploads\\\/2026\\\/02\\\/revolution-padel-store.jpg\",\"width\":2000,\"height\":2000,\"caption\":\"Revolution Padel Store\"},\"image\":{\"@id\":\"https:\\\/\\\/revolutionpadelstore.com\\\/pt-pt\\\/#\\\/schema\\\/logo\\\/image\\\/\"},\"sameAs\":[\"https:\\\/\\\/www.instagram.com\\\/revolutionpadelstore\\\/\"]}]}<\/script>\n<!-- \/ Yoast SEO plugin. -->","yoast_head_json":{"title":"NECESER BULLPADEL BPP25008 D.CASE 005 - Revolution Padel Store","description":"\"Compra el Neceser Bullpadel BPP-25018 D.Case 003, pr\u00e1ctico y resistente con dise\u00f1o moderno, en nuestra tienda online. Ideal para tus viajes. \u00a1Entra ya!\"","robots":{"index":"index","follow":"follow","max-snippet":"max-snippet:-1","max-image-preview":"max-image-preview:large","max-video-preview":"max-video-preview:-1"},"canonical":"https:\/\/revolutionpadelstore.com\/pt-pt\/produto\/neceser-bullpadel-bpp25008-d-case-005-5\/","og_locale":"pt_PT","og_type":"article","og_title":"NECESER BULLPADEL BPP25008 D.CASE 005 - Revolution Padel Store","og_description":"\"Compra el Neceser Bullpadel BPP-25018 D.Case 003, pr\u00e1ctico y resistente con dise\u00f1o moderno, en nuestra tienda online. Ideal para tus viajes. \u00a1Entra ya!\"","og_url":"https:\/\/revolutionpadelstore.com\/pt-pt\/produto\/neceser-bullpadel-bpp25008-d-case-005-5\/","og_site_name":"Revolution Padel Store","article_modified_time":"2026-04-08T06:49:41+00:00","og_image":[{"width":1400,"height":1400,"url":"https:\/\/revolutionpadelstore.com\/wp-content\/uploads\/2024\/12\/bpp25008negro.jpg","type":"image\/jpeg"}],"twitter_card":"summary_large_image","twitter_misc":{"Tempo estimado de leitura":"1 minuto"},"schema":{"@context":"https:\/\/schema.org","@graph":[{"@type":"WebPage","@id":"https:\/\/revolutionpadelstore.com\/pt-pt\/produto\/neceser-bullpadel-bpp25008-d-case-005-5\/","url":"https:\/\/revolutionpadelstore.com\/pt-pt\/produto\/neceser-bullpadel-bpp25008-d-case-005-5\/","name":"NECESER BULLPADEL BPP25008 D.CASE 005 - Revolution Padel Store","isPartOf":{"@id":"https:\/\/revolutionpadelstore.com\/pt-pt\/#website"},"primaryImageOfPage":{"@id":"https:\/\/revolutionpadelstore.com\/pt-pt\/produto\/neceser-bullpadel-bpp25008-d-case-005-5\/#primaryimage"},"image":{"@id":"https:\/\/revolutionpadelstore.com\/pt-pt\/produto\/neceser-bullpadel-bpp25008-d-case-005-5\/#primaryimage"},"thumbnailUrl":"https:\/\/revolutionpadelstore.com\/wp-content\/uploads\/2024\/12\/bpp25008negro.jpg","datePublished":"2024-12-29T10:12:26+00:00","dateModified":"2026-04-08T06:49:41+00:00","description":"\"Compra el Neceser Bullpadel BPP-25018 D.Case 003, pr\u00e1ctico y resistente con dise\u00f1o moderno, en nuestra tienda online. Ideal para tus viajes. \u00a1Entra ya!\"","breadcrumb":{"@id":"https:\/\/revolutionpadelstore.com\/pt-pt\/produto\/neceser-bullpadel-bpp25008-d-case-005-5\/#breadcrumb"},"inLanguage":"pt-PT","potentialAction":[{"@type":"ReadAction","target":["https:\/\/revolutionpadelstore.com\/pt-pt\/produto\/neceser-bullpadel-bpp25008-d-case-005-5\/"]}]},{"@type":"ImageObject","inLanguage":"pt-PT","@id":"https:\/\/revolutionpadelstore.com\/pt-pt\/produto\/neceser-bullpadel-bpp25008-d-case-005-5\/#primaryimage","url":"https:\/\/revolutionpadelstore.com\/wp-content\/uploads\/2024\/12\/bpp25008negro.jpg","contentUrl":"https:\/\/revolutionpadelstore.com\/wp-content\/uploads\/2024\/12\/bpp25008negro.jpg","width":1400,"height":1400},{"@type":"BreadcrumbList","@id":"https:\/\/revolutionpadelstore.com\/pt-pt\/produto\/neceser-bullpadel-bpp25008-d-case-005-5\/#breadcrumb","itemListElement":[{"@type":"ListItem","position":1,"name":"Portada","item":"https:\/\/revolutionpadelstore.com\/pt-pt\/"},{"@type":"ListItem","position":2,"name":"Tienda","item":"https:\/\/revolutionpadelstore.com\/pt-pt\/tienda\/"},{"@type":"ListItem","position":3,"name":"NECESER BULLPADEL BPP25008 D.CASE 005"}]},{"@type":"WebSite","@id":"https:\/\/revolutionpadelstore.com\/pt-pt\/#website","url":"https:\/\/revolutionpadelstore.com\/pt-pt\/","name":"Revolution Padel Store","description":"","publisher":{"@id":"https:\/\/revolutionpadelstore.com\/pt-pt\/#organization"},"potentialAction":[{"@type":"SearchAction","target":{"@type":"EntryPoint","urlTemplate":"https:\/\/revolutionpadelstore.com\/pt-pt\/?s={search_term_string}"},"query-input":{"@type":"PropertyValueSpecification","valueRequired":true,"valueName":"search_term_string"}}],"inLanguage":"pt-PT"},{"@type":"Organization","@id":"https:\/\/revolutionpadelstore.com\/pt-pt\/#organization","name":"Revolution Padel Store","url":"https:\/\/revolutionpadelstore.com\/pt-pt\/","logo":{"@type":"ImageObject","inLanguage":"pt-PT","@id":"https:\/\/revolutionpadelstore.com\/pt-pt\/#\/schema\/logo\/image\/","url":"https:\/\/revolutionpadelstore.com\/wp-content\/uploads\/2026\/02\/revolution-padel-store.jpg","contentUrl":"https:\/\/revolutionpadelstore.com\/wp-content\/uploads\/2026\/02\/revolution-padel-store.jpg","width":2000,"height":2000,"caption":"Revolution Padel Store"},"image":{"@id":"https:\/\/revolutionpadelstore.com\/pt-pt\/#\/schema\/logo\/image\/"},"sameAs":["https:\/\/www.instagram.com\/revolutionpadelstore\/"]}]}},"_links":{"self":[{"href":"https:\/\/revolutionpadelstore.com\/pt-pt\/wp-json\/wp\/v2\/product\/157372","targetHints":{"allow":["GET"]}}],"collection":[{"href":"https:\/\/revolutionpadelstore.com\/pt-pt\/wp-json\/wp\/v2\/product"}],"about":[{"href":"https:\/\/revolutionpadelstore.com\/pt-pt\/wp-json\/wp\/v2\/types\/product"}],"replies":[{"embeddable":true,"href":"https:\/\/revolutionpadelstore.com\/pt-pt\/wp-json\/wp\/v2\/comments?post=157372"}],"wp:featuredmedia":[{"embeddable":true,"href":"https:\/\/revolutionpadelstore.com\/pt-pt\/wp-json\/wp\/v2\/media\/157384"}],"wp:attachment":[{"href":"https:\/\/revolutionpadelstore.com\/pt-pt\/wp-json\/wp\/v2\/media?parent=157372"}],"wp:term":[{"taxonomy":"acabado","embeddable":true,"href":"https:\/\/revolutionpadelstore.com\/pt-pt\/wp-json\/wp\/v2\/acabado?post=157372"},{"taxonomy":"balance","embeddable":true,"href":"https:\/\/revolutionpadelstore.com\/pt-pt\/wp-json\/wp\/v2\/balance?post=157372"},{"taxonomy":"dureza","embeddable":true,"href":"https:\/\/revolutionpadelstore.com\/pt-pt\/wp-json\/wp\/v2\/dureza?post=157372"},{"taxonomy":"forma","embeddable":true,"href":"https:\/\/revolutionpadelstore.com\/pt-pt\/wp-json\/wp\/v2\/forma?post=157372"},{"taxonomy":"jugador","embeddable":true,"href":"https:\/\/revolutionpadelstore.com\/pt-pt\/wp-json\/wp\/v2\/jugador?post=157372"},{"taxonomy":"marca","embeddable":true,"href":"https:\/\/revolutionpadelstore.com\/pt-pt\/wp-json\/wp\/v2\/marca?post=157372"},{"taxonomy":"nivel-de-juego","embeddable":true,"href":"https:\/\/revolutionpadelstore.com\/pt-pt\/wp-json\/wp\/v2\/nivel-de-juego?post=157372"},{"taxonomy":"superficie","embeddable":true,"href":"https:\/\/revolutionpadelstore.com\/pt-pt\/wp-json\/wp\/v2\/superficie?post=157372"},{"taxonomy":"tipo-de-juego","embeddable":true,"href":"https:\/\/revolutionpadelstore.com\/pt-pt\/wp-json\/wp\/v2\/tipo-de-juego?post=157372"},{"taxonomy":"product_brand","embeddable":true,"href":"https:\/\/revolutionpadelstore.com\/pt-pt\/wp-json\/wp\/v2\/product_brand?post=157372"},{"taxonomy":"product_cat","embeddable":true,"href":"https:\/\/revolutionpadelstore.com\/pt-pt\/wp-json\/wp\/v2\/product_cat?post=157372"},{"taxonomy":"product_tag","embeddable":true,"href":"https:\/\/revolutionpadelstore.com\/pt-pt\/wp-json\/wp\/v2\/product_tag?post=157372"}],"curies":[{"name":"wp","href":"https:\/\/api.w.org\/{rel}","templated":true}]}}