{"id":157174,"date":"2024-12-28T00:50:21","date_gmt":"2024-12-27T23:50:21","guid":{"rendered":"https:\/\/revolutionpadelstore.com\/bullpadel-indiga-girl-25\/"},"modified":"2026-04-08T08:54:07","modified_gmt":"2026-04-08T06:54:07","slug":"bullpadel-indiga-girl-25-5","status":"publish","type":"product","link":"https:\/\/revolutionpadelstore.com\/pt-pt\/produto\/bullpadel-indiga-girl-25-5\/","title":{"rendered":"BULLPADEL INDIGA GIRL 25"},"content":{"rendered":"<p><H2> Bullpadel Palas Indiga Girl.<br \/>\nO <strong> bullpadel palas indiga e menino <\/strong> s\u00e3o a op\u00e7\u00e3o ideal para os mais pequenos come\u00e7arem no mundo emocionante da raquete. Projetados especificamente para crian\u00e7as iniciantes, essas l\u00e2minas combinam um design atraente com caracter\u00edsticas que facilitam o aprendizado e fazem com que cada um soprasse uma experi\u00eancia divertida e simples.<br \/>\n<H2> Caracter\u00edsticas principais <\/h2>\n<p><strong> -grip zone Technology <\/strong>: Uma inova\u00e7\u00e3o na matriz da l\u00e2mina que facilita a ader\u00eancia correta com uma m\u00e3o n\u00e3o dominante, ajudando as crian\u00e7as a dominar rapidamente a t\u00e9cnica de golpes.<\/p>\n<p><strong> -argonomia adaptada <\/strong>:<\/p>\n<p><strong>-Empowle confort\u00e1vel <\/strong>: perfeito para m\u00e3os pequenas, garantindo uma ader\u00eancia firme e confort\u00e1vel.<\/p>\n<p><strong> -Ligereza e manobrabilidade <\/strong>: Ideal para as crian\u00e7as lidarem com a p\u00e1 facilmente.<\/p>\n<p><strong> -Tamanho do n\u00facleo de emprego <\/strong>: oferece um ponto doce generoso que melhora o controle e a precis\u00e3o em cada golpe.<\/p>\n<p><strong> -O design atraente e colorido <\/strong>: captura a aten\u00e7\u00e3o dos pequenos e os motiva a apreciar o esporte.<br \/>\n<H2> Benef\u00edcios -chave <\/h2>\n<p><strong> -facilita Learning <\/strong>: gra\u00e7as ao seu design e tecnologia, permite que as crian\u00e7as aprendam naturalmente e divertidas.<\/p>\n<p><strong> -eg\u00fario e conforto <\/strong>: ader\u00eancia e leveza garantem um gerenciamento ideal e confort\u00e1vel para os mais pequenos.<\/p>\n<p><strong>-Materiais de alta qualidade <\/strong>: Eles garantem durabilidade que ap\u00f3iam o ritmo dos jovens jogadores.<br \/>\n<H2> Por que escolher o bullpadel palas indiga garoto e menina?<br \/>\nCom seu foco no conforto, aprendizado e divers\u00e3o, o <strong> indiga e menino <\/strong> s\u00e3o os l\u00e2minas perfeitas para as crian\u00e7as darem seus primeiros passos na raquete. Seu design ergon\u00f4mico e a inovadora tecnologia da zona de ader\u00eancia os ajudar\u00e3o a aprender as bases do jogo enquanto aproveitam o m\u00e1ximo na pista.<\/p>\n<p><strong> agora dispon\u00edvel em nossa loja on -line <a href=\"http:\/\/www.revolutionpadelstore.com\/\"> www.revolutionpadelstore.com <\/a> No melhor pre\u00e7o de mercado. Descubra a p\u00e1 ideal para os Little Paddle Champions!<\/p>\n<h2>Palas Bullpadel Indiga Girl.Perfectas para los Primeros Golpes en el P\u00e1del<\/h2>\n","protected":false},"excerpt":{"rendered":"<p>O <strong> bullpadel palas indiga e menino <\/strong> s\u00e3o a op\u00e7\u00e3o ideal para os mais pequenos come\u00e7arem no mundo emocionante da raquete.<strong>palas Bullpadel Indiga Boy y Girl<\/strong><\/p>\n","protected":false},"featured_media":157151,"comment_status":"open","ping_status":"closed","template":"","meta":{"_acf_changed":false,"_joinchat":[]},"acabado":[],"balance":[],"dureza":[],"forma":[],"jugador":[1205,1195],"marca":[1255],"nivel-de-juego":[],"superficie":[],"tipo-de-juego":[],"product_brand":[],"product_cat":[300],"product_tag":[],"class_list":{"0":"post-157174","1":"product","2":"type-product","3":"status-publish","4":"has-post-thumbnail","6":"jugador-junior-pt-pt","7":"jugador-mulher","8":"marca-bullpadel-pt-pt","9":"product_cat-palas","11":"first","12":"instock","13":"sale","14":"taxable","15":"shipping-taxable","16":"purchasable","17":"product-type-simple"},"acf":[],"yoast_head":"<!-- This site is optimized with the Yoast SEO plugin v27.4 - https:\/\/yoast.com\/product\/yoast-seo-wordpress\/ -->\n<title>BULLPADEL INDIGA GIRL 25 - Revolution Padel Store<\/title>\n<meta name=\"description\" content=\"Descubre las palas Bullpadel Indiga Boy y Girl, dise\u00f1adas para ni\u00f1os principiantes. Con tecnolog\u00eda Grip Zone y dise\u00f1o ergon\u00f3mico, son ideales para aprender. \u00a1Compra online en www.revolutionpadelstore.com!\" \/>\n<meta name=\"robots\" content=\"index, follow, max-snippet:-1, max-image-preview:large, max-video-preview:-1\" \/>\n<link rel=\"canonical\" href=\"https:\/\/revolutionpadelstore.com\/pt-pt\/produto\/bullpadel-indiga-girl-25-5\/\" \/>\n<meta property=\"og:locale\" content=\"pt_PT\" \/>\n<meta property=\"og:type\" content=\"article\" \/>\n<meta property=\"og:title\" content=\"BULLPADEL INDIGA GIRL 25 - Revolution Padel Store\" \/>\n<meta property=\"og:description\" content=\"Descubre las palas Bullpadel Indiga Boy y Girl, dise\u00f1adas para ni\u00f1os principiantes. Con tecnolog\u00eda Grip Zone y dise\u00f1o ergon\u00f3mico, son ideales para aprender. \u00a1Compra online en www.revolutionpadelstore.com!\" \/>\n<meta property=\"og:url\" content=\"https:\/\/revolutionpadelstore.com\/pt-pt\/produto\/bullpadel-indiga-girl-25-5\/\" \/>\n<meta property=\"og:site_name\" content=\"Revolution Padel Store\" \/>\n<meta property=\"article:modified_time\" content=\"2026-04-08T06:54:07+00:00\" \/>\n<meta property=\"og:image\" content=\"https:\/\/revolutionpadelstore.com\/wp-content\/uploads\/2024\/12\/70.png\" \/>\n\t<meta property=\"og:image:width\" content=\"1500\" \/>\n\t<meta property=\"og:image:height\" content=\"1500\" \/>\n\t<meta property=\"og:image:type\" content=\"image\/png\" \/>\n<meta name=\"twitter:card\" content=\"summary_large_image\" \/>\n<meta name=\"twitter:label1\" content=\"Tempo estimado de leitura\" \/>\n\t<meta name=\"twitter:data1\" content=\"2 minutos\" \/>\n<script type=\"application\/ld+json\" class=\"yoast-schema-graph\">{\"@context\":\"https:\\\/\\\/schema.org\",\"@graph\":[{\"@type\":\"WebPage\",\"@id\":\"https:\\\/\\\/revolutionpadelstore.com\\\/pt-pt\\\/produto\\\/bullpadel-indiga-girl-25-5\\\/\",\"url\":\"https:\\\/\\\/revolutionpadelstore.com\\\/pt-pt\\\/produto\\\/bullpadel-indiga-girl-25-5\\\/\",\"name\":\"BULLPADEL INDIGA GIRL 25 - Revolution Padel Store\",\"isPartOf\":{\"@id\":\"https:\\\/\\\/revolutionpadelstore.com\\\/pt-pt\\\/#website\"},\"primaryImageOfPage\":{\"@id\":\"https:\\\/\\\/revolutionpadelstore.com\\\/pt-pt\\\/produto\\\/bullpadel-indiga-girl-25-5\\\/#primaryimage\"},\"image\":{\"@id\":\"https:\\\/\\\/revolutionpadelstore.com\\\/pt-pt\\\/produto\\\/bullpadel-indiga-girl-25-5\\\/#primaryimage\"},\"thumbnailUrl\":\"https:\\\/\\\/revolutionpadelstore.com\\\/wp-content\\\/uploads\\\/2024\\\/12\\\/70.png\",\"datePublished\":\"2024-12-27T23:50:21+00:00\",\"dateModified\":\"2026-04-08T06:54:07+00:00\",\"description\":\"Descubre las palas Bullpadel Indiga Boy y Girl, dise\u00f1adas para ni\u00f1os principiantes. Con tecnolog\u00eda Grip Zone y dise\u00f1o ergon\u00f3mico, son ideales para aprender. \u00a1Compra online en www.revolutionpadelstore.com!\",\"breadcrumb\":{\"@id\":\"https:\\\/\\\/revolutionpadelstore.com\\\/pt-pt\\\/produto\\\/bullpadel-indiga-girl-25-5\\\/#breadcrumb\"},\"inLanguage\":\"pt-PT\",\"potentialAction\":[{\"@type\":\"ReadAction\",\"target\":[\"https:\\\/\\\/revolutionpadelstore.com\\\/pt-pt\\\/produto\\\/bullpadel-indiga-girl-25-5\\\/\"]}]},{\"@type\":\"ImageObject\",\"inLanguage\":\"pt-PT\",\"@id\":\"https:\\\/\\\/revolutionpadelstore.com\\\/pt-pt\\\/produto\\\/bullpadel-indiga-girl-25-5\\\/#primaryimage\",\"url\":\"https:\\\/\\\/revolutionpadelstore.com\\\/wp-content\\\/uploads\\\/2024\\\/12\\\/70.png\",\"contentUrl\":\"https:\\\/\\\/revolutionpadelstore.com\\\/wp-content\\\/uploads\\\/2024\\\/12\\\/70.png\",\"width\":1500,\"height\":1500},{\"@type\":\"BreadcrumbList\",\"@id\":\"https:\\\/\\\/revolutionpadelstore.com\\\/pt-pt\\\/produto\\\/bullpadel-indiga-girl-25-5\\\/#breadcrumb\",\"itemListElement\":[{\"@type\":\"ListItem\",\"position\":1,\"name\":\"Portada\",\"item\":\"https:\\\/\\\/revolutionpadelstore.com\\\/pt-pt\\\/\"},{\"@type\":\"ListItem\",\"position\":2,\"name\":\"Tienda\",\"item\":\"https:\\\/\\\/revolutionpadelstore.com\\\/pt-pt\\\/tienda\\\/\"},{\"@type\":\"ListItem\",\"position\":3,\"name\":\"BULLPADEL INDIGA GIRL 25\"}]},{\"@type\":\"WebSite\",\"@id\":\"https:\\\/\\\/revolutionpadelstore.com\\\/pt-pt\\\/#website\",\"url\":\"https:\\\/\\\/revolutionpadelstore.com\\\/pt-pt\\\/\",\"name\":\"Revolution Padel Store\",\"description\":\"\",\"publisher\":{\"@id\":\"https:\\\/\\\/revolutionpadelstore.com\\\/pt-pt\\\/#organization\"},\"potentialAction\":[{\"@type\":\"SearchAction\",\"target\":{\"@type\":\"EntryPoint\",\"urlTemplate\":\"https:\\\/\\\/revolutionpadelstore.com\\\/pt-pt\\\/?s={search_term_string}\"},\"query-input\":{\"@type\":\"PropertyValueSpecification\",\"valueRequired\":true,\"valueName\":\"search_term_string\"}}],\"inLanguage\":\"pt-PT\"},{\"@type\":\"Organization\",\"@id\":\"https:\\\/\\\/revolutionpadelstore.com\\\/pt-pt\\\/#organization\",\"name\":\"Revolution Padel Store\",\"url\":\"https:\\\/\\\/revolutionpadelstore.com\\\/pt-pt\\\/\",\"logo\":{\"@type\":\"ImageObject\",\"inLanguage\":\"pt-PT\",\"@id\":\"https:\\\/\\\/revolutionpadelstore.com\\\/pt-pt\\\/#\\\/schema\\\/logo\\\/image\\\/\",\"url\":\"https:\\\/\\\/revolutionpadelstore.com\\\/wp-content\\\/uploads\\\/2026\\\/02\\\/revolution-padel-store.jpg\",\"contentUrl\":\"https:\\\/\\\/revolutionpadelstore.com\\\/wp-content\\\/uploads\\\/2026\\\/02\\\/revolution-padel-store.jpg\",\"width\":2000,\"height\":2000,\"caption\":\"Revolution Padel Store\"},\"image\":{\"@id\":\"https:\\\/\\\/revolutionpadelstore.com\\\/pt-pt\\\/#\\\/schema\\\/logo\\\/image\\\/\"},\"sameAs\":[\"https:\\\/\\\/www.instagram.com\\\/revolutionpadelstore\\\/\"]}]}<\/script>\n<!-- \/ Yoast SEO plugin. -->","yoast_head_json":{"title":"BULLPADEL INDIGA GIRL 25 - Revolution Padel Store","description":"Descubre las palas Bullpadel Indiga Boy y Girl, dise\u00f1adas para ni\u00f1os principiantes. Con tecnolog\u00eda Grip Zone y dise\u00f1o ergon\u00f3mico, son ideales para aprender. \u00a1Compra online en www.revolutionpadelstore.com!","robots":{"index":"index","follow":"follow","max-snippet":"max-snippet:-1","max-image-preview":"max-image-preview:large","max-video-preview":"max-video-preview:-1"},"canonical":"https:\/\/revolutionpadelstore.com\/pt-pt\/produto\/bullpadel-indiga-girl-25-5\/","og_locale":"pt_PT","og_type":"article","og_title":"BULLPADEL INDIGA GIRL 25 - Revolution Padel Store","og_description":"Descubre las palas Bullpadel Indiga Boy y Girl, dise\u00f1adas para ni\u00f1os principiantes. Con tecnolog\u00eda Grip Zone y dise\u00f1o ergon\u00f3mico, son ideales para aprender. \u00a1Compra online en www.revolutionpadelstore.com!","og_url":"https:\/\/revolutionpadelstore.com\/pt-pt\/produto\/bullpadel-indiga-girl-25-5\/","og_site_name":"Revolution Padel Store","article_modified_time":"2026-04-08T06:54:07+00:00","og_image":[{"width":1500,"height":1500,"url":"https:\/\/revolutionpadelstore.com\/wp-content\/uploads\/2024\/12\/70.png","type":"image\/png"}],"twitter_card":"summary_large_image","twitter_misc":{"Tempo estimado de leitura":"2 minutos"},"schema":{"@context":"https:\/\/schema.org","@graph":[{"@type":"WebPage","@id":"https:\/\/revolutionpadelstore.com\/pt-pt\/produto\/bullpadel-indiga-girl-25-5\/","url":"https:\/\/revolutionpadelstore.com\/pt-pt\/produto\/bullpadel-indiga-girl-25-5\/","name":"BULLPADEL INDIGA GIRL 25 - Revolution Padel Store","isPartOf":{"@id":"https:\/\/revolutionpadelstore.com\/pt-pt\/#website"},"primaryImageOfPage":{"@id":"https:\/\/revolutionpadelstore.com\/pt-pt\/produto\/bullpadel-indiga-girl-25-5\/#primaryimage"},"image":{"@id":"https:\/\/revolutionpadelstore.com\/pt-pt\/produto\/bullpadel-indiga-girl-25-5\/#primaryimage"},"thumbnailUrl":"https:\/\/revolutionpadelstore.com\/wp-content\/uploads\/2024\/12\/70.png","datePublished":"2024-12-27T23:50:21+00:00","dateModified":"2026-04-08T06:54:07+00:00","description":"Descubre las palas Bullpadel Indiga Boy y Girl, dise\u00f1adas para ni\u00f1os principiantes. Con tecnolog\u00eda Grip Zone y dise\u00f1o ergon\u00f3mico, son ideales para aprender. \u00a1Compra online en www.revolutionpadelstore.com!","breadcrumb":{"@id":"https:\/\/revolutionpadelstore.com\/pt-pt\/produto\/bullpadel-indiga-girl-25-5\/#breadcrumb"},"inLanguage":"pt-PT","potentialAction":[{"@type":"ReadAction","target":["https:\/\/revolutionpadelstore.com\/pt-pt\/produto\/bullpadel-indiga-girl-25-5\/"]}]},{"@type":"ImageObject","inLanguage":"pt-PT","@id":"https:\/\/revolutionpadelstore.com\/pt-pt\/produto\/bullpadel-indiga-girl-25-5\/#primaryimage","url":"https:\/\/revolutionpadelstore.com\/wp-content\/uploads\/2024\/12\/70.png","contentUrl":"https:\/\/revolutionpadelstore.com\/wp-content\/uploads\/2024\/12\/70.png","width":1500,"height":1500},{"@type":"BreadcrumbList","@id":"https:\/\/revolutionpadelstore.com\/pt-pt\/produto\/bullpadel-indiga-girl-25-5\/#breadcrumb","itemListElement":[{"@type":"ListItem","position":1,"name":"Portada","item":"https:\/\/revolutionpadelstore.com\/pt-pt\/"},{"@type":"ListItem","position":2,"name":"Tienda","item":"https:\/\/revolutionpadelstore.com\/pt-pt\/tienda\/"},{"@type":"ListItem","position":3,"name":"BULLPADEL INDIGA GIRL 25"}]},{"@type":"WebSite","@id":"https:\/\/revolutionpadelstore.com\/pt-pt\/#website","url":"https:\/\/revolutionpadelstore.com\/pt-pt\/","name":"Revolution Padel Store","description":"","publisher":{"@id":"https:\/\/revolutionpadelstore.com\/pt-pt\/#organization"},"potentialAction":[{"@type":"SearchAction","target":{"@type":"EntryPoint","urlTemplate":"https:\/\/revolutionpadelstore.com\/pt-pt\/?s={search_term_string}"},"query-input":{"@type":"PropertyValueSpecification","valueRequired":true,"valueName":"search_term_string"}}],"inLanguage":"pt-PT"},{"@type":"Organization","@id":"https:\/\/revolutionpadelstore.com\/pt-pt\/#organization","name":"Revolution Padel Store","url":"https:\/\/revolutionpadelstore.com\/pt-pt\/","logo":{"@type":"ImageObject","inLanguage":"pt-PT","@id":"https:\/\/revolutionpadelstore.com\/pt-pt\/#\/schema\/logo\/image\/","url":"https:\/\/revolutionpadelstore.com\/wp-content\/uploads\/2026\/02\/revolution-padel-store.jpg","contentUrl":"https:\/\/revolutionpadelstore.com\/wp-content\/uploads\/2026\/02\/revolution-padel-store.jpg","width":2000,"height":2000,"caption":"Revolution Padel Store"},"image":{"@id":"https:\/\/revolutionpadelstore.com\/pt-pt\/#\/schema\/logo\/image\/"},"sameAs":["https:\/\/www.instagram.com\/revolutionpadelstore\/"]}]}},"_links":{"self":[{"href":"https:\/\/revolutionpadelstore.com\/pt-pt\/wp-json\/wp\/v2\/product\/157174","targetHints":{"allow":["GET"]}}],"collection":[{"href":"https:\/\/revolutionpadelstore.com\/pt-pt\/wp-json\/wp\/v2\/product"}],"about":[{"href":"https:\/\/revolutionpadelstore.com\/pt-pt\/wp-json\/wp\/v2\/types\/product"}],"replies":[{"embeddable":true,"href":"https:\/\/revolutionpadelstore.com\/pt-pt\/wp-json\/wp\/v2\/comments?post=157174"}],"wp:featuredmedia":[{"embeddable":true,"href":"https:\/\/revolutionpadelstore.com\/pt-pt\/wp-json\/wp\/v2\/media\/157151"}],"wp:attachment":[{"href":"https:\/\/revolutionpadelstore.com\/pt-pt\/wp-json\/wp\/v2\/media?parent=157174"}],"wp:term":[{"taxonomy":"acabado","embeddable":true,"href":"https:\/\/revolutionpadelstore.com\/pt-pt\/wp-json\/wp\/v2\/acabado?post=157174"},{"taxonomy":"balance","embeddable":true,"href":"https:\/\/revolutionpadelstore.com\/pt-pt\/wp-json\/wp\/v2\/balance?post=157174"},{"taxonomy":"dureza","embeddable":true,"href":"https:\/\/revolutionpadelstore.com\/pt-pt\/wp-json\/wp\/v2\/dureza?post=157174"},{"taxonomy":"forma","embeddable":true,"href":"https:\/\/revolutionpadelstore.com\/pt-pt\/wp-json\/wp\/v2\/forma?post=157174"},{"taxonomy":"jugador","embeddable":true,"href":"https:\/\/revolutionpadelstore.com\/pt-pt\/wp-json\/wp\/v2\/jugador?post=157174"},{"taxonomy":"marca","embeddable":true,"href":"https:\/\/revolutionpadelstore.com\/pt-pt\/wp-json\/wp\/v2\/marca?post=157174"},{"taxonomy":"nivel-de-juego","embeddable":true,"href":"https:\/\/revolutionpadelstore.com\/pt-pt\/wp-json\/wp\/v2\/nivel-de-juego?post=157174"},{"taxonomy":"superficie","embeddable":true,"href":"https:\/\/revolutionpadelstore.com\/pt-pt\/wp-json\/wp\/v2\/superficie?post=157174"},{"taxonomy":"tipo-de-juego","embeddable":true,"href":"https:\/\/revolutionpadelstore.com\/pt-pt\/wp-json\/wp\/v2\/tipo-de-juego?post=157174"},{"taxonomy":"product_brand","embeddable":true,"href":"https:\/\/revolutionpadelstore.com\/pt-pt\/wp-json\/wp\/v2\/product_brand?post=157174"},{"taxonomy":"product_cat","embeddable":true,"href":"https:\/\/revolutionpadelstore.com\/pt-pt\/wp-json\/wp\/v2\/product_cat?post=157174"},{"taxonomy":"product_tag","embeddable":true,"href":"https:\/\/revolutionpadelstore.com\/pt-pt\/wp-json\/wp\/v2\/product_tag?post=157174"}],"curies":[{"name":"wp","href":"https:\/\/api.w.org\/{rel}","templated":true}]}}