{"id":157114,"date":"2024-12-28T00:15:35","date_gmt":"2024-12-27T23:15:35","guid":{"rendered":"https:\/\/revolutionpadelstore.com\/bullpadel-indiga-boy-25\/"},"modified":"2026-04-01T05:41:25","modified_gmt":"2026-04-01T03:41:25","slug":"bullpadel-indiga-boy-25-5","status":"publish","type":"product","link":"https:\/\/revolutionpadelstore.com\/pt-pt\/produto\/bullpadel-indiga-boy-25-5\/","title":{"rendered":"BULLPADEL INDIGA BOY 25"},"content":{"rendered":"<p><H2> Bullpadel Padel Blade Indiga Boy.<br \/>\n<strong> Projetado para crian\u00e7as que come\u00e7am na raquete <\/strong>, o <strong> Bullpadel Indiga Boy and Girl <\/strong> Blades se destaca por seu design impressionante e tecnologia avan\u00e7ada. Essas l\u00e2minas s\u00e3o criadas pensando em facilitar o aprendizado de golpes b\u00e1sicos, fazendo com que os pequenos jogadores aproveitem o jogo desde o primeiro momento.<\/p>\n<h2> caracter\u00edsticas excelentes das l\u00e2minas indiga e menina <\/h2>\n<p><strong> -grip zone inovador <\/strong>: inclui uma \u00e1rea espec\u00edfica na matriz da l\u00e2mina para facilitar a ader\u00eancia com a m\u00e3o n\u00e3o dominante, o que ajuda as crian\u00e7as a aprender a t\u00e9cnica correta de maneira mais r\u00e1pida e f\u00e1cil.<\/p>\n<p><strong>-Empowle adaptado <\/strong>: projetado para se ajustar \u00e0s m\u00e3os pequenas, com uma ader\u00eancia confort\u00e1vel que garante manuseio seguro e confort\u00e1vel.<\/p>\n<p><strong> -Broad Nucleus <\/strong>: fornece um grande ponto doce que otimiza o controle e a pot\u00eancia nos primeiros golpes.<\/p>\n<p><strong> -o design atraente <\/strong>: com cores vibrantes e um acabamento juvenil que encantar\u00e1 os mais pequenos.<br \/>\n<H2> Benef\u00edcios -chave <\/h2>\n<p><strong>-Instala\u00e7\u00e3o de aprendizagem <\/strong>: gra\u00e7as \u00e0 sua ergonomia e design, as crian\u00e7as podem dominar t\u00e9cnicas b\u00e1sicas de maneira simples.<\/p>\n<p><strong> -Confort and Security <\/strong>: Sua ader\u00eancia adaptada e confort\u00e1vel evita deslizar e melhora o controle durante o jogo.<\/p>\n<p><strong> -Durabilidade <\/strong>: Fabricado com materiais de alta qualidade que garantem resist\u00eancia e desempenho consistente.<br \/>\n<H2> Por que escolher as crian\u00e7as do bullpadel indiga?<br \/>\nEssas l\u00e2minas s\u00e3o projetadas especificamente para jogadores mais jovens, oferecendo uma experi\u00eancia divertida e educacional. Eles s\u00e3o a op\u00e7\u00e3o perfeita para as crian\u00e7as darem seus primeiros passos no mundo da raquete e desenvolverem sua paix\u00e3o por esse esporte.<\/p>\n<p><strong> Fa\u00e7a os pequenos gostar de aprender a tocar remar para o bullpadel indiga e menina, dispon\u00edvel em nossa loja on -line <a href=\"http:\/\/www.revolutionpadelstore.com\/\"> www.revolortelstore.com\/a&gt; ao melhor pre\u00e7o de mercado<\/p>\n<h2>Pala de P\u00e1del Bullpadel Indiga Boy.La Elecci\u00f3n Ideal para Peque\u00f1os Campeones<\/h2>\n","protected":false},"excerpt":{"rendered":"<p>O garoto e a menina de Palas Indiga s\u00e3o as crian\u00e7as de bullpadel, para crian\u00e7as que come\u00e7am a apreciar a raquete f\u00e1cil e rapidamente.<\/p>\n","protected":false},"featured_media":157091,"comment_status":"open","ping_status":"closed","template":"","meta":{"_acf_changed":false,"_joinchat":[]},"acabado":[],"balance":[],"dureza":[],"forma":[],"jugador":[1205],"marca":[1255],"nivel-de-juego":[],"superficie":[],"tipo-de-juego":[],"product_brand":[],"product_cat":[300],"product_tag":[],"class_list":{"0":"post-157114","1":"product","2":"type-product","3":"status-publish","4":"has-post-thumbnail","6":"jugador-junior-pt-pt","7":"marca-bullpadel-pt-pt","8":"product_cat-palas","10":"first","11":"instock","12":"sale","13":"taxable","14":"shipping-taxable","15":"purchasable","16":"product-type-simple"},"acf":[],"yoast_head":"<!-- This site is optimized with the Yoast SEO plugin v27.3 - https:\/\/yoast.com\/product\/yoast-seo-wordpress\/ -->\n<title>BULLPADEL INDIGA BOY 25 - Revolution Padel Store<\/title>\n<meta name=\"description\" content=\"Descubre las palas de p\u00e1del Bullpadel Indiga Boy y Girl, ideales para ni\u00f1os principiantes. Dise\u00f1o ergon\u00f3mico, grip c\u00f3modo y tecnolog\u00eda innovadora. \u00a1Compra online en www.revolutionpadelstore.com!\" \/>\n<meta name=\"robots\" content=\"index, follow, max-snippet:-1, max-image-preview:large, max-video-preview:-1\" \/>\n<link rel=\"canonical\" href=\"https:\/\/revolutionpadelstore.com\/pt-pt\/produto\/bullpadel-indiga-boy-25-5\/\" \/>\n<meta property=\"og:locale\" content=\"pt_PT\" \/>\n<meta property=\"og:type\" content=\"article\" \/>\n<meta property=\"og:title\" content=\"BULLPADEL INDIGA BOY 25 - Revolution Padel Store\" \/>\n<meta property=\"og:description\" content=\"Descubre las palas de p\u00e1del Bullpadel Indiga Boy y Girl, ideales para ni\u00f1os principiantes. Dise\u00f1o ergon\u00f3mico, grip c\u00f3modo y tecnolog\u00eda innovadora. \u00a1Compra online en www.revolutionpadelstore.com!\" \/>\n<meta property=\"og:url\" content=\"https:\/\/revolutionpadelstore.com\/pt-pt\/produto\/bullpadel-indiga-boy-25-5\/\" \/>\n<meta property=\"og:site_name\" content=\"Revolution Padel Store\" \/>\n<meta property=\"article:modified_time\" content=\"2026-04-01T03:41:25+00:00\" \/>\n<meta property=\"og:image\" content=\"https:\/\/revolutionpadelstore.com\/wp-content\/uploads\/2024\/12\/66.png\" \/>\n\t<meta property=\"og:image:width\" content=\"1500\" \/>\n\t<meta property=\"og:image:height\" content=\"1500\" \/>\n\t<meta property=\"og:image:type\" content=\"image\/png\" \/>\n<meta name=\"twitter:card\" content=\"summary_large_image\" \/>\n<meta name=\"twitter:label1\" content=\"Tempo estimado de leitura\" \/>\n\t<meta name=\"twitter:data1\" content=\"2 minutos\" \/>\n<script type=\"application\/ld+json\" class=\"yoast-schema-graph\">{\"@context\":\"https:\\\/\\\/schema.org\",\"@graph\":[{\"@type\":\"WebPage\",\"@id\":\"https:\\\/\\\/revolutionpadelstore.com\\\/pt-pt\\\/produto\\\/bullpadel-indiga-boy-25-5\\\/\",\"url\":\"https:\\\/\\\/revolutionpadelstore.com\\\/pt-pt\\\/produto\\\/bullpadel-indiga-boy-25-5\\\/\",\"name\":\"BULLPADEL INDIGA BOY 25 - Revolution Padel Store\",\"isPartOf\":{\"@id\":\"https:\\\/\\\/revolutionpadelstore.com\\\/pt-pt\\\/#website\"},\"primaryImageOfPage\":{\"@id\":\"https:\\\/\\\/revolutionpadelstore.com\\\/pt-pt\\\/produto\\\/bullpadel-indiga-boy-25-5\\\/#primaryimage\"},\"image\":{\"@id\":\"https:\\\/\\\/revolutionpadelstore.com\\\/pt-pt\\\/produto\\\/bullpadel-indiga-boy-25-5\\\/#primaryimage\"},\"thumbnailUrl\":\"https:\\\/\\\/revolutionpadelstore.com\\\/wp-content\\\/uploads\\\/2024\\\/12\\\/66.png\",\"datePublished\":\"2024-12-27T23:15:35+00:00\",\"dateModified\":\"2026-04-01T03:41:25+00:00\",\"description\":\"Descubre las palas de p\u00e1del Bullpadel Indiga Boy y Girl, ideales para ni\u00f1os principiantes. Dise\u00f1o ergon\u00f3mico, grip c\u00f3modo y tecnolog\u00eda innovadora. \u00a1Compra online en www.revolutionpadelstore.com!\",\"breadcrumb\":{\"@id\":\"https:\\\/\\\/revolutionpadelstore.com\\\/pt-pt\\\/produto\\\/bullpadel-indiga-boy-25-5\\\/#breadcrumb\"},\"inLanguage\":\"pt-PT\",\"potentialAction\":[{\"@type\":\"ReadAction\",\"target\":[\"https:\\\/\\\/revolutionpadelstore.com\\\/pt-pt\\\/produto\\\/bullpadel-indiga-boy-25-5\\\/\"]}]},{\"@type\":\"ImageObject\",\"inLanguage\":\"pt-PT\",\"@id\":\"https:\\\/\\\/revolutionpadelstore.com\\\/pt-pt\\\/produto\\\/bullpadel-indiga-boy-25-5\\\/#primaryimage\",\"url\":\"https:\\\/\\\/revolutionpadelstore.com\\\/wp-content\\\/uploads\\\/2024\\\/12\\\/66.png\",\"contentUrl\":\"https:\\\/\\\/revolutionpadelstore.com\\\/wp-content\\\/uploads\\\/2024\\\/12\\\/66.png\",\"width\":1500,\"height\":1500},{\"@type\":\"BreadcrumbList\",\"@id\":\"https:\\\/\\\/revolutionpadelstore.com\\\/pt-pt\\\/produto\\\/bullpadel-indiga-boy-25-5\\\/#breadcrumb\",\"itemListElement\":[{\"@type\":\"ListItem\",\"position\":1,\"name\":\"Portada\",\"item\":\"https:\\\/\\\/revolutionpadelstore.com\\\/pt-pt\\\/\"},{\"@type\":\"ListItem\",\"position\":2,\"name\":\"Tienda\",\"item\":\"https:\\\/\\\/revolutionpadelstore.com\\\/pt-pt\\\/tienda\\\/\"},{\"@type\":\"ListItem\",\"position\":3,\"name\":\"BULLPADEL INDIGA BOY 25\"}]},{\"@type\":\"WebSite\",\"@id\":\"https:\\\/\\\/revolutionpadelstore.com\\\/pt-pt\\\/#website\",\"url\":\"https:\\\/\\\/revolutionpadelstore.com\\\/pt-pt\\\/\",\"name\":\"Revolution Padel Store\",\"description\":\"\",\"publisher\":{\"@id\":\"https:\\\/\\\/revolutionpadelstore.com\\\/pt-pt\\\/#organization\"},\"potentialAction\":[{\"@type\":\"SearchAction\",\"target\":{\"@type\":\"EntryPoint\",\"urlTemplate\":\"https:\\\/\\\/revolutionpadelstore.com\\\/pt-pt\\\/?s={search_term_string}\"},\"query-input\":{\"@type\":\"PropertyValueSpecification\",\"valueRequired\":true,\"valueName\":\"search_term_string\"}}],\"inLanguage\":\"pt-PT\"},{\"@type\":\"Organization\",\"@id\":\"https:\\\/\\\/revolutionpadelstore.com\\\/pt-pt\\\/#organization\",\"name\":\"Revolution Padel Store\",\"url\":\"https:\\\/\\\/revolutionpadelstore.com\\\/pt-pt\\\/\",\"logo\":{\"@type\":\"ImageObject\",\"inLanguage\":\"pt-PT\",\"@id\":\"https:\\\/\\\/revolutionpadelstore.com\\\/pt-pt\\\/#\\\/schema\\\/logo\\\/image\\\/\",\"url\":\"https:\\\/\\\/revolutionpadelstore.com\\\/wp-content\\\/uploads\\\/2026\\\/02\\\/revolution-padel-store.jpg\",\"contentUrl\":\"https:\\\/\\\/revolutionpadelstore.com\\\/wp-content\\\/uploads\\\/2026\\\/02\\\/revolution-padel-store.jpg\",\"width\":2000,\"height\":2000,\"caption\":\"Revolution Padel Store\"},\"image\":{\"@id\":\"https:\\\/\\\/revolutionpadelstore.com\\\/pt-pt\\\/#\\\/schema\\\/logo\\\/image\\\/\"},\"sameAs\":[\"https:\\\/\\\/www.instagram.com\\\/revolutionpadelstore\\\/\"]}]}<\/script>\n<!-- \/ Yoast SEO plugin. -->","yoast_head_json":{"title":"BULLPADEL INDIGA BOY 25 - Revolution Padel Store","description":"Descubre las palas de p\u00e1del Bullpadel Indiga Boy y Girl, ideales para ni\u00f1os principiantes. Dise\u00f1o ergon\u00f3mico, grip c\u00f3modo y tecnolog\u00eda innovadora. \u00a1Compra online en www.revolutionpadelstore.com!","robots":{"index":"index","follow":"follow","max-snippet":"max-snippet:-1","max-image-preview":"max-image-preview:large","max-video-preview":"max-video-preview:-1"},"canonical":"https:\/\/revolutionpadelstore.com\/pt-pt\/produto\/bullpadel-indiga-boy-25-5\/","og_locale":"pt_PT","og_type":"article","og_title":"BULLPADEL INDIGA BOY 25 - Revolution Padel Store","og_description":"Descubre las palas de p\u00e1del Bullpadel Indiga Boy y Girl, ideales para ni\u00f1os principiantes. Dise\u00f1o ergon\u00f3mico, grip c\u00f3modo y tecnolog\u00eda innovadora. \u00a1Compra online en www.revolutionpadelstore.com!","og_url":"https:\/\/revolutionpadelstore.com\/pt-pt\/produto\/bullpadel-indiga-boy-25-5\/","og_site_name":"Revolution Padel Store","article_modified_time":"2026-04-01T03:41:25+00:00","og_image":[{"width":1500,"height":1500,"url":"https:\/\/revolutionpadelstore.com\/wp-content\/uploads\/2024\/12\/66.png","type":"image\/png"}],"twitter_card":"summary_large_image","twitter_misc":{"Tempo estimado de leitura":"2 minutos"},"schema":{"@context":"https:\/\/schema.org","@graph":[{"@type":"WebPage","@id":"https:\/\/revolutionpadelstore.com\/pt-pt\/produto\/bullpadel-indiga-boy-25-5\/","url":"https:\/\/revolutionpadelstore.com\/pt-pt\/produto\/bullpadel-indiga-boy-25-5\/","name":"BULLPADEL INDIGA BOY 25 - Revolution Padel Store","isPartOf":{"@id":"https:\/\/revolutionpadelstore.com\/pt-pt\/#website"},"primaryImageOfPage":{"@id":"https:\/\/revolutionpadelstore.com\/pt-pt\/produto\/bullpadel-indiga-boy-25-5\/#primaryimage"},"image":{"@id":"https:\/\/revolutionpadelstore.com\/pt-pt\/produto\/bullpadel-indiga-boy-25-5\/#primaryimage"},"thumbnailUrl":"https:\/\/revolutionpadelstore.com\/wp-content\/uploads\/2024\/12\/66.png","datePublished":"2024-12-27T23:15:35+00:00","dateModified":"2026-04-01T03:41:25+00:00","description":"Descubre las palas de p\u00e1del Bullpadel Indiga Boy y Girl, ideales para ni\u00f1os principiantes. Dise\u00f1o ergon\u00f3mico, grip c\u00f3modo y tecnolog\u00eda innovadora. \u00a1Compra online en www.revolutionpadelstore.com!","breadcrumb":{"@id":"https:\/\/revolutionpadelstore.com\/pt-pt\/produto\/bullpadel-indiga-boy-25-5\/#breadcrumb"},"inLanguage":"pt-PT","potentialAction":[{"@type":"ReadAction","target":["https:\/\/revolutionpadelstore.com\/pt-pt\/produto\/bullpadel-indiga-boy-25-5\/"]}]},{"@type":"ImageObject","inLanguage":"pt-PT","@id":"https:\/\/revolutionpadelstore.com\/pt-pt\/produto\/bullpadel-indiga-boy-25-5\/#primaryimage","url":"https:\/\/revolutionpadelstore.com\/wp-content\/uploads\/2024\/12\/66.png","contentUrl":"https:\/\/revolutionpadelstore.com\/wp-content\/uploads\/2024\/12\/66.png","width":1500,"height":1500},{"@type":"BreadcrumbList","@id":"https:\/\/revolutionpadelstore.com\/pt-pt\/produto\/bullpadel-indiga-boy-25-5\/#breadcrumb","itemListElement":[{"@type":"ListItem","position":1,"name":"Portada","item":"https:\/\/revolutionpadelstore.com\/pt-pt\/"},{"@type":"ListItem","position":2,"name":"Tienda","item":"https:\/\/revolutionpadelstore.com\/pt-pt\/tienda\/"},{"@type":"ListItem","position":3,"name":"BULLPADEL INDIGA BOY 25"}]},{"@type":"WebSite","@id":"https:\/\/revolutionpadelstore.com\/pt-pt\/#website","url":"https:\/\/revolutionpadelstore.com\/pt-pt\/","name":"Revolution Padel Store","description":"","publisher":{"@id":"https:\/\/revolutionpadelstore.com\/pt-pt\/#organization"},"potentialAction":[{"@type":"SearchAction","target":{"@type":"EntryPoint","urlTemplate":"https:\/\/revolutionpadelstore.com\/pt-pt\/?s={search_term_string}"},"query-input":{"@type":"PropertyValueSpecification","valueRequired":true,"valueName":"search_term_string"}}],"inLanguage":"pt-PT"},{"@type":"Organization","@id":"https:\/\/revolutionpadelstore.com\/pt-pt\/#organization","name":"Revolution Padel Store","url":"https:\/\/revolutionpadelstore.com\/pt-pt\/","logo":{"@type":"ImageObject","inLanguage":"pt-PT","@id":"https:\/\/revolutionpadelstore.com\/pt-pt\/#\/schema\/logo\/image\/","url":"https:\/\/revolutionpadelstore.com\/wp-content\/uploads\/2026\/02\/revolution-padel-store.jpg","contentUrl":"https:\/\/revolutionpadelstore.com\/wp-content\/uploads\/2026\/02\/revolution-padel-store.jpg","width":2000,"height":2000,"caption":"Revolution Padel Store"},"image":{"@id":"https:\/\/revolutionpadelstore.com\/pt-pt\/#\/schema\/logo\/image\/"},"sameAs":["https:\/\/www.instagram.com\/revolutionpadelstore\/"]}]}},"_links":{"self":[{"href":"https:\/\/revolutionpadelstore.com\/pt-pt\/wp-json\/wp\/v2\/product\/157114","targetHints":{"allow":["GET"]}}],"collection":[{"href":"https:\/\/revolutionpadelstore.com\/pt-pt\/wp-json\/wp\/v2\/product"}],"about":[{"href":"https:\/\/revolutionpadelstore.com\/pt-pt\/wp-json\/wp\/v2\/types\/product"}],"replies":[{"embeddable":true,"href":"https:\/\/revolutionpadelstore.com\/pt-pt\/wp-json\/wp\/v2\/comments?post=157114"}],"wp:featuredmedia":[{"embeddable":true,"href":"https:\/\/revolutionpadelstore.com\/pt-pt\/wp-json\/wp\/v2\/media\/157091"}],"wp:attachment":[{"href":"https:\/\/revolutionpadelstore.com\/pt-pt\/wp-json\/wp\/v2\/media?parent=157114"}],"wp:term":[{"taxonomy":"acabado","embeddable":true,"href":"https:\/\/revolutionpadelstore.com\/pt-pt\/wp-json\/wp\/v2\/acabado?post=157114"},{"taxonomy":"balance","embeddable":true,"href":"https:\/\/revolutionpadelstore.com\/pt-pt\/wp-json\/wp\/v2\/balance?post=157114"},{"taxonomy":"dureza","embeddable":true,"href":"https:\/\/revolutionpadelstore.com\/pt-pt\/wp-json\/wp\/v2\/dureza?post=157114"},{"taxonomy":"forma","embeddable":true,"href":"https:\/\/revolutionpadelstore.com\/pt-pt\/wp-json\/wp\/v2\/forma?post=157114"},{"taxonomy":"jugador","embeddable":true,"href":"https:\/\/revolutionpadelstore.com\/pt-pt\/wp-json\/wp\/v2\/jugador?post=157114"},{"taxonomy":"marca","embeddable":true,"href":"https:\/\/revolutionpadelstore.com\/pt-pt\/wp-json\/wp\/v2\/marca?post=157114"},{"taxonomy":"nivel-de-juego","embeddable":true,"href":"https:\/\/revolutionpadelstore.com\/pt-pt\/wp-json\/wp\/v2\/nivel-de-juego?post=157114"},{"taxonomy":"superficie","embeddable":true,"href":"https:\/\/revolutionpadelstore.com\/pt-pt\/wp-json\/wp\/v2\/superficie?post=157114"},{"taxonomy":"tipo-de-juego","embeddable":true,"href":"https:\/\/revolutionpadelstore.com\/pt-pt\/wp-json\/wp\/v2\/tipo-de-juego?post=157114"},{"taxonomy":"product_brand","embeddable":true,"href":"https:\/\/revolutionpadelstore.com\/pt-pt\/wp-json\/wp\/v2\/product_brand?post=157114"},{"taxonomy":"product_cat","embeddable":true,"href":"https:\/\/revolutionpadelstore.com\/pt-pt\/wp-json\/wp\/v2\/product_cat?post=157114"},{"taxonomy":"product_tag","embeddable":true,"href":"https:\/\/revolutionpadelstore.com\/pt-pt\/wp-json\/wp\/v2\/product_tag?post=157114"}],"curies":[{"name":"wp","href":"https:\/\/api.w.org\/{rel}","templated":true}]}}