{"id":156587,"date":"2024-12-22T13:58:24","date_gmt":"2024-12-22T12:58:24","guid":{"rendered":"https:\/\/revolutionpadelstore.com\/nox-at10-lux-blanco-gris\/"},"modified":"2026-04-14T14:02:49","modified_gmt":"2026-04-14T12:02:49","slug":"nox-at10-lux-blanco-gris","status":"publish","type":"product","link":"https:\/\/revolutionpadelstore.com\/pt-pt\/produto\/nox-at10-lux-blanco-gris\/","title":{"rendered":"NOX AT10 LUX BLANCO GRIS"},"content":{"rendered":"<p><H2> NOx at10 lux cinza para homens &lt;\/ h2<br \/>\nOs sapatos <strong> NOx at10 lux <\/strong> s\u00e3o a escolha perfeita para jogadores adultos que procuram desempenho, conforto e durabilidade na pista. Este modelo combina design inovador e tecnologias avan\u00e7adas, garantindo excelente desempenho em qualquer superf\u00edcie do jogo.<br \/>\n<H2> <strong> Principais caracter\u00edsticas: <\/strong> <\/h2>\n<p><strong> -Suela Clay: <\/strong> Design com picos e microtacacos que garantem uma ader\u00eancia ideal nas faixas de qualquer material, oferecendo estabilidade e tra\u00e7\u00e3o em cada movimento.<\/p>\n<p><strong> -teresuela com a tecnologia Abraxona: <\/strong> fornece excelente almofada, absorvendo impactos e maximizando o retorno da energia. Isso minimiza a fadiga muscular, ideal para jogos prolongados.<\/p>\n<p><strong> -Upper Boss: <\/strong> O seu tecido de malha com pain\u00e9is grandes garante ventila\u00e7\u00e3o constante, mantendo os p\u00e9s frescos e evitando o ac\u00famulo de maus odores.<\/p>\n<p><strong> Amortigua\u00e7\u00e3o avan\u00e7ada: <\/strong> EVA e espumas lunares no arco e no calcanhar garantem suporte consistente, reduzindo o risco de les\u00f5es e o aumento do conforto em cada pegada.<\/p>\n<p><strong> -Support Technology: <\/strong> refor\u00e7a o suporte lateral para melhorar as flex\u00f5es dos p\u00e9s, facilitando a dire\u00e7\u00e3o r\u00e1pida e muda as mudan\u00e7as.<br \/>\n<H2> <strong> Design elegante e funcional: <\/strong> <\/h2>\n<p>-Com um acabamento moderno em tons de branco e cinza escuro, os grandes personagens &#8220;NOX&#8221; se destacam do lado externo, melhorando sua apar\u00eancia sofisticada e esportiva.<br \/>\n<H2> <strong> benef\u00edcios para o jogador: <\/strong> <\/h2>\n<p><strong> -rendimiento: <\/strong> Seu design ergon\u00f4mico aprimora cada movimento na pista.<\/p>\n<p><strong> -Durabilidade: <\/strong> Materiais de alta qualidade garantem resist\u00eancia ao desgaste.<\/p>\n<p><strong> -Comodidade: <\/strong> amortecimento e ventila\u00e7\u00e3o excepcionais para sess\u00f5es de jogo mais longas.<\/p>\n<p>N\u00e3o perca a oportunidade de levar seu jogo para o pr\u00f3ximo n\u00edvel com o <strong> NOx at10 lux <\/strong>, um cal\u00e7ado projetado para o apaixonado da raquete para o melhor.<\/p>\n<p>Agora dispon\u00edvel em nossa loja online <strong> &lt;a href = &quot;https:\/\/chatgpt.com\/g\/g-675432e026888191b6ee6d6f2fdbb15e-timization-textos\/c\/www.revoldelstore.com&quot; do mercado!<br \/>\n<H3> <\/h3>\n<h2>Zapatillas Nox AT10 Lux Blanco Gris\u00a0 para Hombre<\/h2>\n","protected":false},"excerpt":{"rendered":"<p>O NOX AT10 Lux Gray para os sapatos masculinos est\u00e1 equipado com uma c\u00e2mara de ar localizada no centro da sola. Esse elemento permite absorver tor\u00e7\u00f5es durante os movimentos mais exigentes do jogo.<\/p>\n","protected":false},"featured_media":156518,"comment_status":"open","ping_status":"closed","template":"","meta":{"_acf_changed":false,"_joinchat":[]},"acabado":[],"balance":[],"dureza":[],"forma":[],"jugador":[1190],"marca":[1260],"nivel-de-juego":[],"superficie":[],"tipo-de-juego":[],"product_brand":[],"product_cat":[833],"product_tag":[],"class_list":{"0":"post-156587","1":"product","2":"type-product","3":"status-publish","4":"has-post-thumbnail","6":"jugador-homem","7":"marca-nox-pt-pt","8":"product_cat-tenis","10":"first","11":"outofstock","12":"sale","13":"taxable","14":"shipping-taxable","15":"purchasable","16":"product-type-variable","17":"has-default-attributes"},"acf":[],"yoast_head":"<!-- This site is optimized with the Yoast SEO plugin v27.4 - https:\/\/yoast.com\/product\/yoast-seo-wordpress\/ -->\n<title>NOX AT10 LUX BLANCO GRIS - Revolution Padel Store<\/title>\n<meta name=\"description\" content=\"Descubre las zapatillas Nox AT10 Lux Calatluxblgr para hombre en nuestra tienda online. Su dise\u00f1o ergon\u00f3mico y tecnolog\u00eda avanzada garantizan rendimiento, comodidad y durabilidad en la pista. \u00a1Compra ahora en www.revolutionpadelstore.com!\" \/>\n<meta name=\"robots\" content=\"index, follow, max-snippet:-1, max-image-preview:large, max-video-preview:-1\" \/>\n<link rel=\"canonical\" href=\"https:\/\/revolutionpadelstore.com\/pt-pt\/produto\/nox-at10-lux-blanco-gris\/\" \/>\n<meta property=\"og:locale\" content=\"pt_PT\" \/>\n<meta property=\"og:type\" content=\"article\" \/>\n<meta property=\"og:title\" content=\"NOX AT10 LUX BLANCO GRIS - Revolution Padel Store\" \/>\n<meta property=\"og:description\" content=\"Descubre las zapatillas Nox AT10 Lux Calatluxblgr para hombre en nuestra tienda online. Su dise\u00f1o ergon\u00f3mico y tecnolog\u00eda avanzada garantizan rendimiento, comodidad y durabilidad en la pista. \u00a1Compra ahora en www.revolutionpadelstore.com!\" \/>\n<meta property=\"og:url\" content=\"https:\/\/revolutionpadelstore.com\/pt-pt\/produto\/nox-at10-lux-blanco-gris\/\" \/>\n<meta property=\"og:site_name\" content=\"Revolution Padel Store\" \/>\n<meta property=\"article:modified_time\" content=\"2026-04-14T12:02:49+00:00\" \/>\n<meta property=\"og:image\" content=\"https:\/\/revolutionpadelstore.com\/wp-content\/uploads\/2024\/12\/imagen_1_24126_7e0fed8d_b3c0.webp\" \/>\n\t<meta property=\"og:image:width\" content=\"1000\" \/>\n\t<meta property=\"og:image:height\" content=\"1000\" \/>\n\t<meta property=\"og:image:type\" content=\"image\/webp\" \/>\n<meta name=\"twitter:card\" content=\"summary_large_image\" \/>\n<meta name=\"twitter:label1\" content=\"Tempo estimado de leitura\" \/>\n\t<meta name=\"twitter:data1\" content=\"2 minutos\" \/>\n<script type=\"application\/ld+json\" class=\"yoast-schema-graph\">{\"@context\":\"https:\\\/\\\/schema.org\",\"@graph\":[{\"@type\":\"WebPage\",\"@id\":\"https:\\\/\\\/revolutionpadelstore.com\\\/pt-pt\\\/produto\\\/nox-at10-lux-blanco-gris\\\/\",\"url\":\"https:\\\/\\\/revolutionpadelstore.com\\\/pt-pt\\\/produto\\\/nox-at10-lux-blanco-gris\\\/\",\"name\":\"NOX AT10 LUX BLANCO GRIS - Revolution Padel Store\",\"isPartOf\":{\"@id\":\"https:\\\/\\\/revolutionpadelstore.com\\\/pt-pt\\\/#website\"},\"primaryImageOfPage\":{\"@id\":\"https:\\\/\\\/revolutionpadelstore.com\\\/pt-pt\\\/produto\\\/nox-at10-lux-blanco-gris\\\/#primaryimage\"},\"image\":{\"@id\":\"https:\\\/\\\/revolutionpadelstore.com\\\/pt-pt\\\/produto\\\/nox-at10-lux-blanco-gris\\\/#primaryimage\"},\"thumbnailUrl\":\"https:\\\/\\\/revolutionpadelstore.com\\\/wp-content\\\/uploads\\\/2024\\\/12\\\/imagen_1_24126_7e0fed8d_b3c0.webp\",\"datePublished\":\"2024-12-22T12:58:24+00:00\",\"dateModified\":\"2026-04-14T12:02:49+00:00\",\"description\":\"Descubre las zapatillas Nox AT10 Lux Calatluxblgr para hombre en nuestra tienda online. Su dise\u00f1o ergon\u00f3mico y tecnolog\u00eda avanzada garantizan rendimiento, comodidad y durabilidad en la pista. \u00a1Compra ahora en www.revolutionpadelstore.com!\",\"breadcrumb\":{\"@id\":\"https:\\\/\\\/revolutionpadelstore.com\\\/pt-pt\\\/produto\\\/nox-at10-lux-blanco-gris\\\/#breadcrumb\"},\"inLanguage\":\"pt-PT\",\"potentialAction\":[{\"@type\":\"ReadAction\",\"target\":[\"https:\\\/\\\/revolutionpadelstore.com\\\/pt-pt\\\/produto\\\/nox-at10-lux-blanco-gris\\\/\"]}]},{\"@type\":\"ImageObject\",\"inLanguage\":\"pt-PT\",\"@id\":\"https:\\\/\\\/revolutionpadelstore.com\\\/pt-pt\\\/produto\\\/nox-at10-lux-blanco-gris\\\/#primaryimage\",\"url\":\"https:\\\/\\\/revolutionpadelstore.com\\\/wp-content\\\/uploads\\\/2024\\\/12\\\/imagen_1_24126_7e0fed8d_b3c0.webp\",\"contentUrl\":\"https:\\\/\\\/revolutionpadelstore.com\\\/wp-content\\\/uploads\\\/2024\\\/12\\\/imagen_1_24126_7e0fed8d_b3c0.webp\",\"width\":1000,\"height\":1000},{\"@type\":\"BreadcrumbList\",\"@id\":\"https:\\\/\\\/revolutionpadelstore.com\\\/pt-pt\\\/produto\\\/nox-at10-lux-blanco-gris\\\/#breadcrumb\",\"itemListElement\":[{\"@type\":\"ListItem\",\"position\":1,\"name\":\"Portada\",\"item\":\"https:\\\/\\\/revolutionpadelstore.com\\\/pt-pt\\\/\"},{\"@type\":\"ListItem\",\"position\":2,\"name\":\"Tienda\",\"item\":\"https:\\\/\\\/revolutionpadelstore.com\\\/pt-pt\\\/tienda\\\/\"},{\"@type\":\"ListItem\",\"position\":3,\"name\":\"NOX AT10 LUX BLANCO GRIS\"}]},{\"@type\":\"WebSite\",\"@id\":\"https:\\\/\\\/revolutionpadelstore.com\\\/pt-pt\\\/#website\",\"url\":\"https:\\\/\\\/revolutionpadelstore.com\\\/pt-pt\\\/\",\"name\":\"Revolution Padel Store\",\"description\":\"\",\"publisher\":{\"@id\":\"https:\\\/\\\/revolutionpadelstore.com\\\/pt-pt\\\/#organization\"},\"potentialAction\":[{\"@type\":\"SearchAction\",\"target\":{\"@type\":\"EntryPoint\",\"urlTemplate\":\"https:\\\/\\\/revolutionpadelstore.com\\\/pt-pt\\\/?s={search_term_string}\"},\"query-input\":{\"@type\":\"PropertyValueSpecification\",\"valueRequired\":true,\"valueName\":\"search_term_string\"}}],\"inLanguage\":\"pt-PT\"},{\"@type\":\"Organization\",\"@id\":\"https:\\\/\\\/revolutionpadelstore.com\\\/pt-pt\\\/#organization\",\"name\":\"Revolution Padel Store\",\"url\":\"https:\\\/\\\/revolutionpadelstore.com\\\/pt-pt\\\/\",\"logo\":{\"@type\":\"ImageObject\",\"inLanguage\":\"pt-PT\",\"@id\":\"https:\\\/\\\/revolutionpadelstore.com\\\/pt-pt\\\/#\\\/schema\\\/logo\\\/image\\\/\",\"url\":\"https:\\\/\\\/revolutionpadelstore.com\\\/wp-content\\\/uploads\\\/2026\\\/02\\\/revolution-padel-store.jpg\",\"contentUrl\":\"https:\\\/\\\/revolutionpadelstore.com\\\/wp-content\\\/uploads\\\/2026\\\/02\\\/revolution-padel-store.jpg\",\"width\":2000,\"height\":2000,\"caption\":\"Revolution Padel Store\"},\"image\":{\"@id\":\"https:\\\/\\\/revolutionpadelstore.com\\\/pt-pt\\\/#\\\/schema\\\/logo\\\/image\\\/\"},\"sameAs\":[\"https:\\\/\\\/www.instagram.com\\\/revolutionpadelstore\\\/\"]}]}<\/script>\n<!-- \/ Yoast SEO plugin. -->","yoast_head_json":{"title":"NOX AT10 LUX BLANCO GRIS - Revolution Padel Store","description":"Descubre las zapatillas Nox AT10 Lux Calatluxblgr para hombre en nuestra tienda online. Su dise\u00f1o ergon\u00f3mico y tecnolog\u00eda avanzada garantizan rendimiento, comodidad y durabilidad en la pista. \u00a1Compra ahora en www.revolutionpadelstore.com!","robots":{"index":"index","follow":"follow","max-snippet":"max-snippet:-1","max-image-preview":"max-image-preview:large","max-video-preview":"max-video-preview:-1"},"canonical":"https:\/\/revolutionpadelstore.com\/pt-pt\/produto\/nox-at10-lux-blanco-gris\/","og_locale":"pt_PT","og_type":"article","og_title":"NOX AT10 LUX BLANCO GRIS - Revolution Padel Store","og_description":"Descubre las zapatillas Nox AT10 Lux Calatluxblgr para hombre en nuestra tienda online. Su dise\u00f1o ergon\u00f3mico y tecnolog\u00eda avanzada garantizan rendimiento, comodidad y durabilidad en la pista. \u00a1Compra ahora en www.revolutionpadelstore.com!","og_url":"https:\/\/revolutionpadelstore.com\/pt-pt\/produto\/nox-at10-lux-blanco-gris\/","og_site_name":"Revolution Padel Store","article_modified_time":"2026-04-14T12:02:49+00:00","og_image":[{"width":1000,"height":1000,"url":"https:\/\/revolutionpadelstore.com\/wp-content\/uploads\/2024\/12\/imagen_1_24126_7e0fed8d_b3c0.webp","type":"image\/webp"}],"twitter_card":"summary_large_image","twitter_misc":{"Tempo estimado de leitura":"2 minutos"},"schema":{"@context":"https:\/\/schema.org","@graph":[{"@type":"WebPage","@id":"https:\/\/revolutionpadelstore.com\/pt-pt\/produto\/nox-at10-lux-blanco-gris\/","url":"https:\/\/revolutionpadelstore.com\/pt-pt\/produto\/nox-at10-lux-blanco-gris\/","name":"NOX AT10 LUX BLANCO GRIS - Revolution Padel Store","isPartOf":{"@id":"https:\/\/revolutionpadelstore.com\/pt-pt\/#website"},"primaryImageOfPage":{"@id":"https:\/\/revolutionpadelstore.com\/pt-pt\/produto\/nox-at10-lux-blanco-gris\/#primaryimage"},"image":{"@id":"https:\/\/revolutionpadelstore.com\/pt-pt\/produto\/nox-at10-lux-blanco-gris\/#primaryimage"},"thumbnailUrl":"https:\/\/revolutionpadelstore.com\/wp-content\/uploads\/2024\/12\/imagen_1_24126_7e0fed8d_b3c0.webp","datePublished":"2024-12-22T12:58:24+00:00","dateModified":"2026-04-14T12:02:49+00:00","description":"Descubre las zapatillas Nox AT10 Lux Calatluxblgr para hombre en nuestra tienda online. Su dise\u00f1o ergon\u00f3mico y tecnolog\u00eda avanzada garantizan rendimiento, comodidad y durabilidad en la pista. \u00a1Compra ahora en www.revolutionpadelstore.com!","breadcrumb":{"@id":"https:\/\/revolutionpadelstore.com\/pt-pt\/produto\/nox-at10-lux-blanco-gris\/#breadcrumb"},"inLanguage":"pt-PT","potentialAction":[{"@type":"ReadAction","target":["https:\/\/revolutionpadelstore.com\/pt-pt\/produto\/nox-at10-lux-blanco-gris\/"]}]},{"@type":"ImageObject","inLanguage":"pt-PT","@id":"https:\/\/revolutionpadelstore.com\/pt-pt\/produto\/nox-at10-lux-blanco-gris\/#primaryimage","url":"https:\/\/revolutionpadelstore.com\/wp-content\/uploads\/2024\/12\/imagen_1_24126_7e0fed8d_b3c0.webp","contentUrl":"https:\/\/revolutionpadelstore.com\/wp-content\/uploads\/2024\/12\/imagen_1_24126_7e0fed8d_b3c0.webp","width":1000,"height":1000},{"@type":"BreadcrumbList","@id":"https:\/\/revolutionpadelstore.com\/pt-pt\/produto\/nox-at10-lux-blanco-gris\/#breadcrumb","itemListElement":[{"@type":"ListItem","position":1,"name":"Portada","item":"https:\/\/revolutionpadelstore.com\/pt-pt\/"},{"@type":"ListItem","position":2,"name":"Tienda","item":"https:\/\/revolutionpadelstore.com\/pt-pt\/tienda\/"},{"@type":"ListItem","position":3,"name":"NOX AT10 LUX BLANCO GRIS"}]},{"@type":"WebSite","@id":"https:\/\/revolutionpadelstore.com\/pt-pt\/#website","url":"https:\/\/revolutionpadelstore.com\/pt-pt\/","name":"Revolution Padel Store","description":"","publisher":{"@id":"https:\/\/revolutionpadelstore.com\/pt-pt\/#organization"},"potentialAction":[{"@type":"SearchAction","target":{"@type":"EntryPoint","urlTemplate":"https:\/\/revolutionpadelstore.com\/pt-pt\/?s={search_term_string}"},"query-input":{"@type":"PropertyValueSpecification","valueRequired":true,"valueName":"search_term_string"}}],"inLanguage":"pt-PT"},{"@type":"Organization","@id":"https:\/\/revolutionpadelstore.com\/pt-pt\/#organization","name":"Revolution Padel Store","url":"https:\/\/revolutionpadelstore.com\/pt-pt\/","logo":{"@type":"ImageObject","inLanguage":"pt-PT","@id":"https:\/\/revolutionpadelstore.com\/pt-pt\/#\/schema\/logo\/image\/","url":"https:\/\/revolutionpadelstore.com\/wp-content\/uploads\/2026\/02\/revolution-padel-store.jpg","contentUrl":"https:\/\/revolutionpadelstore.com\/wp-content\/uploads\/2026\/02\/revolution-padel-store.jpg","width":2000,"height":2000,"caption":"Revolution Padel Store"},"image":{"@id":"https:\/\/revolutionpadelstore.com\/pt-pt\/#\/schema\/logo\/image\/"},"sameAs":["https:\/\/www.instagram.com\/revolutionpadelstore\/"]}]}},"_links":{"self":[{"href":"https:\/\/revolutionpadelstore.com\/pt-pt\/wp-json\/wp\/v2\/product\/156587","targetHints":{"allow":["GET"]}}],"collection":[{"href":"https:\/\/revolutionpadelstore.com\/pt-pt\/wp-json\/wp\/v2\/product"}],"about":[{"href":"https:\/\/revolutionpadelstore.com\/pt-pt\/wp-json\/wp\/v2\/types\/product"}],"replies":[{"embeddable":true,"href":"https:\/\/revolutionpadelstore.com\/pt-pt\/wp-json\/wp\/v2\/comments?post=156587"}],"wp:featuredmedia":[{"embeddable":true,"href":"https:\/\/revolutionpadelstore.com\/pt-pt\/wp-json\/wp\/v2\/media\/156518"}],"wp:attachment":[{"href":"https:\/\/revolutionpadelstore.com\/pt-pt\/wp-json\/wp\/v2\/media?parent=156587"}],"wp:term":[{"taxonomy":"acabado","embeddable":true,"href":"https:\/\/revolutionpadelstore.com\/pt-pt\/wp-json\/wp\/v2\/acabado?post=156587"},{"taxonomy":"balance","embeddable":true,"href":"https:\/\/revolutionpadelstore.com\/pt-pt\/wp-json\/wp\/v2\/balance?post=156587"},{"taxonomy":"dureza","embeddable":true,"href":"https:\/\/revolutionpadelstore.com\/pt-pt\/wp-json\/wp\/v2\/dureza?post=156587"},{"taxonomy":"forma","embeddable":true,"href":"https:\/\/revolutionpadelstore.com\/pt-pt\/wp-json\/wp\/v2\/forma?post=156587"},{"taxonomy":"jugador","embeddable":true,"href":"https:\/\/revolutionpadelstore.com\/pt-pt\/wp-json\/wp\/v2\/jugador?post=156587"},{"taxonomy":"marca","embeddable":true,"href":"https:\/\/revolutionpadelstore.com\/pt-pt\/wp-json\/wp\/v2\/marca?post=156587"},{"taxonomy":"nivel-de-juego","embeddable":true,"href":"https:\/\/revolutionpadelstore.com\/pt-pt\/wp-json\/wp\/v2\/nivel-de-juego?post=156587"},{"taxonomy":"superficie","embeddable":true,"href":"https:\/\/revolutionpadelstore.com\/pt-pt\/wp-json\/wp\/v2\/superficie?post=156587"},{"taxonomy":"tipo-de-juego","embeddable":true,"href":"https:\/\/revolutionpadelstore.com\/pt-pt\/wp-json\/wp\/v2\/tipo-de-juego?post=156587"},{"taxonomy":"product_brand","embeddable":true,"href":"https:\/\/revolutionpadelstore.com\/pt-pt\/wp-json\/wp\/v2\/product_brand?post=156587"},{"taxonomy":"product_cat","embeddable":true,"href":"https:\/\/revolutionpadelstore.com\/pt-pt\/wp-json\/wp\/v2\/product_cat?post=156587"},{"taxonomy":"product_tag","embeddable":true,"href":"https:\/\/revolutionpadelstore.com\/pt-pt\/wp-json\/wp\/v2\/product_tag?post=156587"}],"curies":[{"name":"wp","href":"https:\/\/api.w.org\/{rel}","templated":true}]}}