{"id":156256,"date":"2024-12-20T08:44:55","date_gmt":"2024-12-20T07:44:55","guid":{"rendered":"https:\/\/revolutionpadelstore.com\/falda-bullpadel-logar-negro-2\/"},"modified":"2026-04-08T09:05:10","modified_gmt":"2026-04-08T07:05:10","slug":"falda-bullpadel-logar-005-negro-5","status":"publish","type":"product","link":"https:\/\/revolutionpadelstore.com\/pt-pt\/produto\/falda-bullpadel-logar-005-negro-5\/","title":{"rendered":"FALDA BULLPADEL LOGAR 005 NEGRO"},"content":{"rendered":"<p><H2> LOGAR T\u00c9CNICO DO LOGAR DE SAIR <\/H2><br \/>\nDescubra a saia t\u00e9cnica elegante da linha prolina <\/strong>, projetada para oferecer um desempenho exclusivo na faixa de paddle. Seu design combina estilo e funcionalidade, adaptando -se \u00e0s necessidades dos jogadores mais exigentes.<\/p>\n<h2> Principais caracter\u00edsticas: <\/h2>\n<p><strong> -cinturilla com cord\u00e3o ajust\u00e1vel <\/strong>: fornece um ajuste perfeito e conforto personalizado.<\/p>\n<p><strong>-Basement <\/strong>: ideal para economizar acess\u00f3rios ou bolas durante o jogo.<\/p>\n<p><strong> -welling <\/strong>: oferece suporte adicional e liberdade de movimento.<\/p>\n<p><strong>-Tarefa t\u00e9cnica de alta qualidade <\/strong>: Fabricada com o Ribstop de poli\u00e9ster el\u00e1stico em duas dire\u00e7\u00f5es, complementadas com inser\u00e7\u00f5es de malha de intertravamento que garantem durabilidade e ventila\u00e7\u00e3o.<br \/>\n<H2> Inova\u00e7\u00e3o em tecnologia: <\/h2>\n<p><strong> -termosselados <\/strong>: Aumente a resist\u00eancia e o conforto, evitando atrito durante movimentos intensos.<\/p>\n<p><strong>-ventila\u00e7\u00e3o lateral <\/strong>: melhora a circula\u00e7\u00e3o de ar, mantendo-o novo o tempo todo.<\/p>\n<p>Tecnologia <strong> -drynamic <\/strong>: microfilamentos que maximizam a respirabilidade e reduzem a umidade, mantendo-o seco e confort\u00e1vel, mesmo nas partes mais exigentes.<br \/>\n<H2> Benef\u00edcios: <\/h2>\n<p>-Ligera, confort\u00e1vel e funcional, \u00e9 a roupa ideal para combinar o desempenho t\u00e9cnico com a eleg\u00e2ncia.<\/p>\n<p>-Perfeita para jogadores de todos os n\u00edveis, de amador a profissional.<\/p>\n<p>Materials projetados para resistir ao desgaste, garantindo uma vida \u00fatil prolongada.<\/p>\n<p>Esta saia t\u00e9cnica est\u00e1 dispon\u00edvel em nossa loja on -line <strong> <a href=\"https:\/\/www.revolutionpadelstore.com\/\"> www.revolutionpadelstore.com <\/a> <\/strong>, provavelmente no melhor pre\u00e7o de mercado. N\u00e3o espere mais para melhorar seu jogo de estilo!<\/p>\n<h2>Falda T\u00e9cnica LOGAR Proline<\/h2>\n","protected":false},"excerpt":{"rendered":"<p>Descubra a saia t\u00e9cnica elegante da linha prolina <\/strong>, projetada para oferecer um desempenho exclusivo na faixa de paddle. Seu design combina estilo e funcionalidade, adaptando -se \u00e0s necessidades dos jogadores mais exigentes.<strong>falda t\u00e9cnica elegante de la l\u00ednea Proline<\/strong><\/p>\n","protected":false},"featured_media":156220,"comment_status":"open","ping_status":"closed","template":"","meta":{"_acf_changed":false,"_joinchat":[]},"acabado":[],"balance":[],"dureza":[],"forma":[],"jugador":[1195],"marca":[1255],"nivel-de-juego":[],"superficie":[],"tipo-de-juego":[],"product_brand":[],"product_cat":[330],"product_tag":[],"class_list":{"0":"post-156256","1":"product","2":"type-product","3":"status-publish","4":"has-post-thumbnail","6":"jugador-mulher","7":"marca-bullpadel-pt-pt","8":"product_cat-roupa","10":"first","11":"outofstock","12":"sale","13":"taxable","14":"shipping-taxable","15":"purchasable","16":"product-type-variable"},"acf":[],"yoast_head":"<!-- This site is optimized with the Yoast SEO plugin v27.4 - https:\/\/yoast.com\/product\/yoast-seo-wordpress\/ -->\n<title>FALDA BULLPADEL LOGAR 005 NEGRO - Revolution Padel Store<\/title>\n<meta name=\"description\" content=\"Compra la falda t\u00e9cnica elegante Proline en Revolution Padel Store. Dise\u00f1ada con tejido t\u00e9cnico y tecnolog\u00eda Drynamic, ofrece comodidad y rendimiento. \u00a1Disponible al mejor precio!\" \/>\n<meta name=\"robots\" content=\"index, follow, max-snippet:-1, max-image-preview:large, max-video-preview:-1\" \/>\n<link rel=\"canonical\" href=\"https:\/\/revolutionpadelstore.com\/pt-pt\/produto\/falda-bullpadel-logar-005-negro-5\/\" \/>\n<meta property=\"og:locale\" content=\"pt_PT\" \/>\n<meta property=\"og:type\" content=\"article\" \/>\n<meta property=\"og:title\" content=\"FALDA BULLPADEL LOGAR 005 NEGRO - Revolution Padel Store\" \/>\n<meta property=\"og:description\" content=\"Compra la falda t\u00e9cnica elegante Proline en Revolution Padel Store. Dise\u00f1ada con tejido t\u00e9cnico y tecnolog\u00eda Drynamic, ofrece comodidad y rendimiento. \u00a1Disponible al mejor precio!\" \/>\n<meta property=\"og:url\" content=\"https:\/\/revolutionpadelstore.com\/pt-pt\/produto\/falda-bullpadel-logar-005-negro-5\/\" \/>\n<meta property=\"og:site_name\" content=\"Revolution Padel Store\" \/>\n<meta property=\"article:modified_time\" content=\"2026-04-08T07:05:10+00:00\" \/>\n<meta property=\"og:image\" content=\"https:\/\/revolutionpadelstore.com\/wp-content\/uploads\/2024\/12\/falda-bullpadel-logar-negro.jpg\" \/>\n\t<meta property=\"og:image:width\" content=\"1000\" \/>\n\t<meta property=\"og:image:height\" content=\"1188\" \/>\n\t<meta property=\"og:image:type\" content=\"image\/jpeg\" \/>\n<meta name=\"twitter:card\" content=\"summary_large_image\" \/>\n<meta name=\"twitter:label1\" content=\"Tempo estimado de leitura\" \/>\n\t<meta name=\"twitter:data1\" content=\"2 minutos\" \/>\n<script type=\"application\/ld+json\" class=\"yoast-schema-graph\">{\"@context\":\"https:\\\/\\\/schema.org\",\"@graph\":[{\"@type\":\"WebPage\",\"@id\":\"https:\\\/\\\/revolutionpadelstore.com\\\/pt-pt\\\/produto\\\/falda-bullpadel-logar-005-negro-5\\\/\",\"url\":\"https:\\\/\\\/revolutionpadelstore.com\\\/pt-pt\\\/produto\\\/falda-bullpadel-logar-005-negro-5\\\/\",\"name\":\"FALDA BULLPADEL LOGAR 005 NEGRO - Revolution Padel Store\",\"isPartOf\":{\"@id\":\"https:\\\/\\\/revolutionpadelstore.com\\\/pt-pt\\\/#website\"},\"primaryImageOfPage\":{\"@id\":\"https:\\\/\\\/revolutionpadelstore.com\\\/pt-pt\\\/produto\\\/falda-bullpadel-logar-005-negro-5\\\/#primaryimage\"},\"image\":{\"@id\":\"https:\\\/\\\/revolutionpadelstore.com\\\/pt-pt\\\/produto\\\/falda-bullpadel-logar-005-negro-5\\\/#primaryimage\"},\"thumbnailUrl\":\"https:\\\/\\\/revolutionpadelstore.com\\\/wp-content\\\/uploads\\\/2024\\\/12\\\/falda-bullpadel-logar-negro.jpg\",\"datePublished\":\"2024-12-20T07:44:55+00:00\",\"dateModified\":\"2026-04-08T07:05:10+00:00\",\"description\":\"Compra la falda t\u00e9cnica elegante Proline en Revolution Padel Store. Dise\u00f1ada con tejido t\u00e9cnico y tecnolog\u00eda Drynamic, ofrece comodidad y rendimiento. \u00a1Disponible al mejor precio!\",\"breadcrumb\":{\"@id\":\"https:\\\/\\\/revolutionpadelstore.com\\\/pt-pt\\\/produto\\\/falda-bullpadel-logar-005-negro-5\\\/#breadcrumb\"},\"inLanguage\":\"pt-PT\",\"potentialAction\":[{\"@type\":\"ReadAction\",\"target\":[\"https:\\\/\\\/revolutionpadelstore.com\\\/pt-pt\\\/produto\\\/falda-bullpadel-logar-005-negro-5\\\/\"]}]},{\"@type\":\"ImageObject\",\"inLanguage\":\"pt-PT\",\"@id\":\"https:\\\/\\\/revolutionpadelstore.com\\\/pt-pt\\\/produto\\\/falda-bullpadel-logar-005-negro-5\\\/#primaryimage\",\"url\":\"https:\\\/\\\/revolutionpadelstore.com\\\/wp-content\\\/uploads\\\/2024\\\/12\\\/falda-bullpadel-logar-negro.jpg\",\"contentUrl\":\"https:\\\/\\\/revolutionpadelstore.com\\\/wp-content\\\/uploads\\\/2024\\\/12\\\/falda-bullpadel-logar-negro.jpg\",\"width\":1000,\"height\":1188},{\"@type\":\"BreadcrumbList\",\"@id\":\"https:\\\/\\\/revolutionpadelstore.com\\\/pt-pt\\\/produto\\\/falda-bullpadel-logar-005-negro-5\\\/#breadcrumb\",\"itemListElement\":[{\"@type\":\"ListItem\",\"position\":1,\"name\":\"Portada\",\"item\":\"https:\\\/\\\/revolutionpadelstore.com\\\/pt-pt\\\/\"},{\"@type\":\"ListItem\",\"position\":2,\"name\":\"Tienda\",\"item\":\"https:\\\/\\\/revolutionpadelstore.com\\\/pt-pt\\\/tienda\\\/\"},{\"@type\":\"ListItem\",\"position\":3,\"name\":\"FALDA BULLPADEL LOGAR 005 NEGRO\"}]},{\"@type\":\"WebSite\",\"@id\":\"https:\\\/\\\/revolutionpadelstore.com\\\/pt-pt\\\/#website\",\"url\":\"https:\\\/\\\/revolutionpadelstore.com\\\/pt-pt\\\/\",\"name\":\"Revolution Padel Store\",\"description\":\"\",\"publisher\":{\"@id\":\"https:\\\/\\\/revolutionpadelstore.com\\\/pt-pt\\\/#organization\"},\"potentialAction\":[{\"@type\":\"SearchAction\",\"target\":{\"@type\":\"EntryPoint\",\"urlTemplate\":\"https:\\\/\\\/revolutionpadelstore.com\\\/pt-pt\\\/?s={search_term_string}\"},\"query-input\":{\"@type\":\"PropertyValueSpecification\",\"valueRequired\":true,\"valueName\":\"search_term_string\"}}],\"inLanguage\":\"pt-PT\"},{\"@type\":\"Organization\",\"@id\":\"https:\\\/\\\/revolutionpadelstore.com\\\/pt-pt\\\/#organization\",\"name\":\"Revolution Padel Store\",\"url\":\"https:\\\/\\\/revolutionpadelstore.com\\\/pt-pt\\\/\",\"logo\":{\"@type\":\"ImageObject\",\"inLanguage\":\"pt-PT\",\"@id\":\"https:\\\/\\\/revolutionpadelstore.com\\\/pt-pt\\\/#\\\/schema\\\/logo\\\/image\\\/\",\"url\":\"https:\\\/\\\/revolutionpadelstore.com\\\/wp-content\\\/uploads\\\/2026\\\/02\\\/revolution-padel-store.jpg\",\"contentUrl\":\"https:\\\/\\\/revolutionpadelstore.com\\\/wp-content\\\/uploads\\\/2026\\\/02\\\/revolution-padel-store.jpg\",\"width\":2000,\"height\":2000,\"caption\":\"Revolution Padel Store\"},\"image\":{\"@id\":\"https:\\\/\\\/revolutionpadelstore.com\\\/pt-pt\\\/#\\\/schema\\\/logo\\\/image\\\/\"},\"sameAs\":[\"https:\\\/\\\/www.instagram.com\\\/revolutionpadelstore\\\/\"]}]}<\/script>\n<!-- \/ Yoast SEO plugin. -->","yoast_head_json":{"title":"FALDA BULLPADEL LOGAR 005 NEGRO - Revolution Padel Store","description":"Compra la falda t\u00e9cnica elegante Proline en Revolution Padel Store. Dise\u00f1ada con tejido t\u00e9cnico y tecnolog\u00eda Drynamic, ofrece comodidad y rendimiento. \u00a1Disponible al mejor precio!","robots":{"index":"index","follow":"follow","max-snippet":"max-snippet:-1","max-image-preview":"max-image-preview:large","max-video-preview":"max-video-preview:-1"},"canonical":"https:\/\/revolutionpadelstore.com\/pt-pt\/produto\/falda-bullpadel-logar-005-negro-5\/","og_locale":"pt_PT","og_type":"article","og_title":"FALDA BULLPADEL LOGAR 005 NEGRO - Revolution Padel Store","og_description":"Compra la falda t\u00e9cnica elegante Proline en Revolution Padel Store. Dise\u00f1ada con tejido t\u00e9cnico y tecnolog\u00eda Drynamic, ofrece comodidad y rendimiento. \u00a1Disponible al mejor precio!","og_url":"https:\/\/revolutionpadelstore.com\/pt-pt\/produto\/falda-bullpadel-logar-005-negro-5\/","og_site_name":"Revolution Padel Store","article_modified_time":"2026-04-08T07:05:10+00:00","og_image":[{"width":1000,"height":1188,"url":"https:\/\/revolutionpadelstore.com\/wp-content\/uploads\/2024\/12\/falda-bullpadel-logar-negro.jpg","type":"image\/jpeg"}],"twitter_card":"summary_large_image","twitter_misc":{"Tempo estimado de leitura":"2 minutos"},"schema":{"@context":"https:\/\/schema.org","@graph":[{"@type":"WebPage","@id":"https:\/\/revolutionpadelstore.com\/pt-pt\/produto\/falda-bullpadel-logar-005-negro-5\/","url":"https:\/\/revolutionpadelstore.com\/pt-pt\/produto\/falda-bullpadel-logar-005-negro-5\/","name":"FALDA BULLPADEL LOGAR 005 NEGRO - Revolution Padel Store","isPartOf":{"@id":"https:\/\/revolutionpadelstore.com\/pt-pt\/#website"},"primaryImageOfPage":{"@id":"https:\/\/revolutionpadelstore.com\/pt-pt\/produto\/falda-bullpadel-logar-005-negro-5\/#primaryimage"},"image":{"@id":"https:\/\/revolutionpadelstore.com\/pt-pt\/produto\/falda-bullpadel-logar-005-negro-5\/#primaryimage"},"thumbnailUrl":"https:\/\/revolutionpadelstore.com\/wp-content\/uploads\/2024\/12\/falda-bullpadel-logar-negro.jpg","datePublished":"2024-12-20T07:44:55+00:00","dateModified":"2026-04-08T07:05:10+00:00","description":"Compra la falda t\u00e9cnica elegante Proline en Revolution Padel Store. Dise\u00f1ada con tejido t\u00e9cnico y tecnolog\u00eda Drynamic, ofrece comodidad y rendimiento. \u00a1Disponible al mejor precio!","breadcrumb":{"@id":"https:\/\/revolutionpadelstore.com\/pt-pt\/produto\/falda-bullpadel-logar-005-negro-5\/#breadcrumb"},"inLanguage":"pt-PT","potentialAction":[{"@type":"ReadAction","target":["https:\/\/revolutionpadelstore.com\/pt-pt\/produto\/falda-bullpadel-logar-005-negro-5\/"]}]},{"@type":"ImageObject","inLanguage":"pt-PT","@id":"https:\/\/revolutionpadelstore.com\/pt-pt\/produto\/falda-bullpadel-logar-005-negro-5\/#primaryimage","url":"https:\/\/revolutionpadelstore.com\/wp-content\/uploads\/2024\/12\/falda-bullpadel-logar-negro.jpg","contentUrl":"https:\/\/revolutionpadelstore.com\/wp-content\/uploads\/2024\/12\/falda-bullpadel-logar-negro.jpg","width":1000,"height":1188},{"@type":"BreadcrumbList","@id":"https:\/\/revolutionpadelstore.com\/pt-pt\/produto\/falda-bullpadel-logar-005-negro-5\/#breadcrumb","itemListElement":[{"@type":"ListItem","position":1,"name":"Portada","item":"https:\/\/revolutionpadelstore.com\/pt-pt\/"},{"@type":"ListItem","position":2,"name":"Tienda","item":"https:\/\/revolutionpadelstore.com\/pt-pt\/tienda\/"},{"@type":"ListItem","position":3,"name":"FALDA BULLPADEL LOGAR 005 NEGRO"}]},{"@type":"WebSite","@id":"https:\/\/revolutionpadelstore.com\/pt-pt\/#website","url":"https:\/\/revolutionpadelstore.com\/pt-pt\/","name":"Revolution Padel Store","description":"","publisher":{"@id":"https:\/\/revolutionpadelstore.com\/pt-pt\/#organization"},"potentialAction":[{"@type":"SearchAction","target":{"@type":"EntryPoint","urlTemplate":"https:\/\/revolutionpadelstore.com\/pt-pt\/?s={search_term_string}"},"query-input":{"@type":"PropertyValueSpecification","valueRequired":true,"valueName":"search_term_string"}}],"inLanguage":"pt-PT"},{"@type":"Organization","@id":"https:\/\/revolutionpadelstore.com\/pt-pt\/#organization","name":"Revolution Padel Store","url":"https:\/\/revolutionpadelstore.com\/pt-pt\/","logo":{"@type":"ImageObject","inLanguage":"pt-PT","@id":"https:\/\/revolutionpadelstore.com\/pt-pt\/#\/schema\/logo\/image\/","url":"https:\/\/revolutionpadelstore.com\/wp-content\/uploads\/2026\/02\/revolution-padel-store.jpg","contentUrl":"https:\/\/revolutionpadelstore.com\/wp-content\/uploads\/2026\/02\/revolution-padel-store.jpg","width":2000,"height":2000,"caption":"Revolution Padel Store"},"image":{"@id":"https:\/\/revolutionpadelstore.com\/pt-pt\/#\/schema\/logo\/image\/"},"sameAs":["https:\/\/www.instagram.com\/revolutionpadelstore\/"]}]}},"_links":{"self":[{"href":"https:\/\/revolutionpadelstore.com\/pt-pt\/wp-json\/wp\/v2\/product\/156256","targetHints":{"allow":["GET"]}}],"collection":[{"href":"https:\/\/revolutionpadelstore.com\/pt-pt\/wp-json\/wp\/v2\/product"}],"about":[{"href":"https:\/\/revolutionpadelstore.com\/pt-pt\/wp-json\/wp\/v2\/types\/product"}],"replies":[{"embeddable":true,"href":"https:\/\/revolutionpadelstore.com\/pt-pt\/wp-json\/wp\/v2\/comments?post=156256"}],"wp:featuredmedia":[{"embeddable":true,"href":"https:\/\/revolutionpadelstore.com\/pt-pt\/wp-json\/wp\/v2\/media\/156220"}],"wp:attachment":[{"href":"https:\/\/revolutionpadelstore.com\/pt-pt\/wp-json\/wp\/v2\/media?parent=156256"}],"wp:term":[{"taxonomy":"acabado","embeddable":true,"href":"https:\/\/revolutionpadelstore.com\/pt-pt\/wp-json\/wp\/v2\/acabado?post=156256"},{"taxonomy":"balance","embeddable":true,"href":"https:\/\/revolutionpadelstore.com\/pt-pt\/wp-json\/wp\/v2\/balance?post=156256"},{"taxonomy":"dureza","embeddable":true,"href":"https:\/\/revolutionpadelstore.com\/pt-pt\/wp-json\/wp\/v2\/dureza?post=156256"},{"taxonomy":"forma","embeddable":true,"href":"https:\/\/revolutionpadelstore.com\/pt-pt\/wp-json\/wp\/v2\/forma?post=156256"},{"taxonomy":"jugador","embeddable":true,"href":"https:\/\/revolutionpadelstore.com\/pt-pt\/wp-json\/wp\/v2\/jugador?post=156256"},{"taxonomy":"marca","embeddable":true,"href":"https:\/\/revolutionpadelstore.com\/pt-pt\/wp-json\/wp\/v2\/marca?post=156256"},{"taxonomy":"nivel-de-juego","embeddable":true,"href":"https:\/\/revolutionpadelstore.com\/pt-pt\/wp-json\/wp\/v2\/nivel-de-juego?post=156256"},{"taxonomy":"superficie","embeddable":true,"href":"https:\/\/revolutionpadelstore.com\/pt-pt\/wp-json\/wp\/v2\/superficie?post=156256"},{"taxonomy":"tipo-de-juego","embeddable":true,"href":"https:\/\/revolutionpadelstore.com\/pt-pt\/wp-json\/wp\/v2\/tipo-de-juego?post=156256"},{"taxonomy":"product_brand","embeddable":true,"href":"https:\/\/revolutionpadelstore.com\/pt-pt\/wp-json\/wp\/v2\/product_brand?post=156256"},{"taxonomy":"product_cat","embeddable":true,"href":"https:\/\/revolutionpadelstore.com\/pt-pt\/wp-json\/wp\/v2\/product_cat?post=156256"},{"taxonomy":"product_tag","embeddable":true,"href":"https:\/\/revolutionpadelstore.com\/pt-pt\/wp-json\/wp\/v2\/product_tag?post=156256"}],"curies":[{"name":"wp","href":"https:\/\/api.w.org\/{rel}","templated":true}]}}