{"id":156130,"date":"2024-12-20T08:31:40","date_gmt":"2024-12-20T07:31:40","guid":{"rendered":"https:\/\/revolutionpadelstore.com\/camiseta-tirantes-bullpadel-lleva-mujer-negra\/"},"modified":"2026-04-08T09:07:49","modified_gmt":"2026-04-08T07:07:49","slug":"camiseta-tirantes-bullpadel-lleva-negra-005-mujer-5","status":"publish","type":"product","link":"https:\/\/revolutionpadelstore.com\/pt-pt\/produto\/camiseta-tirantes-bullpadel-lleva-negra-005-mujer-5\/","title":{"rendered":"CAMISETA TIRANTES BULLPADEL LLEVA NEGRA 005 MUJER"},"content":{"rendered":"<p><H2> T -shirt Bullpadel Tracks tem uma mulher. Liberdade m\u00e1xima de movimento e frescura <\/h2>\n<p>A <strong> t -t -shirt carrega bullpadel <\/strong>, projetada para jogadores din\u00e2micos, combina conforto e estilo para alcan\u00e7ar seu melhor desempenho na pista. Feito em <strong> tecido de poli\u00e9ster macio e el\u00e1stico <\/strong>, oferece funcionalidade excepcional sem comprometer o conforto.<\/p>\n<p>Esta camisa incorpora a <strong> Drynamic Technology <\/strong>, que acelera a secagem e reduz a umidade, garantindo a respirabilidade ideal. Perfeito para manter o frescor e o conforto durante longas sess\u00f5es de treinamento ou partidas intensas.<\/p>\n<p>Com um design de cinta estilizado e o ic\u00f4nico bullpadel.<\/p>\n<h2> Principais caracter\u00edsticas: <\/h2>\n<p><strong> -polester Tissue <\/strong>: macio, el\u00e1stico e funcional.<\/p>\n<p><strong>-Didrynamic Technology <\/strong>: melhora a transpira\u00e7\u00e3o e reduz a umidade.<\/p>\n<p><strong>-Design moderno <\/strong>: estilizado com trincheiras e detalhes contrastantes.<\/p>\n<p><strong> -Comodidade e frescura <\/strong>: Ideal para jogadores ativos.<\/p>\n<p>Esta camisa n\u00e3o apenas garante desempenho, mas tamb\u00e9m se adapta perfeitamente ao estilo dos jogadores mais exigentes. Fa\u00e7a parte do seu equipamento e melhore seu jogo!<\/p>\n<p><strong> Agora dispon\u00edvel em nossa loja on -line <a href=\"http:\/\/www.revolutionpadelstore.com\/\"> www.revolutionpadelstore.com <\/a>, provavelmente pelo melhor pre\u00e7o de mercado<\/p>\n<h2>Camiseta Tirantes Bullpadel Lleva Mujer. M\u00e1xima libertad de movimiento y frescura<\/h2>\n","protected":false},"excerpt":{"rendered":"<p>A camisa de manga feminina de bullpadel, feita de um tecido de poli\u00e9ster leve e el\u00e1stico que incorpora a tecnologia dryn\u00e2mica, projetada para absorver o suor e oferecer uma experi\u00eancia confort\u00e1vel e \u00fanica.<\/p>\n","protected":false},"featured_media":156105,"comment_status":"open","ping_status":"closed","template":"","meta":{"_acf_changed":false,"_joinchat":[]},"acabado":[],"balance":[],"dureza":[],"forma":[],"jugador":[1195],"marca":[1255],"nivel-de-juego":[],"superficie":[],"tipo-de-juego":[],"product_brand":[],"product_cat":[330],"product_tag":[],"class_list":{"0":"post-156130","1":"product","2":"type-product","3":"status-publish","4":"has-post-thumbnail","6":"jugador-mulher","7":"marca-bullpadel-pt-pt","8":"product_cat-roupa","10":"first","11":"outofstock","12":"sale","13":"taxable","14":"shipping-taxable","15":"purchasable","16":"product-type-variable"},"acf":[],"yoast_head":"<!-- This site is optimized with the Yoast SEO plugin v27.4 - https:\/\/yoast.com\/product\/yoast-seo-wordpress\/ -->\n<title>CAMISETA TIRANTES BULLPADEL LLEVA NEGRA 005 MUJER - Revolution Padel Store<\/title>\n<meta name=\"description\" content=\"Compra la Camiseta Tirantes Bullpadel Lleva Mujer, dise\u00f1ada para frescura y comodidad en el p\u00e1del. Con tecnolog\u00eda Drynamic y estilo moderno, ideal para jugadoras din\u00e1micas.\" \/>\n<meta name=\"robots\" content=\"index, follow, max-snippet:-1, max-image-preview:large, max-video-preview:-1\" \/>\n<link rel=\"canonical\" href=\"https:\/\/revolutionpadelstore.com\/pt-pt\/produto\/camiseta-tirantes-bullpadel-lleva-negra-005-mujer-5\/\" \/>\n<meta property=\"og:locale\" content=\"pt_PT\" \/>\n<meta property=\"og:type\" content=\"article\" \/>\n<meta property=\"og:title\" content=\"CAMISETA TIRANTES BULLPADEL LLEVA NEGRA 005 MUJER - Revolution Padel Store\" \/>\n<meta property=\"og:description\" content=\"Compra la Camiseta Tirantes Bullpadel Lleva Mujer, dise\u00f1ada para frescura y comodidad en el p\u00e1del. Con tecnolog\u00eda Drynamic y estilo moderno, ideal para jugadoras din\u00e1micas.\" \/>\n<meta property=\"og:url\" content=\"https:\/\/revolutionpadelstore.com\/pt-pt\/produto\/camiseta-tirantes-bullpadel-lleva-negra-005-mujer-5\/\" \/>\n<meta property=\"og:site_name\" content=\"Revolution Padel Store\" \/>\n<meta property=\"article:modified_time\" content=\"2026-04-08T07:07:49+00:00\" \/>\n<meta property=\"og:image\" content=\"https:\/\/revolutionpadelstore.com\/wp-content\/uploads\/2024\/12\/camiseta-bullpadel-lleva-negro.jpg\" \/>\n\t<meta property=\"og:image:width\" content=\"1000\" \/>\n\t<meta property=\"og:image:height\" content=\"1188\" \/>\n\t<meta property=\"og:image:type\" content=\"image\/jpeg\" \/>\n<meta name=\"twitter:card\" content=\"summary_large_image\" \/>\n<meta name=\"twitter:label1\" content=\"Tempo estimado de leitura\" \/>\n\t<meta name=\"twitter:data1\" content=\"2 minutos\" \/>\n<script type=\"application\/ld+json\" class=\"yoast-schema-graph\">{\"@context\":\"https:\\\/\\\/schema.org\",\"@graph\":[{\"@type\":\"WebPage\",\"@id\":\"https:\\\/\\\/revolutionpadelstore.com\\\/pt-pt\\\/produto\\\/camiseta-tirantes-bullpadel-lleva-negra-005-mujer-5\\\/\",\"url\":\"https:\\\/\\\/revolutionpadelstore.com\\\/pt-pt\\\/produto\\\/camiseta-tirantes-bullpadel-lleva-negra-005-mujer-5\\\/\",\"name\":\"CAMISETA TIRANTES BULLPADEL LLEVA NEGRA 005 MUJER - Revolution Padel Store\",\"isPartOf\":{\"@id\":\"https:\\\/\\\/revolutionpadelstore.com\\\/pt-pt\\\/#website\"},\"primaryImageOfPage\":{\"@id\":\"https:\\\/\\\/revolutionpadelstore.com\\\/pt-pt\\\/produto\\\/camiseta-tirantes-bullpadel-lleva-negra-005-mujer-5\\\/#primaryimage\"},\"image\":{\"@id\":\"https:\\\/\\\/revolutionpadelstore.com\\\/pt-pt\\\/produto\\\/camiseta-tirantes-bullpadel-lleva-negra-005-mujer-5\\\/#primaryimage\"},\"thumbnailUrl\":\"https:\\\/\\\/revolutionpadelstore.com\\\/wp-content\\\/uploads\\\/2024\\\/12\\\/camiseta-bullpadel-lleva-negro.jpg\",\"datePublished\":\"2024-12-20T07:31:40+00:00\",\"dateModified\":\"2026-04-08T07:07:49+00:00\",\"description\":\"Compra la Camiseta Tirantes Bullpadel Lleva Mujer, dise\u00f1ada para frescura y comodidad en el p\u00e1del. Con tecnolog\u00eda Drynamic y estilo moderno, ideal para jugadoras din\u00e1micas.\",\"breadcrumb\":{\"@id\":\"https:\\\/\\\/revolutionpadelstore.com\\\/pt-pt\\\/produto\\\/camiseta-tirantes-bullpadel-lleva-negra-005-mujer-5\\\/#breadcrumb\"},\"inLanguage\":\"pt-PT\",\"potentialAction\":[{\"@type\":\"ReadAction\",\"target\":[\"https:\\\/\\\/revolutionpadelstore.com\\\/pt-pt\\\/produto\\\/camiseta-tirantes-bullpadel-lleva-negra-005-mujer-5\\\/\"]}]},{\"@type\":\"ImageObject\",\"inLanguage\":\"pt-PT\",\"@id\":\"https:\\\/\\\/revolutionpadelstore.com\\\/pt-pt\\\/produto\\\/camiseta-tirantes-bullpadel-lleva-negra-005-mujer-5\\\/#primaryimage\",\"url\":\"https:\\\/\\\/revolutionpadelstore.com\\\/wp-content\\\/uploads\\\/2024\\\/12\\\/camiseta-bullpadel-lleva-negro.jpg\",\"contentUrl\":\"https:\\\/\\\/revolutionpadelstore.com\\\/wp-content\\\/uploads\\\/2024\\\/12\\\/camiseta-bullpadel-lleva-negro.jpg\",\"width\":1000,\"height\":1188},{\"@type\":\"BreadcrumbList\",\"@id\":\"https:\\\/\\\/revolutionpadelstore.com\\\/pt-pt\\\/produto\\\/camiseta-tirantes-bullpadel-lleva-negra-005-mujer-5\\\/#breadcrumb\",\"itemListElement\":[{\"@type\":\"ListItem\",\"position\":1,\"name\":\"Portada\",\"item\":\"https:\\\/\\\/revolutionpadelstore.com\\\/pt-pt\\\/\"},{\"@type\":\"ListItem\",\"position\":2,\"name\":\"Tienda\",\"item\":\"https:\\\/\\\/revolutionpadelstore.com\\\/pt-pt\\\/tienda\\\/\"},{\"@type\":\"ListItem\",\"position\":3,\"name\":\"CAMISETA TIRANTES BULLPADEL LLEVA NEGRA 005 MUJER\"}]},{\"@type\":\"WebSite\",\"@id\":\"https:\\\/\\\/revolutionpadelstore.com\\\/pt-pt\\\/#website\",\"url\":\"https:\\\/\\\/revolutionpadelstore.com\\\/pt-pt\\\/\",\"name\":\"Revolution Padel Store\",\"description\":\"\",\"publisher\":{\"@id\":\"https:\\\/\\\/revolutionpadelstore.com\\\/pt-pt\\\/#organization\"},\"potentialAction\":[{\"@type\":\"SearchAction\",\"target\":{\"@type\":\"EntryPoint\",\"urlTemplate\":\"https:\\\/\\\/revolutionpadelstore.com\\\/pt-pt\\\/?s={search_term_string}\"},\"query-input\":{\"@type\":\"PropertyValueSpecification\",\"valueRequired\":true,\"valueName\":\"search_term_string\"}}],\"inLanguage\":\"pt-PT\"},{\"@type\":\"Organization\",\"@id\":\"https:\\\/\\\/revolutionpadelstore.com\\\/pt-pt\\\/#organization\",\"name\":\"Revolution Padel Store\",\"url\":\"https:\\\/\\\/revolutionpadelstore.com\\\/pt-pt\\\/\",\"logo\":{\"@type\":\"ImageObject\",\"inLanguage\":\"pt-PT\",\"@id\":\"https:\\\/\\\/revolutionpadelstore.com\\\/pt-pt\\\/#\\\/schema\\\/logo\\\/image\\\/\",\"url\":\"https:\\\/\\\/revolutionpadelstore.com\\\/wp-content\\\/uploads\\\/2026\\\/02\\\/revolution-padel-store.jpg\",\"contentUrl\":\"https:\\\/\\\/revolutionpadelstore.com\\\/wp-content\\\/uploads\\\/2026\\\/02\\\/revolution-padel-store.jpg\",\"width\":2000,\"height\":2000,\"caption\":\"Revolution Padel Store\"},\"image\":{\"@id\":\"https:\\\/\\\/revolutionpadelstore.com\\\/pt-pt\\\/#\\\/schema\\\/logo\\\/image\\\/\"},\"sameAs\":[\"https:\\\/\\\/www.instagram.com\\\/revolutionpadelstore\\\/\"]}]}<\/script>\n<!-- \/ Yoast SEO plugin. -->","yoast_head_json":{"title":"CAMISETA TIRANTES BULLPADEL LLEVA NEGRA 005 MUJER - Revolution Padel Store","description":"Compra la Camiseta Tirantes Bullpadel Lleva Mujer, dise\u00f1ada para frescura y comodidad en el p\u00e1del. Con tecnolog\u00eda Drynamic y estilo moderno, ideal para jugadoras din\u00e1micas.","robots":{"index":"index","follow":"follow","max-snippet":"max-snippet:-1","max-image-preview":"max-image-preview:large","max-video-preview":"max-video-preview:-1"},"canonical":"https:\/\/revolutionpadelstore.com\/pt-pt\/produto\/camiseta-tirantes-bullpadel-lleva-negra-005-mujer-5\/","og_locale":"pt_PT","og_type":"article","og_title":"CAMISETA TIRANTES BULLPADEL LLEVA NEGRA 005 MUJER - Revolution Padel Store","og_description":"Compra la Camiseta Tirantes Bullpadel Lleva Mujer, dise\u00f1ada para frescura y comodidad en el p\u00e1del. Con tecnolog\u00eda Drynamic y estilo moderno, ideal para jugadoras din\u00e1micas.","og_url":"https:\/\/revolutionpadelstore.com\/pt-pt\/produto\/camiseta-tirantes-bullpadel-lleva-negra-005-mujer-5\/","og_site_name":"Revolution Padel Store","article_modified_time":"2026-04-08T07:07:49+00:00","og_image":[{"width":1000,"height":1188,"url":"https:\/\/revolutionpadelstore.com\/wp-content\/uploads\/2024\/12\/camiseta-bullpadel-lleva-negro.jpg","type":"image\/jpeg"}],"twitter_card":"summary_large_image","twitter_misc":{"Tempo estimado de leitura":"2 minutos"},"schema":{"@context":"https:\/\/schema.org","@graph":[{"@type":"WebPage","@id":"https:\/\/revolutionpadelstore.com\/pt-pt\/produto\/camiseta-tirantes-bullpadel-lleva-negra-005-mujer-5\/","url":"https:\/\/revolutionpadelstore.com\/pt-pt\/produto\/camiseta-tirantes-bullpadel-lleva-negra-005-mujer-5\/","name":"CAMISETA TIRANTES BULLPADEL LLEVA NEGRA 005 MUJER - Revolution Padel Store","isPartOf":{"@id":"https:\/\/revolutionpadelstore.com\/pt-pt\/#website"},"primaryImageOfPage":{"@id":"https:\/\/revolutionpadelstore.com\/pt-pt\/produto\/camiseta-tirantes-bullpadel-lleva-negra-005-mujer-5\/#primaryimage"},"image":{"@id":"https:\/\/revolutionpadelstore.com\/pt-pt\/produto\/camiseta-tirantes-bullpadel-lleva-negra-005-mujer-5\/#primaryimage"},"thumbnailUrl":"https:\/\/revolutionpadelstore.com\/wp-content\/uploads\/2024\/12\/camiseta-bullpadel-lleva-negro.jpg","datePublished":"2024-12-20T07:31:40+00:00","dateModified":"2026-04-08T07:07:49+00:00","description":"Compra la Camiseta Tirantes Bullpadel Lleva Mujer, dise\u00f1ada para frescura y comodidad en el p\u00e1del. Con tecnolog\u00eda Drynamic y estilo moderno, ideal para jugadoras din\u00e1micas.","breadcrumb":{"@id":"https:\/\/revolutionpadelstore.com\/pt-pt\/produto\/camiseta-tirantes-bullpadel-lleva-negra-005-mujer-5\/#breadcrumb"},"inLanguage":"pt-PT","potentialAction":[{"@type":"ReadAction","target":["https:\/\/revolutionpadelstore.com\/pt-pt\/produto\/camiseta-tirantes-bullpadel-lleva-negra-005-mujer-5\/"]}]},{"@type":"ImageObject","inLanguage":"pt-PT","@id":"https:\/\/revolutionpadelstore.com\/pt-pt\/produto\/camiseta-tirantes-bullpadel-lleva-negra-005-mujer-5\/#primaryimage","url":"https:\/\/revolutionpadelstore.com\/wp-content\/uploads\/2024\/12\/camiseta-bullpadel-lleva-negro.jpg","contentUrl":"https:\/\/revolutionpadelstore.com\/wp-content\/uploads\/2024\/12\/camiseta-bullpadel-lleva-negro.jpg","width":1000,"height":1188},{"@type":"BreadcrumbList","@id":"https:\/\/revolutionpadelstore.com\/pt-pt\/produto\/camiseta-tirantes-bullpadel-lleva-negra-005-mujer-5\/#breadcrumb","itemListElement":[{"@type":"ListItem","position":1,"name":"Portada","item":"https:\/\/revolutionpadelstore.com\/pt-pt\/"},{"@type":"ListItem","position":2,"name":"Tienda","item":"https:\/\/revolutionpadelstore.com\/pt-pt\/tienda\/"},{"@type":"ListItem","position":3,"name":"CAMISETA TIRANTES BULLPADEL LLEVA NEGRA 005 MUJER"}]},{"@type":"WebSite","@id":"https:\/\/revolutionpadelstore.com\/pt-pt\/#website","url":"https:\/\/revolutionpadelstore.com\/pt-pt\/","name":"Revolution Padel Store","description":"","publisher":{"@id":"https:\/\/revolutionpadelstore.com\/pt-pt\/#organization"},"potentialAction":[{"@type":"SearchAction","target":{"@type":"EntryPoint","urlTemplate":"https:\/\/revolutionpadelstore.com\/pt-pt\/?s={search_term_string}"},"query-input":{"@type":"PropertyValueSpecification","valueRequired":true,"valueName":"search_term_string"}}],"inLanguage":"pt-PT"},{"@type":"Organization","@id":"https:\/\/revolutionpadelstore.com\/pt-pt\/#organization","name":"Revolution Padel Store","url":"https:\/\/revolutionpadelstore.com\/pt-pt\/","logo":{"@type":"ImageObject","inLanguage":"pt-PT","@id":"https:\/\/revolutionpadelstore.com\/pt-pt\/#\/schema\/logo\/image\/","url":"https:\/\/revolutionpadelstore.com\/wp-content\/uploads\/2026\/02\/revolution-padel-store.jpg","contentUrl":"https:\/\/revolutionpadelstore.com\/wp-content\/uploads\/2026\/02\/revolution-padel-store.jpg","width":2000,"height":2000,"caption":"Revolution Padel Store"},"image":{"@id":"https:\/\/revolutionpadelstore.com\/pt-pt\/#\/schema\/logo\/image\/"},"sameAs":["https:\/\/www.instagram.com\/revolutionpadelstore\/"]}]}},"_links":{"self":[{"href":"https:\/\/revolutionpadelstore.com\/pt-pt\/wp-json\/wp\/v2\/product\/156130","targetHints":{"allow":["GET"]}}],"collection":[{"href":"https:\/\/revolutionpadelstore.com\/pt-pt\/wp-json\/wp\/v2\/product"}],"about":[{"href":"https:\/\/revolutionpadelstore.com\/pt-pt\/wp-json\/wp\/v2\/types\/product"}],"replies":[{"embeddable":true,"href":"https:\/\/revolutionpadelstore.com\/pt-pt\/wp-json\/wp\/v2\/comments?post=156130"}],"wp:featuredmedia":[{"embeddable":true,"href":"https:\/\/revolutionpadelstore.com\/pt-pt\/wp-json\/wp\/v2\/media\/156105"}],"wp:attachment":[{"href":"https:\/\/revolutionpadelstore.com\/pt-pt\/wp-json\/wp\/v2\/media?parent=156130"}],"wp:term":[{"taxonomy":"acabado","embeddable":true,"href":"https:\/\/revolutionpadelstore.com\/pt-pt\/wp-json\/wp\/v2\/acabado?post=156130"},{"taxonomy":"balance","embeddable":true,"href":"https:\/\/revolutionpadelstore.com\/pt-pt\/wp-json\/wp\/v2\/balance?post=156130"},{"taxonomy":"dureza","embeddable":true,"href":"https:\/\/revolutionpadelstore.com\/pt-pt\/wp-json\/wp\/v2\/dureza?post=156130"},{"taxonomy":"forma","embeddable":true,"href":"https:\/\/revolutionpadelstore.com\/pt-pt\/wp-json\/wp\/v2\/forma?post=156130"},{"taxonomy":"jugador","embeddable":true,"href":"https:\/\/revolutionpadelstore.com\/pt-pt\/wp-json\/wp\/v2\/jugador?post=156130"},{"taxonomy":"marca","embeddable":true,"href":"https:\/\/revolutionpadelstore.com\/pt-pt\/wp-json\/wp\/v2\/marca?post=156130"},{"taxonomy":"nivel-de-juego","embeddable":true,"href":"https:\/\/revolutionpadelstore.com\/pt-pt\/wp-json\/wp\/v2\/nivel-de-juego?post=156130"},{"taxonomy":"superficie","embeddable":true,"href":"https:\/\/revolutionpadelstore.com\/pt-pt\/wp-json\/wp\/v2\/superficie?post=156130"},{"taxonomy":"tipo-de-juego","embeddable":true,"href":"https:\/\/revolutionpadelstore.com\/pt-pt\/wp-json\/wp\/v2\/tipo-de-juego?post=156130"},{"taxonomy":"product_brand","embeddable":true,"href":"https:\/\/revolutionpadelstore.com\/pt-pt\/wp-json\/wp\/v2\/product_brand?post=156130"},{"taxonomy":"product_cat","embeddable":true,"href":"https:\/\/revolutionpadelstore.com\/pt-pt\/wp-json\/wp\/v2\/product_cat?post=156130"},{"taxonomy":"product_tag","embeddable":true,"href":"https:\/\/revolutionpadelstore.com\/pt-pt\/wp-json\/wp\/v2\/product_tag?post=156130"}],"curies":[{"name":"wp","href":"https:\/\/api.w.org\/{rel}","templated":true}]}}