{"id":154648,"date":"2024-12-06T13:14:03","date_gmt":"2024-12-06T12:14:03","guid":{"rendered":"https:\/\/revolutionpadelstore.com\/adidas-metalbone-team-light-3-4-2025\/"},"modified":"2026-04-08T09:43:43","modified_gmt":"2026-04-08T07:43:43","slug":"adidas-metalbone-team-light-3-4-2025-5","status":"publish","type":"product","link":"https:\/\/revolutionpadelstore.com\/pt-pt\/produto\/adidas-metalbone-team-light-3-4-2025-5\/","title":{"rendered":"ADIDAS METALBONE TEAM LIGHT 3.4 2025"},"content":{"rendered":"<p><H2> Adidas Metalbone Team Light 3.4, leveza e conforto <\/h2>\n<p>A <strong> Adidas Metalbone Team Light 3.4 <\/strong> se destaca por oferecer uma incr\u00edvel sensa\u00e7\u00e3o de conforto, controle e manobrabilidade. Com seu formato redondo, ele distribui o peso pr\u00f3ximo \u00e0 ader\u00eancia, proporcionando maior precis\u00e3o e agilidade em movimentos defensivos da parte inferior da pista. Al\u00e9m disso, seu peso leve, que varia entre 345 e 360 \u200b\u200bgramas, garante o m\u00e1ximo conforto e alta capacidade de gerenciamento o tempo todo.<br \/>\n<H2> Metalbone Team Light 3.4 Pala para jogadores avan\u00e7ados <\/h2>\n<p>Perfeito para jogadores avan\u00e7ados de n\u00edvel, o Paddle Shovel <strong> adidas metalbone time Light 3.4 <\/strong> oferece uma combina\u00e7\u00e3o excepcional de leveza, alto desempenho e resist\u00eancia ao desgaste. Ele est\u00e1 focado em golpes defensivos; portanto, se voc\u00ea deseja se destacar em pe\u00e7as da linha de fundo, esta p\u00e1 oferece exatamente o que voc\u00ea precisa. Seu peso leve e um molde redondo favorece o controle m\u00e1ximo da bola, ideal para aqueles que procuram alcan\u00e7ar seu melhor desempenho em cada jogo.<br \/>\n<H2> Caracter\u00edsticas e tecnologias da equipe da equipe da adidas Metalbone Light 3.4 <\/h2>\n<p> <strong> -eva Soft Performance N\u00facle de borracha <\/strong>: baixa densidade, para maior conforto e sensa\u00e7\u00e3o agrad\u00e1vel em cada impacto.<\/p>\n<p> <strong> -fiberglass Planos <\/strong> Eles fornecem suavidade e garantem uma boa sa\u00edda de bola<br \/>\n<P> <strong> -Chas com escudo de l\u00e2mina de spin textura <\/strong>: Eles favorecem a ader\u00eancia da bola para imprimir mais efeitos.<br \/>\n<P> <strong> -octogonal estrutura <\/strong>: Minimiza a tor\u00e7\u00e3o e aumenta a precis\u00e3o<\/p>\n<p> <strong> -Grip mais alongado poder extra de ader\u00eancia <\/strong>: Para uma ader\u00eancia est\u00e1vel e firme<\/p>\n<p> <strong> -Design baixo poli <\/strong>: aumenta a rigidez da estrutura para golpes mais eficazes e fortes.<\/p>\n<p><H2> Dispon\u00edvel na Revolu\u00e7\u00e3o Padel Store <\/h2>\n<p>N\u00e3o pense sobre isso e obtenha a nova p\u00e1 de paddle <strong> time metalbone Light 3.4 <\/strong> adidas. Com seu molde redondo e baixo equil\u00edbrio, ele fornece o controle necess\u00e1rio para ter sucesso nas pe\u00e7as defensivas.<\/p>\n<h2>Adidas Metalbone Team Light 3.4, ligereza y comodidad<\/h2>\n","protected":false},"excerpt":{"rendered":"<p>Adidas Metalbone Padel Pladel Team Light 3.4 com uma forma redonda e baixo equil\u00edbrio para controle e conforto m\u00e1ximo. Para jogadores de n\u00edvel avan\u00e7ado. N\u00facleo de desempenho suave de eva.<\/p>\n","protected":false},"featured_media":152894,"comment_status":"open","ping_status":"closed","template":"","meta":{"_acf_changed":false,"_joinchat":[]},"acabado":[1105],"balance":[1145],"dureza":[1155],"forma":[1180],"jugador":[1190,1200],"marca":[1230],"nivel-de-juego":[1335,1340],"superficie":[1360],"tipo-de-juego":[1370],"product_brand":[],"product_cat":[300],"product_tag":[],"class_list":{"0":"post-154648","1":"product","2":"type-product","3":"status-publish","4":"has-post-thumbnail","6":"acabado-rugoso-pt-pt","7":"balance-baixo","8":"dureza-media-pt-pt","9":"forma-rodada","10":"jugador-homem","11":"jugador-polivalente-pt-pt","12":"marca-adidas-pt-pt","13":"superficie-rugosa-pt-pt","14":"tipo-de-juego-controle","15":"product_cat-palas","17":"first","18":"instock","19":"sale","20":"taxable","21":"shipping-taxable","22":"purchasable","23":"product-type-simple"},"acf":[],"yoast_head":"<!-- This site is optimized with the Yoast SEO plugin v27.4 - https:\/\/yoast.com\/product\/yoast-seo-wordpress\/ -->\n<title>ADIDAS METALBONE TEAM LIGHT 3.4 2025 - Revolution Padel Store<\/title>\n<meta name=\"description\" content=\"La Adidas Metalbone Team Light 3.4 destaca por garantizar unas incre\u00edbles sensaciones de confort, control y maniobrabilidad durante su uso. Con su formato redondo, distribuye el peso cerca del grip, proporcionando mayor precisi\u00f3n y agilidad en movimientos defensivos desde el fondo de la pista. Adem\u00e1s, su peso ligero comprendido entre los 345 y los 360 gramos asegura m\u00e1ximo confort y alta manejabilidad en todo momento.\" \/>\n<meta name=\"robots\" content=\"index, follow, max-snippet:-1, max-image-preview:large, max-video-preview:-1\" \/>\n<link rel=\"canonical\" href=\"https:\/\/revolutionpadelstore.com\/pt-pt\/produto\/adidas-metalbone-team-light-3-4-2025-5\/\" \/>\n<meta property=\"og:locale\" content=\"pt_PT\" \/>\n<meta property=\"og:type\" content=\"article\" \/>\n<meta property=\"og:title\" content=\"ADIDAS METALBONE TEAM LIGHT 3.4 2025 - Revolution Padel Store\" \/>\n<meta property=\"og:description\" content=\"La Adidas Metalbone Team Light 3.4 destaca por garantizar unas incre\u00edbles sensaciones de confort, control y maniobrabilidad durante su uso. Con su formato redondo, distribuye el peso cerca del grip, proporcionando mayor precisi\u00f3n y agilidad en movimientos defensivos desde el fondo de la pista. Adem\u00e1s, su peso ligero comprendido entre los 345 y los 360 gramos asegura m\u00e1ximo confort y alta manejabilidad en todo momento.\" \/>\n<meta property=\"og:url\" content=\"https:\/\/revolutionpadelstore.com\/pt-pt\/produto\/adidas-metalbone-team-light-3-4-2025-5\/\" \/>\n<meta property=\"og:site_name\" content=\"Revolution Padel Store\" \/>\n<meta property=\"article:modified_time\" content=\"2026-04-08T07:43:43+00:00\" \/>\n<meta property=\"og:image\" content=\"https:\/\/revolutionpadelstore.com\/wp-content\/uploads\/2024\/12\/113689-pala-adidas-metalbone-team-light-3-4-ar2ca0u451500x1500-1-1.webp\" \/>\n\t<meta property=\"og:image:width\" content=\"1500\" \/>\n\t<meta property=\"og:image:height\" content=\"1500\" \/>\n\t<meta property=\"og:image:type\" content=\"image\/webp\" \/>\n<meta name=\"twitter:card\" content=\"summary_large_image\" \/>\n<meta name=\"twitter:label1\" content=\"Tempo estimado de leitura\" \/>\n\t<meta name=\"twitter:data1\" content=\"2 minutos\" \/>\n<script type=\"application\/ld+json\" class=\"yoast-schema-graph\">{\"@context\":\"https:\\\/\\\/schema.org\",\"@graph\":[{\"@type\":\"WebPage\",\"@id\":\"https:\\\/\\\/revolutionpadelstore.com\\\/pt-pt\\\/produto\\\/adidas-metalbone-team-light-3-4-2025-5\\\/\",\"url\":\"https:\\\/\\\/revolutionpadelstore.com\\\/pt-pt\\\/produto\\\/adidas-metalbone-team-light-3-4-2025-5\\\/\",\"name\":\"ADIDAS METALBONE TEAM LIGHT 3.4 2025 - Revolution Padel Store\",\"isPartOf\":{\"@id\":\"https:\\\/\\\/revolutionpadelstore.com\\\/pt-pt\\\/#website\"},\"primaryImageOfPage\":{\"@id\":\"https:\\\/\\\/revolutionpadelstore.com\\\/pt-pt\\\/produto\\\/adidas-metalbone-team-light-3-4-2025-5\\\/#primaryimage\"},\"image\":{\"@id\":\"https:\\\/\\\/revolutionpadelstore.com\\\/pt-pt\\\/produto\\\/adidas-metalbone-team-light-3-4-2025-5\\\/#primaryimage\"},\"thumbnailUrl\":\"https:\\\/\\\/revolutionpadelstore.com\\\/wp-content\\\/uploads\\\/2024\\\/12\\\/113689-pala-adidas-metalbone-team-light-3-4-ar2ca0u451500x1500-1-1.webp\",\"datePublished\":\"2024-12-06T12:14:03+00:00\",\"dateModified\":\"2026-04-08T07:43:43+00:00\",\"description\":\"La Adidas Metalbone Team Light 3.4 destaca por garantizar unas incre\u00edbles sensaciones de confort, control y maniobrabilidad durante su uso. Con su formato redondo, distribuye el peso cerca del grip, proporcionando mayor precisi\u00f3n y agilidad en movimientos defensivos desde el fondo de la pista. Adem\u00e1s, su peso ligero comprendido entre los 345 y los 360 gramos asegura m\u00e1ximo confort y alta manejabilidad en todo momento.\",\"breadcrumb\":{\"@id\":\"https:\\\/\\\/revolutionpadelstore.com\\\/pt-pt\\\/produto\\\/adidas-metalbone-team-light-3-4-2025-5\\\/#breadcrumb\"},\"inLanguage\":\"pt-PT\",\"potentialAction\":[{\"@type\":\"ReadAction\",\"target\":[\"https:\\\/\\\/revolutionpadelstore.com\\\/pt-pt\\\/produto\\\/adidas-metalbone-team-light-3-4-2025-5\\\/\"]}]},{\"@type\":\"ImageObject\",\"inLanguage\":\"pt-PT\",\"@id\":\"https:\\\/\\\/revolutionpadelstore.com\\\/pt-pt\\\/produto\\\/adidas-metalbone-team-light-3-4-2025-5\\\/#primaryimage\",\"url\":\"https:\\\/\\\/revolutionpadelstore.com\\\/wp-content\\\/uploads\\\/2024\\\/12\\\/113689-pala-adidas-metalbone-team-light-3-4-ar2ca0u451500x1500-1-1.webp\",\"contentUrl\":\"https:\\\/\\\/revolutionpadelstore.com\\\/wp-content\\\/uploads\\\/2024\\\/12\\\/113689-pala-adidas-metalbone-team-light-3-4-ar2ca0u451500x1500-1-1.webp\",\"width\":1500,\"height\":1500},{\"@type\":\"BreadcrumbList\",\"@id\":\"https:\\\/\\\/revolutionpadelstore.com\\\/pt-pt\\\/produto\\\/adidas-metalbone-team-light-3-4-2025-5\\\/#breadcrumb\",\"itemListElement\":[{\"@type\":\"ListItem\",\"position\":1,\"name\":\"Portada\",\"item\":\"https:\\\/\\\/revolutionpadelstore.com\\\/pt-pt\\\/\"},{\"@type\":\"ListItem\",\"position\":2,\"name\":\"Tienda\",\"item\":\"https:\\\/\\\/revolutionpadelstore.com\\\/pt-pt\\\/tienda\\\/\"},{\"@type\":\"ListItem\",\"position\":3,\"name\":\"ADIDAS METALBONE TEAM LIGHT 3.4 2025\"}]},{\"@type\":\"WebSite\",\"@id\":\"https:\\\/\\\/revolutionpadelstore.com\\\/pt-pt\\\/#website\",\"url\":\"https:\\\/\\\/revolutionpadelstore.com\\\/pt-pt\\\/\",\"name\":\"Revolution Padel Store\",\"description\":\"\",\"publisher\":{\"@id\":\"https:\\\/\\\/revolutionpadelstore.com\\\/pt-pt\\\/#organization\"},\"potentialAction\":[{\"@type\":\"SearchAction\",\"target\":{\"@type\":\"EntryPoint\",\"urlTemplate\":\"https:\\\/\\\/revolutionpadelstore.com\\\/pt-pt\\\/?s={search_term_string}\"},\"query-input\":{\"@type\":\"PropertyValueSpecification\",\"valueRequired\":true,\"valueName\":\"search_term_string\"}}],\"inLanguage\":\"pt-PT\"},{\"@type\":\"Organization\",\"@id\":\"https:\\\/\\\/revolutionpadelstore.com\\\/pt-pt\\\/#organization\",\"name\":\"Revolution Padel Store\",\"url\":\"https:\\\/\\\/revolutionpadelstore.com\\\/pt-pt\\\/\",\"logo\":{\"@type\":\"ImageObject\",\"inLanguage\":\"pt-PT\",\"@id\":\"https:\\\/\\\/revolutionpadelstore.com\\\/pt-pt\\\/#\\\/schema\\\/logo\\\/image\\\/\",\"url\":\"https:\\\/\\\/revolutionpadelstore.com\\\/wp-content\\\/uploads\\\/2026\\\/02\\\/revolution-padel-store.jpg\",\"contentUrl\":\"https:\\\/\\\/revolutionpadelstore.com\\\/wp-content\\\/uploads\\\/2026\\\/02\\\/revolution-padel-store.jpg\",\"width\":2000,\"height\":2000,\"caption\":\"Revolution Padel Store\"},\"image\":{\"@id\":\"https:\\\/\\\/revolutionpadelstore.com\\\/pt-pt\\\/#\\\/schema\\\/logo\\\/image\\\/\"},\"sameAs\":[\"https:\\\/\\\/www.instagram.com\\\/revolutionpadelstore\\\/\"]}]}<\/script>\n<!-- \/ Yoast SEO plugin. -->","yoast_head_json":{"title":"ADIDAS METALBONE TEAM LIGHT 3.4 2025 - Revolution Padel Store","description":"La Adidas Metalbone Team Light 3.4 destaca por garantizar unas incre\u00edbles sensaciones de confort, control y maniobrabilidad durante su uso. Con su formato redondo, distribuye el peso cerca del grip, proporcionando mayor precisi\u00f3n y agilidad en movimientos defensivos desde el fondo de la pista. Adem\u00e1s, su peso ligero comprendido entre los 345 y los 360 gramos asegura m\u00e1ximo confort y alta manejabilidad en todo momento.","robots":{"index":"index","follow":"follow","max-snippet":"max-snippet:-1","max-image-preview":"max-image-preview:large","max-video-preview":"max-video-preview:-1"},"canonical":"https:\/\/revolutionpadelstore.com\/pt-pt\/produto\/adidas-metalbone-team-light-3-4-2025-5\/","og_locale":"pt_PT","og_type":"article","og_title":"ADIDAS METALBONE TEAM LIGHT 3.4 2025 - Revolution Padel Store","og_description":"La Adidas Metalbone Team Light 3.4 destaca por garantizar unas incre\u00edbles sensaciones de confort, control y maniobrabilidad durante su uso. Con su formato redondo, distribuye el peso cerca del grip, proporcionando mayor precisi\u00f3n y agilidad en movimientos defensivos desde el fondo de la pista. Adem\u00e1s, su peso ligero comprendido entre los 345 y los 360 gramos asegura m\u00e1ximo confort y alta manejabilidad en todo momento.","og_url":"https:\/\/revolutionpadelstore.com\/pt-pt\/produto\/adidas-metalbone-team-light-3-4-2025-5\/","og_site_name":"Revolution Padel Store","article_modified_time":"2026-04-08T07:43:43+00:00","og_image":[{"width":1500,"height":1500,"url":"https:\/\/revolutionpadelstore.com\/wp-content\/uploads\/2024\/12\/113689-pala-adidas-metalbone-team-light-3-4-ar2ca0u451500x1500-1-1.webp","type":"image\/webp"}],"twitter_card":"summary_large_image","twitter_misc":{"Tempo estimado de leitura":"2 minutos"},"schema":{"@context":"https:\/\/schema.org","@graph":[{"@type":"WebPage","@id":"https:\/\/revolutionpadelstore.com\/pt-pt\/produto\/adidas-metalbone-team-light-3-4-2025-5\/","url":"https:\/\/revolutionpadelstore.com\/pt-pt\/produto\/adidas-metalbone-team-light-3-4-2025-5\/","name":"ADIDAS METALBONE TEAM LIGHT 3.4 2025 - Revolution Padel Store","isPartOf":{"@id":"https:\/\/revolutionpadelstore.com\/pt-pt\/#website"},"primaryImageOfPage":{"@id":"https:\/\/revolutionpadelstore.com\/pt-pt\/produto\/adidas-metalbone-team-light-3-4-2025-5\/#primaryimage"},"image":{"@id":"https:\/\/revolutionpadelstore.com\/pt-pt\/produto\/adidas-metalbone-team-light-3-4-2025-5\/#primaryimage"},"thumbnailUrl":"https:\/\/revolutionpadelstore.com\/wp-content\/uploads\/2024\/12\/113689-pala-adidas-metalbone-team-light-3-4-ar2ca0u451500x1500-1-1.webp","datePublished":"2024-12-06T12:14:03+00:00","dateModified":"2026-04-08T07:43:43+00:00","description":"La Adidas Metalbone Team Light 3.4 destaca por garantizar unas incre\u00edbles sensaciones de confort, control y maniobrabilidad durante su uso. Con su formato redondo, distribuye el peso cerca del grip, proporcionando mayor precisi\u00f3n y agilidad en movimientos defensivos desde el fondo de la pista. Adem\u00e1s, su peso ligero comprendido entre los 345 y los 360 gramos asegura m\u00e1ximo confort y alta manejabilidad en todo momento.","breadcrumb":{"@id":"https:\/\/revolutionpadelstore.com\/pt-pt\/produto\/adidas-metalbone-team-light-3-4-2025-5\/#breadcrumb"},"inLanguage":"pt-PT","potentialAction":[{"@type":"ReadAction","target":["https:\/\/revolutionpadelstore.com\/pt-pt\/produto\/adidas-metalbone-team-light-3-4-2025-5\/"]}]},{"@type":"ImageObject","inLanguage":"pt-PT","@id":"https:\/\/revolutionpadelstore.com\/pt-pt\/produto\/adidas-metalbone-team-light-3-4-2025-5\/#primaryimage","url":"https:\/\/revolutionpadelstore.com\/wp-content\/uploads\/2024\/12\/113689-pala-adidas-metalbone-team-light-3-4-ar2ca0u451500x1500-1-1.webp","contentUrl":"https:\/\/revolutionpadelstore.com\/wp-content\/uploads\/2024\/12\/113689-pala-adidas-metalbone-team-light-3-4-ar2ca0u451500x1500-1-1.webp","width":1500,"height":1500},{"@type":"BreadcrumbList","@id":"https:\/\/revolutionpadelstore.com\/pt-pt\/produto\/adidas-metalbone-team-light-3-4-2025-5\/#breadcrumb","itemListElement":[{"@type":"ListItem","position":1,"name":"Portada","item":"https:\/\/revolutionpadelstore.com\/pt-pt\/"},{"@type":"ListItem","position":2,"name":"Tienda","item":"https:\/\/revolutionpadelstore.com\/pt-pt\/tienda\/"},{"@type":"ListItem","position":3,"name":"ADIDAS METALBONE TEAM LIGHT 3.4 2025"}]},{"@type":"WebSite","@id":"https:\/\/revolutionpadelstore.com\/pt-pt\/#website","url":"https:\/\/revolutionpadelstore.com\/pt-pt\/","name":"Revolution Padel Store","description":"","publisher":{"@id":"https:\/\/revolutionpadelstore.com\/pt-pt\/#organization"},"potentialAction":[{"@type":"SearchAction","target":{"@type":"EntryPoint","urlTemplate":"https:\/\/revolutionpadelstore.com\/pt-pt\/?s={search_term_string}"},"query-input":{"@type":"PropertyValueSpecification","valueRequired":true,"valueName":"search_term_string"}}],"inLanguage":"pt-PT"},{"@type":"Organization","@id":"https:\/\/revolutionpadelstore.com\/pt-pt\/#organization","name":"Revolution Padel Store","url":"https:\/\/revolutionpadelstore.com\/pt-pt\/","logo":{"@type":"ImageObject","inLanguage":"pt-PT","@id":"https:\/\/revolutionpadelstore.com\/pt-pt\/#\/schema\/logo\/image\/","url":"https:\/\/revolutionpadelstore.com\/wp-content\/uploads\/2026\/02\/revolution-padel-store.jpg","contentUrl":"https:\/\/revolutionpadelstore.com\/wp-content\/uploads\/2026\/02\/revolution-padel-store.jpg","width":2000,"height":2000,"caption":"Revolution Padel Store"},"image":{"@id":"https:\/\/revolutionpadelstore.com\/pt-pt\/#\/schema\/logo\/image\/"},"sameAs":["https:\/\/www.instagram.com\/revolutionpadelstore\/"]}]}},"_links":{"self":[{"href":"https:\/\/revolutionpadelstore.com\/pt-pt\/wp-json\/wp\/v2\/product\/154648","targetHints":{"allow":["GET"]}}],"collection":[{"href":"https:\/\/revolutionpadelstore.com\/pt-pt\/wp-json\/wp\/v2\/product"}],"about":[{"href":"https:\/\/revolutionpadelstore.com\/pt-pt\/wp-json\/wp\/v2\/types\/product"}],"replies":[{"embeddable":true,"href":"https:\/\/revolutionpadelstore.com\/pt-pt\/wp-json\/wp\/v2\/comments?post=154648"}],"wp:featuredmedia":[{"embeddable":true,"href":"https:\/\/revolutionpadelstore.com\/pt-pt\/wp-json\/wp\/v2\/media\/152894"}],"wp:attachment":[{"href":"https:\/\/revolutionpadelstore.com\/pt-pt\/wp-json\/wp\/v2\/media?parent=154648"}],"wp:term":[{"taxonomy":"acabado","embeddable":true,"href":"https:\/\/revolutionpadelstore.com\/pt-pt\/wp-json\/wp\/v2\/acabado?post=154648"},{"taxonomy":"balance","embeddable":true,"href":"https:\/\/revolutionpadelstore.com\/pt-pt\/wp-json\/wp\/v2\/balance?post=154648"},{"taxonomy":"dureza","embeddable":true,"href":"https:\/\/revolutionpadelstore.com\/pt-pt\/wp-json\/wp\/v2\/dureza?post=154648"},{"taxonomy":"forma","embeddable":true,"href":"https:\/\/revolutionpadelstore.com\/pt-pt\/wp-json\/wp\/v2\/forma?post=154648"},{"taxonomy":"jugador","embeddable":true,"href":"https:\/\/revolutionpadelstore.com\/pt-pt\/wp-json\/wp\/v2\/jugador?post=154648"},{"taxonomy":"marca","embeddable":true,"href":"https:\/\/revolutionpadelstore.com\/pt-pt\/wp-json\/wp\/v2\/marca?post=154648"},{"taxonomy":"nivel-de-juego","embeddable":true,"href":"https:\/\/revolutionpadelstore.com\/pt-pt\/wp-json\/wp\/v2\/nivel-de-juego?post=154648"},{"taxonomy":"superficie","embeddable":true,"href":"https:\/\/revolutionpadelstore.com\/pt-pt\/wp-json\/wp\/v2\/superficie?post=154648"},{"taxonomy":"tipo-de-juego","embeddable":true,"href":"https:\/\/revolutionpadelstore.com\/pt-pt\/wp-json\/wp\/v2\/tipo-de-juego?post=154648"},{"taxonomy":"product_brand","embeddable":true,"href":"https:\/\/revolutionpadelstore.com\/pt-pt\/wp-json\/wp\/v2\/product_brand?post=154648"},{"taxonomy":"product_cat","embeddable":true,"href":"https:\/\/revolutionpadelstore.com\/pt-pt\/wp-json\/wp\/v2\/product_cat?post=154648"},{"taxonomy":"product_tag","embeddable":true,"href":"https:\/\/revolutionpadelstore.com\/pt-pt\/wp-json\/wp\/v2\/product_tag?post=154648"}],"curies":[{"name":"wp","href":"https:\/\/api.w.org\/{rel}","templated":true}]}}