{"id":154633,"date":"2024-12-07T09:35:06","date_gmt":"2024-12-07T08:35:06","guid":{"rendered":"https:\/\/revolutionpadelstore.com\/adidas-cross-it-3-4-2025\/"},"modified":"2026-04-08T09:41:14","modified_gmt":"2026-04-08T07:41:14","slug":"adidas-cross-it-3-4-2025-1","status":"publish","type":"product","link":"https:\/\/revolutionpadelstore.com\/pt-pt\/produto\/adidas-cross-it-3-4-2025-1\/","title":{"rendered":"ADIDAS CROSS IT 3.4 2025"},"content":{"rendered":"<div id=\"zcmjc89rsmhrytmvocyap-user-mesage\" role=\"article\" data-tabster=\"{\" ARIA-LABELLEDBY=\"ZCMJC89RSMHRYTMVOCYAP-USER-MENSAGE\">\n<div class=\"Flex W-Full Flex-Col-End\" Data-Concentnt=\"User-Message\"> <\/div>\n<\/div>\n<div role=\"Artigo\" data-tabster=\"{\" data-content=\"ai-message\">\n<div id=\"cbj6xchxcbipgkc8ggp2-Concentnt\" class=\"espacial-y-3-back-words\">\n<H2> <strong> Adidas Cruz It 3.4 2025: Power and Style na pista!<br \/>\nA <strong> Adidas Cross It 3.4 2025 <\/strong> \u00e9 a p\u00e1 de paddle que voc\u00ea precisa para levar seu jogo para o pr\u00f3ximo n\u00edvel. Projetado para maximizar o poder e a manobrabilidade, esta l\u00e2mina integra tecnologias inovadoras que far\u00e3o voc\u00ea destacar na pista. Com um design moderno e um formato de diamante de tamanho grande, voc\u00ea n\u00e3o apenas ficar\u00e1 \u00f3timo, mas tamb\u00e9m ter\u00e1 desempenho superior.<br \/>\n<H2> <strong> para jogadores avan\u00e7ados <\/strong> <\/h2>\n<p>Se voc\u00ea \u00e9 um jogador de alto n\u00edvel que procura aproveitar ao m\u00e1ximo sua for\u00e7a e t\u00e9cnica, esta p\u00e1 \u00e9 para voc\u00ea. Sua constru\u00e7\u00e3o de carbono aluminizada de 15k e EVA de alta densidade garantem um golpe s\u00f3lido e poderoso. Al\u00e9m disso, a al\u00e7a de ader\u00eancia extra de energia, mais longa do que o normal, facilita a gera\u00e7\u00e3o de in\u00e9rcia, ideal para jogadores ofensivos que n\u00e3o renunciam ao bom controle.<br \/>\n<H2> <strong> caracter\u00edsticas e tecnologias <\/strong> <\/h2>\n<p> <strong> -dynamic ar fluxo <\/strong>: menos resist\u00eancia ao ar para melhor manobrabilidade.<\/p>\n<p> <strong> -Power Extra Grip <\/strong>: al\u00e7a estendida que aumenta a in\u00e9rcia e a pot\u00eancia em cada golpe.<br \/>\n<P> <strong> -11 treze <\/strong>: orif\u00edcios espec\u00edficos para maior rigidez e durabilidade<br \/>\n<P> <strong> -spin Blade Mold <\/strong>: al\u00edvio 3D que melhora o contato e aumenta os efeitos.<\/p>\n<p> <strong> -High Memory Eva <\/strong>: borracha de alta densidade para pot\u00eancia m\u00e1xima em golpes r\u00e1pidos.<\/p>\n<p> <strong> -Carbono codificado 15K <\/strong>: resist\u00eancia e rigidez para jogadores que priorizam a for\u00e7a<br \/>\n<P> <strong>-Sapato de diamante<\/p>\n<p><H2> <strong> dispon\u00edvel na Revolution Padel Store <\/strong> <\/h2>\n<p>A <strong> Adidas Cross It 3.4 2025 <\/strong> \u00e9 ideal para quem procura alto desempenho em cada parte. Com sua combina\u00e7\u00e3o de tecnologias avan\u00e7adas e design atraente, esta p\u00e1 \u00e9 o aliado perfeito para jogadores que desejam dominar o jogo.<\/p>\n<\/div>\n<\/div>\n","protected":false},"excerpt":{"rendered":"<p>O Adidas Cross It 3.4 2025 combina energia, controle e tecnologias avan\u00e7adas, como o fluxo din\u00e2mico de ar e o molde da l\u00e2mina de spin, ideal para jogadores especializados que procuram alto desempenho em cada jogo.<\/p>\n","protected":false},"featured_media":153313,"comment_status":"open","ping_status":"closed","template":"","meta":{"_acf_changed":false,"_joinchat":[]},"acabado":[1090],"balance":[1135],"dureza":[1160],"forma":[1170],"jugador":[1195],"marca":[1230],"nivel-de-juego":[1335],"superficie":[1360],"tipo-de-juego":[1375],"product_brand":[],"product_cat":[300],"product_tag":[],"class_list":{"0":"post-154633","1":"product","2":"type-product","3":"status-publish","4":"has-post-thumbnail","6":"acabado-alivio-3d","7":"balance-alto-pt-pt","8":"dureza-dura-pt-pt","9":"forma-diamante-pt-pt","10":"jugador-mulher","11":"marca-adidas-pt-pt","12":"superficie-rugosa-pt-pt","13":"tipo-de-juego-poder","14":"product_cat-palas","16":"first","17":"instock","18":"sale","19":"taxable","20":"shipping-taxable","21":"purchasable","22":"product-type-simple"},"acf":[],"yoast_head":"<!-- This site is optimized with the Yoast SEO plugin v27.4 - https:\/\/yoast.com\/product\/yoast-seo-wordpress\/ -->\n<title>ADIDAS CROSS IT 3.4 2025 - Revolution Padel Store<\/title>\n<meta name=\"description\" content=\"La Adidas Cross IT 3.4 2025 es una pala de p\u00e1del dise\u00f1ada para maximizar potencia y maniobrabilidad, integrando tecnolog\u00edas innovadoras para elevar el rendimiento en la pista. Con un dise\u00f1o moderno y un formato diamante oversize, esta pala no solo destaca por su aspecto, sino tambi\u00e9n por sus prestaciones avanzadas, que combinan potencia y control para jugadores exigentes.\" \/>\n<meta name=\"robots\" content=\"index, follow, max-snippet:-1, max-image-preview:large, max-video-preview:-1\" \/>\n<link rel=\"canonical\" href=\"https:\/\/revolutionpadelstore.com\/pt-pt\/produto\/adidas-cross-it-3-4-2025-1\/\" \/>\n<meta property=\"og:locale\" content=\"pt_PT\" \/>\n<meta property=\"og:type\" content=\"article\" \/>\n<meta property=\"og:title\" content=\"ADIDAS CROSS IT 3.4 2025 - Revolution Padel Store\" \/>\n<meta property=\"og:description\" content=\"La Adidas Cross IT 3.4 2025 es una pala de p\u00e1del dise\u00f1ada para maximizar potencia y maniobrabilidad, integrando tecnolog\u00edas innovadoras para elevar el rendimiento en la pista. Con un dise\u00f1o moderno y un formato diamante oversize, esta pala no solo destaca por su aspecto, sino tambi\u00e9n por sus prestaciones avanzadas, que combinan potencia y control para jugadores exigentes.\" \/>\n<meta property=\"og:url\" content=\"https:\/\/revolutionpadelstore.com\/pt-pt\/produto\/adidas-cross-it-3-4-2025-1\/\" \/>\n<meta property=\"og:site_name\" content=\"Revolution Padel Store\" \/>\n<meta property=\"article:modified_time\" content=\"2026-04-08T07:41:14+00:00\" \/>\n<meta property=\"og:image\" content=\"https:\/\/revolutionpadelstore.com\/wp-content\/uploads\/2024\/12\/113677-pala-adidas-cross-lt-3-4-ar1aa3u231500x1500-1.webp\" \/>\n\t<meta property=\"og:image:width\" content=\"1500\" \/>\n\t<meta property=\"og:image:height\" content=\"1500\" \/>\n\t<meta property=\"og:image:type\" content=\"image\/webp\" \/>\n<meta name=\"twitter:card\" content=\"summary_large_image\" \/>\n<meta name=\"twitter:label1\" content=\"Tempo estimado de leitura\" \/>\n\t<meta name=\"twitter:data1\" content=\"1 minuto\" \/>\n<script type=\"application\/ld+json\" class=\"yoast-schema-graph\">{\"@context\":\"https:\\\/\\\/schema.org\",\"@graph\":[{\"@type\":\"WebPage\",\"@id\":\"https:\\\/\\\/revolutionpadelstore.com\\\/pt-pt\\\/produto\\\/adidas-cross-it-3-4-2025-1\\\/\",\"url\":\"https:\\\/\\\/revolutionpadelstore.com\\\/pt-pt\\\/produto\\\/adidas-cross-it-3-4-2025-1\\\/\",\"name\":\"ADIDAS CROSS IT 3.4 2025 - Revolution Padel Store\",\"isPartOf\":{\"@id\":\"https:\\\/\\\/revolutionpadelstore.com\\\/pt-pt\\\/#website\"},\"primaryImageOfPage\":{\"@id\":\"https:\\\/\\\/revolutionpadelstore.com\\\/pt-pt\\\/produto\\\/adidas-cross-it-3-4-2025-1\\\/#primaryimage\"},\"image\":{\"@id\":\"https:\\\/\\\/revolutionpadelstore.com\\\/pt-pt\\\/produto\\\/adidas-cross-it-3-4-2025-1\\\/#primaryimage\"},\"thumbnailUrl\":\"https:\\\/\\\/revolutionpadelstore.com\\\/wp-content\\\/uploads\\\/2024\\\/12\\\/113677-pala-adidas-cross-lt-3-4-ar1aa3u231500x1500-1.webp\",\"datePublished\":\"2024-12-07T08:35:06+00:00\",\"dateModified\":\"2026-04-08T07:41:14+00:00\",\"description\":\"La Adidas Cross IT 3.4 2025 es una pala de p\u00e1del dise\u00f1ada para maximizar potencia y maniobrabilidad, integrando tecnolog\u00edas innovadoras para elevar el rendimiento en la pista. Con un dise\u00f1o moderno y un formato diamante oversize, esta pala no solo destaca por su aspecto, sino tambi\u00e9n por sus prestaciones avanzadas, que combinan potencia y control para jugadores exigentes.\",\"breadcrumb\":{\"@id\":\"https:\\\/\\\/revolutionpadelstore.com\\\/pt-pt\\\/produto\\\/adidas-cross-it-3-4-2025-1\\\/#breadcrumb\"},\"inLanguage\":\"pt-PT\",\"potentialAction\":[{\"@type\":\"ReadAction\",\"target\":[\"https:\\\/\\\/revolutionpadelstore.com\\\/pt-pt\\\/produto\\\/adidas-cross-it-3-4-2025-1\\\/\"]}]},{\"@type\":\"ImageObject\",\"inLanguage\":\"pt-PT\",\"@id\":\"https:\\\/\\\/revolutionpadelstore.com\\\/pt-pt\\\/produto\\\/adidas-cross-it-3-4-2025-1\\\/#primaryimage\",\"url\":\"https:\\\/\\\/revolutionpadelstore.com\\\/wp-content\\\/uploads\\\/2024\\\/12\\\/113677-pala-adidas-cross-lt-3-4-ar1aa3u231500x1500-1.webp\",\"contentUrl\":\"https:\\\/\\\/revolutionpadelstore.com\\\/wp-content\\\/uploads\\\/2024\\\/12\\\/113677-pala-adidas-cross-lt-3-4-ar1aa3u231500x1500-1.webp\",\"width\":1500,\"height\":1500},{\"@type\":\"BreadcrumbList\",\"@id\":\"https:\\\/\\\/revolutionpadelstore.com\\\/pt-pt\\\/produto\\\/adidas-cross-it-3-4-2025-1\\\/#breadcrumb\",\"itemListElement\":[{\"@type\":\"ListItem\",\"position\":1,\"name\":\"Portada\",\"item\":\"https:\\\/\\\/revolutionpadelstore.com\\\/pt-pt\\\/\"},{\"@type\":\"ListItem\",\"position\":2,\"name\":\"Tienda\",\"item\":\"https:\\\/\\\/revolutionpadelstore.com\\\/pt-pt\\\/tienda\\\/\"},{\"@type\":\"ListItem\",\"position\":3,\"name\":\"ADIDAS CROSS IT 3.4 2025\"}]},{\"@type\":\"WebSite\",\"@id\":\"https:\\\/\\\/revolutionpadelstore.com\\\/pt-pt\\\/#website\",\"url\":\"https:\\\/\\\/revolutionpadelstore.com\\\/pt-pt\\\/\",\"name\":\"Revolution Padel Store\",\"description\":\"\",\"publisher\":{\"@id\":\"https:\\\/\\\/revolutionpadelstore.com\\\/pt-pt\\\/#organization\"},\"potentialAction\":[{\"@type\":\"SearchAction\",\"target\":{\"@type\":\"EntryPoint\",\"urlTemplate\":\"https:\\\/\\\/revolutionpadelstore.com\\\/pt-pt\\\/?s={search_term_string}\"},\"query-input\":{\"@type\":\"PropertyValueSpecification\",\"valueRequired\":true,\"valueName\":\"search_term_string\"}}],\"inLanguage\":\"pt-PT\"},{\"@type\":\"Organization\",\"@id\":\"https:\\\/\\\/revolutionpadelstore.com\\\/pt-pt\\\/#organization\",\"name\":\"Revolution Padel Store\",\"url\":\"https:\\\/\\\/revolutionpadelstore.com\\\/pt-pt\\\/\",\"logo\":{\"@type\":\"ImageObject\",\"inLanguage\":\"pt-PT\",\"@id\":\"https:\\\/\\\/revolutionpadelstore.com\\\/pt-pt\\\/#\\\/schema\\\/logo\\\/image\\\/\",\"url\":\"https:\\\/\\\/revolutionpadelstore.com\\\/wp-content\\\/uploads\\\/2026\\\/02\\\/revolution-padel-store.jpg\",\"contentUrl\":\"https:\\\/\\\/revolutionpadelstore.com\\\/wp-content\\\/uploads\\\/2026\\\/02\\\/revolution-padel-store.jpg\",\"width\":2000,\"height\":2000,\"caption\":\"Revolution Padel Store\"},\"image\":{\"@id\":\"https:\\\/\\\/revolutionpadelstore.com\\\/pt-pt\\\/#\\\/schema\\\/logo\\\/image\\\/\"},\"sameAs\":[\"https:\\\/\\\/www.instagram.com\\\/revolutionpadelstore\\\/\"]}]}<\/script>\n<!-- \/ Yoast SEO plugin. -->","yoast_head_json":{"title":"ADIDAS CROSS IT 3.4 2025 - Revolution Padel Store","description":"La Adidas Cross IT 3.4 2025 es una pala de p\u00e1del dise\u00f1ada para maximizar potencia y maniobrabilidad, integrando tecnolog\u00edas innovadoras para elevar el rendimiento en la pista. Con un dise\u00f1o moderno y un formato diamante oversize, esta pala no solo destaca por su aspecto, sino tambi\u00e9n por sus prestaciones avanzadas, que combinan potencia y control para jugadores exigentes.","robots":{"index":"index","follow":"follow","max-snippet":"max-snippet:-1","max-image-preview":"max-image-preview:large","max-video-preview":"max-video-preview:-1"},"canonical":"https:\/\/revolutionpadelstore.com\/pt-pt\/produto\/adidas-cross-it-3-4-2025-1\/","og_locale":"pt_PT","og_type":"article","og_title":"ADIDAS CROSS IT 3.4 2025 - Revolution Padel Store","og_description":"La Adidas Cross IT 3.4 2025 es una pala de p\u00e1del dise\u00f1ada para maximizar potencia y maniobrabilidad, integrando tecnolog\u00edas innovadoras para elevar el rendimiento en la pista. Con un dise\u00f1o moderno y un formato diamante oversize, esta pala no solo destaca por su aspecto, sino tambi\u00e9n por sus prestaciones avanzadas, que combinan potencia y control para jugadores exigentes.","og_url":"https:\/\/revolutionpadelstore.com\/pt-pt\/produto\/adidas-cross-it-3-4-2025-1\/","og_site_name":"Revolution Padel Store","article_modified_time":"2026-04-08T07:41:14+00:00","og_image":[{"width":1500,"height":1500,"url":"https:\/\/revolutionpadelstore.com\/wp-content\/uploads\/2024\/12\/113677-pala-adidas-cross-lt-3-4-ar1aa3u231500x1500-1.webp","type":"image\/webp"}],"twitter_card":"summary_large_image","twitter_misc":{"Tempo estimado de leitura":"1 minuto"},"schema":{"@context":"https:\/\/schema.org","@graph":[{"@type":"WebPage","@id":"https:\/\/revolutionpadelstore.com\/pt-pt\/produto\/adidas-cross-it-3-4-2025-1\/","url":"https:\/\/revolutionpadelstore.com\/pt-pt\/produto\/adidas-cross-it-3-4-2025-1\/","name":"ADIDAS CROSS IT 3.4 2025 - Revolution Padel Store","isPartOf":{"@id":"https:\/\/revolutionpadelstore.com\/pt-pt\/#website"},"primaryImageOfPage":{"@id":"https:\/\/revolutionpadelstore.com\/pt-pt\/produto\/adidas-cross-it-3-4-2025-1\/#primaryimage"},"image":{"@id":"https:\/\/revolutionpadelstore.com\/pt-pt\/produto\/adidas-cross-it-3-4-2025-1\/#primaryimage"},"thumbnailUrl":"https:\/\/revolutionpadelstore.com\/wp-content\/uploads\/2024\/12\/113677-pala-adidas-cross-lt-3-4-ar1aa3u231500x1500-1.webp","datePublished":"2024-12-07T08:35:06+00:00","dateModified":"2026-04-08T07:41:14+00:00","description":"La Adidas Cross IT 3.4 2025 es una pala de p\u00e1del dise\u00f1ada para maximizar potencia y maniobrabilidad, integrando tecnolog\u00edas innovadoras para elevar el rendimiento en la pista. Con un dise\u00f1o moderno y un formato diamante oversize, esta pala no solo destaca por su aspecto, sino tambi\u00e9n por sus prestaciones avanzadas, que combinan potencia y control para jugadores exigentes.","breadcrumb":{"@id":"https:\/\/revolutionpadelstore.com\/pt-pt\/produto\/adidas-cross-it-3-4-2025-1\/#breadcrumb"},"inLanguage":"pt-PT","potentialAction":[{"@type":"ReadAction","target":["https:\/\/revolutionpadelstore.com\/pt-pt\/produto\/adidas-cross-it-3-4-2025-1\/"]}]},{"@type":"ImageObject","inLanguage":"pt-PT","@id":"https:\/\/revolutionpadelstore.com\/pt-pt\/produto\/adidas-cross-it-3-4-2025-1\/#primaryimage","url":"https:\/\/revolutionpadelstore.com\/wp-content\/uploads\/2024\/12\/113677-pala-adidas-cross-lt-3-4-ar1aa3u231500x1500-1.webp","contentUrl":"https:\/\/revolutionpadelstore.com\/wp-content\/uploads\/2024\/12\/113677-pala-adidas-cross-lt-3-4-ar1aa3u231500x1500-1.webp","width":1500,"height":1500},{"@type":"BreadcrumbList","@id":"https:\/\/revolutionpadelstore.com\/pt-pt\/produto\/adidas-cross-it-3-4-2025-1\/#breadcrumb","itemListElement":[{"@type":"ListItem","position":1,"name":"Portada","item":"https:\/\/revolutionpadelstore.com\/pt-pt\/"},{"@type":"ListItem","position":2,"name":"Tienda","item":"https:\/\/revolutionpadelstore.com\/pt-pt\/tienda\/"},{"@type":"ListItem","position":3,"name":"ADIDAS CROSS IT 3.4 2025"}]},{"@type":"WebSite","@id":"https:\/\/revolutionpadelstore.com\/pt-pt\/#website","url":"https:\/\/revolutionpadelstore.com\/pt-pt\/","name":"Revolution Padel Store","description":"","publisher":{"@id":"https:\/\/revolutionpadelstore.com\/pt-pt\/#organization"},"potentialAction":[{"@type":"SearchAction","target":{"@type":"EntryPoint","urlTemplate":"https:\/\/revolutionpadelstore.com\/pt-pt\/?s={search_term_string}"},"query-input":{"@type":"PropertyValueSpecification","valueRequired":true,"valueName":"search_term_string"}}],"inLanguage":"pt-PT"},{"@type":"Organization","@id":"https:\/\/revolutionpadelstore.com\/pt-pt\/#organization","name":"Revolution Padel Store","url":"https:\/\/revolutionpadelstore.com\/pt-pt\/","logo":{"@type":"ImageObject","inLanguage":"pt-PT","@id":"https:\/\/revolutionpadelstore.com\/pt-pt\/#\/schema\/logo\/image\/","url":"https:\/\/revolutionpadelstore.com\/wp-content\/uploads\/2026\/02\/revolution-padel-store.jpg","contentUrl":"https:\/\/revolutionpadelstore.com\/wp-content\/uploads\/2026\/02\/revolution-padel-store.jpg","width":2000,"height":2000,"caption":"Revolution Padel Store"},"image":{"@id":"https:\/\/revolutionpadelstore.com\/pt-pt\/#\/schema\/logo\/image\/"},"sameAs":["https:\/\/www.instagram.com\/revolutionpadelstore\/"]}]}},"_links":{"self":[{"href":"https:\/\/revolutionpadelstore.com\/pt-pt\/wp-json\/wp\/v2\/product\/154633","targetHints":{"allow":["GET"]}}],"collection":[{"href":"https:\/\/revolutionpadelstore.com\/pt-pt\/wp-json\/wp\/v2\/product"}],"about":[{"href":"https:\/\/revolutionpadelstore.com\/pt-pt\/wp-json\/wp\/v2\/types\/product"}],"replies":[{"embeddable":true,"href":"https:\/\/revolutionpadelstore.com\/pt-pt\/wp-json\/wp\/v2\/comments?post=154633"}],"wp:featuredmedia":[{"embeddable":true,"href":"https:\/\/revolutionpadelstore.com\/pt-pt\/wp-json\/wp\/v2\/media\/153313"}],"wp:attachment":[{"href":"https:\/\/revolutionpadelstore.com\/pt-pt\/wp-json\/wp\/v2\/media?parent=154633"}],"wp:term":[{"taxonomy":"acabado","embeddable":true,"href":"https:\/\/revolutionpadelstore.com\/pt-pt\/wp-json\/wp\/v2\/acabado?post=154633"},{"taxonomy":"balance","embeddable":true,"href":"https:\/\/revolutionpadelstore.com\/pt-pt\/wp-json\/wp\/v2\/balance?post=154633"},{"taxonomy":"dureza","embeddable":true,"href":"https:\/\/revolutionpadelstore.com\/pt-pt\/wp-json\/wp\/v2\/dureza?post=154633"},{"taxonomy":"forma","embeddable":true,"href":"https:\/\/revolutionpadelstore.com\/pt-pt\/wp-json\/wp\/v2\/forma?post=154633"},{"taxonomy":"jugador","embeddable":true,"href":"https:\/\/revolutionpadelstore.com\/pt-pt\/wp-json\/wp\/v2\/jugador?post=154633"},{"taxonomy":"marca","embeddable":true,"href":"https:\/\/revolutionpadelstore.com\/pt-pt\/wp-json\/wp\/v2\/marca?post=154633"},{"taxonomy":"nivel-de-juego","embeddable":true,"href":"https:\/\/revolutionpadelstore.com\/pt-pt\/wp-json\/wp\/v2\/nivel-de-juego?post=154633"},{"taxonomy":"superficie","embeddable":true,"href":"https:\/\/revolutionpadelstore.com\/pt-pt\/wp-json\/wp\/v2\/superficie?post=154633"},{"taxonomy":"tipo-de-juego","embeddable":true,"href":"https:\/\/revolutionpadelstore.com\/pt-pt\/wp-json\/wp\/v2\/tipo-de-juego?post=154633"},{"taxonomy":"product_brand","embeddable":true,"href":"https:\/\/revolutionpadelstore.com\/pt-pt\/wp-json\/wp\/v2\/product_brand?post=154633"},{"taxonomy":"product_cat","embeddable":true,"href":"https:\/\/revolutionpadelstore.com\/pt-pt\/wp-json\/wp\/v2\/product_cat?post=154633"},{"taxonomy":"product_tag","embeddable":true,"href":"https:\/\/revolutionpadelstore.com\/pt-pt\/wp-json\/wp\/v2\/product_tag?post=154633"}],"curies":[{"name":"wp","href":"https:\/\/api.w.org\/{rel}","templated":true}]}}