{"id":154338,"date":"2024-12-09T22:45:13","date_gmt":"2024-12-09T21:45:13","guid":{"rendered":"https:\/\/revolutionpadelstore.com\/adidas-adidas-drive-grey-3-4-2025\/"},"modified":"2026-04-08T09:29:10","modified_gmt":"2026-04-08T07:29:10","slug":"adidas-adidas-drive-grey-3-4-2025-5","status":"publish","type":"product","link":"https:\/\/revolutionpadelstore.com\/pt-pt\/produto\/adidas-adidas-drive-grey-3-4-2025-5\/","title":{"rendered":"ADIDAS ADIDAS DRIVE GREY 3.4 2025"},"content":{"rendered":"<p><H2> <strong> adidas aciona cinza 3.4 2025: a p\u00e1 ideal para iniciantes <\/strong> <\/h2>\n<p>A <strong> Adidas Drive Grey 3.4 2025 <\/strong> \u00e9 a p\u00e1 perfeita para jogadores que come\u00e7am no mundo da raquete e buscam qualidade, controle e conforto. Projetado para a cole\u00e7\u00e3o 2025 e parte da prestigiada linha de descoberta, esta l\u00e2mina combina design moderno com tecnologias inovadoras, oferecendo uma experi\u00eancia de jogo \u00fanica para aqueles que desejam melhorar sua t\u00e9cnica desde o primeiro dia.<br \/>\n<H2> <strong> caracter\u00edsticas proeminentes: <\/strong> <\/h2>\n<p><P> <strong> -Red Format e Baixo Equil\u00edbrio: <\/strong> Ideal para um jogo de controle, com excelente gerenciamento<br \/>\n<P> <strong> -Ligereza e conforto: <\/strong> Com um peso de 360-375 gramas, \u00e9 f\u00e1cil lidar e perfeito para sess\u00f5es prolongadas<\/p>\n<p> <strong> -fiberglass Planos: <\/strong> Forne\u00e7a flexibilidade para golpes mais suaves e din\u00e2micos.<br \/>\n<P> <strong> -eva Soft Performance Rubber entornce<\/p>\n<p> <strong>-refor\u00e7o de re-facilidade retrutural: <\/strong> aumenta a pot\u00eancia e a resist\u00eancia da p\u00e1, reduzindo as tor\u00e7\u00f5es durante o jogo.<br \/>\n<P> <strong> -Technology Smart Hole Linear: <\/strong> melhora a durabilidade com uma distribui\u00e7\u00e3o equidistante de orif\u00edcios.<\/p>\n<p><H2> <strong> Design elegante e funcional <\/strong> <\/h2>\n<p>A combina\u00e7\u00e3o de cinza com detalhes vermelhos d\u00e1 \u00e0 Adidas Drive Grey 3.4 2025 um estilo profissional e sofisticado. Seu design minimalista destaca o logotipo da Adidas em faixas vermelhas verticais, fazendo com que essa p\u00e1 se destacasse na pista de seu apelo visual.<br \/>\n<H2> <strong> benef\u00edcios para o jogador: <\/strong> <\/h2>\n<p><P> <strong> -Perfect for Beginners: <\/strong> ajuda a adquirir confian\u00e7a em cada golpe gra\u00e7as ao seu equil\u00edbrio e controle excepcionais.<br \/>\n<P> <strong> -Dorabilidade e resist\u00eancia: <\/strong> Materiais de alta qualidade que garantem desempenho constante por mais tempo.<br \/>\n<P> <strong>-Comcomfortable e controle controlado: <\/strong> projetado para minimizar as vibra\u00e7\u00f5es e facilitar as principais t\u00e9cnicas de aprendizagem, como bandeja e globo.<br \/>\nFa\u00e7a sua inicia\u00e7\u00e3o na raquete para uma experi\u00eancia imbat\u00edvel com o <strong> adidas aciona cinza 3.4 2025 <\/strong>, uma p\u00e1 que combina estilo, funcionalidade e tecnologia avan\u00e7ada para destacar em seu primeiro jogo.<\/p>\n<p>Dispon\u00edvel agora em nossa loja on -line <a href=\"https:\/\/www.revolutionpadelstore.com\/\"> <strong> Revolution Padel Store <\/strong> <\/a>, provavelmente com o melhor pre\u00e7o de mercado.<\/p>\n<h2><strong>Adidas Drive Grey 3.4 2025: La pala ideal para principiantes<\/strong><\/p>\n","protected":false},"excerpt":{"rendered":"<p>Adidas Drive Grey 3.4 2025 \u00e9 perfeito para jogadores iniciantes que procuram controle excepcional. Seu design resistente e dur\u00e1vel incorpora tecnologias que garantem um jogo de inicia\u00e7\u00e3o de alta qualidade.<\/p>\n","protected":false},"featured_media":154297,"comment_status":"open","ping_status":"closed","template":"","meta":{"_acf_changed":false,"_joinchat":[]},"acabado":[1085],"balance":[1145],"dureza":[1150],"forma":[1180],"jugador":[1190,1200],"marca":[1230],"nivel-de-juego":[1350],"superficie":[1355],"tipo-de-juego":[1370],"product_brand":[],"product_cat":[300],"product_tag":[],"class_list":{"0":"post-154338","1":"product","2":"type-product","3":"status-publish","4":"has-post-thumbnail","6":"acabado-companheiro","7":"balance-baixo","8":"dureza-blanda-pt-pt","9":"forma-rodada","10":"jugador-homem","11":"jugador-polivalente-pt-pt","12":"marca-adidas-pt-pt","13":"superficie-lisa-pt-pt","14":"tipo-de-juego-controle","15":"product_cat-palas","17":"first","18":"instock","19":"sale","20":"taxable","21":"shipping-taxable","22":"purchasable","23":"product-type-simple"},"acf":[],"yoast_head":"<!-- This site is optimized with the Yoast SEO plugin v27.4 - https:\/\/yoast.com\/product\/yoast-seo-wordpress\/ -->\n<title>ADIDAS ADIDAS DRIVE GREY 3.4 2025 - Revolution Padel Store<\/title>\n<meta name=\"description\" content=\"Descubre la Adidas Drive Grey 3.4 2025, la pala de p\u00e1del ideal para principiantes. Ligera, c\u00f3moda y con tecnolog\u00edas avanzadas para un juego de control. \u00a1Compra ahora al mejor precio en Revolution Padel Store!\" \/>\n<meta name=\"robots\" content=\"index, follow, max-snippet:-1, max-image-preview:large, max-video-preview:-1\" \/>\n<link rel=\"canonical\" href=\"https:\/\/revolutionpadelstore.com\/pt-pt\/produto\/adidas-adidas-drive-grey-3-4-2025-5\/\" \/>\n<meta property=\"og:locale\" content=\"pt_PT\" \/>\n<meta property=\"og:type\" content=\"article\" \/>\n<meta property=\"og:title\" content=\"ADIDAS ADIDAS DRIVE GREY 3.4 2025 - Revolution Padel Store\" \/>\n<meta property=\"og:description\" content=\"Descubre la Adidas Drive Grey 3.4 2025, la pala de p\u00e1del ideal para principiantes. Ligera, c\u00f3moda y con tecnolog\u00edas avanzadas para un juego de control. \u00a1Compra ahora al mejor precio en Revolution Padel Store!\" \/>\n<meta property=\"og:url\" content=\"https:\/\/revolutionpadelstore.com\/pt-pt\/produto\/adidas-adidas-drive-grey-3-4-2025-5\/\" \/>\n<meta property=\"og:site_name\" content=\"Revolution Padel Store\" \/>\n<meta property=\"article:modified_time\" content=\"2026-04-08T07:29:10+00:00\" \/>\n<meta property=\"og:image\" content=\"https:\/\/revolutionpadelstore.com\/wp-content\/uploads\/2024\/12\/113668-pala-adidas-adidas-drive-grey-3-4-ar5ca1u181500x1500-1.webp\" \/>\n\t<meta property=\"og:image:width\" content=\"1500\" \/>\n\t<meta property=\"og:image:height\" content=\"1500\" \/>\n\t<meta property=\"og:image:type\" content=\"image\/webp\" \/>\n<meta name=\"twitter:card\" content=\"summary_large_image\" \/>\n<meta name=\"twitter:label1\" content=\"Tempo estimado de leitura\" \/>\n\t<meta name=\"twitter:data1\" content=\"2 minutos\" \/>\n<script type=\"application\/ld+json\" class=\"yoast-schema-graph\">{\"@context\":\"https:\\\/\\\/schema.org\",\"@graph\":[{\"@type\":\"WebPage\",\"@id\":\"https:\\\/\\\/revolutionpadelstore.com\\\/pt-pt\\\/produto\\\/adidas-adidas-drive-grey-3-4-2025-5\\\/\",\"url\":\"https:\\\/\\\/revolutionpadelstore.com\\\/pt-pt\\\/produto\\\/adidas-adidas-drive-grey-3-4-2025-5\\\/\",\"name\":\"ADIDAS ADIDAS DRIVE GREY 3.4 2025 - Revolution Padel Store\",\"isPartOf\":{\"@id\":\"https:\\\/\\\/revolutionpadelstore.com\\\/pt-pt\\\/#website\"},\"primaryImageOfPage\":{\"@id\":\"https:\\\/\\\/revolutionpadelstore.com\\\/pt-pt\\\/produto\\\/adidas-adidas-drive-grey-3-4-2025-5\\\/#primaryimage\"},\"image\":{\"@id\":\"https:\\\/\\\/revolutionpadelstore.com\\\/pt-pt\\\/produto\\\/adidas-adidas-drive-grey-3-4-2025-5\\\/#primaryimage\"},\"thumbnailUrl\":\"https:\\\/\\\/revolutionpadelstore.com\\\/wp-content\\\/uploads\\\/2024\\\/12\\\/113668-pala-adidas-adidas-drive-grey-3-4-ar5ca1u181500x1500-1.webp\",\"datePublished\":\"2024-12-09T21:45:13+00:00\",\"dateModified\":\"2026-04-08T07:29:10+00:00\",\"description\":\"Descubre la Adidas Drive Grey 3.4 2025, la pala de p\u00e1del ideal para principiantes. Ligera, c\u00f3moda y con tecnolog\u00edas avanzadas para un juego de control. \u00a1Compra ahora al mejor precio en Revolution Padel Store!\",\"breadcrumb\":{\"@id\":\"https:\\\/\\\/revolutionpadelstore.com\\\/pt-pt\\\/produto\\\/adidas-adidas-drive-grey-3-4-2025-5\\\/#breadcrumb\"},\"inLanguage\":\"pt-PT\",\"potentialAction\":[{\"@type\":\"ReadAction\",\"target\":[\"https:\\\/\\\/revolutionpadelstore.com\\\/pt-pt\\\/produto\\\/adidas-adidas-drive-grey-3-4-2025-5\\\/\"]}]},{\"@type\":\"ImageObject\",\"inLanguage\":\"pt-PT\",\"@id\":\"https:\\\/\\\/revolutionpadelstore.com\\\/pt-pt\\\/produto\\\/adidas-adidas-drive-grey-3-4-2025-5\\\/#primaryimage\",\"url\":\"https:\\\/\\\/revolutionpadelstore.com\\\/wp-content\\\/uploads\\\/2024\\\/12\\\/113668-pala-adidas-adidas-drive-grey-3-4-ar5ca1u181500x1500-1.webp\",\"contentUrl\":\"https:\\\/\\\/revolutionpadelstore.com\\\/wp-content\\\/uploads\\\/2024\\\/12\\\/113668-pala-adidas-adidas-drive-grey-3-4-ar5ca1u181500x1500-1.webp\",\"width\":1500,\"height\":1500},{\"@type\":\"BreadcrumbList\",\"@id\":\"https:\\\/\\\/revolutionpadelstore.com\\\/pt-pt\\\/produto\\\/adidas-adidas-drive-grey-3-4-2025-5\\\/#breadcrumb\",\"itemListElement\":[{\"@type\":\"ListItem\",\"position\":1,\"name\":\"Portada\",\"item\":\"https:\\\/\\\/revolutionpadelstore.com\\\/pt-pt\\\/\"},{\"@type\":\"ListItem\",\"position\":2,\"name\":\"Tienda\",\"item\":\"https:\\\/\\\/revolutionpadelstore.com\\\/pt-pt\\\/tienda\\\/\"},{\"@type\":\"ListItem\",\"position\":3,\"name\":\"ADIDAS ADIDAS DRIVE GREY 3.4 2025\"}]},{\"@type\":\"WebSite\",\"@id\":\"https:\\\/\\\/revolutionpadelstore.com\\\/pt-pt\\\/#website\",\"url\":\"https:\\\/\\\/revolutionpadelstore.com\\\/pt-pt\\\/\",\"name\":\"Revolution Padel Store\",\"description\":\"\",\"publisher\":{\"@id\":\"https:\\\/\\\/revolutionpadelstore.com\\\/pt-pt\\\/#organization\"},\"potentialAction\":[{\"@type\":\"SearchAction\",\"target\":{\"@type\":\"EntryPoint\",\"urlTemplate\":\"https:\\\/\\\/revolutionpadelstore.com\\\/pt-pt\\\/?s={search_term_string}\"},\"query-input\":{\"@type\":\"PropertyValueSpecification\",\"valueRequired\":true,\"valueName\":\"search_term_string\"}}],\"inLanguage\":\"pt-PT\"},{\"@type\":\"Organization\",\"@id\":\"https:\\\/\\\/revolutionpadelstore.com\\\/pt-pt\\\/#organization\",\"name\":\"Revolution Padel Store\",\"url\":\"https:\\\/\\\/revolutionpadelstore.com\\\/pt-pt\\\/\",\"logo\":{\"@type\":\"ImageObject\",\"inLanguage\":\"pt-PT\",\"@id\":\"https:\\\/\\\/revolutionpadelstore.com\\\/pt-pt\\\/#\\\/schema\\\/logo\\\/image\\\/\",\"url\":\"https:\\\/\\\/revolutionpadelstore.com\\\/wp-content\\\/uploads\\\/2026\\\/02\\\/revolution-padel-store.jpg\",\"contentUrl\":\"https:\\\/\\\/revolutionpadelstore.com\\\/wp-content\\\/uploads\\\/2026\\\/02\\\/revolution-padel-store.jpg\",\"width\":2000,\"height\":2000,\"caption\":\"Revolution Padel Store\"},\"image\":{\"@id\":\"https:\\\/\\\/revolutionpadelstore.com\\\/pt-pt\\\/#\\\/schema\\\/logo\\\/image\\\/\"},\"sameAs\":[\"https:\\\/\\\/www.instagram.com\\\/revolutionpadelstore\\\/\"]}]}<\/script>\n<!-- \/ Yoast SEO plugin. -->","yoast_head_json":{"title":"ADIDAS ADIDAS DRIVE GREY 3.4 2025 - Revolution Padel Store","description":"Descubre la Adidas Drive Grey 3.4 2025, la pala de p\u00e1del ideal para principiantes. Ligera, c\u00f3moda y con tecnolog\u00edas avanzadas para un juego de control. \u00a1Compra ahora al mejor precio en Revolution Padel Store!","robots":{"index":"index","follow":"follow","max-snippet":"max-snippet:-1","max-image-preview":"max-image-preview:large","max-video-preview":"max-video-preview:-1"},"canonical":"https:\/\/revolutionpadelstore.com\/pt-pt\/produto\/adidas-adidas-drive-grey-3-4-2025-5\/","og_locale":"pt_PT","og_type":"article","og_title":"ADIDAS ADIDAS DRIVE GREY 3.4 2025 - Revolution Padel Store","og_description":"Descubre la Adidas Drive Grey 3.4 2025, la pala de p\u00e1del ideal para principiantes. Ligera, c\u00f3moda y con tecnolog\u00edas avanzadas para un juego de control. \u00a1Compra ahora al mejor precio en Revolution Padel Store!","og_url":"https:\/\/revolutionpadelstore.com\/pt-pt\/produto\/adidas-adidas-drive-grey-3-4-2025-5\/","og_site_name":"Revolution Padel Store","article_modified_time":"2026-04-08T07:29:10+00:00","og_image":[{"width":1500,"height":1500,"url":"https:\/\/revolutionpadelstore.com\/wp-content\/uploads\/2024\/12\/113668-pala-adidas-adidas-drive-grey-3-4-ar5ca1u181500x1500-1.webp","type":"image\/webp"}],"twitter_card":"summary_large_image","twitter_misc":{"Tempo estimado de leitura":"2 minutos"},"schema":{"@context":"https:\/\/schema.org","@graph":[{"@type":"WebPage","@id":"https:\/\/revolutionpadelstore.com\/pt-pt\/produto\/adidas-adidas-drive-grey-3-4-2025-5\/","url":"https:\/\/revolutionpadelstore.com\/pt-pt\/produto\/adidas-adidas-drive-grey-3-4-2025-5\/","name":"ADIDAS ADIDAS DRIVE GREY 3.4 2025 - Revolution Padel Store","isPartOf":{"@id":"https:\/\/revolutionpadelstore.com\/pt-pt\/#website"},"primaryImageOfPage":{"@id":"https:\/\/revolutionpadelstore.com\/pt-pt\/produto\/adidas-adidas-drive-grey-3-4-2025-5\/#primaryimage"},"image":{"@id":"https:\/\/revolutionpadelstore.com\/pt-pt\/produto\/adidas-adidas-drive-grey-3-4-2025-5\/#primaryimage"},"thumbnailUrl":"https:\/\/revolutionpadelstore.com\/wp-content\/uploads\/2024\/12\/113668-pala-adidas-adidas-drive-grey-3-4-ar5ca1u181500x1500-1.webp","datePublished":"2024-12-09T21:45:13+00:00","dateModified":"2026-04-08T07:29:10+00:00","description":"Descubre la Adidas Drive Grey 3.4 2025, la pala de p\u00e1del ideal para principiantes. Ligera, c\u00f3moda y con tecnolog\u00edas avanzadas para un juego de control. \u00a1Compra ahora al mejor precio en Revolution Padel Store!","breadcrumb":{"@id":"https:\/\/revolutionpadelstore.com\/pt-pt\/produto\/adidas-adidas-drive-grey-3-4-2025-5\/#breadcrumb"},"inLanguage":"pt-PT","potentialAction":[{"@type":"ReadAction","target":["https:\/\/revolutionpadelstore.com\/pt-pt\/produto\/adidas-adidas-drive-grey-3-4-2025-5\/"]}]},{"@type":"ImageObject","inLanguage":"pt-PT","@id":"https:\/\/revolutionpadelstore.com\/pt-pt\/produto\/adidas-adidas-drive-grey-3-4-2025-5\/#primaryimage","url":"https:\/\/revolutionpadelstore.com\/wp-content\/uploads\/2024\/12\/113668-pala-adidas-adidas-drive-grey-3-4-ar5ca1u181500x1500-1.webp","contentUrl":"https:\/\/revolutionpadelstore.com\/wp-content\/uploads\/2024\/12\/113668-pala-adidas-adidas-drive-grey-3-4-ar5ca1u181500x1500-1.webp","width":1500,"height":1500},{"@type":"BreadcrumbList","@id":"https:\/\/revolutionpadelstore.com\/pt-pt\/produto\/adidas-adidas-drive-grey-3-4-2025-5\/#breadcrumb","itemListElement":[{"@type":"ListItem","position":1,"name":"Portada","item":"https:\/\/revolutionpadelstore.com\/pt-pt\/"},{"@type":"ListItem","position":2,"name":"Tienda","item":"https:\/\/revolutionpadelstore.com\/pt-pt\/tienda\/"},{"@type":"ListItem","position":3,"name":"ADIDAS ADIDAS DRIVE GREY 3.4 2025"}]},{"@type":"WebSite","@id":"https:\/\/revolutionpadelstore.com\/pt-pt\/#website","url":"https:\/\/revolutionpadelstore.com\/pt-pt\/","name":"Revolution Padel Store","description":"","publisher":{"@id":"https:\/\/revolutionpadelstore.com\/pt-pt\/#organization"},"potentialAction":[{"@type":"SearchAction","target":{"@type":"EntryPoint","urlTemplate":"https:\/\/revolutionpadelstore.com\/pt-pt\/?s={search_term_string}"},"query-input":{"@type":"PropertyValueSpecification","valueRequired":true,"valueName":"search_term_string"}}],"inLanguage":"pt-PT"},{"@type":"Organization","@id":"https:\/\/revolutionpadelstore.com\/pt-pt\/#organization","name":"Revolution Padel Store","url":"https:\/\/revolutionpadelstore.com\/pt-pt\/","logo":{"@type":"ImageObject","inLanguage":"pt-PT","@id":"https:\/\/revolutionpadelstore.com\/pt-pt\/#\/schema\/logo\/image\/","url":"https:\/\/revolutionpadelstore.com\/wp-content\/uploads\/2026\/02\/revolution-padel-store.jpg","contentUrl":"https:\/\/revolutionpadelstore.com\/wp-content\/uploads\/2026\/02\/revolution-padel-store.jpg","width":2000,"height":2000,"caption":"Revolution Padel Store"},"image":{"@id":"https:\/\/revolutionpadelstore.com\/pt-pt\/#\/schema\/logo\/image\/"},"sameAs":["https:\/\/www.instagram.com\/revolutionpadelstore\/"]}]}},"_links":{"self":[{"href":"https:\/\/revolutionpadelstore.com\/pt-pt\/wp-json\/wp\/v2\/product\/154338","targetHints":{"allow":["GET"]}}],"collection":[{"href":"https:\/\/revolutionpadelstore.com\/pt-pt\/wp-json\/wp\/v2\/product"}],"about":[{"href":"https:\/\/revolutionpadelstore.com\/pt-pt\/wp-json\/wp\/v2\/types\/product"}],"replies":[{"embeddable":true,"href":"https:\/\/revolutionpadelstore.com\/pt-pt\/wp-json\/wp\/v2\/comments?post=154338"}],"wp:featuredmedia":[{"embeddable":true,"href":"https:\/\/revolutionpadelstore.com\/pt-pt\/wp-json\/wp\/v2\/media\/154297"}],"wp:attachment":[{"href":"https:\/\/revolutionpadelstore.com\/pt-pt\/wp-json\/wp\/v2\/media?parent=154338"}],"wp:term":[{"taxonomy":"acabado","embeddable":true,"href":"https:\/\/revolutionpadelstore.com\/pt-pt\/wp-json\/wp\/v2\/acabado?post=154338"},{"taxonomy":"balance","embeddable":true,"href":"https:\/\/revolutionpadelstore.com\/pt-pt\/wp-json\/wp\/v2\/balance?post=154338"},{"taxonomy":"dureza","embeddable":true,"href":"https:\/\/revolutionpadelstore.com\/pt-pt\/wp-json\/wp\/v2\/dureza?post=154338"},{"taxonomy":"forma","embeddable":true,"href":"https:\/\/revolutionpadelstore.com\/pt-pt\/wp-json\/wp\/v2\/forma?post=154338"},{"taxonomy":"jugador","embeddable":true,"href":"https:\/\/revolutionpadelstore.com\/pt-pt\/wp-json\/wp\/v2\/jugador?post=154338"},{"taxonomy":"marca","embeddable":true,"href":"https:\/\/revolutionpadelstore.com\/pt-pt\/wp-json\/wp\/v2\/marca?post=154338"},{"taxonomy":"nivel-de-juego","embeddable":true,"href":"https:\/\/revolutionpadelstore.com\/pt-pt\/wp-json\/wp\/v2\/nivel-de-juego?post=154338"},{"taxonomy":"superficie","embeddable":true,"href":"https:\/\/revolutionpadelstore.com\/pt-pt\/wp-json\/wp\/v2\/superficie?post=154338"},{"taxonomy":"tipo-de-juego","embeddable":true,"href":"https:\/\/revolutionpadelstore.com\/pt-pt\/wp-json\/wp\/v2\/tipo-de-juego?post=154338"},{"taxonomy":"product_brand","embeddable":true,"href":"https:\/\/revolutionpadelstore.com\/pt-pt\/wp-json\/wp\/v2\/product_brand?post=154338"},{"taxonomy":"product_cat","embeddable":true,"href":"https:\/\/revolutionpadelstore.com\/pt-pt\/wp-json\/wp\/v2\/product_cat?post=154338"},{"taxonomy":"product_tag","embeddable":true,"href":"https:\/\/revolutionpadelstore.com\/pt-pt\/wp-json\/wp\/v2\/product_tag?post=154338"}],"curies":[{"name":"wp","href":"https:\/\/api.w.org\/{rel}","templated":true}]}}