{"id":154058,"date":"2024-12-08T18:31:47","date_gmt":"2024-12-08T17:31:47","guid":{"rendered":"https:\/\/revolutionpadelstore.com\/adidas-rx-series-red-3-4-2025\/"},"modified":"2026-04-08T09:31:34","modified_gmt":"2026-04-08T07:31:34","slug":"adidas-rx-series-red-3-4-2025-5","status":"publish","type":"product","link":"https:\/\/revolutionpadelstore.com\/pt-pt\/produto\/adidas-rx-series-red-3-4-2025-5\/","title":{"rendered":"ADIDAS RX SERIES RED 3.4 2025"},"content":{"rendered":"<p><H2> Adidas RX Series Red 3.4: Controle e Precis\u00e3o no PDEL <\/h2>\n<p>A <strong> Adidas RX Series Red 3.4 <\/strong> da cole\u00e7\u00e3o 2025 \u00e9 a p\u00e1 ideal para aqueles que procuram combinar controle e conforto em seus jogos. Com o design da forma redonda, o equil\u00edbrio baixo e o ponto doce central, esta p\u00e1 garante estabilidade e firmeza, os principais recursos para dominar a linha inferior com precis\u00e3o. Al\u00e9m disso, sua estrutura avan\u00e7ada oferece um equil\u00edbrio perfeito entre precis\u00e3o, conforto e poder, tornando -a uma op\u00e7\u00e3o excelente para jogadores intermedi\u00e1rios que desejam melhorar seu desempenho.<br \/>\n<H2> caracter\u00edsticas pendentes <\/h2>\n<p><P> <strong> -NuCO EVA Soft Performance <\/strong>: fornece um toque suave, excelente sa\u00edda de bola e conforto m\u00e1ximo.<br \/>\n<P> <strong> -material de qualidade superior <\/strong>: rostos e quadros fabricados na fibra de vidro, o que garante uma sensa\u00e7\u00e3o suave e um acerto mais controlado.<br \/>\n<P> <strong> -smart orif\u00edcios lineares <\/strong>: otimiza\u00e7\u00e3o na distribui\u00e7\u00e3o de orif\u00edcios para melhorar a superf\u00edcie do impacto e melhorar seus golpes.<br \/>\n<P> <strong> -inde<\/p>\n<p> <strong> -Poder estrutural <\/strong>: refor\u00e7os de carbono no cora\u00e7\u00e3o que melhoram a rigidez estrutural e adicionam pot\u00eancia extra aos seus leil\u00f5es.<\/p>\n<p> <strong> -refor\u00e7o estrutural <\/strong>: refor\u00e7os de per\u00edmetro que aumentam a resist\u00eancia ao desgaste e tor\u00e7\u00e3o, prolongando a vida \u00fatil da p\u00e1.<\/p>\n<p><H2> Vantagens da s\u00e9rie RX Red 3.4 <\/h2>\n<p>-Projetado especificamente para jogadores intermedi\u00e1rios que procuram melhorar sua t\u00e9cnica sem sacrificar conforto ou controle.<br \/>\n<P>-ideal para estilos de jogo focados no controle, com movimentos de defesas \u00e1geis e precisas<\/p>\n<p>-Materiais e tecnologias avan\u00e7ados que garantem desempenho de alto n\u00edvel em qualquer situa\u00e7\u00e3o de jogo<\/p>\n<p><H2> Por que escolher a s\u00e9rie RX Red 3.4?<br \/>\nA <strong> Adidas RX Series Red 3.4 <\/strong> se tornar\u00e1 seu melhor aliado para dominar a faixa gra\u00e7as ao seu design inovador e tecnologias de Avant -Garde. Perfeito para jogadores de n\u00edvel intermedi\u00e1rio que procuram exceder seus limites, esta p\u00e1 combina manuseio, durabilidade e precis\u00e3o em um \u00fanico produto. N\u00e3o perca a oportunidade de descobrir todo o seu potencial na raquete com esta p\u00e1 exclusiva.<\/p>\n<p><strong> agora dispon\u00edvel em nossa loja on -line <a href=\"http:\/\/www.revolutionpadelstore.com\" Target=\"_ new\" rel=\"Noopener\"> www.revolutionPadelStore.com <\/a>, provavelmente no melhor Pre\u00e7o do mercado<br \/>\n<H3> <\/h3>\n<h2>Adidas RX Series Red 3.4: Control y Precisi\u00f3n en el P\u00e1del<\/h2>\n","protected":false},"excerpt":{"rendered":"<p>S\u00e9rie Adidas RX Red 3,4 2025, projetada para controle ideal. Ele tem uma forma redonda e um equil\u00edbrio baixo, o que o torna ideal para jogadores que priorizam a precis\u00e3o. Seus avi\u00f5es de n\u00facleo e fibra de vidro do EVA Soft Performance garantem um manuseio confort\u00e1vel e uma excelente resposta no jogo.<\/p>\n","protected":false},"featured_media":154017,"comment_status":"open","ping_status":"closed","template":"","meta":{"_acf_changed":false,"_joinchat":[]},"acabado":[1085],"balance":[1145],"dureza":[1150],"forma":[1180],"jugador":[1190,1200],"marca":[1230],"nivel-de-juego":[1350],"superficie":[1355],"tipo-de-juego":[1370],"product_brand":[],"product_cat":[300],"product_tag":[],"class_list":{"0":"post-154058","1":"product","2":"type-product","3":"status-publish","4":"has-post-thumbnail","6":"acabado-companheiro","7":"balance-baixo","8":"dureza-blanda-pt-pt","9":"forma-rodada","10":"jugador-homem","11":"jugador-polivalente-pt-pt","12":"marca-adidas-pt-pt","13":"superficie-lisa-pt-pt","14":"tipo-de-juego-controle","15":"product_cat-palas","17":"first","18":"instock","19":"sale","20":"taxable","21":"shipping-taxable","22":"purchasable","23":"product-type-simple"},"acf":[],"yoast_head":"<!-- This site is optimized with the Yoast SEO plugin v27.4 - https:\/\/yoast.com\/product\/yoast-seo-wordpress\/ -->\n<title>ADIDAS RX SERIES RED 3.4 2025 - Revolution Padel Store<\/title>\n<meta name=\"description\" content=\"Descubre la Adidas RX Series Red 3.4, una pala de p\u00e1del de alto rendimiento para jugadores intermedios. Control, precisi\u00f3n y comodidad con tecnolog\u00edas avanzadas. \u00a1C\u00f3mprala en Revolution Padel Store al mejor precio!\" \/>\n<meta name=\"robots\" content=\"index, follow, max-snippet:-1, max-image-preview:large, max-video-preview:-1\" \/>\n<link rel=\"canonical\" href=\"https:\/\/revolutionpadelstore.com\/pt-pt\/produto\/adidas-rx-series-red-3-4-2025-5\/\" \/>\n<meta property=\"og:locale\" content=\"pt_PT\" \/>\n<meta property=\"og:type\" content=\"article\" \/>\n<meta property=\"og:title\" content=\"ADIDAS RX SERIES RED 3.4 2025 - Revolution Padel Store\" \/>\n<meta property=\"og:description\" content=\"Descubre la Adidas RX Series Red 3.4, una pala de p\u00e1del de alto rendimiento para jugadores intermedios. Control, precisi\u00f3n y comodidad con tecnolog\u00edas avanzadas. \u00a1C\u00f3mprala en Revolution Padel Store al mejor precio!\" \/>\n<meta property=\"og:url\" content=\"https:\/\/revolutionpadelstore.com\/pt-pt\/produto\/adidas-rx-series-red-3-4-2025-5\/\" \/>\n<meta property=\"og:site_name\" content=\"Revolution Padel Store\" \/>\n<meta property=\"article:modified_time\" content=\"2026-04-08T07:31:34+00:00\" \/>\n<meta property=\"og:image\" content=\"https:\/\/revolutionpadelstore.com\/wp-content\/uploads\/2024\/12\/113693-pala-adidas-rx-series-red-3-4-ar3ca2u161500x1500-1.webp\" \/>\n\t<meta property=\"og:image:width\" content=\"1500\" \/>\n\t<meta property=\"og:image:height\" content=\"1500\" \/>\n\t<meta property=\"og:image:type\" content=\"image\/webp\" \/>\n<meta name=\"twitter:card\" content=\"summary_large_image\" \/>\n<meta name=\"twitter:label1\" content=\"Tempo estimado de leitura\" \/>\n\t<meta name=\"twitter:data1\" content=\"2 minutos\" \/>\n<script type=\"application\/ld+json\" class=\"yoast-schema-graph\">{\"@context\":\"https:\\\/\\\/schema.org\",\"@graph\":[{\"@type\":\"WebPage\",\"@id\":\"https:\\\/\\\/revolutionpadelstore.com\\\/pt-pt\\\/produto\\\/adidas-rx-series-red-3-4-2025-5\\\/\",\"url\":\"https:\\\/\\\/revolutionpadelstore.com\\\/pt-pt\\\/produto\\\/adidas-rx-series-red-3-4-2025-5\\\/\",\"name\":\"ADIDAS RX SERIES RED 3.4 2025 - Revolution Padel Store\",\"isPartOf\":{\"@id\":\"https:\\\/\\\/revolutionpadelstore.com\\\/pt-pt\\\/#website\"},\"primaryImageOfPage\":{\"@id\":\"https:\\\/\\\/revolutionpadelstore.com\\\/pt-pt\\\/produto\\\/adidas-rx-series-red-3-4-2025-5\\\/#primaryimage\"},\"image\":{\"@id\":\"https:\\\/\\\/revolutionpadelstore.com\\\/pt-pt\\\/produto\\\/adidas-rx-series-red-3-4-2025-5\\\/#primaryimage\"},\"thumbnailUrl\":\"https:\\\/\\\/revolutionpadelstore.com\\\/wp-content\\\/uploads\\\/2024\\\/12\\\/113693-pala-adidas-rx-series-red-3-4-ar3ca2u161500x1500-1.webp\",\"datePublished\":\"2024-12-08T17:31:47+00:00\",\"dateModified\":\"2026-04-08T07:31:34+00:00\",\"description\":\"Descubre la Adidas RX Series Red 3.4, una pala de p\u00e1del de alto rendimiento para jugadores intermedios. Control, precisi\u00f3n y comodidad con tecnolog\u00edas avanzadas. \u00a1C\u00f3mprala en Revolution Padel Store al mejor precio!\",\"breadcrumb\":{\"@id\":\"https:\\\/\\\/revolutionpadelstore.com\\\/pt-pt\\\/produto\\\/adidas-rx-series-red-3-4-2025-5\\\/#breadcrumb\"},\"inLanguage\":\"pt-PT\",\"potentialAction\":[{\"@type\":\"ReadAction\",\"target\":[\"https:\\\/\\\/revolutionpadelstore.com\\\/pt-pt\\\/produto\\\/adidas-rx-series-red-3-4-2025-5\\\/\"]}]},{\"@type\":\"ImageObject\",\"inLanguage\":\"pt-PT\",\"@id\":\"https:\\\/\\\/revolutionpadelstore.com\\\/pt-pt\\\/produto\\\/adidas-rx-series-red-3-4-2025-5\\\/#primaryimage\",\"url\":\"https:\\\/\\\/revolutionpadelstore.com\\\/wp-content\\\/uploads\\\/2024\\\/12\\\/113693-pala-adidas-rx-series-red-3-4-ar3ca2u161500x1500-1.webp\",\"contentUrl\":\"https:\\\/\\\/revolutionpadelstore.com\\\/wp-content\\\/uploads\\\/2024\\\/12\\\/113693-pala-adidas-rx-series-red-3-4-ar3ca2u161500x1500-1.webp\",\"width\":1500,\"height\":1500},{\"@type\":\"BreadcrumbList\",\"@id\":\"https:\\\/\\\/revolutionpadelstore.com\\\/pt-pt\\\/produto\\\/adidas-rx-series-red-3-4-2025-5\\\/#breadcrumb\",\"itemListElement\":[{\"@type\":\"ListItem\",\"position\":1,\"name\":\"Portada\",\"item\":\"https:\\\/\\\/revolutionpadelstore.com\\\/pt-pt\\\/\"},{\"@type\":\"ListItem\",\"position\":2,\"name\":\"Tienda\",\"item\":\"https:\\\/\\\/revolutionpadelstore.com\\\/pt-pt\\\/tienda\\\/\"},{\"@type\":\"ListItem\",\"position\":3,\"name\":\"ADIDAS RX SERIES RED 3.4 2025\"}]},{\"@type\":\"WebSite\",\"@id\":\"https:\\\/\\\/revolutionpadelstore.com\\\/pt-pt\\\/#website\",\"url\":\"https:\\\/\\\/revolutionpadelstore.com\\\/pt-pt\\\/\",\"name\":\"Revolution Padel Store\",\"description\":\"\",\"publisher\":{\"@id\":\"https:\\\/\\\/revolutionpadelstore.com\\\/pt-pt\\\/#organization\"},\"potentialAction\":[{\"@type\":\"SearchAction\",\"target\":{\"@type\":\"EntryPoint\",\"urlTemplate\":\"https:\\\/\\\/revolutionpadelstore.com\\\/pt-pt\\\/?s={search_term_string}\"},\"query-input\":{\"@type\":\"PropertyValueSpecification\",\"valueRequired\":true,\"valueName\":\"search_term_string\"}}],\"inLanguage\":\"pt-PT\"},{\"@type\":\"Organization\",\"@id\":\"https:\\\/\\\/revolutionpadelstore.com\\\/pt-pt\\\/#organization\",\"name\":\"Revolution Padel Store\",\"url\":\"https:\\\/\\\/revolutionpadelstore.com\\\/pt-pt\\\/\",\"logo\":{\"@type\":\"ImageObject\",\"inLanguage\":\"pt-PT\",\"@id\":\"https:\\\/\\\/revolutionpadelstore.com\\\/pt-pt\\\/#\\\/schema\\\/logo\\\/image\\\/\",\"url\":\"https:\\\/\\\/revolutionpadelstore.com\\\/wp-content\\\/uploads\\\/2026\\\/02\\\/revolution-padel-store.jpg\",\"contentUrl\":\"https:\\\/\\\/revolutionpadelstore.com\\\/wp-content\\\/uploads\\\/2026\\\/02\\\/revolution-padel-store.jpg\",\"width\":2000,\"height\":2000,\"caption\":\"Revolution Padel Store\"},\"image\":{\"@id\":\"https:\\\/\\\/revolutionpadelstore.com\\\/pt-pt\\\/#\\\/schema\\\/logo\\\/image\\\/\"},\"sameAs\":[\"https:\\\/\\\/www.instagram.com\\\/revolutionpadelstore\\\/\"]}]}<\/script>\n<!-- \/ Yoast SEO plugin. -->","yoast_head_json":{"title":"ADIDAS RX SERIES RED 3.4 2025 - Revolution Padel Store","description":"Descubre la Adidas RX Series Red 3.4, una pala de p\u00e1del de alto rendimiento para jugadores intermedios. Control, precisi\u00f3n y comodidad con tecnolog\u00edas avanzadas. \u00a1C\u00f3mprala en Revolution Padel Store al mejor precio!","robots":{"index":"index","follow":"follow","max-snippet":"max-snippet:-1","max-image-preview":"max-image-preview:large","max-video-preview":"max-video-preview:-1"},"canonical":"https:\/\/revolutionpadelstore.com\/pt-pt\/produto\/adidas-rx-series-red-3-4-2025-5\/","og_locale":"pt_PT","og_type":"article","og_title":"ADIDAS RX SERIES RED 3.4 2025 - Revolution Padel Store","og_description":"Descubre la Adidas RX Series Red 3.4, una pala de p\u00e1del de alto rendimiento para jugadores intermedios. Control, precisi\u00f3n y comodidad con tecnolog\u00edas avanzadas. \u00a1C\u00f3mprala en Revolution Padel Store al mejor precio!","og_url":"https:\/\/revolutionpadelstore.com\/pt-pt\/produto\/adidas-rx-series-red-3-4-2025-5\/","og_site_name":"Revolution Padel Store","article_modified_time":"2026-04-08T07:31:34+00:00","og_image":[{"width":1500,"height":1500,"url":"https:\/\/revolutionpadelstore.com\/wp-content\/uploads\/2024\/12\/113693-pala-adidas-rx-series-red-3-4-ar3ca2u161500x1500-1.webp","type":"image\/webp"}],"twitter_card":"summary_large_image","twitter_misc":{"Tempo estimado de leitura":"2 minutos"},"schema":{"@context":"https:\/\/schema.org","@graph":[{"@type":"WebPage","@id":"https:\/\/revolutionpadelstore.com\/pt-pt\/produto\/adidas-rx-series-red-3-4-2025-5\/","url":"https:\/\/revolutionpadelstore.com\/pt-pt\/produto\/adidas-rx-series-red-3-4-2025-5\/","name":"ADIDAS RX SERIES RED 3.4 2025 - Revolution Padel Store","isPartOf":{"@id":"https:\/\/revolutionpadelstore.com\/pt-pt\/#website"},"primaryImageOfPage":{"@id":"https:\/\/revolutionpadelstore.com\/pt-pt\/produto\/adidas-rx-series-red-3-4-2025-5\/#primaryimage"},"image":{"@id":"https:\/\/revolutionpadelstore.com\/pt-pt\/produto\/adidas-rx-series-red-3-4-2025-5\/#primaryimage"},"thumbnailUrl":"https:\/\/revolutionpadelstore.com\/wp-content\/uploads\/2024\/12\/113693-pala-adidas-rx-series-red-3-4-ar3ca2u161500x1500-1.webp","datePublished":"2024-12-08T17:31:47+00:00","dateModified":"2026-04-08T07:31:34+00:00","description":"Descubre la Adidas RX Series Red 3.4, una pala de p\u00e1del de alto rendimiento para jugadores intermedios. Control, precisi\u00f3n y comodidad con tecnolog\u00edas avanzadas. \u00a1C\u00f3mprala en Revolution Padel Store al mejor precio!","breadcrumb":{"@id":"https:\/\/revolutionpadelstore.com\/pt-pt\/produto\/adidas-rx-series-red-3-4-2025-5\/#breadcrumb"},"inLanguage":"pt-PT","potentialAction":[{"@type":"ReadAction","target":["https:\/\/revolutionpadelstore.com\/pt-pt\/produto\/adidas-rx-series-red-3-4-2025-5\/"]}]},{"@type":"ImageObject","inLanguage":"pt-PT","@id":"https:\/\/revolutionpadelstore.com\/pt-pt\/produto\/adidas-rx-series-red-3-4-2025-5\/#primaryimage","url":"https:\/\/revolutionpadelstore.com\/wp-content\/uploads\/2024\/12\/113693-pala-adidas-rx-series-red-3-4-ar3ca2u161500x1500-1.webp","contentUrl":"https:\/\/revolutionpadelstore.com\/wp-content\/uploads\/2024\/12\/113693-pala-adidas-rx-series-red-3-4-ar3ca2u161500x1500-1.webp","width":1500,"height":1500},{"@type":"BreadcrumbList","@id":"https:\/\/revolutionpadelstore.com\/pt-pt\/produto\/adidas-rx-series-red-3-4-2025-5\/#breadcrumb","itemListElement":[{"@type":"ListItem","position":1,"name":"Portada","item":"https:\/\/revolutionpadelstore.com\/pt-pt\/"},{"@type":"ListItem","position":2,"name":"Tienda","item":"https:\/\/revolutionpadelstore.com\/pt-pt\/tienda\/"},{"@type":"ListItem","position":3,"name":"ADIDAS RX SERIES RED 3.4 2025"}]},{"@type":"WebSite","@id":"https:\/\/revolutionpadelstore.com\/pt-pt\/#website","url":"https:\/\/revolutionpadelstore.com\/pt-pt\/","name":"Revolution Padel Store","description":"","publisher":{"@id":"https:\/\/revolutionpadelstore.com\/pt-pt\/#organization"},"potentialAction":[{"@type":"SearchAction","target":{"@type":"EntryPoint","urlTemplate":"https:\/\/revolutionpadelstore.com\/pt-pt\/?s={search_term_string}"},"query-input":{"@type":"PropertyValueSpecification","valueRequired":true,"valueName":"search_term_string"}}],"inLanguage":"pt-PT"},{"@type":"Organization","@id":"https:\/\/revolutionpadelstore.com\/pt-pt\/#organization","name":"Revolution Padel Store","url":"https:\/\/revolutionpadelstore.com\/pt-pt\/","logo":{"@type":"ImageObject","inLanguage":"pt-PT","@id":"https:\/\/revolutionpadelstore.com\/pt-pt\/#\/schema\/logo\/image\/","url":"https:\/\/revolutionpadelstore.com\/wp-content\/uploads\/2026\/02\/revolution-padel-store.jpg","contentUrl":"https:\/\/revolutionpadelstore.com\/wp-content\/uploads\/2026\/02\/revolution-padel-store.jpg","width":2000,"height":2000,"caption":"Revolution Padel Store"},"image":{"@id":"https:\/\/revolutionpadelstore.com\/pt-pt\/#\/schema\/logo\/image\/"},"sameAs":["https:\/\/www.instagram.com\/revolutionpadelstore\/"]}]}},"_links":{"self":[{"href":"https:\/\/revolutionpadelstore.com\/pt-pt\/wp-json\/wp\/v2\/product\/154058","targetHints":{"allow":["GET"]}}],"collection":[{"href":"https:\/\/revolutionpadelstore.com\/pt-pt\/wp-json\/wp\/v2\/product"}],"about":[{"href":"https:\/\/revolutionpadelstore.com\/pt-pt\/wp-json\/wp\/v2\/types\/product"}],"replies":[{"embeddable":true,"href":"https:\/\/revolutionpadelstore.com\/pt-pt\/wp-json\/wp\/v2\/comments?post=154058"}],"wp:featuredmedia":[{"embeddable":true,"href":"https:\/\/revolutionpadelstore.com\/pt-pt\/wp-json\/wp\/v2\/media\/154017"}],"wp:attachment":[{"href":"https:\/\/revolutionpadelstore.com\/pt-pt\/wp-json\/wp\/v2\/media?parent=154058"}],"wp:term":[{"taxonomy":"acabado","embeddable":true,"href":"https:\/\/revolutionpadelstore.com\/pt-pt\/wp-json\/wp\/v2\/acabado?post=154058"},{"taxonomy":"balance","embeddable":true,"href":"https:\/\/revolutionpadelstore.com\/pt-pt\/wp-json\/wp\/v2\/balance?post=154058"},{"taxonomy":"dureza","embeddable":true,"href":"https:\/\/revolutionpadelstore.com\/pt-pt\/wp-json\/wp\/v2\/dureza?post=154058"},{"taxonomy":"forma","embeddable":true,"href":"https:\/\/revolutionpadelstore.com\/pt-pt\/wp-json\/wp\/v2\/forma?post=154058"},{"taxonomy":"jugador","embeddable":true,"href":"https:\/\/revolutionpadelstore.com\/pt-pt\/wp-json\/wp\/v2\/jugador?post=154058"},{"taxonomy":"marca","embeddable":true,"href":"https:\/\/revolutionpadelstore.com\/pt-pt\/wp-json\/wp\/v2\/marca?post=154058"},{"taxonomy":"nivel-de-juego","embeddable":true,"href":"https:\/\/revolutionpadelstore.com\/pt-pt\/wp-json\/wp\/v2\/nivel-de-juego?post=154058"},{"taxonomy":"superficie","embeddable":true,"href":"https:\/\/revolutionpadelstore.com\/pt-pt\/wp-json\/wp\/v2\/superficie?post=154058"},{"taxonomy":"tipo-de-juego","embeddable":true,"href":"https:\/\/revolutionpadelstore.com\/pt-pt\/wp-json\/wp\/v2\/tipo-de-juego?post=154058"},{"taxonomy":"product_brand","embeddable":true,"href":"https:\/\/revolutionpadelstore.com\/pt-pt\/wp-json\/wp\/v2\/product_brand?post=154058"},{"taxonomy":"product_cat","embeddable":true,"href":"https:\/\/revolutionpadelstore.com\/pt-pt\/wp-json\/wp\/v2\/product_cat?post=154058"},{"taxonomy":"product_tag","embeddable":true,"href":"https:\/\/revolutionpadelstore.com\/pt-pt\/wp-json\/wp\/v2\/product_tag?post=154058"}],"curies":[{"name":"wp","href":"https:\/\/api.w.org\/{rel}","templated":true}]}}