{"id":153530,"date":"2024-12-08T11:01:21","date_gmt":"2024-12-08T10:01:21","guid":{"rendered":"https:\/\/revolutionpadelstore.com\/adidas-cross-it-team-2025\/"},"modified":"2026-04-08T09:39:44","modified_gmt":"2026-04-08T07:39:44","slug":"adidas-cross-it-team-2025-5","status":"publish","type":"product","link":"https:\/\/revolutionpadelstore.com\/pt-pt\/produto\/adidas-cross-it-team-2025-5\/","title":{"rendered":"ADIDAS CROSS IT TEAM 2025"},"content":{"rendered":"<p><H2> <strong> Adidas Cross It Team 2025: Extreme Power and Performance<br \/>\nA equipe <strong> Adidas Cross It 2025 <\/strong> \u00e9 a p\u00e1 perfeita para os jogadores que procuram um equil\u00edbrio entre poder, controle e gerenciamento. Projetado em tamanho grande -em forma de diamante e um alto equil\u00edbrio, oferece uma grande superf\u00edcie de sucesso, ideal para um jogo ofensivo cheio de for\u00e7a e precis\u00e3o. Sua constru\u00e7\u00e3o com materiais de alta qualidade e tecnologias inovadoras garante maior desempenho em cada golpe.<br \/>\n<H2> <strong> projetado para jogadores avan\u00e7ados <\/strong> <\/h2>\n<p>A equipe <strong> Cross IT 2025 <\/strong> tem como objetivo jogadores avan\u00e7ados que priorizem o poder em seus golpes e procuram destacar no ataque. Com um peso de 360-375 gramas, esta p\u00e1 oferece grande capacidade de gerenciamento e manobrabilidade, perfeita para treinamento intensivo e competi\u00e7\u00f5es de alto n\u00edvel.<br \/>\n<H2> <strong> caracter\u00edsticas -chave e tecnologias avan\u00e7adas <\/strong> <\/h2>\n<p><P> <strong> -fiberglass Planos: <\/strong> Forne\u00e7a um toque suave e melhore a capacidade de gerenciamento em cada golpe<br \/>\n<P> <strong> -nuco EVA Soft Performance: <\/strong> borracha de baixa densidade que garante uma sa\u00edda de bola excepcional e um grande conforto.<\/p>\n<p> <strong> -Power Extra Grip: <\/strong> Estende a al\u00e7a para aumentar a energia, gerando maior in\u00e9rcia nos golpes.<br \/>\n<P> <strong> -din\u00e2mico fluxo de ar: <\/strong> Disposi\u00e7\u00e3o de orif\u00edcios que reduzem a resist\u00eancia ao ar, melhorando a manobrabilidade.<\/p>\n<p> <strong> -Drelieve Spin Blade Decalpe: <\/strong> Textura nos planos que aumentam o controle e permitem gerar maior efeito na bola.<br \/>\n<P> <strong> -samante O grande diamante: <\/strong> fornece um alto equil\u00edbrio para maximizar a energia em golpes ofensivos.<\/p>\n<p><H2> <strong> dispon\u00edvel na Revolution Padel Store <\/strong> <\/h2>\n<p>Leve o seu jogo para o pr\u00f3ximo n\u00edvel com a <strong> Adidas Cross It Team 2025 <\/strong>, a p\u00e1 ideal para jogadores avan\u00e7ados que procuram poder extremo e precis\u00e3o em cada golpe. Com seu design inovador e estado -o -Ot -art Technologies, ser\u00e1 o seu melhor aliado para dominar a pista. Fique com ela agora!<\/p>\n<h2><strong>Adidas Cross It Team 2025: potencia y rendimiento extremo<\/strong><\/p>\n","protected":false},"excerpt":{"rendered":"<p>A equipe <strong> adidas Cross It <\/strong> \u00e9 uma p\u00e1 com uma forma <strong> de diamante de diamante <\/strong> e excelente desempenho de pista. Ideal para jogadores avan\u00e7ados que buscam se destacar no ataque e maximizar seu jogo ofensivo.<strong>Adidas Cross It Team<\/strong><\/p>\n","protected":false},"featured_media":153489,"comment_status":"open","ping_status":"closed","template":"","meta":{"_acf_changed":false,"_joinchat":[]},"acabado":[1090],"balance":[1135],"dureza":[1155],"forma":[1170],"jugador":[1190,1200],"marca":[1230],"nivel-de-juego":[1335],"superficie":[1360],"tipo-de-juego":[1375],"product_brand":[],"product_cat":[300],"product_tag":[],"class_list":{"0":"post-153530","1":"product","2":"type-product","3":"status-publish","4":"has-post-thumbnail","6":"acabado-alivio-3d","7":"balance-alto-pt-pt","8":"dureza-media-pt-pt","9":"forma-diamante-pt-pt","10":"jugador-homem","11":"jugador-polivalente-pt-pt","12":"marca-adidas-pt-pt","13":"superficie-rugosa-pt-pt","14":"tipo-de-juego-poder","15":"product_cat-palas","17":"first","18":"instock","19":"sale","20":"taxable","21":"shipping-taxable","22":"purchasable","23":"product-type-simple"},"acf":[],"yoast_head":"<!-- This site is optimized with the Yoast SEO plugin v27.4 - https:\/\/yoast.com\/product\/yoast-seo-wordpress\/ -->\n<title>ADIDAS CROSS IT TEAM 2025 - Revolution Padel Store<\/title>\n<meta name=\"description\" content=\"La Adidas Cross It Team 2025 es la pala perfecta para los jugadores que buscan un equilibrio entre potencia, control y manejabilidad. Dise\u00f1ada con forma de diamante oversize y un balance alto, ofrece una gran superficie de golpeo, ideal para un juego ofensivo lleno de fuerza y precisi\u00f3n. Su construcci\u00f3n con materiales de alta calidad y tecnolog\u00edas innovadoras garantiza un rendimiento superior en cada golpe.\" \/>\n<meta name=\"robots\" content=\"index, follow, max-snippet:-1, max-image-preview:large, max-video-preview:-1\" \/>\n<link rel=\"canonical\" href=\"https:\/\/revolutionpadelstore.com\/pt-pt\/produto\/adidas-cross-it-team-2025-5\/\" \/>\n<meta property=\"og:locale\" content=\"pt_PT\" \/>\n<meta property=\"og:type\" content=\"article\" \/>\n<meta property=\"og:title\" content=\"ADIDAS CROSS IT TEAM 2025 - Revolution Padel Store\" \/>\n<meta property=\"og:description\" content=\"La Adidas Cross It Team 2025 es la pala perfecta para los jugadores que buscan un equilibrio entre potencia, control y manejabilidad. Dise\u00f1ada con forma de diamante oversize y un balance alto, ofrece una gran superficie de golpeo, ideal para un juego ofensivo lleno de fuerza y precisi\u00f3n. Su construcci\u00f3n con materiales de alta calidad y tecnolog\u00edas innovadoras garantiza un rendimiento superior en cada golpe.\" \/>\n<meta property=\"og:url\" content=\"https:\/\/revolutionpadelstore.com\/pt-pt\/produto\/adidas-cross-it-team-2025-5\/\" \/>\n<meta property=\"og:site_name\" content=\"Revolution Padel Store\" \/>\n<meta property=\"article:modified_time\" content=\"2026-04-08T07:39:44+00:00\" \/>\n<meta property=\"og:image\" content=\"https:\/\/revolutionpadelstore.com\/wp-content\/uploads\/2024\/12\/113681-pala-adidas-cross-lt-team-ar2aa1u231500x1500-1.webp\" \/>\n\t<meta property=\"og:image:width\" content=\"1500\" \/>\n\t<meta property=\"og:image:height\" content=\"1500\" \/>\n\t<meta property=\"og:image:type\" content=\"image\/webp\" \/>\n<meta name=\"twitter:card\" content=\"summary_large_image\" \/>\n<meta name=\"twitter:label1\" content=\"Tempo estimado de leitura\" \/>\n\t<meta name=\"twitter:data1\" content=\"2 minutos\" \/>\n<script type=\"application\/ld+json\" class=\"yoast-schema-graph\">{\"@context\":\"https:\\\/\\\/schema.org\",\"@graph\":[{\"@type\":\"WebPage\",\"@id\":\"https:\\\/\\\/revolutionpadelstore.com\\\/pt-pt\\\/produto\\\/adidas-cross-it-team-2025-5\\\/\",\"url\":\"https:\\\/\\\/revolutionpadelstore.com\\\/pt-pt\\\/produto\\\/adidas-cross-it-team-2025-5\\\/\",\"name\":\"ADIDAS CROSS IT TEAM 2025 - Revolution Padel Store\",\"isPartOf\":{\"@id\":\"https:\\\/\\\/revolutionpadelstore.com\\\/pt-pt\\\/#website\"},\"primaryImageOfPage\":{\"@id\":\"https:\\\/\\\/revolutionpadelstore.com\\\/pt-pt\\\/produto\\\/adidas-cross-it-team-2025-5\\\/#primaryimage\"},\"image\":{\"@id\":\"https:\\\/\\\/revolutionpadelstore.com\\\/pt-pt\\\/produto\\\/adidas-cross-it-team-2025-5\\\/#primaryimage\"},\"thumbnailUrl\":\"https:\\\/\\\/revolutionpadelstore.com\\\/wp-content\\\/uploads\\\/2024\\\/12\\\/113681-pala-adidas-cross-lt-team-ar2aa1u231500x1500-1.webp\",\"datePublished\":\"2024-12-08T10:01:21+00:00\",\"dateModified\":\"2026-04-08T07:39:44+00:00\",\"description\":\"La Adidas Cross It Team 2025 es la pala perfecta para los jugadores que buscan un equilibrio entre potencia, control y manejabilidad. Dise\u00f1ada con forma de diamante oversize y un balance alto, ofrece una gran superficie de golpeo, ideal para un juego ofensivo lleno de fuerza y precisi\u00f3n. Su construcci\u00f3n con materiales de alta calidad y tecnolog\u00edas innovadoras garantiza un rendimiento superior en cada golpe.\",\"breadcrumb\":{\"@id\":\"https:\\\/\\\/revolutionpadelstore.com\\\/pt-pt\\\/produto\\\/adidas-cross-it-team-2025-5\\\/#breadcrumb\"},\"inLanguage\":\"pt-PT\",\"potentialAction\":[{\"@type\":\"ReadAction\",\"target\":[\"https:\\\/\\\/revolutionpadelstore.com\\\/pt-pt\\\/produto\\\/adidas-cross-it-team-2025-5\\\/\"]}]},{\"@type\":\"ImageObject\",\"inLanguage\":\"pt-PT\",\"@id\":\"https:\\\/\\\/revolutionpadelstore.com\\\/pt-pt\\\/produto\\\/adidas-cross-it-team-2025-5\\\/#primaryimage\",\"url\":\"https:\\\/\\\/revolutionpadelstore.com\\\/wp-content\\\/uploads\\\/2024\\\/12\\\/113681-pala-adidas-cross-lt-team-ar2aa1u231500x1500-1.webp\",\"contentUrl\":\"https:\\\/\\\/revolutionpadelstore.com\\\/wp-content\\\/uploads\\\/2024\\\/12\\\/113681-pala-adidas-cross-lt-team-ar2aa1u231500x1500-1.webp\",\"width\":1500,\"height\":1500},{\"@type\":\"BreadcrumbList\",\"@id\":\"https:\\\/\\\/revolutionpadelstore.com\\\/pt-pt\\\/produto\\\/adidas-cross-it-team-2025-5\\\/#breadcrumb\",\"itemListElement\":[{\"@type\":\"ListItem\",\"position\":1,\"name\":\"Portada\",\"item\":\"https:\\\/\\\/revolutionpadelstore.com\\\/pt-pt\\\/\"},{\"@type\":\"ListItem\",\"position\":2,\"name\":\"Tienda\",\"item\":\"https:\\\/\\\/revolutionpadelstore.com\\\/pt-pt\\\/tienda\\\/\"},{\"@type\":\"ListItem\",\"position\":3,\"name\":\"ADIDAS CROSS IT TEAM 2025\"}]},{\"@type\":\"WebSite\",\"@id\":\"https:\\\/\\\/revolutionpadelstore.com\\\/pt-pt\\\/#website\",\"url\":\"https:\\\/\\\/revolutionpadelstore.com\\\/pt-pt\\\/\",\"name\":\"Revolution Padel Store\",\"description\":\"\",\"publisher\":{\"@id\":\"https:\\\/\\\/revolutionpadelstore.com\\\/pt-pt\\\/#organization\"},\"potentialAction\":[{\"@type\":\"SearchAction\",\"target\":{\"@type\":\"EntryPoint\",\"urlTemplate\":\"https:\\\/\\\/revolutionpadelstore.com\\\/pt-pt\\\/?s={search_term_string}\"},\"query-input\":{\"@type\":\"PropertyValueSpecification\",\"valueRequired\":true,\"valueName\":\"search_term_string\"}}],\"inLanguage\":\"pt-PT\"},{\"@type\":\"Organization\",\"@id\":\"https:\\\/\\\/revolutionpadelstore.com\\\/pt-pt\\\/#organization\",\"name\":\"Revolution Padel Store\",\"url\":\"https:\\\/\\\/revolutionpadelstore.com\\\/pt-pt\\\/\",\"logo\":{\"@type\":\"ImageObject\",\"inLanguage\":\"pt-PT\",\"@id\":\"https:\\\/\\\/revolutionpadelstore.com\\\/pt-pt\\\/#\\\/schema\\\/logo\\\/image\\\/\",\"url\":\"https:\\\/\\\/revolutionpadelstore.com\\\/wp-content\\\/uploads\\\/2026\\\/02\\\/revolution-padel-store.jpg\",\"contentUrl\":\"https:\\\/\\\/revolutionpadelstore.com\\\/wp-content\\\/uploads\\\/2026\\\/02\\\/revolution-padel-store.jpg\",\"width\":2000,\"height\":2000,\"caption\":\"Revolution Padel Store\"},\"image\":{\"@id\":\"https:\\\/\\\/revolutionpadelstore.com\\\/pt-pt\\\/#\\\/schema\\\/logo\\\/image\\\/\"},\"sameAs\":[\"https:\\\/\\\/www.instagram.com\\\/revolutionpadelstore\\\/\"]}]}<\/script>\n<!-- \/ Yoast SEO plugin. -->","yoast_head_json":{"title":"ADIDAS CROSS IT TEAM 2025 - Revolution Padel Store","description":"La Adidas Cross It Team 2025 es la pala perfecta para los jugadores que buscan un equilibrio entre potencia, control y manejabilidad. Dise\u00f1ada con forma de diamante oversize y un balance alto, ofrece una gran superficie de golpeo, ideal para un juego ofensivo lleno de fuerza y precisi\u00f3n. Su construcci\u00f3n con materiales de alta calidad y tecnolog\u00edas innovadoras garantiza un rendimiento superior en cada golpe.","robots":{"index":"index","follow":"follow","max-snippet":"max-snippet:-1","max-image-preview":"max-image-preview:large","max-video-preview":"max-video-preview:-1"},"canonical":"https:\/\/revolutionpadelstore.com\/pt-pt\/produto\/adidas-cross-it-team-2025-5\/","og_locale":"pt_PT","og_type":"article","og_title":"ADIDAS CROSS IT TEAM 2025 - Revolution Padel Store","og_description":"La Adidas Cross It Team 2025 es la pala perfecta para los jugadores que buscan un equilibrio entre potencia, control y manejabilidad. Dise\u00f1ada con forma de diamante oversize y un balance alto, ofrece una gran superficie de golpeo, ideal para un juego ofensivo lleno de fuerza y precisi\u00f3n. Su construcci\u00f3n con materiales de alta calidad y tecnolog\u00edas innovadoras garantiza un rendimiento superior en cada golpe.","og_url":"https:\/\/revolutionpadelstore.com\/pt-pt\/produto\/adidas-cross-it-team-2025-5\/","og_site_name":"Revolution Padel Store","article_modified_time":"2026-04-08T07:39:44+00:00","og_image":[{"width":1500,"height":1500,"url":"https:\/\/revolutionpadelstore.com\/wp-content\/uploads\/2024\/12\/113681-pala-adidas-cross-lt-team-ar2aa1u231500x1500-1.webp","type":"image\/webp"}],"twitter_card":"summary_large_image","twitter_misc":{"Tempo estimado de leitura":"2 minutos"},"schema":{"@context":"https:\/\/schema.org","@graph":[{"@type":"WebPage","@id":"https:\/\/revolutionpadelstore.com\/pt-pt\/produto\/adidas-cross-it-team-2025-5\/","url":"https:\/\/revolutionpadelstore.com\/pt-pt\/produto\/adidas-cross-it-team-2025-5\/","name":"ADIDAS CROSS IT TEAM 2025 - Revolution Padel Store","isPartOf":{"@id":"https:\/\/revolutionpadelstore.com\/pt-pt\/#website"},"primaryImageOfPage":{"@id":"https:\/\/revolutionpadelstore.com\/pt-pt\/produto\/adidas-cross-it-team-2025-5\/#primaryimage"},"image":{"@id":"https:\/\/revolutionpadelstore.com\/pt-pt\/produto\/adidas-cross-it-team-2025-5\/#primaryimage"},"thumbnailUrl":"https:\/\/revolutionpadelstore.com\/wp-content\/uploads\/2024\/12\/113681-pala-adidas-cross-lt-team-ar2aa1u231500x1500-1.webp","datePublished":"2024-12-08T10:01:21+00:00","dateModified":"2026-04-08T07:39:44+00:00","description":"La Adidas Cross It Team 2025 es la pala perfecta para los jugadores que buscan un equilibrio entre potencia, control y manejabilidad. Dise\u00f1ada con forma de diamante oversize y un balance alto, ofrece una gran superficie de golpeo, ideal para un juego ofensivo lleno de fuerza y precisi\u00f3n. Su construcci\u00f3n con materiales de alta calidad y tecnolog\u00edas innovadoras garantiza un rendimiento superior en cada golpe.","breadcrumb":{"@id":"https:\/\/revolutionpadelstore.com\/pt-pt\/produto\/adidas-cross-it-team-2025-5\/#breadcrumb"},"inLanguage":"pt-PT","potentialAction":[{"@type":"ReadAction","target":["https:\/\/revolutionpadelstore.com\/pt-pt\/produto\/adidas-cross-it-team-2025-5\/"]}]},{"@type":"ImageObject","inLanguage":"pt-PT","@id":"https:\/\/revolutionpadelstore.com\/pt-pt\/produto\/adidas-cross-it-team-2025-5\/#primaryimage","url":"https:\/\/revolutionpadelstore.com\/wp-content\/uploads\/2024\/12\/113681-pala-adidas-cross-lt-team-ar2aa1u231500x1500-1.webp","contentUrl":"https:\/\/revolutionpadelstore.com\/wp-content\/uploads\/2024\/12\/113681-pala-adidas-cross-lt-team-ar2aa1u231500x1500-1.webp","width":1500,"height":1500},{"@type":"BreadcrumbList","@id":"https:\/\/revolutionpadelstore.com\/pt-pt\/produto\/adidas-cross-it-team-2025-5\/#breadcrumb","itemListElement":[{"@type":"ListItem","position":1,"name":"Portada","item":"https:\/\/revolutionpadelstore.com\/pt-pt\/"},{"@type":"ListItem","position":2,"name":"Tienda","item":"https:\/\/revolutionpadelstore.com\/pt-pt\/tienda\/"},{"@type":"ListItem","position":3,"name":"ADIDAS CROSS IT TEAM 2025"}]},{"@type":"WebSite","@id":"https:\/\/revolutionpadelstore.com\/pt-pt\/#website","url":"https:\/\/revolutionpadelstore.com\/pt-pt\/","name":"Revolution Padel Store","description":"","publisher":{"@id":"https:\/\/revolutionpadelstore.com\/pt-pt\/#organization"},"potentialAction":[{"@type":"SearchAction","target":{"@type":"EntryPoint","urlTemplate":"https:\/\/revolutionpadelstore.com\/pt-pt\/?s={search_term_string}"},"query-input":{"@type":"PropertyValueSpecification","valueRequired":true,"valueName":"search_term_string"}}],"inLanguage":"pt-PT"},{"@type":"Organization","@id":"https:\/\/revolutionpadelstore.com\/pt-pt\/#organization","name":"Revolution Padel Store","url":"https:\/\/revolutionpadelstore.com\/pt-pt\/","logo":{"@type":"ImageObject","inLanguage":"pt-PT","@id":"https:\/\/revolutionpadelstore.com\/pt-pt\/#\/schema\/logo\/image\/","url":"https:\/\/revolutionpadelstore.com\/wp-content\/uploads\/2026\/02\/revolution-padel-store.jpg","contentUrl":"https:\/\/revolutionpadelstore.com\/wp-content\/uploads\/2026\/02\/revolution-padel-store.jpg","width":2000,"height":2000,"caption":"Revolution Padel Store"},"image":{"@id":"https:\/\/revolutionpadelstore.com\/pt-pt\/#\/schema\/logo\/image\/"},"sameAs":["https:\/\/www.instagram.com\/revolutionpadelstore\/"]}]}},"_links":{"self":[{"href":"https:\/\/revolutionpadelstore.com\/pt-pt\/wp-json\/wp\/v2\/product\/153530","targetHints":{"allow":["GET"]}}],"collection":[{"href":"https:\/\/revolutionpadelstore.com\/pt-pt\/wp-json\/wp\/v2\/product"}],"about":[{"href":"https:\/\/revolutionpadelstore.com\/pt-pt\/wp-json\/wp\/v2\/types\/product"}],"replies":[{"embeddable":true,"href":"https:\/\/revolutionpadelstore.com\/pt-pt\/wp-json\/wp\/v2\/comments?post=153530"}],"wp:featuredmedia":[{"embeddable":true,"href":"https:\/\/revolutionpadelstore.com\/pt-pt\/wp-json\/wp\/v2\/media\/153489"}],"wp:attachment":[{"href":"https:\/\/revolutionpadelstore.com\/pt-pt\/wp-json\/wp\/v2\/media?parent=153530"}],"wp:term":[{"taxonomy":"acabado","embeddable":true,"href":"https:\/\/revolutionpadelstore.com\/pt-pt\/wp-json\/wp\/v2\/acabado?post=153530"},{"taxonomy":"balance","embeddable":true,"href":"https:\/\/revolutionpadelstore.com\/pt-pt\/wp-json\/wp\/v2\/balance?post=153530"},{"taxonomy":"dureza","embeddable":true,"href":"https:\/\/revolutionpadelstore.com\/pt-pt\/wp-json\/wp\/v2\/dureza?post=153530"},{"taxonomy":"forma","embeddable":true,"href":"https:\/\/revolutionpadelstore.com\/pt-pt\/wp-json\/wp\/v2\/forma?post=153530"},{"taxonomy":"jugador","embeddable":true,"href":"https:\/\/revolutionpadelstore.com\/pt-pt\/wp-json\/wp\/v2\/jugador?post=153530"},{"taxonomy":"marca","embeddable":true,"href":"https:\/\/revolutionpadelstore.com\/pt-pt\/wp-json\/wp\/v2\/marca?post=153530"},{"taxonomy":"nivel-de-juego","embeddable":true,"href":"https:\/\/revolutionpadelstore.com\/pt-pt\/wp-json\/wp\/v2\/nivel-de-juego?post=153530"},{"taxonomy":"superficie","embeddable":true,"href":"https:\/\/revolutionpadelstore.com\/pt-pt\/wp-json\/wp\/v2\/superficie?post=153530"},{"taxonomy":"tipo-de-juego","embeddable":true,"href":"https:\/\/revolutionpadelstore.com\/pt-pt\/wp-json\/wp\/v2\/tipo-de-juego?post=153530"},{"taxonomy":"product_brand","embeddable":true,"href":"https:\/\/revolutionpadelstore.com\/pt-pt\/wp-json\/wp\/v2\/product_brand?post=153530"},{"taxonomy":"product_cat","embeddable":true,"href":"https:\/\/revolutionpadelstore.com\/pt-pt\/wp-json\/wp\/v2\/product_cat?post=153530"},{"taxonomy":"product_tag","embeddable":true,"href":"https:\/\/revolutionpadelstore.com\/pt-pt\/wp-json\/wp\/v2\/product_tag?post=153530"}],"curies":[{"name":"wp","href":"https:\/\/api.w.org\/{rel}","templated":true}]}}