{"id":15068,"date":"2024-04-22T15:24:10","date_gmt":"2024-04-22T13:24:10","guid":{"rendered":"https:\/\/revolutionpadelstore.com\/zapatillas-bullpadel-flow-24v-negro-eucalipto\/"},"modified":"2026-04-08T12:08:05","modified_gmt":"2026-04-08T10:08:05","slug":"zapatillas-bullpadel-flow-24v-negro-eucalipto-5","status":"publish","type":"product","link":"https:\/\/revolutionpadelstore.com\/pt-pt\/produto\/zapatillas-bullpadel-flow-24v-negro-eucalipto-5\/","title":{"rendered":"Zapatillas Bullpadel Flow 24V Negro Eucalipto"},"content":{"rendered":"<p>Na Revolution Padel Store voc\u00ea encontra os cal\u00e7ados perfeitos para o seu jogo, como os incr\u00edveis cal\u00e7ados Bullpadel Flow 24V Black Eucalyptus, desenhados exclusivamente pela renomada jogadora Alejandra Salazar. Estes cal\u00e7ados s\u00e3o desenhados com uma malha t\u00e9cnica de desenho exclusivo que cobre todo o p\u00e9, proporcionando maior respirabilidade e leveza evitando pe\u00e7as adicionais. Al\u00e9m disso, o salto acolchoado em lycra torna-os na op\u00e7\u00e3o ideal para qualquer tipo de jogador, principalmente para quem necessita de conforto extra nessa zona. <\/p>\n<p> Mas n\u00e3o \u00e9 s\u00f3, estes cal\u00e7ados tamb\u00e9m possuem sola h\u00edbrida com sistema ROTOX, um cl\u00e1ssico que se adapta perfeitamente a todos os tipos de superf\u00edcies de grama sint\u00e9tica, tornando-os adequados para qualquer jogador. Al\u00e9m disso, incorporam tecnologias e recursos como HEEL COMFORT, que proporciona tecido mais macio e acolchoado no calcanhar para maior conforto; STITCH INSOLE, palmilha de borracha EVA com refor\u00e7o t\u00eaxtil que melhora o amortecimento e o conforto; SOCK FIT, meia de lycra que se ajusta como uma segunda pele para maior conforto e sustenta\u00e7\u00e3o; THOUGHTOE, pe\u00e7a de refor\u00e7o de borracha na ponta para maior resist\u00eancia \u00e0 abras\u00e3o; e SOLE SHIELD, sola com maior altura nas laterais e biqueira para prote\u00e7\u00e3o contra atrito nas paredes. <\/p>\n<p> Al\u00e9m disso, esses cal\u00e7ados possuem BREATHMESH, um material com corte em malha que proporciona conforto e melhora a respirabilidade; MOVIMENTO LATERAL, canal central que proporciona amortecimento extra no calcanhar gra\u00e7as ao movimento lateral da sola; MID STAB, um estabilizador central que melhora o equil\u00edbrio e refor\u00e7a a estrutura do arco do p\u00e9; FLEX RIFT, canais sem borracha na sola que garantem \u00f3tima flexibilidade do p\u00e9; ROTOX, um disco girat\u00f3rio no<\/p>\n","protected":false},"excerpt":{"rendered":"<p>Descubra os sapatos Bullpadel Flow 24V Black Eucalyptus desenhados por Alejandra Salazar na Revolution Padel Store. Tecnologias inovadoras e m\u00e1ximo conforto.<\/p>\n","protected":false},"featured_media":39654,"comment_status":"closed","ping_status":"closed","template":"","meta":{"_acf_changed":false,"_joinchat":[]},"acabado":[],"balance":[],"dureza":[],"forma":[],"jugador":[1195],"marca":[1255],"nivel-de-juego":[1335,1340,1345],"superficie":[],"tipo-de-juego":[],"product_brand":[],"product_cat":[454],"product_tag":[],"class_list":{"0":"post-15068","1":"product","2":"type-product","3":"status-publish","4":"has-post-thumbnail","6":"jugador-mulher","7":"marca-bullpadel-pt-pt","8":"product_cat-tenis-femininos","10":"first","11":"outofstock","12":"sale","13":"taxable","14":"shipping-taxable","15":"purchasable","16":"product-type-variable"},"acf":[],"yoast_head":"<!-- This site is optimized with the Yoast SEO plugin v27.4 - https:\/\/yoast.com\/product\/yoast-seo-wordpress\/ -->\n<title>Zapatillas Bullpadel Flow 24V Negro Eucalipto - Revolution Padel Store<\/title>\n<meta name=\"description\" content=\"Descubre las zapatillas Bullpadel Flow 24V Negro Eucalipto dise\u00f1adas por Alejandra Salazar en Revolution Padel Store. Tecnolog\u00edas innovadoras y m\u00e1xima comodidad.\" \/>\n<meta name=\"robots\" content=\"index, follow, max-snippet:-1, max-image-preview:large, max-video-preview:-1\" \/>\n<link rel=\"canonical\" href=\"https:\/\/revolutionpadelstore.com\/pt-pt\/produto\/zapatillas-bullpadel-flow-24v-negro-eucalipto-5\/\" \/>\n<meta property=\"og:locale\" content=\"pt_PT\" \/>\n<meta property=\"og:type\" content=\"article\" \/>\n<meta property=\"og:title\" content=\"Zapatillas Bullpadel Flow 24V Negro Eucalipto - Revolution Padel Store\" \/>\n<meta property=\"og:description\" content=\"Descubre las zapatillas Bullpadel Flow 24V Negro Eucalipto dise\u00f1adas por Alejandra Salazar en Revolution Padel Store. Tecnolog\u00edas innovadoras y m\u00e1xima comodidad.\" \/>\n<meta property=\"og:url\" content=\"https:\/\/revolutionpadelstore.com\/pt-pt\/produto\/zapatillas-bullpadel-flow-24v-negro-eucalipto-5\/\" \/>\n<meta property=\"og:site_name\" content=\"Revolution Padel Store\" \/>\n<meta property=\"article:modified_time\" content=\"2026-04-08T10:08:05+00:00\" \/>\n<meta property=\"og:image\" content=\"https:\/\/revolutionpadelstore.com\/wp-content\/uploads\/2024\/04\/18981-0-4.jpg\" \/>\n\t<meta property=\"og:image:width\" content=\"800\" \/>\n\t<meta property=\"og:image:height\" content=\"800\" \/>\n\t<meta property=\"og:image:type\" content=\"image\/png\" \/>\n<meta name=\"twitter:card\" content=\"summary_large_image\" \/>\n<meta name=\"twitter:label1\" content=\"Tempo estimado de leitura\" \/>\n\t<meta name=\"twitter:data1\" content=\"1 minuto\" \/>\n<script type=\"application\/ld+json\" class=\"yoast-schema-graph\">{\"@context\":\"https:\\\/\\\/schema.org\",\"@graph\":[{\"@type\":\"WebPage\",\"@id\":\"https:\\\/\\\/revolutionpadelstore.com\\\/pt-pt\\\/produto\\\/zapatillas-bullpadel-flow-24v-negro-eucalipto-5\\\/\",\"url\":\"https:\\\/\\\/revolutionpadelstore.com\\\/pt-pt\\\/produto\\\/zapatillas-bullpadel-flow-24v-negro-eucalipto-5\\\/\",\"name\":\"Zapatillas Bullpadel Flow 24V Negro Eucalipto - Revolution Padel Store\",\"isPartOf\":{\"@id\":\"https:\\\/\\\/revolutionpadelstore.com\\\/pt-pt\\\/#website\"},\"primaryImageOfPage\":{\"@id\":\"https:\\\/\\\/revolutionpadelstore.com\\\/pt-pt\\\/produto\\\/zapatillas-bullpadel-flow-24v-negro-eucalipto-5\\\/#primaryimage\"},\"image\":{\"@id\":\"https:\\\/\\\/revolutionpadelstore.com\\\/pt-pt\\\/produto\\\/zapatillas-bullpadel-flow-24v-negro-eucalipto-5\\\/#primaryimage\"},\"thumbnailUrl\":\"https:\\\/\\\/revolutionpadelstore.com\\\/wp-content\\\/uploads\\\/2024\\\/04\\\/18981-0-4.jpg\",\"datePublished\":\"2024-04-22T13:24:10+00:00\",\"dateModified\":\"2026-04-08T10:08:05+00:00\",\"description\":\"Descubre las zapatillas Bullpadel Flow 24V Negro Eucalipto dise\u00f1adas por Alejandra Salazar en Revolution Padel Store. Tecnolog\u00edas innovadoras y m\u00e1xima comodidad.\",\"breadcrumb\":{\"@id\":\"https:\\\/\\\/revolutionpadelstore.com\\\/pt-pt\\\/produto\\\/zapatillas-bullpadel-flow-24v-negro-eucalipto-5\\\/#breadcrumb\"},\"inLanguage\":\"pt-PT\",\"potentialAction\":[{\"@type\":\"ReadAction\",\"target\":[\"https:\\\/\\\/revolutionpadelstore.com\\\/pt-pt\\\/produto\\\/zapatillas-bullpadel-flow-24v-negro-eucalipto-5\\\/\"]}]},{\"@type\":\"ImageObject\",\"inLanguage\":\"pt-PT\",\"@id\":\"https:\\\/\\\/revolutionpadelstore.com\\\/pt-pt\\\/produto\\\/zapatillas-bullpadel-flow-24v-negro-eucalipto-5\\\/#primaryimage\",\"url\":\"https:\\\/\\\/revolutionpadelstore.com\\\/wp-content\\\/uploads\\\/2024\\\/04\\\/18981-0-4.jpg\",\"contentUrl\":\"https:\\\/\\\/revolutionpadelstore.com\\\/wp-content\\\/uploads\\\/2024\\\/04\\\/18981-0-4.jpg\",\"width\":800,\"height\":800},{\"@type\":\"BreadcrumbList\",\"@id\":\"https:\\\/\\\/revolutionpadelstore.com\\\/pt-pt\\\/produto\\\/zapatillas-bullpadel-flow-24v-negro-eucalipto-5\\\/#breadcrumb\",\"itemListElement\":[{\"@type\":\"ListItem\",\"position\":1,\"name\":\"Portada\",\"item\":\"https:\\\/\\\/revolutionpadelstore.com\\\/pt-pt\\\/\"},{\"@type\":\"ListItem\",\"position\":2,\"name\":\"Tienda\",\"item\":\"https:\\\/\\\/revolutionpadelstore.com\\\/pt-pt\\\/tienda\\\/\"},{\"@type\":\"ListItem\",\"position\":3,\"name\":\"Zapatillas Bullpadel Flow 24V Negro Eucalipto\"}]},{\"@type\":\"WebSite\",\"@id\":\"https:\\\/\\\/revolutionpadelstore.com\\\/pt-pt\\\/#website\",\"url\":\"https:\\\/\\\/revolutionpadelstore.com\\\/pt-pt\\\/\",\"name\":\"Revolution Padel Store\",\"description\":\"\",\"publisher\":{\"@id\":\"https:\\\/\\\/revolutionpadelstore.com\\\/pt-pt\\\/#organization\"},\"potentialAction\":[{\"@type\":\"SearchAction\",\"target\":{\"@type\":\"EntryPoint\",\"urlTemplate\":\"https:\\\/\\\/revolutionpadelstore.com\\\/pt-pt\\\/?s={search_term_string}\"},\"query-input\":{\"@type\":\"PropertyValueSpecification\",\"valueRequired\":true,\"valueName\":\"search_term_string\"}}],\"inLanguage\":\"pt-PT\"},{\"@type\":\"Organization\",\"@id\":\"https:\\\/\\\/revolutionpadelstore.com\\\/pt-pt\\\/#organization\",\"name\":\"Revolution Padel Store\",\"url\":\"https:\\\/\\\/revolutionpadelstore.com\\\/pt-pt\\\/\",\"logo\":{\"@type\":\"ImageObject\",\"inLanguage\":\"pt-PT\",\"@id\":\"https:\\\/\\\/revolutionpadelstore.com\\\/pt-pt\\\/#\\\/schema\\\/logo\\\/image\\\/\",\"url\":\"https:\\\/\\\/revolutionpadelstore.com\\\/wp-content\\\/uploads\\\/2026\\\/02\\\/revolution-padel-store.jpg\",\"contentUrl\":\"https:\\\/\\\/revolutionpadelstore.com\\\/wp-content\\\/uploads\\\/2026\\\/02\\\/revolution-padel-store.jpg\",\"width\":2000,\"height\":2000,\"caption\":\"Revolution Padel Store\"},\"image\":{\"@id\":\"https:\\\/\\\/revolutionpadelstore.com\\\/pt-pt\\\/#\\\/schema\\\/logo\\\/image\\\/\"},\"sameAs\":[\"https:\\\/\\\/www.instagram.com\\\/revolutionpadelstore\\\/\"]}]}<\/script>\n<!-- \/ Yoast SEO plugin. -->","yoast_head_json":{"title":"Zapatillas Bullpadel Flow 24V Negro Eucalipto - Revolution Padel Store","description":"Descubre las zapatillas Bullpadel Flow 24V Negro Eucalipto dise\u00f1adas por Alejandra Salazar en Revolution Padel Store. Tecnolog\u00edas innovadoras y m\u00e1xima comodidad.","robots":{"index":"index","follow":"follow","max-snippet":"max-snippet:-1","max-image-preview":"max-image-preview:large","max-video-preview":"max-video-preview:-1"},"canonical":"https:\/\/revolutionpadelstore.com\/pt-pt\/produto\/zapatillas-bullpadel-flow-24v-negro-eucalipto-5\/","og_locale":"pt_PT","og_type":"article","og_title":"Zapatillas Bullpadel Flow 24V Negro Eucalipto - Revolution Padel Store","og_description":"Descubre las zapatillas Bullpadel Flow 24V Negro Eucalipto dise\u00f1adas por Alejandra Salazar en Revolution Padel Store. Tecnolog\u00edas innovadoras y m\u00e1xima comodidad.","og_url":"https:\/\/revolutionpadelstore.com\/pt-pt\/produto\/zapatillas-bullpadel-flow-24v-negro-eucalipto-5\/","og_site_name":"Revolution Padel Store","article_modified_time":"2026-04-08T10:08:05+00:00","og_image":[{"width":800,"height":800,"url":"https:\/\/revolutionpadelstore.com\/wp-content\/uploads\/2024\/04\/18981-0-4.jpg","type":"image\/png"}],"twitter_card":"summary_large_image","twitter_misc":{"Tempo estimado de leitura":"1 minuto"},"schema":{"@context":"https:\/\/schema.org","@graph":[{"@type":"WebPage","@id":"https:\/\/revolutionpadelstore.com\/pt-pt\/produto\/zapatillas-bullpadel-flow-24v-negro-eucalipto-5\/","url":"https:\/\/revolutionpadelstore.com\/pt-pt\/produto\/zapatillas-bullpadel-flow-24v-negro-eucalipto-5\/","name":"Zapatillas Bullpadel Flow 24V Negro Eucalipto - Revolution Padel Store","isPartOf":{"@id":"https:\/\/revolutionpadelstore.com\/pt-pt\/#website"},"primaryImageOfPage":{"@id":"https:\/\/revolutionpadelstore.com\/pt-pt\/produto\/zapatillas-bullpadel-flow-24v-negro-eucalipto-5\/#primaryimage"},"image":{"@id":"https:\/\/revolutionpadelstore.com\/pt-pt\/produto\/zapatillas-bullpadel-flow-24v-negro-eucalipto-5\/#primaryimage"},"thumbnailUrl":"https:\/\/revolutionpadelstore.com\/wp-content\/uploads\/2024\/04\/18981-0-4.jpg","datePublished":"2024-04-22T13:24:10+00:00","dateModified":"2026-04-08T10:08:05+00:00","description":"Descubre las zapatillas Bullpadel Flow 24V Negro Eucalipto dise\u00f1adas por Alejandra Salazar en Revolution Padel Store. Tecnolog\u00edas innovadoras y m\u00e1xima comodidad.","breadcrumb":{"@id":"https:\/\/revolutionpadelstore.com\/pt-pt\/produto\/zapatillas-bullpadel-flow-24v-negro-eucalipto-5\/#breadcrumb"},"inLanguage":"pt-PT","potentialAction":[{"@type":"ReadAction","target":["https:\/\/revolutionpadelstore.com\/pt-pt\/produto\/zapatillas-bullpadel-flow-24v-negro-eucalipto-5\/"]}]},{"@type":"ImageObject","inLanguage":"pt-PT","@id":"https:\/\/revolutionpadelstore.com\/pt-pt\/produto\/zapatillas-bullpadel-flow-24v-negro-eucalipto-5\/#primaryimage","url":"https:\/\/revolutionpadelstore.com\/wp-content\/uploads\/2024\/04\/18981-0-4.jpg","contentUrl":"https:\/\/revolutionpadelstore.com\/wp-content\/uploads\/2024\/04\/18981-0-4.jpg","width":800,"height":800},{"@type":"BreadcrumbList","@id":"https:\/\/revolutionpadelstore.com\/pt-pt\/produto\/zapatillas-bullpadel-flow-24v-negro-eucalipto-5\/#breadcrumb","itemListElement":[{"@type":"ListItem","position":1,"name":"Portada","item":"https:\/\/revolutionpadelstore.com\/pt-pt\/"},{"@type":"ListItem","position":2,"name":"Tienda","item":"https:\/\/revolutionpadelstore.com\/pt-pt\/tienda\/"},{"@type":"ListItem","position":3,"name":"Zapatillas Bullpadel Flow 24V Negro Eucalipto"}]},{"@type":"WebSite","@id":"https:\/\/revolutionpadelstore.com\/pt-pt\/#website","url":"https:\/\/revolutionpadelstore.com\/pt-pt\/","name":"Revolution Padel Store","description":"","publisher":{"@id":"https:\/\/revolutionpadelstore.com\/pt-pt\/#organization"},"potentialAction":[{"@type":"SearchAction","target":{"@type":"EntryPoint","urlTemplate":"https:\/\/revolutionpadelstore.com\/pt-pt\/?s={search_term_string}"},"query-input":{"@type":"PropertyValueSpecification","valueRequired":true,"valueName":"search_term_string"}}],"inLanguage":"pt-PT"},{"@type":"Organization","@id":"https:\/\/revolutionpadelstore.com\/pt-pt\/#organization","name":"Revolution Padel Store","url":"https:\/\/revolutionpadelstore.com\/pt-pt\/","logo":{"@type":"ImageObject","inLanguage":"pt-PT","@id":"https:\/\/revolutionpadelstore.com\/pt-pt\/#\/schema\/logo\/image\/","url":"https:\/\/revolutionpadelstore.com\/wp-content\/uploads\/2026\/02\/revolution-padel-store.jpg","contentUrl":"https:\/\/revolutionpadelstore.com\/wp-content\/uploads\/2026\/02\/revolution-padel-store.jpg","width":2000,"height":2000,"caption":"Revolution Padel Store"},"image":{"@id":"https:\/\/revolutionpadelstore.com\/pt-pt\/#\/schema\/logo\/image\/"},"sameAs":["https:\/\/www.instagram.com\/revolutionpadelstore\/"]}]}},"_links":{"self":[{"href":"https:\/\/revolutionpadelstore.com\/pt-pt\/wp-json\/wp\/v2\/product\/15068","targetHints":{"allow":["GET"]}}],"collection":[{"href":"https:\/\/revolutionpadelstore.com\/pt-pt\/wp-json\/wp\/v2\/product"}],"about":[{"href":"https:\/\/revolutionpadelstore.com\/pt-pt\/wp-json\/wp\/v2\/types\/product"}],"replies":[{"embeddable":true,"href":"https:\/\/revolutionpadelstore.com\/pt-pt\/wp-json\/wp\/v2\/comments?post=15068"}],"wp:featuredmedia":[{"embeddable":true,"href":"https:\/\/revolutionpadelstore.com\/pt-pt\/wp-json\/wp\/v2\/media\/39654"}],"wp:attachment":[{"href":"https:\/\/revolutionpadelstore.com\/pt-pt\/wp-json\/wp\/v2\/media?parent=15068"}],"wp:term":[{"taxonomy":"acabado","embeddable":true,"href":"https:\/\/revolutionpadelstore.com\/pt-pt\/wp-json\/wp\/v2\/acabado?post=15068"},{"taxonomy":"balance","embeddable":true,"href":"https:\/\/revolutionpadelstore.com\/pt-pt\/wp-json\/wp\/v2\/balance?post=15068"},{"taxonomy":"dureza","embeddable":true,"href":"https:\/\/revolutionpadelstore.com\/pt-pt\/wp-json\/wp\/v2\/dureza?post=15068"},{"taxonomy":"forma","embeddable":true,"href":"https:\/\/revolutionpadelstore.com\/pt-pt\/wp-json\/wp\/v2\/forma?post=15068"},{"taxonomy":"jugador","embeddable":true,"href":"https:\/\/revolutionpadelstore.com\/pt-pt\/wp-json\/wp\/v2\/jugador?post=15068"},{"taxonomy":"marca","embeddable":true,"href":"https:\/\/revolutionpadelstore.com\/pt-pt\/wp-json\/wp\/v2\/marca?post=15068"},{"taxonomy":"nivel-de-juego","embeddable":true,"href":"https:\/\/revolutionpadelstore.com\/pt-pt\/wp-json\/wp\/v2\/nivel-de-juego?post=15068"},{"taxonomy":"superficie","embeddable":true,"href":"https:\/\/revolutionpadelstore.com\/pt-pt\/wp-json\/wp\/v2\/superficie?post=15068"},{"taxonomy":"tipo-de-juego","embeddable":true,"href":"https:\/\/revolutionpadelstore.com\/pt-pt\/wp-json\/wp\/v2\/tipo-de-juego?post=15068"},{"taxonomy":"product_brand","embeddable":true,"href":"https:\/\/revolutionpadelstore.com\/pt-pt\/wp-json\/wp\/v2\/product_brand?post=15068"},{"taxonomy":"product_cat","embeddable":true,"href":"https:\/\/revolutionpadelstore.com\/pt-pt\/wp-json\/wp\/v2\/product_cat?post=15068"},{"taxonomy":"product_tag","embeddable":true,"href":"https:\/\/revolutionpadelstore.com\/pt-pt\/wp-json\/wp\/v2\/product_tag?post=15068"}],"curies":[{"name":"wp","href":"https:\/\/api.w.org\/{rel}","templated":true}]}}