{"id":14863,"date":"2024-04-22T15:24:10","date_gmt":"2024-04-22T13:24:10","guid":{"rendered":"https:\/\/revolutionpadelstore.com\/zapatillas-bullpadel-gemma-triay-elite-ltd-24v-azul-marino\/"},"modified":"2026-04-08T12:17:56","modified_gmt":"2026-04-08T10:17:56","slug":"zapatillas-bullpadel-gemma-triay-elite-ltd-24v-azul-marino-5","status":"publish","type":"product","link":"https:\/\/revolutionpadelstore.com\/pt-pt\/produto\/zapatillas-bullpadel-gemma-triay-elite-ltd-24v-azul-marino-5\/","title":{"rendered":"Zapatillas Bullpadel Gemma Triay Elite LTD 24V Azul Marino"},"content":{"rendered":"<p>Na Revolution Padel Store, sua loja de confian\u00e7a em produtos de padel, apresentamos os incr\u00edveis sapatos Bullpadel Gemma Triay Elite LTD 24V Azul Marinho. Estes cal\u00e7ados s\u00e3o os oficiais do Master Final WPT 23 e foram pensados \u200b\u200bpara lhe proporcionar o melhor desempenho em quadra. N\u00e3o perca a oportunidade de jogar como um verdadeiro profissional com os sapatos da nossa estrela, Gemma Triay!<\/p>\n<p> Uma das caracter\u00edsticas mais marcantes desses cal\u00e7ados \u00e9 o skate h\u00edbrido, que se adapta a qualquer tipo de quadra e n\u00edvel de jogo. Al\u00e9m disso, possui tensores laterais que proporcionam ajuste adicional, garantindo maior controle e estabilidade em seus movimentos.<\/p>\n<p> Pensando na prote\u00e7\u00e3o dos seus p\u00e9s, o T\u00eanis Bullpadel Gemma Triay Elite LTD 24V possui biqueira de borracha injetada sem costura, que protege a regi\u00e3o dos dedos e o interior do p\u00e9 de poss\u00edveis impactos. E para os jogadores com p\u00e9s mais delicados, o forro de lycra no calcanhar torna-os na escolha perfeita.<\/p>\n<p> N\u00e3o espere mais para adquirir os sapatos Bullpadel Gemma Triay Elite LTD 24V azul marinho &#8211; Official Master Final WPT 23 na Revolution Padel Store. Adquira-os agora e desfrute de um jogo mais seguro e confort\u00e1vel na quadra. Obtenha o que h\u00e1 de melhor em cal\u00e7ado padel na nossa loja online!<\/p>\n","protected":false},"excerpt":{"rendered":"<p>Descubra os cal\u00e7ados Bullpadel Gemma Triay Elite LTD 24V Azul Marinho na Revolution Padel Store, ideais para todos os tipos de quadras e n\u00edveis de jogo.<\/p>\n","protected":false},"featured_media":39333,"comment_status":"closed","ping_status":"closed","template":"","meta":{"_acf_changed":false,"_joinchat":[]},"acabado":[],"balance":[],"dureza":[],"forma":[],"jugador":[1195],"marca":[1255],"nivel-de-juego":[1335,1340,1345],"superficie":[],"tipo-de-juego":[],"product_brand":[],"product_cat":[454],"product_tag":[],"class_list":{"0":"post-14863","1":"product","2":"type-product","3":"status-publish","4":"has-post-thumbnail","6":"jugador-mulher","7":"marca-bullpadel-pt-pt","8":"product_cat-tenis-femininos","10":"first","11":"outofstock","12":"sale","13":"taxable","14":"shipping-taxable","15":"purchasable","16":"product-type-variable"},"acf":[],"yoast_head":"<!-- This site is optimized with the Yoast SEO plugin v27.4 - https:\/\/yoast.com\/product\/yoast-seo-wordpress\/ -->\n<title>Zapatillas Bullpadel Gemma Triay Elite LTD 24V Azul Marino - Revolution Padel Store<\/title>\n<meta name=\"description\" content=\"Descubre las zapatillas Bullpadel Gemma Triay Elite LTD 24V Azul Marino en Revolution Padel Store, ideales para todo tipo de pistas y niveles de juego.\" \/>\n<meta name=\"robots\" content=\"index, follow, max-snippet:-1, max-image-preview:large, max-video-preview:-1\" \/>\n<link rel=\"canonical\" href=\"https:\/\/revolutionpadelstore.com\/pt-pt\/produto\/zapatillas-bullpadel-gemma-triay-elite-ltd-24v-azul-marino-5\/\" \/>\n<meta property=\"og:locale\" content=\"pt_PT\" \/>\n<meta property=\"og:type\" content=\"article\" \/>\n<meta property=\"og:title\" content=\"Zapatillas Bullpadel Gemma Triay Elite LTD 24V Azul Marino - Revolution Padel Store\" \/>\n<meta property=\"og:description\" content=\"Descubre las zapatillas Bullpadel Gemma Triay Elite LTD 24V Azul Marino en Revolution Padel Store, ideales para todo tipo de pistas y niveles de juego.\" \/>\n<meta property=\"og:url\" content=\"https:\/\/revolutionpadelstore.com\/pt-pt\/produto\/zapatillas-bullpadel-gemma-triay-elite-ltd-24v-azul-marino-5\/\" \/>\n<meta property=\"og:site_name\" content=\"Revolution Padel Store\" \/>\n<meta property=\"article:modified_time\" content=\"2026-04-08T10:17:56+00:00\" \/>\n<meta property=\"og:image\" content=\"https:\/\/revolutionpadelstore.com\/wp-content\/uploads\/2024\/04\/18004-0-4.jpg\" \/>\n\t<meta property=\"og:image:width\" content=\"800\" \/>\n\t<meta property=\"og:image:height\" content=\"800\" \/>\n\t<meta property=\"og:image:type\" content=\"image\/png\" \/>\n<meta name=\"twitter:card\" content=\"summary_large_image\" \/>\n<meta name=\"twitter:label1\" content=\"Tempo estimado de leitura\" \/>\n\t<meta name=\"twitter:data1\" content=\"1 minuto\" \/>\n<script type=\"application\/ld+json\" class=\"yoast-schema-graph\">{\"@context\":\"https:\\\/\\\/schema.org\",\"@graph\":[{\"@type\":\"WebPage\",\"@id\":\"https:\\\/\\\/revolutionpadelstore.com\\\/pt-pt\\\/produto\\\/zapatillas-bullpadel-gemma-triay-elite-ltd-24v-azul-marino-5\\\/\",\"url\":\"https:\\\/\\\/revolutionpadelstore.com\\\/pt-pt\\\/produto\\\/zapatillas-bullpadel-gemma-triay-elite-ltd-24v-azul-marino-5\\\/\",\"name\":\"Zapatillas Bullpadel Gemma Triay Elite LTD 24V Azul Marino - Revolution Padel Store\",\"isPartOf\":{\"@id\":\"https:\\\/\\\/revolutionpadelstore.com\\\/pt-pt\\\/#website\"},\"primaryImageOfPage\":{\"@id\":\"https:\\\/\\\/revolutionpadelstore.com\\\/pt-pt\\\/produto\\\/zapatillas-bullpadel-gemma-triay-elite-ltd-24v-azul-marino-5\\\/#primaryimage\"},\"image\":{\"@id\":\"https:\\\/\\\/revolutionpadelstore.com\\\/pt-pt\\\/produto\\\/zapatillas-bullpadel-gemma-triay-elite-ltd-24v-azul-marino-5\\\/#primaryimage\"},\"thumbnailUrl\":\"https:\\\/\\\/revolutionpadelstore.com\\\/wp-content\\\/uploads\\\/2024\\\/04\\\/18004-0-4.jpg\",\"datePublished\":\"2024-04-22T13:24:10+00:00\",\"dateModified\":\"2026-04-08T10:17:56+00:00\",\"description\":\"Descubre las zapatillas Bullpadel Gemma Triay Elite LTD 24V Azul Marino en Revolution Padel Store, ideales para todo tipo de pistas y niveles de juego.\",\"breadcrumb\":{\"@id\":\"https:\\\/\\\/revolutionpadelstore.com\\\/pt-pt\\\/produto\\\/zapatillas-bullpadel-gemma-triay-elite-ltd-24v-azul-marino-5\\\/#breadcrumb\"},\"inLanguage\":\"pt-PT\",\"potentialAction\":[{\"@type\":\"ReadAction\",\"target\":[\"https:\\\/\\\/revolutionpadelstore.com\\\/pt-pt\\\/produto\\\/zapatillas-bullpadel-gemma-triay-elite-ltd-24v-azul-marino-5\\\/\"]}]},{\"@type\":\"ImageObject\",\"inLanguage\":\"pt-PT\",\"@id\":\"https:\\\/\\\/revolutionpadelstore.com\\\/pt-pt\\\/produto\\\/zapatillas-bullpadel-gemma-triay-elite-ltd-24v-azul-marino-5\\\/#primaryimage\",\"url\":\"https:\\\/\\\/revolutionpadelstore.com\\\/wp-content\\\/uploads\\\/2024\\\/04\\\/18004-0-4.jpg\",\"contentUrl\":\"https:\\\/\\\/revolutionpadelstore.com\\\/wp-content\\\/uploads\\\/2024\\\/04\\\/18004-0-4.jpg\",\"width\":800,\"height\":800},{\"@type\":\"BreadcrumbList\",\"@id\":\"https:\\\/\\\/revolutionpadelstore.com\\\/pt-pt\\\/produto\\\/zapatillas-bullpadel-gemma-triay-elite-ltd-24v-azul-marino-5\\\/#breadcrumb\",\"itemListElement\":[{\"@type\":\"ListItem\",\"position\":1,\"name\":\"Portada\",\"item\":\"https:\\\/\\\/revolutionpadelstore.com\\\/pt-pt\\\/\"},{\"@type\":\"ListItem\",\"position\":2,\"name\":\"Tienda\",\"item\":\"https:\\\/\\\/revolutionpadelstore.com\\\/pt-pt\\\/tienda\\\/\"},{\"@type\":\"ListItem\",\"position\":3,\"name\":\"Zapatillas Bullpadel Gemma Triay Elite LTD 24V Azul Marino\"}]},{\"@type\":\"WebSite\",\"@id\":\"https:\\\/\\\/revolutionpadelstore.com\\\/pt-pt\\\/#website\",\"url\":\"https:\\\/\\\/revolutionpadelstore.com\\\/pt-pt\\\/\",\"name\":\"Revolution Padel Store\",\"description\":\"\",\"publisher\":{\"@id\":\"https:\\\/\\\/revolutionpadelstore.com\\\/pt-pt\\\/#organization\"},\"potentialAction\":[{\"@type\":\"SearchAction\",\"target\":{\"@type\":\"EntryPoint\",\"urlTemplate\":\"https:\\\/\\\/revolutionpadelstore.com\\\/pt-pt\\\/?s={search_term_string}\"},\"query-input\":{\"@type\":\"PropertyValueSpecification\",\"valueRequired\":true,\"valueName\":\"search_term_string\"}}],\"inLanguage\":\"pt-PT\"},{\"@type\":\"Organization\",\"@id\":\"https:\\\/\\\/revolutionpadelstore.com\\\/pt-pt\\\/#organization\",\"name\":\"Revolution Padel Store\",\"url\":\"https:\\\/\\\/revolutionpadelstore.com\\\/pt-pt\\\/\",\"logo\":{\"@type\":\"ImageObject\",\"inLanguage\":\"pt-PT\",\"@id\":\"https:\\\/\\\/revolutionpadelstore.com\\\/pt-pt\\\/#\\\/schema\\\/logo\\\/image\\\/\",\"url\":\"https:\\\/\\\/revolutionpadelstore.com\\\/wp-content\\\/uploads\\\/2026\\\/02\\\/revolution-padel-store.jpg\",\"contentUrl\":\"https:\\\/\\\/revolutionpadelstore.com\\\/wp-content\\\/uploads\\\/2026\\\/02\\\/revolution-padel-store.jpg\",\"width\":2000,\"height\":2000,\"caption\":\"Revolution Padel Store\"},\"image\":{\"@id\":\"https:\\\/\\\/revolutionpadelstore.com\\\/pt-pt\\\/#\\\/schema\\\/logo\\\/image\\\/\"},\"sameAs\":[\"https:\\\/\\\/www.instagram.com\\\/revolutionpadelstore\\\/\"]}]}<\/script>\n<!-- \/ Yoast SEO plugin. -->","yoast_head_json":{"title":"Zapatillas Bullpadel Gemma Triay Elite LTD 24V Azul Marino - Revolution Padel Store","description":"Descubre las zapatillas Bullpadel Gemma Triay Elite LTD 24V Azul Marino en Revolution Padel Store, ideales para todo tipo de pistas y niveles de juego.","robots":{"index":"index","follow":"follow","max-snippet":"max-snippet:-1","max-image-preview":"max-image-preview:large","max-video-preview":"max-video-preview:-1"},"canonical":"https:\/\/revolutionpadelstore.com\/pt-pt\/produto\/zapatillas-bullpadel-gemma-triay-elite-ltd-24v-azul-marino-5\/","og_locale":"pt_PT","og_type":"article","og_title":"Zapatillas Bullpadel Gemma Triay Elite LTD 24V Azul Marino - Revolution Padel Store","og_description":"Descubre las zapatillas Bullpadel Gemma Triay Elite LTD 24V Azul Marino en Revolution Padel Store, ideales para todo tipo de pistas y niveles de juego.","og_url":"https:\/\/revolutionpadelstore.com\/pt-pt\/produto\/zapatillas-bullpadel-gemma-triay-elite-ltd-24v-azul-marino-5\/","og_site_name":"Revolution Padel Store","article_modified_time":"2026-04-08T10:17:56+00:00","og_image":[{"width":800,"height":800,"url":"https:\/\/revolutionpadelstore.com\/wp-content\/uploads\/2024\/04\/18004-0-4.jpg","type":"image\/png"}],"twitter_card":"summary_large_image","twitter_misc":{"Tempo estimado de leitura":"1 minuto"},"schema":{"@context":"https:\/\/schema.org","@graph":[{"@type":"WebPage","@id":"https:\/\/revolutionpadelstore.com\/pt-pt\/produto\/zapatillas-bullpadel-gemma-triay-elite-ltd-24v-azul-marino-5\/","url":"https:\/\/revolutionpadelstore.com\/pt-pt\/produto\/zapatillas-bullpadel-gemma-triay-elite-ltd-24v-azul-marino-5\/","name":"Zapatillas Bullpadel Gemma Triay Elite LTD 24V Azul Marino - Revolution Padel Store","isPartOf":{"@id":"https:\/\/revolutionpadelstore.com\/pt-pt\/#website"},"primaryImageOfPage":{"@id":"https:\/\/revolutionpadelstore.com\/pt-pt\/produto\/zapatillas-bullpadel-gemma-triay-elite-ltd-24v-azul-marino-5\/#primaryimage"},"image":{"@id":"https:\/\/revolutionpadelstore.com\/pt-pt\/produto\/zapatillas-bullpadel-gemma-triay-elite-ltd-24v-azul-marino-5\/#primaryimage"},"thumbnailUrl":"https:\/\/revolutionpadelstore.com\/wp-content\/uploads\/2024\/04\/18004-0-4.jpg","datePublished":"2024-04-22T13:24:10+00:00","dateModified":"2026-04-08T10:17:56+00:00","description":"Descubre las zapatillas Bullpadel Gemma Triay Elite LTD 24V Azul Marino en Revolution Padel Store, ideales para todo tipo de pistas y niveles de juego.","breadcrumb":{"@id":"https:\/\/revolutionpadelstore.com\/pt-pt\/produto\/zapatillas-bullpadel-gemma-triay-elite-ltd-24v-azul-marino-5\/#breadcrumb"},"inLanguage":"pt-PT","potentialAction":[{"@type":"ReadAction","target":["https:\/\/revolutionpadelstore.com\/pt-pt\/produto\/zapatillas-bullpadel-gemma-triay-elite-ltd-24v-azul-marino-5\/"]}]},{"@type":"ImageObject","inLanguage":"pt-PT","@id":"https:\/\/revolutionpadelstore.com\/pt-pt\/produto\/zapatillas-bullpadel-gemma-triay-elite-ltd-24v-azul-marino-5\/#primaryimage","url":"https:\/\/revolutionpadelstore.com\/wp-content\/uploads\/2024\/04\/18004-0-4.jpg","contentUrl":"https:\/\/revolutionpadelstore.com\/wp-content\/uploads\/2024\/04\/18004-0-4.jpg","width":800,"height":800},{"@type":"BreadcrumbList","@id":"https:\/\/revolutionpadelstore.com\/pt-pt\/produto\/zapatillas-bullpadel-gemma-triay-elite-ltd-24v-azul-marino-5\/#breadcrumb","itemListElement":[{"@type":"ListItem","position":1,"name":"Portada","item":"https:\/\/revolutionpadelstore.com\/pt-pt\/"},{"@type":"ListItem","position":2,"name":"Tienda","item":"https:\/\/revolutionpadelstore.com\/pt-pt\/tienda\/"},{"@type":"ListItem","position":3,"name":"Zapatillas Bullpadel Gemma Triay Elite LTD 24V Azul Marino"}]},{"@type":"WebSite","@id":"https:\/\/revolutionpadelstore.com\/pt-pt\/#website","url":"https:\/\/revolutionpadelstore.com\/pt-pt\/","name":"Revolution Padel Store","description":"","publisher":{"@id":"https:\/\/revolutionpadelstore.com\/pt-pt\/#organization"},"potentialAction":[{"@type":"SearchAction","target":{"@type":"EntryPoint","urlTemplate":"https:\/\/revolutionpadelstore.com\/pt-pt\/?s={search_term_string}"},"query-input":{"@type":"PropertyValueSpecification","valueRequired":true,"valueName":"search_term_string"}}],"inLanguage":"pt-PT"},{"@type":"Organization","@id":"https:\/\/revolutionpadelstore.com\/pt-pt\/#organization","name":"Revolution Padel Store","url":"https:\/\/revolutionpadelstore.com\/pt-pt\/","logo":{"@type":"ImageObject","inLanguage":"pt-PT","@id":"https:\/\/revolutionpadelstore.com\/pt-pt\/#\/schema\/logo\/image\/","url":"https:\/\/revolutionpadelstore.com\/wp-content\/uploads\/2026\/02\/revolution-padel-store.jpg","contentUrl":"https:\/\/revolutionpadelstore.com\/wp-content\/uploads\/2026\/02\/revolution-padel-store.jpg","width":2000,"height":2000,"caption":"Revolution Padel Store"},"image":{"@id":"https:\/\/revolutionpadelstore.com\/pt-pt\/#\/schema\/logo\/image\/"},"sameAs":["https:\/\/www.instagram.com\/revolutionpadelstore\/"]}]}},"_links":{"self":[{"href":"https:\/\/revolutionpadelstore.com\/pt-pt\/wp-json\/wp\/v2\/product\/14863","targetHints":{"allow":["GET"]}}],"collection":[{"href":"https:\/\/revolutionpadelstore.com\/pt-pt\/wp-json\/wp\/v2\/product"}],"about":[{"href":"https:\/\/revolutionpadelstore.com\/pt-pt\/wp-json\/wp\/v2\/types\/product"}],"replies":[{"embeddable":true,"href":"https:\/\/revolutionpadelstore.com\/pt-pt\/wp-json\/wp\/v2\/comments?post=14863"}],"wp:featuredmedia":[{"embeddable":true,"href":"https:\/\/revolutionpadelstore.com\/pt-pt\/wp-json\/wp\/v2\/media\/39333"}],"wp:attachment":[{"href":"https:\/\/revolutionpadelstore.com\/pt-pt\/wp-json\/wp\/v2\/media?parent=14863"}],"wp:term":[{"taxonomy":"acabado","embeddable":true,"href":"https:\/\/revolutionpadelstore.com\/pt-pt\/wp-json\/wp\/v2\/acabado?post=14863"},{"taxonomy":"balance","embeddable":true,"href":"https:\/\/revolutionpadelstore.com\/pt-pt\/wp-json\/wp\/v2\/balance?post=14863"},{"taxonomy":"dureza","embeddable":true,"href":"https:\/\/revolutionpadelstore.com\/pt-pt\/wp-json\/wp\/v2\/dureza?post=14863"},{"taxonomy":"forma","embeddable":true,"href":"https:\/\/revolutionpadelstore.com\/pt-pt\/wp-json\/wp\/v2\/forma?post=14863"},{"taxonomy":"jugador","embeddable":true,"href":"https:\/\/revolutionpadelstore.com\/pt-pt\/wp-json\/wp\/v2\/jugador?post=14863"},{"taxonomy":"marca","embeddable":true,"href":"https:\/\/revolutionpadelstore.com\/pt-pt\/wp-json\/wp\/v2\/marca?post=14863"},{"taxonomy":"nivel-de-juego","embeddable":true,"href":"https:\/\/revolutionpadelstore.com\/pt-pt\/wp-json\/wp\/v2\/nivel-de-juego?post=14863"},{"taxonomy":"superficie","embeddable":true,"href":"https:\/\/revolutionpadelstore.com\/pt-pt\/wp-json\/wp\/v2\/superficie?post=14863"},{"taxonomy":"tipo-de-juego","embeddable":true,"href":"https:\/\/revolutionpadelstore.com\/pt-pt\/wp-json\/wp\/v2\/tipo-de-juego?post=14863"},{"taxonomy":"product_brand","embeddable":true,"href":"https:\/\/revolutionpadelstore.com\/pt-pt\/wp-json\/wp\/v2\/product_brand?post=14863"},{"taxonomy":"product_cat","embeddable":true,"href":"https:\/\/revolutionpadelstore.com\/pt-pt\/wp-json\/wp\/v2\/product_cat?post=14863"},{"taxonomy":"product_tag","embeddable":true,"href":"https:\/\/revolutionpadelstore.com\/pt-pt\/wp-json\/wp\/v2\/product_tag?post=14863"}],"curies":[{"name":"wp","href":"https:\/\/api.w.org\/{rel}","templated":true}]}}