{"id":142527,"date":"2024-12-03T21:03:06","date_gmt":"2024-12-03T20:03:06","guid":{"rendered":"https:\/\/revolutionpadelstore.com\/adidas-metalbone-3-4-ale-galan\/"},"modified":"2026-04-19T02:00:25","modified_gmt":"2026-04-19T00:00:25","slug":"adidas-metalbone-3-4-ale-galan","status":"publish","type":"product","link":"https:\/\/revolutionpadelstore.com\/pt-pt\/produto\/adidas-metalbone-3-4-ale-galan\/","title":{"rendered":"ADIDAS METALBONE 3.4 ALE GALAN"},"content":{"rendered":"<p><H2> Adias Metalbone 3.4 2025, Oficial de Ale Gal\u00e1n <\/h2>\n<p>A <strong> adidas metalbone 3.4 <\/strong> da cole\u00e7\u00e3o 2025 \u00e9 uma p\u00e1 de remo em forma de diamante, projetada para maximizar o desempenho em golpes ofensivos, gra\u00e7as ao seu poder impressionante. Desenvolvido em colabora\u00e7\u00e3o com o <strong> Ale Gal\u00e1n <\/strong>, esta p\u00e1 combina materiais de alta qualidade e tecnologias avan\u00e7adas para oferecer uma experi\u00eancia excepcional de jogo.<br \/>\n<H2> Pala Metalbone 3.4 para jogadores avan\u00e7ados <\/h2>\n<p>Esta p\u00e1 \u00e9 projetada especialmente para jogadores avan\u00e7ados ou profissionais, fornecendo poder, durabilidade e agressividade incr\u00edveis em pe\u00e7as ofensivas. Seu alto equil\u00edbrio e formato de diamante permitem gerar \u00f3tima in\u00e9rcia, tornando os golpes mais eficazes e letais na rede.<br \/>\n<H2> Metalbone 3.4<br \/>\n<P> <strong> -eva Soft Performance Nurse<\/p>\n<p> <strong> -16k gaiolas de carbono aluminizado<br \/>\n<P> <strong> -Plans com al\u00edvio do decalque da l\u00e2mina de spin <\/strong>: Eles permitem adicionar efeitos e melhorar o controle<br \/>\n<P> <strong> -Power Extra Grip <\/strong>: otimiza a in\u00e9rcia e a pot\u00eancia em cada golpe<br \/>\n<P> <strong> -Eight &amp; Balance System Metalbone <\/strong>: permite adaptar e personalizar at\u00e9 11,2 gramas o peso e o equil\u00edbrio da p\u00e1.<\/p>\n<p> <strong> -low Poly Poly Poly Dise\u00f1o <\/strong>: melhora o poder estrutural e concede mais rigidez.<\/p>\n<p><H2> Compre na Revolution Padel Store <\/h2>\n<p>Adidas Metalbone 3.4 FUSE PODER, PRECIS\u00c3O E PERSONIZA\u00c7\u00c3O, sendo ideais para jogadores avan\u00e7ados que procuram maior poder nas pe\u00e7as de ataque. Seu formul\u00e1rio de diamante e alto equil\u00edbrio garante que nenhuma bola seja perdida na rede.<\/p>\n<h2>Adias Metalbone 3.4 2025, oficial de Ale Gal\u00e1n<\/h2>\n","protected":false},"excerpt":{"rendered":"<p>Diamond Shovel com alto balan\u00e7o Adidas Metalbone 3.4, para jogadores ofensivos de n\u00edvel avan\u00e7ado ou profissional. Oficial de Ale Gal\u00e1n.<\/p>\n","protected":false},"featured_media":135504,"comment_status":"open","ping_status":"closed","template":"","meta":{"_acf_changed":false,"_joinchat":[]},"acabado":[1090],"balance":[1135],"dureza":[],"forma":[1170],"jugador":[1190,1200],"marca":[1230],"nivel-de-juego":[1335],"superficie":[1360],"tipo-de-juego":[1375],"product_brand":[],"product_cat":[300],"product_tag":[],"class_list":{"0":"post-142527","1":"product","2":"type-product","3":"status-publish","4":"has-post-thumbnail","6":"acabado-alivio-3d","7":"balance-alto-pt-pt","8":"forma-diamante-pt-pt","9":"jugador-homem","10":"jugador-polivalente-pt-pt","11":"marca-adidas-pt-pt","12":"superficie-rugosa-pt-pt","13":"tipo-de-juego-poder","14":"product_cat-palas","16":"first","17":"instock","18":"sale","19":"taxable","20":"shipping-taxable","21":"purchasable","22":"product-type-simple"},"acf":[],"yoast_head":"<!-- This site is optimized with the Yoast SEO plugin v27.4 - https:\/\/yoast.com\/product\/yoast-seo-wordpress\/ -->\n<title>ADIDAS METALBONE 3.4 ALE GALAN - Revolution Padel Store<\/title>\n<meta name=\"description\" content=\"La Adidas Metalbone 3.4, de la colecci\u00f3n 2025, es una pala de p\u00e1del con forma de diamante con el balance alto, por lo que es un modelo pensado para ofrecer el mejor rendimiento en los golpes ofensivos gracias a su excepcional potencia en el ataque.\" \/>\n<meta name=\"robots\" content=\"index, follow, max-snippet:-1, max-image-preview:large, max-video-preview:-1\" \/>\n<link rel=\"canonical\" href=\"https:\/\/revolutionpadelstore.com\/pt-pt\/produto\/adidas-metalbone-3-4-ale-galan\/\" \/>\n<meta property=\"og:locale\" content=\"pt_PT\" \/>\n<meta property=\"og:type\" content=\"article\" \/>\n<meta property=\"og:title\" content=\"ADIDAS METALBONE 3.4 ALE GALAN - Revolution Padel Store\" \/>\n<meta property=\"og:description\" content=\"La Adidas Metalbone 3.4, de la colecci\u00f3n 2025, es una pala de p\u00e1del con forma de diamante con el balance alto, por lo que es un modelo pensado para ofrecer el mejor rendimiento en los golpes ofensivos gracias a su excepcional potencia en el ataque.\" \/>\n<meta property=\"og:url\" content=\"https:\/\/revolutionpadelstore.com\/pt-pt\/produto\/adidas-metalbone-3-4-ale-galan\/\" \/>\n<meta property=\"og:site_name\" content=\"Revolution Padel Store\" \/>\n<meta property=\"article:modified_time\" content=\"2026-04-19T00:00:25+00:00\" \/>\n<meta property=\"og:image\" content=\"https:\/\/revolutionpadelstore.com\/wp-content\/uploads\/2024\/12\/113683-pala-adidas-metalbone-3-4-ar1aa0u221500x1500-1.webp\" \/>\n\t<meta property=\"og:image:width\" content=\"1500\" \/>\n\t<meta property=\"og:image:height\" content=\"1500\" \/>\n\t<meta property=\"og:image:type\" content=\"image\/webp\" \/>\n<meta name=\"twitter:card\" content=\"summary_large_image\" \/>\n<meta name=\"twitter:label1\" content=\"Tempo estimado de leitura\" \/>\n\t<meta name=\"twitter:data1\" content=\"1 minuto\" \/>\n<script type=\"application\/ld+json\" class=\"yoast-schema-graph\">{\"@context\":\"https:\\\/\\\/schema.org\",\"@graph\":[{\"@type\":\"WebPage\",\"@id\":\"https:\\\/\\\/revolutionpadelstore.com\\\/pt-pt\\\/produto\\\/adidas-metalbone-3-4-ale-galan\\\/\",\"url\":\"https:\\\/\\\/revolutionpadelstore.com\\\/pt-pt\\\/produto\\\/adidas-metalbone-3-4-ale-galan\\\/\",\"name\":\"ADIDAS METALBONE 3.4 ALE GALAN - Revolution Padel Store\",\"isPartOf\":{\"@id\":\"https:\\\/\\\/revolutionpadelstore.com\\\/pt-pt\\\/#website\"},\"primaryImageOfPage\":{\"@id\":\"https:\\\/\\\/revolutionpadelstore.com\\\/pt-pt\\\/produto\\\/adidas-metalbone-3-4-ale-galan\\\/#primaryimage\"},\"image\":{\"@id\":\"https:\\\/\\\/revolutionpadelstore.com\\\/pt-pt\\\/produto\\\/adidas-metalbone-3-4-ale-galan\\\/#primaryimage\"},\"thumbnailUrl\":\"https:\\\/\\\/revolutionpadelstore.com\\\/wp-content\\\/uploads\\\/2024\\\/12\\\/113683-pala-adidas-metalbone-3-4-ar1aa0u221500x1500-1.webp\",\"datePublished\":\"2024-12-03T20:03:06+00:00\",\"dateModified\":\"2026-04-19T00:00:25+00:00\",\"description\":\"La Adidas Metalbone 3.4, de la colecci\u00f3n 2025, es una pala de p\u00e1del con forma de diamante con el balance alto, por lo que es un modelo pensado para ofrecer el mejor rendimiento en los golpes ofensivos gracias a su excepcional potencia en el ataque.\",\"breadcrumb\":{\"@id\":\"https:\\\/\\\/revolutionpadelstore.com\\\/pt-pt\\\/produto\\\/adidas-metalbone-3-4-ale-galan\\\/#breadcrumb\"},\"inLanguage\":\"pt-PT\",\"potentialAction\":[{\"@type\":\"ReadAction\",\"target\":[\"https:\\\/\\\/revolutionpadelstore.com\\\/pt-pt\\\/produto\\\/adidas-metalbone-3-4-ale-galan\\\/\"]}]},{\"@type\":\"ImageObject\",\"inLanguage\":\"pt-PT\",\"@id\":\"https:\\\/\\\/revolutionpadelstore.com\\\/pt-pt\\\/produto\\\/adidas-metalbone-3-4-ale-galan\\\/#primaryimage\",\"url\":\"https:\\\/\\\/revolutionpadelstore.com\\\/wp-content\\\/uploads\\\/2024\\\/12\\\/113683-pala-adidas-metalbone-3-4-ar1aa0u221500x1500-1.webp\",\"contentUrl\":\"https:\\\/\\\/revolutionpadelstore.com\\\/wp-content\\\/uploads\\\/2024\\\/12\\\/113683-pala-adidas-metalbone-3-4-ar1aa0u221500x1500-1.webp\",\"width\":1500,\"height\":1500},{\"@type\":\"BreadcrumbList\",\"@id\":\"https:\\\/\\\/revolutionpadelstore.com\\\/pt-pt\\\/produto\\\/adidas-metalbone-3-4-ale-galan\\\/#breadcrumb\",\"itemListElement\":[{\"@type\":\"ListItem\",\"position\":1,\"name\":\"Portada\",\"item\":\"https:\\\/\\\/revolutionpadelstore.com\\\/pt-pt\\\/\"},{\"@type\":\"ListItem\",\"position\":2,\"name\":\"Tienda\",\"item\":\"https:\\\/\\\/revolutionpadelstore.com\\\/pt-pt\\\/tienda\\\/\"},{\"@type\":\"ListItem\",\"position\":3,\"name\":\"ADIDAS METALBONE 3.4 ALE GALAN\"}]},{\"@type\":\"WebSite\",\"@id\":\"https:\\\/\\\/revolutionpadelstore.com\\\/pt-pt\\\/#website\",\"url\":\"https:\\\/\\\/revolutionpadelstore.com\\\/pt-pt\\\/\",\"name\":\"Revolution Padel Store\",\"description\":\"\",\"publisher\":{\"@id\":\"https:\\\/\\\/revolutionpadelstore.com\\\/pt-pt\\\/#organization\"},\"potentialAction\":[{\"@type\":\"SearchAction\",\"target\":{\"@type\":\"EntryPoint\",\"urlTemplate\":\"https:\\\/\\\/revolutionpadelstore.com\\\/pt-pt\\\/?s={search_term_string}\"},\"query-input\":{\"@type\":\"PropertyValueSpecification\",\"valueRequired\":true,\"valueName\":\"search_term_string\"}}],\"inLanguage\":\"pt-PT\"},{\"@type\":\"Organization\",\"@id\":\"https:\\\/\\\/revolutionpadelstore.com\\\/pt-pt\\\/#organization\",\"name\":\"Revolution Padel Store\",\"url\":\"https:\\\/\\\/revolutionpadelstore.com\\\/pt-pt\\\/\",\"logo\":{\"@type\":\"ImageObject\",\"inLanguage\":\"pt-PT\",\"@id\":\"https:\\\/\\\/revolutionpadelstore.com\\\/pt-pt\\\/#\\\/schema\\\/logo\\\/image\\\/\",\"url\":\"https:\\\/\\\/revolutionpadelstore.com\\\/wp-content\\\/uploads\\\/2026\\\/02\\\/revolution-padel-store.jpg\",\"contentUrl\":\"https:\\\/\\\/revolutionpadelstore.com\\\/wp-content\\\/uploads\\\/2026\\\/02\\\/revolution-padel-store.jpg\",\"width\":2000,\"height\":2000,\"caption\":\"Revolution Padel Store\"},\"image\":{\"@id\":\"https:\\\/\\\/revolutionpadelstore.com\\\/pt-pt\\\/#\\\/schema\\\/logo\\\/image\\\/\"},\"sameAs\":[\"https:\\\/\\\/www.instagram.com\\\/revolutionpadelstore\\\/\"]}]}<\/script>\n<!-- \/ Yoast SEO plugin. -->","yoast_head_json":{"title":"ADIDAS METALBONE 3.4 ALE GALAN - Revolution Padel Store","description":"La Adidas Metalbone 3.4, de la colecci\u00f3n 2025, es una pala de p\u00e1del con forma de diamante con el balance alto, por lo que es un modelo pensado para ofrecer el mejor rendimiento en los golpes ofensivos gracias a su excepcional potencia en el ataque.","robots":{"index":"index","follow":"follow","max-snippet":"max-snippet:-1","max-image-preview":"max-image-preview:large","max-video-preview":"max-video-preview:-1"},"canonical":"https:\/\/revolutionpadelstore.com\/pt-pt\/produto\/adidas-metalbone-3-4-ale-galan\/","og_locale":"pt_PT","og_type":"article","og_title":"ADIDAS METALBONE 3.4 ALE GALAN - Revolution Padel Store","og_description":"La Adidas Metalbone 3.4, de la colecci\u00f3n 2025, es una pala de p\u00e1del con forma de diamante con el balance alto, por lo que es un modelo pensado para ofrecer el mejor rendimiento en los golpes ofensivos gracias a su excepcional potencia en el ataque.","og_url":"https:\/\/revolutionpadelstore.com\/pt-pt\/produto\/adidas-metalbone-3-4-ale-galan\/","og_site_name":"Revolution Padel Store","article_modified_time":"2026-04-19T00:00:25+00:00","og_image":[{"width":1500,"height":1500,"url":"https:\/\/revolutionpadelstore.com\/wp-content\/uploads\/2024\/12\/113683-pala-adidas-metalbone-3-4-ar1aa0u221500x1500-1.webp","type":"image\/webp"}],"twitter_card":"summary_large_image","twitter_misc":{"Tempo estimado de leitura":"1 minuto"},"schema":{"@context":"https:\/\/schema.org","@graph":[{"@type":"WebPage","@id":"https:\/\/revolutionpadelstore.com\/pt-pt\/produto\/adidas-metalbone-3-4-ale-galan\/","url":"https:\/\/revolutionpadelstore.com\/pt-pt\/produto\/adidas-metalbone-3-4-ale-galan\/","name":"ADIDAS METALBONE 3.4 ALE GALAN - Revolution Padel Store","isPartOf":{"@id":"https:\/\/revolutionpadelstore.com\/pt-pt\/#website"},"primaryImageOfPage":{"@id":"https:\/\/revolutionpadelstore.com\/pt-pt\/produto\/adidas-metalbone-3-4-ale-galan\/#primaryimage"},"image":{"@id":"https:\/\/revolutionpadelstore.com\/pt-pt\/produto\/adidas-metalbone-3-4-ale-galan\/#primaryimage"},"thumbnailUrl":"https:\/\/revolutionpadelstore.com\/wp-content\/uploads\/2024\/12\/113683-pala-adidas-metalbone-3-4-ar1aa0u221500x1500-1.webp","datePublished":"2024-12-03T20:03:06+00:00","dateModified":"2026-04-19T00:00:25+00:00","description":"La Adidas Metalbone 3.4, de la colecci\u00f3n 2025, es una pala de p\u00e1del con forma de diamante con el balance alto, por lo que es un modelo pensado para ofrecer el mejor rendimiento en los golpes ofensivos gracias a su excepcional potencia en el ataque.","breadcrumb":{"@id":"https:\/\/revolutionpadelstore.com\/pt-pt\/produto\/adidas-metalbone-3-4-ale-galan\/#breadcrumb"},"inLanguage":"pt-PT","potentialAction":[{"@type":"ReadAction","target":["https:\/\/revolutionpadelstore.com\/pt-pt\/produto\/adidas-metalbone-3-4-ale-galan\/"]}]},{"@type":"ImageObject","inLanguage":"pt-PT","@id":"https:\/\/revolutionpadelstore.com\/pt-pt\/produto\/adidas-metalbone-3-4-ale-galan\/#primaryimage","url":"https:\/\/revolutionpadelstore.com\/wp-content\/uploads\/2024\/12\/113683-pala-adidas-metalbone-3-4-ar1aa0u221500x1500-1.webp","contentUrl":"https:\/\/revolutionpadelstore.com\/wp-content\/uploads\/2024\/12\/113683-pala-adidas-metalbone-3-4-ar1aa0u221500x1500-1.webp","width":1500,"height":1500},{"@type":"BreadcrumbList","@id":"https:\/\/revolutionpadelstore.com\/pt-pt\/produto\/adidas-metalbone-3-4-ale-galan\/#breadcrumb","itemListElement":[{"@type":"ListItem","position":1,"name":"Portada","item":"https:\/\/revolutionpadelstore.com\/pt-pt\/"},{"@type":"ListItem","position":2,"name":"Tienda","item":"https:\/\/revolutionpadelstore.com\/pt-pt\/tienda\/"},{"@type":"ListItem","position":3,"name":"ADIDAS METALBONE 3.4 ALE GALAN"}]},{"@type":"WebSite","@id":"https:\/\/revolutionpadelstore.com\/pt-pt\/#website","url":"https:\/\/revolutionpadelstore.com\/pt-pt\/","name":"Revolution Padel Store","description":"","publisher":{"@id":"https:\/\/revolutionpadelstore.com\/pt-pt\/#organization"},"potentialAction":[{"@type":"SearchAction","target":{"@type":"EntryPoint","urlTemplate":"https:\/\/revolutionpadelstore.com\/pt-pt\/?s={search_term_string}"},"query-input":{"@type":"PropertyValueSpecification","valueRequired":true,"valueName":"search_term_string"}}],"inLanguage":"pt-PT"},{"@type":"Organization","@id":"https:\/\/revolutionpadelstore.com\/pt-pt\/#organization","name":"Revolution Padel Store","url":"https:\/\/revolutionpadelstore.com\/pt-pt\/","logo":{"@type":"ImageObject","inLanguage":"pt-PT","@id":"https:\/\/revolutionpadelstore.com\/pt-pt\/#\/schema\/logo\/image\/","url":"https:\/\/revolutionpadelstore.com\/wp-content\/uploads\/2026\/02\/revolution-padel-store.jpg","contentUrl":"https:\/\/revolutionpadelstore.com\/wp-content\/uploads\/2026\/02\/revolution-padel-store.jpg","width":2000,"height":2000,"caption":"Revolution Padel Store"},"image":{"@id":"https:\/\/revolutionpadelstore.com\/pt-pt\/#\/schema\/logo\/image\/"},"sameAs":["https:\/\/www.instagram.com\/revolutionpadelstore\/"]}]}},"_links":{"self":[{"href":"https:\/\/revolutionpadelstore.com\/pt-pt\/wp-json\/wp\/v2\/product\/142527","targetHints":{"allow":["GET"]}}],"collection":[{"href":"https:\/\/revolutionpadelstore.com\/pt-pt\/wp-json\/wp\/v2\/product"}],"about":[{"href":"https:\/\/revolutionpadelstore.com\/pt-pt\/wp-json\/wp\/v2\/types\/product"}],"replies":[{"embeddable":true,"href":"https:\/\/revolutionpadelstore.com\/pt-pt\/wp-json\/wp\/v2\/comments?post=142527"}],"wp:featuredmedia":[{"embeddable":true,"href":"https:\/\/revolutionpadelstore.com\/pt-pt\/wp-json\/wp\/v2\/media\/135504"}],"wp:attachment":[{"href":"https:\/\/revolutionpadelstore.com\/pt-pt\/wp-json\/wp\/v2\/media?parent=142527"}],"wp:term":[{"taxonomy":"acabado","embeddable":true,"href":"https:\/\/revolutionpadelstore.com\/pt-pt\/wp-json\/wp\/v2\/acabado?post=142527"},{"taxonomy":"balance","embeddable":true,"href":"https:\/\/revolutionpadelstore.com\/pt-pt\/wp-json\/wp\/v2\/balance?post=142527"},{"taxonomy":"dureza","embeddable":true,"href":"https:\/\/revolutionpadelstore.com\/pt-pt\/wp-json\/wp\/v2\/dureza?post=142527"},{"taxonomy":"forma","embeddable":true,"href":"https:\/\/revolutionpadelstore.com\/pt-pt\/wp-json\/wp\/v2\/forma?post=142527"},{"taxonomy":"jugador","embeddable":true,"href":"https:\/\/revolutionpadelstore.com\/pt-pt\/wp-json\/wp\/v2\/jugador?post=142527"},{"taxonomy":"marca","embeddable":true,"href":"https:\/\/revolutionpadelstore.com\/pt-pt\/wp-json\/wp\/v2\/marca?post=142527"},{"taxonomy":"nivel-de-juego","embeddable":true,"href":"https:\/\/revolutionpadelstore.com\/pt-pt\/wp-json\/wp\/v2\/nivel-de-juego?post=142527"},{"taxonomy":"superficie","embeddable":true,"href":"https:\/\/revolutionpadelstore.com\/pt-pt\/wp-json\/wp\/v2\/superficie?post=142527"},{"taxonomy":"tipo-de-juego","embeddable":true,"href":"https:\/\/revolutionpadelstore.com\/pt-pt\/wp-json\/wp\/v2\/tipo-de-juego?post=142527"},{"taxonomy":"product_brand","embeddable":true,"href":"https:\/\/revolutionpadelstore.com\/pt-pt\/wp-json\/wp\/v2\/product_brand?post=142527"},{"taxonomy":"product_cat","embeddable":true,"href":"https:\/\/revolutionpadelstore.com\/pt-pt\/wp-json\/wp\/v2\/product_cat?post=142527"},{"taxonomy":"product_tag","embeddable":true,"href":"https:\/\/revolutionpadelstore.com\/pt-pt\/wp-json\/wp\/v2\/product_tag?post=142527"}],"curies":[{"name":"wp","href":"https:\/\/api.w.org\/{rel}","templated":true}]}}