{"id":142522,"date":"2024-12-03T23:47:59","date_gmt":"2024-12-03T22:47:59","guid":{"rendered":"https:\/\/revolutionpadelstore.com\/adidas-metalbone-hrd-3-4-2025\/"},"modified":"2026-04-22T02:00:17","modified_gmt":"2026-04-22T00:00:17","slug":"adidas-metalbone-hrd-3-4-2025","status":"publish","type":"product","link":"https:\/\/revolutionpadelstore.com\/pt-pt\/produto\/adidas-metalbone-hrd-3-4-2025\/","title":{"rendered":"ADIDAS METALBONE HRD+ 3.4 2025"},"content":{"rendered":"<p><H2> adidas metalbone hrd+ 3.4, explosividade no ataque <\/h2>\n<p>O <strong> adidas metalbone hrd+ 3,4 <\/strong> da cole\u00e7\u00e3o 2025, desenvolvido em colabora\u00e7\u00e3o com <strong> Ale Gal\u00e1n <\/strong>, \u00e9 uma p\u00e1 de paddle que se destaca por seu poder e desempenho. Este modelo combina materiais de alta qualidade e tecnologias inovadoras, ideais para quem procura golpes fortes e precisos.<br \/>\n<H2> Caracter\u00edsticas de Metalbone HRD+ 3.4 <\/h2>\n<p><P> <strong> -diamond e sapatos de alto balan\u00e7o <\/strong>: concentra o peso na parte superior, gerando maior in\u00e9rcia e pot\u00eancia em cada ataque.<br \/>\n<P> <strong> -ajustable peso <\/strong>: entre 345 e 360 \u200b\u200bgramas, combinando design e tecnologia para desempenho de elite.<br \/>\n<P> <strong> -Power Groove <\/strong>: aumenta a pot\u00eancia e a rigidez no perfil da p\u00e1<\/p>\n<p> <strong> -coration gaiols 16k <\/strong> Eles garantem um toque s\u00f3lido e uma pot\u00eancia m\u00e1xima<\/p>\n<p> <strong> -goma alta mem\u00f3ria EVA <\/strong>: alta densidade, concede maior velocidade e pot\u00eancia em golpes t\u00e9cnicos.<\/p>\n<p> <strong> -cotogonal estrutura <\/strong>: reduz a tor\u00e7\u00e3o e melhora a precis\u00e3o<\/p>\n<p> <strong> -Relieve Spin Blade Decalt <\/strong>: Garante controle ideal e mais efeito nos golpes<br \/>\n<P> <strong> -grip Power Extra Grip <\/strong>: traz maior estabilidade no acerto<\/p>\n<p> <strong> -coly poly poly poli <\/strong>: Aumente a rigidez estrutural.<br \/>\n<P> <strong> -Eight &amp; Balance System <\/strong>: Permite at\u00e9 11,2 gramas para ajustar o peso e o equil\u00edbrio da p\u00e1.<\/p>\n<p><H2> Ideal para jogadores avan\u00e7ados <\/h2>\n<p>Projetado para jogadores avan\u00e7ados de paddle de n\u00edvel, o Metalbone HRD+ 3,4 se torna um aliado de pe\u00e7as ofensivas, permitindo se adaptar a qualquer situa\u00e7\u00e3o de jogo com o m\u00e1ximo de energia e in\u00e9rcia.<br \/>\n<H2> Dispon\u00edvel na Revolu\u00e7\u00e3o Padel Store <\/h2>\n<p>Se voc\u00ea \u00e9 um jogador agressivo que gosta de imprimir poder e efeito na bola, o <strong> adidas metalbone hrd+ 3.4 <\/strong> ser\u00e1 seu parceiro ideal gra\u00e7as \u00e0 sua rigidez e durabilidade.<\/p>\n<h2>Adidas Metalbone HRD+ 3.4, explosividad en el ataque<\/h2>\n","protected":false},"excerpt":{"rendered":"<p>Adidas Metalbone HRD+ 3,4 p\u00e1 para jogadores ofensivos de alto n\u00edvel que buscam maior poder e efeito em seus golpes. Rugo Carbono Rugo planeja 16k com decalque de l\u00e2mina de spin.<\/p>\n","protected":false},"featured_media":135774,"comment_status":"open","ping_status":"closed","template":"","meta":{"_acf_changed":false,"_joinchat":[]},"acabado":[1090],"balance":[1135],"dureza":[1160],"forma":[1170],"jugador":[1190,1200],"marca":[1230],"nivel-de-juego":[1335],"superficie":[1360],"tipo-de-juego":[1375],"product_brand":[],"product_cat":[300],"product_tag":[],"class_list":{"0":"post-142522","1":"product","2":"type-product","3":"status-publish","4":"has-post-thumbnail","6":"acabado-alivio-3d","7":"balance-alto-pt-pt","8":"dureza-dura-pt-pt","9":"forma-diamante-pt-pt","10":"jugador-homem","11":"jugador-polivalente-pt-pt","12":"marca-adidas-pt-pt","13":"superficie-rugosa-pt-pt","14":"tipo-de-juego-poder","15":"product_cat-palas","17":"first","18":"instock","19":"sale","20":"taxable","21":"shipping-taxable","22":"purchasable","23":"product-type-simple"},"acf":[],"yoast_head":"<!-- This site is optimized with the Yoast SEO plugin v27.4 - https:\/\/yoast.com\/product\/yoast-seo-wordpress\/ -->\n<title>ADIDAS METALBONE HRD+ 3.4 2025 - Revolution Padel Store<\/title>\n<meta name=\"description\" content=\"La Metalbone HRD+ 3.4, de la colecci\u00f3n 2025 de Adidas, ha sido dise\u00f1ada en colaboraci\u00f3n con Ale Gal\u00e1n y representa el m\u00e1ximo exponente en potencia y rendimiento. Este modelo combina materiales de alta calidad y tecnolog\u00edas innovadoras que maximizan el juego ofensivo, siendo ideal para los que buscan golpes contundentes y precisos.\" \/>\n<meta name=\"robots\" content=\"index, follow, max-snippet:-1, max-image-preview:large, max-video-preview:-1\" \/>\n<link rel=\"canonical\" href=\"https:\/\/revolutionpadelstore.com\/pt-pt\/produto\/adidas-metalbone-hrd-3-4-2025\/\" \/>\n<meta property=\"og:locale\" content=\"pt_PT\" \/>\n<meta property=\"og:type\" content=\"article\" \/>\n<meta property=\"og:title\" content=\"ADIDAS METALBONE HRD+ 3.4 2025 - Revolution Padel Store\" \/>\n<meta property=\"og:description\" content=\"La Metalbone HRD+ 3.4, de la colecci\u00f3n 2025 de Adidas, ha sido dise\u00f1ada en colaboraci\u00f3n con Ale Gal\u00e1n y representa el m\u00e1ximo exponente en potencia y rendimiento. Este modelo combina materiales de alta calidad y tecnolog\u00edas innovadoras que maximizan el juego ofensivo, siendo ideal para los que buscan golpes contundentes y precisos.\" \/>\n<meta property=\"og:url\" content=\"https:\/\/revolutionpadelstore.com\/pt-pt\/produto\/adidas-metalbone-hrd-3-4-2025\/\" \/>\n<meta property=\"og:site_name\" content=\"Revolution Padel Store\" \/>\n<meta property=\"article:modified_time\" content=\"2026-04-22T00:00:17+00:00\" \/>\n<meta property=\"og:image\" content=\"https:\/\/revolutionpadelstore.com\/wp-content\/uploads\/2024\/12\/113687-pala-adidas-metalbone-hrd-mas-3-4-ar1aa1u221500x1500-1.webp\" \/>\n\t<meta property=\"og:image:width\" content=\"1500\" \/>\n\t<meta property=\"og:image:height\" content=\"1500\" \/>\n\t<meta property=\"og:image:type\" content=\"image\/webp\" \/>\n<meta name=\"twitter:card\" content=\"summary_large_image\" \/>\n<meta name=\"twitter:label1\" content=\"Tempo estimado de leitura\" \/>\n\t<meta name=\"twitter:data1\" content=\"1 minuto\" \/>\n<script type=\"application\/ld+json\" class=\"yoast-schema-graph\">{\"@context\":\"https:\\\/\\\/schema.org\",\"@graph\":[{\"@type\":\"WebPage\",\"@id\":\"https:\\\/\\\/revolutionpadelstore.com\\\/pt-pt\\\/produto\\\/adidas-metalbone-hrd-3-4-2025\\\/\",\"url\":\"https:\\\/\\\/revolutionpadelstore.com\\\/pt-pt\\\/produto\\\/adidas-metalbone-hrd-3-4-2025\\\/\",\"name\":\"ADIDAS METALBONE HRD+ 3.4 2025 - Revolution Padel Store\",\"isPartOf\":{\"@id\":\"https:\\\/\\\/revolutionpadelstore.com\\\/pt-pt\\\/#website\"},\"primaryImageOfPage\":{\"@id\":\"https:\\\/\\\/revolutionpadelstore.com\\\/pt-pt\\\/produto\\\/adidas-metalbone-hrd-3-4-2025\\\/#primaryimage\"},\"image\":{\"@id\":\"https:\\\/\\\/revolutionpadelstore.com\\\/pt-pt\\\/produto\\\/adidas-metalbone-hrd-3-4-2025\\\/#primaryimage\"},\"thumbnailUrl\":\"https:\\\/\\\/revolutionpadelstore.com\\\/wp-content\\\/uploads\\\/2024\\\/12\\\/113687-pala-adidas-metalbone-hrd-mas-3-4-ar1aa1u221500x1500-1.webp\",\"datePublished\":\"2024-12-03T22:47:59+00:00\",\"dateModified\":\"2026-04-22T00:00:17+00:00\",\"description\":\"La Metalbone HRD+ 3.4, de la colecci\u00f3n 2025 de Adidas, ha sido dise\u00f1ada en colaboraci\u00f3n con Ale Gal\u00e1n y representa el m\u00e1ximo exponente en potencia y rendimiento. Este modelo combina materiales de alta calidad y tecnolog\u00edas innovadoras que maximizan el juego ofensivo, siendo ideal para los que buscan golpes contundentes y precisos.\",\"breadcrumb\":{\"@id\":\"https:\\\/\\\/revolutionpadelstore.com\\\/pt-pt\\\/produto\\\/adidas-metalbone-hrd-3-4-2025\\\/#breadcrumb\"},\"inLanguage\":\"pt-PT\",\"potentialAction\":[{\"@type\":\"ReadAction\",\"target\":[\"https:\\\/\\\/revolutionpadelstore.com\\\/pt-pt\\\/produto\\\/adidas-metalbone-hrd-3-4-2025\\\/\"]}]},{\"@type\":\"ImageObject\",\"inLanguage\":\"pt-PT\",\"@id\":\"https:\\\/\\\/revolutionpadelstore.com\\\/pt-pt\\\/produto\\\/adidas-metalbone-hrd-3-4-2025\\\/#primaryimage\",\"url\":\"https:\\\/\\\/revolutionpadelstore.com\\\/wp-content\\\/uploads\\\/2024\\\/12\\\/113687-pala-adidas-metalbone-hrd-mas-3-4-ar1aa1u221500x1500-1.webp\",\"contentUrl\":\"https:\\\/\\\/revolutionpadelstore.com\\\/wp-content\\\/uploads\\\/2024\\\/12\\\/113687-pala-adidas-metalbone-hrd-mas-3-4-ar1aa1u221500x1500-1.webp\",\"width\":1500,\"height\":1500},{\"@type\":\"BreadcrumbList\",\"@id\":\"https:\\\/\\\/revolutionpadelstore.com\\\/pt-pt\\\/produto\\\/adidas-metalbone-hrd-3-4-2025\\\/#breadcrumb\",\"itemListElement\":[{\"@type\":\"ListItem\",\"position\":1,\"name\":\"Portada\",\"item\":\"https:\\\/\\\/revolutionpadelstore.com\\\/pt-pt\\\/\"},{\"@type\":\"ListItem\",\"position\":2,\"name\":\"Tienda\",\"item\":\"https:\\\/\\\/revolutionpadelstore.com\\\/pt-pt\\\/tienda\\\/\"},{\"@type\":\"ListItem\",\"position\":3,\"name\":\"ADIDAS METALBONE HRD+ 3.4 2025\"}]},{\"@type\":\"WebSite\",\"@id\":\"https:\\\/\\\/revolutionpadelstore.com\\\/pt-pt\\\/#website\",\"url\":\"https:\\\/\\\/revolutionpadelstore.com\\\/pt-pt\\\/\",\"name\":\"Revolution Padel Store\",\"description\":\"\",\"publisher\":{\"@id\":\"https:\\\/\\\/revolutionpadelstore.com\\\/pt-pt\\\/#organization\"},\"potentialAction\":[{\"@type\":\"SearchAction\",\"target\":{\"@type\":\"EntryPoint\",\"urlTemplate\":\"https:\\\/\\\/revolutionpadelstore.com\\\/pt-pt\\\/?s={search_term_string}\"},\"query-input\":{\"@type\":\"PropertyValueSpecification\",\"valueRequired\":true,\"valueName\":\"search_term_string\"}}],\"inLanguage\":\"pt-PT\"},{\"@type\":\"Organization\",\"@id\":\"https:\\\/\\\/revolutionpadelstore.com\\\/pt-pt\\\/#organization\",\"name\":\"Revolution Padel Store\",\"url\":\"https:\\\/\\\/revolutionpadelstore.com\\\/pt-pt\\\/\",\"logo\":{\"@type\":\"ImageObject\",\"inLanguage\":\"pt-PT\",\"@id\":\"https:\\\/\\\/revolutionpadelstore.com\\\/pt-pt\\\/#\\\/schema\\\/logo\\\/image\\\/\",\"url\":\"https:\\\/\\\/revolutionpadelstore.com\\\/wp-content\\\/uploads\\\/2026\\\/02\\\/revolution-padel-store.jpg\",\"contentUrl\":\"https:\\\/\\\/revolutionpadelstore.com\\\/wp-content\\\/uploads\\\/2026\\\/02\\\/revolution-padel-store.jpg\",\"width\":2000,\"height\":2000,\"caption\":\"Revolution Padel Store\"},\"image\":{\"@id\":\"https:\\\/\\\/revolutionpadelstore.com\\\/pt-pt\\\/#\\\/schema\\\/logo\\\/image\\\/\"},\"sameAs\":[\"https:\\\/\\\/www.instagram.com\\\/revolutionpadelstore\\\/\"]}]}<\/script>\n<!-- \/ Yoast SEO plugin. -->","yoast_head_json":{"title":"ADIDAS METALBONE HRD+ 3.4 2025 - Revolution Padel Store","description":"La Metalbone HRD+ 3.4, de la colecci\u00f3n 2025 de Adidas, ha sido dise\u00f1ada en colaboraci\u00f3n con Ale Gal\u00e1n y representa el m\u00e1ximo exponente en potencia y rendimiento. Este modelo combina materiales de alta calidad y tecnolog\u00edas innovadoras que maximizan el juego ofensivo, siendo ideal para los que buscan golpes contundentes y precisos.","robots":{"index":"index","follow":"follow","max-snippet":"max-snippet:-1","max-image-preview":"max-image-preview:large","max-video-preview":"max-video-preview:-1"},"canonical":"https:\/\/revolutionpadelstore.com\/pt-pt\/produto\/adidas-metalbone-hrd-3-4-2025\/","og_locale":"pt_PT","og_type":"article","og_title":"ADIDAS METALBONE HRD+ 3.4 2025 - Revolution Padel Store","og_description":"La Metalbone HRD+ 3.4, de la colecci\u00f3n 2025 de Adidas, ha sido dise\u00f1ada en colaboraci\u00f3n con Ale Gal\u00e1n y representa el m\u00e1ximo exponente en potencia y rendimiento. Este modelo combina materiales de alta calidad y tecnolog\u00edas innovadoras que maximizan el juego ofensivo, siendo ideal para los que buscan golpes contundentes y precisos.","og_url":"https:\/\/revolutionpadelstore.com\/pt-pt\/produto\/adidas-metalbone-hrd-3-4-2025\/","og_site_name":"Revolution Padel Store","article_modified_time":"2026-04-22T00:00:17+00:00","og_image":[{"width":1500,"height":1500,"url":"https:\/\/revolutionpadelstore.com\/wp-content\/uploads\/2024\/12\/113687-pala-adidas-metalbone-hrd-mas-3-4-ar1aa1u221500x1500-1.webp","type":"image\/webp"}],"twitter_card":"summary_large_image","twitter_misc":{"Tempo estimado de leitura":"1 minuto"},"schema":{"@context":"https:\/\/schema.org","@graph":[{"@type":"WebPage","@id":"https:\/\/revolutionpadelstore.com\/pt-pt\/produto\/adidas-metalbone-hrd-3-4-2025\/","url":"https:\/\/revolutionpadelstore.com\/pt-pt\/produto\/adidas-metalbone-hrd-3-4-2025\/","name":"ADIDAS METALBONE HRD+ 3.4 2025 - Revolution Padel Store","isPartOf":{"@id":"https:\/\/revolutionpadelstore.com\/pt-pt\/#website"},"primaryImageOfPage":{"@id":"https:\/\/revolutionpadelstore.com\/pt-pt\/produto\/adidas-metalbone-hrd-3-4-2025\/#primaryimage"},"image":{"@id":"https:\/\/revolutionpadelstore.com\/pt-pt\/produto\/adidas-metalbone-hrd-3-4-2025\/#primaryimage"},"thumbnailUrl":"https:\/\/revolutionpadelstore.com\/wp-content\/uploads\/2024\/12\/113687-pala-adidas-metalbone-hrd-mas-3-4-ar1aa1u221500x1500-1.webp","datePublished":"2024-12-03T22:47:59+00:00","dateModified":"2026-04-22T00:00:17+00:00","description":"La Metalbone HRD+ 3.4, de la colecci\u00f3n 2025 de Adidas, ha sido dise\u00f1ada en colaboraci\u00f3n con Ale Gal\u00e1n y representa el m\u00e1ximo exponente en potencia y rendimiento. Este modelo combina materiales de alta calidad y tecnolog\u00edas innovadoras que maximizan el juego ofensivo, siendo ideal para los que buscan golpes contundentes y precisos.","breadcrumb":{"@id":"https:\/\/revolutionpadelstore.com\/pt-pt\/produto\/adidas-metalbone-hrd-3-4-2025\/#breadcrumb"},"inLanguage":"pt-PT","potentialAction":[{"@type":"ReadAction","target":["https:\/\/revolutionpadelstore.com\/pt-pt\/produto\/adidas-metalbone-hrd-3-4-2025\/"]}]},{"@type":"ImageObject","inLanguage":"pt-PT","@id":"https:\/\/revolutionpadelstore.com\/pt-pt\/produto\/adidas-metalbone-hrd-3-4-2025\/#primaryimage","url":"https:\/\/revolutionpadelstore.com\/wp-content\/uploads\/2024\/12\/113687-pala-adidas-metalbone-hrd-mas-3-4-ar1aa1u221500x1500-1.webp","contentUrl":"https:\/\/revolutionpadelstore.com\/wp-content\/uploads\/2024\/12\/113687-pala-adidas-metalbone-hrd-mas-3-4-ar1aa1u221500x1500-1.webp","width":1500,"height":1500},{"@type":"BreadcrumbList","@id":"https:\/\/revolutionpadelstore.com\/pt-pt\/produto\/adidas-metalbone-hrd-3-4-2025\/#breadcrumb","itemListElement":[{"@type":"ListItem","position":1,"name":"Portada","item":"https:\/\/revolutionpadelstore.com\/pt-pt\/"},{"@type":"ListItem","position":2,"name":"Tienda","item":"https:\/\/revolutionpadelstore.com\/pt-pt\/tienda\/"},{"@type":"ListItem","position":3,"name":"ADIDAS METALBONE HRD+ 3.4 2025"}]},{"@type":"WebSite","@id":"https:\/\/revolutionpadelstore.com\/pt-pt\/#website","url":"https:\/\/revolutionpadelstore.com\/pt-pt\/","name":"Revolution Padel Store","description":"","publisher":{"@id":"https:\/\/revolutionpadelstore.com\/pt-pt\/#organization"},"potentialAction":[{"@type":"SearchAction","target":{"@type":"EntryPoint","urlTemplate":"https:\/\/revolutionpadelstore.com\/pt-pt\/?s={search_term_string}"},"query-input":{"@type":"PropertyValueSpecification","valueRequired":true,"valueName":"search_term_string"}}],"inLanguage":"pt-PT"},{"@type":"Organization","@id":"https:\/\/revolutionpadelstore.com\/pt-pt\/#organization","name":"Revolution Padel Store","url":"https:\/\/revolutionpadelstore.com\/pt-pt\/","logo":{"@type":"ImageObject","inLanguage":"pt-PT","@id":"https:\/\/revolutionpadelstore.com\/pt-pt\/#\/schema\/logo\/image\/","url":"https:\/\/revolutionpadelstore.com\/wp-content\/uploads\/2026\/02\/revolution-padel-store.jpg","contentUrl":"https:\/\/revolutionpadelstore.com\/wp-content\/uploads\/2026\/02\/revolution-padel-store.jpg","width":2000,"height":2000,"caption":"Revolution Padel Store"},"image":{"@id":"https:\/\/revolutionpadelstore.com\/pt-pt\/#\/schema\/logo\/image\/"},"sameAs":["https:\/\/www.instagram.com\/revolutionpadelstore\/"]}]}},"_links":{"self":[{"href":"https:\/\/revolutionpadelstore.com\/pt-pt\/wp-json\/wp\/v2\/product\/142522","targetHints":{"allow":["GET"]}}],"collection":[{"href":"https:\/\/revolutionpadelstore.com\/pt-pt\/wp-json\/wp\/v2\/product"}],"about":[{"href":"https:\/\/revolutionpadelstore.com\/pt-pt\/wp-json\/wp\/v2\/types\/product"}],"replies":[{"embeddable":true,"href":"https:\/\/revolutionpadelstore.com\/pt-pt\/wp-json\/wp\/v2\/comments?post=142522"}],"wp:featuredmedia":[{"embeddable":true,"href":"https:\/\/revolutionpadelstore.com\/pt-pt\/wp-json\/wp\/v2\/media\/135774"}],"wp:attachment":[{"href":"https:\/\/revolutionpadelstore.com\/pt-pt\/wp-json\/wp\/v2\/media?parent=142522"}],"wp:term":[{"taxonomy":"acabado","embeddable":true,"href":"https:\/\/revolutionpadelstore.com\/pt-pt\/wp-json\/wp\/v2\/acabado?post=142522"},{"taxonomy":"balance","embeddable":true,"href":"https:\/\/revolutionpadelstore.com\/pt-pt\/wp-json\/wp\/v2\/balance?post=142522"},{"taxonomy":"dureza","embeddable":true,"href":"https:\/\/revolutionpadelstore.com\/pt-pt\/wp-json\/wp\/v2\/dureza?post=142522"},{"taxonomy":"forma","embeddable":true,"href":"https:\/\/revolutionpadelstore.com\/pt-pt\/wp-json\/wp\/v2\/forma?post=142522"},{"taxonomy":"jugador","embeddable":true,"href":"https:\/\/revolutionpadelstore.com\/pt-pt\/wp-json\/wp\/v2\/jugador?post=142522"},{"taxonomy":"marca","embeddable":true,"href":"https:\/\/revolutionpadelstore.com\/pt-pt\/wp-json\/wp\/v2\/marca?post=142522"},{"taxonomy":"nivel-de-juego","embeddable":true,"href":"https:\/\/revolutionpadelstore.com\/pt-pt\/wp-json\/wp\/v2\/nivel-de-juego?post=142522"},{"taxonomy":"superficie","embeddable":true,"href":"https:\/\/revolutionpadelstore.com\/pt-pt\/wp-json\/wp\/v2\/superficie?post=142522"},{"taxonomy":"tipo-de-juego","embeddable":true,"href":"https:\/\/revolutionpadelstore.com\/pt-pt\/wp-json\/wp\/v2\/tipo-de-juego?post=142522"},{"taxonomy":"product_brand","embeddable":true,"href":"https:\/\/revolutionpadelstore.com\/pt-pt\/wp-json\/wp\/v2\/product_brand?post=142522"},{"taxonomy":"product_cat","embeddable":true,"href":"https:\/\/revolutionpadelstore.com\/pt-pt\/wp-json\/wp\/v2\/product_cat?post=142522"},{"taxonomy":"product_tag","embeddable":true,"href":"https:\/\/revolutionpadelstore.com\/pt-pt\/wp-json\/wp\/v2\/product_tag?post=142522"}],"curies":[{"name":"wp","href":"https:\/\/api.w.org\/{rel}","templated":true}]}}