{"id":142517,"date":"2024-12-04T07:58:46","date_gmt":"2024-12-04T06:58:46","guid":{"rendered":"https:\/\/revolutionpadelstore.com\/adidas-metalbone-ctrl-3-4-2025\/"},"modified":"2026-04-04T02:00:12","modified_gmt":"2026-04-04T00:00:12","slug":"adidas-metalbone-ctrl-3-4-2025","status":"publish","type":"product","link":"https:\/\/revolutionpadelstore.com\/pt-pt\/produto\/adidas-metalbone-ctrl-3-4-2025\/","title":{"rendered":"ADIDAS METALBONE CTRL 3.4 2025"},"content":{"rendered":"<p>A <strong> adidas metalbone ctrl 3.4 <\/strong> da cole\u00e7\u00e3o 2025 foi projetada com uma combina\u00e7\u00e3o de tecnologias de alta qualidade e materiais de alta qualidade, oferecendo precis\u00e3o e controle excepcionais em cada golpe.<\/p>\n<p>Possui uma forma redonda <strong> e baixo equil\u00edbrio <\/strong>, por isso \u00e9 um modelo focado em pe\u00e7as defensivas da linha de fundo. Tem um peso modul\u00e1vel que varia entre 345 e 360 \u200b\u200bgramas, aos quais at\u00e9 11,2 gramas extras podem ser adicionados.<br \/>\n<H2> Caracter\u00edsticas de metalbone Ctrl 3.4 <\/h2>\n<p> <strong> -Donda Form e Bom Balance <\/strong>: Ideal para pe\u00e7as defensivas da linha de fundo<br \/>\n<P> <strong> -Modulable<br \/>\n<P> <strong> -id\u00f3rica baixa poli <\/strong>: Aumente a rigidez e a pot\u00eancia<\/p>\n<p> <strong> -cotogonal estrutura <\/strong>: aumenta a precis\u00e3o reduzindo a tor\u00e7\u00e3o<\/p>\n<p> <strong> -gaiolas de carbono de cooperamento 16k <\/strong>: verifique se a solidez e a durabilidade<br \/>\n<P> <strong> -ca de desempenho de borracha EVA <\/strong>: fornece maior conforto e sa\u00edda de bola<\/p>\n<p> <strong>-Power estendida Extended GRIP Extra <\/strong>: Aumente a in\u00e9rcia no golpe.<\/p>\n<p> <strong> -Drelieve Spin Blade Decalt <\/strong>: Permite imprimir efeitos com precis\u00e3o e efic\u00e1cia<br \/>\n<P> <strong> -groove de pot\u00eancia <\/strong>: melhore a rigidez estrutural para golpes mais poderosos.<\/p>\n<p> <strong> -pesos e balan\u00e7o do sistema de metalbone <\/strong>: permite ajustar o peso e o equil\u00edbrio.<br \/>\n<P> <strong> -empu\u00f1ura para um quarto comprimento extra de energia <\/strong>: oferece uma ader\u00eancia mais firme<\/p>\n<p><H2> Ideal para profissionais <\/h2>\n<p>Metalbone Ctrl 3.4 \u00e9 perfeito para jogadores profissionais focados na defesa, que buscam precis\u00e3o e controle sem desistir do poder quando necess\u00e1rio. \u00c9 ideal dominar cada jogo com controle, adaptabilidade e poder.<br \/>\n<H2> Dispon\u00edvel na Revolu\u00e7\u00e3o Padel Store <\/h2>\n<p>N\u00e3o pense sobre isso e melhore suas pe\u00e7as defensivas com o <strong> adidas metalbone ctrl 3.4 <\/strong>, uma p\u00e1 de redonda para profissionais que aumenta o controle no golpe e facilita ajustes r\u00e1pidos em momentos cr\u00edticos do partido.<strong>Adidas Metalbone CTRL 3.4<\/strong><\/p>\n","protected":false},"excerpt":{"rendered":"<p>Adidas Metalbone Ctrl 3.4, l\u00e2mina redonda e baixo equil\u00edbrio para obter maior precis\u00e3o e controle na pista. EVA Soft Performance e Rudo Carbono Rubonizou 16k.<\/p>\n","protected":false},"featured_media":135714,"comment_status":"open","ping_status":"closed","template":"","meta":{"_acf_changed":false,"_joinchat":[]},"acabado":[1090],"balance":[1145],"dureza":[1155],"forma":[1180],"jugador":[1190,1200],"marca":[1230],"nivel-de-juego":[1335,1345],"superficie":[1360],"tipo-de-juego":[1370],"product_brand":[],"product_cat":[300],"product_tag":[],"class_list":{"0":"post-142517","1":"product","2":"type-product","3":"status-publish","4":"has-post-thumbnail","6":"acabado-alivio-3d","7":"balance-baixo","8":"dureza-media-pt-pt","9":"forma-rodada","10":"jugador-homem","11":"jugador-polivalente-pt-pt","12":"marca-adidas-pt-pt","13":"superficie-rugosa-pt-pt","14":"tipo-de-juego-controle","15":"product_cat-palas","17":"first","18":"instock","19":"sale","20":"taxable","21":"shipping-taxable","22":"purchasable","23":"product-type-simple"},"acf":[],"yoast_head":"<!-- This site is optimized with the Yoast SEO plugin v27.3 - https:\/\/yoast.com\/product\/yoast-seo-wordpress\/ -->\n<title>ADIDAS METALBONE CTRL 3.4 2025 - Revolution Padel Store<\/title>\n<meta name=\"description\" content=\"La Metalbone CTRL 3.4 es la pala Adidas para hombre perfecta para aquellos jugadores profesionales enfocados en la defensa que buscan a\u00f1adir un extra de precisi\u00f3n y control sin tener que renunciar a una buena potencia cuando sea necesaria. Perfecta para los que quieren dominar cada juego con control, adaptabilidad y potencia.\" \/>\n<meta name=\"robots\" content=\"index, follow, max-snippet:-1, max-image-preview:large, max-video-preview:-1\" \/>\n<link rel=\"canonical\" href=\"https:\/\/revolutionpadelstore.com\/pt-pt\/produto\/adidas-metalbone-ctrl-3-4-2025\/\" \/>\n<meta property=\"og:locale\" content=\"pt_PT\" \/>\n<meta property=\"og:type\" content=\"article\" \/>\n<meta property=\"og:title\" content=\"ADIDAS METALBONE CTRL 3.4 2025 - Revolution Padel Store\" \/>\n<meta property=\"og:description\" content=\"La Metalbone CTRL 3.4 es la pala Adidas para hombre perfecta para aquellos jugadores profesionales enfocados en la defensa que buscan a\u00f1adir un extra de precisi\u00f3n y control sin tener que renunciar a una buena potencia cuando sea necesaria. Perfecta para los que quieren dominar cada juego con control, adaptabilidad y potencia.\" \/>\n<meta property=\"og:url\" content=\"https:\/\/revolutionpadelstore.com\/pt-pt\/produto\/adidas-metalbone-ctrl-3-4-2025\/\" \/>\n<meta property=\"og:site_name\" content=\"Revolution Padel Store\" \/>\n<meta property=\"article:modified_time\" content=\"2026-04-04T00:00:12+00:00\" \/>\n<meta property=\"og:image\" content=\"https:\/\/revolutionpadelstore.com\/wp-content\/uploads\/2024\/12\/113686-pala-adidas-metalbone-ctrl-3-4-ar1ca0u361500x1500-1.webp\" \/>\n\t<meta property=\"og:image:width\" content=\"1500\" \/>\n\t<meta property=\"og:image:height\" content=\"1500\" \/>\n\t<meta property=\"og:image:type\" content=\"image\/webp\" \/>\n<meta name=\"twitter:card\" content=\"summary_large_image\" \/>\n<meta name=\"twitter:label1\" content=\"Tempo estimado de leitura\" \/>\n\t<meta name=\"twitter:data1\" content=\"1 minuto\" \/>\n<script type=\"application\/ld+json\" class=\"yoast-schema-graph\">{\"@context\":\"https:\\\/\\\/schema.org\",\"@graph\":[{\"@type\":\"WebPage\",\"@id\":\"https:\\\/\\\/revolutionpadelstore.com\\\/pt-pt\\\/produto\\\/adidas-metalbone-ctrl-3-4-2025\\\/\",\"url\":\"https:\\\/\\\/revolutionpadelstore.com\\\/pt-pt\\\/produto\\\/adidas-metalbone-ctrl-3-4-2025\\\/\",\"name\":\"ADIDAS METALBONE CTRL 3.4 2025 - Revolution Padel Store\",\"isPartOf\":{\"@id\":\"https:\\\/\\\/revolutionpadelstore.com\\\/pt-pt\\\/#website\"},\"primaryImageOfPage\":{\"@id\":\"https:\\\/\\\/revolutionpadelstore.com\\\/pt-pt\\\/produto\\\/adidas-metalbone-ctrl-3-4-2025\\\/#primaryimage\"},\"image\":{\"@id\":\"https:\\\/\\\/revolutionpadelstore.com\\\/pt-pt\\\/produto\\\/adidas-metalbone-ctrl-3-4-2025\\\/#primaryimage\"},\"thumbnailUrl\":\"https:\\\/\\\/revolutionpadelstore.com\\\/wp-content\\\/uploads\\\/2024\\\/12\\\/113686-pala-adidas-metalbone-ctrl-3-4-ar1ca0u361500x1500-1.webp\",\"datePublished\":\"2024-12-04T06:58:46+00:00\",\"dateModified\":\"2026-04-04T00:00:12+00:00\",\"description\":\"La Metalbone CTRL 3.4 es la pala Adidas para hombre perfecta para aquellos jugadores profesionales enfocados en la defensa que buscan a\u00f1adir un extra de precisi\u00f3n y control sin tener que renunciar a una buena potencia cuando sea necesaria. Perfecta para los que quieren dominar cada juego con control, adaptabilidad y potencia.\",\"breadcrumb\":{\"@id\":\"https:\\\/\\\/revolutionpadelstore.com\\\/pt-pt\\\/produto\\\/adidas-metalbone-ctrl-3-4-2025\\\/#breadcrumb\"},\"inLanguage\":\"pt-PT\",\"potentialAction\":[{\"@type\":\"ReadAction\",\"target\":[\"https:\\\/\\\/revolutionpadelstore.com\\\/pt-pt\\\/produto\\\/adidas-metalbone-ctrl-3-4-2025\\\/\"]}]},{\"@type\":\"ImageObject\",\"inLanguage\":\"pt-PT\",\"@id\":\"https:\\\/\\\/revolutionpadelstore.com\\\/pt-pt\\\/produto\\\/adidas-metalbone-ctrl-3-4-2025\\\/#primaryimage\",\"url\":\"https:\\\/\\\/revolutionpadelstore.com\\\/wp-content\\\/uploads\\\/2024\\\/12\\\/113686-pala-adidas-metalbone-ctrl-3-4-ar1ca0u361500x1500-1.webp\",\"contentUrl\":\"https:\\\/\\\/revolutionpadelstore.com\\\/wp-content\\\/uploads\\\/2024\\\/12\\\/113686-pala-adidas-metalbone-ctrl-3-4-ar1ca0u361500x1500-1.webp\",\"width\":1500,\"height\":1500},{\"@type\":\"BreadcrumbList\",\"@id\":\"https:\\\/\\\/revolutionpadelstore.com\\\/pt-pt\\\/produto\\\/adidas-metalbone-ctrl-3-4-2025\\\/#breadcrumb\",\"itemListElement\":[{\"@type\":\"ListItem\",\"position\":1,\"name\":\"Portada\",\"item\":\"https:\\\/\\\/revolutionpadelstore.com\\\/pt-pt\\\/\"},{\"@type\":\"ListItem\",\"position\":2,\"name\":\"Tienda\",\"item\":\"https:\\\/\\\/revolutionpadelstore.com\\\/pt-pt\\\/tienda\\\/\"},{\"@type\":\"ListItem\",\"position\":3,\"name\":\"ADIDAS METALBONE CTRL 3.4 2025\"}]},{\"@type\":\"WebSite\",\"@id\":\"https:\\\/\\\/revolutionpadelstore.com\\\/pt-pt\\\/#website\",\"url\":\"https:\\\/\\\/revolutionpadelstore.com\\\/pt-pt\\\/\",\"name\":\"Revolution Padel Store\",\"description\":\"\",\"publisher\":{\"@id\":\"https:\\\/\\\/revolutionpadelstore.com\\\/pt-pt\\\/#organization\"},\"potentialAction\":[{\"@type\":\"SearchAction\",\"target\":{\"@type\":\"EntryPoint\",\"urlTemplate\":\"https:\\\/\\\/revolutionpadelstore.com\\\/pt-pt\\\/?s={search_term_string}\"},\"query-input\":{\"@type\":\"PropertyValueSpecification\",\"valueRequired\":true,\"valueName\":\"search_term_string\"}}],\"inLanguage\":\"pt-PT\"},{\"@type\":\"Organization\",\"@id\":\"https:\\\/\\\/revolutionpadelstore.com\\\/pt-pt\\\/#organization\",\"name\":\"Revolution Padel Store\",\"url\":\"https:\\\/\\\/revolutionpadelstore.com\\\/pt-pt\\\/\",\"logo\":{\"@type\":\"ImageObject\",\"inLanguage\":\"pt-PT\",\"@id\":\"https:\\\/\\\/revolutionpadelstore.com\\\/pt-pt\\\/#\\\/schema\\\/logo\\\/image\\\/\",\"url\":\"https:\\\/\\\/revolutionpadelstore.com\\\/wp-content\\\/uploads\\\/2026\\\/02\\\/revolution-padel-store.jpg\",\"contentUrl\":\"https:\\\/\\\/revolutionpadelstore.com\\\/wp-content\\\/uploads\\\/2026\\\/02\\\/revolution-padel-store.jpg\",\"width\":2000,\"height\":2000,\"caption\":\"Revolution Padel Store\"},\"image\":{\"@id\":\"https:\\\/\\\/revolutionpadelstore.com\\\/pt-pt\\\/#\\\/schema\\\/logo\\\/image\\\/\"},\"sameAs\":[\"https:\\\/\\\/www.instagram.com\\\/revolutionpadelstore\\\/\"]}]}<\/script>\n<!-- \/ Yoast SEO plugin. -->","yoast_head_json":{"title":"ADIDAS METALBONE CTRL 3.4 2025 - Revolution Padel Store","description":"La Metalbone CTRL 3.4 es la pala Adidas para hombre perfecta para aquellos jugadores profesionales enfocados en la defensa que buscan a\u00f1adir un extra de precisi\u00f3n y control sin tener que renunciar a una buena potencia cuando sea necesaria. Perfecta para los que quieren dominar cada juego con control, adaptabilidad y potencia.","robots":{"index":"index","follow":"follow","max-snippet":"max-snippet:-1","max-image-preview":"max-image-preview:large","max-video-preview":"max-video-preview:-1"},"canonical":"https:\/\/revolutionpadelstore.com\/pt-pt\/produto\/adidas-metalbone-ctrl-3-4-2025\/","og_locale":"pt_PT","og_type":"article","og_title":"ADIDAS METALBONE CTRL 3.4 2025 - Revolution Padel Store","og_description":"La Metalbone CTRL 3.4 es la pala Adidas para hombre perfecta para aquellos jugadores profesionales enfocados en la defensa que buscan a\u00f1adir un extra de precisi\u00f3n y control sin tener que renunciar a una buena potencia cuando sea necesaria. Perfecta para los que quieren dominar cada juego con control, adaptabilidad y potencia.","og_url":"https:\/\/revolutionpadelstore.com\/pt-pt\/produto\/adidas-metalbone-ctrl-3-4-2025\/","og_site_name":"Revolution Padel Store","article_modified_time":"2026-04-04T00:00:12+00:00","og_image":[{"width":1500,"height":1500,"url":"https:\/\/revolutionpadelstore.com\/wp-content\/uploads\/2024\/12\/113686-pala-adidas-metalbone-ctrl-3-4-ar1ca0u361500x1500-1.webp","type":"image\/webp"}],"twitter_card":"summary_large_image","twitter_misc":{"Tempo estimado de leitura":"1 minuto"},"schema":{"@context":"https:\/\/schema.org","@graph":[{"@type":"WebPage","@id":"https:\/\/revolutionpadelstore.com\/pt-pt\/produto\/adidas-metalbone-ctrl-3-4-2025\/","url":"https:\/\/revolutionpadelstore.com\/pt-pt\/produto\/adidas-metalbone-ctrl-3-4-2025\/","name":"ADIDAS METALBONE CTRL 3.4 2025 - Revolution Padel Store","isPartOf":{"@id":"https:\/\/revolutionpadelstore.com\/pt-pt\/#website"},"primaryImageOfPage":{"@id":"https:\/\/revolutionpadelstore.com\/pt-pt\/produto\/adidas-metalbone-ctrl-3-4-2025\/#primaryimage"},"image":{"@id":"https:\/\/revolutionpadelstore.com\/pt-pt\/produto\/adidas-metalbone-ctrl-3-4-2025\/#primaryimage"},"thumbnailUrl":"https:\/\/revolutionpadelstore.com\/wp-content\/uploads\/2024\/12\/113686-pala-adidas-metalbone-ctrl-3-4-ar1ca0u361500x1500-1.webp","datePublished":"2024-12-04T06:58:46+00:00","dateModified":"2026-04-04T00:00:12+00:00","description":"La Metalbone CTRL 3.4 es la pala Adidas para hombre perfecta para aquellos jugadores profesionales enfocados en la defensa que buscan a\u00f1adir un extra de precisi\u00f3n y control sin tener que renunciar a una buena potencia cuando sea necesaria. Perfecta para los que quieren dominar cada juego con control, adaptabilidad y potencia.","breadcrumb":{"@id":"https:\/\/revolutionpadelstore.com\/pt-pt\/produto\/adidas-metalbone-ctrl-3-4-2025\/#breadcrumb"},"inLanguage":"pt-PT","potentialAction":[{"@type":"ReadAction","target":["https:\/\/revolutionpadelstore.com\/pt-pt\/produto\/adidas-metalbone-ctrl-3-4-2025\/"]}]},{"@type":"ImageObject","inLanguage":"pt-PT","@id":"https:\/\/revolutionpadelstore.com\/pt-pt\/produto\/adidas-metalbone-ctrl-3-4-2025\/#primaryimage","url":"https:\/\/revolutionpadelstore.com\/wp-content\/uploads\/2024\/12\/113686-pala-adidas-metalbone-ctrl-3-4-ar1ca0u361500x1500-1.webp","contentUrl":"https:\/\/revolutionpadelstore.com\/wp-content\/uploads\/2024\/12\/113686-pala-adidas-metalbone-ctrl-3-4-ar1ca0u361500x1500-1.webp","width":1500,"height":1500},{"@type":"BreadcrumbList","@id":"https:\/\/revolutionpadelstore.com\/pt-pt\/produto\/adidas-metalbone-ctrl-3-4-2025\/#breadcrumb","itemListElement":[{"@type":"ListItem","position":1,"name":"Portada","item":"https:\/\/revolutionpadelstore.com\/pt-pt\/"},{"@type":"ListItem","position":2,"name":"Tienda","item":"https:\/\/revolutionpadelstore.com\/pt-pt\/tienda\/"},{"@type":"ListItem","position":3,"name":"ADIDAS METALBONE CTRL 3.4 2025"}]},{"@type":"WebSite","@id":"https:\/\/revolutionpadelstore.com\/pt-pt\/#website","url":"https:\/\/revolutionpadelstore.com\/pt-pt\/","name":"Revolution Padel Store","description":"","publisher":{"@id":"https:\/\/revolutionpadelstore.com\/pt-pt\/#organization"},"potentialAction":[{"@type":"SearchAction","target":{"@type":"EntryPoint","urlTemplate":"https:\/\/revolutionpadelstore.com\/pt-pt\/?s={search_term_string}"},"query-input":{"@type":"PropertyValueSpecification","valueRequired":true,"valueName":"search_term_string"}}],"inLanguage":"pt-PT"},{"@type":"Organization","@id":"https:\/\/revolutionpadelstore.com\/pt-pt\/#organization","name":"Revolution Padel Store","url":"https:\/\/revolutionpadelstore.com\/pt-pt\/","logo":{"@type":"ImageObject","inLanguage":"pt-PT","@id":"https:\/\/revolutionpadelstore.com\/pt-pt\/#\/schema\/logo\/image\/","url":"https:\/\/revolutionpadelstore.com\/wp-content\/uploads\/2026\/02\/revolution-padel-store.jpg","contentUrl":"https:\/\/revolutionpadelstore.com\/wp-content\/uploads\/2026\/02\/revolution-padel-store.jpg","width":2000,"height":2000,"caption":"Revolution Padel Store"},"image":{"@id":"https:\/\/revolutionpadelstore.com\/pt-pt\/#\/schema\/logo\/image\/"},"sameAs":["https:\/\/www.instagram.com\/revolutionpadelstore\/"]}]}},"_links":{"self":[{"href":"https:\/\/revolutionpadelstore.com\/pt-pt\/wp-json\/wp\/v2\/product\/142517","targetHints":{"allow":["GET"]}}],"collection":[{"href":"https:\/\/revolutionpadelstore.com\/pt-pt\/wp-json\/wp\/v2\/product"}],"about":[{"href":"https:\/\/revolutionpadelstore.com\/pt-pt\/wp-json\/wp\/v2\/types\/product"}],"replies":[{"embeddable":true,"href":"https:\/\/revolutionpadelstore.com\/pt-pt\/wp-json\/wp\/v2\/comments?post=142517"}],"wp:featuredmedia":[{"embeddable":true,"href":"https:\/\/revolutionpadelstore.com\/pt-pt\/wp-json\/wp\/v2\/media\/135714"}],"wp:attachment":[{"href":"https:\/\/revolutionpadelstore.com\/pt-pt\/wp-json\/wp\/v2\/media?parent=142517"}],"wp:term":[{"taxonomy":"acabado","embeddable":true,"href":"https:\/\/revolutionpadelstore.com\/pt-pt\/wp-json\/wp\/v2\/acabado?post=142517"},{"taxonomy":"balance","embeddable":true,"href":"https:\/\/revolutionpadelstore.com\/pt-pt\/wp-json\/wp\/v2\/balance?post=142517"},{"taxonomy":"dureza","embeddable":true,"href":"https:\/\/revolutionpadelstore.com\/pt-pt\/wp-json\/wp\/v2\/dureza?post=142517"},{"taxonomy":"forma","embeddable":true,"href":"https:\/\/revolutionpadelstore.com\/pt-pt\/wp-json\/wp\/v2\/forma?post=142517"},{"taxonomy":"jugador","embeddable":true,"href":"https:\/\/revolutionpadelstore.com\/pt-pt\/wp-json\/wp\/v2\/jugador?post=142517"},{"taxonomy":"marca","embeddable":true,"href":"https:\/\/revolutionpadelstore.com\/pt-pt\/wp-json\/wp\/v2\/marca?post=142517"},{"taxonomy":"nivel-de-juego","embeddable":true,"href":"https:\/\/revolutionpadelstore.com\/pt-pt\/wp-json\/wp\/v2\/nivel-de-juego?post=142517"},{"taxonomy":"superficie","embeddable":true,"href":"https:\/\/revolutionpadelstore.com\/pt-pt\/wp-json\/wp\/v2\/superficie?post=142517"},{"taxonomy":"tipo-de-juego","embeddable":true,"href":"https:\/\/revolutionpadelstore.com\/pt-pt\/wp-json\/wp\/v2\/tipo-de-juego?post=142517"},{"taxonomy":"product_brand","embeddable":true,"href":"https:\/\/revolutionpadelstore.com\/pt-pt\/wp-json\/wp\/v2\/product_brand?post=142517"},{"taxonomy":"product_cat","embeddable":true,"href":"https:\/\/revolutionpadelstore.com\/pt-pt\/wp-json\/wp\/v2\/product_cat?post=142517"},{"taxonomy":"product_tag","embeddable":true,"href":"https:\/\/revolutionpadelstore.com\/pt-pt\/wp-json\/wp\/v2\/product_tag?post=142517"}],"curies":[{"name":"wp","href":"https:\/\/api.w.org\/{rel}","templated":true}]}}