{"id":142512,"date":"2024-12-04T08:10:03","date_gmt":"2024-12-04T07:10:03","guid":{"rendered":"https:\/\/revolutionpadelstore.com\/adidas-adipower-multiweight-ctrl-3-4-2025\/"},"modified":"2026-04-08T09:48:30","modified_gmt":"2026-04-08T07:48:30","slug":"adidas-adipower-multiweight-ctrl-3-4-2025","status":"publish","type":"product","link":"https:\/\/revolutionpadelstore.com\/pt-pt\/produto\/adidas-adipower-multiweight-ctrl-3-4-2025\/","title":{"rendered":"ADIDAS ADIPOWER MULTIWEIGHT CTRL 3.4 2025"},"content":{"rendered":"<p><H2> adidas adipower multiweight ctrl 3.4 2025, formato redondo p\u00e1 <\/h2>\n<p>O <strong> Adidas AdiPower Multiweight CTRL 3.4 2025 <\/strong> \u00e9 a p\u00e1 escolhida pelo profissional <strong> \u00c1lex Ruiz <\/strong>, projetada com tecnologias avan\u00e7adas para oferecer desempenho e personaliza\u00e7\u00e3o excepcionais. Gra\u00e7as ao sistema <strong> Weight &amp; Balance System <\/strong>, voc\u00ea pode ajustar o peso e o equil\u00edbrio da p\u00e1 para adapt\u00e1 -la \u00e0s necessidades de cada jogo. Sua composi\u00e7\u00e3o de carbono de 18k e design equilibrado o tornam uma ferramenta ideal para aqueles que buscam precis\u00e3o, pot\u00eancia e controle em cada golpe.<br \/>\n<H2> Ideal para jogadores de alto desempenho <\/h2>\n<p>Esta p\u00e1 foi projetada para jogadores de alto n\u00edvel que buscam desempenho m\u00e1ximo. Seu formato redondo e caracter\u00edsticas t\u00e9cnicas o tornam perfeito para golpes defensivos e para situa\u00e7\u00f5es de ataque. \u00c9 ideal para quem precisa personalizar sua equipe de acordo com as demandas do jogo, sendo especialmente adequado para profissionais que exigem o melhor em cada ponto.<br \/>\n<H2> Caracter\u00edsticas e tecnologias do adiprower Multiweight Ctrl 3.4 2025 <\/h2>\n<p><P> <strong> -Red Format <\/strong>: oferece maior controle e manobrabilidade<\/p>\n<p> <strong> -peso <\/strong>: 360-375 g (+9.1 g ajust\u00e1vel)<br \/>\n<P> <strong> -pesos e balan\u00e7o Sistema <\/strong>: permite ajustar o peso e o equil\u00edbrio para adaptar a p\u00e1 a cada estilo de jogo.<br \/>\n<P> <strong> -carbon 18k <\/strong> fornece excelente rigidez, pot\u00eancia e durabilidade<\/p>\n<p> <strong> -exoesqueleto -dual <\/strong>: refor\u00e7o estrutural para maior estabilidade de tor\u00e7\u00e3o<\/p>\n<p> <strong> -Power Amb\u00f3sia Ridge <\/strong>: nervo de carbono que aumenta a rigidez do quadro<br \/>\n<P> <strong> -spin Blade Decalt <\/strong>: al\u00edvio que permite um efeito maior nos golpes<br \/>\n<P> <strong> -High Memory eva <\/strong>: n\u00facleo de alta densidade que aumenta a pot\u00eancia em golpes r\u00e1pidos.<\/p>\n<p><H2> Dispon\u00edvel na Revolu\u00e7\u00e3o Padel Store <\/h2>\n<p>O <strong> adiPower Multiweight CTRL 3.4 2025 <\/strong> combina personaliza\u00e7\u00e3o, controle e energia em um design sofisticado. Se voc\u00ea deseja destacar como <strong> \u00c1lex Ruiz <\/strong>, esta p\u00e1 ser\u00e1 sua melhor aliada na pista.<\/p>\n<h2>Adidas Adipower Multiweight Ctrl 3.4 2025, pala de formato redondo<\/h2>\n","protected":false},"excerpt":{"rendered":"<p>A Adidas AdiPower Multiweight CTRL 3.4 2025 oferece personaliza\u00e7\u00e3o, controle e energia para jogadores avan\u00e7ados. Inspirado no \u00c1lex Ruiz, ele combina tecnologias l\u00edderes e um design vers\u00e1til.<\/p>\n","protected":false},"featured_media":135510,"comment_status":"open","ping_status":"closed","template":"","meta":{"_acf_changed":false,"_joinchat":[]},"acabado":[1105],"balance":[1145],"dureza":[1160],"forma":[1180],"jugador":[1190,1200],"marca":[1230],"nivel-de-juego":[1335,1345],"superficie":[1360],"tipo-de-juego":[1370],"product_brand":[],"product_cat":[300],"product_tag":[],"class_list":{"0":"post-142512","1":"product","2":"type-product","3":"status-publish","4":"has-post-thumbnail","6":"acabado-rugoso-pt-pt","7":"balance-baixo","8":"dureza-dura-pt-pt","9":"forma-rodada","10":"jugador-homem","11":"jugador-polivalente-pt-pt","12":"marca-adidas-pt-pt","13":"superficie-rugosa-pt-pt","14":"tipo-de-juego-controle","15":"product_cat-palas","17":"first","18":"instock","19":"sale","20":"taxable","21":"shipping-taxable","22":"purchasable","23":"product-type-simple"},"acf":[],"yoast_head":"<!-- This site is optimized with the Yoast SEO plugin v27.4 - https:\/\/yoast.com\/product\/yoast-seo-wordpress\/ -->\n<title>ADIDAS ADIPOWER MULTIWEIGHT CTRL 3.4 2025 - Revolution Padel Store<\/title>\n<meta name=\"description\" content=\"La Adidas Adipower Multiweight Ctrl 3.4 2025 es la pala elegida por el jugador profesional \u00c1lex Ruiz, dise\u00f1ada con tecnolog\u00edas avanzadas para ofrecer un rendimiento y personalizaci\u00f3n excepcionales. Gracias al sistema Weight &amp; Balance System, puedes ajustar el peso y balance de la pala para adaptarla a las necesidades de cada partido. Su composici\u00f3n en carbono 18K y dise\u00f1o equilibrado la convierten en una herramienta ideal para quienes buscan precisi\u00f3n, potencia y control en cada golpe.\" \/>\n<meta name=\"robots\" content=\"index, follow, max-snippet:-1, max-image-preview:large, max-video-preview:-1\" \/>\n<link rel=\"canonical\" href=\"https:\/\/revolutionpadelstore.com\/pt-pt\/produto\/adidas-adipower-multiweight-ctrl-3-4-2025\/\" \/>\n<meta property=\"og:locale\" content=\"pt_PT\" \/>\n<meta property=\"og:type\" content=\"article\" \/>\n<meta property=\"og:title\" content=\"ADIDAS ADIPOWER MULTIWEIGHT CTRL 3.4 2025 - Revolution Padel Store\" \/>\n<meta property=\"og:description\" content=\"La Adidas Adipower Multiweight Ctrl 3.4 2025 es la pala elegida por el jugador profesional \u00c1lex Ruiz, dise\u00f1ada con tecnolog\u00edas avanzadas para ofrecer un rendimiento y personalizaci\u00f3n excepcionales. Gracias al sistema Weight &amp; Balance System, puedes ajustar el peso y balance de la pala para adaptarla a las necesidades de cada partido. Su composici\u00f3n en carbono 18K y dise\u00f1o equilibrado la convierten en una herramienta ideal para quienes buscan precisi\u00f3n, potencia y control en cada golpe.\" \/>\n<meta property=\"og:url\" content=\"https:\/\/revolutionpadelstore.com\/pt-pt\/produto\/adidas-adipower-multiweight-ctrl-3-4-2025\/\" \/>\n<meta property=\"og:site_name\" content=\"Revolution Padel Store\" \/>\n<meta property=\"article:modified_time\" content=\"2026-04-08T07:48:30+00:00\" \/>\n<meta property=\"og:image\" content=\"https:\/\/revolutionpadelstore.com\/wp-content\/uploads\/2024\/12\/113676-pala-adidas-adipower-multiweight-ctrl-3-4-ar1ca2u311500x1500-1.webp\" \/>\n\t<meta property=\"og:image:width\" content=\"1500\" \/>\n\t<meta property=\"og:image:height\" content=\"1500\" \/>\n\t<meta property=\"og:image:type\" content=\"image\/webp\" \/>\n<meta name=\"twitter:card\" content=\"summary_large_image\" \/>\n<meta name=\"twitter:label1\" content=\"Tempo estimado de leitura\" \/>\n\t<meta name=\"twitter:data1\" content=\"2 minutos\" \/>\n<script type=\"application\/ld+json\" class=\"yoast-schema-graph\">{\"@context\":\"https:\\\/\\\/schema.org\",\"@graph\":[{\"@type\":\"WebPage\",\"@id\":\"https:\\\/\\\/revolutionpadelstore.com\\\/pt-pt\\\/produto\\\/adidas-adipower-multiweight-ctrl-3-4-2025\\\/\",\"url\":\"https:\\\/\\\/revolutionpadelstore.com\\\/pt-pt\\\/produto\\\/adidas-adipower-multiweight-ctrl-3-4-2025\\\/\",\"name\":\"ADIDAS ADIPOWER MULTIWEIGHT CTRL 3.4 2025 - Revolution Padel Store\",\"isPartOf\":{\"@id\":\"https:\\\/\\\/revolutionpadelstore.com\\\/pt-pt\\\/#website\"},\"primaryImageOfPage\":{\"@id\":\"https:\\\/\\\/revolutionpadelstore.com\\\/pt-pt\\\/produto\\\/adidas-adipower-multiweight-ctrl-3-4-2025\\\/#primaryimage\"},\"image\":{\"@id\":\"https:\\\/\\\/revolutionpadelstore.com\\\/pt-pt\\\/produto\\\/adidas-adipower-multiweight-ctrl-3-4-2025\\\/#primaryimage\"},\"thumbnailUrl\":\"https:\\\/\\\/revolutionpadelstore.com\\\/wp-content\\\/uploads\\\/2024\\\/12\\\/113676-pala-adidas-adipower-multiweight-ctrl-3-4-ar1ca2u311500x1500-1.webp\",\"datePublished\":\"2024-12-04T07:10:03+00:00\",\"dateModified\":\"2026-04-08T07:48:30+00:00\",\"description\":\"La Adidas Adipower Multiweight Ctrl 3.4 2025 es la pala elegida por el jugador profesional \u00c1lex Ruiz, dise\u00f1ada con tecnolog\u00edas avanzadas para ofrecer un rendimiento y personalizaci\u00f3n excepcionales. Gracias al sistema Weight & Balance System, puedes ajustar el peso y balance de la pala para adaptarla a las necesidades de cada partido. Su composici\u00f3n en carbono 18K y dise\u00f1o equilibrado la convierten en una herramienta ideal para quienes buscan precisi\u00f3n, potencia y control en cada golpe.\",\"breadcrumb\":{\"@id\":\"https:\\\/\\\/revolutionpadelstore.com\\\/pt-pt\\\/produto\\\/adidas-adipower-multiweight-ctrl-3-4-2025\\\/#breadcrumb\"},\"inLanguage\":\"pt-PT\",\"potentialAction\":[{\"@type\":\"ReadAction\",\"target\":[\"https:\\\/\\\/revolutionpadelstore.com\\\/pt-pt\\\/produto\\\/adidas-adipower-multiweight-ctrl-3-4-2025\\\/\"]}]},{\"@type\":\"ImageObject\",\"inLanguage\":\"pt-PT\",\"@id\":\"https:\\\/\\\/revolutionpadelstore.com\\\/pt-pt\\\/produto\\\/adidas-adipower-multiweight-ctrl-3-4-2025\\\/#primaryimage\",\"url\":\"https:\\\/\\\/revolutionpadelstore.com\\\/wp-content\\\/uploads\\\/2024\\\/12\\\/113676-pala-adidas-adipower-multiweight-ctrl-3-4-ar1ca2u311500x1500-1.webp\",\"contentUrl\":\"https:\\\/\\\/revolutionpadelstore.com\\\/wp-content\\\/uploads\\\/2024\\\/12\\\/113676-pala-adidas-adipower-multiweight-ctrl-3-4-ar1ca2u311500x1500-1.webp\",\"width\":1500,\"height\":1500},{\"@type\":\"BreadcrumbList\",\"@id\":\"https:\\\/\\\/revolutionpadelstore.com\\\/pt-pt\\\/produto\\\/adidas-adipower-multiweight-ctrl-3-4-2025\\\/#breadcrumb\",\"itemListElement\":[{\"@type\":\"ListItem\",\"position\":1,\"name\":\"Portada\",\"item\":\"https:\\\/\\\/revolutionpadelstore.com\\\/pt-pt\\\/\"},{\"@type\":\"ListItem\",\"position\":2,\"name\":\"Tienda\",\"item\":\"https:\\\/\\\/revolutionpadelstore.com\\\/pt-pt\\\/tienda\\\/\"},{\"@type\":\"ListItem\",\"position\":3,\"name\":\"ADIDAS ADIPOWER MULTIWEIGHT CTRL 3.4 2025\"}]},{\"@type\":\"WebSite\",\"@id\":\"https:\\\/\\\/revolutionpadelstore.com\\\/pt-pt\\\/#website\",\"url\":\"https:\\\/\\\/revolutionpadelstore.com\\\/pt-pt\\\/\",\"name\":\"Revolution Padel Store\",\"description\":\"\",\"publisher\":{\"@id\":\"https:\\\/\\\/revolutionpadelstore.com\\\/pt-pt\\\/#organization\"},\"potentialAction\":[{\"@type\":\"SearchAction\",\"target\":{\"@type\":\"EntryPoint\",\"urlTemplate\":\"https:\\\/\\\/revolutionpadelstore.com\\\/pt-pt\\\/?s={search_term_string}\"},\"query-input\":{\"@type\":\"PropertyValueSpecification\",\"valueRequired\":true,\"valueName\":\"search_term_string\"}}],\"inLanguage\":\"pt-PT\"},{\"@type\":\"Organization\",\"@id\":\"https:\\\/\\\/revolutionpadelstore.com\\\/pt-pt\\\/#organization\",\"name\":\"Revolution Padel Store\",\"url\":\"https:\\\/\\\/revolutionpadelstore.com\\\/pt-pt\\\/\",\"logo\":{\"@type\":\"ImageObject\",\"inLanguage\":\"pt-PT\",\"@id\":\"https:\\\/\\\/revolutionpadelstore.com\\\/pt-pt\\\/#\\\/schema\\\/logo\\\/image\\\/\",\"url\":\"https:\\\/\\\/revolutionpadelstore.com\\\/wp-content\\\/uploads\\\/2026\\\/02\\\/revolution-padel-store.jpg\",\"contentUrl\":\"https:\\\/\\\/revolutionpadelstore.com\\\/wp-content\\\/uploads\\\/2026\\\/02\\\/revolution-padel-store.jpg\",\"width\":2000,\"height\":2000,\"caption\":\"Revolution Padel Store\"},\"image\":{\"@id\":\"https:\\\/\\\/revolutionpadelstore.com\\\/pt-pt\\\/#\\\/schema\\\/logo\\\/image\\\/\"},\"sameAs\":[\"https:\\\/\\\/www.instagram.com\\\/revolutionpadelstore\\\/\"]}]}<\/script>\n<!-- \/ Yoast SEO plugin. -->","yoast_head_json":{"title":"ADIDAS ADIPOWER MULTIWEIGHT CTRL 3.4 2025 - Revolution Padel Store","description":"La Adidas Adipower Multiweight Ctrl 3.4 2025 es la pala elegida por el jugador profesional \u00c1lex Ruiz, dise\u00f1ada con tecnolog\u00edas avanzadas para ofrecer un rendimiento y personalizaci\u00f3n excepcionales. Gracias al sistema Weight & Balance System, puedes ajustar el peso y balance de la pala para adaptarla a las necesidades de cada partido. Su composici\u00f3n en carbono 18K y dise\u00f1o equilibrado la convierten en una herramienta ideal para quienes buscan precisi\u00f3n, potencia y control en cada golpe.","robots":{"index":"index","follow":"follow","max-snippet":"max-snippet:-1","max-image-preview":"max-image-preview:large","max-video-preview":"max-video-preview:-1"},"canonical":"https:\/\/revolutionpadelstore.com\/pt-pt\/produto\/adidas-adipower-multiweight-ctrl-3-4-2025\/","og_locale":"pt_PT","og_type":"article","og_title":"ADIDAS ADIPOWER MULTIWEIGHT CTRL 3.4 2025 - Revolution Padel Store","og_description":"La Adidas Adipower Multiweight Ctrl 3.4 2025 es la pala elegida por el jugador profesional \u00c1lex Ruiz, dise\u00f1ada con tecnolog\u00edas avanzadas para ofrecer un rendimiento y personalizaci\u00f3n excepcionales. Gracias al sistema Weight & Balance System, puedes ajustar el peso y balance de la pala para adaptarla a las necesidades de cada partido. Su composici\u00f3n en carbono 18K y dise\u00f1o equilibrado la convierten en una herramienta ideal para quienes buscan precisi\u00f3n, potencia y control en cada golpe.","og_url":"https:\/\/revolutionpadelstore.com\/pt-pt\/produto\/adidas-adipower-multiweight-ctrl-3-4-2025\/","og_site_name":"Revolution Padel Store","article_modified_time":"2026-04-08T07:48:30+00:00","og_image":[{"width":1500,"height":1500,"url":"https:\/\/revolutionpadelstore.com\/wp-content\/uploads\/2024\/12\/113676-pala-adidas-adipower-multiweight-ctrl-3-4-ar1ca2u311500x1500-1.webp","type":"image\/webp"}],"twitter_card":"summary_large_image","twitter_misc":{"Tempo estimado de leitura":"2 minutos"},"schema":{"@context":"https:\/\/schema.org","@graph":[{"@type":"WebPage","@id":"https:\/\/revolutionpadelstore.com\/pt-pt\/produto\/adidas-adipower-multiweight-ctrl-3-4-2025\/","url":"https:\/\/revolutionpadelstore.com\/pt-pt\/produto\/adidas-adipower-multiweight-ctrl-3-4-2025\/","name":"ADIDAS ADIPOWER MULTIWEIGHT CTRL 3.4 2025 - Revolution Padel Store","isPartOf":{"@id":"https:\/\/revolutionpadelstore.com\/pt-pt\/#website"},"primaryImageOfPage":{"@id":"https:\/\/revolutionpadelstore.com\/pt-pt\/produto\/adidas-adipower-multiweight-ctrl-3-4-2025\/#primaryimage"},"image":{"@id":"https:\/\/revolutionpadelstore.com\/pt-pt\/produto\/adidas-adipower-multiweight-ctrl-3-4-2025\/#primaryimage"},"thumbnailUrl":"https:\/\/revolutionpadelstore.com\/wp-content\/uploads\/2024\/12\/113676-pala-adidas-adipower-multiweight-ctrl-3-4-ar1ca2u311500x1500-1.webp","datePublished":"2024-12-04T07:10:03+00:00","dateModified":"2026-04-08T07:48:30+00:00","description":"La Adidas Adipower Multiweight Ctrl 3.4 2025 es la pala elegida por el jugador profesional \u00c1lex Ruiz, dise\u00f1ada con tecnolog\u00edas avanzadas para ofrecer un rendimiento y personalizaci\u00f3n excepcionales. Gracias al sistema Weight & Balance System, puedes ajustar el peso y balance de la pala para adaptarla a las necesidades de cada partido. Su composici\u00f3n en carbono 18K y dise\u00f1o equilibrado la convierten en una herramienta ideal para quienes buscan precisi\u00f3n, potencia y control en cada golpe.","breadcrumb":{"@id":"https:\/\/revolutionpadelstore.com\/pt-pt\/produto\/adidas-adipower-multiweight-ctrl-3-4-2025\/#breadcrumb"},"inLanguage":"pt-PT","potentialAction":[{"@type":"ReadAction","target":["https:\/\/revolutionpadelstore.com\/pt-pt\/produto\/adidas-adipower-multiweight-ctrl-3-4-2025\/"]}]},{"@type":"ImageObject","inLanguage":"pt-PT","@id":"https:\/\/revolutionpadelstore.com\/pt-pt\/produto\/adidas-adipower-multiweight-ctrl-3-4-2025\/#primaryimage","url":"https:\/\/revolutionpadelstore.com\/wp-content\/uploads\/2024\/12\/113676-pala-adidas-adipower-multiweight-ctrl-3-4-ar1ca2u311500x1500-1.webp","contentUrl":"https:\/\/revolutionpadelstore.com\/wp-content\/uploads\/2024\/12\/113676-pala-adidas-adipower-multiweight-ctrl-3-4-ar1ca2u311500x1500-1.webp","width":1500,"height":1500},{"@type":"BreadcrumbList","@id":"https:\/\/revolutionpadelstore.com\/pt-pt\/produto\/adidas-adipower-multiweight-ctrl-3-4-2025\/#breadcrumb","itemListElement":[{"@type":"ListItem","position":1,"name":"Portada","item":"https:\/\/revolutionpadelstore.com\/pt-pt\/"},{"@type":"ListItem","position":2,"name":"Tienda","item":"https:\/\/revolutionpadelstore.com\/pt-pt\/tienda\/"},{"@type":"ListItem","position":3,"name":"ADIDAS ADIPOWER MULTIWEIGHT CTRL 3.4 2025"}]},{"@type":"WebSite","@id":"https:\/\/revolutionpadelstore.com\/pt-pt\/#website","url":"https:\/\/revolutionpadelstore.com\/pt-pt\/","name":"Revolution Padel Store","description":"","publisher":{"@id":"https:\/\/revolutionpadelstore.com\/pt-pt\/#organization"},"potentialAction":[{"@type":"SearchAction","target":{"@type":"EntryPoint","urlTemplate":"https:\/\/revolutionpadelstore.com\/pt-pt\/?s={search_term_string}"},"query-input":{"@type":"PropertyValueSpecification","valueRequired":true,"valueName":"search_term_string"}}],"inLanguage":"pt-PT"},{"@type":"Organization","@id":"https:\/\/revolutionpadelstore.com\/pt-pt\/#organization","name":"Revolution Padel Store","url":"https:\/\/revolutionpadelstore.com\/pt-pt\/","logo":{"@type":"ImageObject","inLanguage":"pt-PT","@id":"https:\/\/revolutionpadelstore.com\/pt-pt\/#\/schema\/logo\/image\/","url":"https:\/\/revolutionpadelstore.com\/wp-content\/uploads\/2026\/02\/revolution-padel-store.jpg","contentUrl":"https:\/\/revolutionpadelstore.com\/wp-content\/uploads\/2026\/02\/revolution-padel-store.jpg","width":2000,"height":2000,"caption":"Revolution Padel Store"},"image":{"@id":"https:\/\/revolutionpadelstore.com\/pt-pt\/#\/schema\/logo\/image\/"},"sameAs":["https:\/\/www.instagram.com\/revolutionpadelstore\/"]}]}},"_links":{"self":[{"href":"https:\/\/revolutionpadelstore.com\/pt-pt\/wp-json\/wp\/v2\/product\/142512","targetHints":{"allow":["GET"]}}],"collection":[{"href":"https:\/\/revolutionpadelstore.com\/pt-pt\/wp-json\/wp\/v2\/product"}],"about":[{"href":"https:\/\/revolutionpadelstore.com\/pt-pt\/wp-json\/wp\/v2\/types\/product"}],"replies":[{"embeddable":true,"href":"https:\/\/revolutionpadelstore.com\/pt-pt\/wp-json\/wp\/v2\/comments?post=142512"}],"wp:featuredmedia":[{"embeddable":true,"href":"https:\/\/revolutionpadelstore.com\/pt-pt\/wp-json\/wp\/v2\/media\/135510"}],"wp:attachment":[{"href":"https:\/\/revolutionpadelstore.com\/pt-pt\/wp-json\/wp\/v2\/media?parent=142512"}],"wp:term":[{"taxonomy":"acabado","embeddable":true,"href":"https:\/\/revolutionpadelstore.com\/pt-pt\/wp-json\/wp\/v2\/acabado?post=142512"},{"taxonomy":"balance","embeddable":true,"href":"https:\/\/revolutionpadelstore.com\/pt-pt\/wp-json\/wp\/v2\/balance?post=142512"},{"taxonomy":"dureza","embeddable":true,"href":"https:\/\/revolutionpadelstore.com\/pt-pt\/wp-json\/wp\/v2\/dureza?post=142512"},{"taxonomy":"forma","embeddable":true,"href":"https:\/\/revolutionpadelstore.com\/pt-pt\/wp-json\/wp\/v2\/forma?post=142512"},{"taxonomy":"jugador","embeddable":true,"href":"https:\/\/revolutionpadelstore.com\/pt-pt\/wp-json\/wp\/v2\/jugador?post=142512"},{"taxonomy":"marca","embeddable":true,"href":"https:\/\/revolutionpadelstore.com\/pt-pt\/wp-json\/wp\/v2\/marca?post=142512"},{"taxonomy":"nivel-de-juego","embeddable":true,"href":"https:\/\/revolutionpadelstore.com\/pt-pt\/wp-json\/wp\/v2\/nivel-de-juego?post=142512"},{"taxonomy":"superficie","embeddable":true,"href":"https:\/\/revolutionpadelstore.com\/pt-pt\/wp-json\/wp\/v2\/superficie?post=142512"},{"taxonomy":"tipo-de-juego","embeddable":true,"href":"https:\/\/revolutionpadelstore.com\/pt-pt\/wp-json\/wp\/v2\/tipo-de-juego?post=142512"},{"taxonomy":"product_brand","embeddable":true,"href":"https:\/\/revolutionpadelstore.com\/pt-pt\/wp-json\/wp\/v2\/product_brand?post=142512"},{"taxonomy":"product_cat","embeddable":true,"href":"https:\/\/revolutionpadelstore.com\/pt-pt\/wp-json\/wp\/v2\/product_cat?post=142512"},{"taxonomy":"product_tag","embeddable":true,"href":"https:\/\/revolutionpadelstore.com\/pt-pt\/wp-json\/wp\/v2\/product_tag?post=142512"}],"curies":[{"name":"wp","href":"https:\/\/api.w.org\/{rel}","templated":true}]}}