{"id":142313,"date":"2024-12-04T23:01:58","date_gmt":"2024-12-04T22:01:58","guid":{"rendered":"https:\/\/revolutionpadelstore.com\/joma-spin-men-2402-blanco-amarillo\/"},"modified":"2026-04-08T09:45:13","modified_gmt":"2026-04-08T07:45:13","slug":"joma-spin-men-2402-blanco-amarillo-5","status":"publish","type":"product","link":"https:\/\/revolutionpadelstore.com\/pt-pt\/produto\/joma-spin-men-2402-blanco-amarillo-5\/","title":{"rendered":"JOMA SPIN MEN 2402 BLANCO AMARILLO"},"content":{"rendered":"<p>Explore o <strong> joma spin Men 2402 White Yellow 2024 <\/strong>, meticulosamente projetado com a colabora\u00e7\u00e3o de jogadores profissionais para oferecer sapatos de n\u00edvel profissional. Perfeito para o treinamento em m\u00eddia e competi\u00e7\u00e3o, esses sapatos s\u00e3o a escolha ideal para jogadores de peso m\u00e9dio-alto que procuram uma combina\u00e7\u00e3o sem precedentes de desempenho e conforto.<\/p>\n<p>Com uma ampla \u00faltima, os sapatos oferecem um ajuste excepcional, enquanto a parte superior, uma mistura de materiais leves e respir\u00e1veis \u200b\u200bcom tecnologia VTS, garante frescura e conforto ao longo do jogo. A inovadora tecnologia FlexShield e o sistema completo de amortecimento duplo de duplo pulsor s\u00e3o unidos para fornecer estabilidade, prote\u00e7\u00e3o e uma resposta din\u00e2mica em cada etapa.<br \/>\n<H3 class=\"zonadepadel\"> caracter\u00edsticas dos joma spin homens 2402 sapatos amarelos brancos <\/h3>\n<ul>\n<li> Tecnologia VTS para obter a respirabilidade ideal, mantendo o p\u00e9 fresco e seco\n<li> Prote\u00e7\u00e3o FlexShield para uma combina\u00e7\u00e3o perfeita de leveza, ajuste e estabilidade\n<li> amortecimento duplo de duplo pulso, com fil\u00e3o denso para estabilidade e bola reativa para uma resposta \u00e1gil\n<li> Counter exo para prote\u00e7\u00e3o superior contra impactos externos\n<li> Padabilidade de borracha Sole, projetada para resistir \u00e0 abras\u00e3o e garantia da durabilidade\n<li> Pertence \u00e0 cole\u00e7\u00e3o de cal\u00e7ados Padel Joma 2024. <\/li>\n<\/ul>\n<p><H3> <span class=\"zonadepadel\"> Quem \u00e9 direcionado?<br \/>\nOs sapatos Joma Spin Men 2402 s\u00e3o direcionados a jogadores m\u00e9dios a altos, especialmente os de peso m\u00e9dio-alto que valorizam o conforto e o desempenho. Com uma ampla \u00faltima, eles s\u00e3o perfeitos para aqueles que buscam um maior ajuste e apoio a sess\u00f5es de jogo intensas.<br \/>\n<H3> <span class=\"zonadepadel\"> Por que voc\u00ea vai gostar?<br \/>\nVoc\u00ea vai adorar esses sapatos por seu design inovador que n\u00e3o compromete o conforto para o desempenho. A combina\u00e7\u00e3o de tecnologias como VTS e Pulsor duplo completo fornecer\u00e1 uma experi\u00eancia de jogo incompar\u00e1vel, permitindo que voc\u00ea se mova com liberdade e seguran\u00e7a na pista.<strong>zapatillas Joma Spin Men 2402 white yellow 2024<\/strong><\/p>\n","protected":false},"excerpt":{"rendered":"<p>Levante seu jogo com os sapatos Joma Spin Men 2402 em branco e amarelo. Design inovador, conforto e durabilidade para a remo<\/p>\n","protected":false},"featured_media":142245,"comment_status":"open","ping_status":"closed","template":"","meta":{"_acf_changed":false,"_joinchat":[]},"acabado":[],"balance":[],"dureza":[],"forma":[],"jugador":[1190],"marca":[1225],"nivel-de-juego":[],"superficie":[],"tipo-de-juego":[],"product_brand":[],"product_cat":[833],"product_tag":[],"class_list":{"0":"post-142313","1":"product","2":"type-product","3":"status-publish","4":"has-post-thumbnail","6":"jugador-homem","7":"marca-joma-pt-pt","8":"product_cat-tenis","10":"first","11":"outofstock","12":"sale","13":"taxable","14":"shipping-taxable","15":"purchasable","16":"product-type-variable"},"acf":[],"yoast_head":"<!-- This site is optimized with the Yoast SEO plugin v27.4 - https:\/\/yoast.com\/product\/yoast-seo-wordpress\/ -->\n<title>JOMA SPIN MEN 2402 BLANCO AMARILLO - Revolution Padel Store<\/title>\n<meta name=\"description\" content=\"Explora las\u00a0zapatillas Joma Spin Men 2402 white yellow 2024, dise\u00f1adas meticulosamente con la colaboraci\u00f3n de jugadores profesionales de p\u00e1del para ofrecerte un calzado de nivel profesional. Perfectas para entrenamientos medios y competiciones, estas zapatillas son la elecci\u00f3n ideal para jugadores de peso medio-alto que buscan una combinaci\u00f3n sin precedentes de rendimiento y comodidad.\" \/>\n<meta name=\"robots\" content=\"index, follow, max-snippet:-1, max-image-preview:large, max-video-preview:-1\" \/>\n<link rel=\"canonical\" href=\"https:\/\/revolutionpadelstore.com\/pt-pt\/produto\/joma-spin-men-2402-blanco-amarillo-5\/\" \/>\n<meta property=\"og:locale\" content=\"pt_PT\" \/>\n<meta property=\"og:type\" content=\"article\" \/>\n<meta property=\"og:title\" content=\"JOMA SPIN MEN 2402 BLANCO AMARILLO - Revolution Padel Store\" \/>\n<meta property=\"og:description\" content=\"Explora las\u00a0zapatillas Joma Spin Men 2402 white yellow 2024, dise\u00f1adas meticulosamente con la colaboraci\u00f3n de jugadores profesionales de p\u00e1del para ofrecerte un calzado de nivel profesional. Perfectas para entrenamientos medios y competiciones, estas zapatillas son la elecci\u00f3n ideal para jugadores de peso medio-alto que buscan una combinaci\u00f3n sin precedentes de rendimiento y comodidad.\" \/>\n<meta property=\"og:url\" content=\"https:\/\/revolutionpadelstore.com\/pt-pt\/produto\/joma-spin-men-2402-blanco-amarillo-5\/\" \/>\n<meta property=\"og:site_name\" content=\"Revolution Padel Store\" \/>\n<meta property=\"article:modified_time\" content=\"2026-04-08T07:45:13+00:00\" \/>\n<meta property=\"og:image\" content=\"https:\/\/revolutionpadelstore.com\/wp-content\/uploads\/2024\/12\/56.png\" \/>\n\t<meta property=\"og:image:width\" content=\"1500\" \/>\n\t<meta property=\"og:image:height\" content=\"1500\" \/>\n\t<meta property=\"og:image:type\" content=\"image\/png\" \/>\n<meta name=\"twitter:card\" content=\"summary_large_image\" \/>\n<meta name=\"twitter:label1\" content=\"Tempo estimado de leitura\" \/>\n\t<meta name=\"twitter:data1\" content=\"2 minutos\" \/>\n<script type=\"application\/ld+json\" class=\"yoast-schema-graph\">{\"@context\":\"https:\\\/\\\/schema.org\",\"@graph\":[{\"@type\":\"WebPage\",\"@id\":\"https:\\\/\\\/revolutionpadelstore.com\\\/pt-pt\\\/produto\\\/joma-spin-men-2402-blanco-amarillo-5\\\/\",\"url\":\"https:\\\/\\\/revolutionpadelstore.com\\\/pt-pt\\\/produto\\\/joma-spin-men-2402-blanco-amarillo-5\\\/\",\"name\":\"JOMA SPIN MEN 2402 BLANCO AMARILLO - Revolution Padel Store\",\"isPartOf\":{\"@id\":\"https:\\\/\\\/revolutionpadelstore.com\\\/pt-pt\\\/#website\"},\"primaryImageOfPage\":{\"@id\":\"https:\\\/\\\/revolutionpadelstore.com\\\/pt-pt\\\/produto\\\/joma-spin-men-2402-blanco-amarillo-5\\\/#primaryimage\"},\"image\":{\"@id\":\"https:\\\/\\\/revolutionpadelstore.com\\\/pt-pt\\\/produto\\\/joma-spin-men-2402-blanco-amarillo-5\\\/#primaryimage\"},\"thumbnailUrl\":\"https:\\\/\\\/revolutionpadelstore.com\\\/wp-content\\\/uploads\\\/2024\\\/12\\\/56.png\",\"datePublished\":\"2024-12-04T22:01:58+00:00\",\"dateModified\":\"2026-04-08T07:45:13+00:00\",\"description\":\"Explora las\u00a0zapatillas Joma Spin Men 2402 white yellow 2024, dise\u00f1adas meticulosamente con la colaboraci\u00f3n de jugadores profesionales de p\u00e1del para ofrecerte un calzado de nivel profesional. Perfectas para entrenamientos medios y competiciones, estas zapatillas son la elecci\u00f3n ideal para jugadores de peso medio-alto que buscan una combinaci\u00f3n sin precedentes de rendimiento y comodidad.\",\"breadcrumb\":{\"@id\":\"https:\\\/\\\/revolutionpadelstore.com\\\/pt-pt\\\/produto\\\/joma-spin-men-2402-blanco-amarillo-5\\\/#breadcrumb\"},\"inLanguage\":\"pt-PT\",\"potentialAction\":[{\"@type\":\"ReadAction\",\"target\":[\"https:\\\/\\\/revolutionpadelstore.com\\\/pt-pt\\\/produto\\\/joma-spin-men-2402-blanco-amarillo-5\\\/\"]}]},{\"@type\":\"ImageObject\",\"inLanguage\":\"pt-PT\",\"@id\":\"https:\\\/\\\/revolutionpadelstore.com\\\/pt-pt\\\/produto\\\/joma-spin-men-2402-blanco-amarillo-5\\\/#primaryimage\",\"url\":\"https:\\\/\\\/revolutionpadelstore.com\\\/wp-content\\\/uploads\\\/2024\\\/12\\\/56.png\",\"contentUrl\":\"https:\\\/\\\/revolutionpadelstore.com\\\/wp-content\\\/uploads\\\/2024\\\/12\\\/56.png\",\"width\":1500,\"height\":1500},{\"@type\":\"BreadcrumbList\",\"@id\":\"https:\\\/\\\/revolutionpadelstore.com\\\/pt-pt\\\/produto\\\/joma-spin-men-2402-blanco-amarillo-5\\\/#breadcrumb\",\"itemListElement\":[{\"@type\":\"ListItem\",\"position\":1,\"name\":\"Portada\",\"item\":\"https:\\\/\\\/revolutionpadelstore.com\\\/pt-pt\\\/\"},{\"@type\":\"ListItem\",\"position\":2,\"name\":\"Tienda\",\"item\":\"https:\\\/\\\/revolutionpadelstore.com\\\/pt-pt\\\/tienda\\\/\"},{\"@type\":\"ListItem\",\"position\":3,\"name\":\"JOMA SPIN MEN 2402 BLANCO AMARILLO\"}]},{\"@type\":\"WebSite\",\"@id\":\"https:\\\/\\\/revolutionpadelstore.com\\\/pt-pt\\\/#website\",\"url\":\"https:\\\/\\\/revolutionpadelstore.com\\\/pt-pt\\\/\",\"name\":\"Revolution Padel Store\",\"description\":\"\",\"publisher\":{\"@id\":\"https:\\\/\\\/revolutionpadelstore.com\\\/pt-pt\\\/#organization\"},\"potentialAction\":[{\"@type\":\"SearchAction\",\"target\":{\"@type\":\"EntryPoint\",\"urlTemplate\":\"https:\\\/\\\/revolutionpadelstore.com\\\/pt-pt\\\/?s={search_term_string}\"},\"query-input\":{\"@type\":\"PropertyValueSpecification\",\"valueRequired\":true,\"valueName\":\"search_term_string\"}}],\"inLanguage\":\"pt-PT\"},{\"@type\":\"Organization\",\"@id\":\"https:\\\/\\\/revolutionpadelstore.com\\\/pt-pt\\\/#organization\",\"name\":\"Revolution Padel Store\",\"url\":\"https:\\\/\\\/revolutionpadelstore.com\\\/pt-pt\\\/\",\"logo\":{\"@type\":\"ImageObject\",\"inLanguage\":\"pt-PT\",\"@id\":\"https:\\\/\\\/revolutionpadelstore.com\\\/pt-pt\\\/#\\\/schema\\\/logo\\\/image\\\/\",\"url\":\"https:\\\/\\\/revolutionpadelstore.com\\\/wp-content\\\/uploads\\\/2026\\\/02\\\/revolution-padel-store.jpg\",\"contentUrl\":\"https:\\\/\\\/revolutionpadelstore.com\\\/wp-content\\\/uploads\\\/2026\\\/02\\\/revolution-padel-store.jpg\",\"width\":2000,\"height\":2000,\"caption\":\"Revolution Padel Store\"},\"image\":{\"@id\":\"https:\\\/\\\/revolutionpadelstore.com\\\/pt-pt\\\/#\\\/schema\\\/logo\\\/image\\\/\"},\"sameAs\":[\"https:\\\/\\\/www.instagram.com\\\/revolutionpadelstore\\\/\"]}]}<\/script>\n<!-- \/ Yoast SEO plugin. -->","yoast_head_json":{"title":"JOMA SPIN MEN 2402 BLANCO AMARILLO - Revolution Padel Store","description":"Explora las\u00a0zapatillas Joma Spin Men 2402 white yellow 2024, dise\u00f1adas meticulosamente con la colaboraci\u00f3n de jugadores profesionales de p\u00e1del para ofrecerte un calzado de nivel profesional. Perfectas para entrenamientos medios y competiciones, estas zapatillas son la elecci\u00f3n ideal para jugadores de peso medio-alto que buscan una combinaci\u00f3n sin precedentes de rendimiento y comodidad.","robots":{"index":"index","follow":"follow","max-snippet":"max-snippet:-1","max-image-preview":"max-image-preview:large","max-video-preview":"max-video-preview:-1"},"canonical":"https:\/\/revolutionpadelstore.com\/pt-pt\/produto\/joma-spin-men-2402-blanco-amarillo-5\/","og_locale":"pt_PT","og_type":"article","og_title":"JOMA SPIN MEN 2402 BLANCO AMARILLO - Revolution Padel Store","og_description":"Explora las\u00a0zapatillas Joma Spin Men 2402 white yellow 2024, dise\u00f1adas meticulosamente con la colaboraci\u00f3n de jugadores profesionales de p\u00e1del para ofrecerte un calzado de nivel profesional. Perfectas para entrenamientos medios y competiciones, estas zapatillas son la elecci\u00f3n ideal para jugadores de peso medio-alto que buscan una combinaci\u00f3n sin precedentes de rendimiento y comodidad.","og_url":"https:\/\/revolutionpadelstore.com\/pt-pt\/produto\/joma-spin-men-2402-blanco-amarillo-5\/","og_site_name":"Revolution Padel Store","article_modified_time":"2026-04-08T07:45:13+00:00","og_image":[{"width":1500,"height":1500,"url":"https:\/\/revolutionpadelstore.com\/wp-content\/uploads\/2024\/12\/56.png","type":"image\/png"}],"twitter_card":"summary_large_image","twitter_misc":{"Tempo estimado de leitura":"2 minutos"},"schema":{"@context":"https:\/\/schema.org","@graph":[{"@type":"WebPage","@id":"https:\/\/revolutionpadelstore.com\/pt-pt\/produto\/joma-spin-men-2402-blanco-amarillo-5\/","url":"https:\/\/revolutionpadelstore.com\/pt-pt\/produto\/joma-spin-men-2402-blanco-amarillo-5\/","name":"JOMA SPIN MEN 2402 BLANCO AMARILLO - Revolution Padel Store","isPartOf":{"@id":"https:\/\/revolutionpadelstore.com\/pt-pt\/#website"},"primaryImageOfPage":{"@id":"https:\/\/revolutionpadelstore.com\/pt-pt\/produto\/joma-spin-men-2402-blanco-amarillo-5\/#primaryimage"},"image":{"@id":"https:\/\/revolutionpadelstore.com\/pt-pt\/produto\/joma-spin-men-2402-blanco-amarillo-5\/#primaryimage"},"thumbnailUrl":"https:\/\/revolutionpadelstore.com\/wp-content\/uploads\/2024\/12\/56.png","datePublished":"2024-12-04T22:01:58+00:00","dateModified":"2026-04-08T07:45:13+00:00","description":"Explora las\u00a0zapatillas Joma Spin Men 2402 white yellow 2024, dise\u00f1adas meticulosamente con la colaboraci\u00f3n de jugadores profesionales de p\u00e1del para ofrecerte un calzado de nivel profesional. Perfectas para entrenamientos medios y competiciones, estas zapatillas son la elecci\u00f3n ideal para jugadores de peso medio-alto que buscan una combinaci\u00f3n sin precedentes de rendimiento y comodidad.","breadcrumb":{"@id":"https:\/\/revolutionpadelstore.com\/pt-pt\/produto\/joma-spin-men-2402-blanco-amarillo-5\/#breadcrumb"},"inLanguage":"pt-PT","potentialAction":[{"@type":"ReadAction","target":["https:\/\/revolutionpadelstore.com\/pt-pt\/produto\/joma-spin-men-2402-blanco-amarillo-5\/"]}]},{"@type":"ImageObject","inLanguage":"pt-PT","@id":"https:\/\/revolutionpadelstore.com\/pt-pt\/produto\/joma-spin-men-2402-blanco-amarillo-5\/#primaryimage","url":"https:\/\/revolutionpadelstore.com\/wp-content\/uploads\/2024\/12\/56.png","contentUrl":"https:\/\/revolutionpadelstore.com\/wp-content\/uploads\/2024\/12\/56.png","width":1500,"height":1500},{"@type":"BreadcrumbList","@id":"https:\/\/revolutionpadelstore.com\/pt-pt\/produto\/joma-spin-men-2402-blanco-amarillo-5\/#breadcrumb","itemListElement":[{"@type":"ListItem","position":1,"name":"Portada","item":"https:\/\/revolutionpadelstore.com\/pt-pt\/"},{"@type":"ListItem","position":2,"name":"Tienda","item":"https:\/\/revolutionpadelstore.com\/pt-pt\/tienda\/"},{"@type":"ListItem","position":3,"name":"JOMA SPIN MEN 2402 BLANCO AMARILLO"}]},{"@type":"WebSite","@id":"https:\/\/revolutionpadelstore.com\/pt-pt\/#website","url":"https:\/\/revolutionpadelstore.com\/pt-pt\/","name":"Revolution Padel Store","description":"","publisher":{"@id":"https:\/\/revolutionpadelstore.com\/pt-pt\/#organization"},"potentialAction":[{"@type":"SearchAction","target":{"@type":"EntryPoint","urlTemplate":"https:\/\/revolutionpadelstore.com\/pt-pt\/?s={search_term_string}"},"query-input":{"@type":"PropertyValueSpecification","valueRequired":true,"valueName":"search_term_string"}}],"inLanguage":"pt-PT"},{"@type":"Organization","@id":"https:\/\/revolutionpadelstore.com\/pt-pt\/#organization","name":"Revolution Padel Store","url":"https:\/\/revolutionpadelstore.com\/pt-pt\/","logo":{"@type":"ImageObject","inLanguage":"pt-PT","@id":"https:\/\/revolutionpadelstore.com\/pt-pt\/#\/schema\/logo\/image\/","url":"https:\/\/revolutionpadelstore.com\/wp-content\/uploads\/2026\/02\/revolution-padel-store.jpg","contentUrl":"https:\/\/revolutionpadelstore.com\/wp-content\/uploads\/2026\/02\/revolution-padel-store.jpg","width":2000,"height":2000,"caption":"Revolution Padel Store"},"image":{"@id":"https:\/\/revolutionpadelstore.com\/pt-pt\/#\/schema\/logo\/image\/"},"sameAs":["https:\/\/www.instagram.com\/revolutionpadelstore\/"]}]}},"_links":{"self":[{"href":"https:\/\/revolutionpadelstore.com\/pt-pt\/wp-json\/wp\/v2\/product\/142313","targetHints":{"allow":["GET"]}}],"collection":[{"href":"https:\/\/revolutionpadelstore.com\/pt-pt\/wp-json\/wp\/v2\/product"}],"about":[{"href":"https:\/\/revolutionpadelstore.com\/pt-pt\/wp-json\/wp\/v2\/types\/product"}],"replies":[{"embeddable":true,"href":"https:\/\/revolutionpadelstore.com\/pt-pt\/wp-json\/wp\/v2\/comments?post=142313"}],"wp:featuredmedia":[{"embeddable":true,"href":"https:\/\/revolutionpadelstore.com\/pt-pt\/wp-json\/wp\/v2\/media\/142245"}],"wp:attachment":[{"href":"https:\/\/revolutionpadelstore.com\/pt-pt\/wp-json\/wp\/v2\/media?parent=142313"}],"wp:term":[{"taxonomy":"acabado","embeddable":true,"href":"https:\/\/revolutionpadelstore.com\/pt-pt\/wp-json\/wp\/v2\/acabado?post=142313"},{"taxonomy":"balance","embeddable":true,"href":"https:\/\/revolutionpadelstore.com\/pt-pt\/wp-json\/wp\/v2\/balance?post=142313"},{"taxonomy":"dureza","embeddable":true,"href":"https:\/\/revolutionpadelstore.com\/pt-pt\/wp-json\/wp\/v2\/dureza?post=142313"},{"taxonomy":"forma","embeddable":true,"href":"https:\/\/revolutionpadelstore.com\/pt-pt\/wp-json\/wp\/v2\/forma?post=142313"},{"taxonomy":"jugador","embeddable":true,"href":"https:\/\/revolutionpadelstore.com\/pt-pt\/wp-json\/wp\/v2\/jugador?post=142313"},{"taxonomy":"marca","embeddable":true,"href":"https:\/\/revolutionpadelstore.com\/pt-pt\/wp-json\/wp\/v2\/marca?post=142313"},{"taxonomy":"nivel-de-juego","embeddable":true,"href":"https:\/\/revolutionpadelstore.com\/pt-pt\/wp-json\/wp\/v2\/nivel-de-juego?post=142313"},{"taxonomy":"superficie","embeddable":true,"href":"https:\/\/revolutionpadelstore.com\/pt-pt\/wp-json\/wp\/v2\/superficie?post=142313"},{"taxonomy":"tipo-de-juego","embeddable":true,"href":"https:\/\/revolutionpadelstore.com\/pt-pt\/wp-json\/wp\/v2\/tipo-de-juego?post=142313"},{"taxonomy":"product_brand","embeddable":true,"href":"https:\/\/revolutionpadelstore.com\/pt-pt\/wp-json\/wp\/v2\/product_brand?post=142313"},{"taxonomy":"product_cat","embeddable":true,"href":"https:\/\/revolutionpadelstore.com\/pt-pt\/wp-json\/wp\/v2\/product_cat?post=142313"},{"taxonomy":"product_tag","embeddable":true,"href":"https:\/\/revolutionpadelstore.com\/pt-pt\/wp-json\/wp\/v2\/product_tag?post=142313"}],"curies":[{"name":"wp","href":"https:\/\/api.w.org\/{rel}","templated":true}]}}