{"id":14148,"date":"2024-04-22T15:24:25","date_gmt":"2024-04-22T13:24:25","guid":{"rendered":"https:\/\/revolutionpadelstore.com\/zapatillas-wilson-hurakn-team-cobalto-lila-blanco-mujer\/"},"modified":"2026-04-08T12:02:10","modified_gmt":"2026-04-08T10:02:10","slug":"zapatillas-wilson-hurakn-team-cobalto-lila-blanco-mujer-5","status":"publish","type":"product","link":"https:\/\/revolutionpadelstore.com\/pt-pt\/produto\/zapatillas-wilson-hurakn-team-cobalto-lila-blanco-mujer-5\/","title":{"rendered":"Zapatillas Wilson Hurakn Team Cobalto Lila Blanco Mujer"},"content":{"rendered":"<p>Na Revolution Padel Store, sua loja de confian\u00e7a para tudo relacionado ao mundo do padel, voc\u00ea encontrar\u00e1 os incr\u00edveis sapatos Wilson Hurakn Team Cobalt Lilac White para mulheres. Estes cal\u00e7ados s\u00e3o a op\u00e7\u00e3o ideal para os jogadores de padel que procuram um cal\u00e7ado confi\u00e1vel e confort\u00e1vel que lhes permita movimentar-se com convic\u00e7\u00e3o na quadra.<\/p>\n<p> Fabricados com sola Duralast, esses cal\u00e7ados oferecem m\u00e1xima resist\u00eancia \u00e0 abras\u00e3o e excelente tra\u00e7\u00e3o em todas as superf\u00edcies. Gra\u00e7as ao salto de 12 mm e ao material EVA R-DST+ na entressola, voc\u00ea desfrutar\u00e1 de uma combina\u00e7\u00e3o perfeita de amortecimento e rebote em cada movimento.<\/p>\n<p> O design brilhante e vibrante da equipe Hurakn n\u00e3o s\u00f3 far\u00e1 voc\u00ea se destacar na quadra, mas tamb\u00e9m proporcionar\u00e1 um visual memor\u00e1vel. Al\u00e9m disso, sua tecnologia DF3 proporciona uma sensa\u00e7\u00e3o de quadra completa e amortecimento extra para maior conforto durante as partidas.<\/p>\n<p> Com suporte adicional na zona do meio do p\u00e9 e Suporte do M\u00e9dio P\u00e9 na parte superior, estes t\u00e9nis oferecem-lhe uma estabilidade excepcional nos movimentos laterais. E gra\u00e7as \u00e0 constru\u00e7\u00e3o da palmilha recortada OrthoLite, voc\u00ea desfrutar\u00e1 de uma excelente combina\u00e7\u00e3o de suporte e conforto a cada passo.<\/p>\n<p> N\u00e3o importa em que superf\u00edcie voc\u00ea esteja jogando, os t\u00eanis Wilson Hurakn Team s\u00e3o projetados para oferecer o m\u00e1ximo desempenho nas quadras de padel. Sua alta densidade extremamente resistente e espuma na entressola garantem excepcional resist\u00eancia \u00e0 abras\u00e3o e tra\u00e7\u00e3o.<\/p>\n<p> Resumindo, os t\u00e9nis Wilson Hurakn Team Cobalt Lilac White para mulher s\u00e3o a escolha perfeita para praticantes de padel recreativos que procuram um desempenho confort\u00e1vel e um design espetacular. Compre-os agora na Revolution Padel Store e leve seu jogo para o pr\u00f3ximo n\u00edvel!<\/p>\n","protected":false},"excerpt":{"rendered":"<p>Compre os sapatos femininos Wilson Hurakn Team Cobalto Lilac White na Revolution Padel Store para um desempenho confi\u00e1vel e confort\u00e1vel na quadra de padel.<\/p>\n","protected":false},"featured_media":6804,"comment_status":"closed","ping_status":"open","template":"","meta":{"_acf_changed":false,"_joinchat":[]},"acabado":[],"balance":[],"dureza":[],"forma":[],"jugador":[1195],"marca":[1265],"nivel-de-juego":[1335,1340,1345],"superficie":[],"tipo-de-juego":[],"product_brand":[],"product_cat":[454],"product_tag":[],"class_list":{"0":"post-14148","1":"product","2":"type-product","3":"status-publish","4":"has-post-thumbnail","6":"jugador-mulher","7":"marca-wilson-pt-pt","8":"product_cat-tenis-femininos","10":"first","11":"outofstock","12":"sale","13":"taxable","14":"shipping-taxable","15":"purchasable","16":"product-type-variable"},"acf":[],"yoast_head":"<!-- This site is optimized with the Yoast SEO plugin v27.4 - https:\/\/yoast.com\/product\/yoast-seo-wordpress\/ -->\n<title>Zapatillas Wilson Hurakn Team Cobalto Lila Blanco Mujer - Revolution Padel Store<\/title>\n<meta name=\"description\" content=\"Compra las zapatillas Wilson Hurakn Team Cobalto Lila Blanco Mujer en Revolution Padel Store para un rendimiento fiable y c\u00f3modo en la pista de p\u00e1del.\" \/>\n<meta name=\"robots\" content=\"index, follow, max-snippet:-1, max-image-preview:large, max-video-preview:-1\" \/>\n<link rel=\"canonical\" href=\"https:\/\/revolutionpadelstore.com\/pt-pt\/produto\/zapatillas-wilson-hurakn-team-cobalto-lila-blanco-mujer-5\/\" \/>\n<meta property=\"og:locale\" content=\"pt_PT\" \/>\n<meta property=\"og:type\" content=\"article\" \/>\n<meta property=\"og:title\" content=\"Zapatillas Wilson Hurakn Team Cobalto Lila Blanco Mujer - Revolution Padel Store\" \/>\n<meta property=\"og:description\" content=\"Compra las zapatillas Wilson Hurakn Team Cobalto Lila Blanco Mujer en Revolution Padel Store para un rendimiento fiable y c\u00f3modo en la pista de p\u00e1del.\" \/>\n<meta property=\"og:url\" content=\"https:\/\/revolutionpadelstore.com\/pt-pt\/produto\/zapatillas-wilson-hurakn-team-cobalto-lila-blanco-mujer-5\/\" \/>\n<meta property=\"og:site_name\" content=\"Revolution Padel Store\" \/>\n<meta property=\"article:modified_time\" content=\"2026-04-08T10:02:10+00:00\" \/>\n<meta property=\"og:image\" content=\"https:\/\/revolutionpadelstore.com\/wp-content\/uploads\/2024\/04\/16913-0-4.jpg\" \/>\n\t<meta property=\"og:image:width\" content=\"800\" \/>\n\t<meta property=\"og:image:height\" content=\"800\" \/>\n\t<meta property=\"og:image:type\" content=\"image\/png\" \/>\n<meta name=\"twitter:card\" content=\"summary_large_image\" \/>\n<meta name=\"twitter:label1\" content=\"Tempo estimado de leitura\" \/>\n\t<meta name=\"twitter:data1\" content=\"2 minutos\" \/>\n<script type=\"application\/ld+json\" class=\"yoast-schema-graph\">{\"@context\":\"https:\\\/\\\/schema.org\",\"@graph\":[{\"@type\":\"WebPage\",\"@id\":\"https:\\\/\\\/revolutionpadelstore.com\\\/pt-pt\\\/produto\\\/zapatillas-wilson-hurakn-team-cobalto-lila-blanco-mujer-5\\\/\",\"url\":\"https:\\\/\\\/revolutionpadelstore.com\\\/pt-pt\\\/produto\\\/zapatillas-wilson-hurakn-team-cobalto-lila-blanco-mujer-5\\\/\",\"name\":\"Zapatillas Wilson Hurakn Team Cobalto Lila Blanco Mujer - Revolution Padel Store\",\"isPartOf\":{\"@id\":\"https:\\\/\\\/revolutionpadelstore.com\\\/pt-pt\\\/#website\"},\"primaryImageOfPage\":{\"@id\":\"https:\\\/\\\/revolutionpadelstore.com\\\/pt-pt\\\/produto\\\/zapatillas-wilson-hurakn-team-cobalto-lila-blanco-mujer-5\\\/#primaryimage\"},\"image\":{\"@id\":\"https:\\\/\\\/revolutionpadelstore.com\\\/pt-pt\\\/produto\\\/zapatillas-wilson-hurakn-team-cobalto-lila-blanco-mujer-5\\\/#primaryimage\"},\"thumbnailUrl\":\"https:\\\/\\\/revolutionpadelstore.com\\\/wp-content\\\/uploads\\\/2024\\\/04\\\/16913-0-4.jpg\",\"datePublished\":\"2024-04-22T13:24:25+00:00\",\"dateModified\":\"2026-04-08T10:02:10+00:00\",\"description\":\"Compra las zapatillas Wilson Hurakn Team Cobalto Lila Blanco Mujer en Revolution Padel Store para un rendimiento fiable y c\u00f3modo en la pista de p\u00e1del.\",\"breadcrumb\":{\"@id\":\"https:\\\/\\\/revolutionpadelstore.com\\\/pt-pt\\\/produto\\\/zapatillas-wilson-hurakn-team-cobalto-lila-blanco-mujer-5\\\/#breadcrumb\"},\"inLanguage\":\"pt-PT\",\"potentialAction\":[{\"@type\":\"ReadAction\",\"target\":[\"https:\\\/\\\/revolutionpadelstore.com\\\/pt-pt\\\/produto\\\/zapatillas-wilson-hurakn-team-cobalto-lila-blanco-mujer-5\\\/\"]}]},{\"@type\":\"ImageObject\",\"inLanguage\":\"pt-PT\",\"@id\":\"https:\\\/\\\/revolutionpadelstore.com\\\/pt-pt\\\/produto\\\/zapatillas-wilson-hurakn-team-cobalto-lila-blanco-mujer-5\\\/#primaryimage\",\"url\":\"https:\\\/\\\/revolutionpadelstore.com\\\/wp-content\\\/uploads\\\/2024\\\/04\\\/16913-0-4.jpg\",\"contentUrl\":\"https:\\\/\\\/revolutionpadelstore.com\\\/wp-content\\\/uploads\\\/2024\\\/04\\\/16913-0-4.jpg\",\"width\":800,\"height\":800},{\"@type\":\"BreadcrumbList\",\"@id\":\"https:\\\/\\\/revolutionpadelstore.com\\\/pt-pt\\\/produto\\\/zapatillas-wilson-hurakn-team-cobalto-lila-blanco-mujer-5\\\/#breadcrumb\",\"itemListElement\":[{\"@type\":\"ListItem\",\"position\":1,\"name\":\"Portada\",\"item\":\"https:\\\/\\\/revolutionpadelstore.com\\\/pt-pt\\\/\"},{\"@type\":\"ListItem\",\"position\":2,\"name\":\"Tienda\",\"item\":\"https:\\\/\\\/revolutionpadelstore.com\\\/pt-pt\\\/tienda\\\/\"},{\"@type\":\"ListItem\",\"position\":3,\"name\":\"Zapatillas Wilson Hurakn Team Cobalto Lila Blanco Mujer\"}]},{\"@type\":\"WebSite\",\"@id\":\"https:\\\/\\\/revolutionpadelstore.com\\\/pt-pt\\\/#website\",\"url\":\"https:\\\/\\\/revolutionpadelstore.com\\\/pt-pt\\\/\",\"name\":\"Revolution Padel Store\",\"description\":\"\",\"publisher\":{\"@id\":\"https:\\\/\\\/revolutionpadelstore.com\\\/pt-pt\\\/#organization\"},\"potentialAction\":[{\"@type\":\"SearchAction\",\"target\":{\"@type\":\"EntryPoint\",\"urlTemplate\":\"https:\\\/\\\/revolutionpadelstore.com\\\/pt-pt\\\/?s={search_term_string}\"},\"query-input\":{\"@type\":\"PropertyValueSpecification\",\"valueRequired\":true,\"valueName\":\"search_term_string\"}}],\"inLanguage\":\"pt-PT\"},{\"@type\":\"Organization\",\"@id\":\"https:\\\/\\\/revolutionpadelstore.com\\\/pt-pt\\\/#organization\",\"name\":\"Revolution Padel Store\",\"url\":\"https:\\\/\\\/revolutionpadelstore.com\\\/pt-pt\\\/\",\"logo\":{\"@type\":\"ImageObject\",\"inLanguage\":\"pt-PT\",\"@id\":\"https:\\\/\\\/revolutionpadelstore.com\\\/pt-pt\\\/#\\\/schema\\\/logo\\\/image\\\/\",\"url\":\"https:\\\/\\\/revolutionpadelstore.com\\\/wp-content\\\/uploads\\\/2026\\\/02\\\/revolution-padel-store.jpg\",\"contentUrl\":\"https:\\\/\\\/revolutionpadelstore.com\\\/wp-content\\\/uploads\\\/2026\\\/02\\\/revolution-padel-store.jpg\",\"width\":2000,\"height\":2000,\"caption\":\"Revolution Padel Store\"},\"image\":{\"@id\":\"https:\\\/\\\/revolutionpadelstore.com\\\/pt-pt\\\/#\\\/schema\\\/logo\\\/image\\\/\"},\"sameAs\":[\"https:\\\/\\\/www.instagram.com\\\/revolutionpadelstore\\\/\"]}]}<\/script>\n<!-- \/ Yoast SEO plugin. -->","yoast_head_json":{"title":"Zapatillas Wilson Hurakn Team Cobalto Lila Blanco Mujer - Revolution Padel Store","description":"Compra las zapatillas Wilson Hurakn Team Cobalto Lila Blanco Mujer en Revolution Padel Store para un rendimiento fiable y c\u00f3modo en la pista de p\u00e1del.","robots":{"index":"index","follow":"follow","max-snippet":"max-snippet:-1","max-image-preview":"max-image-preview:large","max-video-preview":"max-video-preview:-1"},"canonical":"https:\/\/revolutionpadelstore.com\/pt-pt\/produto\/zapatillas-wilson-hurakn-team-cobalto-lila-blanco-mujer-5\/","og_locale":"pt_PT","og_type":"article","og_title":"Zapatillas Wilson Hurakn Team Cobalto Lila Blanco Mujer - Revolution Padel Store","og_description":"Compra las zapatillas Wilson Hurakn Team Cobalto Lila Blanco Mujer en Revolution Padel Store para un rendimiento fiable y c\u00f3modo en la pista de p\u00e1del.","og_url":"https:\/\/revolutionpadelstore.com\/pt-pt\/produto\/zapatillas-wilson-hurakn-team-cobalto-lila-blanco-mujer-5\/","og_site_name":"Revolution Padel Store","article_modified_time":"2026-04-08T10:02:10+00:00","og_image":[{"width":800,"height":800,"url":"https:\/\/revolutionpadelstore.com\/wp-content\/uploads\/2024\/04\/16913-0-4.jpg","type":"image\/png"}],"twitter_card":"summary_large_image","twitter_misc":{"Tempo estimado de leitura":"2 minutos"},"schema":{"@context":"https:\/\/schema.org","@graph":[{"@type":"WebPage","@id":"https:\/\/revolutionpadelstore.com\/pt-pt\/produto\/zapatillas-wilson-hurakn-team-cobalto-lila-blanco-mujer-5\/","url":"https:\/\/revolutionpadelstore.com\/pt-pt\/produto\/zapatillas-wilson-hurakn-team-cobalto-lila-blanco-mujer-5\/","name":"Zapatillas Wilson Hurakn Team Cobalto Lila Blanco Mujer - Revolution Padel Store","isPartOf":{"@id":"https:\/\/revolutionpadelstore.com\/pt-pt\/#website"},"primaryImageOfPage":{"@id":"https:\/\/revolutionpadelstore.com\/pt-pt\/produto\/zapatillas-wilson-hurakn-team-cobalto-lila-blanco-mujer-5\/#primaryimage"},"image":{"@id":"https:\/\/revolutionpadelstore.com\/pt-pt\/produto\/zapatillas-wilson-hurakn-team-cobalto-lila-blanco-mujer-5\/#primaryimage"},"thumbnailUrl":"https:\/\/revolutionpadelstore.com\/wp-content\/uploads\/2024\/04\/16913-0-4.jpg","datePublished":"2024-04-22T13:24:25+00:00","dateModified":"2026-04-08T10:02:10+00:00","description":"Compra las zapatillas Wilson Hurakn Team Cobalto Lila Blanco Mujer en Revolution Padel Store para un rendimiento fiable y c\u00f3modo en la pista de p\u00e1del.","breadcrumb":{"@id":"https:\/\/revolutionpadelstore.com\/pt-pt\/produto\/zapatillas-wilson-hurakn-team-cobalto-lila-blanco-mujer-5\/#breadcrumb"},"inLanguage":"pt-PT","potentialAction":[{"@type":"ReadAction","target":["https:\/\/revolutionpadelstore.com\/pt-pt\/produto\/zapatillas-wilson-hurakn-team-cobalto-lila-blanco-mujer-5\/"]}]},{"@type":"ImageObject","inLanguage":"pt-PT","@id":"https:\/\/revolutionpadelstore.com\/pt-pt\/produto\/zapatillas-wilson-hurakn-team-cobalto-lila-blanco-mujer-5\/#primaryimage","url":"https:\/\/revolutionpadelstore.com\/wp-content\/uploads\/2024\/04\/16913-0-4.jpg","contentUrl":"https:\/\/revolutionpadelstore.com\/wp-content\/uploads\/2024\/04\/16913-0-4.jpg","width":800,"height":800},{"@type":"BreadcrumbList","@id":"https:\/\/revolutionpadelstore.com\/pt-pt\/produto\/zapatillas-wilson-hurakn-team-cobalto-lila-blanco-mujer-5\/#breadcrumb","itemListElement":[{"@type":"ListItem","position":1,"name":"Portada","item":"https:\/\/revolutionpadelstore.com\/pt-pt\/"},{"@type":"ListItem","position":2,"name":"Tienda","item":"https:\/\/revolutionpadelstore.com\/pt-pt\/tienda\/"},{"@type":"ListItem","position":3,"name":"Zapatillas Wilson Hurakn Team Cobalto Lila Blanco Mujer"}]},{"@type":"WebSite","@id":"https:\/\/revolutionpadelstore.com\/pt-pt\/#website","url":"https:\/\/revolutionpadelstore.com\/pt-pt\/","name":"Revolution Padel Store","description":"","publisher":{"@id":"https:\/\/revolutionpadelstore.com\/pt-pt\/#organization"},"potentialAction":[{"@type":"SearchAction","target":{"@type":"EntryPoint","urlTemplate":"https:\/\/revolutionpadelstore.com\/pt-pt\/?s={search_term_string}"},"query-input":{"@type":"PropertyValueSpecification","valueRequired":true,"valueName":"search_term_string"}}],"inLanguage":"pt-PT"},{"@type":"Organization","@id":"https:\/\/revolutionpadelstore.com\/pt-pt\/#organization","name":"Revolution Padel Store","url":"https:\/\/revolutionpadelstore.com\/pt-pt\/","logo":{"@type":"ImageObject","inLanguage":"pt-PT","@id":"https:\/\/revolutionpadelstore.com\/pt-pt\/#\/schema\/logo\/image\/","url":"https:\/\/revolutionpadelstore.com\/wp-content\/uploads\/2026\/02\/revolution-padel-store.jpg","contentUrl":"https:\/\/revolutionpadelstore.com\/wp-content\/uploads\/2026\/02\/revolution-padel-store.jpg","width":2000,"height":2000,"caption":"Revolution Padel Store"},"image":{"@id":"https:\/\/revolutionpadelstore.com\/pt-pt\/#\/schema\/logo\/image\/"},"sameAs":["https:\/\/www.instagram.com\/revolutionpadelstore\/"]}]}},"_links":{"self":[{"href":"https:\/\/revolutionpadelstore.com\/pt-pt\/wp-json\/wp\/v2\/product\/14148","targetHints":{"allow":["GET"]}}],"collection":[{"href":"https:\/\/revolutionpadelstore.com\/pt-pt\/wp-json\/wp\/v2\/product"}],"about":[{"href":"https:\/\/revolutionpadelstore.com\/pt-pt\/wp-json\/wp\/v2\/types\/product"}],"replies":[{"embeddable":true,"href":"https:\/\/revolutionpadelstore.com\/pt-pt\/wp-json\/wp\/v2\/comments?post=14148"}],"wp:featuredmedia":[{"embeddable":true,"href":"https:\/\/revolutionpadelstore.com\/pt-pt\/wp-json\/wp\/v2\/media\/6804"}],"wp:attachment":[{"href":"https:\/\/revolutionpadelstore.com\/pt-pt\/wp-json\/wp\/v2\/media?parent=14148"}],"wp:term":[{"taxonomy":"acabado","embeddable":true,"href":"https:\/\/revolutionpadelstore.com\/pt-pt\/wp-json\/wp\/v2\/acabado?post=14148"},{"taxonomy":"balance","embeddable":true,"href":"https:\/\/revolutionpadelstore.com\/pt-pt\/wp-json\/wp\/v2\/balance?post=14148"},{"taxonomy":"dureza","embeddable":true,"href":"https:\/\/revolutionpadelstore.com\/pt-pt\/wp-json\/wp\/v2\/dureza?post=14148"},{"taxonomy":"forma","embeddable":true,"href":"https:\/\/revolutionpadelstore.com\/pt-pt\/wp-json\/wp\/v2\/forma?post=14148"},{"taxonomy":"jugador","embeddable":true,"href":"https:\/\/revolutionpadelstore.com\/pt-pt\/wp-json\/wp\/v2\/jugador?post=14148"},{"taxonomy":"marca","embeddable":true,"href":"https:\/\/revolutionpadelstore.com\/pt-pt\/wp-json\/wp\/v2\/marca?post=14148"},{"taxonomy":"nivel-de-juego","embeddable":true,"href":"https:\/\/revolutionpadelstore.com\/pt-pt\/wp-json\/wp\/v2\/nivel-de-juego?post=14148"},{"taxonomy":"superficie","embeddable":true,"href":"https:\/\/revolutionpadelstore.com\/pt-pt\/wp-json\/wp\/v2\/superficie?post=14148"},{"taxonomy":"tipo-de-juego","embeddable":true,"href":"https:\/\/revolutionpadelstore.com\/pt-pt\/wp-json\/wp\/v2\/tipo-de-juego?post=14148"},{"taxonomy":"product_brand","embeddable":true,"href":"https:\/\/revolutionpadelstore.com\/pt-pt\/wp-json\/wp\/v2\/product_brand?post=14148"},{"taxonomy":"product_cat","embeddable":true,"href":"https:\/\/revolutionpadelstore.com\/pt-pt\/wp-json\/wp\/v2\/product_cat?post=14148"},{"taxonomy":"product_tag","embeddable":true,"href":"https:\/\/revolutionpadelstore.com\/pt-pt\/wp-json\/wp\/v2\/product_tag?post=14148"}],"curies":[{"name":"wp","href":"https:\/\/api.w.org\/{rel}","templated":true}]}}