{"id":14058,"date":"2024-03-21T14:35:21","date_gmt":"2024-03-21T13:35:21","guid":{"rendered":"https:\/\/revolutionpadelstore.com\/rs-padel-pro-edition-simon-vasquez\/"},"modified":"2026-04-08T14:55:46","modified_gmt":"2026-04-08T12:55:46","slug":"rs-padel-pro-edition-simon-vasquez-5","status":"publish","type":"product","link":"https:\/\/revolutionpadelstore.com\/pt-pt\/produto\/rs-padel-pro-edition-simon-vasquez-5\/","title":{"rendered":"RS PADEL PRO EDITION SIMON VASQUEZ"},"content":{"rendered":"<p>Compre a raquete de padel RS Padel Pro Edition Simon Vasquez na Revolution Padel Store e desfrute de uma experi\u00eancia de jogo \u00fanica. Esta raquete de padel \u00e9 perfeita para jogadores adultos de n\u00edvel avan\u00e7ado que procuram um estilo de jogo ofensivo e poderoso. Com um alto equil\u00edbrio e um amplo ponto ideal, voc\u00ea ser\u00e1 capaz de realizar golpes poderosos e ataques s\u00f3lidos e precisos.<\/p>\n<p>A estrutura dupla paralela dos buracos torna esta raquete leve e manobr\u00e1vel, permitindo encontrar as melhores tacadas e posicionar a bola com facilidade. Al\u00e9m disso, o seu design em forma de diamante e as cores preto mate e prata conferem-lhe um aspecto elegante e moderno.<\/p>\n<p>Mas n\u00e3o \u00e9 s\u00f3 o design que a destaca, a raquete de padel RS Padel Pro Edition Simon Vasquez possui caracter\u00edsticas t\u00e9cnicas de alta qualidade. Sua estrutura de carbono de alta resist\u00eancia garante uma longa vida \u00fatil, enquanto as faces de carbono 12K com acabamento \u00e1spero permitir\u00e3o realizar diferentes tipos de tiros com grande efic\u00e1cia.<\/p>\n<p>O n\u00facleo de borracha EVA Soft proporciona uma sensa\u00e7\u00e3o confort\u00e1vel e sem vibra\u00e7\u00f5es, enquanto o acabamento com s\u00f3lidos refor\u00e7os de carbono o ajudar\u00e1 a conseguir arremessos r\u00e1pidos e precisos. Al\u00e9m disso, o bra\u00e7o da raquete possui dois orif\u00edcios triangulares para adicionar aerodin\u00e2mica \u00e0s suas jogadas de maior torque.<\/p>\n<p>N\u00e3o espere mais e adquira a raquete de padel RS Padel Pro Edition Simon Vasquez na Revolution Padel Store, loja especializada em produtos de padel de alta qualidade. Com esta raquete voc\u00ea pode levar seu jogo para o pr\u00f3ximo n\u00edvel e desfrutar de uma experi\u00eancia \u00fanica em quadra. Voc\u00ea n\u00e3o vai se arrepender!<\/p>\n","protected":false},"excerpt":{"rendered":"<p>Descubra a raquete de padel RS Padel Pro Edition Simon Vasquez na Revolution Padel Store. Projetado para jogadores avan\u00e7ados e com caracter\u00edsticas t\u00e9cnicas de alta qualidade.<\/p>\n","protected":false},"featured_media":31138,"comment_status":"open","ping_status":"closed","template":"","meta":{"_acf_changed":false,"_joinchat":[]},"acabado":[1090],"balance":[1135],"dureza":[1155],"forma":[1175],"jugador":[1190,1200],"marca":[1310],"nivel-de-juego":[1335],"superficie":[1360],"tipo-de-juego":[1390],"product_brand":[],"product_cat":[300],"product_tag":[],"class_list":{"0":"post-14058","1":"product","2":"type-product","3":"status-publish","4":"has-post-thumbnail","6":"acabado-alivio-3d","7":"balance-alto-pt-pt","8":"dureza-media-pt-pt","9":"forma-hibrido","10":"jugador-homem","11":"jugador-polivalente-pt-pt","12":"marca-rs-padel-pt-pt","13":"superficie-rugosa-pt-pt","14":"tipo-de-juego-avanzado-competicion-pt-pt","15":"product_cat-palas","17":"first","18":"onbackorder","19":"sale","20":"taxable","21":"shipping-taxable","22":"purchasable","23":"product-type-simple"},"acf":[],"yoast_head":"<!-- This site is optimized with the Yoast SEO plugin v27.6 - https:\/\/yoast.com\/product\/yoast-seo-wordpress\/ -->\n<title>RS PADEL PRO EDITION SIMON VASQUEZ - Revolution Padel Store<\/title>\n<meta name=\"description\" content=\"La pala de p\u00e1del RS Padel Pro Edition Simon Vasquez permite el desarrollo de un juego ofensivo y potente. La empu\u00f1adura asegura un gran agarre y da estabilidad a los jugadores.\" \/>\n<meta name=\"robots\" content=\"index, follow, max-snippet:-1, max-image-preview:large, max-video-preview:-1\" \/>\n<link rel=\"canonical\" href=\"https:\/\/revolutionpadelstore.com\/pt-pt\/produto\/rs-padel-pro-edition-simon-vasquez-5\/\" \/>\n<meta property=\"og:locale\" content=\"pt_PT\" \/>\n<meta property=\"og:type\" content=\"article\" \/>\n<meta property=\"og:title\" content=\"RS PADEL PRO EDITION SIMON VASQUEZ - Revolution Padel Store\" \/>\n<meta property=\"og:description\" content=\"La pala de p\u00e1del RS Padel Pro Edition Simon Vasquez permite el desarrollo de un juego ofensivo y potente. La empu\u00f1adura asegura un gran agarre y da estabilidad a los jugadores.\" \/>\n<meta property=\"og:url\" content=\"https:\/\/revolutionpadelstore.com\/pt-pt\/produto\/rs-padel-pro-edition-simon-vasquez-5\/\" \/>\n<meta property=\"og:site_name\" content=\"Revolution Padel Store\" \/>\n<meta property=\"article:modified_time\" content=\"2026-04-08T12:55:46+00:00\" \/>\n<meta property=\"og:image\" content=\"https:\/\/revolutionpadelstore.com\/wp-content\/uploads\/2024\/03\/SIMON_VASQUEZ_1000_1000_5786.webp\" \/>\n\t<meta property=\"og:image:width\" content=\"1000\" \/>\n\t<meta property=\"og:image:height\" content=\"1000\" \/>\n\t<meta property=\"og:image:type\" content=\"image\/webp\" \/>\n<meta name=\"twitter:card\" content=\"summary_large_image\" \/>\n<meta name=\"twitter:label1\" content=\"Tempo estimado de leitura\" \/>\n\t<meta name=\"twitter:data1\" content=\"2 minutos\" \/>\n<script type=\"application\/ld+json\" class=\"yoast-schema-graph\">{\"@context\":\"https:\\\/\\\/schema.org\",\"@graph\":[{\"@type\":\"WebPage\",\"@id\":\"https:\\\/\\\/revolutionpadelstore.com\\\/pt-pt\\\/produto\\\/rs-padel-pro-edition-simon-vasquez-5\\\/\",\"url\":\"https:\\\/\\\/revolutionpadelstore.com\\\/pt-pt\\\/produto\\\/rs-padel-pro-edition-simon-vasquez-5\\\/\",\"name\":\"RS PADEL PRO EDITION SIMON VASQUEZ - Revolution Padel Store\",\"isPartOf\":{\"@id\":\"https:\\\/\\\/revolutionpadelstore.com\\\/pt-pt\\\/#website\"},\"primaryImageOfPage\":{\"@id\":\"https:\\\/\\\/revolutionpadelstore.com\\\/pt-pt\\\/produto\\\/rs-padel-pro-edition-simon-vasquez-5\\\/#primaryimage\"},\"image\":{\"@id\":\"https:\\\/\\\/revolutionpadelstore.com\\\/pt-pt\\\/produto\\\/rs-padel-pro-edition-simon-vasquez-5\\\/#primaryimage\"},\"thumbnailUrl\":\"https:\\\/\\\/revolutionpadelstore.com\\\/wp-content\\\/uploads\\\/2024\\\/03\\\/SIMON_VASQUEZ_1000_1000_5786.webp\",\"datePublished\":\"2024-03-21T13:35:21+00:00\",\"dateModified\":\"2026-04-08T12:55:46+00:00\",\"description\":\"La pala de p\u00e1del RS Padel Pro Edition Simon Vasquez permite el desarrollo de un juego ofensivo y potente. La empu\u00f1adura asegura un gran agarre y da estabilidad a los jugadores.\",\"breadcrumb\":{\"@id\":\"https:\\\/\\\/revolutionpadelstore.com\\\/pt-pt\\\/produto\\\/rs-padel-pro-edition-simon-vasquez-5\\\/#breadcrumb\"},\"inLanguage\":\"pt-PT\",\"potentialAction\":[{\"@type\":\"ReadAction\",\"target\":[\"https:\\\/\\\/revolutionpadelstore.com\\\/pt-pt\\\/produto\\\/rs-padel-pro-edition-simon-vasquez-5\\\/\"]}]},{\"@type\":\"ImageObject\",\"inLanguage\":\"pt-PT\",\"@id\":\"https:\\\/\\\/revolutionpadelstore.com\\\/pt-pt\\\/produto\\\/rs-padel-pro-edition-simon-vasquez-5\\\/#primaryimage\",\"url\":\"https:\\\/\\\/revolutionpadelstore.com\\\/wp-content\\\/uploads\\\/2024\\\/03\\\/SIMON_VASQUEZ_1000_1000_5786.webp\",\"contentUrl\":\"https:\\\/\\\/revolutionpadelstore.com\\\/wp-content\\\/uploads\\\/2024\\\/03\\\/SIMON_VASQUEZ_1000_1000_5786.webp\",\"width\":1000,\"height\":1000},{\"@type\":\"BreadcrumbList\",\"@id\":\"https:\\\/\\\/revolutionpadelstore.com\\\/pt-pt\\\/produto\\\/rs-padel-pro-edition-simon-vasquez-5\\\/#breadcrumb\",\"itemListElement\":[{\"@type\":\"ListItem\",\"position\":1,\"name\":\"Portada\",\"item\":\"https:\\\/\\\/revolutionpadelstore.com\\\/pt-pt\\\/\"},{\"@type\":\"ListItem\",\"position\":2,\"name\":\"Tienda\",\"item\":\"https:\\\/\\\/revolutionpadelstore.com\\\/pt-pt\\\/tienda\\\/\"},{\"@type\":\"ListItem\",\"position\":3,\"name\":\"RS PADEL PRO EDITION SIMON VASQUEZ\"}]},{\"@type\":\"WebSite\",\"@id\":\"https:\\\/\\\/revolutionpadelstore.com\\\/pt-pt\\\/#website\",\"url\":\"https:\\\/\\\/revolutionpadelstore.com\\\/pt-pt\\\/\",\"name\":\"Revolution Padel Store\",\"description\":\"\",\"publisher\":{\"@id\":\"https:\\\/\\\/revolutionpadelstore.com\\\/pt-pt\\\/#organization\"},\"potentialAction\":[{\"@type\":\"SearchAction\",\"target\":{\"@type\":\"EntryPoint\",\"urlTemplate\":\"https:\\\/\\\/revolutionpadelstore.com\\\/pt-pt\\\/?s={search_term_string}\"},\"query-input\":{\"@type\":\"PropertyValueSpecification\",\"valueRequired\":true,\"valueName\":\"search_term_string\"}}],\"inLanguage\":\"pt-PT\"},{\"@type\":\"Organization\",\"@id\":\"https:\\\/\\\/revolutionpadelstore.com\\\/pt-pt\\\/#organization\",\"name\":\"Revolution Padel Store\",\"url\":\"https:\\\/\\\/revolutionpadelstore.com\\\/pt-pt\\\/\",\"logo\":{\"@type\":\"ImageObject\",\"inLanguage\":\"pt-PT\",\"@id\":\"https:\\\/\\\/revolutionpadelstore.com\\\/pt-pt\\\/#\\\/schema\\\/logo\\\/image\\\/\",\"url\":\"https:\\\/\\\/revolutionpadelstore.com\\\/wp-content\\\/uploads\\\/2026\\\/02\\\/revolution-padel-store.jpg\",\"contentUrl\":\"https:\\\/\\\/revolutionpadelstore.com\\\/wp-content\\\/uploads\\\/2026\\\/02\\\/revolution-padel-store.jpg\",\"width\":2000,\"height\":2000,\"caption\":\"Revolution Padel Store\"},\"image\":{\"@id\":\"https:\\\/\\\/revolutionpadelstore.com\\\/pt-pt\\\/#\\\/schema\\\/logo\\\/image\\\/\"},\"sameAs\":[\"https:\\\/\\\/www.instagram.com\\\/revolutionpadelstore\\\/\"]}]}<\/script>\n<!-- \/ Yoast SEO plugin. -->","yoast_head_json":{"title":"RS PADEL PRO EDITION SIMON VASQUEZ - Revolution Padel Store","description":"La pala de p\u00e1del RS Padel Pro Edition Simon Vasquez permite el desarrollo de un juego ofensivo y potente. La empu\u00f1adura asegura un gran agarre y da estabilidad a los jugadores.","robots":{"index":"index","follow":"follow","max-snippet":"max-snippet:-1","max-image-preview":"max-image-preview:large","max-video-preview":"max-video-preview:-1"},"canonical":"https:\/\/revolutionpadelstore.com\/pt-pt\/produto\/rs-padel-pro-edition-simon-vasquez-5\/","og_locale":"pt_PT","og_type":"article","og_title":"RS PADEL PRO EDITION SIMON VASQUEZ - Revolution Padel Store","og_description":"La pala de p\u00e1del RS Padel Pro Edition Simon Vasquez permite el desarrollo de un juego ofensivo y potente. La empu\u00f1adura asegura un gran agarre y da estabilidad a los jugadores.","og_url":"https:\/\/revolutionpadelstore.com\/pt-pt\/produto\/rs-padel-pro-edition-simon-vasquez-5\/","og_site_name":"Revolution Padel Store","article_modified_time":"2026-04-08T12:55:46+00:00","og_image":[{"width":1000,"height":1000,"url":"https:\/\/revolutionpadelstore.com\/wp-content\/uploads\/2024\/03\/SIMON_VASQUEZ_1000_1000_5786.webp","type":"image\/webp"}],"twitter_card":"summary_large_image","twitter_misc":{"Tempo estimado de leitura":"2 minutos"},"schema":{"@context":"https:\/\/schema.org","@graph":[{"@type":"WebPage","@id":"https:\/\/revolutionpadelstore.com\/pt-pt\/produto\/rs-padel-pro-edition-simon-vasquez-5\/","url":"https:\/\/revolutionpadelstore.com\/pt-pt\/produto\/rs-padel-pro-edition-simon-vasquez-5\/","name":"RS PADEL PRO EDITION SIMON VASQUEZ - Revolution Padel Store","isPartOf":{"@id":"https:\/\/revolutionpadelstore.com\/pt-pt\/#website"},"primaryImageOfPage":{"@id":"https:\/\/revolutionpadelstore.com\/pt-pt\/produto\/rs-padel-pro-edition-simon-vasquez-5\/#primaryimage"},"image":{"@id":"https:\/\/revolutionpadelstore.com\/pt-pt\/produto\/rs-padel-pro-edition-simon-vasquez-5\/#primaryimage"},"thumbnailUrl":"https:\/\/revolutionpadelstore.com\/wp-content\/uploads\/2024\/03\/SIMON_VASQUEZ_1000_1000_5786.webp","datePublished":"2024-03-21T13:35:21+00:00","dateModified":"2026-04-08T12:55:46+00:00","description":"La pala de p\u00e1del RS Padel Pro Edition Simon Vasquez permite el desarrollo de un juego ofensivo y potente. La empu\u00f1adura asegura un gran agarre y da estabilidad a los jugadores.","breadcrumb":{"@id":"https:\/\/revolutionpadelstore.com\/pt-pt\/produto\/rs-padel-pro-edition-simon-vasquez-5\/#breadcrumb"},"inLanguage":"pt-PT","potentialAction":[{"@type":"ReadAction","target":["https:\/\/revolutionpadelstore.com\/pt-pt\/produto\/rs-padel-pro-edition-simon-vasquez-5\/"]}]},{"@type":"ImageObject","inLanguage":"pt-PT","@id":"https:\/\/revolutionpadelstore.com\/pt-pt\/produto\/rs-padel-pro-edition-simon-vasquez-5\/#primaryimage","url":"https:\/\/revolutionpadelstore.com\/wp-content\/uploads\/2024\/03\/SIMON_VASQUEZ_1000_1000_5786.webp","contentUrl":"https:\/\/revolutionpadelstore.com\/wp-content\/uploads\/2024\/03\/SIMON_VASQUEZ_1000_1000_5786.webp","width":1000,"height":1000},{"@type":"BreadcrumbList","@id":"https:\/\/revolutionpadelstore.com\/pt-pt\/produto\/rs-padel-pro-edition-simon-vasquez-5\/#breadcrumb","itemListElement":[{"@type":"ListItem","position":1,"name":"Portada","item":"https:\/\/revolutionpadelstore.com\/pt-pt\/"},{"@type":"ListItem","position":2,"name":"Tienda","item":"https:\/\/revolutionpadelstore.com\/pt-pt\/tienda\/"},{"@type":"ListItem","position":3,"name":"RS PADEL PRO EDITION SIMON VASQUEZ"}]},{"@type":"WebSite","@id":"https:\/\/revolutionpadelstore.com\/pt-pt\/#website","url":"https:\/\/revolutionpadelstore.com\/pt-pt\/","name":"Revolution Padel Store","description":"","publisher":{"@id":"https:\/\/revolutionpadelstore.com\/pt-pt\/#organization"},"potentialAction":[{"@type":"SearchAction","target":{"@type":"EntryPoint","urlTemplate":"https:\/\/revolutionpadelstore.com\/pt-pt\/?s={search_term_string}"},"query-input":{"@type":"PropertyValueSpecification","valueRequired":true,"valueName":"search_term_string"}}],"inLanguage":"pt-PT"},{"@type":"Organization","@id":"https:\/\/revolutionpadelstore.com\/pt-pt\/#organization","name":"Revolution Padel Store","url":"https:\/\/revolutionpadelstore.com\/pt-pt\/","logo":{"@type":"ImageObject","inLanguage":"pt-PT","@id":"https:\/\/revolutionpadelstore.com\/pt-pt\/#\/schema\/logo\/image\/","url":"https:\/\/revolutionpadelstore.com\/wp-content\/uploads\/2026\/02\/revolution-padel-store.jpg","contentUrl":"https:\/\/revolutionpadelstore.com\/wp-content\/uploads\/2026\/02\/revolution-padel-store.jpg","width":2000,"height":2000,"caption":"Revolution Padel Store"},"image":{"@id":"https:\/\/revolutionpadelstore.com\/pt-pt\/#\/schema\/logo\/image\/"},"sameAs":["https:\/\/www.instagram.com\/revolutionpadelstore\/"]}]}},"_links":{"self":[{"href":"https:\/\/revolutionpadelstore.com\/pt-pt\/wp-json\/wp\/v2\/product\/14058","targetHints":{"allow":["GET"]}}],"collection":[{"href":"https:\/\/revolutionpadelstore.com\/pt-pt\/wp-json\/wp\/v2\/product"}],"about":[{"href":"https:\/\/revolutionpadelstore.com\/pt-pt\/wp-json\/wp\/v2\/types\/product"}],"replies":[{"embeddable":true,"href":"https:\/\/revolutionpadelstore.com\/pt-pt\/wp-json\/wp\/v2\/comments?post=14058"}],"wp:featuredmedia":[{"embeddable":true,"href":"https:\/\/revolutionpadelstore.com\/pt-pt\/wp-json\/wp\/v2\/media\/31138"}],"wp:attachment":[{"href":"https:\/\/revolutionpadelstore.com\/pt-pt\/wp-json\/wp\/v2\/media?parent=14058"}],"wp:term":[{"taxonomy":"acabado","embeddable":true,"href":"https:\/\/revolutionpadelstore.com\/pt-pt\/wp-json\/wp\/v2\/acabado?post=14058"},{"taxonomy":"balance","embeddable":true,"href":"https:\/\/revolutionpadelstore.com\/pt-pt\/wp-json\/wp\/v2\/balance?post=14058"},{"taxonomy":"dureza","embeddable":true,"href":"https:\/\/revolutionpadelstore.com\/pt-pt\/wp-json\/wp\/v2\/dureza?post=14058"},{"taxonomy":"forma","embeddable":true,"href":"https:\/\/revolutionpadelstore.com\/pt-pt\/wp-json\/wp\/v2\/forma?post=14058"},{"taxonomy":"jugador","embeddable":true,"href":"https:\/\/revolutionpadelstore.com\/pt-pt\/wp-json\/wp\/v2\/jugador?post=14058"},{"taxonomy":"marca","embeddable":true,"href":"https:\/\/revolutionpadelstore.com\/pt-pt\/wp-json\/wp\/v2\/marca?post=14058"},{"taxonomy":"nivel-de-juego","embeddable":true,"href":"https:\/\/revolutionpadelstore.com\/pt-pt\/wp-json\/wp\/v2\/nivel-de-juego?post=14058"},{"taxonomy":"superficie","embeddable":true,"href":"https:\/\/revolutionpadelstore.com\/pt-pt\/wp-json\/wp\/v2\/superficie?post=14058"},{"taxonomy":"tipo-de-juego","embeddable":true,"href":"https:\/\/revolutionpadelstore.com\/pt-pt\/wp-json\/wp\/v2\/tipo-de-juego?post=14058"},{"taxonomy":"product_brand","embeddable":true,"href":"https:\/\/revolutionpadelstore.com\/pt-pt\/wp-json\/wp\/v2\/product_brand?post=14058"},{"taxonomy":"product_cat","embeddable":true,"href":"https:\/\/revolutionpadelstore.com\/pt-pt\/wp-json\/wp\/v2\/product_cat?post=14058"},{"taxonomy":"product_tag","embeddable":true,"href":"https:\/\/revolutionpadelstore.com\/pt-pt\/wp-json\/wp\/v2\/product_tag?post=14058"}],"curies":[{"name":"wp","href":"https:\/\/api.w.org\/{rel}","templated":true}]}}