{"id":13957,"date":"2024-04-22T15:24:45","date_gmt":"2024-04-22T13:24:45","guid":{"rendered":"https:\/\/revolutionpadelstore.com\/siux-black-carbon-revolution-3k\/"},"modified":"2026-04-08T11:55:39","modified_gmt":"2026-04-08T09:55:39","slug":"siux-black-carbon-revolution-3k-5","status":"publish","type":"product","link":"https:\/\/revolutionpadelstore.com\/pt-pt\/produto\/siux-black-carbon-revolution-3k-5\/","title":{"rendered":"SIUX BLACK CARBON REVOLUTION 3K"},"content":{"rendered":"<p>Descubra a raquete de padel perfeita para jogadores avan\u00e7ados na Revolution Padel Store: Siux Black Carbon Revolution 3K. Esta incr\u00edvel raquete possui um elegante design preto e detalhes em branco e amarelo que a tornam \u00fanica em seu estilo. Na Revolution Padel Store voc\u00ea encontrar\u00e1 a melhor sele\u00e7\u00e3o de raquetes de padel de alta qualidade, e a Siux Black Carbon Revolution 3K n\u00e3o \u00e9 exce\u00e7\u00e3o.<\/p>\n<p> A raquete Siux Black Carbon Revolution 3K \u00e9 a escolha perfeita para jogadores de n\u00edvel avan\u00e7ado ou intermedi\u00e1rio que procuram uma raquete que proporcione conforto, desempenho e excelente manuseio em quadra. Seu formato redondo e amplo ponto ideal permitir\u00e3o que voc\u00ea tenha uma melhor defesa e um equil\u00edbrio perfeito entre for\u00e7a e controle.<\/p>\n<p> Al\u00e9m disso, sua borracha EVA macia EHR proporcionar\u00e1 sensa\u00e7\u00f5es incompar\u00e1veis \u200b\u200be grande conforto a cada golpe. Sua estrutura de fus\u00e3o de carbono e fibra de vidro o torna resistente e dur\u00e1vel, ideal para resistir aos golpes mais intensos.<\/p>\n<p> A raquete Siux Black Carbon Revolution 3K tamb\u00e9m possui caracter\u00edsticas \u00fanicas, como sua superf\u00edcie rugosa que permitir\u00e1 uma melhor ader\u00eancia \u00e0 bola, seu peso leve de 355 g que lhe dar\u00e1 maior adaptabilidade e sua tecnologia de grafeno que lhe confere um extra de for\u00e7a aos seus golpes.<\/p>\n<p> Na Revolution Padel Store nos preocupamos em oferecer apenas o melhor, por isso o Siux Black Carbon Revolution 3K tamb\u00e9m incorpora quatro antivibra\u00e7\u00f5es Shockout que ir\u00e3o melhorar o seu conforto em cada impacto e proporcionar maior estabilidade na quadra.<\/p>\n<p> N\u00e3o espere mais e venha \u00e0 Revolution Padel Store para descobrir a raquete de padel perfeita para voc\u00ea: Siux Black Carbon Revolution 3K. Voc\u00ea n\u00e3o vai se arrepender de experimentar em seus treinos e competi\u00e7\u00f5es!<\/p>\n","protected":false},"excerpt":{"rendered":"<p>e tem uma ampla sele\u00e7\u00e3o de raquetes de padel<\/p>\n<p> &#8220;Descubra a raquete Siux Black Carbon Revolution 3K na Revolution Padel Store. Ideal para jogadores avan\u00e7ados ou intermedi\u00e1rios, com design elegante e recursos de alto desempenho.<\/p>\n","protected":false},"featured_media":161226,"comment_status":"closed","ping_status":"closed","template":"","meta":{"_acf_changed":false,"_joinchat":[]},"acabado":[],"balance":[],"dureza":[],"forma":[],"jugador":[1190,1200],"marca":[1305],"nivel-de-juego":[],"superficie":[],"tipo-de-juego":[],"product_brand":[],"product_cat":[300],"product_tag":[],"class_list":{"0":"post-13957","1":"product","2":"type-product","3":"status-publish","4":"has-post-thumbnail","6":"jugador-homem","7":"jugador-polivalente-pt-pt","8":"marca-siux-pt-pt","9":"product_cat-palas","11":"first","12":"instock","13":"sale","14":"taxable","15":"shipping-taxable","16":"purchasable","17":"product-type-simple"},"acf":[],"yoast_head":"<!-- This site is optimized with the Yoast SEO plugin v27.4 - https:\/\/yoast.com\/product\/yoast-seo-wordpress\/ -->\n<title>SIUX BLACK CARBON REVOLUTION 3K - Revolution Padel Store<\/title>\n<meta name=\"description\" content=\"y cuenta con una amplia selecci\u00f3n de palas de p\u00e1del &quot;Descubre la pala Siux Black Carbon Revolution 3K en Revolution Padel Store. Ideal para jugadores avanzados o intermedios, con dise\u00f1o elegante y caracter\u00edsticas de alto rendimiento.\" \/>\n<meta name=\"robots\" content=\"index, follow, max-snippet:-1, max-image-preview:large, max-video-preview:-1\" \/>\n<link rel=\"canonical\" href=\"https:\/\/revolutionpadelstore.com\/pt-pt\/produto\/siux-black-carbon-revolution-3k-5\/\" \/>\n<meta property=\"og:locale\" content=\"pt_PT\" \/>\n<meta property=\"og:type\" content=\"article\" \/>\n<meta property=\"og:title\" content=\"SIUX BLACK CARBON REVOLUTION 3K - Revolution Padel Store\" \/>\n<meta property=\"og:description\" content=\"y cuenta con una amplia selecci\u00f3n de palas de p\u00e1del &quot;Descubre la pala Siux Black Carbon Revolution 3K en Revolution Padel Store. Ideal para jugadores avanzados o intermedios, con dise\u00f1o elegante y caracter\u00edsticas de alto rendimiento.\" \/>\n<meta property=\"og:url\" content=\"https:\/\/revolutionpadelstore.com\/pt-pt\/produto\/siux-black-carbon-revolution-3k-5\/\" \/>\n<meta property=\"og:site_name\" content=\"Revolution Padel Store\" \/>\n<meta property=\"article:modified_time\" content=\"2026-04-08T09:55:39+00:00\" \/>\n<meta property=\"og:image\" content=\"https:\/\/revolutionpadelstore.com\/wp-content\/uploads\/2024\/04\/24395-P-0-4.png\" \/>\n\t<meta property=\"og:image:width\" content=\"1500\" \/>\n\t<meta property=\"og:image:height\" content=\"1500\" \/>\n\t<meta property=\"og:image:type\" content=\"image\/png\" \/>\n<meta name=\"twitter:card\" content=\"summary_large_image\" \/>\n<meta name=\"twitter:label1\" content=\"Tempo estimado de leitura\" \/>\n\t<meta name=\"twitter:data1\" content=\"2 minutos\" \/>\n<script type=\"application\/ld+json\" class=\"yoast-schema-graph\">{\"@context\":\"https:\\\/\\\/schema.org\",\"@graph\":[{\"@type\":\"WebPage\",\"@id\":\"https:\\\/\\\/revolutionpadelstore.com\\\/pt-pt\\\/produto\\\/siux-black-carbon-revolution-3k-5\\\/\",\"url\":\"https:\\\/\\\/revolutionpadelstore.com\\\/pt-pt\\\/produto\\\/siux-black-carbon-revolution-3k-5\\\/\",\"name\":\"SIUX BLACK CARBON REVOLUTION 3K - Revolution Padel Store\",\"isPartOf\":{\"@id\":\"https:\\\/\\\/revolutionpadelstore.com\\\/pt-pt\\\/#website\"},\"primaryImageOfPage\":{\"@id\":\"https:\\\/\\\/revolutionpadelstore.com\\\/pt-pt\\\/produto\\\/siux-black-carbon-revolution-3k-5\\\/#primaryimage\"},\"image\":{\"@id\":\"https:\\\/\\\/revolutionpadelstore.com\\\/pt-pt\\\/produto\\\/siux-black-carbon-revolution-3k-5\\\/#primaryimage\"},\"thumbnailUrl\":\"https:\\\/\\\/revolutionpadelstore.com\\\/wp-content\\\/uploads\\\/2024\\\/04\\\/24395-P-0-4.png\",\"datePublished\":\"2024-04-22T13:24:45+00:00\",\"dateModified\":\"2026-04-08T09:55:39+00:00\",\"description\":\"y cuenta con una amplia selecci\u00f3n de palas de p\u00e1del \\\"Descubre la pala Siux Black Carbon Revolution 3K en Revolution Padel Store. Ideal para jugadores avanzados o intermedios, con dise\u00f1o elegante y caracter\u00edsticas de alto rendimiento.\",\"breadcrumb\":{\"@id\":\"https:\\\/\\\/revolutionpadelstore.com\\\/pt-pt\\\/produto\\\/siux-black-carbon-revolution-3k-5\\\/#breadcrumb\"},\"inLanguage\":\"pt-PT\",\"potentialAction\":[{\"@type\":\"ReadAction\",\"target\":[\"https:\\\/\\\/revolutionpadelstore.com\\\/pt-pt\\\/produto\\\/siux-black-carbon-revolution-3k-5\\\/\"]}]},{\"@type\":\"ImageObject\",\"inLanguage\":\"pt-PT\",\"@id\":\"https:\\\/\\\/revolutionpadelstore.com\\\/pt-pt\\\/produto\\\/siux-black-carbon-revolution-3k-5\\\/#primaryimage\",\"url\":\"https:\\\/\\\/revolutionpadelstore.com\\\/wp-content\\\/uploads\\\/2024\\\/04\\\/24395-P-0-4.png\",\"contentUrl\":\"https:\\\/\\\/revolutionpadelstore.com\\\/wp-content\\\/uploads\\\/2024\\\/04\\\/24395-P-0-4.png\",\"width\":1500,\"height\":1500},{\"@type\":\"BreadcrumbList\",\"@id\":\"https:\\\/\\\/revolutionpadelstore.com\\\/pt-pt\\\/produto\\\/siux-black-carbon-revolution-3k-5\\\/#breadcrumb\",\"itemListElement\":[{\"@type\":\"ListItem\",\"position\":1,\"name\":\"Portada\",\"item\":\"https:\\\/\\\/revolutionpadelstore.com\\\/pt-pt\\\/\"},{\"@type\":\"ListItem\",\"position\":2,\"name\":\"Tienda\",\"item\":\"https:\\\/\\\/revolutionpadelstore.com\\\/pt-pt\\\/tienda\\\/\"},{\"@type\":\"ListItem\",\"position\":3,\"name\":\"SIUX BLACK CARBON REVOLUTION 3K\"}]},{\"@type\":\"WebSite\",\"@id\":\"https:\\\/\\\/revolutionpadelstore.com\\\/pt-pt\\\/#website\",\"url\":\"https:\\\/\\\/revolutionpadelstore.com\\\/pt-pt\\\/\",\"name\":\"Revolution Padel Store\",\"description\":\"\",\"publisher\":{\"@id\":\"https:\\\/\\\/revolutionpadelstore.com\\\/pt-pt\\\/#organization\"},\"potentialAction\":[{\"@type\":\"SearchAction\",\"target\":{\"@type\":\"EntryPoint\",\"urlTemplate\":\"https:\\\/\\\/revolutionpadelstore.com\\\/pt-pt\\\/?s={search_term_string}\"},\"query-input\":{\"@type\":\"PropertyValueSpecification\",\"valueRequired\":true,\"valueName\":\"search_term_string\"}}],\"inLanguage\":\"pt-PT\"},{\"@type\":\"Organization\",\"@id\":\"https:\\\/\\\/revolutionpadelstore.com\\\/pt-pt\\\/#organization\",\"name\":\"Revolution Padel Store\",\"url\":\"https:\\\/\\\/revolutionpadelstore.com\\\/pt-pt\\\/\",\"logo\":{\"@type\":\"ImageObject\",\"inLanguage\":\"pt-PT\",\"@id\":\"https:\\\/\\\/revolutionpadelstore.com\\\/pt-pt\\\/#\\\/schema\\\/logo\\\/image\\\/\",\"url\":\"https:\\\/\\\/revolutionpadelstore.com\\\/wp-content\\\/uploads\\\/2026\\\/02\\\/revolution-padel-store.jpg\",\"contentUrl\":\"https:\\\/\\\/revolutionpadelstore.com\\\/wp-content\\\/uploads\\\/2026\\\/02\\\/revolution-padel-store.jpg\",\"width\":2000,\"height\":2000,\"caption\":\"Revolution Padel Store\"},\"image\":{\"@id\":\"https:\\\/\\\/revolutionpadelstore.com\\\/pt-pt\\\/#\\\/schema\\\/logo\\\/image\\\/\"},\"sameAs\":[\"https:\\\/\\\/www.instagram.com\\\/revolutionpadelstore\\\/\"]}]}<\/script>\n<!-- \/ Yoast SEO plugin. -->","yoast_head_json":{"title":"SIUX BLACK CARBON REVOLUTION 3K - Revolution Padel Store","description":"y cuenta con una amplia selecci\u00f3n de palas de p\u00e1del \"Descubre la pala Siux Black Carbon Revolution 3K en Revolution Padel Store. Ideal para jugadores avanzados o intermedios, con dise\u00f1o elegante y caracter\u00edsticas de alto rendimiento.","robots":{"index":"index","follow":"follow","max-snippet":"max-snippet:-1","max-image-preview":"max-image-preview:large","max-video-preview":"max-video-preview:-1"},"canonical":"https:\/\/revolutionpadelstore.com\/pt-pt\/produto\/siux-black-carbon-revolution-3k-5\/","og_locale":"pt_PT","og_type":"article","og_title":"SIUX BLACK CARBON REVOLUTION 3K - Revolution Padel Store","og_description":"y cuenta con una amplia selecci\u00f3n de palas de p\u00e1del \"Descubre la pala Siux Black Carbon Revolution 3K en Revolution Padel Store. Ideal para jugadores avanzados o intermedios, con dise\u00f1o elegante y caracter\u00edsticas de alto rendimiento.","og_url":"https:\/\/revolutionpadelstore.com\/pt-pt\/produto\/siux-black-carbon-revolution-3k-5\/","og_site_name":"Revolution Padel Store","article_modified_time":"2026-04-08T09:55:39+00:00","og_image":[{"width":1500,"height":1500,"url":"https:\/\/revolutionpadelstore.com\/wp-content\/uploads\/2024\/04\/24395-P-0-4.png","type":"image\/png"}],"twitter_card":"summary_large_image","twitter_misc":{"Tempo estimado de leitura":"2 minutos"},"schema":{"@context":"https:\/\/schema.org","@graph":[{"@type":"WebPage","@id":"https:\/\/revolutionpadelstore.com\/pt-pt\/produto\/siux-black-carbon-revolution-3k-5\/","url":"https:\/\/revolutionpadelstore.com\/pt-pt\/produto\/siux-black-carbon-revolution-3k-5\/","name":"SIUX BLACK CARBON REVOLUTION 3K - Revolution Padel Store","isPartOf":{"@id":"https:\/\/revolutionpadelstore.com\/pt-pt\/#website"},"primaryImageOfPage":{"@id":"https:\/\/revolutionpadelstore.com\/pt-pt\/produto\/siux-black-carbon-revolution-3k-5\/#primaryimage"},"image":{"@id":"https:\/\/revolutionpadelstore.com\/pt-pt\/produto\/siux-black-carbon-revolution-3k-5\/#primaryimage"},"thumbnailUrl":"https:\/\/revolutionpadelstore.com\/wp-content\/uploads\/2024\/04\/24395-P-0-4.png","datePublished":"2024-04-22T13:24:45+00:00","dateModified":"2026-04-08T09:55:39+00:00","description":"y cuenta con una amplia selecci\u00f3n de palas de p\u00e1del \"Descubre la pala Siux Black Carbon Revolution 3K en Revolution Padel Store. Ideal para jugadores avanzados o intermedios, con dise\u00f1o elegante y caracter\u00edsticas de alto rendimiento.","breadcrumb":{"@id":"https:\/\/revolutionpadelstore.com\/pt-pt\/produto\/siux-black-carbon-revolution-3k-5\/#breadcrumb"},"inLanguage":"pt-PT","potentialAction":[{"@type":"ReadAction","target":["https:\/\/revolutionpadelstore.com\/pt-pt\/produto\/siux-black-carbon-revolution-3k-5\/"]}]},{"@type":"ImageObject","inLanguage":"pt-PT","@id":"https:\/\/revolutionpadelstore.com\/pt-pt\/produto\/siux-black-carbon-revolution-3k-5\/#primaryimage","url":"https:\/\/revolutionpadelstore.com\/wp-content\/uploads\/2024\/04\/24395-P-0-4.png","contentUrl":"https:\/\/revolutionpadelstore.com\/wp-content\/uploads\/2024\/04\/24395-P-0-4.png","width":1500,"height":1500},{"@type":"BreadcrumbList","@id":"https:\/\/revolutionpadelstore.com\/pt-pt\/produto\/siux-black-carbon-revolution-3k-5\/#breadcrumb","itemListElement":[{"@type":"ListItem","position":1,"name":"Portada","item":"https:\/\/revolutionpadelstore.com\/pt-pt\/"},{"@type":"ListItem","position":2,"name":"Tienda","item":"https:\/\/revolutionpadelstore.com\/pt-pt\/tienda\/"},{"@type":"ListItem","position":3,"name":"SIUX BLACK CARBON REVOLUTION 3K"}]},{"@type":"WebSite","@id":"https:\/\/revolutionpadelstore.com\/pt-pt\/#website","url":"https:\/\/revolutionpadelstore.com\/pt-pt\/","name":"Revolution Padel Store","description":"","publisher":{"@id":"https:\/\/revolutionpadelstore.com\/pt-pt\/#organization"},"potentialAction":[{"@type":"SearchAction","target":{"@type":"EntryPoint","urlTemplate":"https:\/\/revolutionpadelstore.com\/pt-pt\/?s={search_term_string}"},"query-input":{"@type":"PropertyValueSpecification","valueRequired":true,"valueName":"search_term_string"}}],"inLanguage":"pt-PT"},{"@type":"Organization","@id":"https:\/\/revolutionpadelstore.com\/pt-pt\/#organization","name":"Revolution Padel Store","url":"https:\/\/revolutionpadelstore.com\/pt-pt\/","logo":{"@type":"ImageObject","inLanguage":"pt-PT","@id":"https:\/\/revolutionpadelstore.com\/pt-pt\/#\/schema\/logo\/image\/","url":"https:\/\/revolutionpadelstore.com\/wp-content\/uploads\/2026\/02\/revolution-padel-store.jpg","contentUrl":"https:\/\/revolutionpadelstore.com\/wp-content\/uploads\/2026\/02\/revolution-padel-store.jpg","width":2000,"height":2000,"caption":"Revolution Padel Store"},"image":{"@id":"https:\/\/revolutionpadelstore.com\/pt-pt\/#\/schema\/logo\/image\/"},"sameAs":["https:\/\/www.instagram.com\/revolutionpadelstore\/"]}]}},"_links":{"self":[{"href":"https:\/\/revolutionpadelstore.com\/pt-pt\/wp-json\/wp\/v2\/product\/13957","targetHints":{"allow":["GET"]}}],"collection":[{"href":"https:\/\/revolutionpadelstore.com\/pt-pt\/wp-json\/wp\/v2\/product"}],"about":[{"href":"https:\/\/revolutionpadelstore.com\/pt-pt\/wp-json\/wp\/v2\/types\/product"}],"replies":[{"embeddable":true,"href":"https:\/\/revolutionpadelstore.com\/pt-pt\/wp-json\/wp\/v2\/comments?post=13957"}],"wp:featuredmedia":[{"embeddable":true,"href":"https:\/\/revolutionpadelstore.com\/pt-pt\/wp-json\/wp\/v2\/media\/161226"}],"wp:attachment":[{"href":"https:\/\/revolutionpadelstore.com\/pt-pt\/wp-json\/wp\/v2\/media?parent=13957"}],"wp:term":[{"taxonomy":"acabado","embeddable":true,"href":"https:\/\/revolutionpadelstore.com\/pt-pt\/wp-json\/wp\/v2\/acabado?post=13957"},{"taxonomy":"balance","embeddable":true,"href":"https:\/\/revolutionpadelstore.com\/pt-pt\/wp-json\/wp\/v2\/balance?post=13957"},{"taxonomy":"dureza","embeddable":true,"href":"https:\/\/revolutionpadelstore.com\/pt-pt\/wp-json\/wp\/v2\/dureza?post=13957"},{"taxonomy":"forma","embeddable":true,"href":"https:\/\/revolutionpadelstore.com\/pt-pt\/wp-json\/wp\/v2\/forma?post=13957"},{"taxonomy":"jugador","embeddable":true,"href":"https:\/\/revolutionpadelstore.com\/pt-pt\/wp-json\/wp\/v2\/jugador?post=13957"},{"taxonomy":"marca","embeddable":true,"href":"https:\/\/revolutionpadelstore.com\/pt-pt\/wp-json\/wp\/v2\/marca?post=13957"},{"taxonomy":"nivel-de-juego","embeddable":true,"href":"https:\/\/revolutionpadelstore.com\/pt-pt\/wp-json\/wp\/v2\/nivel-de-juego?post=13957"},{"taxonomy":"superficie","embeddable":true,"href":"https:\/\/revolutionpadelstore.com\/pt-pt\/wp-json\/wp\/v2\/superficie?post=13957"},{"taxonomy":"tipo-de-juego","embeddable":true,"href":"https:\/\/revolutionpadelstore.com\/pt-pt\/wp-json\/wp\/v2\/tipo-de-juego?post=13957"},{"taxonomy":"product_brand","embeddable":true,"href":"https:\/\/revolutionpadelstore.com\/pt-pt\/wp-json\/wp\/v2\/product_brand?post=13957"},{"taxonomy":"product_cat","embeddable":true,"href":"https:\/\/revolutionpadelstore.com\/pt-pt\/wp-json\/wp\/v2\/product_cat?post=13957"},{"taxonomy":"product_tag","embeddable":true,"href":"https:\/\/revolutionpadelstore.com\/pt-pt\/wp-json\/wp\/v2\/product_tag?post=13957"}],"curies":[{"name":"wp","href":"https:\/\/api.w.org\/{rel}","templated":true}]}}