{"id":13732,"date":"2024-04-22T15:25:22","date_gmt":"2024-04-22T13:25:22","guid":{"rendered":"https:\/\/revolutionpadelstore.com\/starvie-triton-pro-2024\/"},"modified":"2026-04-08T11:42:38","modified_gmt":"2026-04-08T09:42:38","slug":"starvie-triton-pro-2024","status":"publish","type":"product","link":"https:\/\/revolutionpadelstore.com\/pt-pt\/produto\/starvie-triton-pro-2024\/","title":{"rendered":"STARVIE TRITON PRO 2024"},"content":{"rendered":"<p>Voc\u00ea \u00e9 um jogador de padel profissional ou de n\u00edvel avan\u00e7ado e procura uma raquete que lhe proporcione um desempenho excepcional na quadra? Temos a solu\u00e7\u00e3o perfeita para voc\u00ea! Na Revolution Padel Store oferecemos-lhe a oportunidade de adquirir a raquete de padel Starvie Trit\u00f3n Pro 2024, um modelo da gama Premium pensado para proporcionar um jogo impar\u00e1vel.<\/p>\n<p> Com formato de l\u00e1grima e equil\u00edbrio inclinado para a cabe\u00e7a, o Starvie Triton Pro 2024 oferece excelente desempenho tanto no ataque quanto na defesa. Seu peso de 350-385 gramas proporciona agilidade e movimentos r\u00e1pidos, enquanto seu n\u00facleo de borracha de m\u00e9dia densidade Pro 50 garante 100% de pot\u00eancia e mais de 90% de sa\u00edda e controle de bola.<\/p>\n<p> Mas isso n\u00e3o \u00e9 tudo, a Starvie Trit\u00f3n Pro 2024 possui materiais e tecnologias de \u00faltima gera\u00e7\u00e3o que a tornam uma raquete \u00fanica em sua classe. Com seu n\u00facleo de borracha EVA Pro 50, faces de carbono 3K, tecnologia Noene Inside e Full Plane Effect, esta raquete oferece um jogo preciso, poderoso e sem vibra\u00e7\u00f5es.<\/p>\n<p> E o melhor de tudo, voc\u00ea pode comprar o Starvie Trit\u00f3n Pro 2024 na Revolution Padel Store, a loja de padel confi\u00e1vel para jogadores exigentes. Compre a raquete de padel Starvie Trit\u00f3n Pro 2024 na Revolution Padel Store e melhore seu jogo como nunca antes!<\/p>\n","protected":false},"excerpt":{"rendered":"<p>Descubra a raquete de padel Starvie Trit\u00f3n Pro 2024 na Revolution Padel Store. Projetado para jogadores de n\u00edvel profissional e avan\u00e7ado.<\/p>\n","protected":false},"featured_media":7362,"comment_status":"closed","ping_status":"open","template":"","meta":{"_acf_changed":false,"_joinchat":[]},"acabado":[],"balance":[],"dureza":[],"forma":[],"jugador":[1190,1200],"marca":[1290],"nivel-de-juego":[],"superficie":[],"tipo-de-juego":[],"product_brand":[],"product_cat":[300],"product_tag":[],"class_list":{"0":"post-13732","1":"product","2":"type-product","3":"status-publish","4":"has-post-thumbnail","6":"jugador-homem","7":"jugador-polivalente-pt-pt","8":"marca-starvie-pt-pt","9":"product_cat-palas","11":"first","12":"instock","13":"sale","14":"taxable","15":"shipping-taxable","16":"purchasable","17":"product-type-simple"},"acf":[],"yoast_head":"<!-- This site is optimized with the Yoast SEO plugin v27.4 - https:\/\/yoast.com\/product\/yoast-seo-wordpress\/ -->\n<title>STARVIE TRITON PRO 2024 - Revolution Padel Store<\/title>\n<meta name=\"description\" content=\"Descubre la pala de p\u00e1del Starvie Trit\u00f3n Pro 2024 en Revolution Padel Store. Dise\u00f1ada para jugadores profesionales y de nivel avanzado.\" \/>\n<meta name=\"robots\" content=\"index, follow, max-snippet:-1, max-image-preview:large, max-video-preview:-1\" \/>\n<link rel=\"canonical\" href=\"https:\/\/revolutionpadelstore.com\/pt-pt\/produto\/starvie-triton-pro-2024\/\" \/>\n<meta property=\"og:locale\" content=\"pt_PT\" \/>\n<meta property=\"og:type\" content=\"article\" \/>\n<meta property=\"og:title\" content=\"STARVIE TRITON PRO 2024 - Revolution Padel Store\" \/>\n<meta property=\"og:description\" content=\"Descubre la pala de p\u00e1del Starvie Trit\u00f3n Pro 2024 en Revolution Padel Store. Dise\u00f1ada para jugadores profesionales y de nivel avanzado.\" \/>\n<meta property=\"og:url\" content=\"https:\/\/revolutionpadelstore.com\/pt-pt\/produto\/starvie-triton-pro-2024\/\" \/>\n<meta property=\"og:site_name\" content=\"Revolution Padel Store\" \/>\n<meta property=\"article:modified_time\" content=\"2026-04-08T09:42:38+00:00\" \/>\n<meta property=\"og:image\" content=\"https:\/\/revolutionpadelstore.com\/wp-content\/uploads\/2024\/04\/112025-P-4-4.jpg\" \/>\n\t<meta property=\"og:image:width\" content=\"1500\" \/>\n\t<meta property=\"og:image:height\" content=\"1500\" \/>\n\t<meta property=\"og:image:type\" content=\"image\/png\" \/>\n<meta name=\"twitter:card\" content=\"summary_large_image\" \/>\n<meta name=\"twitter:label1\" content=\"Tempo estimado de leitura\" \/>\n\t<meta name=\"twitter:data1\" content=\"1 minuto\" \/>\n<script type=\"application\/ld+json\" class=\"yoast-schema-graph\">{\"@context\":\"https:\\\/\\\/schema.org\",\"@graph\":[{\"@type\":\"WebPage\",\"@id\":\"https:\\\/\\\/revolutionpadelstore.com\\\/pt-pt\\\/produto\\\/starvie-triton-pro-2024\\\/\",\"url\":\"https:\\\/\\\/revolutionpadelstore.com\\\/pt-pt\\\/produto\\\/starvie-triton-pro-2024\\\/\",\"name\":\"STARVIE TRITON PRO 2024 - Revolution Padel Store\",\"isPartOf\":{\"@id\":\"https:\\\/\\\/revolutionpadelstore.com\\\/pt-pt\\\/#website\"},\"primaryImageOfPage\":{\"@id\":\"https:\\\/\\\/revolutionpadelstore.com\\\/pt-pt\\\/produto\\\/starvie-triton-pro-2024\\\/#primaryimage\"},\"image\":{\"@id\":\"https:\\\/\\\/revolutionpadelstore.com\\\/pt-pt\\\/produto\\\/starvie-triton-pro-2024\\\/#primaryimage\"},\"thumbnailUrl\":\"https:\\\/\\\/revolutionpadelstore.com\\\/wp-content\\\/uploads\\\/2024\\\/04\\\/112025-P-4-4.jpg\",\"datePublished\":\"2024-04-22T13:25:22+00:00\",\"dateModified\":\"2026-04-08T09:42:38+00:00\",\"description\":\"Descubre la pala de p\u00e1del Starvie Trit\u00f3n Pro 2024 en Revolution Padel Store. Dise\u00f1ada para jugadores profesionales y de nivel avanzado.\",\"breadcrumb\":{\"@id\":\"https:\\\/\\\/revolutionpadelstore.com\\\/pt-pt\\\/produto\\\/starvie-triton-pro-2024\\\/#breadcrumb\"},\"inLanguage\":\"pt-PT\",\"potentialAction\":[{\"@type\":\"ReadAction\",\"target\":[\"https:\\\/\\\/revolutionpadelstore.com\\\/pt-pt\\\/produto\\\/starvie-triton-pro-2024\\\/\"]}]},{\"@type\":\"ImageObject\",\"inLanguage\":\"pt-PT\",\"@id\":\"https:\\\/\\\/revolutionpadelstore.com\\\/pt-pt\\\/produto\\\/starvie-triton-pro-2024\\\/#primaryimage\",\"url\":\"https:\\\/\\\/revolutionpadelstore.com\\\/wp-content\\\/uploads\\\/2024\\\/04\\\/112025-P-4-4.jpg\",\"contentUrl\":\"https:\\\/\\\/revolutionpadelstore.com\\\/wp-content\\\/uploads\\\/2024\\\/04\\\/112025-P-4-4.jpg\",\"width\":1500,\"height\":1500},{\"@type\":\"BreadcrumbList\",\"@id\":\"https:\\\/\\\/revolutionpadelstore.com\\\/pt-pt\\\/produto\\\/starvie-triton-pro-2024\\\/#breadcrumb\",\"itemListElement\":[{\"@type\":\"ListItem\",\"position\":1,\"name\":\"Portada\",\"item\":\"https:\\\/\\\/revolutionpadelstore.com\\\/pt-pt\\\/\"},{\"@type\":\"ListItem\",\"position\":2,\"name\":\"Tienda\",\"item\":\"https:\\\/\\\/revolutionpadelstore.com\\\/pt-pt\\\/tienda\\\/\"},{\"@type\":\"ListItem\",\"position\":3,\"name\":\"STARVIE TRITON PRO 2024\"}]},{\"@type\":\"WebSite\",\"@id\":\"https:\\\/\\\/revolutionpadelstore.com\\\/pt-pt\\\/#website\",\"url\":\"https:\\\/\\\/revolutionpadelstore.com\\\/pt-pt\\\/\",\"name\":\"Revolution Padel Store\",\"description\":\"\",\"publisher\":{\"@id\":\"https:\\\/\\\/revolutionpadelstore.com\\\/pt-pt\\\/#organization\"},\"potentialAction\":[{\"@type\":\"SearchAction\",\"target\":{\"@type\":\"EntryPoint\",\"urlTemplate\":\"https:\\\/\\\/revolutionpadelstore.com\\\/pt-pt\\\/?s={search_term_string}\"},\"query-input\":{\"@type\":\"PropertyValueSpecification\",\"valueRequired\":true,\"valueName\":\"search_term_string\"}}],\"inLanguage\":\"pt-PT\"},{\"@type\":\"Organization\",\"@id\":\"https:\\\/\\\/revolutionpadelstore.com\\\/pt-pt\\\/#organization\",\"name\":\"Revolution Padel Store\",\"url\":\"https:\\\/\\\/revolutionpadelstore.com\\\/pt-pt\\\/\",\"logo\":{\"@type\":\"ImageObject\",\"inLanguage\":\"pt-PT\",\"@id\":\"https:\\\/\\\/revolutionpadelstore.com\\\/pt-pt\\\/#\\\/schema\\\/logo\\\/image\\\/\",\"url\":\"https:\\\/\\\/revolutionpadelstore.com\\\/wp-content\\\/uploads\\\/2026\\\/02\\\/revolution-padel-store.jpg\",\"contentUrl\":\"https:\\\/\\\/revolutionpadelstore.com\\\/wp-content\\\/uploads\\\/2026\\\/02\\\/revolution-padel-store.jpg\",\"width\":2000,\"height\":2000,\"caption\":\"Revolution Padel Store\"},\"image\":{\"@id\":\"https:\\\/\\\/revolutionpadelstore.com\\\/pt-pt\\\/#\\\/schema\\\/logo\\\/image\\\/\"},\"sameAs\":[\"https:\\\/\\\/www.instagram.com\\\/revolutionpadelstore\\\/\"]}]}<\/script>\n<!-- \/ Yoast SEO plugin. -->","yoast_head_json":{"title":"STARVIE TRITON PRO 2024 - Revolution Padel Store","description":"Descubre la pala de p\u00e1del Starvie Trit\u00f3n Pro 2024 en Revolution Padel Store. Dise\u00f1ada para jugadores profesionales y de nivel avanzado.","robots":{"index":"index","follow":"follow","max-snippet":"max-snippet:-1","max-image-preview":"max-image-preview:large","max-video-preview":"max-video-preview:-1"},"canonical":"https:\/\/revolutionpadelstore.com\/pt-pt\/produto\/starvie-triton-pro-2024\/","og_locale":"pt_PT","og_type":"article","og_title":"STARVIE TRITON PRO 2024 - Revolution Padel Store","og_description":"Descubre la pala de p\u00e1del Starvie Trit\u00f3n Pro 2024 en Revolution Padel Store. Dise\u00f1ada para jugadores profesionales y de nivel avanzado.","og_url":"https:\/\/revolutionpadelstore.com\/pt-pt\/produto\/starvie-triton-pro-2024\/","og_site_name":"Revolution Padel Store","article_modified_time":"2026-04-08T09:42:38+00:00","og_image":[{"width":1500,"height":1500,"url":"https:\/\/revolutionpadelstore.com\/wp-content\/uploads\/2024\/04\/112025-P-4-4.jpg","type":"image\/png"}],"twitter_card":"summary_large_image","twitter_misc":{"Tempo estimado de leitura":"1 minuto"},"schema":{"@context":"https:\/\/schema.org","@graph":[{"@type":"WebPage","@id":"https:\/\/revolutionpadelstore.com\/pt-pt\/produto\/starvie-triton-pro-2024\/","url":"https:\/\/revolutionpadelstore.com\/pt-pt\/produto\/starvie-triton-pro-2024\/","name":"STARVIE TRITON PRO 2024 - Revolution Padel Store","isPartOf":{"@id":"https:\/\/revolutionpadelstore.com\/pt-pt\/#website"},"primaryImageOfPage":{"@id":"https:\/\/revolutionpadelstore.com\/pt-pt\/produto\/starvie-triton-pro-2024\/#primaryimage"},"image":{"@id":"https:\/\/revolutionpadelstore.com\/pt-pt\/produto\/starvie-triton-pro-2024\/#primaryimage"},"thumbnailUrl":"https:\/\/revolutionpadelstore.com\/wp-content\/uploads\/2024\/04\/112025-P-4-4.jpg","datePublished":"2024-04-22T13:25:22+00:00","dateModified":"2026-04-08T09:42:38+00:00","description":"Descubre la pala de p\u00e1del Starvie Trit\u00f3n Pro 2024 en Revolution Padel Store. Dise\u00f1ada para jugadores profesionales y de nivel avanzado.","breadcrumb":{"@id":"https:\/\/revolutionpadelstore.com\/pt-pt\/produto\/starvie-triton-pro-2024\/#breadcrumb"},"inLanguage":"pt-PT","potentialAction":[{"@type":"ReadAction","target":["https:\/\/revolutionpadelstore.com\/pt-pt\/produto\/starvie-triton-pro-2024\/"]}]},{"@type":"ImageObject","inLanguage":"pt-PT","@id":"https:\/\/revolutionpadelstore.com\/pt-pt\/produto\/starvie-triton-pro-2024\/#primaryimage","url":"https:\/\/revolutionpadelstore.com\/wp-content\/uploads\/2024\/04\/112025-P-4-4.jpg","contentUrl":"https:\/\/revolutionpadelstore.com\/wp-content\/uploads\/2024\/04\/112025-P-4-4.jpg","width":1500,"height":1500},{"@type":"BreadcrumbList","@id":"https:\/\/revolutionpadelstore.com\/pt-pt\/produto\/starvie-triton-pro-2024\/#breadcrumb","itemListElement":[{"@type":"ListItem","position":1,"name":"Portada","item":"https:\/\/revolutionpadelstore.com\/pt-pt\/"},{"@type":"ListItem","position":2,"name":"Tienda","item":"https:\/\/revolutionpadelstore.com\/pt-pt\/tienda\/"},{"@type":"ListItem","position":3,"name":"STARVIE TRITON PRO 2024"}]},{"@type":"WebSite","@id":"https:\/\/revolutionpadelstore.com\/pt-pt\/#website","url":"https:\/\/revolutionpadelstore.com\/pt-pt\/","name":"Revolution Padel Store","description":"","publisher":{"@id":"https:\/\/revolutionpadelstore.com\/pt-pt\/#organization"},"potentialAction":[{"@type":"SearchAction","target":{"@type":"EntryPoint","urlTemplate":"https:\/\/revolutionpadelstore.com\/pt-pt\/?s={search_term_string}"},"query-input":{"@type":"PropertyValueSpecification","valueRequired":true,"valueName":"search_term_string"}}],"inLanguage":"pt-PT"},{"@type":"Organization","@id":"https:\/\/revolutionpadelstore.com\/pt-pt\/#organization","name":"Revolution Padel Store","url":"https:\/\/revolutionpadelstore.com\/pt-pt\/","logo":{"@type":"ImageObject","inLanguage":"pt-PT","@id":"https:\/\/revolutionpadelstore.com\/pt-pt\/#\/schema\/logo\/image\/","url":"https:\/\/revolutionpadelstore.com\/wp-content\/uploads\/2026\/02\/revolution-padel-store.jpg","contentUrl":"https:\/\/revolutionpadelstore.com\/wp-content\/uploads\/2026\/02\/revolution-padel-store.jpg","width":2000,"height":2000,"caption":"Revolution Padel Store"},"image":{"@id":"https:\/\/revolutionpadelstore.com\/pt-pt\/#\/schema\/logo\/image\/"},"sameAs":["https:\/\/www.instagram.com\/revolutionpadelstore\/"]}]}},"_links":{"self":[{"href":"https:\/\/revolutionpadelstore.com\/pt-pt\/wp-json\/wp\/v2\/product\/13732","targetHints":{"allow":["GET"]}}],"collection":[{"href":"https:\/\/revolutionpadelstore.com\/pt-pt\/wp-json\/wp\/v2\/product"}],"about":[{"href":"https:\/\/revolutionpadelstore.com\/pt-pt\/wp-json\/wp\/v2\/types\/product"}],"replies":[{"embeddable":true,"href":"https:\/\/revolutionpadelstore.com\/pt-pt\/wp-json\/wp\/v2\/comments?post=13732"}],"wp:featuredmedia":[{"embeddable":true,"href":"https:\/\/revolutionpadelstore.com\/pt-pt\/wp-json\/wp\/v2\/media\/7362"}],"wp:attachment":[{"href":"https:\/\/revolutionpadelstore.com\/pt-pt\/wp-json\/wp\/v2\/media?parent=13732"}],"wp:term":[{"taxonomy":"acabado","embeddable":true,"href":"https:\/\/revolutionpadelstore.com\/pt-pt\/wp-json\/wp\/v2\/acabado?post=13732"},{"taxonomy":"balance","embeddable":true,"href":"https:\/\/revolutionpadelstore.com\/pt-pt\/wp-json\/wp\/v2\/balance?post=13732"},{"taxonomy":"dureza","embeddable":true,"href":"https:\/\/revolutionpadelstore.com\/pt-pt\/wp-json\/wp\/v2\/dureza?post=13732"},{"taxonomy":"forma","embeddable":true,"href":"https:\/\/revolutionpadelstore.com\/pt-pt\/wp-json\/wp\/v2\/forma?post=13732"},{"taxonomy":"jugador","embeddable":true,"href":"https:\/\/revolutionpadelstore.com\/pt-pt\/wp-json\/wp\/v2\/jugador?post=13732"},{"taxonomy":"marca","embeddable":true,"href":"https:\/\/revolutionpadelstore.com\/pt-pt\/wp-json\/wp\/v2\/marca?post=13732"},{"taxonomy":"nivel-de-juego","embeddable":true,"href":"https:\/\/revolutionpadelstore.com\/pt-pt\/wp-json\/wp\/v2\/nivel-de-juego?post=13732"},{"taxonomy":"superficie","embeddable":true,"href":"https:\/\/revolutionpadelstore.com\/pt-pt\/wp-json\/wp\/v2\/superficie?post=13732"},{"taxonomy":"tipo-de-juego","embeddable":true,"href":"https:\/\/revolutionpadelstore.com\/pt-pt\/wp-json\/wp\/v2\/tipo-de-juego?post=13732"},{"taxonomy":"product_brand","embeddable":true,"href":"https:\/\/revolutionpadelstore.com\/pt-pt\/wp-json\/wp\/v2\/product_brand?post=13732"},{"taxonomy":"product_cat","embeddable":true,"href":"https:\/\/revolutionpadelstore.com\/pt-pt\/wp-json\/wp\/v2\/product_cat?post=13732"},{"taxonomy":"product_tag","embeddable":true,"href":"https:\/\/revolutionpadelstore.com\/pt-pt\/wp-json\/wp\/v2\/product_tag?post=13732"}],"curies":[{"name":"wp","href":"https:\/\/api.w.org\/{rel}","templated":true}]}}