{"id":130042,"date":"2024-11-28T20:45:56","date_gmt":"2024-11-28T19:45:56","guid":{"rendered":"https:\/\/revolutionpadelstore.com\/asics-gel-resolution-9-clay-rosa-mujer\/"},"modified":"2026-04-08T09:55:05","modified_gmt":"2026-04-08T07:55:05","slug":"asics-gel-resolution-9-clay-rosa-mujer-5","status":"publish","type":"product","link":"https:\/\/revolutionpadelstore.com\/pt-pt\/produto\/asics-gel-resolution-9-clay-rosa-mujer-5\/","title":{"rendered":"ASICS GEL RESOLUTION 9 CLAY ROSA MUJER"},"content":{"rendered":"<p><H2> ASICS GEL-RESOLU\u00c7\u00c3O 9 Clay Woman Ros<br \/>\nOs t\u00eanis de gel de argila de argila do Asics s\u00e3o projetados para mulheres ativas que procuram um apoio confort\u00e1vel, leve e excelente, estabilidade e amortecimento. Este modelo foi projetado para oferecer transi\u00e7\u00f5es suaves, r\u00e1pidas e est\u00e1veis, permitindo cobrir toda a faixa com facilidade.<\/p>\n<p>A \u00fanica, completa e com um padr\u00e3o de picos, melhora a ader\u00eancia e evita o ac\u00famulo de areia, o que otimiza a tra\u00e7\u00e3o. \u00c9 ideal para trilhos de terra batidos e de remo e \u00e9 feito de borracha ahaplus, um material dur\u00e1vel que aumenta a resist\u00eancia ao desgaste e mant\u00e9m a leveza.<\/p>\n<p>Entre as tecnologias da resolu\u00e7\u00e3o 9 Clay of Asics est\u00e3o:<\/p>\n<p> <strong> -dynawrap <\/strong>, que fornece suporte firme e confort\u00e1vel em deslocamentos laterais, melhorando a estabilidade.<br \/>\n<P> <strong> -dynafit <\/strong> no topo, o que garante um ajuste perfeito ao p\u00e9<\/p>\n<p> <strong> -pguard <\/strong> no dedo do p\u00e9, o que refor\u00e7a \u00e1reas vulner\u00e1veis \u200b\u200be aumenta a durabilidade resistindo ao desgaste devido \u00e0 abras\u00e3o.<\/p>\n<p> <strong> -dynawall <\/strong>, o que melhora a estabilidade nos movimentos laterais e facilita deslocamentos r\u00e1pidos da parte inferior da pista.<\/p>\n<p> <strong> -O gel p&gt;<\/p>\n","protected":false},"excerpt":{"rendered":"<p>Sapatos Padel para mulheres com sola de pico feitas de borracha aharplus para maior resist\u00eancia e movimentos de desgaste agilidade. Choque absorvido e transi\u00e7\u00f5es suaves.<\/p>\n","protected":false},"featured_media":129984,"comment_status":"open","ping_status":"closed","template":"","meta":{"_acf_changed":false,"_joinchat":[]},"acabado":[],"balance":[],"dureza":[],"forma":[],"jugador":[1195],"marca":[1325],"nivel-de-juego":[],"superficie":[],"tipo-de-juego":[],"product_brand":[],"product_cat":[833],"product_tag":[],"class_list":{"0":"post-130042","1":"product","2":"type-product","3":"status-publish","4":"has-post-thumbnail","6":"jugador-mulher","7":"marca-asics-pt-pt","8":"product_cat-tenis","10":"first","11":"outofstock","12":"sale","13":"taxable","14":"shipping-taxable","15":"purchasable","16":"product-type-variable"},"acf":[],"yoast_head":"<!-- This site is optimized with the Yoast SEO plugin v27.4 - https:\/\/yoast.com\/product\/yoast-seo-wordpress\/ -->\n<title>ASICS GEL RESOLUTION 9 CLAY ROSA MUJER - Revolution Padel Store<\/title>\n<meta name=\"description\" content=\"Las zapatillas Gel Resolution 9 Clay de Asics est\u00e1n dise\u00f1adas para mujeres activas que buscan un calzado c\u00f3modo, ligero y con excelente sujeci\u00f3n, estabilidad y amortiguaci\u00f3n. Este modelo est\u00e1 pensado para ofrecer transiciones suaves, r\u00e1pidas y estables, permitiendo cubrir toda la pista con facilidad.\" \/>\n<meta name=\"robots\" content=\"index, follow, max-snippet:-1, max-image-preview:large, max-video-preview:-1\" \/>\n<link rel=\"canonical\" href=\"https:\/\/revolutionpadelstore.com\/pt-pt\/produto\/asics-gel-resolution-9-clay-rosa-mujer-5\/\" \/>\n<meta property=\"og:locale\" content=\"pt_PT\" \/>\n<meta property=\"og:type\" content=\"article\" \/>\n<meta property=\"og:title\" content=\"ASICS GEL RESOLUTION 9 CLAY ROSA MUJER - Revolution Padel Store\" \/>\n<meta property=\"og:description\" content=\"Las zapatillas Gel Resolution 9 Clay de Asics est\u00e1n dise\u00f1adas para mujeres activas que buscan un calzado c\u00f3modo, ligero y con excelente sujeci\u00f3n, estabilidad y amortiguaci\u00f3n. Este modelo est\u00e1 pensado para ofrecer transiciones suaves, r\u00e1pidas y estables, permitiendo cubrir toda la pista con facilidad.\" \/>\n<meta property=\"og:url\" content=\"https:\/\/revolutionpadelstore.com\/pt-pt\/produto\/asics-gel-resolution-9-clay-rosa-mujer-5\/\" \/>\n<meta property=\"og:site_name\" content=\"Revolution Padel Store\" \/>\n<meta property=\"article:modified_time\" content=\"2026-04-08T07:55:05+00:00\" \/>\n<meta property=\"og:image\" content=\"https:\/\/revolutionpadelstore.com\/wp-content\/uploads\/2024\/11\/112831_zapatillas_asics_gel_resolution_9_clay_1042a224_701_mujer_1500x1500_1_ff29.webp\" \/>\n\t<meta property=\"og:image:width\" content=\"1500\" \/>\n\t<meta property=\"og:image:height\" content=\"1500\" \/>\n\t<meta property=\"og:image:type\" content=\"image\/webp\" \/>\n<meta name=\"twitter:card\" content=\"summary_large_image\" \/>\n<meta name=\"twitter:label1\" content=\"Tempo estimado de leitura\" \/>\n\t<meta name=\"twitter:data1\" content=\"2 minutos\" \/>\n<script type=\"application\/ld+json\" class=\"yoast-schema-graph\">{\"@context\":\"https:\\\/\\\/schema.org\",\"@graph\":[{\"@type\":\"WebPage\",\"@id\":\"https:\\\/\\\/revolutionpadelstore.com\\\/pt-pt\\\/produto\\\/asics-gel-resolution-9-clay-rosa-mujer-5\\\/\",\"url\":\"https:\\\/\\\/revolutionpadelstore.com\\\/pt-pt\\\/produto\\\/asics-gel-resolution-9-clay-rosa-mujer-5\\\/\",\"name\":\"ASICS GEL RESOLUTION 9 CLAY ROSA MUJER - Revolution Padel Store\",\"isPartOf\":{\"@id\":\"https:\\\/\\\/revolutionpadelstore.com\\\/pt-pt\\\/#website\"},\"primaryImageOfPage\":{\"@id\":\"https:\\\/\\\/revolutionpadelstore.com\\\/pt-pt\\\/produto\\\/asics-gel-resolution-9-clay-rosa-mujer-5\\\/#primaryimage\"},\"image\":{\"@id\":\"https:\\\/\\\/revolutionpadelstore.com\\\/pt-pt\\\/produto\\\/asics-gel-resolution-9-clay-rosa-mujer-5\\\/#primaryimage\"},\"thumbnailUrl\":\"https:\\\/\\\/revolutionpadelstore.com\\\/wp-content\\\/uploads\\\/2024\\\/11\\\/112831_zapatillas_asics_gel_resolution_9_clay_1042a224_701_mujer_1500x1500_1_ff29.webp\",\"datePublished\":\"2024-11-28T19:45:56+00:00\",\"dateModified\":\"2026-04-08T07:55:05+00:00\",\"description\":\"Las zapatillas Gel Resolution 9 Clay de Asics est\u00e1n dise\u00f1adas para mujeres activas que buscan un calzado c\u00f3modo, ligero y con excelente sujeci\u00f3n, estabilidad y amortiguaci\u00f3n. Este modelo est\u00e1 pensado para ofrecer transiciones suaves, r\u00e1pidas y estables, permitiendo cubrir toda la pista con facilidad.\",\"breadcrumb\":{\"@id\":\"https:\\\/\\\/revolutionpadelstore.com\\\/pt-pt\\\/produto\\\/asics-gel-resolution-9-clay-rosa-mujer-5\\\/#breadcrumb\"},\"inLanguage\":\"pt-PT\",\"potentialAction\":[{\"@type\":\"ReadAction\",\"target\":[\"https:\\\/\\\/revolutionpadelstore.com\\\/pt-pt\\\/produto\\\/asics-gel-resolution-9-clay-rosa-mujer-5\\\/\"]}]},{\"@type\":\"ImageObject\",\"inLanguage\":\"pt-PT\",\"@id\":\"https:\\\/\\\/revolutionpadelstore.com\\\/pt-pt\\\/produto\\\/asics-gel-resolution-9-clay-rosa-mujer-5\\\/#primaryimage\",\"url\":\"https:\\\/\\\/revolutionpadelstore.com\\\/wp-content\\\/uploads\\\/2024\\\/11\\\/112831_zapatillas_asics_gel_resolution_9_clay_1042a224_701_mujer_1500x1500_1_ff29.webp\",\"contentUrl\":\"https:\\\/\\\/revolutionpadelstore.com\\\/wp-content\\\/uploads\\\/2024\\\/11\\\/112831_zapatillas_asics_gel_resolution_9_clay_1042a224_701_mujer_1500x1500_1_ff29.webp\",\"width\":1500,\"height\":1500},{\"@type\":\"BreadcrumbList\",\"@id\":\"https:\\\/\\\/revolutionpadelstore.com\\\/pt-pt\\\/produto\\\/asics-gel-resolution-9-clay-rosa-mujer-5\\\/#breadcrumb\",\"itemListElement\":[{\"@type\":\"ListItem\",\"position\":1,\"name\":\"Portada\",\"item\":\"https:\\\/\\\/revolutionpadelstore.com\\\/pt-pt\\\/\"},{\"@type\":\"ListItem\",\"position\":2,\"name\":\"Tienda\",\"item\":\"https:\\\/\\\/revolutionpadelstore.com\\\/pt-pt\\\/tienda\\\/\"},{\"@type\":\"ListItem\",\"position\":3,\"name\":\"ASICS GEL RESOLUTION 9 CLAY ROSA MUJER\"}]},{\"@type\":\"WebSite\",\"@id\":\"https:\\\/\\\/revolutionpadelstore.com\\\/pt-pt\\\/#website\",\"url\":\"https:\\\/\\\/revolutionpadelstore.com\\\/pt-pt\\\/\",\"name\":\"Revolution Padel Store\",\"description\":\"\",\"publisher\":{\"@id\":\"https:\\\/\\\/revolutionpadelstore.com\\\/pt-pt\\\/#organization\"},\"potentialAction\":[{\"@type\":\"SearchAction\",\"target\":{\"@type\":\"EntryPoint\",\"urlTemplate\":\"https:\\\/\\\/revolutionpadelstore.com\\\/pt-pt\\\/?s={search_term_string}\"},\"query-input\":{\"@type\":\"PropertyValueSpecification\",\"valueRequired\":true,\"valueName\":\"search_term_string\"}}],\"inLanguage\":\"pt-PT\"},{\"@type\":\"Organization\",\"@id\":\"https:\\\/\\\/revolutionpadelstore.com\\\/pt-pt\\\/#organization\",\"name\":\"Revolution Padel Store\",\"url\":\"https:\\\/\\\/revolutionpadelstore.com\\\/pt-pt\\\/\",\"logo\":{\"@type\":\"ImageObject\",\"inLanguage\":\"pt-PT\",\"@id\":\"https:\\\/\\\/revolutionpadelstore.com\\\/pt-pt\\\/#\\\/schema\\\/logo\\\/image\\\/\",\"url\":\"https:\\\/\\\/revolutionpadelstore.com\\\/wp-content\\\/uploads\\\/2026\\\/02\\\/revolution-padel-store.jpg\",\"contentUrl\":\"https:\\\/\\\/revolutionpadelstore.com\\\/wp-content\\\/uploads\\\/2026\\\/02\\\/revolution-padel-store.jpg\",\"width\":2000,\"height\":2000,\"caption\":\"Revolution Padel Store\"},\"image\":{\"@id\":\"https:\\\/\\\/revolutionpadelstore.com\\\/pt-pt\\\/#\\\/schema\\\/logo\\\/image\\\/\"},\"sameAs\":[\"https:\\\/\\\/www.instagram.com\\\/revolutionpadelstore\\\/\"]}]}<\/script>\n<!-- \/ Yoast SEO plugin. -->","yoast_head_json":{"title":"ASICS GEL RESOLUTION 9 CLAY ROSA MUJER - Revolution Padel Store","description":"Las zapatillas Gel Resolution 9 Clay de Asics est\u00e1n dise\u00f1adas para mujeres activas que buscan un calzado c\u00f3modo, ligero y con excelente sujeci\u00f3n, estabilidad y amortiguaci\u00f3n. Este modelo est\u00e1 pensado para ofrecer transiciones suaves, r\u00e1pidas y estables, permitiendo cubrir toda la pista con facilidad.","robots":{"index":"index","follow":"follow","max-snippet":"max-snippet:-1","max-image-preview":"max-image-preview:large","max-video-preview":"max-video-preview:-1"},"canonical":"https:\/\/revolutionpadelstore.com\/pt-pt\/produto\/asics-gel-resolution-9-clay-rosa-mujer-5\/","og_locale":"pt_PT","og_type":"article","og_title":"ASICS GEL RESOLUTION 9 CLAY ROSA MUJER - Revolution Padel Store","og_description":"Las zapatillas Gel Resolution 9 Clay de Asics est\u00e1n dise\u00f1adas para mujeres activas que buscan un calzado c\u00f3modo, ligero y con excelente sujeci\u00f3n, estabilidad y amortiguaci\u00f3n. Este modelo est\u00e1 pensado para ofrecer transiciones suaves, r\u00e1pidas y estables, permitiendo cubrir toda la pista con facilidad.","og_url":"https:\/\/revolutionpadelstore.com\/pt-pt\/produto\/asics-gel-resolution-9-clay-rosa-mujer-5\/","og_site_name":"Revolution Padel Store","article_modified_time":"2026-04-08T07:55:05+00:00","og_image":[{"width":1500,"height":1500,"url":"https:\/\/revolutionpadelstore.com\/wp-content\/uploads\/2024\/11\/112831_zapatillas_asics_gel_resolution_9_clay_1042a224_701_mujer_1500x1500_1_ff29.webp","type":"image\/webp"}],"twitter_card":"summary_large_image","twitter_misc":{"Tempo estimado de leitura":"2 minutos"},"schema":{"@context":"https:\/\/schema.org","@graph":[{"@type":"WebPage","@id":"https:\/\/revolutionpadelstore.com\/pt-pt\/produto\/asics-gel-resolution-9-clay-rosa-mujer-5\/","url":"https:\/\/revolutionpadelstore.com\/pt-pt\/produto\/asics-gel-resolution-9-clay-rosa-mujer-5\/","name":"ASICS GEL RESOLUTION 9 CLAY ROSA MUJER - Revolution Padel Store","isPartOf":{"@id":"https:\/\/revolutionpadelstore.com\/pt-pt\/#website"},"primaryImageOfPage":{"@id":"https:\/\/revolutionpadelstore.com\/pt-pt\/produto\/asics-gel-resolution-9-clay-rosa-mujer-5\/#primaryimage"},"image":{"@id":"https:\/\/revolutionpadelstore.com\/pt-pt\/produto\/asics-gel-resolution-9-clay-rosa-mujer-5\/#primaryimage"},"thumbnailUrl":"https:\/\/revolutionpadelstore.com\/wp-content\/uploads\/2024\/11\/112831_zapatillas_asics_gel_resolution_9_clay_1042a224_701_mujer_1500x1500_1_ff29.webp","datePublished":"2024-11-28T19:45:56+00:00","dateModified":"2026-04-08T07:55:05+00:00","description":"Las zapatillas Gel Resolution 9 Clay de Asics est\u00e1n dise\u00f1adas para mujeres activas que buscan un calzado c\u00f3modo, ligero y con excelente sujeci\u00f3n, estabilidad y amortiguaci\u00f3n. Este modelo est\u00e1 pensado para ofrecer transiciones suaves, r\u00e1pidas y estables, permitiendo cubrir toda la pista con facilidad.","breadcrumb":{"@id":"https:\/\/revolutionpadelstore.com\/pt-pt\/produto\/asics-gel-resolution-9-clay-rosa-mujer-5\/#breadcrumb"},"inLanguage":"pt-PT","potentialAction":[{"@type":"ReadAction","target":["https:\/\/revolutionpadelstore.com\/pt-pt\/produto\/asics-gel-resolution-9-clay-rosa-mujer-5\/"]}]},{"@type":"ImageObject","inLanguage":"pt-PT","@id":"https:\/\/revolutionpadelstore.com\/pt-pt\/produto\/asics-gel-resolution-9-clay-rosa-mujer-5\/#primaryimage","url":"https:\/\/revolutionpadelstore.com\/wp-content\/uploads\/2024\/11\/112831_zapatillas_asics_gel_resolution_9_clay_1042a224_701_mujer_1500x1500_1_ff29.webp","contentUrl":"https:\/\/revolutionpadelstore.com\/wp-content\/uploads\/2024\/11\/112831_zapatillas_asics_gel_resolution_9_clay_1042a224_701_mujer_1500x1500_1_ff29.webp","width":1500,"height":1500},{"@type":"BreadcrumbList","@id":"https:\/\/revolutionpadelstore.com\/pt-pt\/produto\/asics-gel-resolution-9-clay-rosa-mujer-5\/#breadcrumb","itemListElement":[{"@type":"ListItem","position":1,"name":"Portada","item":"https:\/\/revolutionpadelstore.com\/pt-pt\/"},{"@type":"ListItem","position":2,"name":"Tienda","item":"https:\/\/revolutionpadelstore.com\/pt-pt\/tienda\/"},{"@type":"ListItem","position":3,"name":"ASICS GEL RESOLUTION 9 CLAY ROSA MUJER"}]},{"@type":"WebSite","@id":"https:\/\/revolutionpadelstore.com\/pt-pt\/#website","url":"https:\/\/revolutionpadelstore.com\/pt-pt\/","name":"Revolution Padel Store","description":"","publisher":{"@id":"https:\/\/revolutionpadelstore.com\/pt-pt\/#organization"},"potentialAction":[{"@type":"SearchAction","target":{"@type":"EntryPoint","urlTemplate":"https:\/\/revolutionpadelstore.com\/pt-pt\/?s={search_term_string}"},"query-input":{"@type":"PropertyValueSpecification","valueRequired":true,"valueName":"search_term_string"}}],"inLanguage":"pt-PT"},{"@type":"Organization","@id":"https:\/\/revolutionpadelstore.com\/pt-pt\/#organization","name":"Revolution Padel Store","url":"https:\/\/revolutionpadelstore.com\/pt-pt\/","logo":{"@type":"ImageObject","inLanguage":"pt-PT","@id":"https:\/\/revolutionpadelstore.com\/pt-pt\/#\/schema\/logo\/image\/","url":"https:\/\/revolutionpadelstore.com\/wp-content\/uploads\/2026\/02\/revolution-padel-store.jpg","contentUrl":"https:\/\/revolutionpadelstore.com\/wp-content\/uploads\/2026\/02\/revolution-padel-store.jpg","width":2000,"height":2000,"caption":"Revolution Padel Store"},"image":{"@id":"https:\/\/revolutionpadelstore.com\/pt-pt\/#\/schema\/logo\/image\/"},"sameAs":["https:\/\/www.instagram.com\/revolutionpadelstore\/"]}]}},"_links":{"self":[{"href":"https:\/\/revolutionpadelstore.com\/pt-pt\/wp-json\/wp\/v2\/product\/130042","targetHints":{"allow":["GET"]}}],"collection":[{"href":"https:\/\/revolutionpadelstore.com\/pt-pt\/wp-json\/wp\/v2\/product"}],"about":[{"href":"https:\/\/revolutionpadelstore.com\/pt-pt\/wp-json\/wp\/v2\/types\/product"}],"replies":[{"embeddable":true,"href":"https:\/\/revolutionpadelstore.com\/pt-pt\/wp-json\/wp\/v2\/comments?post=130042"}],"wp:featuredmedia":[{"embeddable":true,"href":"https:\/\/revolutionpadelstore.com\/pt-pt\/wp-json\/wp\/v2\/media\/129984"}],"wp:attachment":[{"href":"https:\/\/revolutionpadelstore.com\/pt-pt\/wp-json\/wp\/v2\/media?parent=130042"}],"wp:term":[{"taxonomy":"acabado","embeddable":true,"href":"https:\/\/revolutionpadelstore.com\/pt-pt\/wp-json\/wp\/v2\/acabado?post=130042"},{"taxonomy":"balance","embeddable":true,"href":"https:\/\/revolutionpadelstore.com\/pt-pt\/wp-json\/wp\/v2\/balance?post=130042"},{"taxonomy":"dureza","embeddable":true,"href":"https:\/\/revolutionpadelstore.com\/pt-pt\/wp-json\/wp\/v2\/dureza?post=130042"},{"taxonomy":"forma","embeddable":true,"href":"https:\/\/revolutionpadelstore.com\/pt-pt\/wp-json\/wp\/v2\/forma?post=130042"},{"taxonomy":"jugador","embeddable":true,"href":"https:\/\/revolutionpadelstore.com\/pt-pt\/wp-json\/wp\/v2\/jugador?post=130042"},{"taxonomy":"marca","embeddable":true,"href":"https:\/\/revolutionpadelstore.com\/pt-pt\/wp-json\/wp\/v2\/marca?post=130042"},{"taxonomy":"nivel-de-juego","embeddable":true,"href":"https:\/\/revolutionpadelstore.com\/pt-pt\/wp-json\/wp\/v2\/nivel-de-juego?post=130042"},{"taxonomy":"superficie","embeddable":true,"href":"https:\/\/revolutionpadelstore.com\/pt-pt\/wp-json\/wp\/v2\/superficie?post=130042"},{"taxonomy":"tipo-de-juego","embeddable":true,"href":"https:\/\/revolutionpadelstore.com\/pt-pt\/wp-json\/wp\/v2\/tipo-de-juego?post=130042"},{"taxonomy":"product_brand","embeddable":true,"href":"https:\/\/revolutionpadelstore.com\/pt-pt\/wp-json\/wp\/v2\/product_brand?post=130042"},{"taxonomy":"product_cat","embeddable":true,"href":"https:\/\/revolutionpadelstore.com\/pt-pt\/wp-json\/wp\/v2\/product_cat?post=130042"},{"taxonomy":"product_tag","embeddable":true,"href":"https:\/\/revolutionpadelstore.com\/pt-pt\/wp-json\/wp\/v2\/product_tag?post=130042"}],"curies":[{"name":"wp","href":"https:\/\/api.w.org\/{rel}","templated":true}]}}