{"id":129963,"date":"2024-11-28T20:38:45","date_gmt":"2024-11-28T19:38:45","guid":{"rendered":"https:\/\/revolutionpadelstore.com\/asics-gel-resolution-9-padel\/"},"modified":"2026-04-08T09:56:41","modified_gmt":"2026-04-08T07:56:41","slug":"asics-gel-resolution-9-padel-3","status":"publish","type":"product","link":"https:\/\/revolutionpadelstore.com\/pt-pt\/produto\/asics-gel-resolution-9-padel-3\/","title":{"rendered":"ASICS GEL RESOLUTION 9 PADEL"},"content":{"rendered":"<p><H2> ASICS GEL-RESOLU\u00c7\u00c3O 9 PADEL Feminino, boa ader\u00eancia e versatilidade <\/h2>\n<p>A Resolu\u00e7\u00e3o do Gel 9 Padel Asics Padel Sneakers em Malva \u00e9 especialmente projetada para mulheres atletas que procuram agilidade, liberdade de movimento e excelente amortecimento em cada pe\u00e7a. Eles s\u00e3o ideais para jogadores que preferem controlar o jogo da parte inferior da pista, oferecendo grande estabilidade e conforto.<\/p>\n<p>A sola tem um design de festa que oferece grande estabilidade nos desembarques e \u00e9 feito com a borracha Aharplus, um material altamente arrastado, que aumenta a durabilidade dos cal\u00e7ados. Seu padr\u00e3o misto garante uma ader\u00eancia perfeita em diferentes superf\u00edcies, enquanto os pontos de rota\u00e7\u00e3o favorecem curvas mais suaves, est\u00e1veis \u200b\u200be seguras.<\/p>\n<p>Gra\u00e7as \u00e0s tecnologias avan\u00e7adas, o Gel Resolution 9 Padel oferece excelente desempenho em todos os tipos de superf\u00edcies. A tecnologia Dynawall na entressola melhora a estabilidade em movimentos laterais, o que permite cobrir os dois lados da pista facilmente. Al\u00e9m disso, a tecnologia Dynawrap refor\u00e7a os ilh\u00f3s, fornecendo maior apoio em transi\u00e7\u00f5es r\u00e1pidas, enquanto o PGUARD melhora a durabilidade do dedo do p\u00e9 e do calcanhar. A parte superior e flex\u00edvel, gra\u00e7as \u00e0 Tecnologia Dynafit e Gel na entressola, garante uma absor\u00e7\u00e3o excepcional de impacto e passos mais suaves e confort\u00e1veis.<\/p>\n<h2>Asics Gel-Resolution 9 Padel Mujer, buen agarre y versatilidad<\/h2>\n","protected":false},"excerpt":{"rendered":"<p>Sapatos Padel para mulheres ASICS Gel Resolution 9 Padel Malva com sola mista e pontos de rota\u00e7\u00e3o para curvas macias e est\u00e1veis. Tra\u00e7\u00e3o aprimorada em v\u00e1rias superf\u00edcies.<\/p>\n","protected":false},"featured_media":129906,"comment_status":"open","ping_status":"closed","template":"","meta":{"_acf_changed":false,"_joinchat":[]},"acabado":[],"balance":[],"dureza":[],"forma":[],"jugador":[1195],"marca":[1325],"nivel-de-juego":[],"superficie":[],"tipo-de-juego":[],"product_brand":[],"product_cat":[833],"product_tag":[],"class_list":{"0":"post-129963","1":"product","2":"type-product","3":"status-publish","4":"has-post-thumbnail","6":"jugador-mulher","7":"marca-asics-pt-pt","8":"product_cat-tenis","10":"first","11":"outofstock","12":"sale","13":"taxable","14":"shipping-taxable","15":"purchasable","16":"product-type-variable"},"acf":[],"yoast_head":"<!-- This site is optimized with the Yoast SEO plugin v27.4 - https:\/\/yoast.com\/product\/yoast-seo-wordpress\/ -->\n<title>ASICS GEL RESOLUTION 9 PADEL - Revolution Padel Store<\/title>\n<meta name=\"description\" content=\"Las zapatillas de p\u00e1del Gel Resolution 9 Padel de Asics en color malva est\u00e1n dise\u00f1adas especialmente para mujeres deportistas que buscan agilidad, libertad de movimiento y una excelente amortiguaci\u00f3n en cada jugada. Son ideales para jugadoras que prefieren controlar el juego desde el fondo de la pista, ofreciendo una gran estabilidad y confort.\" \/>\n<meta name=\"robots\" content=\"index, follow, max-snippet:-1, max-image-preview:large, max-video-preview:-1\" \/>\n<link rel=\"canonical\" href=\"https:\/\/revolutionpadelstore.com\/pt-pt\/produto\/asics-gel-resolution-9-padel-3\/\" \/>\n<meta property=\"og:locale\" content=\"pt_PT\" \/>\n<meta property=\"og:type\" content=\"article\" \/>\n<meta property=\"og:title\" content=\"ASICS GEL RESOLUTION 9 PADEL - Revolution Padel Store\" \/>\n<meta property=\"og:description\" content=\"Las zapatillas de p\u00e1del Gel Resolution 9 Padel de Asics en color malva est\u00e1n dise\u00f1adas especialmente para mujeres deportistas que buscan agilidad, libertad de movimiento y una excelente amortiguaci\u00f3n en cada jugada. Son ideales para jugadoras que prefieren controlar el juego desde el fondo de la pista, ofreciendo una gran estabilidad y confort.\" \/>\n<meta property=\"og:url\" content=\"https:\/\/revolutionpadelstore.com\/pt-pt\/produto\/asics-gel-resolution-9-padel-3\/\" \/>\n<meta property=\"og:site_name\" content=\"Revolution Padel Store\" \/>\n<meta property=\"article:modified_time\" content=\"2026-04-08T07:56:41+00:00\" \/>\n<meta property=\"og:image\" content=\"https:\/\/revolutionpadelstore.com\/wp-content\/uploads\/2024\/11\/112836_zapatillas_asics_gel_resolution_9_padel_1042a245_500_mujer_1500x1500_1_7688.webp\" \/>\n\t<meta property=\"og:image:width\" content=\"1500\" \/>\n\t<meta property=\"og:image:height\" content=\"1500\" \/>\n\t<meta property=\"og:image:type\" content=\"image\/webp\" \/>\n<meta name=\"twitter:card\" content=\"summary_large_image\" \/>\n<meta name=\"twitter:label1\" content=\"Tempo estimado de leitura\" \/>\n\t<meta name=\"twitter:data1\" content=\"1 minuto\" \/>\n<script type=\"application\/ld+json\" class=\"yoast-schema-graph\">{\"@context\":\"https:\\\/\\\/schema.org\",\"@graph\":[{\"@type\":\"WebPage\",\"@id\":\"https:\\\/\\\/revolutionpadelstore.com\\\/pt-pt\\\/produto\\\/asics-gel-resolution-9-padel-3\\\/\",\"url\":\"https:\\\/\\\/revolutionpadelstore.com\\\/pt-pt\\\/produto\\\/asics-gel-resolution-9-padel-3\\\/\",\"name\":\"ASICS GEL RESOLUTION 9 PADEL - Revolution Padel Store\",\"isPartOf\":{\"@id\":\"https:\\\/\\\/revolutionpadelstore.com\\\/pt-pt\\\/#website\"},\"primaryImageOfPage\":{\"@id\":\"https:\\\/\\\/revolutionpadelstore.com\\\/pt-pt\\\/produto\\\/asics-gel-resolution-9-padel-3\\\/#primaryimage\"},\"image\":{\"@id\":\"https:\\\/\\\/revolutionpadelstore.com\\\/pt-pt\\\/produto\\\/asics-gel-resolution-9-padel-3\\\/#primaryimage\"},\"thumbnailUrl\":\"https:\\\/\\\/revolutionpadelstore.com\\\/wp-content\\\/uploads\\\/2024\\\/11\\\/112836_zapatillas_asics_gel_resolution_9_padel_1042a245_500_mujer_1500x1500_1_7688.webp\",\"datePublished\":\"2024-11-28T19:38:45+00:00\",\"dateModified\":\"2026-04-08T07:56:41+00:00\",\"description\":\"Las zapatillas de p\u00e1del Gel Resolution 9 Padel de Asics en color malva est\u00e1n dise\u00f1adas especialmente para mujeres deportistas que buscan agilidad, libertad de movimiento y una excelente amortiguaci\u00f3n en cada jugada. Son ideales para jugadoras que prefieren controlar el juego desde el fondo de la pista, ofreciendo una gran estabilidad y confort.\",\"breadcrumb\":{\"@id\":\"https:\\\/\\\/revolutionpadelstore.com\\\/pt-pt\\\/produto\\\/asics-gel-resolution-9-padel-3\\\/#breadcrumb\"},\"inLanguage\":\"pt-PT\",\"potentialAction\":[{\"@type\":\"ReadAction\",\"target\":[\"https:\\\/\\\/revolutionpadelstore.com\\\/pt-pt\\\/produto\\\/asics-gel-resolution-9-padel-3\\\/\"]}]},{\"@type\":\"ImageObject\",\"inLanguage\":\"pt-PT\",\"@id\":\"https:\\\/\\\/revolutionpadelstore.com\\\/pt-pt\\\/produto\\\/asics-gel-resolution-9-padel-3\\\/#primaryimage\",\"url\":\"https:\\\/\\\/revolutionpadelstore.com\\\/wp-content\\\/uploads\\\/2024\\\/11\\\/112836_zapatillas_asics_gel_resolution_9_padel_1042a245_500_mujer_1500x1500_1_7688.webp\",\"contentUrl\":\"https:\\\/\\\/revolutionpadelstore.com\\\/wp-content\\\/uploads\\\/2024\\\/11\\\/112836_zapatillas_asics_gel_resolution_9_padel_1042a245_500_mujer_1500x1500_1_7688.webp\",\"width\":1500,\"height\":1500},{\"@type\":\"BreadcrumbList\",\"@id\":\"https:\\\/\\\/revolutionpadelstore.com\\\/pt-pt\\\/produto\\\/asics-gel-resolution-9-padel-3\\\/#breadcrumb\",\"itemListElement\":[{\"@type\":\"ListItem\",\"position\":1,\"name\":\"Portada\",\"item\":\"https:\\\/\\\/revolutionpadelstore.com\\\/pt-pt\\\/\"},{\"@type\":\"ListItem\",\"position\":2,\"name\":\"Tienda\",\"item\":\"https:\\\/\\\/revolutionpadelstore.com\\\/pt-pt\\\/tienda\\\/\"},{\"@type\":\"ListItem\",\"position\":3,\"name\":\"ASICS GEL RESOLUTION 9 PADEL\"}]},{\"@type\":\"WebSite\",\"@id\":\"https:\\\/\\\/revolutionpadelstore.com\\\/pt-pt\\\/#website\",\"url\":\"https:\\\/\\\/revolutionpadelstore.com\\\/pt-pt\\\/\",\"name\":\"Revolution Padel Store\",\"description\":\"\",\"publisher\":{\"@id\":\"https:\\\/\\\/revolutionpadelstore.com\\\/pt-pt\\\/#organization\"},\"potentialAction\":[{\"@type\":\"SearchAction\",\"target\":{\"@type\":\"EntryPoint\",\"urlTemplate\":\"https:\\\/\\\/revolutionpadelstore.com\\\/pt-pt\\\/?s={search_term_string}\"},\"query-input\":{\"@type\":\"PropertyValueSpecification\",\"valueRequired\":true,\"valueName\":\"search_term_string\"}}],\"inLanguage\":\"pt-PT\"},{\"@type\":\"Organization\",\"@id\":\"https:\\\/\\\/revolutionpadelstore.com\\\/pt-pt\\\/#organization\",\"name\":\"Revolution Padel Store\",\"url\":\"https:\\\/\\\/revolutionpadelstore.com\\\/pt-pt\\\/\",\"logo\":{\"@type\":\"ImageObject\",\"inLanguage\":\"pt-PT\",\"@id\":\"https:\\\/\\\/revolutionpadelstore.com\\\/pt-pt\\\/#\\\/schema\\\/logo\\\/image\\\/\",\"url\":\"https:\\\/\\\/revolutionpadelstore.com\\\/wp-content\\\/uploads\\\/2026\\\/02\\\/revolution-padel-store.jpg\",\"contentUrl\":\"https:\\\/\\\/revolutionpadelstore.com\\\/wp-content\\\/uploads\\\/2026\\\/02\\\/revolution-padel-store.jpg\",\"width\":2000,\"height\":2000,\"caption\":\"Revolution Padel Store\"},\"image\":{\"@id\":\"https:\\\/\\\/revolutionpadelstore.com\\\/pt-pt\\\/#\\\/schema\\\/logo\\\/image\\\/\"},\"sameAs\":[\"https:\\\/\\\/www.instagram.com\\\/revolutionpadelstore\\\/\"]}]}<\/script>\n<!-- \/ Yoast SEO plugin. -->","yoast_head_json":{"title":"ASICS GEL RESOLUTION 9 PADEL - Revolution Padel Store","description":"Las zapatillas de p\u00e1del Gel Resolution 9 Padel de Asics en color malva est\u00e1n dise\u00f1adas especialmente para mujeres deportistas que buscan agilidad, libertad de movimiento y una excelente amortiguaci\u00f3n en cada jugada. Son ideales para jugadoras que prefieren controlar el juego desde el fondo de la pista, ofreciendo una gran estabilidad y confort.","robots":{"index":"index","follow":"follow","max-snippet":"max-snippet:-1","max-image-preview":"max-image-preview:large","max-video-preview":"max-video-preview:-1"},"canonical":"https:\/\/revolutionpadelstore.com\/pt-pt\/produto\/asics-gel-resolution-9-padel-3\/","og_locale":"pt_PT","og_type":"article","og_title":"ASICS GEL RESOLUTION 9 PADEL - Revolution Padel Store","og_description":"Las zapatillas de p\u00e1del Gel Resolution 9 Padel de Asics en color malva est\u00e1n dise\u00f1adas especialmente para mujeres deportistas que buscan agilidad, libertad de movimiento y una excelente amortiguaci\u00f3n en cada jugada. Son ideales para jugadoras que prefieren controlar el juego desde el fondo de la pista, ofreciendo una gran estabilidad y confort.","og_url":"https:\/\/revolutionpadelstore.com\/pt-pt\/produto\/asics-gel-resolution-9-padel-3\/","og_site_name":"Revolution Padel Store","article_modified_time":"2026-04-08T07:56:41+00:00","og_image":[{"width":1500,"height":1500,"url":"https:\/\/revolutionpadelstore.com\/wp-content\/uploads\/2024\/11\/112836_zapatillas_asics_gel_resolution_9_padel_1042a245_500_mujer_1500x1500_1_7688.webp","type":"image\/webp"}],"twitter_card":"summary_large_image","twitter_misc":{"Tempo estimado de leitura":"1 minuto"},"schema":{"@context":"https:\/\/schema.org","@graph":[{"@type":"WebPage","@id":"https:\/\/revolutionpadelstore.com\/pt-pt\/produto\/asics-gel-resolution-9-padel-3\/","url":"https:\/\/revolutionpadelstore.com\/pt-pt\/produto\/asics-gel-resolution-9-padel-3\/","name":"ASICS GEL RESOLUTION 9 PADEL - Revolution Padel Store","isPartOf":{"@id":"https:\/\/revolutionpadelstore.com\/pt-pt\/#website"},"primaryImageOfPage":{"@id":"https:\/\/revolutionpadelstore.com\/pt-pt\/produto\/asics-gel-resolution-9-padel-3\/#primaryimage"},"image":{"@id":"https:\/\/revolutionpadelstore.com\/pt-pt\/produto\/asics-gel-resolution-9-padel-3\/#primaryimage"},"thumbnailUrl":"https:\/\/revolutionpadelstore.com\/wp-content\/uploads\/2024\/11\/112836_zapatillas_asics_gel_resolution_9_padel_1042a245_500_mujer_1500x1500_1_7688.webp","datePublished":"2024-11-28T19:38:45+00:00","dateModified":"2026-04-08T07:56:41+00:00","description":"Las zapatillas de p\u00e1del Gel Resolution 9 Padel de Asics en color malva est\u00e1n dise\u00f1adas especialmente para mujeres deportistas que buscan agilidad, libertad de movimiento y una excelente amortiguaci\u00f3n en cada jugada. Son ideales para jugadoras que prefieren controlar el juego desde el fondo de la pista, ofreciendo una gran estabilidad y confort.","breadcrumb":{"@id":"https:\/\/revolutionpadelstore.com\/pt-pt\/produto\/asics-gel-resolution-9-padel-3\/#breadcrumb"},"inLanguage":"pt-PT","potentialAction":[{"@type":"ReadAction","target":["https:\/\/revolutionpadelstore.com\/pt-pt\/produto\/asics-gel-resolution-9-padel-3\/"]}]},{"@type":"ImageObject","inLanguage":"pt-PT","@id":"https:\/\/revolutionpadelstore.com\/pt-pt\/produto\/asics-gel-resolution-9-padel-3\/#primaryimage","url":"https:\/\/revolutionpadelstore.com\/wp-content\/uploads\/2024\/11\/112836_zapatillas_asics_gel_resolution_9_padel_1042a245_500_mujer_1500x1500_1_7688.webp","contentUrl":"https:\/\/revolutionpadelstore.com\/wp-content\/uploads\/2024\/11\/112836_zapatillas_asics_gel_resolution_9_padel_1042a245_500_mujer_1500x1500_1_7688.webp","width":1500,"height":1500},{"@type":"BreadcrumbList","@id":"https:\/\/revolutionpadelstore.com\/pt-pt\/produto\/asics-gel-resolution-9-padel-3\/#breadcrumb","itemListElement":[{"@type":"ListItem","position":1,"name":"Portada","item":"https:\/\/revolutionpadelstore.com\/pt-pt\/"},{"@type":"ListItem","position":2,"name":"Tienda","item":"https:\/\/revolutionpadelstore.com\/pt-pt\/tienda\/"},{"@type":"ListItem","position":3,"name":"ASICS GEL RESOLUTION 9 PADEL"}]},{"@type":"WebSite","@id":"https:\/\/revolutionpadelstore.com\/pt-pt\/#website","url":"https:\/\/revolutionpadelstore.com\/pt-pt\/","name":"Revolution Padel Store","description":"","publisher":{"@id":"https:\/\/revolutionpadelstore.com\/pt-pt\/#organization"},"potentialAction":[{"@type":"SearchAction","target":{"@type":"EntryPoint","urlTemplate":"https:\/\/revolutionpadelstore.com\/pt-pt\/?s={search_term_string}"},"query-input":{"@type":"PropertyValueSpecification","valueRequired":true,"valueName":"search_term_string"}}],"inLanguage":"pt-PT"},{"@type":"Organization","@id":"https:\/\/revolutionpadelstore.com\/pt-pt\/#organization","name":"Revolution Padel Store","url":"https:\/\/revolutionpadelstore.com\/pt-pt\/","logo":{"@type":"ImageObject","inLanguage":"pt-PT","@id":"https:\/\/revolutionpadelstore.com\/pt-pt\/#\/schema\/logo\/image\/","url":"https:\/\/revolutionpadelstore.com\/wp-content\/uploads\/2026\/02\/revolution-padel-store.jpg","contentUrl":"https:\/\/revolutionpadelstore.com\/wp-content\/uploads\/2026\/02\/revolution-padel-store.jpg","width":2000,"height":2000,"caption":"Revolution Padel Store"},"image":{"@id":"https:\/\/revolutionpadelstore.com\/pt-pt\/#\/schema\/logo\/image\/"},"sameAs":["https:\/\/www.instagram.com\/revolutionpadelstore\/"]}]}},"_links":{"self":[{"href":"https:\/\/revolutionpadelstore.com\/pt-pt\/wp-json\/wp\/v2\/product\/129963","targetHints":{"allow":["GET"]}}],"collection":[{"href":"https:\/\/revolutionpadelstore.com\/pt-pt\/wp-json\/wp\/v2\/product"}],"about":[{"href":"https:\/\/revolutionpadelstore.com\/pt-pt\/wp-json\/wp\/v2\/types\/product"}],"replies":[{"embeddable":true,"href":"https:\/\/revolutionpadelstore.com\/pt-pt\/wp-json\/wp\/v2\/comments?post=129963"}],"wp:featuredmedia":[{"embeddable":true,"href":"https:\/\/revolutionpadelstore.com\/pt-pt\/wp-json\/wp\/v2\/media\/129906"}],"wp:attachment":[{"href":"https:\/\/revolutionpadelstore.com\/pt-pt\/wp-json\/wp\/v2\/media?parent=129963"}],"wp:term":[{"taxonomy":"acabado","embeddable":true,"href":"https:\/\/revolutionpadelstore.com\/pt-pt\/wp-json\/wp\/v2\/acabado?post=129963"},{"taxonomy":"balance","embeddable":true,"href":"https:\/\/revolutionpadelstore.com\/pt-pt\/wp-json\/wp\/v2\/balance?post=129963"},{"taxonomy":"dureza","embeddable":true,"href":"https:\/\/revolutionpadelstore.com\/pt-pt\/wp-json\/wp\/v2\/dureza?post=129963"},{"taxonomy":"forma","embeddable":true,"href":"https:\/\/revolutionpadelstore.com\/pt-pt\/wp-json\/wp\/v2\/forma?post=129963"},{"taxonomy":"jugador","embeddable":true,"href":"https:\/\/revolutionpadelstore.com\/pt-pt\/wp-json\/wp\/v2\/jugador?post=129963"},{"taxonomy":"marca","embeddable":true,"href":"https:\/\/revolutionpadelstore.com\/pt-pt\/wp-json\/wp\/v2\/marca?post=129963"},{"taxonomy":"nivel-de-juego","embeddable":true,"href":"https:\/\/revolutionpadelstore.com\/pt-pt\/wp-json\/wp\/v2\/nivel-de-juego?post=129963"},{"taxonomy":"superficie","embeddable":true,"href":"https:\/\/revolutionpadelstore.com\/pt-pt\/wp-json\/wp\/v2\/superficie?post=129963"},{"taxonomy":"tipo-de-juego","embeddable":true,"href":"https:\/\/revolutionpadelstore.com\/pt-pt\/wp-json\/wp\/v2\/tipo-de-juego?post=129963"},{"taxonomy":"product_brand","embeddable":true,"href":"https:\/\/revolutionpadelstore.com\/pt-pt\/wp-json\/wp\/v2\/product_brand?post=129963"},{"taxonomy":"product_cat","embeddable":true,"href":"https:\/\/revolutionpadelstore.com\/pt-pt\/wp-json\/wp\/v2\/product_cat?post=129963"},{"taxonomy":"product_tag","embeddable":true,"href":"https:\/\/revolutionpadelstore.com\/pt-pt\/wp-json\/wp\/v2\/product_tag?post=129963"}],"curies":[{"name":"wp","href":"https:\/\/api.w.org\/{rel}","templated":true}]}}