{"id":129412,"date":"2024-11-27T07:56:52","date_gmt":"2024-11-27T06:56:52","guid":{"rendered":"https:\/\/revolutionpadelstore.com\/paletero-adidas-multigame-3-3-black\/"},"modified":"2026-04-08T10:03:38","modified_gmt":"2026-04-08T08:03:38","slug":"paletero-adidas-multigame-3-3-black-5","status":"publish","type":"product","link":"https:\/\/revolutionpadelstore.com\/pt-pt\/produto\/paletero-adidas-multigame-3-3-black-5\/","title":{"rendered":"PALETERO ADIDAS MULTIGAME 3.3 BLACK"},"content":{"rendered":"<p><H2> adidas paletero multigame 3.3 Transporte preto e confort\u00e1vel <\/h2>\n<p>O <strong> paletero adidas multigame 3.3 em preto <\/strong> \u00e9 a op\u00e7\u00e3o ideal para os jogadores de remo que procuram o m\u00e1ximo conforto em seu caminho para a pista, pois incorpora tiras de malha acolchoadas e al\u00e7as ajust\u00e1veis \u200b\u200b<\/strong>. Inclui a empresa da <strong> jogador Ale Gal\u00e1n <\/strong>, que adiciona exclusividade a esse acess\u00f3rio <strong> adidas. <\/strong><\/p>\n<p>\u00c9 feito com <strong> 100%de tecido de poli\u00e9ster <\/strong>, um material leve e dur\u00e1vel, que <strong> resiste de desgaste de maneira eficaz e repele a \u00e1gua <\/strong>, que protege o interior da mochila e aumenta a utilidade \u00fatil vida. Al\u00e9m disso, possui dimens\u00f5es de <strong> 56 cm x 35 cm x 29 cm <\/strong> com capacidade para 58 L. Seu design, em preto e vermelho, \u00e9 poderoso e ousado.<br \/>\n<H2> carrega tudo o que \u00e9 necess\u00e1rio <\/h2>\n<p>Quanto \u00e0 capacidade, este <strong> adidas paletero <\/strong> permite suas roupas. Enquanto os <strong> dois bolsos laterais com isolamento t\u00e9rmico <\/strong> t\u00eam espa\u00e7o suficiente para duas l\u00e2minas em cada uma, ou seja, um total de quatro p\u00e1s.<\/p>\n<p>Al\u00e9m disso, incorpora outros <strong> dois bolsos laterais estreitos <\/strong> para armazenar barcos de bola ou garrafas de \u00e1gua com um ajuste perfeito, bem como um compartimento independente <strong> para cal\u00e7ados <\/strong>, fabricado com um painel de malha que favorece a ventila\u00e7\u00e3o e a respirabilidade ideais.<\/p>\n<h2>Paletero Adidas Multigame 3.3 Black, transporte c\u00f3modo<\/h2>\n","protected":false},"excerpt":{"rendered":"<p>O paletero adidas multigame 3.3 preto, assinado por Ale Gal\u00e1n, facilita o transporte confort\u00e1vel de seu equipamento gra\u00e7as \u00e0 sua excelente capacidade de armazenamento. 100%poli\u00e9ster.<\/p>\n","protected":false},"featured_media":129382,"comment_status":"open","ping_status":"closed","template":"","meta":{"_acf_changed":false,"_joinchat":[]},"acabado":[],"balance":[],"dureza":[],"forma":[],"jugador":[],"marca":[1230],"nivel-de-juego":[],"superficie":[],"tipo-de-juego":[],"product_brand":[],"product_cat":[316],"product_tag":[],"class_list":{"0":"post-129412","1":"product","2":"type-product","3":"status-publish","4":"has-post-thumbnail","6":"marca-adidas-pt-pt","7":"product_cat-bolsas-pt-pt","9":"first","10":"outofstock","11":"taxable","12":"shipping-taxable","13":"purchasable","14":"product-type-simple"},"acf":[],"yoast_head":"<!-- This site is optimized with the Yoast SEO plugin v27.4 - https:\/\/yoast.com\/product\/yoast-seo-wordpress\/ -->\n<title>PALETERO ADIDAS MULTIGAME 3.3 BLACK - Revolution Padel Store<\/title>\n<meta name=\"description\" content=\"El Paletero Adidas Multigame 3.3 en color negro es la opci\u00f3n ideal para aquellos jugadores de p\u00e1del que busquen el m\u00e1ximo confort en su camino a la pista, ya que incorpora correas de malla acolchadas y asas ajustables. Incluye la firma del jugador Ale Gal\u00e1n, lo que suma exclusividad a este accesorio Adidas.\" \/>\n<meta name=\"robots\" content=\"index, follow, max-snippet:-1, max-image-preview:large, max-video-preview:-1\" \/>\n<link rel=\"canonical\" href=\"https:\/\/revolutionpadelstore.com\/pt-pt\/produto\/paletero-adidas-multigame-3-3-black-5\/\" \/>\n<meta property=\"og:locale\" content=\"pt_PT\" \/>\n<meta property=\"og:type\" content=\"article\" \/>\n<meta property=\"og:title\" content=\"PALETERO ADIDAS MULTIGAME 3.3 BLACK - Revolution Padel Store\" \/>\n<meta property=\"og:description\" content=\"El Paletero Adidas Multigame 3.3 en color negro es la opci\u00f3n ideal para aquellos jugadores de p\u00e1del que busquen el m\u00e1ximo confort en su camino a la pista, ya que incorpora correas de malla acolchadas y asas ajustables. Incluye la firma del jugador Ale Gal\u00e1n, lo que suma exclusividad a este accesorio Adidas.\" \/>\n<meta property=\"og:url\" content=\"https:\/\/revolutionpadelstore.com\/pt-pt\/produto\/paletero-adidas-multigame-3-3-black-5\/\" \/>\n<meta property=\"og:site_name\" content=\"Revolution Padel Store\" \/>\n<meta property=\"article:modified_time\" content=\"2026-04-08T08:03:38+00:00\" \/>\n<meta property=\"og:image\" content=\"https:\/\/revolutionpadelstore.com\/wp-content\/uploads\/2024\/11\/110155_padel_webs_padel_y_grupo_paletero_adidas_racketbag_multigame_3_3_black_a_14e4.webp\" \/>\n\t<meta property=\"og:image:width\" content=\"1500\" \/>\n\t<meta property=\"og:image:height\" content=\"1500\" \/>\n\t<meta property=\"og:image:type\" content=\"image\/webp\" \/>\n<meta name=\"twitter:card\" content=\"summary_large_image\" \/>\n<meta name=\"twitter:label1\" content=\"Tempo estimado de leitura\" \/>\n\t<meta name=\"twitter:data1\" content=\"1 minuto\" \/>\n<script type=\"application\/ld+json\" class=\"yoast-schema-graph\">{\"@context\":\"https:\\\/\\\/schema.org\",\"@graph\":[{\"@type\":\"WebPage\",\"@id\":\"https:\\\/\\\/revolutionpadelstore.com\\\/pt-pt\\\/produto\\\/paletero-adidas-multigame-3-3-black-5\\\/\",\"url\":\"https:\\\/\\\/revolutionpadelstore.com\\\/pt-pt\\\/produto\\\/paletero-adidas-multigame-3-3-black-5\\\/\",\"name\":\"PALETERO ADIDAS MULTIGAME 3.3 BLACK - Revolution Padel Store\",\"isPartOf\":{\"@id\":\"https:\\\/\\\/revolutionpadelstore.com\\\/pt-pt\\\/#website\"},\"primaryImageOfPage\":{\"@id\":\"https:\\\/\\\/revolutionpadelstore.com\\\/pt-pt\\\/produto\\\/paletero-adidas-multigame-3-3-black-5\\\/#primaryimage\"},\"image\":{\"@id\":\"https:\\\/\\\/revolutionpadelstore.com\\\/pt-pt\\\/produto\\\/paletero-adidas-multigame-3-3-black-5\\\/#primaryimage\"},\"thumbnailUrl\":\"https:\\\/\\\/revolutionpadelstore.com\\\/wp-content\\\/uploads\\\/2024\\\/11\\\/110155_padel_webs_padel_y_grupo_paletero_adidas_racketbag_multigame_3_3_black_a_14e4.webp\",\"datePublished\":\"2024-11-27T06:56:52+00:00\",\"dateModified\":\"2026-04-08T08:03:38+00:00\",\"description\":\"El Paletero Adidas Multigame 3.3 en color negro es la opci\u00f3n ideal para aquellos jugadores de p\u00e1del que busquen el m\u00e1ximo confort en su camino a la pista, ya que incorpora correas de malla acolchadas y asas ajustables. Incluye la firma del jugador Ale Gal\u00e1n, lo que suma exclusividad a este accesorio Adidas.\",\"breadcrumb\":{\"@id\":\"https:\\\/\\\/revolutionpadelstore.com\\\/pt-pt\\\/produto\\\/paletero-adidas-multigame-3-3-black-5\\\/#breadcrumb\"},\"inLanguage\":\"pt-PT\",\"potentialAction\":[{\"@type\":\"ReadAction\",\"target\":[\"https:\\\/\\\/revolutionpadelstore.com\\\/pt-pt\\\/produto\\\/paletero-adidas-multigame-3-3-black-5\\\/\"]}]},{\"@type\":\"ImageObject\",\"inLanguage\":\"pt-PT\",\"@id\":\"https:\\\/\\\/revolutionpadelstore.com\\\/pt-pt\\\/produto\\\/paletero-adidas-multigame-3-3-black-5\\\/#primaryimage\",\"url\":\"https:\\\/\\\/revolutionpadelstore.com\\\/wp-content\\\/uploads\\\/2024\\\/11\\\/110155_padel_webs_padel_y_grupo_paletero_adidas_racketbag_multigame_3_3_black_a_14e4.webp\",\"contentUrl\":\"https:\\\/\\\/revolutionpadelstore.com\\\/wp-content\\\/uploads\\\/2024\\\/11\\\/110155_padel_webs_padel_y_grupo_paletero_adidas_racketbag_multigame_3_3_black_a_14e4.webp\",\"width\":1500,\"height\":1500},{\"@type\":\"BreadcrumbList\",\"@id\":\"https:\\\/\\\/revolutionpadelstore.com\\\/pt-pt\\\/produto\\\/paletero-adidas-multigame-3-3-black-5\\\/#breadcrumb\",\"itemListElement\":[{\"@type\":\"ListItem\",\"position\":1,\"name\":\"Portada\",\"item\":\"https:\\\/\\\/revolutionpadelstore.com\\\/pt-pt\\\/\"},{\"@type\":\"ListItem\",\"position\":2,\"name\":\"Tienda\",\"item\":\"https:\\\/\\\/revolutionpadelstore.com\\\/pt-pt\\\/tienda\\\/\"},{\"@type\":\"ListItem\",\"position\":3,\"name\":\"PALETERO ADIDAS MULTIGAME 3.3 BLACK\"}]},{\"@type\":\"WebSite\",\"@id\":\"https:\\\/\\\/revolutionpadelstore.com\\\/pt-pt\\\/#website\",\"url\":\"https:\\\/\\\/revolutionpadelstore.com\\\/pt-pt\\\/\",\"name\":\"Revolution Padel Store\",\"description\":\"\",\"publisher\":{\"@id\":\"https:\\\/\\\/revolutionpadelstore.com\\\/pt-pt\\\/#organization\"},\"potentialAction\":[{\"@type\":\"SearchAction\",\"target\":{\"@type\":\"EntryPoint\",\"urlTemplate\":\"https:\\\/\\\/revolutionpadelstore.com\\\/pt-pt\\\/?s={search_term_string}\"},\"query-input\":{\"@type\":\"PropertyValueSpecification\",\"valueRequired\":true,\"valueName\":\"search_term_string\"}}],\"inLanguage\":\"pt-PT\"},{\"@type\":\"Organization\",\"@id\":\"https:\\\/\\\/revolutionpadelstore.com\\\/pt-pt\\\/#organization\",\"name\":\"Revolution Padel Store\",\"url\":\"https:\\\/\\\/revolutionpadelstore.com\\\/pt-pt\\\/\",\"logo\":{\"@type\":\"ImageObject\",\"inLanguage\":\"pt-PT\",\"@id\":\"https:\\\/\\\/revolutionpadelstore.com\\\/pt-pt\\\/#\\\/schema\\\/logo\\\/image\\\/\",\"url\":\"https:\\\/\\\/revolutionpadelstore.com\\\/wp-content\\\/uploads\\\/2026\\\/02\\\/revolution-padel-store.jpg\",\"contentUrl\":\"https:\\\/\\\/revolutionpadelstore.com\\\/wp-content\\\/uploads\\\/2026\\\/02\\\/revolution-padel-store.jpg\",\"width\":2000,\"height\":2000,\"caption\":\"Revolution Padel Store\"},\"image\":{\"@id\":\"https:\\\/\\\/revolutionpadelstore.com\\\/pt-pt\\\/#\\\/schema\\\/logo\\\/image\\\/\"},\"sameAs\":[\"https:\\\/\\\/www.instagram.com\\\/revolutionpadelstore\\\/\"]}]}<\/script>\n<!-- \/ Yoast SEO plugin. -->","yoast_head_json":{"title":"PALETERO ADIDAS MULTIGAME 3.3 BLACK - Revolution Padel Store","description":"El Paletero Adidas Multigame 3.3 en color negro es la opci\u00f3n ideal para aquellos jugadores de p\u00e1del que busquen el m\u00e1ximo confort en su camino a la pista, ya que incorpora correas de malla acolchadas y asas ajustables. Incluye la firma del jugador Ale Gal\u00e1n, lo que suma exclusividad a este accesorio Adidas.","robots":{"index":"index","follow":"follow","max-snippet":"max-snippet:-1","max-image-preview":"max-image-preview:large","max-video-preview":"max-video-preview:-1"},"canonical":"https:\/\/revolutionpadelstore.com\/pt-pt\/produto\/paletero-adidas-multigame-3-3-black-5\/","og_locale":"pt_PT","og_type":"article","og_title":"PALETERO ADIDAS MULTIGAME 3.3 BLACK - Revolution Padel Store","og_description":"El Paletero Adidas Multigame 3.3 en color negro es la opci\u00f3n ideal para aquellos jugadores de p\u00e1del que busquen el m\u00e1ximo confort en su camino a la pista, ya que incorpora correas de malla acolchadas y asas ajustables. Incluye la firma del jugador Ale Gal\u00e1n, lo que suma exclusividad a este accesorio Adidas.","og_url":"https:\/\/revolutionpadelstore.com\/pt-pt\/produto\/paletero-adidas-multigame-3-3-black-5\/","og_site_name":"Revolution Padel Store","article_modified_time":"2026-04-08T08:03:38+00:00","og_image":[{"width":1500,"height":1500,"url":"https:\/\/revolutionpadelstore.com\/wp-content\/uploads\/2024\/11\/110155_padel_webs_padel_y_grupo_paletero_adidas_racketbag_multigame_3_3_black_a_14e4.webp","type":"image\/webp"}],"twitter_card":"summary_large_image","twitter_misc":{"Tempo estimado de leitura":"1 minuto"},"schema":{"@context":"https:\/\/schema.org","@graph":[{"@type":"WebPage","@id":"https:\/\/revolutionpadelstore.com\/pt-pt\/produto\/paletero-adidas-multigame-3-3-black-5\/","url":"https:\/\/revolutionpadelstore.com\/pt-pt\/produto\/paletero-adidas-multigame-3-3-black-5\/","name":"PALETERO ADIDAS MULTIGAME 3.3 BLACK - Revolution Padel Store","isPartOf":{"@id":"https:\/\/revolutionpadelstore.com\/pt-pt\/#website"},"primaryImageOfPage":{"@id":"https:\/\/revolutionpadelstore.com\/pt-pt\/produto\/paletero-adidas-multigame-3-3-black-5\/#primaryimage"},"image":{"@id":"https:\/\/revolutionpadelstore.com\/pt-pt\/produto\/paletero-adidas-multigame-3-3-black-5\/#primaryimage"},"thumbnailUrl":"https:\/\/revolutionpadelstore.com\/wp-content\/uploads\/2024\/11\/110155_padel_webs_padel_y_grupo_paletero_adidas_racketbag_multigame_3_3_black_a_14e4.webp","datePublished":"2024-11-27T06:56:52+00:00","dateModified":"2026-04-08T08:03:38+00:00","description":"El Paletero Adidas Multigame 3.3 en color negro es la opci\u00f3n ideal para aquellos jugadores de p\u00e1del que busquen el m\u00e1ximo confort en su camino a la pista, ya que incorpora correas de malla acolchadas y asas ajustables. Incluye la firma del jugador Ale Gal\u00e1n, lo que suma exclusividad a este accesorio Adidas.","breadcrumb":{"@id":"https:\/\/revolutionpadelstore.com\/pt-pt\/produto\/paletero-adidas-multigame-3-3-black-5\/#breadcrumb"},"inLanguage":"pt-PT","potentialAction":[{"@type":"ReadAction","target":["https:\/\/revolutionpadelstore.com\/pt-pt\/produto\/paletero-adidas-multigame-3-3-black-5\/"]}]},{"@type":"ImageObject","inLanguage":"pt-PT","@id":"https:\/\/revolutionpadelstore.com\/pt-pt\/produto\/paletero-adidas-multigame-3-3-black-5\/#primaryimage","url":"https:\/\/revolutionpadelstore.com\/wp-content\/uploads\/2024\/11\/110155_padel_webs_padel_y_grupo_paletero_adidas_racketbag_multigame_3_3_black_a_14e4.webp","contentUrl":"https:\/\/revolutionpadelstore.com\/wp-content\/uploads\/2024\/11\/110155_padel_webs_padel_y_grupo_paletero_adidas_racketbag_multigame_3_3_black_a_14e4.webp","width":1500,"height":1500},{"@type":"BreadcrumbList","@id":"https:\/\/revolutionpadelstore.com\/pt-pt\/produto\/paletero-adidas-multigame-3-3-black-5\/#breadcrumb","itemListElement":[{"@type":"ListItem","position":1,"name":"Portada","item":"https:\/\/revolutionpadelstore.com\/pt-pt\/"},{"@type":"ListItem","position":2,"name":"Tienda","item":"https:\/\/revolutionpadelstore.com\/pt-pt\/tienda\/"},{"@type":"ListItem","position":3,"name":"PALETERO ADIDAS MULTIGAME 3.3 BLACK"}]},{"@type":"WebSite","@id":"https:\/\/revolutionpadelstore.com\/pt-pt\/#website","url":"https:\/\/revolutionpadelstore.com\/pt-pt\/","name":"Revolution Padel Store","description":"","publisher":{"@id":"https:\/\/revolutionpadelstore.com\/pt-pt\/#organization"},"potentialAction":[{"@type":"SearchAction","target":{"@type":"EntryPoint","urlTemplate":"https:\/\/revolutionpadelstore.com\/pt-pt\/?s={search_term_string}"},"query-input":{"@type":"PropertyValueSpecification","valueRequired":true,"valueName":"search_term_string"}}],"inLanguage":"pt-PT"},{"@type":"Organization","@id":"https:\/\/revolutionpadelstore.com\/pt-pt\/#organization","name":"Revolution Padel Store","url":"https:\/\/revolutionpadelstore.com\/pt-pt\/","logo":{"@type":"ImageObject","inLanguage":"pt-PT","@id":"https:\/\/revolutionpadelstore.com\/pt-pt\/#\/schema\/logo\/image\/","url":"https:\/\/revolutionpadelstore.com\/wp-content\/uploads\/2026\/02\/revolution-padel-store.jpg","contentUrl":"https:\/\/revolutionpadelstore.com\/wp-content\/uploads\/2026\/02\/revolution-padel-store.jpg","width":2000,"height":2000,"caption":"Revolution Padel Store"},"image":{"@id":"https:\/\/revolutionpadelstore.com\/pt-pt\/#\/schema\/logo\/image\/"},"sameAs":["https:\/\/www.instagram.com\/revolutionpadelstore\/"]}]}},"_links":{"self":[{"href":"https:\/\/revolutionpadelstore.com\/pt-pt\/wp-json\/wp\/v2\/product\/129412","targetHints":{"allow":["GET"]}}],"collection":[{"href":"https:\/\/revolutionpadelstore.com\/pt-pt\/wp-json\/wp\/v2\/product"}],"about":[{"href":"https:\/\/revolutionpadelstore.com\/pt-pt\/wp-json\/wp\/v2\/types\/product"}],"replies":[{"embeddable":true,"href":"https:\/\/revolutionpadelstore.com\/pt-pt\/wp-json\/wp\/v2\/comments?post=129412"}],"wp:featuredmedia":[{"embeddable":true,"href":"https:\/\/revolutionpadelstore.com\/pt-pt\/wp-json\/wp\/v2\/media\/129382"}],"wp:attachment":[{"href":"https:\/\/revolutionpadelstore.com\/pt-pt\/wp-json\/wp\/v2\/media?parent=129412"}],"wp:term":[{"taxonomy":"acabado","embeddable":true,"href":"https:\/\/revolutionpadelstore.com\/pt-pt\/wp-json\/wp\/v2\/acabado?post=129412"},{"taxonomy":"balance","embeddable":true,"href":"https:\/\/revolutionpadelstore.com\/pt-pt\/wp-json\/wp\/v2\/balance?post=129412"},{"taxonomy":"dureza","embeddable":true,"href":"https:\/\/revolutionpadelstore.com\/pt-pt\/wp-json\/wp\/v2\/dureza?post=129412"},{"taxonomy":"forma","embeddable":true,"href":"https:\/\/revolutionpadelstore.com\/pt-pt\/wp-json\/wp\/v2\/forma?post=129412"},{"taxonomy":"jugador","embeddable":true,"href":"https:\/\/revolutionpadelstore.com\/pt-pt\/wp-json\/wp\/v2\/jugador?post=129412"},{"taxonomy":"marca","embeddable":true,"href":"https:\/\/revolutionpadelstore.com\/pt-pt\/wp-json\/wp\/v2\/marca?post=129412"},{"taxonomy":"nivel-de-juego","embeddable":true,"href":"https:\/\/revolutionpadelstore.com\/pt-pt\/wp-json\/wp\/v2\/nivel-de-juego?post=129412"},{"taxonomy":"superficie","embeddable":true,"href":"https:\/\/revolutionpadelstore.com\/pt-pt\/wp-json\/wp\/v2\/superficie?post=129412"},{"taxonomy":"tipo-de-juego","embeddable":true,"href":"https:\/\/revolutionpadelstore.com\/pt-pt\/wp-json\/wp\/v2\/tipo-de-juego?post=129412"},{"taxonomy":"product_brand","embeddable":true,"href":"https:\/\/revolutionpadelstore.com\/pt-pt\/wp-json\/wp\/v2\/product_brand?post=129412"},{"taxonomy":"product_cat","embeddable":true,"href":"https:\/\/revolutionpadelstore.com\/pt-pt\/wp-json\/wp\/v2\/product_cat?post=129412"},{"taxonomy":"product_tag","embeddable":true,"href":"https:\/\/revolutionpadelstore.com\/pt-pt\/wp-json\/wp\/v2\/product_tag?post=129412"}],"curies":[{"name":"wp","href":"https:\/\/api.w.org\/{rel}","templated":true}]}}