{"id":129369,"date":"2024-11-27T00:08:18","date_gmt":"2024-11-26T23:08:18","guid":{"rendered":"https:\/\/revolutionpadelstore.com\/paletero-bullpadel-alejandra-salazar-flow-bpp-25006-aguamarina\/"},"modified":"2026-04-08T10:04:01","modified_gmt":"2026-04-08T08:04:01","slug":"paletero-bullpadel-alejandra-salazar-flow-bpp-25006-072-aguamarina-5","status":"publish","type":"product","link":"https:\/\/revolutionpadelstore.com\/pt-pt\/produto\/paletero-bullpadel-alejandra-salazar-flow-bpp-25006-072-aguamarina-5\/","title":{"rendered":"PALETERO BULLPADEL ALEJANDRA SALAZAR FLOW BPP-25006 072 Aguamarina"},"content":{"rendered":"<p><H2> bullpadel Alejandra Salazar BPP-25006 Aguamarina <\/H2><br \/>\nO bullpadel Alejandra Salazar BPP-25006 \u00e9 o complemento perfeito para os amantes que procuram estilo, funcionalidade e conforto.<\/p>\n<p>Projetado com a colabora\u00e7\u00e3o do jogador profissional Alejandra Salazar, este paletero combina um design atraente com caracter\u00edsticas t\u00e9cnicas projetadas para atender \u00e0s necessidades dos jogadores mais exigentes.<\/p>\n<h2> Principais caracter\u00edsticas: <\/h2>\n<p><strong> compartimento principal <\/strong>: amplo e facilmente acess\u00edvel, ideal para transportar tudo o que \u00e9 necess\u00e1rio para suas partidas e treinamento. Este compartimento foi projetado para armazenar roupas, toalhas, acess\u00f3rios e outros objetos pessoais.<\/p>\n<p><strong> Dois compartimentos t\u00e9rmicos <\/strong>: especialmente projetados para transportar e proteger at\u00e9 quatro l\u00e2minas de p\u00e1, esses compartimentos incorporam a tecnologia <strong> t\u00e9rmica <\/strong>, que mant\u00e9m a temperatura ideal das l\u00e2minas, protegendo -as de As mudan\u00e7as t\u00e9rmicas e prolongando sua durabilidade.<\/p>\n<p><strong> compartimento independente e ventilado <\/strong>: um espa\u00e7o separado, perfeito para cal\u00e7ados de loja ou roupas usadas. Gra\u00e7as ao seu sistema de ventila\u00e7\u00e3o, ele impede o ac\u00famulo de odores e mant\u00e9m seus pertences organizados e novos.<\/p>\n<p><strong> bolso lateral com fole externo <\/strong>: um bolso adicional com fole para maior capacidade, ideal para armazenar pequenos acess\u00f3rios, como chaves, carteira, telefone celular ou ader\u00eancia sobressalente, permitindo acesso r\u00e1pido aos objetos mais essenciais.<br \/>\n<H2> Design e conforto: <\/h2>\n<p><strong> Estilo \u00fanico <\/strong>: Este paletero apresenta um design moderno e elegante, fiel ao estilo de Alejandra Salazar, destacando -se por sua atraente combina\u00e7\u00e3o de cores e acabamentos de alta qualidade.<\/p>\n<p><strong> Man\u00e7as acolchoadas <\/strong>: Ele vem com tiras ajust\u00e1veis \u200b\u200be acolchoadas que permitem que ela seja usada como mochila, proporcionando conforto e facilidade para transport\u00e1 -lo.<\/p>\n<p><strong> Durabilidade <\/strong>: Feito com materiais resistentes e de alta qualidade, este paletero foi projetado para resistir ao uso intensivo de jogadores de paddle.<\/p>\n<p>O bullpadel Alejandra Salazar BPP-25006 <\/strong> n\u00e3o se destaca apenas por seu design sofisticado, mas tamb\u00e9m por sua funcionalidade e organiza\u00e7\u00e3o. \u00c9 perfeito para os jogadores que procuram transportar sua equipe com seguran\u00e7a e conforto, sempre mantendo o estilo dentro e fora da pista. Um acess\u00f3rio essencial para qualquer jogador apaixonado de paddle!<\/p>\n<h2>Paletero Bullpadel Alejandra Salazar Flow BPP-25006 Aguamarina<\/h2>\n","protected":false},"excerpt":{"rendered":"<p>bullpadel Alejandra Salazar BPP-25006 Aguamarina O bullpadel Alejandra Salazar BPP-25006 \u00e9 o complemento perfeito para os amantes que procuram estilo, funcionalidade e conforto. Projetado com a colabora\u00e7\u00e3o do jogador profissional Alejandra Salazar, este paletero combina um design atraente com caracter\u00edsticas t\u00e9cnicas projetadas para atender \u00e0s necessidades dos jogadores mais exigentes. Principais caracter\u00edsticas: compartimento principal : [&hellip;]<\/p>\n","protected":false},"featured_media":129340,"comment_status":"open","ping_status":"closed","template":"","meta":{"_acf_changed":false,"_joinchat":[]},"acabado":[],"balance":[],"dureza":[],"forma":[],"jugador":[],"marca":[1255],"nivel-de-juego":[],"superficie":[],"tipo-de-juego":[],"product_brand":[],"product_cat":[316],"product_tag":[],"class_list":{"0":"post-129369","1":"product","2":"type-product","3":"status-publish","4":"has-post-thumbnail","6":"marca-bullpadel-pt-pt","7":"product_cat-bolsas-pt-pt","9":"first","10":"outofstock","11":"sale","12":"taxable","13":"shipping-taxable","14":"purchasable","15":"product-type-simple"},"acf":[],"yoast_head":"<!-- This site is optimized with the Yoast SEO plugin v27.4 - https:\/\/yoast.com\/product\/yoast-seo-wordpress\/ -->\n<title>PALETERO BULLPADEL ALEJANDRA SALAZAR FLOW BPP-25006 072 Aguamarina - Revolution Padel Store<\/title>\n<meta name=\"description\" content=\"El Paletero Bullpadel Alejandra Salazar Flow BPP-25006 es el complemento perfecto para los amantes del p\u00e1del que buscan estilo, funcionalidad y comodidad.Dise\u00f1ado con la colaboraci\u00f3n de la jugadora profesional Alejandra Salazar, este paletero combina un dise\u00f1o atractivo con caracter\u00edsticas t\u00e9cnicas pensadas para satisfacer las necesidades de los jugadores mas exigentes.\" \/>\n<meta name=\"robots\" content=\"index, follow, max-snippet:-1, max-image-preview:large, max-video-preview:-1\" \/>\n<link rel=\"canonical\" href=\"https:\/\/revolutionpadelstore.com\/pt-pt\/produto\/paletero-bullpadel-alejandra-salazar-flow-bpp-25006-072-aguamarina-5\/\" \/>\n<meta property=\"og:locale\" content=\"pt_PT\" \/>\n<meta property=\"og:type\" content=\"article\" \/>\n<meta property=\"og:title\" content=\"PALETERO BULLPADEL ALEJANDRA SALAZAR FLOW BPP-25006 072 Aguamarina - Revolution Padel Store\" \/>\n<meta property=\"og:description\" content=\"El Paletero Bullpadel Alejandra Salazar Flow BPP-25006 es el complemento perfecto para los amantes del p\u00e1del que buscan estilo, funcionalidad y comodidad.Dise\u00f1ado con la colaboraci\u00f3n de la jugadora profesional Alejandra Salazar, este paletero combina un dise\u00f1o atractivo con caracter\u00edsticas t\u00e9cnicas pensadas para satisfacer las necesidades de los jugadores mas exigentes.\" \/>\n<meta property=\"og:url\" content=\"https:\/\/revolutionpadelstore.com\/pt-pt\/produto\/paletero-bullpadel-alejandra-salazar-flow-bpp-25006-072-aguamarina-5\/\" \/>\n<meta property=\"og:site_name\" content=\"Revolution Padel Store\" \/>\n<meta property=\"article:modified_time\" content=\"2026-04-08T08:04:01+00:00\" \/>\n<meta property=\"og:image\" content=\"https:\/\/revolutionpadelstore.com\/wp-content\/uploads\/2024\/11\/paletero-bullpadel-alejandra-salazar-flow-bpp-25006-aguamarina-1100x1100-1.webp\" \/>\n\t<meta property=\"og:image:width\" content=\"1100\" \/>\n\t<meta property=\"og:image:height\" content=\"1100\" \/>\n\t<meta property=\"og:image:type\" content=\"image\/webp\" \/>\n<meta name=\"twitter:card\" content=\"summary_large_image\" \/>\n<meta name=\"twitter:label1\" content=\"Tempo estimado de leitura\" \/>\n\t<meta name=\"twitter:data1\" content=\"2 minutos\" \/>\n<script type=\"application\/ld+json\" class=\"yoast-schema-graph\">{\"@context\":\"https:\\\/\\\/schema.org\",\"@graph\":[{\"@type\":\"WebPage\",\"@id\":\"https:\\\/\\\/revolutionpadelstore.com\\\/pt-pt\\\/produto\\\/paletero-bullpadel-alejandra-salazar-flow-bpp-25006-072-aguamarina-5\\\/\",\"url\":\"https:\\\/\\\/revolutionpadelstore.com\\\/pt-pt\\\/produto\\\/paletero-bullpadel-alejandra-salazar-flow-bpp-25006-072-aguamarina-5\\\/\",\"name\":\"PALETERO BULLPADEL ALEJANDRA SALAZAR FLOW BPP-25006 072 Aguamarina - Revolution Padel Store\",\"isPartOf\":{\"@id\":\"https:\\\/\\\/revolutionpadelstore.com\\\/pt-pt\\\/#website\"},\"primaryImageOfPage\":{\"@id\":\"https:\\\/\\\/revolutionpadelstore.com\\\/pt-pt\\\/produto\\\/paletero-bullpadel-alejandra-salazar-flow-bpp-25006-072-aguamarina-5\\\/#primaryimage\"},\"image\":{\"@id\":\"https:\\\/\\\/revolutionpadelstore.com\\\/pt-pt\\\/produto\\\/paletero-bullpadel-alejandra-salazar-flow-bpp-25006-072-aguamarina-5\\\/#primaryimage\"},\"thumbnailUrl\":\"https:\\\/\\\/revolutionpadelstore.com\\\/wp-content\\\/uploads\\\/2024\\\/11\\\/paletero-bullpadel-alejandra-salazar-flow-bpp-25006-aguamarina-1100x1100-1.webp\",\"datePublished\":\"2024-11-26T23:08:18+00:00\",\"dateModified\":\"2026-04-08T08:04:01+00:00\",\"description\":\"El Paletero Bullpadel Alejandra Salazar Flow BPP-25006 es el complemento perfecto para los amantes del p\u00e1del que buscan estilo, funcionalidad y comodidad.Dise\u00f1ado con la colaboraci\u00f3n de la jugadora profesional Alejandra Salazar, este paletero combina un dise\u00f1o atractivo con caracter\u00edsticas t\u00e9cnicas pensadas para satisfacer las necesidades de los jugadores mas exigentes.\",\"breadcrumb\":{\"@id\":\"https:\\\/\\\/revolutionpadelstore.com\\\/pt-pt\\\/produto\\\/paletero-bullpadel-alejandra-salazar-flow-bpp-25006-072-aguamarina-5\\\/#breadcrumb\"},\"inLanguage\":\"pt-PT\",\"potentialAction\":[{\"@type\":\"ReadAction\",\"target\":[\"https:\\\/\\\/revolutionpadelstore.com\\\/pt-pt\\\/produto\\\/paletero-bullpadel-alejandra-salazar-flow-bpp-25006-072-aguamarina-5\\\/\"]}]},{\"@type\":\"ImageObject\",\"inLanguage\":\"pt-PT\",\"@id\":\"https:\\\/\\\/revolutionpadelstore.com\\\/pt-pt\\\/produto\\\/paletero-bullpadel-alejandra-salazar-flow-bpp-25006-072-aguamarina-5\\\/#primaryimage\",\"url\":\"https:\\\/\\\/revolutionpadelstore.com\\\/wp-content\\\/uploads\\\/2024\\\/11\\\/paletero-bullpadel-alejandra-salazar-flow-bpp-25006-aguamarina-1100x1100-1.webp\",\"contentUrl\":\"https:\\\/\\\/revolutionpadelstore.com\\\/wp-content\\\/uploads\\\/2024\\\/11\\\/paletero-bullpadel-alejandra-salazar-flow-bpp-25006-aguamarina-1100x1100-1.webp\",\"width\":1100,\"height\":1100},{\"@type\":\"BreadcrumbList\",\"@id\":\"https:\\\/\\\/revolutionpadelstore.com\\\/pt-pt\\\/produto\\\/paletero-bullpadel-alejandra-salazar-flow-bpp-25006-072-aguamarina-5\\\/#breadcrumb\",\"itemListElement\":[{\"@type\":\"ListItem\",\"position\":1,\"name\":\"Portada\",\"item\":\"https:\\\/\\\/revolutionpadelstore.com\\\/pt-pt\\\/\"},{\"@type\":\"ListItem\",\"position\":2,\"name\":\"Tienda\",\"item\":\"https:\\\/\\\/revolutionpadelstore.com\\\/pt-pt\\\/tienda\\\/\"},{\"@type\":\"ListItem\",\"position\":3,\"name\":\"PALETERO BULLPADEL ALEJANDRA SALAZAR FLOW BPP-25006 072 Aguamarina\"}]},{\"@type\":\"WebSite\",\"@id\":\"https:\\\/\\\/revolutionpadelstore.com\\\/pt-pt\\\/#website\",\"url\":\"https:\\\/\\\/revolutionpadelstore.com\\\/pt-pt\\\/\",\"name\":\"Revolution Padel Store\",\"description\":\"\",\"publisher\":{\"@id\":\"https:\\\/\\\/revolutionpadelstore.com\\\/pt-pt\\\/#organization\"},\"potentialAction\":[{\"@type\":\"SearchAction\",\"target\":{\"@type\":\"EntryPoint\",\"urlTemplate\":\"https:\\\/\\\/revolutionpadelstore.com\\\/pt-pt\\\/?s={search_term_string}\"},\"query-input\":{\"@type\":\"PropertyValueSpecification\",\"valueRequired\":true,\"valueName\":\"search_term_string\"}}],\"inLanguage\":\"pt-PT\"},{\"@type\":\"Organization\",\"@id\":\"https:\\\/\\\/revolutionpadelstore.com\\\/pt-pt\\\/#organization\",\"name\":\"Revolution Padel Store\",\"url\":\"https:\\\/\\\/revolutionpadelstore.com\\\/pt-pt\\\/\",\"logo\":{\"@type\":\"ImageObject\",\"inLanguage\":\"pt-PT\",\"@id\":\"https:\\\/\\\/revolutionpadelstore.com\\\/pt-pt\\\/#\\\/schema\\\/logo\\\/image\\\/\",\"url\":\"https:\\\/\\\/revolutionpadelstore.com\\\/wp-content\\\/uploads\\\/2026\\\/02\\\/revolution-padel-store.jpg\",\"contentUrl\":\"https:\\\/\\\/revolutionpadelstore.com\\\/wp-content\\\/uploads\\\/2026\\\/02\\\/revolution-padel-store.jpg\",\"width\":2000,\"height\":2000,\"caption\":\"Revolution Padel Store\"},\"image\":{\"@id\":\"https:\\\/\\\/revolutionpadelstore.com\\\/pt-pt\\\/#\\\/schema\\\/logo\\\/image\\\/\"},\"sameAs\":[\"https:\\\/\\\/www.instagram.com\\\/revolutionpadelstore\\\/\"]}]}<\/script>\n<!-- \/ Yoast SEO plugin. -->","yoast_head_json":{"title":"PALETERO BULLPADEL ALEJANDRA SALAZAR FLOW BPP-25006 072 Aguamarina - Revolution Padel Store","description":"El Paletero Bullpadel Alejandra Salazar Flow BPP-25006 es el complemento perfecto para los amantes del p\u00e1del que buscan estilo, funcionalidad y comodidad.Dise\u00f1ado con la colaboraci\u00f3n de la jugadora profesional Alejandra Salazar, este paletero combina un dise\u00f1o atractivo con caracter\u00edsticas t\u00e9cnicas pensadas para satisfacer las necesidades de los jugadores mas exigentes.","robots":{"index":"index","follow":"follow","max-snippet":"max-snippet:-1","max-image-preview":"max-image-preview:large","max-video-preview":"max-video-preview:-1"},"canonical":"https:\/\/revolutionpadelstore.com\/pt-pt\/produto\/paletero-bullpadel-alejandra-salazar-flow-bpp-25006-072-aguamarina-5\/","og_locale":"pt_PT","og_type":"article","og_title":"PALETERO BULLPADEL ALEJANDRA SALAZAR FLOW BPP-25006 072 Aguamarina - Revolution Padel Store","og_description":"El Paletero Bullpadel Alejandra Salazar Flow BPP-25006 es el complemento perfecto para los amantes del p\u00e1del que buscan estilo, funcionalidad y comodidad.Dise\u00f1ado con la colaboraci\u00f3n de la jugadora profesional Alejandra Salazar, este paletero combina un dise\u00f1o atractivo con caracter\u00edsticas t\u00e9cnicas pensadas para satisfacer las necesidades de los jugadores mas exigentes.","og_url":"https:\/\/revolutionpadelstore.com\/pt-pt\/produto\/paletero-bullpadel-alejandra-salazar-flow-bpp-25006-072-aguamarina-5\/","og_site_name":"Revolution Padel Store","article_modified_time":"2026-04-08T08:04:01+00:00","og_image":[{"width":1100,"height":1100,"url":"https:\/\/revolutionpadelstore.com\/wp-content\/uploads\/2024\/11\/paletero-bullpadel-alejandra-salazar-flow-bpp-25006-aguamarina-1100x1100-1.webp","type":"image\/webp"}],"twitter_card":"summary_large_image","twitter_misc":{"Tempo estimado de leitura":"2 minutos"},"schema":{"@context":"https:\/\/schema.org","@graph":[{"@type":"WebPage","@id":"https:\/\/revolutionpadelstore.com\/pt-pt\/produto\/paletero-bullpadel-alejandra-salazar-flow-bpp-25006-072-aguamarina-5\/","url":"https:\/\/revolutionpadelstore.com\/pt-pt\/produto\/paletero-bullpadel-alejandra-salazar-flow-bpp-25006-072-aguamarina-5\/","name":"PALETERO BULLPADEL ALEJANDRA SALAZAR FLOW BPP-25006 072 Aguamarina - Revolution Padel Store","isPartOf":{"@id":"https:\/\/revolutionpadelstore.com\/pt-pt\/#website"},"primaryImageOfPage":{"@id":"https:\/\/revolutionpadelstore.com\/pt-pt\/produto\/paletero-bullpadel-alejandra-salazar-flow-bpp-25006-072-aguamarina-5\/#primaryimage"},"image":{"@id":"https:\/\/revolutionpadelstore.com\/pt-pt\/produto\/paletero-bullpadel-alejandra-salazar-flow-bpp-25006-072-aguamarina-5\/#primaryimage"},"thumbnailUrl":"https:\/\/revolutionpadelstore.com\/wp-content\/uploads\/2024\/11\/paletero-bullpadel-alejandra-salazar-flow-bpp-25006-aguamarina-1100x1100-1.webp","datePublished":"2024-11-26T23:08:18+00:00","dateModified":"2026-04-08T08:04:01+00:00","description":"El Paletero Bullpadel Alejandra Salazar Flow BPP-25006 es el complemento perfecto para los amantes del p\u00e1del que buscan estilo, funcionalidad y comodidad.Dise\u00f1ado con la colaboraci\u00f3n de la jugadora profesional Alejandra Salazar, este paletero combina un dise\u00f1o atractivo con caracter\u00edsticas t\u00e9cnicas pensadas para satisfacer las necesidades de los jugadores mas exigentes.","breadcrumb":{"@id":"https:\/\/revolutionpadelstore.com\/pt-pt\/produto\/paletero-bullpadel-alejandra-salazar-flow-bpp-25006-072-aguamarina-5\/#breadcrumb"},"inLanguage":"pt-PT","potentialAction":[{"@type":"ReadAction","target":["https:\/\/revolutionpadelstore.com\/pt-pt\/produto\/paletero-bullpadel-alejandra-salazar-flow-bpp-25006-072-aguamarina-5\/"]}]},{"@type":"ImageObject","inLanguage":"pt-PT","@id":"https:\/\/revolutionpadelstore.com\/pt-pt\/produto\/paletero-bullpadel-alejandra-salazar-flow-bpp-25006-072-aguamarina-5\/#primaryimage","url":"https:\/\/revolutionpadelstore.com\/wp-content\/uploads\/2024\/11\/paletero-bullpadel-alejandra-salazar-flow-bpp-25006-aguamarina-1100x1100-1.webp","contentUrl":"https:\/\/revolutionpadelstore.com\/wp-content\/uploads\/2024\/11\/paletero-bullpadel-alejandra-salazar-flow-bpp-25006-aguamarina-1100x1100-1.webp","width":1100,"height":1100},{"@type":"BreadcrumbList","@id":"https:\/\/revolutionpadelstore.com\/pt-pt\/produto\/paletero-bullpadel-alejandra-salazar-flow-bpp-25006-072-aguamarina-5\/#breadcrumb","itemListElement":[{"@type":"ListItem","position":1,"name":"Portada","item":"https:\/\/revolutionpadelstore.com\/pt-pt\/"},{"@type":"ListItem","position":2,"name":"Tienda","item":"https:\/\/revolutionpadelstore.com\/pt-pt\/tienda\/"},{"@type":"ListItem","position":3,"name":"PALETERO BULLPADEL ALEJANDRA SALAZAR FLOW BPP-25006 072 Aguamarina"}]},{"@type":"WebSite","@id":"https:\/\/revolutionpadelstore.com\/pt-pt\/#website","url":"https:\/\/revolutionpadelstore.com\/pt-pt\/","name":"Revolution Padel Store","description":"","publisher":{"@id":"https:\/\/revolutionpadelstore.com\/pt-pt\/#organization"},"potentialAction":[{"@type":"SearchAction","target":{"@type":"EntryPoint","urlTemplate":"https:\/\/revolutionpadelstore.com\/pt-pt\/?s={search_term_string}"},"query-input":{"@type":"PropertyValueSpecification","valueRequired":true,"valueName":"search_term_string"}}],"inLanguage":"pt-PT"},{"@type":"Organization","@id":"https:\/\/revolutionpadelstore.com\/pt-pt\/#organization","name":"Revolution Padel Store","url":"https:\/\/revolutionpadelstore.com\/pt-pt\/","logo":{"@type":"ImageObject","inLanguage":"pt-PT","@id":"https:\/\/revolutionpadelstore.com\/pt-pt\/#\/schema\/logo\/image\/","url":"https:\/\/revolutionpadelstore.com\/wp-content\/uploads\/2026\/02\/revolution-padel-store.jpg","contentUrl":"https:\/\/revolutionpadelstore.com\/wp-content\/uploads\/2026\/02\/revolution-padel-store.jpg","width":2000,"height":2000,"caption":"Revolution Padel Store"},"image":{"@id":"https:\/\/revolutionpadelstore.com\/pt-pt\/#\/schema\/logo\/image\/"},"sameAs":["https:\/\/www.instagram.com\/revolutionpadelstore\/"]}]}},"_links":{"self":[{"href":"https:\/\/revolutionpadelstore.com\/pt-pt\/wp-json\/wp\/v2\/product\/129369","targetHints":{"allow":["GET"]}}],"collection":[{"href":"https:\/\/revolutionpadelstore.com\/pt-pt\/wp-json\/wp\/v2\/product"}],"about":[{"href":"https:\/\/revolutionpadelstore.com\/pt-pt\/wp-json\/wp\/v2\/types\/product"}],"replies":[{"embeddable":true,"href":"https:\/\/revolutionpadelstore.com\/pt-pt\/wp-json\/wp\/v2\/comments?post=129369"}],"wp:featuredmedia":[{"embeddable":true,"href":"https:\/\/revolutionpadelstore.com\/pt-pt\/wp-json\/wp\/v2\/media\/129340"}],"wp:attachment":[{"href":"https:\/\/revolutionpadelstore.com\/pt-pt\/wp-json\/wp\/v2\/media?parent=129369"}],"wp:term":[{"taxonomy":"acabado","embeddable":true,"href":"https:\/\/revolutionpadelstore.com\/pt-pt\/wp-json\/wp\/v2\/acabado?post=129369"},{"taxonomy":"balance","embeddable":true,"href":"https:\/\/revolutionpadelstore.com\/pt-pt\/wp-json\/wp\/v2\/balance?post=129369"},{"taxonomy":"dureza","embeddable":true,"href":"https:\/\/revolutionpadelstore.com\/pt-pt\/wp-json\/wp\/v2\/dureza?post=129369"},{"taxonomy":"forma","embeddable":true,"href":"https:\/\/revolutionpadelstore.com\/pt-pt\/wp-json\/wp\/v2\/forma?post=129369"},{"taxonomy":"jugador","embeddable":true,"href":"https:\/\/revolutionpadelstore.com\/pt-pt\/wp-json\/wp\/v2\/jugador?post=129369"},{"taxonomy":"marca","embeddable":true,"href":"https:\/\/revolutionpadelstore.com\/pt-pt\/wp-json\/wp\/v2\/marca?post=129369"},{"taxonomy":"nivel-de-juego","embeddable":true,"href":"https:\/\/revolutionpadelstore.com\/pt-pt\/wp-json\/wp\/v2\/nivel-de-juego?post=129369"},{"taxonomy":"superficie","embeddable":true,"href":"https:\/\/revolutionpadelstore.com\/pt-pt\/wp-json\/wp\/v2\/superficie?post=129369"},{"taxonomy":"tipo-de-juego","embeddable":true,"href":"https:\/\/revolutionpadelstore.com\/pt-pt\/wp-json\/wp\/v2\/tipo-de-juego?post=129369"},{"taxonomy":"product_brand","embeddable":true,"href":"https:\/\/revolutionpadelstore.com\/pt-pt\/wp-json\/wp\/v2\/product_brand?post=129369"},{"taxonomy":"product_cat","embeddable":true,"href":"https:\/\/revolutionpadelstore.com\/pt-pt\/wp-json\/wp\/v2\/product_cat?post=129369"},{"taxonomy":"product_tag","embeddable":true,"href":"https:\/\/revolutionpadelstore.com\/pt-pt\/wp-json\/wp\/v2\/product_tag?post=129369"}],"curies":[{"name":"wp","href":"https:\/\/api.w.org\/{rel}","templated":true}]}}