{"id":129301,"date":"2024-11-26T23:46:49","date_gmt":"2024-11-26T22:46:49","guid":{"rendered":"https:\/\/revolutionpadelstore.com\/paletero-bullpadel-juan-tello-vertex-bpp25001-negro\/"},"modified":"2026-04-08T10:04:54","modified_gmt":"2026-04-08T08:04:54","slug":"paletero-bullpadel-juan-tello-vertex-bpp25001-negro-5","status":"publish","type":"product","link":"https:\/\/revolutionpadelstore.com\/pt-pt\/produto\/paletero-bullpadel-juan-tello-vertex-bpp25001-negro-5\/","title":{"rendered":"PALETERO BULLPADEL JUAN TELLO VERTEX BPP25001 NEGRO"},"content":{"rendered":"<p>&lt;Il<br \/>\nO bullpadel paletero Juan Tello Vertex BPP25001 \u00e9 o acess\u00f3rio perfeito para jogadores de paddle que procuram funcionalidade, capacidade e um design atraente.<\/p>\n<p>Projetado em colabora\u00e7\u00e3o com o jogador profissional Juan Tello, este paletero oferece uma excelente organiza\u00e7\u00e3o para transportar tudo o que \u00e9 necess\u00e1rio em cada jogo, com cuidados especiais na prote\u00e7\u00e3o das p\u00e1s.<\/p>\n<h2> Principais caracter\u00edsticas: <\/h2>\n<p><Div class=\"flex max-w-suppl-colup flex-grow\"><br \/>\n<Div class=\"Min-H-8-8-Message Flex W-suprime Flee Data-Message-Author-Role =\"><\/p>\n<div class=\"Flex W-Full Flex-Col Gap-1 Emty: Hidden First: pt- [3px]\">&gt;<\/p>\n<div class=\"Markdown continuou W-Full Break-Words Dark: Prose-Invert Dark\">\n<p><strong> Design exclusivo <\/strong>: Com um estilo moderno e sofisticado, inspirado em Juan Tello, ele apresenta detalhes que refletem sua personalidade e profissionalismo no mundo da raquete.<\/p>\n<p><strong> compartimento principal <\/strong>: amplo e pr\u00e1tico, ideal para manter roupas, toalhas, bolas e outros acess\u00f3rios essenciais para t\u00eanis de remo.<\/p>\n<p><strong> Dois compartimentos t\u00e9rmicos <\/strong>: com um revestimento especial que protege at\u00e9 quatro l\u00e2minas de altera\u00e7\u00f5es de temperatura, garantindo sua integridade e desempenho em qualquer condi\u00e7\u00e3o clim\u00e1tica.<\/p>\n<p><strong> bolso lateral externo <\/strong>: um pequeno bolso lateral facilmente acess\u00edvel, perfeito para manter objetos pessoais como chaves, carteira, telefone celular ou acess\u00f3rios menores.<\/p>\n<p><strong> Handelas ajust\u00e1veis \u200b\u200be acolchoadas <\/strong>: tiras ergon\u00f4micas que permitem transport\u00e1 -lo como mochila, oferecendo conforto e distribui\u00e7\u00e3o de peso equilibrada.<\/p>\n<p><strong> Material resistente <\/strong>: Feito com materiais de alta qualidade que garantem uma longa vida \u00fatil e resist\u00eancia ao desgaste e condi\u00e7\u00f5es adversas.<\/p>\n<p><strong> Tamanho aproximado <\/strong>: espa\u00e7oso, mas compacto, ideal para carregar tudo o que \u00e9 necess\u00e1rio sem ser volumoso.<\/p>\n<p>O bullpadel <strong> bullpadel Juan Tello Vertex BPP25001 <\/strong> \u00e9 a combina\u00e7\u00e3o perfeita de estilo, capacidade e funcionalidade. Com seu design cuidadoso e compartimentos especializados, \u00e9 ideal para jogadores exigentes que desejam manter suas equipes organizadas e protegidas, enquanto se destacam na pista com o apoio de uma marca l\u00edder como o Bullpadel.<\/p>\n<\/div>\n<\/div>\n<\/div>\n<\/div>\n<div class=\"mb-2 flex gap-3 emty: oculto -ml-2\">\n<div class=\"itens-center justify-start arredondado-xl p-1 flex\">\n<div class=\"Flex Itens-Center\"> <\/div>\n<\/div>\n<\/div>\n","protected":false},"excerpt":{"rendered":"<p>&lt;Il O bullpadel paletero Juan Tello Vertex BPP25001 \u00e9 o acess\u00f3rio perfeito para jogadores de paddle que procuram funcionalidade, capacidade e um design atraente. Projetado em colabora\u00e7\u00e3o com o jogador profissional Juan Tello, este paletero oferece uma excelente organiza\u00e7\u00e3o para transportar tudo o que \u00e9 necess\u00e1rio em cada jogo, com cuidados especiais na prote\u00e7\u00e3o das [&hellip;]<\/p>\n","protected":false},"featured_media":129272,"comment_status":"open","ping_status":"closed","template":"","meta":{"_acf_changed":false,"_joinchat":[]},"acabado":[],"balance":[],"dureza":[],"forma":[],"jugador":[],"marca":[1255],"nivel-de-juego":[],"superficie":[],"tipo-de-juego":[],"product_brand":[],"product_cat":[316],"product_tag":[],"class_list":{"0":"post-129301","1":"product","2":"type-product","3":"status-publish","4":"has-post-thumbnail","6":"marca-bullpadel-pt-pt","7":"product_cat-bolsas-pt-pt","9":"first","10":"instock","11":"sale","12":"taxable","13":"shipping-taxable","14":"purchasable","15":"product-type-simple"},"acf":[],"yoast_head":"<!-- This site is optimized with the Yoast SEO plugin v27.4 - https:\/\/yoast.com\/product\/yoast-seo-wordpress\/ -->\n<title>PALETERO BULLPADEL JUAN TELLO VERTEX BPP25001 NEGRO - Revolution Padel Store<\/title>\n<meta name=\"description\" content=\"El Paletero Bullpadel Juan Tello Vertex BPP25001 es la combinacion perfecta de estilo, capacidad y funcionalidad.Con su diseno cuidado y sus compartimentos especificos, es ideal para jugadores exigentes que buscan mantener organizados y protegidos sus equipos mientras destacan en la pista con el respaldo de una marca lider como Bullpadel.\" \/>\n<meta name=\"robots\" content=\"index, follow, max-snippet:-1, max-image-preview:large, max-video-preview:-1\" \/>\n<link rel=\"canonical\" href=\"https:\/\/revolutionpadelstore.com\/pt-pt\/produto\/paletero-bullpadel-juan-tello-vertex-bpp25001-negro-5\/\" \/>\n<meta property=\"og:locale\" content=\"pt_PT\" \/>\n<meta property=\"og:type\" content=\"article\" \/>\n<meta property=\"og:title\" content=\"PALETERO BULLPADEL JUAN TELLO VERTEX BPP25001 NEGRO - Revolution Padel Store\" \/>\n<meta property=\"og:description\" content=\"El Paletero Bullpadel Juan Tello Vertex BPP25001 es la combinacion perfecta de estilo, capacidad y funcionalidad.Con su diseno cuidado y sus compartimentos especificos, es ideal para jugadores exigentes que buscan mantener organizados y protegidos sus equipos mientras destacan en la pista con el respaldo de una marca lider como Bullpadel.\" \/>\n<meta property=\"og:url\" content=\"https:\/\/revolutionpadelstore.com\/pt-pt\/produto\/paletero-bullpadel-juan-tello-vertex-bpp25001-negro-5\/\" \/>\n<meta property=\"og:site_name\" content=\"Revolution Padel Store\" \/>\n<meta property=\"article:modified_time\" content=\"2026-04-08T08:04:54+00:00\" \/>\n<meta property=\"og:image\" content=\"https:\/\/revolutionpadelstore.com\/wp-content\/uploads\/2024\/11\/paletero-bullpadel-juan-tello-vertex-bpp25001-negro-1000x1000-1.webp\" \/>\n\t<meta property=\"og:image:width\" content=\"1000\" \/>\n\t<meta property=\"og:image:height\" content=\"1000\" \/>\n\t<meta property=\"og:image:type\" content=\"image\/webp\" \/>\n<meta name=\"twitter:card\" content=\"summary_large_image\" \/>\n<meta name=\"twitter:label1\" content=\"Tempo estimado de leitura\" \/>\n\t<meta name=\"twitter:data1\" content=\"1 minuto\" \/>\n<script type=\"application\/ld+json\" class=\"yoast-schema-graph\">{\"@context\":\"https:\\\/\\\/schema.org\",\"@graph\":[{\"@type\":\"WebPage\",\"@id\":\"https:\\\/\\\/revolutionpadelstore.com\\\/pt-pt\\\/produto\\\/paletero-bullpadel-juan-tello-vertex-bpp25001-negro-5\\\/\",\"url\":\"https:\\\/\\\/revolutionpadelstore.com\\\/pt-pt\\\/produto\\\/paletero-bullpadel-juan-tello-vertex-bpp25001-negro-5\\\/\",\"name\":\"PALETERO BULLPADEL JUAN TELLO VERTEX BPP25001 NEGRO - Revolution Padel Store\",\"isPartOf\":{\"@id\":\"https:\\\/\\\/revolutionpadelstore.com\\\/pt-pt\\\/#website\"},\"primaryImageOfPage\":{\"@id\":\"https:\\\/\\\/revolutionpadelstore.com\\\/pt-pt\\\/produto\\\/paletero-bullpadel-juan-tello-vertex-bpp25001-negro-5\\\/#primaryimage\"},\"image\":{\"@id\":\"https:\\\/\\\/revolutionpadelstore.com\\\/pt-pt\\\/produto\\\/paletero-bullpadel-juan-tello-vertex-bpp25001-negro-5\\\/#primaryimage\"},\"thumbnailUrl\":\"https:\\\/\\\/revolutionpadelstore.com\\\/wp-content\\\/uploads\\\/2024\\\/11\\\/paletero-bullpadel-juan-tello-vertex-bpp25001-negro-1000x1000-1.webp\",\"datePublished\":\"2024-11-26T22:46:49+00:00\",\"dateModified\":\"2026-04-08T08:04:54+00:00\",\"description\":\"El Paletero Bullpadel Juan Tello Vertex BPP25001 es la combinacion perfecta de estilo, capacidad y funcionalidad.Con su diseno cuidado y sus compartimentos especificos, es ideal para jugadores exigentes que buscan mantener organizados y protegidos sus equipos mientras destacan en la pista con el respaldo de una marca lider como Bullpadel.\",\"breadcrumb\":{\"@id\":\"https:\\\/\\\/revolutionpadelstore.com\\\/pt-pt\\\/produto\\\/paletero-bullpadel-juan-tello-vertex-bpp25001-negro-5\\\/#breadcrumb\"},\"inLanguage\":\"pt-PT\",\"potentialAction\":[{\"@type\":\"ReadAction\",\"target\":[\"https:\\\/\\\/revolutionpadelstore.com\\\/pt-pt\\\/produto\\\/paletero-bullpadel-juan-tello-vertex-bpp25001-negro-5\\\/\"]}]},{\"@type\":\"ImageObject\",\"inLanguage\":\"pt-PT\",\"@id\":\"https:\\\/\\\/revolutionpadelstore.com\\\/pt-pt\\\/produto\\\/paletero-bullpadel-juan-tello-vertex-bpp25001-negro-5\\\/#primaryimage\",\"url\":\"https:\\\/\\\/revolutionpadelstore.com\\\/wp-content\\\/uploads\\\/2024\\\/11\\\/paletero-bullpadel-juan-tello-vertex-bpp25001-negro-1000x1000-1.webp\",\"contentUrl\":\"https:\\\/\\\/revolutionpadelstore.com\\\/wp-content\\\/uploads\\\/2024\\\/11\\\/paletero-bullpadel-juan-tello-vertex-bpp25001-negro-1000x1000-1.webp\",\"width\":1000,\"height\":1000},{\"@type\":\"BreadcrumbList\",\"@id\":\"https:\\\/\\\/revolutionpadelstore.com\\\/pt-pt\\\/produto\\\/paletero-bullpadel-juan-tello-vertex-bpp25001-negro-5\\\/#breadcrumb\",\"itemListElement\":[{\"@type\":\"ListItem\",\"position\":1,\"name\":\"Portada\",\"item\":\"https:\\\/\\\/revolutionpadelstore.com\\\/pt-pt\\\/\"},{\"@type\":\"ListItem\",\"position\":2,\"name\":\"Tienda\",\"item\":\"https:\\\/\\\/revolutionpadelstore.com\\\/pt-pt\\\/tienda\\\/\"},{\"@type\":\"ListItem\",\"position\":3,\"name\":\"PALETERO BULLPADEL JUAN TELLO VERTEX BPP25001 NEGRO\"}]},{\"@type\":\"WebSite\",\"@id\":\"https:\\\/\\\/revolutionpadelstore.com\\\/pt-pt\\\/#website\",\"url\":\"https:\\\/\\\/revolutionpadelstore.com\\\/pt-pt\\\/\",\"name\":\"Revolution Padel Store\",\"description\":\"\",\"publisher\":{\"@id\":\"https:\\\/\\\/revolutionpadelstore.com\\\/pt-pt\\\/#organization\"},\"potentialAction\":[{\"@type\":\"SearchAction\",\"target\":{\"@type\":\"EntryPoint\",\"urlTemplate\":\"https:\\\/\\\/revolutionpadelstore.com\\\/pt-pt\\\/?s={search_term_string}\"},\"query-input\":{\"@type\":\"PropertyValueSpecification\",\"valueRequired\":true,\"valueName\":\"search_term_string\"}}],\"inLanguage\":\"pt-PT\"},{\"@type\":\"Organization\",\"@id\":\"https:\\\/\\\/revolutionpadelstore.com\\\/pt-pt\\\/#organization\",\"name\":\"Revolution Padel Store\",\"url\":\"https:\\\/\\\/revolutionpadelstore.com\\\/pt-pt\\\/\",\"logo\":{\"@type\":\"ImageObject\",\"inLanguage\":\"pt-PT\",\"@id\":\"https:\\\/\\\/revolutionpadelstore.com\\\/pt-pt\\\/#\\\/schema\\\/logo\\\/image\\\/\",\"url\":\"https:\\\/\\\/revolutionpadelstore.com\\\/wp-content\\\/uploads\\\/2026\\\/02\\\/revolution-padel-store.jpg\",\"contentUrl\":\"https:\\\/\\\/revolutionpadelstore.com\\\/wp-content\\\/uploads\\\/2026\\\/02\\\/revolution-padel-store.jpg\",\"width\":2000,\"height\":2000,\"caption\":\"Revolution Padel Store\"},\"image\":{\"@id\":\"https:\\\/\\\/revolutionpadelstore.com\\\/pt-pt\\\/#\\\/schema\\\/logo\\\/image\\\/\"},\"sameAs\":[\"https:\\\/\\\/www.instagram.com\\\/revolutionpadelstore\\\/\"]}]}<\/script>\n<!-- \/ Yoast SEO plugin. -->","yoast_head_json":{"title":"PALETERO BULLPADEL JUAN TELLO VERTEX BPP25001 NEGRO - Revolution Padel Store","description":"El Paletero Bullpadel Juan Tello Vertex BPP25001 es la combinacion perfecta de estilo, capacidad y funcionalidad.Con su diseno cuidado y sus compartimentos especificos, es ideal para jugadores exigentes que buscan mantener organizados y protegidos sus equipos mientras destacan en la pista con el respaldo de una marca lider como Bullpadel.","robots":{"index":"index","follow":"follow","max-snippet":"max-snippet:-1","max-image-preview":"max-image-preview:large","max-video-preview":"max-video-preview:-1"},"canonical":"https:\/\/revolutionpadelstore.com\/pt-pt\/produto\/paletero-bullpadel-juan-tello-vertex-bpp25001-negro-5\/","og_locale":"pt_PT","og_type":"article","og_title":"PALETERO BULLPADEL JUAN TELLO VERTEX BPP25001 NEGRO - Revolution Padel Store","og_description":"El Paletero Bullpadel Juan Tello Vertex BPP25001 es la combinacion perfecta de estilo, capacidad y funcionalidad.Con su diseno cuidado y sus compartimentos especificos, es ideal para jugadores exigentes que buscan mantener organizados y protegidos sus equipos mientras destacan en la pista con el respaldo de una marca lider como Bullpadel.","og_url":"https:\/\/revolutionpadelstore.com\/pt-pt\/produto\/paletero-bullpadel-juan-tello-vertex-bpp25001-negro-5\/","og_site_name":"Revolution Padel Store","article_modified_time":"2026-04-08T08:04:54+00:00","og_image":[{"width":1000,"height":1000,"url":"https:\/\/revolutionpadelstore.com\/wp-content\/uploads\/2024\/11\/paletero-bullpadel-juan-tello-vertex-bpp25001-negro-1000x1000-1.webp","type":"image\/webp"}],"twitter_card":"summary_large_image","twitter_misc":{"Tempo estimado de leitura":"1 minuto"},"schema":{"@context":"https:\/\/schema.org","@graph":[{"@type":"WebPage","@id":"https:\/\/revolutionpadelstore.com\/pt-pt\/produto\/paletero-bullpadel-juan-tello-vertex-bpp25001-negro-5\/","url":"https:\/\/revolutionpadelstore.com\/pt-pt\/produto\/paletero-bullpadel-juan-tello-vertex-bpp25001-negro-5\/","name":"PALETERO BULLPADEL JUAN TELLO VERTEX BPP25001 NEGRO - Revolution Padel Store","isPartOf":{"@id":"https:\/\/revolutionpadelstore.com\/pt-pt\/#website"},"primaryImageOfPage":{"@id":"https:\/\/revolutionpadelstore.com\/pt-pt\/produto\/paletero-bullpadel-juan-tello-vertex-bpp25001-negro-5\/#primaryimage"},"image":{"@id":"https:\/\/revolutionpadelstore.com\/pt-pt\/produto\/paletero-bullpadel-juan-tello-vertex-bpp25001-negro-5\/#primaryimage"},"thumbnailUrl":"https:\/\/revolutionpadelstore.com\/wp-content\/uploads\/2024\/11\/paletero-bullpadel-juan-tello-vertex-bpp25001-negro-1000x1000-1.webp","datePublished":"2024-11-26T22:46:49+00:00","dateModified":"2026-04-08T08:04:54+00:00","description":"El Paletero Bullpadel Juan Tello Vertex BPP25001 es la combinacion perfecta de estilo, capacidad y funcionalidad.Con su diseno cuidado y sus compartimentos especificos, es ideal para jugadores exigentes que buscan mantener organizados y protegidos sus equipos mientras destacan en la pista con el respaldo de una marca lider como Bullpadel.","breadcrumb":{"@id":"https:\/\/revolutionpadelstore.com\/pt-pt\/produto\/paletero-bullpadel-juan-tello-vertex-bpp25001-negro-5\/#breadcrumb"},"inLanguage":"pt-PT","potentialAction":[{"@type":"ReadAction","target":["https:\/\/revolutionpadelstore.com\/pt-pt\/produto\/paletero-bullpadel-juan-tello-vertex-bpp25001-negro-5\/"]}]},{"@type":"ImageObject","inLanguage":"pt-PT","@id":"https:\/\/revolutionpadelstore.com\/pt-pt\/produto\/paletero-bullpadel-juan-tello-vertex-bpp25001-negro-5\/#primaryimage","url":"https:\/\/revolutionpadelstore.com\/wp-content\/uploads\/2024\/11\/paletero-bullpadel-juan-tello-vertex-bpp25001-negro-1000x1000-1.webp","contentUrl":"https:\/\/revolutionpadelstore.com\/wp-content\/uploads\/2024\/11\/paletero-bullpadel-juan-tello-vertex-bpp25001-negro-1000x1000-1.webp","width":1000,"height":1000},{"@type":"BreadcrumbList","@id":"https:\/\/revolutionpadelstore.com\/pt-pt\/produto\/paletero-bullpadel-juan-tello-vertex-bpp25001-negro-5\/#breadcrumb","itemListElement":[{"@type":"ListItem","position":1,"name":"Portada","item":"https:\/\/revolutionpadelstore.com\/pt-pt\/"},{"@type":"ListItem","position":2,"name":"Tienda","item":"https:\/\/revolutionpadelstore.com\/pt-pt\/tienda\/"},{"@type":"ListItem","position":3,"name":"PALETERO BULLPADEL JUAN TELLO VERTEX BPP25001 NEGRO"}]},{"@type":"WebSite","@id":"https:\/\/revolutionpadelstore.com\/pt-pt\/#website","url":"https:\/\/revolutionpadelstore.com\/pt-pt\/","name":"Revolution Padel Store","description":"","publisher":{"@id":"https:\/\/revolutionpadelstore.com\/pt-pt\/#organization"},"potentialAction":[{"@type":"SearchAction","target":{"@type":"EntryPoint","urlTemplate":"https:\/\/revolutionpadelstore.com\/pt-pt\/?s={search_term_string}"},"query-input":{"@type":"PropertyValueSpecification","valueRequired":true,"valueName":"search_term_string"}}],"inLanguage":"pt-PT"},{"@type":"Organization","@id":"https:\/\/revolutionpadelstore.com\/pt-pt\/#organization","name":"Revolution Padel Store","url":"https:\/\/revolutionpadelstore.com\/pt-pt\/","logo":{"@type":"ImageObject","inLanguage":"pt-PT","@id":"https:\/\/revolutionpadelstore.com\/pt-pt\/#\/schema\/logo\/image\/","url":"https:\/\/revolutionpadelstore.com\/wp-content\/uploads\/2026\/02\/revolution-padel-store.jpg","contentUrl":"https:\/\/revolutionpadelstore.com\/wp-content\/uploads\/2026\/02\/revolution-padel-store.jpg","width":2000,"height":2000,"caption":"Revolution Padel Store"},"image":{"@id":"https:\/\/revolutionpadelstore.com\/pt-pt\/#\/schema\/logo\/image\/"},"sameAs":["https:\/\/www.instagram.com\/revolutionpadelstore\/"]}]}},"_links":{"self":[{"href":"https:\/\/revolutionpadelstore.com\/pt-pt\/wp-json\/wp\/v2\/product\/129301","targetHints":{"allow":["GET"]}}],"collection":[{"href":"https:\/\/revolutionpadelstore.com\/pt-pt\/wp-json\/wp\/v2\/product"}],"about":[{"href":"https:\/\/revolutionpadelstore.com\/pt-pt\/wp-json\/wp\/v2\/types\/product"}],"replies":[{"embeddable":true,"href":"https:\/\/revolutionpadelstore.com\/pt-pt\/wp-json\/wp\/v2\/comments?post=129301"}],"wp:featuredmedia":[{"embeddable":true,"href":"https:\/\/revolutionpadelstore.com\/pt-pt\/wp-json\/wp\/v2\/media\/129272"}],"wp:attachment":[{"href":"https:\/\/revolutionpadelstore.com\/pt-pt\/wp-json\/wp\/v2\/media?parent=129301"}],"wp:term":[{"taxonomy":"acabado","embeddable":true,"href":"https:\/\/revolutionpadelstore.com\/pt-pt\/wp-json\/wp\/v2\/acabado?post=129301"},{"taxonomy":"balance","embeddable":true,"href":"https:\/\/revolutionpadelstore.com\/pt-pt\/wp-json\/wp\/v2\/balance?post=129301"},{"taxonomy":"dureza","embeddable":true,"href":"https:\/\/revolutionpadelstore.com\/pt-pt\/wp-json\/wp\/v2\/dureza?post=129301"},{"taxonomy":"forma","embeddable":true,"href":"https:\/\/revolutionpadelstore.com\/pt-pt\/wp-json\/wp\/v2\/forma?post=129301"},{"taxonomy":"jugador","embeddable":true,"href":"https:\/\/revolutionpadelstore.com\/pt-pt\/wp-json\/wp\/v2\/jugador?post=129301"},{"taxonomy":"marca","embeddable":true,"href":"https:\/\/revolutionpadelstore.com\/pt-pt\/wp-json\/wp\/v2\/marca?post=129301"},{"taxonomy":"nivel-de-juego","embeddable":true,"href":"https:\/\/revolutionpadelstore.com\/pt-pt\/wp-json\/wp\/v2\/nivel-de-juego?post=129301"},{"taxonomy":"superficie","embeddable":true,"href":"https:\/\/revolutionpadelstore.com\/pt-pt\/wp-json\/wp\/v2\/superficie?post=129301"},{"taxonomy":"tipo-de-juego","embeddable":true,"href":"https:\/\/revolutionpadelstore.com\/pt-pt\/wp-json\/wp\/v2\/tipo-de-juego?post=129301"},{"taxonomy":"product_brand","embeddable":true,"href":"https:\/\/revolutionpadelstore.com\/pt-pt\/wp-json\/wp\/v2\/product_brand?post=129301"},{"taxonomy":"product_cat","embeddable":true,"href":"https:\/\/revolutionpadelstore.com\/pt-pt\/wp-json\/wp\/v2\/product_cat?post=129301"},{"taxonomy":"product_tag","embeddable":true,"href":"https:\/\/revolutionpadelstore.com\/pt-pt\/wp-json\/wp\/v2\/product_tag?post=129301"}],"curies":[{"name":"wp","href":"https:\/\/api.w.org\/{rel}","templated":true}]}}