{"id":129194,"date":"2024-11-26T08:41:42","date_gmt":"2024-11-26T07:41:42","guid":{"rendered":"https:\/\/revolutionpadelstore.com\/mochila-bullpadel-bpm25022-xplo\/"},"modified":"2026-04-08T10:06:37","modified_gmt":"2026-04-08T08:06:37","slug":"mochila-bullpadel-bpm25022-xplo-005-5","status":"publish","type":"product","link":"https:\/\/revolutionpadelstore.com\/pt-pt\/produto\/mochila-bullpadel-bpm25022-xplo-005-5\/","title":{"rendered":"MOCHILA BULLPADEL BPM25022 XPLO 005"},"content":{"rendered":"<p><H2> Bullpadel Black Mackpack Black<br \/>\nA mochila preta Bullpadel Black BPM-25022 \u00e9 a op\u00e7\u00e3o perfeita para quem procura prote\u00e7\u00e3o, conforto e estilo a caminho da pista de remo. Projetado Pensamento sobre o desempenho de Mart\u00edn Di Nenno, esta mochila oferece um design moderno e pr\u00e1tico para os atletas.<\/p>\n<p>Com um compartimento acolchoado e acolchoado, oferece excelente prote\u00e7\u00e3o para seus objetos mais valiosos, como l\u00e2mina ou laptop, certificando-se de que eles est\u00e3o sempre em perfeitas condi\u00e7\u00f5es. Al\u00e9m disso, possui um compartimento principal espa\u00e7oso, onde voc\u00ea pode armazenar toda a sua equipe, incluindo roupas, toalhas e acess\u00f3rios como o Overgrips. Ele tamb\u00e9m possui um bolso frontal facilmente acess\u00edvel para seus objetos pessoais, como celular ou teclas.<\/p>\n<p>Para acesso r\u00e1pido e conveniente durante o jogo, a mochila inclui dois bolsos laterais el\u00e1sticos, ideais para usar uma garrafa de \u00e1gua ou um barco de bola. O design inclui a assinatura de Mart\u00edn Di Nenno, que adiciona um toque especial de autenticidade.<\/p>\n<p>As tiras laterais permitem ajustar o volume da mochila, proporcionando maior conforto e adaptabilidade de acordo com a carga que voc\u00ea carrega. Com esse modelo, voc\u00ea n\u00e3o apenas obt\u00e9m uma mochila funcional, mas tamb\u00e9m um acess\u00f3rio de estilo, perfeito para amantes de remo que apreciam qualidade e design. Leve com voc\u00ea a ess\u00eancia de um campe\u00e3o com esta mochila projetada para oferecer desempenho e conforto.<\/p>\n<h2>Mochila Bullpadel XPLO Negro<\/h2>\n","protected":false},"excerpt":{"rendered":"<p>A mochila preta do bullpadel inclui um compartimento t\u00e9rmico refor\u00e7ado para a l\u00e2mina da paddle, al\u00e9m de um espa\u00e7o principal para carregar tudo o que voc\u00ea precisa confort\u00e1vel, gra\u00e7as \u00e0s suas tiras ajust\u00e1veis.<\/p>\n","protected":false},"featured_media":129171,"comment_status":"open","ping_status":"closed","template":"","meta":{"_acf_changed":false,"_joinchat":[]},"acabado":[],"balance":[],"dureza":[],"forma":[],"jugador":[],"marca":[1255],"nivel-de-juego":[],"superficie":[],"tipo-de-juego":[],"product_brand":[],"product_cat":[316],"product_tag":[],"class_list":{"0":"post-129194","1":"product","2":"type-product","3":"status-publish","4":"has-post-thumbnail","6":"marca-bullpadel-pt-pt","7":"product_cat-bolsas-pt-pt","9":"first","10":"outofstock","11":"sale","12":"taxable","13":"shipping-taxable","14":"purchasable","15":"product-type-simple"},"acf":[],"yoast_head":"<!-- This site is optimized with the Yoast SEO plugin v27.4 - https:\/\/yoast.com\/product\/yoast-seo-wordpress\/ -->\n<title>MOCHILA BULLPADEL BPM25022 XPLO 005 - Revolution Padel Store<\/title>\n<meta name=\"description\" content=\"Con un compartimento termo reforzado y acolchado, protege tus pertenencias m\u00e1s importantes con eficacia, ya sea una pala de p\u00e1del o un port\u00e1til, manteni\u00e9ndolos seguros y en perfecto estado en todo momento. Esta mochila deportiva de Bullpadel ofrece un amplio compartimento principal para llevar todo tu equipamiento, incluyendo ropa, toalla o accesorios como overgrips. Cuenta, tambi\u00e9n, con un bolsillo en la parte frontal de f\u00e1cil acceso para guardar tus objetos personales como el m\u00f3vil o las llaves.\" \/>\n<meta name=\"robots\" content=\"index, follow, max-snippet:-1, max-image-preview:large, max-video-preview:-1\" \/>\n<link rel=\"canonical\" href=\"https:\/\/revolutionpadelstore.com\/pt-pt\/produto\/mochila-bullpadel-bpm25022-xplo-005-5\/\" \/>\n<meta property=\"og:locale\" content=\"pt_PT\" \/>\n<meta property=\"og:type\" content=\"article\" \/>\n<meta property=\"og:title\" content=\"MOCHILA BULLPADEL BPM25022 XPLO 005 - Revolution Padel Store\" \/>\n<meta property=\"og:description\" content=\"Con un compartimento termo reforzado y acolchado, protege tus pertenencias m\u00e1s importantes con eficacia, ya sea una pala de p\u00e1del o un port\u00e1til, manteni\u00e9ndolos seguros y en perfecto estado en todo momento. Esta mochila deportiva de Bullpadel ofrece un amplio compartimento principal para llevar todo tu equipamiento, incluyendo ropa, toalla o accesorios como overgrips. Cuenta, tambi\u00e9n, con un bolsillo en la parte frontal de f\u00e1cil acceso para guardar tus objetos personales como el m\u00f3vil o las llaves.\" \/>\n<meta property=\"og:url\" content=\"https:\/\/revolutionpadelstore.com\/pt-pt\/produto\/mochila-bullpadel-bpm25022-xplo-005-5\/\" \/>\n<meta property=\"og:site_name\" content=\"Revolution Padel Store\" \/>\n<meta property=\"article:modified_time\" content=\"2026-04-08T08:06:37+00:00\" \/>\n<meta property=\"og:image\" content=\"https:\/\/revolutionpadelstore.com\/wp-content\/uploads\/2024\/11\/113792-mochila-bullpadel-bpm25022-xplo-4481681500x1500-1.webp\" \/>\n\t<meta property=\"og:image:width\" content=\"1500\" \/>\n\t<meta property=\"og:image:height\" content=\"1500\" \/>\n\t<meta property=\"og:image:type\" content=\"image\/webp\" \/>\n<meta name=\"twitter:card\" content=\"summary_large_image\" \/>\n<meta name=\"twitter:label1\" content=\"Tempo estimado de leitura\" \/>\n\t<meta name=\"twitter:data1\" content=\"1 minuto\" \/>\n<script type=\"application\/ld+json\" class=\"yoast-schema-graph\">{\"@context\":\"https:\\\/\\\/schema.org\",\"@graph\":[{\"@type\":\"WebPage\",\"@id\":\"https:\\\/\\\/revolutionpadelstore.com\\\/pt-pt\\\/produto\\\/mochila-bullpadel-bpm25022-xplo-005-5\\\/\",\"url\":\"https:\\\/\\\/revolutionpadelstore.com\\\/pt-pt\\\/produto\\\/mochila-bullpadel-bpm25022-xplo-005-5\\\/\",\"name\":\"MOCHILA BULLPADEL BPM25022 XPLO 005 - Revolution Padel Store\",\"isPartOf\":{\"@id\":\"https:\\\/\\\/revolutionpadelstore.com\\\/pt-pt\\\/#website\"},\"primaryImageOfPage\":{\"@id\":\"https:\\\/\\\/revolutionpadelstore.com\\\/pt-pt\\\/produto\\\/mochila-bullpadel-bpm25022-xplo-005-5\\\/#primaryimage\"},\"image\":{\"@id\":\"https:\\\/\\\/revolutionpadelstore.com\\\/pt-pt\\\/produto\\\/mochila-bullpadel-bpm25022-xplo-005-5\\\/#primaryimage\"},\"thumbnailUrl\":\"https:\\\/\\\/revolutionpadelstore.com\\\/wp-content\\\/uploads\\\/2024\\\/11\\\/113792-mochila-bullpadel-bpm25022-xplo-4481681500x1500-1.webp\",\"datePublished\":\"2024-11-26T07:41:42+00:00\",\"dateModified\":\"2026-04-08T08:06:37+00:00\",\"description\":\"Con un compartimento termo reforzado y acolchado, protege tus pertenencias m\u00e1s importantes con eficacia, ya sea una pala de p\u00e1del o un port\u00e1til, manteni\u00e9ndolos seguros y en perfecto estado en todo momento. Esta mochila deportiva de Bullpadel ofrece un amplio compartimento principal para llevar todo tu equipamiento, incluyendo ropa, toalla o accesorios como overgrips. Cuenta, tambi\u00e9n, con un bolsillo en la parte frontal de f\u00e1cil acceso para guardar tus objetos personales como el m\u00f3vil o las llaves.\",\"breadcrumb\":{\"@id\":\"https:\\\/\\\/revolutionpadelstore.com\\\/pt-pt\\\/produto\\\/mochila-bullpadel-bpm25022-xplo-005-5\\\/#breadcrumb\"},\"inLanguage\":\"pt-PT\",\"potentialAction\":[{\"@type\":\"ReadAction\",\"target\":[\"https:\\\/\\\/revolutionpadelstore.com\\\/pt-pt\\\/produto\\\/mochila-bullpadel-bpm25022-xplo-005-5\\\/\"]}]},{\"@type\":\"ImageObject\",\"inLanguage\":\"pt-PT\",\"@id\":\"https:\\\/\\\/revolutionpadelstore.com\\\/pt-pt\\\/produto\\\/mochila-bullpadel-bpm25022-xplo-005-5\\\/#primaryimage\",\"url\":\"https:\\\/\\\/revolutionpadelstore.com\\\/wp-content\\\/uploads\\\/2024\\\/11\\\/113792-mochila-bullpadel-bpm25022-xplo-4481681500x1500-1.webp\",\"contentUrl\":\"https:\\\/\\\/revolutionpadelstore.com\\\/wp-content\\\/uploads\\\/2024\\\/11\\\/113792-mochila-bullpadel-bpm25022-xplo-4481681500x1500-1.webp\",\"width\":1500,\"height\":1500},{\"@type\":\"BreadcrumbList\",\"@id\":\"https:\\\/\\\/revolutionpadelstore.com\\\/pt-pt\\\/produto\\\/mochila-bullpadel-bpm25022-xplo-005-5\\\/#breadcrumb\",\"itemListElement\":[{\"@type\":\"ListItem\",\"position\":1,\"name\":\"Portada\",\"item\":\"https:\\\/\\\/revolutionpadelstore.com\\\/pt-pt\\\/\"},{\"@type\":\"ListItem\",\"position\":2,\"name\":\"Tienda\",\"item\":\"https:\\\/\\\/revolutionpadelstore.com\\\/pt-pt\\\/tienda\\\/\"},{\"@type\":\"ListItem\",\"position\":3,\"name\":\"MOCHILA BULLPADEL BPM25022 XPLO 005\"}]},{\"@type\":\"WebSite\",\"@id\":\"https:\\\/\\\/revolutionpadelstore.com\\\/pt-pt\\\/#website\",\"url\":\"https:\\\/\\\/revolutionpadelstore.com\\\/pt-pt\\\/\",\"name\":\"Revolution Padel Store\",\"description\":\"\",\"publisher\":{\"@id\":\"https:\\\/\\\/revolutionpadelstore.com\\\/pt-pt\\\/#organization\"},\"potentialAction\":[{\"@type\":\"SearchAction\",\"target\":{\"@type\":\"EntryPoint\",\"urlTemplate\":\"https:\\\/\\\/revolutionpadelstore.com\\\/pt-pt\\\/?s={search_term_string}\"},\"query-input\":{\"@type\":\"PropertyValueSpecification\",\"valueRequired\":true,\"valueName\":\"search_term_string\"}}],\"inLanguage\":\"pt-PT\"},{\"@type\":\"Organization\",\"@id\":\"https:\\\/\\\/revolutionpadelstore.com\\\/pt-pt\\\/#organization\",\"name\":\"Revolution Padel Store\",\"url\":\"https:\\\/\\\/revolutionpadelstore.com\\\/pt-pt\\\/\",\"logo\":{\"@type\":\"ImageObject\",\"inLanguage\":\"pt-PT\",\"@id\":\"https:\\\/\\\/revolutionpadelstore.com\\\/pt-pt\\\/#\\\/schema\\\/logo\\\/image\\\/\",\"url\":\"https:\\\/\\\/revolutionpadelstore.com\\\/wp-content\\\/uploads\\\/2026\\\/02\\\/revolution-padel-store.jpg\",\"contentUrl\":\"https:\\\/\\\/revolutionpadelstore.com\\\/wp-content\\\/uploads\\\/2026\\\/02\\\/revolution-padel-store.jpg\",\"width\":2000,\"height\":2000,\"caption\":\"Revolution Padel Store\"},\"image\":{\"@id\":\"https:\\\/\\\/revolutionpadelstore.com\\\/pt-pt\\\/#\\\/schema\\\/logo\\\/image\\\/\"},\"sameAs\":[\"https:\\\/\\\/www.instagram.com\\\/revolutionpadelstore\\\/\"]}]}<\/script>\n<!-- \/ Yoast SEO plugin. -->","yoast_head_json":{"title":"MOCHILA BULLPADEL BPM25022 XPLO 005 - Revolution Padel Store","description":"Con un compartimento termo reforzado y acolchado, protege tus pertenencias m\u00e1s importantes con eficacia, ya sea una pala de p\u00e1del o un port\u00e1til, manteni\u00e9ndolos seguros y en perfecto estado en todo momento. Esta mochila deportiva de Bullpadel ofrece un amplio compartimento principal para llevar todo tu equipamiento, incluyendo ropa, toalla o accesorios como overgrips. Cuenta, tambi\u00e9n, con un bolsillo en la parte frontal de f\u00e1cil acceso para guardar tus objetos personales como el m\u00f3vil o las llaves.","robots":{"index":"index","follow":"follow","max-snippet":"max-snippet:-1","max-image-preview":"max-image-preview:large","max-video-preview":"max-video-preview:-1"},"canonical":"https:\/\/revolutionpadelstore.com\/pt-pt\/produto\/mochila-bullpadel-bpm25022-xplo-005-5\/","og_locale":"pt_PT","og_type":"article","og_title":"MOCHILA BULLPADEL BPM25022 XPLO 005 - Revolution Padel Store","og_description":"Con un compartimento termo reforzado y acolchado, protege tus pertenencias m\u00e1s importantes con eficacia, ya sea una pala de p\u00e1del o un port\u00e1til, manteni\u00e9ndolos seguros y en perfecto estado en todo momento. Esta mochila deportiva de Bullpadel ofrece un amplio compartimento principal para llevar todo tu equipamiento, incluyendo ropa, toalla o accesorios como overgrips. Cuenta, tambi\u00e9n, con un bolsillo en la parte frontal de f\u00e1cil acceso para guardar tus objetos personales como el m\u00f3vil o las llaves.","og_url":"https:\/\/revolutionpadelstore.com\/pt-pt\/produto\/mochila-bullpadel-bpm25022-xplo-005-5\/","og_site_name":"Revolution Padel Store","article_modified_time":"2026-04-08T08:06:37+00:00","og_image":[{"width":1500,"height":1500,"url":"https:\/\/revolutionpadelstore.com\/wp-content\/uploads\/2024\/11\/113792-mochila-bullpadel-bpm25022-xplo-4481681500x1500-1.webp","type":"image\/webp"}],"twitter_card":"summary_large_image","twitter_misc":{"Tempo estimado de leitura":"1 minuto"},"schema":{"@context":"https:\/\/schema.org","@graph":[{"@type":"WebPage","@id":"https:\/\/revolutionpadelstore.com\/pt-pt\/produto\/mochila-bullpadel-bpm25022-xplo-005-5\/","url":"https:\/\/revolutionpadelstore.com\/pt-pt\/produto\/mochila-bullpadel-bpm25022-xplo-005-5\/","name":"MOCHILA BULLPADEL BPM25022 XPLO 005 - Revolution Padel Store","isPartOf":{"@id":"https:\/\/revolutionpadelstore.com\/pt-pt\/#website"},"primaryImageOfPage":{"@id":"https:\/\/revolutionpadelstore.com\/pt-pt\/produto\/mochila-bullpadel-bpm25022-xplo-005-5\/#primaryimage"},"image":{"@id":"https:\/\/revolutionpadelstore.com\/pt-pt\/produto\/mochila-bullpadel-bpm25022-xplo-005-5\/#primaryimage"},"thumbnailUrl":"https:\/\/revolutionpadelstore.com\/wp-content\/uploads\/2024\/11\/113792-mochila-bullpadel-bpm25022-xplo-4481681500x1500-1.webp","datePublished":"2024-11-26T07:41:42+00:00","dateModified":"2026-04-08T08:06:37+00:00","description":"Con un compartimento termo reforzado y acolchado, protege tus pertenencias m\u00e1s importantes con eficacia, ya sea una pala de p\u00e1del o un port\u00e1til, manteni\u00e9ndolos seguros y en perfecto estado en todo momento. Esta mochila deportiva de Bullpadel ofrece un amplio compartimento principal para llevar todo tu equipamiento, incluyendo ropa, toalla o accesorios como overgrips. Cuenta, tambi\u00e9n, con un bolsillo en la parte frontal de f\u00e1cil acceso para guardar tus objetos personales como el m\u00f3vil o las llaves.","breadcrumb":{"@id":"https:\/\/revolutionpadelstore.com\/pt-pt\/produto\/mochila-bullpadel-bpm25022-xplo-005-5\/#breadcrumb"},"inLanguage":"pt-PT","potentialAction":[{"@type":"ReadAction","target":["https:\/\/revolutionpadelstore.com\/pt-pt\/produto\/mochila-bullpadel-bpm25022-xplo-005-5\/"]}]},{"@type":"ImageObject","inLanguage":"pt-PT","@id":"https:\/\/revolutionpadelstore.com\/pt-pt\/produto\/mochila-bullpadel-bpm25022-xplo-005-5\/#primaryimage","url":"https:\/\/revolutionpadelstore.com\/wp-content\/uploads\/2024\/11\/113792-mochila-bullpadel-bpm25022-xplo-4481681500x1500-1.webp","contentUrl":"https:\/\/revolutionpadelstore.com\/wp-content\/uploads\/2024\/11\/113792-mochila-bullpadel-bpm25022-xplo-4481681500x1500-1.webp","width":1500,"height":1500},{"@type":"BreadcrumbList","@id":"https:\/\/revolutionpadelstore.com\/pt-pt\/produto\/mochila-bullpadel-bpm25022-xplo-005-5\/#breadcrumb","itemListElement":[{"@type":"ListItem","position":1,"name":"Portada","item":"https:\/\/revolutionpadelstore.com\/pt-pt\/"},{"@type":"ListItem","position":2,"name":"Tienda","item":"https:\/\/revolutionpadelstore.com\/pt-pt\/tienda\/"},{"@type":"ListItem","position":3,"name":"MOCHILA BULLPADEL BPM25022 XPLO 005"}]},{"@type":"WebSite","@id":"https:\/\/revolutionpadelstore.com\/pt-pt\/#website","url":"https:\/\/revolutionpadelstore.com\/pt-pt\/","name":"Revolution Padel Store","description":"","publisher":{"@id":"https:\/\/revolutionpadelstore.com\/pt-pt\/#organization"},"potentialAction":[{"@type":"SearchAction","target":{"@type":"EntryPoint","urlTemplate":"https:\/\/revolutionpadelstore.com\/pt-pt\/?s={search_term_string}"},"query-input":{"@type":"PropertyValueSpecification","valueRequired":true,"valueName":"search_term_string"}}],"inLanguage":"pt-PT"},{"@type":"Organization","@id":"https:\/\/revolutionpadelstore.com\/pt-pt\/#organization","name":"Revolution Padel Store","url":"https:\/\/revolutionpadelstore.com\/pt-pt\/","logo":{"@type":"ImageObject","inLanguage":"pt-PT","@id":"https:\/\/revolutionpadelstore.com\/pt-pt\/#\/schema\/logo\/image\/","url":"https:\/\/revolutionpadelstore.com\/wp-content\/uploads\/2026\/02\/revolution-padel-store.jpg","contentUrl":"https:\/\/revolutionpadelstore.com\/wp-content\/uploads\/2026\/02\/revolution-padel-store.jpg","width":2000,"height":2000,"caption":"Revolution Padel Store"},"image":{"@id":"https:\/\/revolutionpadelstore.com\/pt-pt\/#\/schema\/logo\/image\/"},"sameAs":["https:\/\/www.instagram.com\/revolutionpadelstore\/"]}]}},"_links":{"self":[{"href":"https:\/\/revolutionpadelstore.com\/pt-pt\/wp-json\/wp\/v2\/product\/129194","targetHints":{"allow":["GET"]}}],"collection":[{"href":"https:\/\/revolutionpadelstore.com\/pt-pt\/wp-json\/wp\/v2\/product"}],"about":[{"href":"https:\/\/revolutionpadelstore.com\/pt-pt\/wp-json\/wp\/v2\/types\/product"}],"replies":[{"embeddable":true,"href":"https:\/\/revolutionpadelstore.com\/pt-pt\/wp-json\/wp\/v2\/comments?post=129194"}],"wp:featuredmedia":[{"embeddable":true,"href":"https:\/\/revolutionpadelstore.com\/pt-pt\/wp-json\/wp\/v2\/media\/129171"}],"wp:attachment":[{"href":"https:\/\/revolutionpadelstore.com\/pt-pt\/wp-json\/wp\/v2\/media?parent=129194"}],"wp:term":[{"taxonomy":"acabado","embeddable":true,"href":"https:\/\/revolutionpadelstore.com\/pt-pt\/wp-json\/wp\/v2\/acabado?post=129194"},{"taxonomy":"balance","embeddable":true,"href":"https:\/\/revolutionpadelstore.com\/pt-pt\/wp-json\/wp\/v2\/balance?post=129194"},{"taxonomy":"dureza","embeddable":true,"href":"https:\/\/revolutionpadelstore.com\/pt-pt\/wp-json\/wp\/v2\/dureza?post=129194"},{"taxonomy":"forma","embeddable":true,"href":"https:\/\/revolutionpadelstore.com\/pt-pt\/wp-json\/wp\/v2\/forma?post=129194"},{"taxonomy":"jugador","embeddable":true,"href":"https:\/\/revolutionpadelstore.com\/pt-pt\/wp-json\/wp\/v2\/jugador?post=129194"},{"taxonomy":"marca","embeddable":true,"href":"https:\/\/revolutionpadelstore.com\/pt-pt\/wp-json\/wp\/v2\/marca?post=129194"},{"taxonomy":"nivel-de-juego","embeddable":true,"href":"https:\/\/revolutionpadelstore.com\/pt-pt\/wp-json\/wp\/v2\/nivel-de-juego?post=129194"},{"taxonomy":"superficie","embeddable":true,"href":"https:\/\/revolutionpadelstore.com\/pt-pt\/wp-json\/wp\/v2\/superficie?post=129194"},{"taxonomy":"tipo-de-juego","embeddable":true,"href":"https:\/\/revolutionpadelstore.com\/pt-pt\/wp-json\/wp\/v2\/tipo-de-juego?post=129194"},{"taxonomy":"product_brand","embeddable":true,"href":"https:\/\/revolutionpadelstore.com\/pt-pt\/wp-json\/wp\/v2\/product_brand?post=129194"},{"taxonomy":"product_cat","embeddable":true,"href":"https:\/\/revolutionpadelstore.com\/pt-pt\/wp-json\/wp\/v2\/product_cat?post=129194"},{"taxonomy":"product_tag","embeddable":true,"href":"https:\/\/revolutionpadelstore.com\/pt-pt\/wp-json\/wp\/v2\/product_tag?post=129194"}],"curies":[{"name":"wp","href":"https:\/\/api.w.org\/{rel}","templated":true}]}}