{"id":129163,"date":"2024-11-26T08:22:29","date_gmt":"2024-11-26T07:22:29","guid":{"rendered":"https:\/\/revolutionpadelstore.com\/paletero-bullpadel-di-nenno-xplo-bpp25022-negro\/"},"modified":"2026-04-08T10:07:00","modified_gmt":"2026-04-08T08:07:00","slug":"paletero-bullpadel-di-nenno-xplo-bpp25022-negro-5","status":"publish","type":"product","link":"https:\/\/revolutionpadelstore.com\/pt-pt\/produto\/paletero-bullpadel-di-nenno-xplo-bpp25022-negro-5\/","title":{"rendered":"PALETERO BULLPADEL DI NENNO XPLO BPP25022 Negro"},"content":{"rendered":"<p><H2> bullpadel ploeter di nenno xplo bpp25022 <\/h2>\n<p>O Bullpadel Di Nenno XPLO BPP2502222222222222 \u00e9 o acess\u00f3rio ideal para jogadores que procuram um transporte confort\u00e1vel, seguro e organizado para seus equipamentos de remo.<br \/>\nCom um design exclusivo inspirado no jogador Martin Di Nenno, este paletero combina funcionalidade e estilo, oferecendo v\u00e1rios compartimentos projetados especificamente para atender a todas as necessidades do jogador.<\/p>\n<h2> Principais caracter\u00edsticas: <\/h2>\n<p><P>-compartimento principal grande: espa\u00e7o central de grande capacidade para usar roupas, toalhas, acess\u00f3rios ou qualquer equipamento necess\u00e1rio para a pista.<br \/>\nSeu design amplo permite f\u00e1cil acesso e organiza\u00e7\u00e3o<br \/>\n-O dois compartimentos Thermo: esses compartimentos s\u00e3o dissolvidos com tecnologia t\u00e9rmica para proteger at\u00e9 quatro l\u00e2minas contra varia\u00e7\u00f5es de temperatura, garantindo que seu equipamento seja mantido em perfeitas condi\u00e7\u00f5es, mesmo em condi\u00e7\u00f5es extremas.<\/p>\n<p>-compartimento independente e ventilado: um espa\u00e7o exclusivo e ventilado para usar t\u00eanis ou roupas usadas, ideal para manter a higiene e a organiza\u00e7\u00e3o do restante do equipamento.<\/p>\n<p>-O material resistente e dur\u00e1vel: fabricado com materiais de alta qualidade, este paletero \u00e9 resistente ao desgaste, garantindo uma longa vida \u00fatil e prote\u00e7\u00e3o para todo o seu equipamento.<\/p>\n<p>-Projeto -gun\u00f4mico: inclui al\u00e7as do tipo traseiro ajust\u00e1vel para transporte confort\u00e1vel e tiras refor\u00e7adas que garantem maior conforto durante o uso.<br \/>\n<H2> Especifica\u00e7\u00f5es t\u00e9cnicas: <\/h2>\n<p>Tamanho grande, mas compacto, projetado para maximizar a capacidade de armazenamento sem comprometer o conforto.<br \/>\nCORES: Design moderno em tons impressionantes, inspirados no estilo do jogador Martin di Nenno.<br \/>\nDetalhes personalizados: inclui o logotipo e detalhes exclusivos do modelo XPLO, refletindo um estilo profissional e \u00fanico.<br \/>\n<H2> Ideal para: <\/h2>\n<p>Jogadores que precisam de uma solu\u00e7\u00e3o completa para transportar sua equipe com seguran\u00e7a e organiza\u00e7\u00e3o, para treinamento, torneios ou partidas casuais.<br \/>\nCom o bullpadel ptaretero di Nenno XPLO BPP25022, voc\u00ea ter\u00e1 tudo o que precisa dispon\u00edvel, mantendo o equipamento protegido e organizado com o estilo de um profissional.<\/p>\n<h2>Paletero Bullpadel Di Nenno Xplo BPP25022<\/h2>\n","protected":false},"excerpt":{"rendered":"<p>bullpadel ploeter di nenno xplo bpp25022 O Bullpadel Di Nenno XPLO BPP2502222222222222 \u00e9 o acess\u00f3rio ideal para jogadores que procuram um transporte confort\u00e1vel, seguro e organizado para seus equipamentos de remo. Com um design exclusivo inspirado no jogador Martin Di Nenno, este paletero combina funcionalidade e estilo, oferecendo v\u00e1rios compartimentos projetados especificamente para atender a [&hellip;]<\/p>\n","protected":false},"featured_media":129134,"comment_status":"open","ping_status":"closed","template":"","meta":{"_acf_changed":false,"_joinchat":[]},"acabado":[],"balance":[],"dureza":[],"forma":[],"jugador":[],"marca":[1255],"nivel-de-juego":[],"superficie":[],"tipo-de-juego":[],"product_brand":[],"product_cat":[316],"product_tag":[],"class_list":{"0":"post-129163","1":"product","2":"type-product","3":"status-publish","4":"has-post-thumbnail","6":"marca-bullpadel-pt-pt","7":"product_cat-bolsas-pt-pt","9":"first","10":"instock","11":"sale","12":"taxable","13":"shipping-taxable","14":"purchasable","15":"product-type-simple"},"acf":[],"yoast_head":"<!-- This site is optimized with the Yoast SEO plugin v27.4 - https:\/\/yoast.com\/product\/yoast-seo-wordpress\/ -->\n<title>PALETERO BULLPADEL DI NENNO XPLO BPP25022 Negro - Revolution Padel Store<\/title>\n<meta name=\"description\" content=\"l Paletero Bullpadel Di Nenno Xplo BPP25022 es el accesorio ideal para jugadores que buscan un transporte comodo, seguro y organizado para su equipamiento de padel.Con un diseno exclusivo inspirado en el jugador Martin Di Nenno, este paletero combina funcionalidad y estilo, ofreciendo multiples compartimentos disenados especificamente para cubrir todas las necesidades del jugador.\" \/>\n<meta name=\"robots\" content=\"index, follow, max-snippet:-1, max-image-preview:large, max-video-preview:-1\" \/>\n<link rel=\"canonical\" href=\"https:\/\/revolutionpadelstore.com\/pt-pt\/produto\/paletero-bullpadel-di-nenno-xplo-bpp25022-negro-5\/\" \/>\n<meta property=\"og:locale\" content=\"pt_PT\" \/>\n<meta property=\"og:type\" content=\"article\" \/>\n<meta property=\"og:title\" content=\"PALETERO BULLPADEL DI NENNO XPLO BPP25022 Negro - Revolution Padel Store\" \/>\n<meta property=\"og:description\" content=\"l Paletero Bullpadel Di Nenno Xplo BPP25022 es el accesorio ideal para jugadores que buscan un transporte comodo, seguro y organizado para su equipamiento de padel.Con un diseno exclusivo inspirado en el jugador Martin Di Nenno, este paletero combina funcionalidad y estilo, ofreciendo multiples compartimentos disenados especificamente para cubrir todas las necesidades del jugador.\" \/>\n<meta property=\"og:url\" content=\"https:\/\/revolutionpadelstore.com\/pt-pt\/produto\/paletero-bullpadel-di-nenno-xplo-bpp25022-negro-5\/\" \/>\n<meta property=\"og:site_name\" content=\"Revolution Padel Store\" \/>\n<meta property=\"article:modified_time\" content=\"2026-04-08T08:07:00+00:00\" \/>\n<meta property=\"og:image\" content=\"https:\/\/revolutionpadelstore.com\/wp-content\/uploads\/2024\/11\/paletero-bullpadel-di-nenno-xplo-bpp25022-negro-1100x1100-1.webp\" \/>\n\t<meta property=\"og:image:width\" content=\"1100\" \/>\n\t<meta property=\"og:image:height\" content=\"1100\" \/>\n\t<meta property=\"og:image:type\" content=\"image\/webp\" \/>\n<meta name=\"twitter:card\" content=\"summary_large_image\" \/>\n<meta name=\"twitter:label1\" content=\"Tempo estimado de leitura\" \/>\n\t<meta name=\"twitter:data1\" content=\"2 minutos\" \/>\n<script type=\"application\/ld+json\" class=\"yoast-schema-graph\">{\"@context\":\"https:\\\/\\\/schema.org\",\"@graph\":[{\"@type\":\"WebPage\",\"@id\":\"https:\\\/\\\/revolutionpadelstore.com\\\/pt-pt\\\/produto\\\/paletero-bullpadel-di-nenno-xplo-bpp25022-negro-5\\\/\",\"url\":\"https:\\\/\\\/revolutionpadelstore.com\\\/pt-pt\\\/produto\\\/paletero-bullpadel-di-nenno-xplo-bpp25022-negro-5\\\/\",\"name\":\"PALETERO BULLPADEL DI NENNO XPLO BPP25022 Negro - Revolution Padel Store\",\"isPartOf\":{\"@id\":\"https:\\\/\\\/revolutionpadelstore.com\\\/pt-pt\\\/#website\"},\"primaryImageOfPage\":{\"@id\":\"https:\\\/\\\/revolutionpadelstore.com\\\/pt-pt\\\/produto\\\/paletero-bullpadel-di-nenno-xplo-bpp25022-negro-5\\\/#primaryimage\"},\"image\":{\"@id\":\"https:\\\/\\\/revolutionpadelstore.com\\\/pt-pt\\\/produto\\\/paletero-bullpadel-di-nenno-xplo-bpp25022-negro-5\\\/#primaryimage\"},\"thumbnailUrl\":\"https:\\\/\\\/revolutionpadelstore.com\\\/wp-content\\\/uploads\\\/2024\\\/11\\\/paletero-bullpadel-di-nenno-xplo-bpp25022-negro-1100x1100-1.webp\",\"datePublished\":\"2024-11-26T07:22:29+00:00\",\"dateModified\":\"2026-04-08T08:07:00+00:00\",\"description\":\"l Paletero Bullpadel Di Nenno Xplo BPP25022 es el accesorio ideal para jugadores que buscan un transporte comodo, seguro y organizado para su equipamiento de padel.Con un diseno exclusivo inspirado en el jugador Martin Di Nenno, este paletero combina funcionalidad y estilo, ofreciendo multiples compartimentos disenados especificamente para cubrir todas las necesidades del jugador.\",\"breadcrumb\":{\"@id\":\"https:\\\/\\\/revolutionpadelstore.com\\\/pt-pt\\\/produto\\\/paletero-bullpadel-di-nenno-xplo-bpp25022-negro-5\\\/#breadcrumb\"},\"inLanguage\":\"pt-PT\",\"potentialAction\":[{\"@type\":\"ReadAction\",\"target\":[\"https:\\\/\\\/revolutionpadelstore.com\\\/pt-pt\\\/produto\\\/paletero-bullpadel-di-nenno-xplo-bpp25022-negro-5\\\/\"]}]},{\"@type\":\"ImageObject\",\"inLanguage\":\"pt-PT\",\"@id\":\"https:\\\/\\\/revolutionpadelstore.com\\\/pt-pt\\\/produto\\\/paletero-bullpadel-di-nenno-xplo-bpp25022-negro-5\\\/#primaryimage\",\"url\":\"https:\\\/\\\/revolutionpadelstore.com\\\/wp-content\\\/uploads\\\/2024\\\/11\\\/paletero-bullpadel-di-nenno-xplo-bpp25022-negro-1100x1100-1.webp\",\"contentUrl\":\"https:\\\/\\\/revolutionpadelstore.com\\\/wp-content\\\/uploads\\\/2024\\\/11\\\/paletero-bullpadel-di-nenno-xplo-bpp25022-negro-1100x1100-1.webp\",\"width\":1100,\"height\":1100},{\"@type\":\"BreadcrumbList\",\"@id\":\"https:\\\/\\\/revolutionpadelstore.com\\\/pt-pt\\\/produto\\\/paletero-bullpadel-di-nenno-xplo-bpp25022-negro-5\\\/#breadcrumb\",\"itemListElement\":[{\"@type\":\"ListItem\",\"position\":1,\"name\":\"Portada\",\"item\":\"https:\\\/\\\/revolutionpadelstore.com\\\/pt-pt\\\/\"},{\"@type\":\"ListItem\",\"position\":2,\"name\":\"Tienda\",\"item\":\"https:\\\/\\\/revolutionpadelstore.com\\\/pt-pt\\\/tienda\\\/\"},{\"@type\":\"ListItem\",\"position\":3,\"name\":\"PALETERO BULLPADEL DI NENNO XPLO BPP25022 Negro\"}]},{\"@type\":\"WebSite\",\"@id\":\"https:\\\/\\\/revolutionpadelstore.com\\\/pt-pt\\\/#website\",\"url\":\"https:\\\/\\\/revolutionpadelstore.com\\\/pt-pt\\\/\",\"name\":\"Revolution Padel Store\",\"description\":\"\",\"publisher\":{\"@id\":\"https:\\\/\\\/revolutionpadelstore.com\\\/pt-pt\\\/#organization\"},\"potentialAction\":[{\"@type\":\"SearchAction\",\"target\":{\"@type\":\"EntryPoint\",\"urlTemplate\":\"https:\\\/\\\/revolutionpadelstore.com\\\/pt-pt\\\/?s={search_term_string}\"},\"query-input\":{\"@type\":\"PropertyValueSpecification\",\"valueRequired\":true,\"valueName\":\"search_term_string\"}}],\"inLanguage\":\"pt-PT\"},{\"@type\":\"Organization\",\"@id\":\"https:\\\/\\\/revolutionpadelstore.com\\\/pt-pt\\\/#organization\",\"name\":\"Revolution Padel Store\",\"url\":\"https:\\\/\\\/revolutionpadelstore.com\\\/pt-pt\\\/\",\"logo\":{\"@type\":\"ImageObject\",\"inLanguage\":\"pt-PT\",\"@id\":\"https:\\\/\\\/revolutionpadelstore.com\\\/pt-pt\\\/#\\\/schema\\\/logo\\\/image\\\/\",\"url\":\"https:\\\/\\\/revolutionpadelstore.com\\\/wp-content\\\/uploads\\\/2026\\\/02\\\/revolution-padel-store.jpg\",\"contentUrl\":\"https:\\\/\\\/revolutionpadelstore.com\\\/wp-content\\\/uploads\\\/2026\\\/02\\\/revolution-padel-store.jpg\",\"width\":2000,\"height\":2000,\"caption\":\"Revolution Padel Store\"},\"image\":{\"@id\":\"https:\\\/\\\/revolutionpadelstore.com\\\/pt-pt\\\/#\\\/schema\\\/logo\\\/image\\\/\"},\"sameAs\":[\"https:\\\/\\\/www.instagram.com\\\/revolutionpadelstore\\\/\"]}]}<\/script>\n<!-- \/ Yoast SEO plugin. -->","yoast_head_json":{"title":"PALETERO BULLPADEL DI NENNO XPLO BPP25022 Negro - Revolution Padel Store","description":"l Paletero Bullpadel Di Nenno Xplo BPP25022 es el accesorio ideal para jugadores que buscan un transporte comodo, seguro y organizado para su equipamiento de padel.Con un diseno exclusivo inspirado en el jugador Martin Di Nenno, este paletero combina funcionalidad y estilo, ofreciendo multiples compartimentos disenados especificamente para cubrir todas las necesidades del jugador.","robots":{"index":"index","follow":"follow","max-snippet":"max-snippet:-1","max-image-preview":"max-image-preview:large","max-video-preview":"max-video-preview:-1"},"canonical":"https:\/\/revolutionpadelstore.com\/pt-pt\/produto\/paletero-bullpadel-di-nenno-xplo-bpp25022-negro-5\/","og_locale":"pt_PT","og_type":"article","og_title":"PALETERO BULLPADEL DI NENNO XPLO BPP25022 Negro - Revolution Padel Store","og_description":"l Paletero Bullpadel Di Nenno Xplo BPP25022 es el accesorio ideal para jugadores que buscan un transporte comodo, seguro y organizado para su equipamiento de padel.Con un diseno exclusivo inspirado en el jugador Martin Di Nenno, este paletero combina funcionalidad y estilo, ofreciendo multiples compartimentos disenados especificamente para cubrir todas las necesidades del jugador.","og_url":"https:\/\/revolutionpadelstore.com\/pt-pt\/produto\/paletero-bullpadel-di-nenno-xplo-bpp25022-negro-5\/","og_site_name":"Revolution Padel Store","article_modified_time":"2026-04-08T08:07:00+00:00","og_image":[{"width":1100,"height":1100,"url":"https:\/\/revolutionpadelstore.com\/wp-content\/uploads\/2024\/11\/paletero-bullpadel-di-nenno-xplo-bpp25022-negro-1100x1100-1.webp","type":"image\/webp"}],"twitter_card":"summary_large_image","twitter_misc":{"Tempo estimado de leitura":"2 minutos"},"schema":{"@context":"https:\/\/schema.org","@graph":[{"@type":"WebPage","@id":"https:\/\/revolutionpadelstore.com\/pt-pt\/produto\/paletero-bullpadel-di-nenno-xplo-bpp25022-negro-5\/","url":"https:\/\/revolutionpadelstore.com\/pt-pt\/produto\/paletero-bullpadel-di-nenno-xplo-bpp25022-negro-5\/","name":"PALETERO BULLPADEL DI NENNO XPLO BPP25022 Negro - Revolution Padel Store","isPartOf":{"@id":"https:\/\/revolutionpadelstore.com\/pt-pt\/#website"},"primaryImageOfPage":{"@id":"https:\/\/revolutionpadelstore.com\/pt-pt\/produto\/paletero-bullpadel-di-nenno-xplo-bpp25022-negro-5\/#primaryimage"},"image":{"@id":"https:\/\/revolutionpadelstore.com\/pt-pt\/produto\/paletero-bullpadel-di-nenno-xplo-bpp25022-negro-5\/#primaryimage"},"thumbnailUrl":"https:\/\/revolutionpadelstore.com\/wp-content\/uploads\/2024\/11\/paletero-bullpadel-di-nenno-xplo-bpp25022-negro-1100x1100-1.webp","datePublished":"2024-11-26T07:22:29+00:00","dateModified":"2026-04-08T08:07:00+00:00","description":"l Paletero Bullpadel Di Nenno Xplo BPP25022 es el accesorio ideal para jugadores que buscan un transporte comodo, seguro y organizado para su equipamiento de padel.Con un diseno exclusivo inspirado en el jugador Martin Di Nenno, este paletero combina funcionalidad y estilo, ofreciendo multiples compartimentos disenados especificamente para cubrir todas las necesidades del jugador.","breadcrumb":{"@id":"https:\/\/revolutionpadelstore.com\/pt-pt\/produto\/paletero-bullpadel-di-nenno-xplo-bpp25022-negro-5\/#breadcrumb"},"inLanguage":"pt-PT","potentialAction":[{"@type":"ReadAction","target":["https:\/\/revolutionpadelstore.com\/pt-pt\/produto\/paletero-bullpadel-di-nenno-xplo-bpp25022-negro-5\/"]}]},{"@type":"ImageObject","inLanguage":"pt-PT","@id":"https:\/\/revolutionpadelstore.com\/pt-pt\/produto\/paletero-bullpadel-di-nenno-xplo-bpp25022-negro-5\/#primaryimage","url":"https:\/\/revolutionpadelstore.com\/wp-content\/uploads\/2024\/11\/paletero-bullpadel-di-nenno-xplo-bpp25022-negro-1100x1100-1.webp","contentUrl":"https:\/\/revolutionpadelstore.com\/wp-content\/uploads\/2024\/11\/paletero-bullpadel-di-nenno-xplo-bpp25022-negro-1100x1100-1.webp","width":1100,"height":1100},{"@type":"BreadcrumbList","@id":"https:\/\/revolutionpadelstore.com\/pt-pt\/produto\/paletero-bullpadel-di-nenno-xplo-bpp25022-negro-5\/#breadcrumb","itemListElement":[{"@type":"ListItem","position":1,"name":"Portada","item":"https:\/\/revolutionpadelstore.com\/pt-pt\/"},{"@type":"ListItem","position":2,"name":"Tienda","item":"https:\/\/revolutionpadelstore.com\/pt-pt\/tienda\/"},{"@type":"ListItem","position":3,"name":"PALETERO BULLPADEL DI NENNO XPLO BPP25022 Negro"}]},{"@type":"WebSite","@id":"https:\/\/revolutionpadelstore.com\/pt-pt\/#website","url":"https:\/\/revolutionpadelstore.com\/pt-pt\/","name":"Revolution Padel Store","description":"","publisher":{"@id":"https:\/\/revolutionpadelstore.com\/pt-pt\/#organization"},"potentialAction":[{"@type":"SearchAction","target":{"@type":"EntryPoint","urlTemplate":"https:\/\/revolutionpadelstore.com\/pt-pt\/?s={search_term_string}"},"query-input":{"@type":"PropertyValueSpecification","valueRequired":true,"valueName":"search_term_string"}}],"inLanguage":"pt-PT"},{"@type":"Organization","@id":"https:\/\/revolutionpadelstore.com\/pt-pt\/#organization","name":"Revolution Padel Store","url":"https:\/\/revolutionpadelstore.com\/pt-pt\/","logo":{"@type":"ImageObject","inLanguage":"pt-PT","@id":"https:\/\/revolutionpadelstore.com\/pt-pt\/#\/schema\/logo\/image\/","url":"https:\/\/revolutionpadelstore.com\/wp-content\/uploads\/2026\/02\/revolution-padel-store.jpg","contentUrl":"https:\/\/revolutionpadelstore.com\/wp-content\/uploads\/2026\/02\/revolution-padel-store.jpg","width":2000,"height":2000,"caption":"Revolution Padel Store"},"image":{"@id":"https:\/\/revolutionpadelstore.com\/pt-pt\/#\/schema\/logo\/image\/"},"sameAs":["https:\/\/www.instagram.com\/revolutionpadelstore\/"]}]}},"_links":{"self":[{"href":"https:\/\/revolutionpadelstore.com\/pt-pt\/wp-json\/wp\/v2\/product\/129163","targetHints":{"allow":["GET"]}}],"collection":[{"href":"https:\/\/revolutionpadelstore.com\/pt-pt\/wp-json\/wp\/v2\/product"}],"about":[{"href":"https:\/\/revolutionpadelstore.com\/pt-pt\/wp-json\/wp\/v2\/types\/product"}],"replies":[{"embeddable":true,"href":"https:\/\/revolutionpadelstore.com\/pt-pt\/wp-json\/wp\/v2\/comments?post=129163"}],"wp:featuredmedia":[{"embeddable":true,"href":"https:\/\/revolutionpadelstore.com\/pt-pt\/wp-json\/wp\/v2\/media\/129134"}],"wp:attachment":[{"href":"https:\/\/revolutionpadelstore.com\/pt-pt\/wp-json\/wp\/v2\/media?parent=129163"}],"wp:term":[{"taxonomy":"acabado","embeddable":true,"href":"https:\/\/revolutionpadelstore.com\/pt-pt\/wp-json\/wp\/v2\/acabado?post=129163"},{"taxonomy":"balance","embeddable":true,"href":"https:\/\/revolutionpadelstore.com\/pt-pt\/wp-json\/wp\/v2\/balance?post=129163"},{"taxonomy":"dureza","embeddable":true,"href":"https:\/\/revolutionpadelstore.com\/pt-pt\/wp-json\/wp\/v2\/dureza?post=129163"},{"taxonomy":"forma","embeddable":true,"href":"https:\/\/revolutionpadelstore.com\/pt-pt\/wp-json\/wp\/v2\/forma?post=129163"},{"taxonomy":"jugador","embeddable":true,"href":"https:\/\/revolutionpadelstore.com\/pt-pt\/wp-json\/wp\/v2\/jugador?post=129163"},{"taxonomy":"marca","embeddable":true,"href":"https:\/\/revolutionpadelstore.com\/pt-pt\/wp-json\/wp\/v2\/marca?post=129163"},{"taxonomy":"nivel-de-juego","embeddable":true,"href":"https:\/\/revolutionpadelstore.com\/pt-pt\/wp-json\/wp\/v2\/nivel-de-juego?post=129163"},{"taxonomy":"superficie","embeddable":true,"href":"https:\/\/revolutionpadelstore.com\/pt-pt\/wp-json\/wp\/v2\/superficie?post=129163"},{"taxonomy":"tipo-de-juego","embeddable":true,"href":"https:\/\/revolutionpadelstore.com\/pt-pt\/wp-json\/wp\/v2\/tipo-de-juego?post=129163"},{"taxonomy":"product_brand","embeddable":true,"href":"https:\/\/revolutionpadelstore.com\/pt-pt\/wp-json\/wp\/v2\/product_brand?post=129163"},{"taxonomy":"product_cat","embeddable":true,"href":"https:\/\/revolutionpadelstore.com\/pt-pt\/wp-json\/wp\/v2\/product_cat?post=129163"},{"taxonomy":"product_tag","embeddable":true,"href":"https:\/\/revolutionpadelstore.com\/pt-pt\/wp-json\/wp\/v2\/product_tag?post=129163"}],"curies":[{"name":"wp","href":"https:\/\/api.w.org\/{rel}","templated":true}]}}