{"id":129090,"date":"2024-11-25T23:59:17","date_gmt":"2024-11-25T22:59:17","guid":{"rendered":"https:\/\/revolutionpadelstore.com\/mochila-bullpadel-bpm25001-hack-blanco\/"},"modified":"2026-04-13T14:00:09","modified_gmt":"2026-04-13T12:00:09","slug":"mochila-bullpadel-bpm25001-hack-blanco-5","status":"publish","type":"product","link":"https:\/\/revolutionpadelstore.com\/pt-pt\/produto\/mochila-bullpadel-bpm25001-hack-blanco-5\/","title":{"rendered":"MOCHILA BULLPADEL BPM25001 HACK BLANCO"},"content":{"rendered":"<p><H2> bullpadel bpm25001 hack branco de paquito Navarro<br \/>\nO bullpadel BPM25001 Backpack Technpic Mackpack Black and Black Hack \u00e9 a op\u00e7\u00e3o perfeita para jogadores de paddle que procuram uma combina\u00e7\u00e3o de funcionalidade e estilo. Criado para complementar o Paquito Navarro Hack 04, ele possui um amplo compartimento principal, onde voc\u00ea pode salvar tudo o que precisa. Al\u00e9m disso, possui um compartimento t\u00e9rmico refor\u00e7ado com espa\u00e7o para duas l\u00e2minas, protegendo -as de poss\u00edveis danos e varia\u00e7\u00f5es de temperatura.<\/p>\n<p>Seu design inteligente inclui um compartimento ventilado e separado, ideal para armazenar roupas e cal\u00e7ados sem se preocupar com maus odores. Um detalhe proeminente \u00e9 o bolso acolchoado, projetado para transportar laptops ou tablets com seguran\u00e7a e pr\u00e1tica. Ele tamb\u00e9m tem um bolso lateral perfeito para transportar o barco de bola.<\/p>\n<p>O conforto \u00e9 garantido gra\u00e7as \u00e0s costas com espuma, que fornece ventila\u00e7\u00e3o e suporte para as costas, especialmente \u00fatil durante longos per\u00edodos de uso. A tira peitoral garante um ajuste perfeito, evitando movimentos desconfort\u00e1veis \u200b\u200benquanto voc\u00ea se move.<\/p>\n<p>Com seu design em preto e branco e o logotipo da bullpadel na frente, esta mochila tem um toque moderno e elegante, ideal para quem procura desempenho sem renunciar ao estilo. Se voc\u00ea precisar de um design confort\u00e1vel, pr\u00e1tico e sofisticado, esta \u00e9 a op\u00e7\u00e3o perfeita para transportar seus acess\u00f3rios de remo com confian\u00e7a.<\/p>\n<h2>Mochila Bullpadel Bpm25001 Hack Blanco de Paquito Navarro<\/h2>\n","protected":false},"excerpt":{"rendered":"<p>Bullpadel BPM25001 Hack branco com t\u00e9rmicos, compartimentos ventilados e acolchoados. Design em preto e branco ergon\u00f4mico com logotipo frontal. Perfeito para transportar p\u00e1s, roupas e dispositivos com conforto e estilo.<\/p>\n","protected":false},"featured_media":129067,"comment_status":"open","ping_status":"closed","template":"","meta":{"_acf_changed":false,"_joinchat":[]},"acabado":[],"balance":[],"dureza":[],"forma":[],"jugador":[],"marca":[1255],"nivel-de-juego":[],"superficie":[],"tipo-de-juego":[],"product_brand":[],"product_cat":[316],"product_tag":[],"class_list":{"0":"post-129090","1":"product","2":"type-product","3":"status-publish","4":"has-post-thumbnail","6":"marca-bullpadel-pt-pt","7":"product_cat-bolsas-pt-pt","9":"first","10":"instock","11":"sale","12":"taxable","13":"shipping-taxable","14":"purchasable","15":"product-type-simple"},"acf":[],"yoast_head":"<!-- This site is optimized with the Yoast SEO plugin v27.4 - https:\/\/yoast.com\/product\/yoast-seo-wordpress\/ -->\n<title>MOCHILA BULLPADEL BPM25001 HACK BLANCO - Revolution Padel Store<\/title>\n<meta name=\"description\" content=\"La mochila t\u00e9cnica Bullpadel BPM25001 Hack Blanca y Negra es una excelente elecci\u00f3n para jugadores de p\u00e1del que buscan funcionalidad y estilo. Dise\u00f1ada para complementar la pala Hack 04 de Paquito Navarro, cuenta con un compartimento principal amplio donde puedes guardar todo lo que necesites. Adem\u00e1s, incluye un compartimento thermo reforzado con capacidad para dos palas, protegi\u00e9ndolas de cambios t\u00e9rmicos y posibles da\u00f1os. Su dise\u00f1o inteligente tambi\u00e9n incorpora un espacio separado y ventilado, ideal para transportar ropa y calzado sin preocuparte por los malos olores.\" \/>\n<meta name=\"robots\" content=\"index, follow, max-snippet:-1, max-image-preview:large, max-video-preview:-1\" \/>\n<link rel=\"canonical\" href=\"https:\/\/revolutionpadelstore.com\/pt-pt\/produto\/mochila-bullpadel-bpm25001-hack-blanco-5\/\" \/>\n<meta property=\"og:locale\" content=\"pt_PT\" \/>\n<meta property=\"og:type\" content=\"article\" \/>\n<meta property=\"og:title\" content=\"MOCHILA BULLPADEL BPM25001 HACK BLANCO - Revolution Padel Store\" \/>\n<meta property=\"og:description\" content=\"La mochila t\u00e9cnica Bullpadel BPM25001 Hack Blanca y Negra es una excelente elecci\u00f3n para jugadores de p\u00e1del que buscan funcionalidad y estilo. Dise\u00f1ada para complementar la pala Hack 04 de Paquito Navarro, cuenta con un compartimento principal amplio donde puedes guardar todo lo que necesites. Adem\u00e1s, incluye un compartimento thermo reforzado con capacidad para dos palas, protegi\u00e9ndolas de cambios t\u00e9rmicos y posibles da\u00f1os. Su dise\u00f1o inteligente tambi\u00e9n incorpora un espacio separado y ventilado, ideal para transportar ropa y calzado sin preocuparte por los malos olores.\" \/>\n<meta property=\"og:url\" content=\"https:\/\/revolutionpadelstore.com\/pt-pt\/produto\/mochila-bullpadel-bpm25001-hack-blanco-5\/\" \/>\n<meta property=\"og:site_name\" content=\"Revolution Padel Store\" \/>\n<meta property=\"article:modified_time\" content=\"2026-04-13T12:00:09+00:00\" \/>\n<meta property=\"og:image\" content=\"https:\/\/revolutionpadelstore.com\/wp-content\/uploads\/2024\/11\/113782-mochila-bullpadel-bpm25001-hack-448164-1500x1500-1.webp\" \/>\n\t<meta property=\"og:image:width\" content=\"1500\" \/>\n\t<meta property=\"og:image:height\" content=\"1500\" \/>\n\t<meta property=\"og:image:type\" content=\"image\/webp\" \/>\n<meta name=\"twitter:card\" content=\"summary_large_image\" \/>\n<meta name=\"twitter:label1\" content=\"Tempo estimado de leitura\" \/>\n\t<meta name=\"twitter:data1\" content=\"1 minuto\" \/>\n<script type=\"application\/ld+json\" class=\"yoast-schema-graph\">{\"@context\":\"https:\\\/\\\/schema.org\",\"@graph\":[{\"@type\":\"WebPage\",\"@id\":\"https:\\\/\\\/revolutionpadelstore.com\\\/pt-pt\\\/produto\\\/mochila-bullpadel-bpm25001-hack-blanco-5\\\/\",\"url\":\"https:\\\/\\\/revolutionpadelstore.com\\\/pt-pt\\\/produto\\\/mochila-bullpadel-bpm25001-hack-blanco-5\\\/\",\"name\":\"MOCHILA BULLPADEL BPM25001 HACK BLANCO - Revolution Padel Store\",\"isPartOf\":{\"@id\":\"https:\\\/\\\/revolutionpadelstore.com\\\/pt-pt\\\/#website\"},\"primaryImageOfPage\":{\"@id\":\"https:\\\/\\\/revolutionpadelstore.com\\\/pt-pt\\\/produto\\\/mochila-bullpadel-bpm25001-hack-blanco-5\\\/#primaryimage\"},\"image\":{\"@id\":\"https:\\\/\\\/revolutionpadelstore.com\\\/pt-pt\\\/produto\\\/mochila-bullpadel-bpm25001-hack-blanco-5\\\/#primaryimage\"},\"thumbnailUrl\":\"https:\\\/\\\/revolutionpadelstore.com\\\/wp-content\\\/uploads\\\/2024\\\/11\\\/113782-mochila-bullpadel-bpm25001-hack-448164-1500x1500-1.webp\",\"datePublished\":\"2024-11-25T22:59:17+00:00\",\"dateModified\":\"2026-04-13T12:00:09+00:00\",\"description\":\"La mochila t\u00e9cnica Bullpadel BPM25001 Hack Blanca y Negra es una excelente elecci\u00f3n para jugadores de p\u00e1del que buscan funcionalidad y estilo. Dise\u00f1ada para complementar la pala Hack 04 de Paquito Navarro, cuenta con un compartimento principal amplio donde puedes guardar todo lo que necesites. Adem\u00e1s, incluye un compartimento thermo reforzado con capacidad para dos palas, protegi\u00e9ndolas de cambios t\u00e9rmicos y posibles da\u00f1os. Su dise\u00f1o inteligente tambi\u00e9n incorpora un espacio separado y ventilado, ideal para transportar ropa y calzado sin preocuparte por los malos olores.\",\"breadcrumb\":{\"@id\":\"https:\\\/\\\/revolutionpadelstore.com\\\/pt-pt\\\/produto\\\/mochila-bullpadel-bpm25001-hack-blanco-5\\\/#breadcrumb\"},\"inLanguage\":\"pt-PT\",\"potentialAction\":[{\"@type\":\"ReadAction\",\"target\":[\"https:\\\/\\\/revolutionpadelstore.com\\\/pt-pt\\\/produto\\\/mochila-bullpadel-bpm25001-hack-blanco-5\\\/\"]}]},{\"@type\":\"ImageObject\",\"inLanguage\":\"pt-PT\",\"@id\":\"https:\\\/\\\/revolutionpadelstore.com\\\/pt-pt\\\/produto\\\/mochila-bullpadel-bpm25001-hack-blanco-5\\\/#primaryimage\",\"url\":\"https:\\\/\\\/revolutionpadelstore.com\\\/wp-content\\\/uploads\\\/2024\\\/11\\\/113782-mochila-bullpadel-bpm25001-hack-448164-1500x1500-1.webp\",\"contentUrl\":\"https:\\\/\\\/revolutionpadelstore.com\\\/wp-content\\\/uploads\\\/2024\\\/11\\\/113782-mochila-bullpadel-bpm25001-hack-448164-1500x1500-1.webp\",\"width\":1500,\"height\":1500},{\"@type\":\"BreadcrumbList\",\"@id\":\"https:\\\/\\\/revolutionpadelstore.com\\\/pt-pt\\\/produto\\\/mochila-bullpadel-bpm25001-hack-blanco-5\\\/#breadcrumb\",\"itemListElement\":[{\"@type\":\"ListItem\",\"position\":1,\"name\":\"Portada\",\"item\":\"https:\\\/\\\/revolutionpadelstore.com\\\/pt-pt\\\/\"},{\"@type\":\"ListItem\",\"position\":2,\"name\":\"Tienda\",\"item\":\"https:\\\/\\\/revolutionpadelstore.com\\\/pt-pt\\\/tienda\\\/\"},{\"@type\":\"ListItem\",\"position\":3,\"name\":\"MOCHILA BULLPADEL BPM25001 HACK BLANCO\"}]},{\"@type\":\"WebSite\",\"@id\":\"https:\\\/\\\/revolutionpadelstore.com\\\/pt-pt\\\/#website\",\"url\":\"https:\\\/\\\/revolutionpadelstore.com\\\/pt-pt\\\/\",\"name\":\"Revolution Padel Store\",\"description\":\"\",\"publisher\":{\"@id\":\"https:\\\/\\\/revolutionpadelstore.com\\\/pt-pt\\\/#organization\"},\"potentialAction\":[{\"@type\":\"SearchAction\",\"target\":{\"@type\":\"EntryPoint\",\"urlTemplate\":\"https:\\\/\\\/revolutionpadelstore.com\\\/pt-pt\\\/?s={search_term_string}\"},\"query-input\":{\"@type\":\"PropertyValueSpecification\",\"valueRequired\":true,\"valueName\":\"search_term_string\"}}],\"inLanguage\":\"pt-PT\"},{\"@type\":\"Organization\",\"@id\":\"https:\\\/\\\/revolutionpadelstore.com\\\/pt-pt\\\/#organization\",\"name\":\"Revolution Padel Store\",\"url\":\"https:\\\/\\\/revolutionpadelstore.com\\\/pt-pt\\\/\",\"logo\":{\"@type\":\"ImageObject\",\"inLanguage\":\"pt-PT\",\"@id\":\"https:\\\/\\\/revolutionpadelstore.com\\\/pt-pt\\\/#\\\/schema\\\/logo\\\/image\\\/\",\"url\":\"https:\\\/\\\/revolutionpadelstore.com\\\/wp-content\\\/uploads\\\/2026\\\/02\\\/revolution-padel-store.jpg\",\"contentUrl\":\"https:\\\/\\\/revolutionpadelstore.com\\\/wp-content\\\/uploads\\\/2026\\\/02\\\/revolution-padel-store.jpg\",\"width\":2000,\"height\":2000,\"caption\":\"Revolution Padel Store\"},\"image\":{\"@id\":\"https:\\\/\\\/revolutionpadelstore.com\\\/pt-pt\\\/#\\\/schema\\\/logo\\\/image\\\/\"},\"sameAs\":[\"https:\\\/\\\/www.instagram.com\\\/revolutionpadelstore\\\/\"]}]}<\/script>\n<!-- \/ Yoast SEO plugin. -->","yoast_head_json":{"title":"MOCHILA BULLPADEL BPM25001 HACK BLANCO - Revolution Padel Store","description":"La mochila t\u00e9cnica Bullpadel BPM25001 Hack Blanca y Negra es una excelente elecci\u00f3n para jugadores de p\u00e1del que buscan funcionalidad y estilo. Dise\u00f1ada para complementar la pala Hack 04 de Paquito Navarro, cuenta con un compartimento principal amplio donde puedes guardar todo lo que necesites. Adem\u00e1s, incluye un compartimento thermo reforzado con capacidad para dos palas, protegi\u00e9ndolas de cambios t\u00e9rmicos y posibles da\u00f1os. Su dise\u00f1o inteligente tambi\u00e9n incorpora un espacio separado y ventilado, ideal para transportar ropa y calzado sin preocuparte por los malos olores.","robots":{"index":"index","follow":"follow","max-snippet":"max-snippet:-1","max-image-preview":"max-image-preview:large","max-video-preview":"max-video-preview:-1"},"canonical":"https:\/\/revolutionpadelstore.com\/pt-pt\/produto\/mochila-bullpadel-bpm25001-hack-blanco-5\/","og_locale":"pt_PT","og_type":"article","og_title":"MOCHILA BULLPADEL BPM25001 HACK BLANCO - Revolution Padel Store","og_description":"La mochila t\u00e9cnica Bullpadel BPM25001 Hack Blanca y Negra es una excelente elecci\u00f3n para jugadores de p\u00e1del que buscan funcionalidad y estilo. Dise\u00f1ada para complementar la pala Hack 04 de Paquito Navarro, cuenta con un compartimento principal amplio donde puedes guardar todo lo que necesites. Adem\u00e1s, incluye un compartimento thermo reforzado con capacidad para dos palas, protegi\u00e9ndolas de cambios t\u00e9rmicos y posibles da\u00f1os. Su dise\u00f1o inteligente tambi\u00e9n incorpora un espacio separado y ventilado, ideal para transportar ropa y calzado sin preocuparte por los malos olores.","og_url":"https:\/\/revolutionpadelstore.com\/pt-pt\/produto\/mochila-bullpadel-bpm25001-hack-blanco-5\/","og_site_name":"Revolution Padel Store","article_modified_time":"2026-04-13T12:00:09+00:00","og_image":[{"width":1500,"height":1500,"url":"https:\/\/revolutionpadelstore.com\/wp-content\/uploads\/2024\/11\/113782-mochila-bullpadel-bpm25001-hack-448164-1500x1500-1.webp","type":"image\/webp"}],"twitter_card":"summary_large_image","twitter_misc":{"Tempo estimado de leitura":"1 minuto"},"schema":{"@context":"https:\/\/schema.org","@graph":[{"@type":"WebPage","@id":"https:\/\/revolutionpadelstore.com\/pt-pt\/produto\/mochila-bullpadel-bpm25001-hack-blanco-5\/","url":"https:\/\/revolutionpadelstore.com\/pt-pt\/produto\/mochila-bullpadel-bpm25001-hack-blanco-5\/","name":"MOCHILA BULLPADEL BPM25001 HACK BLANCO - Revolution Padel Store","isPartOf":{"@id":"https:\/\/revolutionpadelstore.com\/pt-pt\/#website"},"primaryImageOfPage":{"@id":"https:\/\/revolutionpadelstore.com\/pt-pt\/produto\/mochila-bullpadel-bpm25001-hack-blanco-5\/#primaryimage"},"image":{"@id":"https:\/\/revolutionpadelstore.com\/pt-pt\/produto\/mochila-bullpadel-bpm25001-hack-blanco-5\/#primaryimage"},"thumbnailUrl":"https:\/\/revolutionpadelstore.com\/wp-content\/uploads\/2024\/11\/113782-mochila-bullpadel-bpm25001-hack-448164-1500x1500-1.webp","datePublished":"2024-11-25T22:59:17+00:00","dateModified":"2026-04-13T12:00:09+00:00","description":"La mochila t\u00e9cnica Bullpadel BPM25001 Hack Blanca y Negra es una excelente elecci\u00f3n para jugadores de p\u00e1del que buscan funcionalidad y estilo. Dise\u00f1ada para complementar la pala Hack 04 de Paquito Navarro, cuenta con un compartimento principal amplio donde puedes guardar todo lo que necesites. Adem\u00e1s, incluye un compartimento thermo reforzado con capacidad para dos palas, protegi\u00e9ndolas de cambios t\u00e9rmicos y posibles da\u00f1os. Su dise\u00f1o inteligente tambi\u00e9n incorpora un espacio separado y ventilado, ideal para transportar ropa y calzado sin preocuparte por los malos olores.","breadcrumb":{"@id":"https:\/\/revolutionpadelstore.com\/pt-pt\/produto\/mochila-bullpadel-bpm25001-hack-blanco-5\/#breadcrumb"},"inLanguage":"pt-PT","potentialAction":[{"@type":"ReadAction","target":["https:\/\/revolutionpadelstore.com\/pt-pt\/produto\/mochila-bullpadel-bpm25001-hack-blanco-5\/"]}]},{"@type":"ImageObject","inLanguage":"pt-PT","@id":"https:\/\/revolutionpadelstore.com\/pt-pt\/produto\/mochila-bullpadel-bpm25001-hack-blanco-5\/#primaryimage","url":"https:\/\/revolutionpadelstore.com\/wp-content\/uploads\/2024\/11\/113782-mochila-bullpadel-bpm25001-hack-448164-1500x1500-1.webp","contentUrl":"https:\/\/revolutionpadelstore.com\/wp-content\/uploads\/2024\/11\/113782-mochila-bullpadel-bpm25001-hack-448164-1500x1500-1.webp","width":1500,"height":1500},{"@type":"BreadcrumbList","@id":"https:\/\/revolutionpadelstore.com\/pt-pt\/produto\/mochila-bullpadel-bpm25001-hack-blanco-5\/#breadcrumb","itemListElement":[{"@type":"ListItem","position":1,"name":"Portada","item":"https:\/\/revolutionpadelstore.com\/pt-pt\/"},{"@type":"ListItem","position":2,"name":"Tienda","item":"https:\/\/revolutionpadelstore.com\/pt-pt\/tienda\/"},{"@type":"ListItem","position":3,"name":"MOCHILA BULLPADEL BPM25001 HACK BLANCO"}]},{"@type":"WebSite","@id":"https:\/\/revolutionpadelstore.com\/pt-pt\/#website","url":"https:\/\/revolutionpadelstore.com\/pt-pt\/","name":"Revolution Padel Store","description":"","publisher":{"@id":"https:\/\/revolutionpadelstore.com\/pt-pt\/#organization"},"potentialAction":[{"@type":"SearchAction","target":{"@type":"EntryPoint","urlTemplate":"https:\/\/revolutionpadelstore.com\/pt-pt\/?s={search_term_string}"},"query-input":{"@type":"PropertyValueSpecification","valueRequired":true,"valueName":"search_term_string"}}],"inLanguage":"pt-PT"},{"@type":"Organization","@id":"https:\/\/revolutionpadelstore.com\/pt-pt\/#organization","name":"Revolution Padel Store","url":"https:\/\/revolutionpadelstore.com\/pt-pt\/","logo":{"@type":"ImageObject","inLanguage":"pt-PT","@id":"https:\/\/revolutionpadelstore.com\/pt-pt\/#\/schema\/logo\/image\/","url":"https:\/\/revolutionpadelstore.com\/wp-content\/uploads\/2026\/02\/revolution-padel-store.jpg","contentUrl":"https:\/\/revolutionpadelstore.com\/wp-content\/uploads\/2026\/02\/revolution-padel-store.jpg","width":2000,"height":2000,"caption":"Revolution Padel Store"},"image":{"@id":"https:\/\/revolutionpadelstore.com\/pt-pt\/#\/schema\/logo\/image\/"},"sameAs":["https:\/\/www.instagram.com\/revolutionpadelstore\/"]}]}},"_links":{"self":[{"href":"https:\/\/revolutionpadelstore.com\/pt-pt\/wp-json\/wp\/v2\/product\/129090","targetHints":{"allow":["GET"]}}],"collection":[{"href":"https:\/\/revolutionpadelstore.com\/pt-pt\/wp-json\/wp\/v2\/product"}],"about":[{"href":"https:\/\/revolutionpadelstore.com\/pt-pt\/wp-json\/wp\/v2\/types\/product"}],"replies":[{"embeddable":true,"href":"https:\/\/revolutionpadelstore.com\/pt-pt\/wp-json\/wp\/v2\/comments?post=129090"}],"wp:featuredmedia":[{"embeddable":true,"href":"https:\/\/revolutionpadelstore.com\/pt-pt\/wp-json\/wp\/v2\/media\/129067"}],"wp:attachment":[{"href":"https:\/\/revolutionpadelstore.com\/pt-pt\/wp-json\/wp\/v2\/media?parent=129090"}],"wp:term":[{"taxonomy":"acabado","embeddable":true,"href":"https:\/\/revolutionpadelstore.com\/pt-pt\/wp-json\/wp\/v2\/acabado?post=129090"},{"taxonomy":"balance","embeddable":true,"href":"https:\/\/revolutionpadelstore.com\/pt-pt\/wp-json\/wp\/v2\/balance?post=129090"},{"taxonomy":"dureza","embeddable":true,"href":"https:\/\/revolutionpadelstore.com\/pt-pt\/wp-json\/wp\/v2\/dureza?post=129090"},{"taxonomy":"forma","embeddable":true,"href":"https:\/\/revolutionpadelstore.com\/pt-pt\/wp-json\/wp\/v2\/forma?post=129090"},{"taxonomy":"jugador","embeddable":true,"href":"https:\/\/revolutionpadelstore.com\/pt-pt\/wp-json\/wp\/v2\/jugador?post=129090"},{"taxonomy":"marca","embeddable":true,"href":"https:\/\/revolutionpadelstore.com\/pt-pt\/wp-json\/wp\/v2\/marca?post=129090"},{"taxonomy":"nivel-de-juego","embeddable":true,"href":"https:\/\/revolutionpadelstore.com\/pt-pt\/wp-json\/wp\/v2\/nivel-de-juego?post=129090"},{"taxonomy":"superficie","embeddable":true,"href":"https:\/\/revolutionpadelstore.com\/pt-pt\/wp-json\/wp\/v2\/superficie?post=129090"},{"taxonomy":"tipo-de-juego","embeddable":true,"href":"https:\/\/revolutionpadelstore.com\/pt-pt\/wp-json\/wp\/v2\/tipo-de-juego?post=129090"},{"taxonomy":"product_brand","embeddable":true,"href":"https:\/\/revolutionpadelstore.com\/pt-pt\/wp-json\/wp\/v2\/product_brand?post=129090"},{"taxonomy":"product_cat","embeddable":true,"href":"https:\/\/revolutionpadelstore.com\/pt-pt\/wp-json\/wp\/v2\/product_cat?post=129090"},{"taxonomy":"product_tag","embeddable":true,"href":"https:\/\/revolutionpadelstore.com\/pt-pt\/wp-json\/wp\/v2\/product_tag?post=129090"}],"curies":[{"name":"wp","href":"https:\/\/api.w.org\/{rel}","templated":true}]}}