{"id":128981,"date":"2024-11-20T00:29:24","date_gmt":"2024-11-19T23:29:24","guid":{"rendered":"https:\/\/revolutionpadelstore.com\/mochila-nox-luxury-open-series-negro-rojo\/"},"modified":"2026-04-08T10:16:11","modified_gmt":"2026-04-08T08:16:11","slug":"mochila-nox-luxury-open-series-negro-rojo-5","status":"publish","type":"product","link":"https:\/\/revolutionpadelstore.com\/pt-pt\/produto\/mochila-nox-luxury-open-series-negro-rojo-5\/","title":{"rendered":"MOCHILA NOX LUXURY OPEN SERIES NEGRO ROJO"},"content":{"rendered":"<p><H2> NOX LUXURY Backpack Series Open Black Red <\/h2>\n<p>A s\u00e9rie de mochilas abertas de luxo nox em preto e vermelho \u00e9 a op\u00e7\u00e3o ideal para quem procura combinar estilo e funcionalidade em um \u00fanico acess\u00f3rio. Feito com materiais t\u00e9cnicos de alta qualidade, esta mochila se destaca por sua resist\u00eancia e leveza, oferecendo conforto para uso di\u00e1rio e treinamento. Seu design tem um amplo espa\u00e7o de armazenamento, com dois compartimentos principais: um perfeito para uma p\u00e1 ou um computador e outro para salvar seus equipamentos e acess\u00f3rios esportivos.<\/p>\n<p>Inclui um compartimento frontal independente com sistema de ventila\u00e7\u00e3o, projetado para manter o cal\u00e7ado fresco e separado do restante de seus pertences. Al\u00e9m disso, bolsos adicionais na frente e no lado s\u00e3o ideais para salvar objetos pessoais, como celular, chaves ou garrafas.<\/p>\n<p>As tiras e o encosto s\u00e3o projetados ergonomicamente com recheio para garantir um ajuste confort\u00e1vel e permitir a circula\u00e7\u00e3o ideal de ar. Com dimens\u00f5es de 500 x 330 x 200 mm e uma capacidade de 30 litros, esta mochila se adapta a todas as suas necessidades, garantindo que voc\u00ea possa carregar tudo essencial de maneira organizada, com um toque de eleg\u00e2ncia e modernidade.<\/p>\n<h2>Mochila Nox Luxury Open Series Negro Rojo<\/h2>\n","protected":false},"excerpt":{"rendered":"<p>A s\u00e9rie de mochilas abertas de luxo nox em preto e vermelho combina design moderno, materiais t\u00e9cnicos avan\u00e7ados e compartimentos vers\u00e1teis, ideais para uso di\u00e1rio e esportivo.<\/p>\n","protected":false},"featured_media":116104,"comment_status":"open","ping_status":"closed","template":"","meta":{"_acf_changed":false,"_joinchat":[]},"acabado":[],"balance":[],"dureza":[],"forma":[],"jugador":[],"marca":[1260],"nivel-de-juego":[],"superficie":[],"tipo-de-juego":[],"product_brand":[],"product_cat":[316],"product_tag":[],"class_list":{"0":"post-128981","1":"product","2":"type-product","3":"status-publish","4":"has-post-thumbnail","6":"marca-nox-pt-pt","7":"product_cat-bolsas-pt-pt","9":"first","10":"outofstock","11":"sale","12":"taxable","13":"shipping-taxable","14":"purchasable","15":"product-type-simple"},"acf":[],"yoast_head":"<!-- This site is optimized with the Yoast SEO plugin v27.6 - https:\/\/yoast.com\/product\/yoast-seo-wordpress\/ -->\n<title>MOCHILA NOX LUXURY OPEN SERIES NEGRO ROJO - Revolution Padel Store<\/title>\n<meta name=\"description\" content=\"La Mochila Nox Luxury Open Series en negro y rojo es la elecci\u00f3n perfecta para quienes buscan estilo y funcionalidad en un solo accesorio. Confeccionada con textiles de alta tecnolog\u00eda, esta mochila se destaca por su resistencia y ligereza, lo que permite un uso c\u00f3modo tanto en el d\u00eda a d\u00eda como en entrenamientos. Su dise\u00f1o ofrece un amplio espacio con dos compartimentos principales: uno ideal para una pala o un ordenador, y otro para llevar tu equipaci\u00f3n deportiva y accesorios.\" \/>\n<meta name=\"robots\" content=\"index, follow, max-snippet:-1, max-image-preview:large, max-video-preview:-1\" \/>\n<link rel=\"canonical\" href=\"https:\/\/revolutionpadelstore.com\/pt-pt\/produto\/mochila-nox-luxury-open-series-negro-rojo-5\/\" \/>\n<meta property=\"og:locale\" content=\"pt_PT\" \/>\n<meta property=\"og:type\" content=\"article\" \/>\n<meta property=\"og:title\" content=\"MOCHILA NOX LUXURY OPEN SERIES NEGRO ROJO - Revolution Padel Store\" \/>\n<meta property=\"og:description\" content=\"La Mochila Nox Luxury Open Series en negro y rojo es la elecci\u00f3n perfecta para quienes buscan estilo y funcionalidad en un solo accesorio. Confeccionada con textiles de alta tecnolog\u00eda, esta mochila se destaca por su resistencia y ligereza, lo que permite un uso c\u00f3modo tanto en el d\u00eda a d\u00eda como en entrenamientos. Su dise\u00f1o ofrece un amplio espacio con dos compartimentos principales: uno ideal para una pala o un ordenador, y otro para llevar tu equipaci\u00f3n deportiva y accesorios.\" \/>\n<meta property=\"og:url\" content=\"https:\/\/revolutionpadelstore.com\/pt-pt\/produto\/mochila-nox-luxury-open-series-negro-rojo-5\/\" \/>\n<meta property=\"og:site_name\" content=\"Revolution Padel Store\" \/>\n<meta property=\"article:modified_time\" content=\"2026-04-08T08:16:11+00:00\" \/>\n<meta property=\"og:image\" content=\"https:\/\/revolutionpadelstore.com\/wp-content\/uploads\/2024\/11\/113147_mochila_nox_luxury_open_series_mocopenblre_1500x1500_1_ee47.webp\" \/>\n\t<meta property=\"og:image:width\" content=\"1500\" \/>\n\t<meta property=\"og:image:height\" content=\"1500\" \/>\n\t<meta property=\"og:image:type\" content=\"image\/webp\" \/>\n<meta name=\"twitter:card\" content=\"summary_large_image\" \/>\n<meta name=\"twitter:label1\" content=\"Tempo estimado de leitura\" \/>\n\t<meta name=\"twitter:data1\" content=\"1 minuto\" \/>\n<script type=\"application\/ld+json\" class=\"yoast-schema-graph\">{\"@context\":\"https:\\\/\\\/schema.org\",\"@graph\":[{\"@type\":\"WebPage\",\"@id\":\"https:\\\/\\\/revolutionpadelstore.com\\\/pt-pt\\\/produto\\\/mochila-nox-luxury-open-series-negro-rojo-5\\\/\",\"url\":\"https:\\\/\\\/revolutionpadelstore.com\\\/pt-pt\\\/produto\\\/mochila-nox-luxury-open-series-negro-rojo-5\\\/\",\"name\":\"MOCHILA NOX LUXURY OPEN SERIES NEGRO ROJO - Revolution Padel Store\",\"isPartOf\":{\"@id\":\"https:\\\/\\\/revolutionpadelstore.com\\\/pt-pt\\\/#website\"},\"primaryImageOfPage\":{\"@id\":\"https:\\\/\\\/revolutionpadelstore.com\\\/pt-pt\\\/produto\\\/mochila-nox-luxury-open-series-negro-rojo-5\\\/#primaryimage\"},\"image\":{\"@id\":\"https:\\\/\\\/revolutionpadelstore.com\\\/pt-pt\\\/produto\\\/mochila-nox-luxury-open-series-negro-rojo-5\\\/#primaryimage\"},\"thumbnailUrl\":\"https:\\\/\\\/revolutionpadelstore.com\\\/wp-content\\\/uploads\\\/2024\\\/11\\\/113147_mochila_nox_luxury_open_series_mocopenblre_1500x1500_1_ee47.webp\",\"datePublished\":\"2024-11-19T23:29:24+00:00\",\"dateModified\":\"2026-04-08T08:16:11+00:00\",\"description\":\"La Mochila Nox Luxury Open Series en negro y rojo es la elecci\u00f3n perfecta para quienes buscan estilo y funcionalidad en un solo accesorio. Confeccionada con textiles de alta tecnolog\u00eda, esta mochila se destaca por su resistencia y ligereza, lo que permite un uso c\u00f3modo tanto en el d\u00eda a d\u00eda como en entrenamientos. Su dise\u00f1o ofrece un amplio espacio con dos compartimentos principales: uno ideal para una pala o un ordenador, y otro para llevar tu equipaci\u00f3n deportiva y accesorios.\",\"breadcrumb\":{\"@id\":\"https:\\\/\\\/revolutionpadelstore.com\\\/pt-pt\\\/produto\\\/mochila-nox-luxury-open-series-negro-rojo-5\\\/#breadcrumb\"},\"inLanguage\":\"pt-PT\",\"potentialAction\":[{\"@type\":\"ReadAction\",\"target\":[\"https:\\\/\\\/revolutionpadelstore.com\\\/pt-pt\\\/produto\\\/mochila-nox-luxury-open-series-negro-rojo-5\\\/\"]}]},{\"@type\":\"ImageObject\",\"inLanguage\":\"pt-PT\",\"@id\":\"https:\\\/\\\/revolutionpadelstore.com\\\/pt-pt\\\/produto\\\/mochila-nox-luxury-open-series-negro-rojo-5\\\/#primaryimage\",\"url\":\"https:\\\/\\\/revolutionpadelstore.com\\\/wp-content\\\/uploads\\\/2024\\\/11\\\/113147_mochila_nox_luxury_open_series_mocopenblre_1500x1500_1_ee47.webp\",\"contentUrl\":\"https:\\\/\\\/revolutionpadelstore.com\\\/wp-content\\\/uploads\\\/2024\\\/11\\\/113147_mochila_nox_luxury_open_series_mocopenblre_1500x1500_1_ee47.webp\",\"width\":1500,\"height\":1500},{\"@type\":\"BreadcrumbList\",\"@id\":\"https:\\\/\\\/revolutionpadelstore.com\\\/pt-pt\\\/produto\\\/mochila-nox-luxury-open-series-negro-rojo-5\\\/#breadcrumb\",\"itemListElement\":[{\"@type\":\"ListItem\",\"position\":1,\"name\":\"Portada\",\"item\":\"https:\\\/\\\/revolutionpadelstore.com\\\/pt-pt\\\/\"},{\"@type\":\"ListItem\",\"position\":2,\"name\":\"Tienda\",\"item\":\"https:\\\/\\\/revolutionpadelstore.com\\\/pt-pt\\\/tienda\\\/\"},{\"@type\":\"ListItem\",\"position\":3,\"name\":\"MOCHILA NOX LUXURY OPEN SERIES NEGRO ROJO\"}]},{\"@type\":\"WebSite\",\"@id\":\"https:\\\/\\\/revolutionpadelstore.com\\\/pt-pt\\\/#website\",\"url\":\"https:\\\/\\\/revolutionpadelstore.com\\\/pt-pt\\\/\",\"name\":\"Revolution Padel Store\",\"description\":\"\",\"publisher\":{\"@id\":\"https:\\\/\\\/revolutionpadelstore.com\\\/pt-pt\\\/#organization\"},\"potentialAction\":[{\"@type\":\"SearchAction\",\"target\":{\"@type\":\"EntryPoint\",\"urlTemplate\":\"https:\\\/\\\/revolutionpadelstore.com\\\/pt-pt\\\/?s={search_term_string}\"},\"query-input\":{\"@type\":\"PropertyValueSpecification\",\"valueRequired\":true,\"valueName\":\"search_term_string\"}}],\"inLanguage\":\"pt-PT\"},{\"@type\":\"Organization\",\"@id\":\"https:\\\/\\\/revolutionpadelstore.com\\\/pt-pt\\\/#organization\",\"name\":\"Revolution Padel Store\",\"url\":\"https:\\\/\\\/revolutionpadelstore.com\\\/pt-pt\\\/\",\"logo\":{\"@type\":\"ImageObject\",\"inLanguage\":\"pt-PT\",\"@id\":\"https:\\\/\\\/revolutionpadelstore.com\\\/pt-pt\\\/#\\\/schema\\\/logo\\\/image\\\/\",\"url\":\"https:\\\/\\\/revolutionpadelstore.com\\\/wp-content\\\/uploads\\\/2026\\\/02\\\/revolution-padel-store.jpg\",\"contentUrl\":\"https:\\\/\\\/revolutionpadelstore.com\\\/wp-content\\\/uploads\\\/2026\\\/02\\\/revolution-padel-store.jpg\",\"width\":2000,\"height\":2000,\"caption\":\"Revolution Padel Store\"},\"image\":{\"@id\":\"https:\\\/\\\/revolutionpadelstore.com\\\/pt-pt\\\/#\\\/schema\\\/logo\\\/image\\\/\"},\"sameAs\":[\"https:\\\/\\\/www.instagram.com\\\/revolutionpadelstore\\\/\"]}]}<\/script>\n<!-- \/ Yoast SEO plugin. -->","yoast_head_json":{"title":"MOCHILA NOX LUXURY OPEN SERIES NEGRO ROJO - Revolution Padel Store","description":"La Mochila Nox Luxury Open Series en negro y rojo es la elecci\u00f3n perfecta para quienes buscan estilo y funcionalidad en un solo accesorio. Confeccionada con textiles de alta tecnolog\u00eda, esta mochila se destaca por su resistencia y ligereza, lo que permite un uso c\u00f3modo tanto en el d\u00eda a d\u00eda como en entrenamientos. Su dise\u00f1o ofrece un amplio espacio con dos compartimentos principales: uno ideal para una pala o un ordenador, y otro para llevar tu equipaci\u00f3n deportiva y accesorios.","robots":{"index":"index","follow":"follow","max-snippet":"max-snippet:-1","max-image-preview":"max-image-preview:large","max-video-preview":"max-video-preview:-1"},"canonical":"https:\/\/revolutionpadelstore.com\/pt-pt\/produto\/mochila-nox-luxury-open-series-negro-rojo-5\/","og_locale":"pt_PT","og_type":"article","og_title":"MOCHILA NOX LUXURY OPEN SERIES NEGRO ROJO - Revolution Padel Store","og_description":"La Mochila Nox Luxury Open Series en negro y rojo es la elecci\u00f3n perfecta para quienes buscan estilo y funcionalidad en un solo accesorio. Confeccionada con textiles de alta tecnolog\u00eda, esta mochila se destaca por su resistencia y ligereza, lo que permite un uso c\u00f3modo tanto en el d\u00eda a d\u00eda como en entrenamientos. Su dise\u00f1o ofrece un amplio espacio con dos compartimentos principales: uno ideal para una pala o un ordenador, y otro para llevar tu equipaci\u00f3n deportiva y accesorios.","og_url":"https:\/\/revolutionpadelstore.com\/pt-pt\/produto\/mochila-nox-luxury-open-series-negro-rojo-5\/","og_site_name":"Revolution Padel Store","article_modified_time":"2026-04-08T08:16:11+00:00","og_image":[{"width":1500,"height":1500,"url":"https:\/\/revolutionpadelstore.com\/wp-content\/uploads\/2024\/11\/113147_mochila_nox_luxury_open_series_mocopenblre_1500x1500_1_ee47.webp","type":"image\/webp"}],"twitter_card":"summary_large_image","twitter_misc":{"Tempo estimado de leitura":"1 minuto"},"schema":{"@context":"https:\/\/schema.org","@graph":[{"@type":"WebPage","@id":"https:\/\/revolutionpadelstore.com\/pt-pt\/produto\/mochila-nox-luxury-open-series-negro-rojo-5\/","url":"https:\/\/revolutionpadelstore.com\/pt-pt\/produto\/mochila-nox-luxury-open-series-negro-rojo-5\/","name":"MOCHILA NOX LUXURY OPEN SERIES NEGRO ROJO - Revolution Padel Store","isPartOf":{"@id":"https:\/\/revolutionpadelstore.com\/pt-pt\/#website"},"primaryImageOfPage":{"@id":"https:\/\/revolutionpadelstore.com\/pt-pt\/produto\/mochila-nox-luxury-open-series-negro-rojo-5\/#primaryimage"},"image":{"@id":"https:\/\/revolutionpadelstore.com\/pt-pt\/produto\/mochila-nox-luxury-open-series-negro-rojo-5\/#primaryimage"},"thumbnailUrl":"https:\/\/revolutionpadelstore.com\/wp-content\/uploads\/2024\/11\/113147_mochila_nox_luxury_open_series_mocopenblre_1500x1500_1_ee47.webp","datePublished":"2024-11-19T23:29:24+00:00","dateModified":"2026-04-08T08:16:11+00:00","description":"La Mochila Nox Luxury Open Series en negro y rojo es la elecci\u00f3n perfecta para quienes buscan estilo y funcionalidad en un solo accesorio. Confeccionada con textiles de alta tecnolog\u00eda, esta mochila se destaca por su resistencia y ligereza, lo que permite un uso c\u00f3modo tanto en el d\u00eda a d\u00eda como en entrenamientos. Su dise\u00f1o ofrece un amplio espacio con dos compartimentos principales: uno ideal para una pala o un ordenador, y otro para llevar tu equipaci\u00f3n deportiva y accesorios.","breadcrumb":{"@id":"https:\/\/revolutionpadelstore.com\/pt-pt\/produto\/mochila-nox-luxury-open-series-negro-rojo-5\/#breadcrumb"},"inLanguage":"pt-PT","potentialAction":[{"@type":"ReadAction","target":["https:\/\/revolutionpadelstore.com\/pt-pt\/produto\/mochila-nox-luxury-open-series-negro-rojo-5\/"]}]},{"@type":"ImageObject","inLanguage":"pt-PT","@id":"https:\/\/revolutionpadelstore.com\/pt-pt\/produto\/mochila-nox-luxury-open-series-negro-rojo-5\/#primaryimage","url":"https:\/\/revolutionpadelstore.com\/wp-content\/uploads\/2024\/11\/113147_mochila_nox_luxury_open_series_mocopenblre_1500x1500_1_ee47.webp","contentUrl":"https:\/\/revolutionpadelstore.com\/wp-content\/uploads\/2024\/11\/113147_mochila_nox_luxury_open_series_mocopenblre_1500x1500_1_ee47.webp","width":1500,"height":1500},{"@type":"BreadcrumbList","@id":"https:\/\/revolutionpadelstore.com\/pt-pt\/produto\/mochila-nox-luxury-open-series-negro-rojo-5\/#breadcrumb","itemListElement":[{"@type":"ListItem","position":1,"name":"Portada","item":"https:\/\/revolutionpadelstore.com\/pt-pt\/"},{"@type":"ListItem","position":2,"name":"Tienda","item":"https:\/\/revolutionpadelstore.com\/pt-pt\/tienda\/"},{"@type":"ListItem","position":3,"name":"MOCHILA NOX LUXURY OPEN SERIES NEGRO ROJO"}]},{"@type":"WebSite","@id":"https:\/\/revolutionpadelstore.com\/pt-pt\/#website","url":"https:\/\/revolutionpadelstore.com\/pt-pt\/","name":"Revolution Padel Store","description":"","publisher":{"@id":"https:\/\/revolutionpadelstore.com\/pt-pt\/#organization"},"potentialAction":[{"@type":"SearchAction","target":{"@type":"EntryPoint","urlTemplate":"https:\/\/revolutionpadelstore.com\/pt-pt\/?s={search_term_string}"},"query-input":{"@type":"PropertyValueSpecification","valueRequired":true,"valueName":"search_term_string"}}],"inLanguage":"pt-PT"},{"@type":"Organization","@id":"https:\/\/revolutionpadelstore.com\/pt-pt\/#organization","name":"Revolution Padel Store","url":"https:\/\/revolutionpadelstore.com\/pt-pt\/","logo":{"@type":"ImageObject","inLanguage":"pt-PT","@id":"https:\/\/revolutionpadelstore.com\/pt-pt\/#\/schema\/logo\/image\/","url":"https:\/\/revolutionpadelstore.com\/wp-content\/uploads\/2026\/02\/revolution-padel-store.jpg","contentUrl":"https:\/\/revolutionpadelstore.com\/wp-content\/uploads\/2026\/02\/revolution-padel-store.jpg","width":2000,"height":2000,"caption":"Revolution Padel Store"},"image":{"@id":"https:\/\/revolutionpadelstore.com\/pt-pt\/#\/schema\/logo\/image\/"},"sameAs":["https:\/\/www.instagram.com\/revolutionpadelstore\/"]}]}},"_links":{"self":[{"href":"https:\/\/revolutionpadelstore.com\/pt-pt\/wp-json\/wp\/v2\/product\/128981","targetHints":{"allow":["GET"]}}],"collection":[{"href":"https:\/\/revolutionpadelstore.com\/pt-pt\/wp-json\/wp\/v2\/product"}],"about":[{"href":"https:\/\/revolutionpadelstore.com\/pt-pt\/wp-json\/wp\/v2\/types\/product"}],"replies":[{"embeddable":true,"href":"https:\/\/revolutionpadelstore.com\/pt-pt\/wp-json\/wp\/v2\/comments?post=128981"}],"wp:featuredmedia":[{"embeddable":true,"href":"https:\/\/revolutionpadelstore.com\/pt-pt\/wp-json\/wp\/v2\/media\/116104"}],"wp:attachment":[{"href":"https:\/\/revolutionpadelstore.com\/pt-pt\/wp-json\/wp\/v2\/media?parent=128981"}],"wp:term":[{"taxonomy":"acabado","embeddable":true,"href":"https:\/\/revolutionpadelstore.com\/pt-pt\/wp-json\/wp\/v2\/acabado?post=128981"},{"taxonomy":"balance","embeddable":true,"href":"https:\/\/revolutionpadelstore.com\/pt-pt\/wp-json\/wp\/v2\/balance?post=128981"},{"taxonomy":"dureza","embeddable":true,"href":"https:\/\/revolutionpadelstore.com\/pt-pt\/wp-json\/wp\/v2\/dureza?post=128981"},{"taxonomy":"forma","embeddable":true,"href":"https:\/\/revolutionpadelstore.com\/pt-pt\/wp-json\/wp\/v2\/forma?post=128981"},{"taxonomy":"jugador","embeddable":true,"href":"https:\/\/revolutionpadelstore.com\/pt-pt\/wp-json\/wp\/v2\/jugador?post=128981"},{"taxonomy":"marca","embeddable":true,"href":"https:\/\/revolutionpadelstore.com\/pt-pt\/wp-json\/wp\/v2\/marca?post=128981"},{"taxonomy":"nivel-de-juego","embeddable":true,"href":"https:\/\/revolutionpadelstore.com\/pt-pt\/wp-json\/wp\/v2\/nivel-de-juego?post=128981"},{"taxonomy":"superficie","embeddable":true,"href":"https:\/\/revolutionpadelstore.com\/pt-pt\/wp-json\/wp\/v2\/superficie?post=128981"},{"taxonomy":"tipo-de-juego","embeddable":true,"href":"https:\/\/revolutionpadelstore.com\/pt-pt\/wp-json\/wp\/v2\/tipo-de-juego?post=128981"},{"taxonomy":"product_brand","embeddable":true,"href":"https:\/\/revolutionpadelstore.com\/pt-pt\/wp-json\/wp\/v2\/product_brand?post=128981"},{"taxonomy":"product_cat","embeddable":true,"href":"https:\/\/revolutionpadelstore.com\/pt-pt\/wp-json\/wp\/v2\/product_cat?post=128981"},{"taxonomy":"product_tag","embeddable":true,"href":"https:\/\/revolutionpadelstore.com\/pt-pt\/wp-json\/wp\/v2\/product_tag?post=128981"}],"curies":[{"name":"wp","href":"https:\/\/api.w.org\/{rel}","templated":true}]}}