{"id":128976,"date":"2024-11-19T19:39:46","date_gmt":"2024-11-19T18:39:46","guid":{"rendered":"https:\/\/revolutionpadelstore.com\/mochila-nox-luxury-master-series\/"},"modified":"2026-04-08T10:18:15","modified_gmt":"2026-04-08T08:18:15","slug":"mochila-nox-luxury-master-series-5","status":"publish","type":"product","link":"https:\/\/revolutionpadelstore.com\/pt-pt\/produto\/mochila-nox-luxury-master-series-5\/","title":{"rendered":"MOCHILA NOX LUXURY MASTER SERIES"},"content":{"rendered":"<p><H2> NOX Luxury Master Series Backpack<br \/>\nDescubra a mochila <strong> NOx Luxury Master Series <\/strong>, a melhor op\u00e7\u00e3o para jogadores de paddle que procuram uma combina\u00e7\u00e3o perfeita de estilo e funcionalidade. Fabricado com materiais t\u00e9cnicos de <strong> de alta qualidade e t\u00eaxteis avan\u00e7ados <\/strong>, esta mochila oferece durabilidade excepcional e conforto incompar\u00e1vel. Com seu design em elegante <strong> preto e branco <\/strong>, \u00e9 ideal para o dia a dia e seu treinamento.<\/p>\n<p>A mochila da s\u00e9rie de mestres de luxo de NOX n\u00e3o \u00e9 apenas resistente, mas tamb\u00e9m \u00e9 incrivelmente leve, o que facilita o transporte sem comprometer a capacidade de carga. Seu compartimento principal <strong> com superf\u00edcie r\u00edgida <\/strong> oferece prote\u00e7\u00e3o m\u00e1xima para sua p\u00e1 ou laptop, enquanto um <strong> segundo compartimento permite armazenar at\u00e9 duas p\u00e1s adicionais <\/strong>, equipamentos e acess\u00f3rios. Al\u00e9m disso, possui um espa\u00e7o <strong> independente <\/strong> na frente para o <strong> cal\u00e7ados <\/strong>, projetado com um sistema de exibi\u00e7\u00e3o que mant\u00e9m seus sapatos frescos.<\/p>\n<p>A organiza\u00e7\u00e3o \u00e9 fundamental, e essa mochila n\u00e3o decepciona: v\u00e1rios compartimentos frontais e laterais permitem que voc\u00ea carregue seus objetos pessoais, como celular, \u00f3culos, carteira, chaves ou garrafa. Suas tiras e costas acolchoadas fornecem um ajuste ergon\u00f4mico <\/strong>, otimizando a ader\u00eancia e a circula\u00e7\u00e3o de ar. Com uma capacidade <strong> de 30 litros e medidas de 500 x 330 x 200 mm, a s\u00e9rie mestre de luxo NOX \u00e9 o parceiro ideal para aumentar seu jogo e estilo.<\/p>\n<h2>Mochila Nox Luxury Master Series<\/h2>\n","protected":false},"excerpt":{"rendered":"<p><b> <span> A s\u00e9rie mestre de luxo NOX combina eleg\u00e2ncia e funcionalidade com capacidade 30L, compartimentos ergon\u00f4micos e durabilidade superior.<b><span style=\"color: black\">La Mochila Nox Luxury Master Series combina elegancia y funcionalidad con capacidad de 30L, compartimentos ergon\u00f3micos y durabilidad superior.<\/span><\/p>\n","protected":false},"featured_media":115929,"comment_status":"open","ping_status":"closed","template":"","meta":{"_acf_changed":false,"_joinchat":[]},"acabado":[],"balance":[],"dureza":[],"forma":[],"jugador":[],"marca":[1260],"nivel-de-juego":[],"superficie":[],"tipo-de-juego":[],"product_brand":[],"product_cat":[316],"product_tag":[],"class_list":{"0":"post-128976","1":"product","2":"type-product","3":"status-publish","4":"has-post-thumbnail","6":"marca-nox-pt-pt","7":"product_cat-bolsas-pt-pt","9":"first","10":"outofstock","11":"sale","12":"taxable","13":"shipping-taxable","14":"purchasable","15":"product-type-simple"},"acf":[],"yoast_head":"<!-- This site is optimized with the Yoast SEO plugin v27.4 - https:\/\/yoast.com\/product\/yoast-seo-wordpress\/ -->\n<title>MOCHILA NOX LUXURY MASTER SERIES - Revolution Padel Store<\/title>\n<meta name=\"description\" content=\"Descubre la\u00a0Mochila Nox Luxury Master Series, la mejor opci\u00f3n para los jugadores de p\u00e1del que buscan una combinaci\u00f3n perfecta de estilo y funcionalidad. Fabricada con materiales t\u00e9cnicos de\u00a0alta calidad y textiles avanzados, esta mochila ofrece una durabilidad excepcional y una comodidad incomparable. Con su dise\u00f1o en elegante\u00a0color negro y blanco, es ideal tanto para el d\u00eda a d\u00eda como para tus entrenamientos.\" \/>\n<meta name=\"robots\" content=\"index, follow, max-snippet:-1, max-image-preview:large, max-video-preview:-1\" \/>\n<link rel=\"canonical\" href=\"https:\/\/revolutionpadelstore.com\/pt-pt\/produto\/mochila-nox-luxury-master-series-5\/\" \/>\n<meta property=\"og:locale\" content=\"pt_PT\" \/>\n<meta property=\"og:type\" content=\"article\" \/>\n<meta property=\"og:title\" content=\"MOCHILA NOX LUXURY MASTER SERIES - Revolution Padel Store\" \/>\n<meta property=\"og:description\" content=\"Descubre la\u00a0Mochila Nox Luxury Master Series, la mejor opci\u00f3n para los jugadores de p\u00e1del que buscan una combinaci\u00f3n perfecta de estilo y funcionalidad. Fabricada con materiales t\u00e9cnicos de\u00a0alta calidad y textiles avanzados, esta mochila ofrece una durabilidad excepcional y una comodidad incomparable. Con su dise\u00f1o en elegante\u00a0color negro y blanco, es ideal tanto para el d\u00eda a d\u00eda como para tus entrenamientos.\" \/>\n<meta property=\"og:url\" content=\"https:\/\/revolutionpadelstore.com\/pt-pt\/produto\/mochila-nox-luxury-master-series-5\/\" \/>\n<meta property=\"og:site_name\" content=\"Revolution Padel Store\" \/>\n<meta property=\"article:modified_time\" content=\"2026-04-08T08:18:15+00:00\" \/>\n<meta property=\"og:image\" content=\"https:\/\/revolutionpadelstore.com\/wp-content\/uploads\/2024\/11\/imagen-1-113145-d250d55b-34100-NORMAL.jpg\" \/>\n\t<meta property=\"og:image:width\" content=\"480\" \/>\n\t<meta property=\"og:image:height\" content=\"600\" \/>\n\t<meta property=\"og:image:type\" content=\"image\/jpeg\" \/>\n<meta name=\"twitter:card\" content=\"summary_large_image\" \/>\n<meta name=\"twitter:label1\" content=\"Tempo estimado de leitura\" \/>\n\t<meta name=\"twitter:data1\" content=\"1 minuto\" \/>\n<script type=\"application\/ld+json\" class=\"yoast-schema-graph\">{\"@context\":\"https:\\\/\\\/schema.org\",\"@graph\":[{\"@type\":\"WebPage\",\"@id\":\"https:\\\/\\\/revolutionpadelstore.com\\\/pt-pt\\\/produto\\\/mochila-nox-luxury-master-series-5\\\/\",\"url\":\"https:\\\/\\\/revolutionpadelstore.com\\\/pt-pt\\\/produto\\\/mochila-nox-luxury-master-series-5\\\/\",\"name\":\"MOCHILA NOX LUXURY MASTER SERIES - Revolution Padel Store\",\"isPartOf\":{\"@id\":\"https:\\\/\\\/revolutionpadelstore.com\\\/pt-pt\\\/#website\"},\"primaryImageOfPage\":{\"@id\":\"https:\\\/\\\/revolutionpadelstore.com\\\/pt-pt\\\/produto\\\/mochila-nox-luxury-master-series-5\\\/#primaryimage\"},\"image\":{\"@id\":\"https:\\\/\\\/revolutionpadelstore.com\\\/pt-pt\\\/produto\\\/mochila-nox-luxury-master-series-5\\\/#primaryimage\"},\"thumbnailUrl\":\"https:\\\/\\\/revolutionpadelstore.com\\\/wp-content\\\/uploads\\\/2024\\\/11\\\/imagen-1-113145-d250d55b-34100-NORMAL.jpg\",\"datePublished\":\"2024-11-19T18:39:46+00:00\",\"dateModified\":\"2026-04-08T08:18:15+00:00\",\"description\":\"Descubre la\u00a0Mochila Nox Luxury Master Series, la mejor opci\u00f3n para los jugadores de p\u00e1del que buscan una combinaci\u00f3n perfecta de estilo y funcionalidad. Fabricada con materiales t\u00e9cnicos de\u00a0alta calidad y textiles avanzados, esta mochila ofrece una durabilidad excepcional y una comodidad incomparable. Con su dise\u00f1o en elegante\u00a0color negro y blanco, es ideal tanto para el d\u00eda a d\u00eda como para tus entrenamientos.\",\"breadcrumb\":{\"@id\":\"https:\\\/\\\/revolutionpadelstore.com\\\/pt-pt\\\/produto\\\/mochila-nox-luxury-master-series-5\\\/#breadcrumb\"},\"inLanguage\":\"pt-PT\",\"potentialAction\":[{\"@type\":\"ReadAction\",\"target\":[\"https:\\\/\\\/revolutionpadelstore.com\\\/pt-pt\\\/produto\\\/mochila-nox-luxury-master-series-5\\\/\"]}]},{\"@type\":\"ImageObject\",\"inLanguage\":\"pt-PT\",\"@id\":\"https:\\\/\\\/revolutionpadelstore.com\\\/pt-pt\\\/produto\\\/mochila-nox-luxury-master-series-5\\\/#primaryimage\",\"url\":\"https:\\\/\\\/revolutionpadelstore.com\\\/wp-content\\\/uploads\\\/2024\\\/11\\\/imagen-1-113145-d250d55b-34100-NORMAL.jpg\",\"contentUrl\":\"https:\\\/\\\/revolutionpadelstore.com\\\/wp-content\\\/uploads\\\/2024\\\/11\\\/imagen-1-113145-d250d55b-34100-NORMAL.jpg\",\"width\":480,\"height\":600},{\"@type\":\"BreadcrumbList\",\"@id\":\"https:\\\/\\\/revolutionpadelstore.com\\\/pt-pt\\\/produto\\\/mochila-nox-luxury-master-series-5\\\/#breadcrumb\",\"itemListElement\":[{\"@type\":\"ListItem\",\"position\":1,\"name\":\"Portada\",\"item\":\"https:\\\/\\\/revolutionpadelstore.com\\\/pt-pt\\\/\"},{\"@type\":\"ListItem\",\"position\":2,\"name\":\"Tienda\",\"item\":\"https:\\\/\\\/revolutionpadelstore.com\\\/pt-pt\\\/tienda\\\/\"},{\"@type\":\"ListItem\",\"position\":3,\"name\":\"MOCHILA NOX LUXURY MASTER SERIES\"}]},{\"@type\":\"WebSite\",\"@id\":\"https:\\\/\\\/revolutionpadelstore.com\\\/pt-pt\\\/#website\",\"url\":\"https:\\\/\\\/revolutionpadelstore.com\\\/pt-pt\\\/\",\"name\":\"Revolution Padel Store\",\"description\":\"\",\"publisher\":{\"@id\":\"https:\\\/\\\/revolutionpadelstore.com\\\/pt-pt\\\/#organization\"},\"potentialAction\":[{\"@type\":\"SearchAction\",\"target\":{\"@type\":\"EntryPoint\",\"urlTemplate\":\"https:\\\/\\\/revolutionpadelstore.com\\\/pt-pt\\\/?s={search_term_string}\"},\"query-input\":{\"@type\":\"PropertyValueSpecification\",\"valueRequired\":true,\"valueName\":\"search_term_string\"}}],\"inLanguage\":\"pt-PT\"},{\"@type\":\"Organization\",\"@id\":\"https:\\\/\\\/revolutionpadelstore.com\\\/pt-pt\\\/#organization\",\"name\":\"Revolution Padel Store\",\"url\":\"https:\\\/\\\/revolutionpadelstore.com\\\/pt-pt\\\/\",\"logo\":{\"@type\":\"ImageObject\",\"inLanguage\":\"pt-PT\",\"@id\":\"https:\\\/\\\/revolutionpadelstore.com\\\/pt-pt\\\/#\\\/schema\\\/logo\\\/image\\\/\",\"url\":\"https:\\\/\\\/revolutionpadelstore.com\\\/wp-content\\\/uploads\\\/2026\\\/02\\\/revolution-padel-store.jpg\",\"contentUrl\":\"https:\\\/\\\/revolutionpadelstore.com\\\/wp-content\\\/uploads\\\/2026\\\/02\\\/revolution-padel-store.jpg\",\"width\":2000,\"height\":2000,\"caption\":\"Revolution Padel Store\"},\"image\":{\"@id\":\"https:\\\/\\\/revolutionpadelstore.com\\\/pt-pt\\\/#\\\/schema\\\/logo\\\/image\\\/\"},\"sameAs\":[\"https:\\\/\\\/www.instagram.com\\\/revolutionpadelstore\\\/\"]}]}<\/script>\n<!-- \/ Yoast SEO plugin. -->","yoast_head_json":{"title":"MOCHILA NOX LUXURY MASTER SERIES - Revolution Padel Store","description":"Descubre la\u00a0Mochila Nox Luxury Master Series, la mejor opci\u00f3n para los jugadores de p\u00e1del que buscan una combinaci\u00f3n perfecta de estilo y funcionalidad. Fabricada con materiales t\u00e9cnicos de\u00a0alta calidad y textiles avanzados, esta mochila ofrece una durabilidad excepcional y una comodidad incomparable. Con su dise\u00f1o en elegante\u00a0color negro y blanco, es ideal tanto para el d\u00eda a d\u00eda como para tus entrenamientos.","robots":{"index":"index","follow":"follow","max-snippet":"max-snippet:-1","max-image-preview":"max-image-preview:large","max-video-preview":"max-video-preview:-1"},"canonical":"https:\/\/revolutionpadelstore.com\/pt-pt\/produto\/mochila-nox-luxury-master-series-5\/","og_locale":"pt_PT","og_type":"article","og_title":"MOCHILA NOX LUXURY MASTER SERIES - Revolution Padel Store","og_description":"Descubre la\u00a0Mochila Nox Luxury Master Series, la mejor opci\u00f3n para los jugadores de p\u00e1del que buscan una combinaci\u00f3n perfecta de estilo y funcionalidad. Fabricada con materiales t\u00e9cnicos de\u00a0alta calidad y textiles avanzados, esta mochila ofrece una durabilidad excepcional y una comodidad incomparable. Con su dise\u00f1o en elegante\u00a0color negro y blanco, es ideal tanto para el d\u00eda a d\u00eda como para tus entrenamientos.","og_url":"https:\/\/revolutionpadelstore.com\/pt-pt\/produto\/mochila-nox-luxury-master-series-5\/","og_site_name":"Revolution Padel Store","article_modified_time":"2026-04-08T08:18:15+00:00","og_image":[{"width":480,"height":600,"url":"https:\/\/revolutionpadelstore.com\/wp-content\/uploads\/2024\/11\/imagen-1-113145-d250d55b-34100-NORMAL.jpg","type":"image\/jpeg"}],"twitter_card":"summary_large_image","twitter_misc":{"Tempo estimado de leitura":"1 minuto"},"schema":{"@context":"https:\/\/schema.org","@graph":[{"@type":"WebPage","@id":"https:\/\/revolutionpadelstore.com\/pt-pt\/produto\/mochila-nox-luxury-master-series-5\/","url":"https:\/\/revolutionpadelstore.com\/pt-pt\/produto\/mochila-nox-luxury-master-series-5\/","name":"MOCHILA NOX LUXURY MASTER SERIES - Revolution Padel Store","isPartOf":{"@id":"https:\/\/revolutionpadelstore.com\/pt-pt\/#website"},"primaryImageOfPage":{"@id":"https:\/\/revolutionpadelstore.com\/pt-pt\/produto\/mochila-nox-luxury-master-series-5\/#primaryimage"},"image":{"@id":"https:\/\/revolutionpadelstore.com\/pt-pt\/produto\/mochila-nox-luxury-master-series-5\/#primaryimage"},"thumbnailUrl":"https:\/\/revolutionpadelstore.com\/wp-content\/uploads\/2024\/11\/imagen-1-113145-d250d55b-34100-NORMAL.jpg","datePublished":"2024-11-19T18:39:46+00:00","dateModified":"2026-04-08T08:18:15+00:00","description":"Descubre la\u00a0Mochila Nox Luxury Master Series, la mejor opci\u00f3n para los jugadores de p\u00e1del que buscan una combinaci\u00f3n perfecta de estilo y funcionalidad. Fabricada con materiales t\u00e9cnicos de\u00a0alta calidad y textiles avanzados, esta mochila ofrece una durabilidad excepcional y una comodidad incomparable. Con su dise\u00f1o en elegante\u00a0color negro y blanco, es ideal tanto para el d\u00eda a d\u00eda como para tus entrenamientos.","breadcrumb":{"@id":"https:\/\/revolutionpadelstore.com\/pt-pt\/produto\/mochila-nox-luxury-master-series-5\/#breadcrumb"},"inLanguage":"pt-PT","potentialAction":[{"@type":"ReadAction","target":["https:\/\/revolutionpadelstore.com\/pt-pt\/produto\/mochila-nox-luxury-master-series-5\/"]}]},{"@type":"ImageObject","inLanguage":"pt-PT","@id":"https:\/\/revolutionpadelstore.com\/pt-pt\/produto\/mochila-nox-luxury-master-series-5\/#primaryimage","url":"https:\/\/revolutionpadelstore.com\/wp-content\/uploads\/2024\/11\/imagen-1-113145-d250d55b-34100-NORMAL.jpg","contentUrl":"https:\/\/revolutionpadelstore.com\/wp-content\/uploads\/2024\/11\/imagen-1-113145-d250d55b-34100-NORMAL.jpg","width":480,"height":600},{"@type":"BreadcrumbList","@id":"https:\/\/revolutionpadelstore.com\/pt-pt\/produto\/mochila-nox-luxury-master-series-5\/#breadcrumb","itemListElement":[{"@type":"ListItem","position":1,"name":"Portada","item":"https:\/\/revolutionpadelstore.com\/pt-pt\/"},{"@type":"ListItem","position":2,"name":"Tienda","item":"https:\/\/revolutionpadelstore.com\/pt-pt\/tienda\/"},{"@type":"ListItem","position":3,"name":"MOCHILA NOX LUXURY MASTER SERIES"}]},{"@type":"WebSite","@id":"https:\/\/revolutionpadelstore.com\/pt-pt\/#website","url":"https:\/\/revolutionpadelstore.com\/pt-pt\/","name":"Revolution Padel Store","description":"","publisher":{"@id":"https:\/\/revolutionpadelstore.com\/pt-pt\/#organization"},"potentialAction":[{"@type":"SearchAction","target":{"@type":"EntryPoint","urlTemplate":"https:\/\/revolutionpadelstore.com\/pt-pt\/?s={search_term_string}"},"query-input":{"@type":"PropertyValueSpecification","valueRequired":true,"valueName":"search_term_string"}}],"inLanguage":"pt-PT"},{"@type":"Organization","@id":"https:\/\/revolutionpadelstore.com\/pt-pt\/#organization","name":"Revolution Padel Store","url":"https:\/\/revolutionpadelstore.com\/pt-pt\/","logo":{"@type":"ImageObject","inLanguage":"pt-PT","@id":"https:\/\/revolutionpadelstore.com\/pt-pt\/#\/schema\/logo\/image\/","url":"https:\/\/revolutionpadelstore.com\/wp-content\/uploads\/2026\/02\/revolution-padel-store.jpg","contentUrl":"https:\/\/revolutionpadelstore.com\/wp-content\/uploads\/2026\/02\/revolution-padel-store.jpg","width":2000,"height":2000,"caption":"Revolution Padel Store"},"image":{"@id":"https:\/\/revolutionpadelstore.com\/pt-pt\/#\/schema\/logo\/image\/"},"sameAs":["https:\/\/www.instagram.com\/revolutionpadelstore\/"]}]}},"_links":{"self":[{"href":"https:\/\/revolutionpadelstore.com\/pt-pt\/wp-json\/wp\/v2\/product\/128976","targetHints":{"allow":["GET"]}}],"collection":[{"href":"https:\/\/revolutionpadelstore.com\/pt-pt\/wp-json\/wp\/v2\/product"}],"about":[{"href":"https:\/\/revolutionpadelstore.com\/pt-pt\/wp-json\/wp\/v2\/types\/product"}],"replies":[{"embeddable":true,"href":"https:\/\/revolutionpadelstore.com\/pt-pt\/wp-json\/wp\/v2\/comments?post=128976"}],"wp:featuredmedia":[{"embeddable":true,"href":"https:\/\/revolutionpadelstore.com\/pt-pt\/wp-json\/wp\/v2\/media\/115929"}],"wp:attachment":[{"href":"https:\/\/revolutionpadelstore.com\/pt-pt\/wp-json\/wp\/v2\/media?parent=128976"}],"wp:term":[{"taxonomy":"acabado","embeddable":true,"href":"https:\/\/revolutionpadelstore.com\/pt-pt\/wp-json\/wp\/v2\/acabado?post=128976"},{"taxonomy":"balance","embeddable":true,"href":"https:\/\/revolutionpadelstore.com\/pt-pt\/wp-json\/wp\/v2\/balance?post=128976"},{"taxonomy":"dureza","embeddable":true,"href":"https:\/\/revolutionpadelstore.com\/pt-pt\/wp-json\/wp\/v2\/dureza?post=128976"},{"taxonomy":"forma","embeddable":true,"href":"https:\/\/revolutionpadelstore.com\/pt-pt\/wp-json\/wp\/v2\/forma?post=128976"},{"taxonomy":"jugador","embeddable":true,"href":"https:\/\/revolutionpadelstore.com\/pt-pt\/wp-json\/wp\/v2\/jugador?post=128976"},{"taxonomy":"marca","embeddable":true,"href":"https:\/\/revolutionpadelstore.com\/pt-pt\/wp-json\/wp\/v2\/marca?post=128976"},{"taxonomy":"nivel-de-juego","embeddable":true,"href":"https:\/\/revolutionpadelstore.com\/pt-pt\/wp-json\/wp\/v2\/nivel-de-juego?post=128976"},{"taxonomy":"superficie","embeddable":true,"href":"https:\/\/revolutionpadelstore.com\/pt-pt\/wp-json\/wp\/v2\/superficie?post=128976"},{"taxonomy":"tipo-de-juego","embeddable":true,"href":"https:\/\/revolutionpadelstore.com\/pt-pt\/wp-json\/wp\/v2\/tipo-de-juego?post=128976"},{"taxonomy":"product_brand","embeddable":true,"href":"https:\/\/revolutionpadelstore.com\/pt-pt\/wp-json\/wp\/v2\/product_brand?post=128976"},{"taxonomy":"product_cat","embeddable":true,"href":"https:\/\/revolutionpadelstore.com\/pt-pt\/wp-json\/wp\/v2\/product_cat?post=128976"},{"taxonomy":"product_tag","embeddable":true,"href":"https:\/\/revolutionpadelstore.com\/pt-pt\/wp-json\/wp\/v2\/product_tag?post=128976"}],"curies":[{"name":"wp","href":"https:\/\/api.w.org\/{rel}","templated":true}]}}