{"id":128971,"date":"2024-11-21T08:29:41","date_gmt":"2024-11-21T07:29:41","guid":{"rendered":"https:\/\/revolutionpadelstore.com\/paletero-nox-at10-xxl-negro-rojo\/"},"modified":"2026-04-08T10:14:54","modified_gmt":"2026-04-08T08:14:54","slug":"paletero-nox-at10-xxl-negro-rojo-5","status":"publish","type":"product","link":"https:\/\/revolutionpadelstore.com\/pt-pt\/produto\/paletero-nox-at10-xxl-negro-rojo-5\/","title":{"rendered":"PALETERO NOX AT10 XXL NEGRO ROJO"},"content":{"rendered":"<p><H2> paletero nox at10 xxl, design poderoso <\/h2>\n<p>Com o novo <strong> at10 xxl paletero do NOX <\/strong>, voc\u00ea se destacar\u00e1 no caminho para a pista, gra\u00e7as ao seu poderoso design e excelente capacidade de armazenamento, o que permitir\u00e1 que voc\u00ea carregue tudo o que precisa para ter sucesso no campo. Este modelo foi projetado especificamente para o jogador <strong> Agust\u00edn Tapia <\/strong> em preto com detalhes vermelhos.<\/p>\n<p>Com medidas de <strong> 70x30x45 cm <\/strong> e uma capacidade <strong> de 90 litros <\/strong>, voc\u00ea pode levar toda a sua equipe confortavelmente e organizada para cada jogo ou treinamento em remar. Possui um <strong> principal al\u00e7a ergon\u00f4mica <\/strong> e uma base r\u00edgida, por isso garante transporte seguro e confort\u00e1vel. Permite a possibilidade de remover as al\u00e7as para uma forma alternativa de transporte.<br \/>\n<H2> dimens\u00f5es grandes <\/h2>\n<p>Por outro lado, esse paletero <strong> NOx para homens <\/strong> incorpora um amplo compartimento principal com uma abertura lateral que facilita o acesso r\u00e1pido e f\u00e1cil ao interior. Ele tem capacidade para levar para <strong> 5 l\u00e2minas de p\u00e1 <\/strong> e outros elementos, como roupas ou acess\u00f3rios de remo.<\/p>\n<p>Al\u00e9m disso, inclui um <strong> compartimento t\u00e9rmico <\/strong> com a garrafa de \u00e1gua da tecnologia Thermotech <em> NOx ou um barco de quatro esferas. Do lado, encontramos alguns bolsos para objetos pessoais e um compartimento lateral com sistema de ventila\u00e7\u00e3o e um saco de roupas sujas<\/p>\n<h2>Paletero Nox AT10 XXL, dise\u00f1o potente<\/h2>\n","protected":false},"excerpt":{"rendered":"<p>Paletero NOX AT10 XXL em preto e vermelho para homens, com capacidade para 5 l\u00e2minas em seu compartimento principal e por 3 l\u00e2minas em seu compartimento t\u00e9rmico com NOx thermotch.<\/p>\n","protected":false},"featured_media":124703,"comment_status":"open","ping_status":"closed","template":"","meta":{"_acf_changed":false,"_joinchat":[]},"acabado":[],"balance":[],"dureza":[],"forma":[],"jugador":[],"marca":[1260],"nivel-de-juego":[],"superficie":[],"tipo-de-juego":[],"product_brand":[],"product_cat":[316],"product_tag":[],"class_list":{"0":"post-128971","1":"product","2":"type-product","3":"status-publish","4":"has-post-thumbnail","6":"marca-nox-pt-pt","7":"product_cat-bolsas-pt-pt","9":"first","10":"outofstock","11":"sale","12":"taxable","13":"shipping-taxable","14":"purchasable","15":"product-type-simple"},"acf":[],"yoast_head":"<!-- This site is optimized with the Yoast SEO plugin v27.4 - https:\/\/yoast.com\/product\/yoast-seo-wordpress\/ -->\n<title>PALETERO NOX AT10 XXL NEGRO ROJO - Revolution Padel Store<\/title>\n<meta name=\"description\" content=\"Con el nuevo paletero AT10 XXL de Nox destacar\u00e1s en tu camino a la pista gracias a su dise\u00f1o potente y gran capacidad de almacenaje, que te permitir\u00e1 llevar todo lo necesario para triunfar en el terreno de juego. Este modelo ha sido espec\u00edficamente dise\u00f1ado para el jugador Agust\u00edn Tapia en color negro con detalles en rojo.\" \/>\n<meta name=\"robots\" content=\"index, follow, max-snippet:-1, max-image-preview:large, max-video-preview:-1\" \/>\n<link rel=\"canonical\" href=\"https:\/\/revolutionpadelstore.com\/pt-pt\/produto\/paletero-nox-at10-xxl-negro-rojo-5\/\" \/>\n<meta property=\"og:locale\" content=\"pt_PT\" \/>\n<meta property=\"og:type\" content=\"article\" \/>\n<meta property=\"og:title\" content=\"PALETERO NOX AT10 XXL NEGRO ROJO - Revolution Padel Store\" \/>\n<meta property=\"og:description\" content=\"Con el nuevo paletero AT10 XXL de Nox destacar\u00e1s en tu camino a la pista gracias a su dise\u00f1o potente y gran capacidad de almacenaje, que te permitir\u00e1 llevar todo lo necesario para triunfar en el terreno de juego. Este modelo ha sido espec\u00edficamente dise\u00f1ado para el jugador Agust\u00edn Tapia en color negro con detalles en rojo.\" \/>\n<meta property=\"og:url\" content=\"https:\/\/revolutionpadelstore.com\/pt-pt\/produto\/paletero-nox-at10-xxl-negro-rojo-5\/\" \/>\n<meta property=\"og:site_name\" content=\"Revolution Padel Store\" \/>\n<meta property=\"article:modified_time\" content=\"2026-04-08T08:14:54+00:00\" \/>\n<meta property=\"og:image\" content=\"https:\/\/revolutionpadelstore.com\/wp-content\/uploads\/2024\/11\/113156_paletero_nox_at10_xxl_bpat10xxl24_1500x1500_1_4665.webp\" \/>\n\t<meta property=\"og:image:width\" content=\"1500\" \/>\n\t<meta property=\"og:image:height\" content=\"1500\" \/>\n\t<meta property=\"og:image:type\" content=\"image\/webp\" \/>\n<meta name=\"twitter:card\" content=\"summary_large_image\" \/>\n<meta name=\"twitter:label1\" content=\"Tempo estimado de leitura\" \/>\n\t<meta name=\"twitter:data1\" content=\"1 minuto\" \/>\n<script type=\"application\/ld+json\" class=\"yoast-schema-graph\">{\"@context\":\"https:\\\/\\\/schema.org\",\"@graph\":[{\"@type\":\"WebPage\",\"@id\":\"https:\\\/\\\/revolutionpadelstore.com\\\/pt-pt\\\/produto\\\/paletero-nox-at10-xxl-negro-rojo-5\\\/\",\"url\":\"https:\\\/\\\/revolutionpadelstore.com\\\/pt-pt\\\/produto\\\/paletero-nox-at10-xxl-negro-rojo-5\\\/\",\"name\":\"PALETERO NOX AT10 XXL NEGRO ROJO - Revolution Padel Store\",\"isPartOf\":{\"@id\":\"https:\\\/\\\/revolutionpadelstore.com\\\/pt-pt\\\/#website\"},\"primaryImageOfPage\":{\"@id\":\"https:\\\/\\\/revolutionpadelstore.com\\\/pt-pt\\\/produto\\\/paletero-nox-at10-xxl-negro-rojo-5\\\/#primaryimage\"},\"image\":{\"@id\":\"https:\\\/\\\/revolutionpadelstore.com\\\/pt-pt\\\/produto\\\/paletero-nox-at10-xxl-negro-rojo-5\\\/#primaryimage\"},\"thumbnailUrl\":\"https:\\\/\\\/revolutionpadelstore.com\\\/wp-content\\\/uploads\\\/2024\\\/11\\\/113156_paletero_nox_at10_xxl_bpat10xxl24_1500x1500_1_4665.webp\",\"datePublished\":\"2024-11-21T07:29:41+00:00\",\"dateModified\":\"2026-04-08T08:14:54+00:00\",\"description\":\"Con el nuevo paletero AT10 XXL de Nox destacar\u00e1s en tu camino a la pista gracias a su dise\u00f1o potente y gran capacidad de almacenaje, que te permitir\u00e1 llevar todo lo necesario para triunfar en el terreno de juego. Este modelo ha sido espec\u00edficamente dise\u00f1ado para el jugador Agust\u00edn Tapia en color negro con detalles en rojo.\",\"breadcrumb\":{\"@id\":\"https:\\\/\\\/revolutionpadelstore.com\\\/pt-pt\\\/produto\\\/paletero-nox-at10-xxl-negro-rojo-5\\\/#breadcrumb\"},\"inLanguage\":\"pt-PT\",\"potentialAction\":[{\"@type\":\"ReadAction\",\"target\":[\"https:\\\/\\\/revolutionpadelstore.com\\\/pt-pt\\\/produto\\\/paletero-nox-at10-xxl-negro-rojo-5\\\/\"]}]},{\"@type\":\"ImageObject\",\"inLanguage\":\"pt-PT\",\"@id\":\"https:\\\/\\\/revolutionpadelstore.com\\\/pt-pt\\\/produto\\\/paletero-nox-at10-xxl-negro-rojo-5\\\/#primaryimage\",\"url\":\"https:\\\/\\\/revolutionpadelstore.com\\\/wp-content\\\/uploads\\\/2024\\\/11\\\/113156_paletero_nox_at10_xxl_bpat10xxl24_1500x1500_1_4665.webp\",\"contentUrl\":\"https:\\\/\\\/revolutionpadelstore.com\\\/wp-content\\\/uploads\\\/2024\\\/11\\\/113156_paletero_nox_at10_xxl_bpat10xxl24_1500x1500_1_4665.webp\",\"width\":1500,\"height\":1500},{\"@type\":\"BreadcrumbList\",\"@id\":\"https:\\\/\\\/revolutionpadelstore.com\\\/pt-pt\\\/produto\\\/paletero-nox-at10-xxl-negro-rojo-5\\\/#breadcrumb\",\"itemListElement\":[{\"@type\":\"ListItem\",\"position\":1,\"name\":\"Portada\",\"item\":\"https:\\\/\\\/revolutionpadelstore.com\\\/pt-pt\\\/\"},{\"@type\":\"ListItem\",\"position\":2,\"name\":\"Tienda\",\"item\":\"https:\\\/\\\/revolutionpadelstore.com\\\/pt-pt\\\/tienda\\\/\"},{\"@type\":\"ListItem\",\"position\":3,\"name\":\"PALETERO NOX AT10 XXL NEGRO ROJO\"}]},{\"@type\":\"WebSite\",\"@id\":\"https:\\\/\\\/revolutionpadelstore.com\\\/pt-pt\\\/#website\",\"url\":\"https:\\\/\\\/revolutionpadelstore.com\\\/pt-pt\\\/\",\"name\":\"Revolution Padel Store\",\"description\":\"\",\"publisher\":{\"@id\":\"https:\\\/\\\/revolutionpadelstore.com\\\/pt-pt\\\/#organization\"},\"potentialAction\":[{\"@type\":\"SearchAction\",\"target\":{\"@type\":\"EntryPoint\",\"urlTemplate\":\"https:\\\/\\\/revolutionpadelstore.com\\\/pt-pt\\\/?s={search_term_string}\"},\"query-input\":{\"@type\":\"PropertyValueSpecification\",\"valueRequired\":true,\"valueName\":\"search_term_string\"}}],\"inLanguage\":\"pt-PT\"},{\"@type\":\"Organization\",\"@id\":\"https:\\\/\\\/revolutionpadelstore.com\\\/pt-pt\\\/#organization\",\"name\":\"Revolution Padel Store\",\"url\":\"https:\\\/\\\/revolutionpadelstore.com\\\/pt-pt\\\/\",\"logo\":{\"@type\":\"ImageObject\",\"inLanguage\":\"pt-PT\",\"@id\":\"https:\\\/\\\/revolutionpadelstore.com\\\/pt-pt\\\/#\\\/schema\\\/logo\\\/image\\\/\",\"url\":\"https:\\\/\\\/revolutionpadelstore.com\\\/wp-content\\\/uploads\\\/2026\\\/02\\\/revolution-padel-store.jpg\",\"contentUrl\":\"https:\\\/\\\/revolutionpadelstore.com\\\/wp-content\\\/uploads\\\/2026\\\/02\\\/revolution-padel-store.jpg\",\"width\":2000,\"height\":2000,\"caption\":\"Revolution Padel Store\"},\"image\":{\"@id\":\"https:\\\/\\\/revolutionpadelstore.com\\\/pt-pt\\\/#\\\/schema\\\/logo\\\/image\\\/\"},\"sameAs\":[\"https:\\\/\\\/www.instagram.com\\\/revolutionpadelstore\\\/\"]}]}<\/script>\n<!-- \/ Yoast SEO plugin. -->","yoast_head_json":{"title":"PALETERO NOX AT10 XXL NEGRO ROJO - Revolution Padel Store","description":"Con el nuevo paletero AT10 XXL de Nox destacar\u00e1s en tu camino a la pista gracias a su dise\u00f1o potente y gran capacidad de almacenaje, que te permitir\u00e1 llevar todo lo necesario para triunfar en el terreno de juego. Este modelo ha sido espec\u00edficamente dise\u00f1ado para el jugador Agust\u00edn Tapia en color negro con detalles en rojo.","robots":{"index":"index","follow":"follow","max-snippet":"max-snippet:-1","max-image-preview":"max-image-preview:large","max-video-preview":"max-video-preview:-1"},"canonical":"https:\/\/revolutionpadelstore.com\/pt-pt\/produto\/paletero-nox-at10-xxl-negro-rojo-5\/","og_locale":"pt_PT","og_type":"article","og_title":"PALETERO NOX AT10 XXL NEGRO ROJO - Revolution Padel Store","og_description":"Con el nuevo paletero AT10 XXL de Nox destacar\u00e1s en tu camino a la pista gracias a su dise\u00f1o potente y gran capacidad de almacenaje, que te permitir\u00e1 llevar todo lo necesario para triunfar en el terreno de juego. Este modelo ha sido espec\u00edficamente dise\u00f1ado para el jugador Agust\u00edn Tapia en color negro con detalles en rojo.","og_url":"https:\/\/revolutionpadelstore.com\/pt-pt\/produto\/paletero-nox-at10-xxl-negro-rojo-5\/","og_site_name":"Revolution Padel Store","article_modified_time":"2026-04-08T08:14:54+00:00","og_image":[{"width":1500,"height":1500,"url":"https:\/\/revolutionpadelstore.com\/wp-content\/uploads\/2024\/11\/113156_paletero_nox_at10_xxl_bpat10xxl24_1500x1500_1_4665.webp","type":"image\/webp"}],"twitter_card":"summary_large_image","twitter_misc":{"Tempo estimado de leitura":"1 minuto"},"schema":{"@context":"https:\/\/schema.org","@graph":[{"@type":"WebPage","@id":"https:\/\/revolutionpadelstore.com\/pt-pt\/produto\/paletero-nox-at10-xxl-negro-rojo-5\/","url":"https:\/\/revolutionpadelstore.com\/pt-pt\/produto\/paletero-nox-at10-xxl-negro-rojo-5\/","name":"PALETERO NOX AT10 XXL NEGRO ROJO - Revolution Padel Store","isPartOf":{"@id":"https:\/\/revolutionpadelstore.com\/pt-pt\/#website"},"primaryImageOfPage":{"@id":"https:\/\/revolutionpadelstore.com\/pt-pt\/produto\/paletero-nox-at10-xxl-negro-rojo-5\/#primaryimage"},"image":{"@id":"https:\/\/revolutionpadelstore.com\/pt-pt\/produto\/paletero-nox-at10-xxl-negro-rojo-5\/#primaryimage"},"thumbnailUrl":"https:\/\/revolutionpadelstore.com\/wp-content\/uploads\/2024\/11\/113156_paletero_nox_at10_xxl_bpat10xxl24_1500x1500_1_4665.webp","datePublished":"2024-11-21T07:29:41+00:00","dateModified":"2026-04-08T08:14:54+00:00","description":"Con el nuevo paletero AT10 XXL de Nox destacar\u00e1s en tu camino a la pista gracias a su dise\u00f1o potente y gran capacidad de almacenaje, que te permitir\u00e1 llevar todo lo necesario para triunfar en el terreno de juego. Este modelo ha sido espec\u00edficamente dise\u00f1ado para el jugador Agust\u00edn Tapia en color negro con detalles en rojo.","breadcrumb":{"@id":"https:\/\/revolutionpadelstore.com\/pt-pt\/produto\/paletero-nox-at10-xxl-negro-rojo-5\/#breadcrumb"},"inLanguage":"pt-PT","potentialAction":[{"@type":"ReadAction","target":["https:\/\/revolutionpadelstore.com\/pt-pt\/produto\/paletero-nox-at10-xxl-negro-rojo-5\/"]}]},{"@type":"ImageObject","inLanguage":"pt-PT","@id":"https:\/\/revolutionpadelstore.com\/pt-pt\/produto\/paletero-nox-at10-xxl-negro-rojo-5\/#primaryimage","url":"https:\/\/revolutionpadelstore.com\/wp-content\/uploads\/2024\/11\/113156_paletero_nox_at10_xxl_bpat10xxl24_1500x1500_1_4665.webp","contentUrl":"https:\/\/revolutionpadelstore.com\/wp-content\/uploads\/2024\/11\/113156_paletero_nox_at10_xxl_bpat10xxl24_1500x1500_1_4665.webp","width":1500,"height":1500},{"@type":"BreadcrumbList","@id":"https:\/\/revolutionpadelstore.com\/pt-pt\/produto\/paletero-nox-at10-xxl-negro-rojo-5\/#breadcrumb","itemListElement":[{"@type":"ListItem","position":1,"name":"Portada","item":"https:\/\/revolutionpadelstore.com\/pt-pt\/"},{"@type":"ListItem","position":2,"name":"Tienda","item":"https:\/\/revolutionpadelstore.com\/pt-pt\/tienda\/"},{"@type":"ListItem","position":3,"name":"PALETERO NOX AT10 XXL NEGRO ROJO"}]},{"@type":"WebSite","@id":"https:\/\/revolutionpadelstore.com\/pt-pt\/#website","url":"https:\/\/revolutionpadelstore.com\/pt-pt\/","name":"Revolution Padel Store","description":"","publisher":{"@id":"https:\/\/revolutionpadelstore.com\/pt-pt\/#organization"},"potentialAction":[{"@type":"SearchAction","target":{"@type":"EntryPoint","urlTemplate":"https:\/\/revolutionpadelstore.com\/pt-pt\/?s={search_term_string}"},"query-input":{"@type":"PropertyValueSpecification","valueRequired":true,"valueName":"search_term_string"}}],"inLanguage":"pt-PT"},{"@type":"Organization","@id":"https:\/\/revolutionpadelstore.com\/pt-pt\/#organization","name":"Revolution Padel Store","url":"https:\/\/revolutionpadelstore.com\/pt-pt\/","logo":{"@type":"ImageObject","inLanguage":"pt-PT","@id":"https:\/\/revolutionpadelstore.com\/pt-pt\/#\/schema\/logo\/image\/","url":"https:\/\/revolutionpadelstore.com\/wp-content\/uploads\/2026\/02\/revolution-padel-store.jpg","contentUrl":"https:\/\/revolutionpadelstore.com\/wp-content\/uploads\/2026\/02\/revolution-padel-store.jpg","width":2000,"height":2000,"caption":"Revolution Padel Store"},"image":{"@id":"https:\/\/revolutionpadelstore.com\/pt-pt\/#\/schema\/logo\/image\/"},"sameAs":["https:\/\/www.instagram.com\/revolutionpadelstore\/"]}]}},"_links":{"self":[{"href":"https:\/\/revolutionpadelstore.com\/pt-pt\/wp-json\/wp\/v2\/product\/128971","targetHints":{"allow":["GET"]}}],"collection":[{"href":"https:\/\/revolutionpadelstore.com\/pt-pt\/wp-json\/wp\/v2\/product"}],"about":[{"href":"https:\/\/revolutionpadelstore.com\/pt-pt\/wp-json\/wp\/v2\/types\/product"}],"replies":[{"embeddable":true,"href":"https:\/\/revolutionpadelstore.com\/pt-pt\/wp-json\/wp\/v2\/comments?post=128971"}],"wp:featuredmedia":[{"embeddable":true,"href":"https:\/\/revolutionpadelstore.com\/pt-pt\/wp-json\/wp\/v2\/media\/124703"}],"wp:attachment":[{"href":"https:\/\/revolutionpadelstore.com\/pt-pt\/wp-json\/wp\/v2\/media?parent=128971"}],"wp:term":[{"taxonomy":"acabado","embeddable":true,"href":"https:\/\/revolutionpadelstore.com\/pt-pt\/wp-json\/wp\/v2\/acabado?post=128971"},{"taxonomy":"balance","embeddable":true,"href":"https:\/\/revolutionpadelstore.com\/pt-pt\/wp-json\/wp\/v2\/balance?post=128971"},{"taxonomy":"dureza","embeddable":true,"href":"https:\/\/revolutionpadelstore.com\/pt-pt\/wp-json\/wp\/v2\/dureza?post=128971"},{"taxonomy":"forma","embeddable":true,"href":"https:\/\/revolutionpadelstore.com\/pt-pt\/wp-json\/wp\/v2\/forma?post=128971"},{"taxonomy":"jugador","embeddable":true,"href":"https:\/\/revolutionpadelstore.com\/pt-pt\/wp-json\/wp\/v2\/jugador?post=128971"},{"taxonomy":"marca","embeddable":true,"href":"https:\/\/revolutionpadelstore.com\/pt-pt\/wp-json\/wp\/v2\/marca?post=128971"},{"taxonomy":"nivel-de-juego","embeddable":true,"href":"https:\/\/revolutionpadelstore.com\/pt-pt\/wp-json\/wp\/v2\/nivel-de-juego?post=128971"},{"taxonomy":"superficie","embeddable":true,"href":"https:\/\/revolutionpadelstore.com\/pt-pt\/wp-json\/wp\/v2\/superficie?post=128971"},{"taxonomy":"tipo-de-juego","embeddable":true,"href":"https:\/\/revolutionpadelstore.com\/pt-pt\/wp-json\/wp\/v2\/tipo-de-juego?post=128971"},{"taxonomy":"product_brand","embeddable":true,"href":"https:\/\/revolutionpadelstore.com\/pt-pt\/wp-json\/wp\/v2\/product_brand?post=128971"},{"taxonomy":"product_cat","embeddable":true,"href":"https:\/\/revolutionpadelstore.com\/pt-pt\/wp-json\/wp\/v2\/product_cat?post=128971"},{"taxonomy":"product_tag","embeddable":true,"href":"https:\/\/revolutionpadelstore.com\/pt-pt\/wp-json\/wp\/v2\/product_tag?post=128971"}],"curies":[{"name":"wp","href":"https:\/\/api.w.org\/{rel}","templated":true}]}}