{"id":128449,"date":"2024-11-25T01:30:23","date_gmt":"2024-11-25T00:30:23","guid":{"rendered":"https:\/\/revolutionpadelstore.com\/mochila-bullpadel-bpm25007-vertex-beige-2\/"},"modified":"2026-04-08T10:08:35","modified_gmt":"2026-04-08T08:08:35","slug":"mochila-bullpadel-bpm25007-vertex-beige-5","status":"publish","type":"product","link":"https:\/\/revolutionpadelstore.com\/pt-pt\/produto\/mochila-bullpadel-bpm25007-vertex-beige-5\/","title":{"rendered":"MOCHILA BULLPADEL BPM25007 VERTEX BEIGE"},"content":{"rendered":"<div class=\"Informa\u00e7\u00f5es do produto detalhado\">\n<div class=\"itens de dados do produto mago-tabs-Disabled\" role=\"Tablist\">\n<div id=\"Product.info.escription.tab\" class=\"Data Item Content\" Role=\"Tabanel\" Aria-Labelledby=\"Tab-Label-product.info.description.tab\" Data-Work=\"Content\">\n<div class=\"Descri\u00e7\u00e3o do atributo do produto\">\n<div class=\"value\">\n<H2> bullpadel backpack v\u00e9rtice bpm25007 bege <\/h2>\n<p>A mochila <strong> bullpadel v\u00e9rtice bege <\/strong> foi projetada para acompanh\u00e1 -lo em cada parte ou treinamento e fornecer conforto total e estilo moderno. Este modelo inclui um amplo compartimento principal, onde voc\u00ea pode salvar seu equipamento de remo e outros acess\u00f3rios essenciais. Al\u00e9m disso, seu compartimento <strong> Thermo refor\u00e7ado <\/strong> protege at\u00e9 duas l\u00e2minas de temperaturas extremas, garantindo o desempenho ideal.<\/p>\n<p>Para quem procura organiza\u00e7\u00e3o, esta mochila <strong> bullpadel <\/strong> oferece um espa\u00e7o ventilado para roupas e cal\u00e7ados, mantendo todo o seu equipamento limpo, arrumado e livre de maus cheiros. Al\u00e9m disso, possui um bolso acolchoado projetado para transportar port\u00e1teis, tablets ou outros elementos eletr\u00f4nicos, por isso \u00e9 ideal para aqueles que buscam desempenho ideal no dia a dia e no esporte.<br \/>\n<H3> transporte ergon\u00f4mico e confort\u00e1vel <\/h3>\n<p>As costas com design ergon\u00f4mico incluem pe\u00e7as de espuma que fornecem ventila\u00e7\u00e3o m\u00e1xima e conforto excepcional durante o transporte. Sua cinta ajust\u00e1vel <strong> <\/strong> no peito garante que a mochila permane\u00e7a est\u00e1vel durante o movimento, fornecendo um <strong> ajuste firme <\/strong> ao corpo.<\/p>\n<p>Ele tamb\u00e9m incorpora um bolso no lado projetado para usar um barco de bola ou uma garrafa de \u00e1gua, para que voc\u00ea sempre tenha o essencial. Com seu design t\u00e9cnico e pr\u00e1tico, o <strong> bullpadel <\/strong> <\/strong> touros uma combina\u00e7\u00e3o entre desempenho e organiza\u00e7\u00e3o no dia a dia.<\/p>\n<\/div>\n<\/div>\n<\/div>\n<\/div>\n<\/div>\n<div class=\"CN_CONTENT CN_CONTENT_TYPE_INLINE ID-3CAFE87B-C408-4A41-A07B-5CE73610C176\">\n<div class=\"CN_SECTION ID-3E602945-AD00-4FE4-8997-4A35B19FCE1D\">\n<div class=\"cn_block ID-ACB030BE-85B3-48EC-BE0B-1858AF56E3E3\">\n<div class=\"CN_CELL ID-D207F408-5E76-4C36-937D-1FAA7859DB7E\">\n<div class=\"CN_ELEMENT CN_HTML ID-AAF6066-CFE3-49A1-860A-053DE7FADB29\">\n<\/div>\n<\/div>\n<\/div>\n<\/div>\n","protected":false},"excerpt":{"rendered":"<p>Com a mochila bege bullpadel BPM 25007, voc\u00ea pode carregar tudo o que precisa com voc\u00ea, gra\u00e7as ao seu \u00f3timo armazenamento e capacidade de transporte simples e confort\u00e1vel.<\/p>\n","protected":false},"featured_media":124753,"comment_status":"open","ping_status":"closed","template":"","meta":{"_acf_changed":false,"_joinchat":[]},"acabado":[],"balance":[],"dureza":[],"forma":[],"jugador":[],"marca":[1255],"nivel-de-juego":[],"superficie":[],"tipo-de-juego":[],"product_brand":[],"product_cat":[316],"product_tag":[],"class_list":{"0":"post-128449","1":"product","2":"type-product","3":"status-publish","4":"has-post-thumbnail","6":"marca-bullpadel-pt-pt","7":"product_cat-bolsas-pt-pt","9":"first","10":"outofstock","11":"sale","12":"taxable","13":"shipping-taxable","14":"purchasable","15":"product-type-simple"},"acf":[],"yoast_head":"<!-- This site is optimized with the Yoast SEO plugin v27.4 - https:\/\/yoast.com\/product\/yoast-seo-wordpress\/ -->\n<title>MOCHILA BULLPADEL BPM25007 VERTEX BEIGE - Revolution Padel Store<\/title>\n<meta name=\"description\" content=\"La mochila Bullpadel Vertex Beige est\u00e1 pensada para acompa\u00f1arte en cada partido o entrenamiento y brindarte total comodidad y estilo moderno. Este modelo incluye un amplio compartimento principal donde puedes guardar tu equipo de p\u00e1del y otros accesorios esenciales. Adem\u00e1s, su compartimento thermo reforzado protege hasta dos palas de las temperaturas extremas, garantizando un \u00f3ptimo rendimiento.\" \/>\n<meta name=\"robots\" content=\"index, follow, max-snippet:-1, max-image-preview:large, max-video-preview:-1\" \/>\n<link rel=\"canonical\" href=\"https:\/\/revolutionpadelstore.com\/pt-pt\/produto\/mochila-bullpadel-bpm25007-vertex-beige-5\/\" \/>\n<meta property=\"og:locale\" content=\"pt_PT\" \/>\n<meta property=\"og:type\" content=\"article\" \/>\n<meta property=\"og:title\" content=\"MOCHILA BULLPADEL BPM25007 VERTEX BEIGE - Revolution Padel Store\" \/>\n<meta property=\"og:description\" content=\"La mochila Bullpadel Vertex Beige est\u00e1 pensada para acompa\u00f1arte en cada partido o entrenamiento y brindarte total comodidad y estilo moderno. Este modelo incluye un amplio compartimento principal donde puedes guardar tu equipo de p\u00e1del y otros accesorios esenciales. Adem\u00e1s, su compartimento thermo reforzado protege hasta dos palas de las temperaturas extremas, garantizando un \u00f3ptimo rendimiento.\" \/>\n<meta property=\"og:url\" content=\"https:\/\/revolutionpadelstore.com\/pt-pt\/produto\/mochila-bullpadel-bpm25007-vertex-beige-5\/\" \/>\n<meta property=\"og:site_name\" content=\"Revolution Padel Store\" \/>\n<meta property=\"article:modified_time\" content=\"2026-04-08T08:08:35+00:00\" \/>\n<meta property=\"og:image\" content=\"https:\/\/revolutionpadelstore.com\/wp-content\/uploads\/2024\/11\/113788-mochila-bullpadel-bpm25007-vertex-448166-1500x1500-1.webp\" \/>\n\t<meta property=\"og:image:width\" content=\"1500\" \/>\n\t<meta property=\"og:image:height\" content=\"1500\" \/>\n\t<meta property=\"og:image:type\" content=\"image\/webp\" \/>\n<meta name=\"twitter:card\" content=\"summary_large_image\" \/>\n<meta name=\"twitter:label1\" content=\"Tempo estimado de leitura\" \/>\n\t<meta name=\"twitter:data1\" content=\"2 minutos\" \/>\n<script type=\"application\/ld+json\" class=\"yoast-schema-graph\">{\"@context\":\"https:\\\/\\\/schema.org\",\"@graph\":[{\"@type\":\"WebPage\",\"@id\":\"https:\\\/\\\/revolutionpadelstore.com\\\/pt-pt\\\/produto\\\/mochila-bullpadel-bpm25007-vertex-beige-5\\\/\",\"url\":\"https:\\\/\\\/revolutionpadelstore.com\\\/pt-pt\\\/produto\\\/mochila-bullpadel-bpm25007-vertex-beige-5\\\/\",\"name\":\"MOCHILA BULLPADEL BPM25007 VERTEX BEIGE - Revolution Padel Store\",\"isPartOf\":{\"@id\":\"https:\\\/\\\/revolutionpadelstore.com\\\/pt-pt\\\/#website\"},\"primaryImageOfPage\":{\"@id\":\"https:\\\/\\\/revolutionpadelstore.com\\\/pt-pt\\\/produto\\\/mochila-bullpadel-bpm25007-vertex-beige-5\\\/#primaryimage\"},\"image\":{\"@id\":\"https:\\\/\\\/revolutionpadelstore.com\\\/pt-pt\\\/produto\\\/mochila-bullpadel-bpm25007-vertex-beige-5\\\/#primaryimage\"},\"thumbnailUrl\":\"https:\\\/\\\/revolutionpadelstore.com\\\/wp-content\\\/uploads\\\/2024\\\/11\\\/113788-mochila-bullpadel-bpm25007-vertex-448166-1500x1500-1.webp\",\"datePublished\":\"2024-11-25T00:30:23+00:00\",\"dateModified\":\"2026-04-08T08:08:35+00:00\",\"description\":\"La mochila Bullpadel Vertex Beige est\u00e1 pensada para acompa\u00f1arte en cada partido o entrenamiento y brindarte total comodidad y estilo moderno. Este modelo incluye un amplio compartimento principal donde puedes guardar tu equipo de p\u00e1del y otros accesorios esenciales. Adem\u00e1s, su compartimento thermo reforzado protege hasta dos palas de las temperaturas extremas, garantizando un \u00f3ptimo rendimiento.\",\"breadcrumb\":{\"@id\":\"https:\\\/\\\/revolutionpadelstore.com\\\/pt-pt\\\/produto\\\/mochila-bullpadel-bpm25007-vertex-beige-5\\\/#breadcrumb\"},\"inLanguage\":\"pt-PT\",\"potentialAction\":[{\"@type\":\"ReadAction\",\"target\":[\"https:\\\/\\\/revolutionpadelstore.com\\\/pt-pt\\\/produto\\\/mochila-bullpadel-bpm25007-vertex-beige-5\\\/\"]}]},{\"@type\":\"ImageObject\",\"inLanguage\":\"pt-PT\",\"@id\":\"https:\\\/\\\/revolutionpadelstore.com\\\/pt-pt\\\/produto\\\/mochila-bullpadel-bpm25007-vertex-beige-5\\\/#primaryimage\",\"url\":\"https:\\\/\\\/revolutionpadelstore.com\\\/wp-content\\\/uploads\\\/2024\\\/11\\\/113788-mochila-bullpadel-bpm25007-vertex-448166-1500x1500-1.webp\",\"contentUrl\":\"https:\\\/\\\/revolutionpadelstore.com\\\/wp-content\\\/uploads\\\/2024\\\/11\\\/113788-mochila-bullpadel-bpm25007-vertex-448166-1500x1500-1.webp\",\"width\":1500,\"height\":1500},{\"@type\":\"BreadcrumbList\",\"@id\":\"https:\\\/\\\/revolutionpadelstore.com\\\/pt-pt\\\/produto\\\/mochila-bullpadel-bpm25007-vertex-beige-5\\\/#breadcrumb\",\"itemListElement\":[{\"@type\":\"ListItem\",\"position\":1,\"name\":\"Portada\",\"item\":\"https:\\\/\\\/revolutionpadelstore.com\\\/pt-pt\\\/\"},{\"@type\":\"ListItem\",\"position\":2,\"name\":\"Tienda\",\"item\":\"https:\\\/\\\/revolutionpadelstore.com\\\/pt-pt\\\/tienda\\\/\"},{\"@type\":\"ListItem\",\"position\":3,\"name\":\"MOCHILA BULLPADEL BPM25007 VERTEX BEIGE\"}]},{\"@type\":\"WebSite\",\"@id\":\"https:\\\/\\\/revolutionpadelstore.com\\\/pt-pt\\\/#website\",\"url\":\"https:\\\/\\\/revolutionpadelstore.com\\\/pt-pt\\\/\",\"name\":\"Revolution Padel Store\",\"description\":\"\",\"publisher\":{\"@id\":\"https:\\\/\\\/revolutionpadelstore.com\\\/pt-pt\\\/#organization\"},\"potentialAction\":[{\"@type\":\"SearchAction\",\"target\":{\"@type\":\"EntryPoint\",\"urlTemplate\":\"https:\\\/\\\/revolutionpadelstore.com\\\/pt-pt\\\/?s={search_term_string}\"},\"query-input\":{\"@type\":\"PropertyValueSpecification\",\"valueRequired\":true,\"valueName\":\"search_term_string\"}}],\"inLanguage\":\"pt-PT\"},{\"@type\":\"Organization\",\"@id\":\"https:\\\/\\\/revolutionpadelstore.com\\\/pt-pt\\\/#organization\",\"name\":\"Revolution Padel Store\",\"url\":\"https:\\\/\\\/revolutionpadelstore.com\\\/pt-pt\\\/\",\"logo\":{\"@type\":\"ImageObject\",\"inLanguage\":\"pt-PT\",\"@id\":\"https:\\\/\\\/revolutionpadelstore.com\\\/pt-pt\\\/#\\\/schema\\\/logo\\\/image\\\/\",\"url\":\"https:\\\/\\\/revolutionpadelstore.com\\\/wp-content\\\/uploads\\\/2026\\\/02\\\/revolution-padel-store.jpg\",\"contentUrl\":\"https:\\\/\\\/revolutionpadelstore.com\\\/wp-content\\\/uploads\\\/2026\\\/02\\\/revolution-padel-store.jpg\",\"width\":2000,\"height\":2000,\"caption\":\"Revolution Padel Store\"},\"image\":{\"@id\":\"https:\\\/\\\/revolutionpadelstore.com\\\/pt-pt\\\/#\\\/schema\\\/logo\\\/image\\\/\"},\"sameAs\":[\"https:\\\/\\\/www.instagram.com\\\/revolutionpadelstore\\\/\"]}]}<\/script>\n<!-- \/ Yoast SEO plugin. -->","yoast_head_json":{"title":"MOCHILA BULLPADEL BPM25007 VERTEX BEIGE - Revolution Padel Store","description":"La mochila Bullpadel Vertex Beige est\u00e1 pensada para acompa\u00f1arte en cada partido o entrenamiento y brindarte total comodidad y estilo moderno. Este modelo incluye un amplio compartimento principal donde puedes guardar tu equipo de p\u00e1del y otros accesorios esenciales. Adem\u00e1s, su compartimento thermo reforzado protege hasta dos palas de las temperaturas extremas, garantizando un \u00f3ptimo rendimiento.","robots":{"index":"index","follow":"follow","max-snippet":"max-snippet:-1","max-image-preview":"max-image-preview:large","max-video-preview":"max-video-preview:-1"},"canonical":"https:\/\/revolutionpadelstore.com\/pt-pt\/produto\/mochila-bullpadel-bpm25007-vertex-beige-5\/","og_locale":"pt_PT","og_type":"article","og_title":"MOCHILA BULLPADEL BPM25007 VERTEX BEIGE - Revolution Padel Store","og_description":"La mochila Bullpadel Vertex Beige est\u00e1 pensada para acompa\u00f1arte en cada partido o entrenamiento y brindarte total comodidad y estilo moderno. Este modelo incluye un amplio compartimento principal donde puedes guardar tu equipo de p\u00e1del y otros accesorios esenciales. Adem\u00e1s, su compartimento thermo reforzado protege hasta dos palas de las temperaturas extremas, garantizando un \u00f3ptimo rendimiento.","og_url":"https:\/\/revolutionpadelstore.com\/pt-pt\/produto\/mochila-bullpadel-bpm25007-vertex-beige-5\/","og_site_name":"Revolution Padel Store","article_modified_time":"2026-04-08T08:08:35+00:00","og_image":[{"width":1500,"height":1500,"url":"https:\/\/revolutionpadelstore.com\/wp-content\/uploads\/2024\/11\/113788-mochila-bullpadel-bpm25007-vertex-448166-1500x1500-1.webp","type":"image\/webp"}],"twitter_card":"summary_large_image","twitter_misc":{"Tempo estimado de leitura":"2 minutos"},"schema":{"@context":"https:\/\/schema.org","@graph":[{"@type":"WebPage","@id":"https:\/\/revolutionpadelstore.com\/pt-pt\/produto\/mochila-bullpadel-bpm25007-vertex-beige-5\/","url":"https:\/\/revolutionpadelstore.com\/pt-pt\/produto\/mochila-bullpadel-bpm25007-vertex-beige-5\/","name":"MOCHILA BULLPADEL BPM25007 VERTEX BEIGE - Revolution Padel Store","isPartOf":{"@id":"https:\/\/revolutionpadelstore.com\/pt-pt\/#website"},"primaryImageOfPage":{"@id":"https:\/\/revolutionpadelstore.com\/pt-pt\/produto\/mochila-bullpadel-bpm25007-vertex-beige-5\/#primaryimage"},"image":{"@id":"https:\/\/revolutionpadelstore.com\/pt-pt\/produto\/mochila-bullpadel-bpm25007-vertex-beige-5\/#primaryimage"},"thumbnailUrl":"https:\/\/revolutionpadelstore.com\/wp-content\/uploads\/2024\/11\/113788-mochila-bullpadel-bpm25007-vertex-448166-1500x1500-1.webp","datePublished":"2024-11-25T00:30:23+00:00","dateModified":"2026-04-08T08:08:35+00:00","description":"La mochila Bullpadel Vertex Beige est\u00e1 pensada para acompa\u00f1arte en cada partido o entrenamiento y brindarte total comodidad y estilo moderno. Este modelo incluye un amplio compartimento principal donde puedes guardar tu equipo de p\u00e1del y otros accesorios esenciales. Adem\u00e1s, su compartimento thermo reforzado protege hasta dos palas de las temperaturas extremas, garantizando un \u00f3ptimo rendimiento.","breadcrumb":{"@id":"https:\/\/revolutionpadelstore.com\/pt-pt\/produto\/mochila-bullpadel-bpm25007-vertex-beige-5\/#breadcrumb"},"inLanguage":"pt-PT","potentialAction":[{"@type":"ReadAction","target":["https:\/\/revolutionpadelstore.com\/pt-pt\/produto\/mochila-bullpadel-bpm25007-vertex-beige-5\/"]}]},{"@type":"ImageObject","inLanguage":"pt-PT","@id":"https:\/\/revolutionpadelstore.com\/pt-pt\/produto\/mochila-bullpadel-bpm25007-vertex-beige-5\/#primaryimage","url":"https:\/\/revolutionpadelstore.com\/wp-content\/uploads\/2024\/11\/113788-mochila-bullpadel-bpm25007-vertex-448166-1500x1500-1.webp","contentUrl":"https:\/\/revolutionpadelstore.com\/wp-content\/uploads\/2024\/11\/113788-mochila-bullpadel-bpm25007-vertex-448166-1500x1500-1.webp","width":1500,"height":1500},{"@type":"BreadcrumbList","@id":"https:\/\/revolutionpadelstore.com\/pt-pt\/produto\/mochila-bullpadel-bpm25007-vertex-beige-5\/#breadcrumb","itemListElement":[{"@type":"ListItem","position":1,"name":"Portada","item":"https:\/\/revolutionpadelstore.com\/pt-pt\/"},{"@type":"ListItem","position":2,"name":"Tienda","item":"https:\/\/revolutionpadelstore.com\/pt-pt\/tienda\/"},{"@type":"ListItem","position":3,"name":"MOCHILA BULLPADEL BPM25007 VERTEX BEIGE"}]},{"@type":"WebSite","@id":"https:\/\/revolutionpadelstore.com\/pt-pt\/#website","url":"https:\/\/revolutionpadelstore.com\/pt-pt\/","name":"Revolution Padel Store","description":"","publisher":{"@id":"https:\/\/revolutionpadelstore.com\/pt-pt\/#organization"},"potentialAction":[{"@type":"SearchAction","target":{"@type":"EntryPoint","urlTemplate":"https:\/\/revolutionpadelstore.com\/pt-pt\/?s={search_term_string}"},"query-input":{"@type":"PropertyValueSpecification","valueRequired":true,"valueName":"search_term_string"}}],"inLanguage":"pt-PT"},{"@type":"Organization","@id":"https:\/\/revolutionpadelstore.com\/pt-pt\/#organization","name":"Revolution Padel Store","url":"https:\/\/revolutionpadelstore.com\/pt-pt\/","logo":{"@type":"ImageObject","inLanguage":"pt-PT","@id":"https:\/\/revolutionpadelstore.com\/pt-pt\/#\/schema\/logo\/image\/","url":"https:\/\/revolutionpadelstore.com\/wp-content\/uploads\/2026\/02\/revolution-padel-store.jpg","contentUrl":"https:\/\/revolutionpadelstore.com\/wp-content\/uploads\/2026\/02\/revolution-padel-store.jpg","width":2000,"height":2000,"caption":"Revolution Padel Store"},"image":{"@id":"https:\/\/revolutionpadelstore.com\/pt-pt\/#\/schema\/logo\/image\/"},"sameAs":["https:\/\/www.instagram.com\/revolutionpadelstore\/"]}]}},"_links":{"self":[{"href":"https:\/\/revolutionpadelstore.com\/pt-pt\/wp-json\/wp\/v2\/product\/128449","targetHints":{"allow":["GET"]}}],"collection":[{"href":"https:\/\/revolutionpadelstore.com\/pt-pt\/wp-json\/wp\/v2\/product"}],"about":[{"href":"https:\/\/revolutionpadelstore.com\/pt-pt\/wp-json\/wp\/v2\/types\/product"}],"replies":[{"embeddable":true,"href":"https:\/\/revolutionpadelstore.com\/pt-pt\/wp-json\/wp\/v2\/comments?post=128449"}],"wp:featuredmedia":[{"embeddable":true,"href":"https:\/\/revolutionpadelstore.com\/pt-pt\/wp-json\/wp\/v2\/media\/124753"}],"wp:attachment":[{"href":"https:\/\/revolutionpadelstore.com\/pt-pt\/wp-json\/wp\/v2\/media?parent=128449"}],"wp:term":[{"taxonomy":"acabado","embeddable":true,"href":"https:\/\/revolutionpadelstore.com\/pt-pt\/wp-json\/wp\/v2\/acabado?post=128449"},{"taxonomy":"balance","embeddable":true,"href":"https:\/\/revolutionpadelstore.com\/pt-pt\/wp-json\/wp\/v2\/balance?post=128449"},{"taxonomy":"dureza","embeddable":true,"href":"https:\/\/revolutionpadelstore.com\/pt-pt\/wp-json\/wp\/v2\/dureza?post=128449"},{"taxonomy":"forma","embeddable":true,"href":"https:\/\/revolutionpadelstore.com\/pt-pt\/wp-json\/wp\/v2\/forma?post=128449"},{"taxonomy":"jugador","embeddable":true,"href":"https:\/\/revolutionpadelstore.com\/pt-pt\/wp-json\/wp\/v2\/jugador?post=128449"},{"taxonomy":"marca","embeddable":true,"href":"https:\/\/revolutionpadelstore.com\/pt-pt\/wp-json\/wp\/v2\/marca?post=128449"},{"taxonomy":"nivel-de-juego","embeddable":true,"href":"https:\/\/revolutionpadelstore.com\/pt-pt\/wp-json\/wp\/v2\/nivel-de-juego?post=128449"},{"taxonomy":"superficie","embeddable":true,"href":"https:\/\/revolutionpadelstore.com\/pt-pt\/wp-json\/wp\/v2\/superficie?post=128449"},{"taxonomy":"tipo-de-juego","embeddable":true,"href":"https:\/\/revolutionpadelstore.com\/pt-pt\/wp-json\/wp\/v2\/tipo-de-juego?post=128449"},{"taxonomy":"product_brand","embeddable":true,"href":"https:\/\/revolutionpadelstore.com\/pt-pt\/wp-json\/wp\/v2\/product_brand?post=128449"},{"taxonomy":"product_cat","embeddable":true,"href":"https:\/\/revolutionpadelstore.com\/pt-pt\/wp-json\/wp\/v2\/product_cat?post=128449"},{"taxonomy":"product_tag","embeddable":true,"href":"https:\/\/revolutionpadelstore.com\/pt-pt\/wp-json\/wp\/v2\/product_tag?post=128449"}],"curies":[{"name":"wp","href":"https:\/\/api.w.org\/{rel}","templated":true}]}}