{"id":128443,"date":"2024-11-21T10:17:02","date_gmt":"2024-11-21T09:17:02","guid":{"rendered":"https:\/\/revolutionpadelstore.com\/mochila-bullpadel-bpm25007-vertex-negro\/"},"modified":"2026-04-08T10:13:37","modified_gmt":"2026-04-08T08:13:37","slug":"mochila-bullpadel-bpm25007-vertex-005-negro-5","status":"publish","type":"product","link":"https:\/\/revolutionpadelstore.com\/pt-pt\/produto\/mochila-bullpadel-bpm25007-vertex-005-negro-5\/","title":{"rendered":"MOCHILA BULLPADEL BPM25007 VERTEX 005 NEGRO"},"content":{"rendered":"<p><H2> bullpadel bpm25007 mochila preta <\/h2>\n<p>A mochila t\u00e9cnica de bullpadel v\u00e9rtice em preto foi projetada para atender \u00e0s demandas dos jogadores mais avan\u00e7ados, oferecendo uma combina\u00e7\u00e3o de funcionalidade, durabilidade e um design inovador. Sua principal capacidade de grande capacidade permite transportar tudo o que \u00e9 necess\u00e1rio para o seu treinamento ou correspond\u00eancias, enquanto seu compartimento t\u00e9rmico refor\u00e7ado visa salvar e proteger at\u00e9 duas l\u00e2minas de paddle, protegendo -as das mudan\u00e7as de temperatura.<br \/>\n<H3> <strong> organiza\u00e7\u00e3o eficiente <\/strong> <\/h3>\n<p>Para uma organiza\u00e7\u00e3o melhor, inclui um espa\u00e7o separado com um sistema de ventila\u00e7\u00e3o para cal\u00e7ados, que impede o ac\u00famulo de maus odores. Al\u00e9m disso, possui um bolso acolchoado que garante a seguran\u00e7a e prote\u00e7\u00e3o de dispositivos eletr\u00f4nicos, como tablets ou laptops.<\/p>\n<p>Com um design ergon\u00f4mico nas costas, possui peda\u00e7os de borracha de espuma que melhoram a ventila\u00e7\u00e3o e proporcionam conforto excepcional, mesmo em longas viagens, gra\u00e7as ao seu excelente amortecimento. A al\u00e7a peitoral ajust\u00e1vel garante um ajuste firme e confort\u00e1vel, permitindo liberdade de movimento e estabilidade.<\/p>\n<p>Em um de seus lados, ele tem um bolso adicional adicional para usar uma bola de bolas ou pequenos acess\u00f3rios. Esta mochila bullpadel v\u00e9rtice n\u00e3o \u00e9 apenas o complemento perfeito para a p\u00e1 de bullpadel Vertex 04, mas tamb\u00e9m se destaca por seu estilo, resist\u00eancia e praticidade, tornando -o um acess\u00f3rio essencial para qualquer jogador de paddle.<\/p>\n<h2>Mochila Bullpadel BPM25007 Negro<\/h2>\n","protected":false},"excerpt":{"rendered":"<p>Bullpadel Backpack Vertex BPM25007 Na cor preta, com compartimento com ventila\u00e7\u00e3o para cal\u00e7ados e espa\u00e7o com Thermmo refor\u00e7ado com capacidade para duas l\u00e2minas. Transporte confort\u00e1vel e seguro gra\u00e7as \u00e0s suas tiras ajust\u00e1veis.<\/p>\n","protected":false},"featured_media":124821,"comment_status":"open","ping_status":"closed","template":"","meta":{"_acf_changed":false,"_joinchat":[]},"acabado":[],"balance":[],"dureza":[],"forma":[],"jugador":[],"marca":[1255],"nivel-de-juego":[],"superficie":[],"tipo-de-juego":[],"product_brand":[],"product_cat":[316],"product_tag":[],"class_list":{"0":"post-128443","1":"product","2":"type-product","3":"status-publish","4":"has-post-thumbnail","6":"marca-bullpadel-pt-pt","7":"product_cat-bolsas-pt-pt","9":"first","10":"outofstock","11":"sale","12":"taxable","13":"shipping-taxable","14":"purchasable","15":"product-type-simple"},"acf":[],"yoast_head":"<!-- This site is optimized with the Yoast SEO plugin v27.4 - https:\/\/yoast.com\/product\/yoast-seo-wordpress\/ -->\n<title>MOCHILA BULLPADEL BPM25007 VERTEX 005 NEGRO - Revolution Padel Store<\/title>\n<meta name=\"description\" content=\"La mochila t\u00e9cnica Bullpadel Vertex en color negro ha sido dise\u00f1ada espec\u00edficamente para satisfacer las necesidades de los jugadores m\u00e1s exigentes, ofreciendo funcionalidad, durabilidad y un dise\u00f1o innovador. Con un compartimento principal amplio, esta mochila deportiva para hombre permite transportar todo lo necesario para tus entrenamientos o partidos. Adem\u00e1s, incluye un compartimento con thermo reforzado, con capacidad de guardar y proteger hasta dos palas de p\u00e1del de los cambios bruscos de temperatura.\" \/>\n<meta name=\"robots\" content=\"index, follow, max-snippet:-1, max-image-preview:large, max-video-preview:-1\" \/>\n<link rel=\"canonical\" href=\"https:\/\/revolutionpadelstore.com\/pt-pt\/produto\/mochila-bullpadel-bpm25007-vertex-005-negro-5\/\" \/>\n<meta property=\"og:locale\" content=\"pt_PT\" \/>\n<meta property=\"og:type\" content=\"article\" \/>\n<meta property=\"og:title\" content=\"MOCHILA BULLPADEL BPM25007 VERTEX 005 NEGRO - Revolution Padel Store\" \/>\n<meta property=\"og:description\" content=\"La mochila t\u00e9cnica Bullpadel Vertex en color negro ha sido dise\u00f1ada espec\u00edficamente para satisfacer las necesidades de los jugadores m\u00e1s exigentes, ofreciendo funcionalidad, durabilidad y un dise\u00f1o innovador. Con un compartimento principal amplio, esta mochila deportiva para hombre permite transportar todo lo necesario para tus entrenamientos o partidos. Adem\u00e1s, incluye un compartimento con thermo reforzado, con capacidad de guardar y proteger hasta dos palas de p\u00e1del de los cambios bruscos de temperatura.\" \/>\n<meta property=\"og:url\" content=\"https:\/\/revolutionpadelstore.com\/pt-pt\/produto\/mochila-bullpadel-bpm25007-vertex-005-negro-5\/\" \/>\n<meta property=\"og:site_name\" content=\"Revolution Padel Store\" \/>\n<meta property=\"article:modified_time\" content=\"2026-04-08T08:13:37+00:00\" \/>\n<meta property=\"og:image\" content=\"https:\/\/revolutionpadelstore.com\/wp-content\/uploads\/2024\/11\/113787-mochila-bullpadel-bpm25007-vertex-448165-1500x1500-1.webp\" \/>\n\t<meta property=\"og:image:width\" content=\"1500\" \/>\n\t<meta property=\"og:image:height\" content=\"1500\" \/>\n\t<meta property=\"og:image:type\" content=\"image\/webp\" \/>\n<meta name=\"twitter:card\" content=\"summary_large_image\" \/>\n<meta name=\"twitter:label1\" content=\"Tempo estimado de leitura\" \/>\n\t<meta name=\"twitter:data1\" content=\"2 minutos\" \/>\n<script type=\"application\/ld+json\" class=\"yoast-schema-graph\">{\"@context\":\"https:\\\/\\\/schema.org\",\"@graph\":[{\"@type\":\"WebPage\",\"@id\":\"https:\\\/\\\/revolutionpadelstore.com\\\/pt-pt\\\/produto\\\/mochila-bullpadel-bpm25007-vertex-005-negro-5\\\/\",\"url\":\"https:\\\/\\\/revolutionpadelstore.com\\\/pt-pt\\\/produto\\\/mochila-bullpadel-bpm25007-vertex-005-negro-5\\\/\",\"name\":\"MOCHILA BULLPADEL BPM25007 VERTEX 005 NEGRO - Revolution Padel Store\",\"isPartOf\":{\"@id\":\"https:\\\/\\\/revolutionpadelstore.com\\\/pt-pt\\\/#website\"},\"primaryImageOfPage\":{\"@id\":\"https:\\\/\\\/revolutionpadelstore.com\\\/pt-pt\\\/produto\\\/mochila-bullpadel-bpm25007-vertex-005-negro-5\\\/#primaryimage\"},\"image\":{\"@id\":\"https:\\\/\\\/revolutionpadelstore.com\\\/pt-pt\\\/produto\\\/mochila-bullpadel-bpm25007-vertex-005-negro-5\\\/#primaryimage\"},\"thumbnailUrl\":\"https:\\\/\\\/revolutionpadelstore.com\\\/wp-content\\\/uploads\\\/2024\\\/11\\\/113787-mochila-bullpadel-bpm25007-vertex-448165-1500x1500-1.webp\",\"datePublished\":\"2024-11-21T09:17:02+00:00\",\"dateModified\":\"2026-04-08T08:13:37+00:00\",\"description\":\"La mochila t\u00e9cnica Bullpadel Vertex en color negro ha sido dise\u00f1ada espec\u00edficamente para satisfacer las necesidades de los jugadores m\u00e1s exigentes, ofreciendo funcionalidad, durabilidad y un dise\u00f1o innovador. Con un compartimento principal amplio, esta mochila deportiva para hombre permite transportar todo lo necesario para tus entrenamientos o partidos. Adem\u00e1s, incluye un compartimento con thermo reforzado, con capacidad de guardar y proteger hasta dos palas de p\u00e1del de los cambios bruscos de temperatura.\",\"breadcrumb\":{\"@id\":\"https:\\\/\\\/revolutionpadelstore.com\\\/pt-pt\\\/produto\\\/mochila-bullpadel-bpm25007-vertex-005-negro-5\\\/#breadcrumb\"},\"inLanguage\":\"pt-PT\",\"potentialAction\":[{\"@type\":\"ReadAction\",\"target\":[\"https:\\\/\\\/revolutionpadelstore.com\\\/pt-pt\\\/produto\\\/mochila-bullpadel-bpm25007-vertex-005-negro-5\\\/\"]}]},{\"@type\":\"ImageObject\",\"inLanguage\":\"pt-PT\",\"@id\":\"https:\\\/\\\/revolutionpadelstore.com\\\/pt-pt\\\/produto\\\/mochila-bullpadel-bpm25007-vertex-005-negro-5\\\/#primaryimage\",\"url\":\"https:\\\/\\\/revolutionpadelstore.com\\\/wp-content\\\/uploads\\\/2024\\\/11\\\/113787-mochila-bullpadel-bpm25007-vertex-448165-1500x1500-1.webp\",\"contentUrl\":\"https:\\\/\\\/revolutionpadelstore.com\\\/wp-content\\\/uploads\\\/2024\\\/11\\\/113787-mochila-bullpadel-bpm25007-vertex-448165-1500x1500-1.webp\",\"width\":1500,\"height\":1500},{\"@type\":\"BreadcrumbList\",\"@id\":\"https:\\\/\\\/revolutionpadelstore.com\\\/pt-pt\\\/produto\\\/mochila-bullpadel-bpm25007-vertex-005-negro-5\\\/#breadcrumb\",\"itemListElement\":[{\"@type\":\"ListItem\",\"position\":1,\"name\":\"Portada\",\"item\":\"https:\\\/\\\/revolutionpadelstore.com\\\/pt-pt\\\/\"},{\"@type\":\"ListItem\",\"position\":2,\"name\":\"Tienda\",\"item\":\"https:\\\/\\\/revolutionpadelstore.com\\\/pt-pt\\\/tienda\\\/\"},{\"@type\":\"ListItem\",\"position\":3,\"name\":\"MOCHILA BULLPADEL BPM25007 VERTEX 005 NEGRO\"}]},{\"@type\":\"WebSite\",\"@id\":\"https:\\\/\\\/revolutionpadelstore.com\\\/pt-pt\\\/#website\",\"url\":\"https:\\\/\\\/revolutionpadelstore.com\\\/pt-pt\\\/\",\"name\":\"Revolution Padel Store\",\"description\":\"\",\"publisher\":{\"@id\":\"https:\\\/\\\/revolutionpadelstore.com\\\/pt-pt\\\/#organization\"},\"potentialAction\":[{\"@type\":\"SearchAction\",\"target\":{\"@type\":\"EntryPoint\",\"urlTemplate\":\"https:\\\/\\\/revolutionpadelstore.com\\\/pt-pt\\\/?s={search_term_string}\"},\"query-input\":{\"@type\":\"PropertyValueSpecification\",\"valueRequired\":true,\"valueName\":\"search_term_string\"}}],\"inLanguage\":\"pt-PT\"},{\"@type\":\"Organization\",\"@id\":\"https:\\\/\\\/revolutionpadelstore.com\\\/pt-pt\\\/#organization\",\"name\":\"Revolution Padel Store\",\"url\":\"https:\\\/\\\/revolutionpadelstore.com\\\/pt-pt\\\/\",\"logo\":{\"@type\":\"ImageObject\",\"inLanguage\":\"pt-PT\",\"@id\":\"https:\\\/\\\/revolutionpadelstore.com\\\/pt-pt\\\/#\\\/schema\\\/logo\\\/image\\\/\",\"url\":\"https:\\\/\\\/revolutionpadelstore.com\\\/wp-content\\\/uploads\\\/2026\\\/02\\\/revolution-padel-store.jpg\",\"contentUrl\":\"https:\\\/\\\/revolutionpadelstore.com\\\/wp-content\\\/uploads\\\/2026\\\/02\\\/revolution-padel-store.jpg\",\"width\":2000,\"height\":2000,\"caption\":\"Revolution Padel Store\"},\"image\":{\"@id\":\"https:\\\/\\\/revolutionpadelstore.com\\\/pt-pt\\\/#\\\/schema\\\/logo\\\/image\\\/\"},\"sameAs\":[\"https:\\\/\\\/www.instagram.com\\\/revolutionpadelstore\\\/\"]}]}<\/script>\n<!-- \/ Yoast SEO plugin. -->","yoast_head_json":{"title":"MOCHILA BULLPADEL BPM25007 VERTEX 005 NEGRO - Revolution Padel Store","description":"La mochila t\u00e9cnica Bullpadel Vertex en color negro ha sido dise\u00f1ada espec\u00edficamente para satisfacer las necesidades de los jugadores m\u00e1s exigentes, ofreciendo funcionalidad, durabilidad y un dise\u00f1o innovador. Con un compartimento principal amplio, esta mochila deportiva para hombre permite transportar todo lo necesario para tus entrenamientos o partidos. Adem\u00e1s, incluye un compartimento con thermo reforzado, con capacidad de guardar y proteger hasta dos palas de p\u00e1del de los cambios bruscos de temperatura.","robots":{"index":"index","follow":"follow","max-snippet":"max-snippet:-1","max-image-preview":"max-image-preview:large","max-video-preview":"max-video-preview:-1"},"canonical":"https:\/\/revolutionpadelstore.com\/pt-pt\/produto\/mochila-bullpadel-bpm25007-vertex-005-negro-5\/","og_locale":"pt_PT","og_type":"article","og_title":"MOCHILA BULLPADEL BPM25007 VERTEX 005 NEGRO - Revolution Padel Store","og_description":"La mochila t\u00e9cnica Bullpadel Vertex en color negro ha sido dise\u00f1ada espec\u00edficamente para satisfacer las necesidades de los jugadores m\u00e1s exigentes, ofreciendo funcionalidad, durabilidad y un dise\u00f1o innovador. Con un compartimento principal amplio, esta mochila deportiva para hombre permite transportar todo lo necesario para tus entrenamientos o partidos. Adem\u00e1s, incluye un compartimento con thermo reforzado, con capacidad de guardar y proteger hasta dos palas de p\u00e1del de los cambios bruscos de temperatura.","og_url":"https:\/\/revolutionpadelstore.com\/pt-pt\/produto\/mochila-bullpadel-bpm25007-vertex-005-negro-5\/","og_site_name":"Revolution Padel Store","article_modified_time":"2026-04-08T08:13:37+00:00","og_image":[{"width":1500,"height":1500,"url":"https:\/\/revolutionpadelstore.com\/wp-content\/uploads\/2024\/11\/113787-mochila-bullpadel-bpm25007-vertex-448165-1500x1500-1.webp","type":"image\/webp"}],"twitter_card":"summary_large_image","twitter_misc":{"Tempo estimado de leitura":"2 minutos"},"schema":{"@context":"https:\/\/schema.org","@graph":[{"@type":"WebPage","@id":"https:\/\/revolutionpadelstore.com\/pt-pt\/produto\/mochila-bullpadel-bpm25007-vertex-005-negro-5\/","url":"https:\/\/revolutionpadelstore.com\/pt-pt\/produto\/mochila-bullpadel-bpm25007-vertex-005-negro-5\/","name":"MOCHILA BULLPADEL BPM25007 VERTEX 005 NEGRO - Revolution Padel Store","isPartOf":{"@id":"https:\/\/revolutionpadelstore.com\/pt-pt\/#website"},"primaryImageOfPage":{"@id":"https:\/\/revolutionpadelstore.com\/pt-pt\/produto\/mochila-bullpadel-bpm25007-vertex-005-negro-5\/#primaryimage"},"image":{"@id":"https:\/\/revolutionpadelstore.com\/pt-pt\/produto\/mochila-bullpadel-bpm25007-vertex-005-negro-5\/#primaryimage"},"thumbnailUrl":"https:\/\/revolutionpadelstore.com\/wp-content\/uploads\/2024\/11\/113787-mochila-bullpadel-bpm25007-vertex-448165-1500x1500-1.webp","datePublished":"2024-11-21T09:17:02+00:00","dateModified":"2026-04-08T08:13:37+00:00","description":"La mochila t\u00e9cnica Bullpadel Vertex en color negro ha sido dise\u00f1ada espec\u00edficamente para satisfacer las necesidades de los jugadores m\u00e1s exigentes, ofreciendo funcionalidad, durabilidad y un dise\u00f1o innovador. Con un compartimento principal amplio, esta mochila deportiva para hombre permite transportar todo lo necesario para tus entrenamientos o partidos. Adem\u00e1s, incluye un compartimento con thermo reforzado, con capacidad de guardar y proteger hasta dos palas de p\u00e1del de los cambios bruscos de temperatura.","breadcrumb":{"@id":"https:\/\/revolutionpadelstore.com\/pt-pt\/produto\/mochila-bullpadel-bpm25007-vertex-005-negro-5\/#breadcrumb"},"inLanguage":"pt-PT","potentialAction":[{"@type":"ReadAction","target":["https:\/\/revolutionpadelstore.com\/pt-pt\/produto\/mochila-bullpadel-bpm25007-vertex-005-negro-5\/"]}]},{"@type":"ImageObject","inLanguage":"pt-PT","@id":"https:\/\/revolutionpadelstore.com\/pt-pt\/produto\/mochila-bullpadel-bpm25007-vertex-005-negro-5\/#primaryimage","url":"https:\/\/revolutionpadelstore.com\/wp-content\/uploads\/2024\/11\/113787-mochila-bullpadel-bpm25007-vertex-448165-1500x1500-1.webp","contentUrl":"https:\/\/revolutionpadelstore.com\/wp-content\/uploads\/2024\/11\/113787-mochila-bullpadel-bpm25007-vertex-448165-1500x1500-1.webp","width":1500,"height":1500},{"@type":"BreadcrumbList","@id":"https:\/\/revolutionpadelstore.com\/pt-pt\/produto\/mochila-bullpadel-bpm25007-vertex-005-negro-5\/#breadcrumb","itemListElement":[{"@type":"ListItem","position":1,"name":"Portada","item":"https:\/\/revolutionpadelstore.com\/pt-pt\/"},{"@type":"ListItem","position":2,"name":"Tienda","item":"https:\/\/revolutionpadelstore.com\/pt-pt\/tienda\/"},{"@type":"ListItem","position":3,"name":"MOCHILA BULLPADEL BPM25007 VERTEX 005 NEGRO"}]},{"@type":"WebSite","@id":"https:\/\/revolutionpadelstore.com\/pt-pt\/#website","url":"https:\/\/revolutionpadelstore.com\/pt-pt\/","name":"Revolution Padel Store","description":"","publisher":{"@id":"https:\/\/revolutionpadelstore.com\/pt-pt\/#organization"},"potentialAction":[{"@type":"SearchAction","target":{"@type":"EntryPoint","urlTemplate":"https:\/\/revolutionpadelstore.com\/pt-pt\/?s={search_term_string}"},"query-input":{"@type":"PropertyValueSpecification","valueRequired":true,"valueName":"search_term_string"}}],"inLanguage":"pt-PT"},{"@type":"Organization","@id":"https:\/\/revolutionpadelstore.com\/pt-pt\/#organization","name":"Revolution Padel Store","url":"https:\/\/revolutionpadelstore.com\/pt-pt\/","logo":{"@type":"ImageObject","inLanguage":"pt-PT","@id":"https:\/\/revolutionpadelstore.com\/pt-pt\/#\/schema\/logo\/image\/","url":"https:\/\/revolutionpadelstore.com\/wp-content\/uploads\/2026\/02\/revolution-padel-store.jpg","contentUrl":"https:\/\/revolutionpadelstore.com\/wp-content\/uploads\/2026\/02\/revolution-padel-store.jpg","width":2000,"height":2000,"caption":"Revolution Padel Store"},"image":{"@id":"https:\/\/revolutionpadelstore.com\/pt-pt\/#\/schema\/logo\/image\/"},"sameAs":["https:\/\/www.instagram.com\/revolutionpadelstore\/"]}]}},"_links":{"self":[{"href":"https:\/\/revolutionpadelstore.com\/pt-pt\/wp-json\/wp\/v2\/product\/128443","targetHints":{"allow":["GET"]}}],"collection":[{"href":"https:\/\/revolutionpadelstore.com\/pt-pt\/wp-json\/wp\/v2\/product"}],"about":[{"href":"https:\/\/revolutionpadelstore.com\/pt-pt\/wp-json\/wp\/v2\/types\/product"}],"replies":[{"embeddable":true,"href":"https:\/\/revolutionpadelstore.com\/pt-pt\/wp-json\/wp\/v2\/comments?post=128443"}],"wp:featuredmedia":[{"embeddable":true,"href":"https:\/\/revolutionpadelstore.com\/pt-pt\/wp-json\/wp\/v2\/media\/124821"}],"wp:attachment":[{"href":"https:\/\/revolutionpadelstore.com\/pt-pt\/wp-json\/wp\/v2\/media?parent=128443"}],"wp:term":[{"taxonomy":"acabado","embeddable":true,"href":"https:\/\/revolutionpadelstore.com\/pt-pt\/wp-json\/wp\/v2\/acabado?post=128443"},{"taxonomy":"balance","embeddable":true,"href":"https:\/\/revolutionpadelstore.com\/pt-pt\/wp-json\/wp\/v2\/balance?post=128443"},{"taxonomy":"dureza","embeddable":true,"href":"https:\/\/revolutionpadelstore.com\/pt-pt\/wp-json\/wp\/v2\/dureza?post=128443"},{"taxonomy":"forma","embeddable":true,"href":"https:\/\/revolutionpadelstore.com\/pt-pt\/wp-json\/wp\/v2\/forma?post=128443"},{"taxonomy":"jugador","embeddable":true,"href":"https:\/\/revolutionpadelstore.com\/pt-pt\/wp-json\/wp\/v2\/jugador?post=128443"},{"taxonomy":"marca","embeddable":true,"href":"https:\/\/revolutionpadelstore.com\/pt-pt\/wp-json\/wp\/v2\/marca?post=128443"},{"taxonomy":"nivel-de-juego","embeddable":true,"href":"https:\/\/revolutionpadelstore.com\/pt-pt\/wp-json\/wp\/v2\/nivel-de-juego?post=128443"},{"taxonomy":"superficie","embeddable":true,"href":"https:\/\/revolutionpadelstore.com\/pt-pt\/wp-json\/wp\/v2\/superficie?post=128443"},{"taxonomy":"tipo-de-juego","embeddable":true,"href":"https:\/\/revolutionpadelstore.com\/pt-pt\/wp-json\/wp\/v2\/tipo-de-juego?post=128443"},{"taxonomy":"product_brand","embeddable":true,"href":"https:\/\/revolutionpadelstore.com\/pt-pt\/wp-json\/wp\/v2\/product_brand?post=128443"},{"taxonomy":"product_cat","embeddable":true,"href":"https:\/\/revolutionpadelstore.com\/pt-pt\/wp-json\/wp\/v2\/product_cat?post=128443"},{"taxonomy":"product_tag","embeddable":true,"href":"https:\/\/revolutionpadelstore.com\/pt-pt\/wp-json\/wp\/v2\/product_tag?post=128443"}],"curies":[{"name":"wp","href":"https:\/\/api.w.org\/{rel}","templated":true}]}}